{"id":4607,"date":"2025-11-25T16:50:27","date_gmt":"2025-11-25T15:50:27","guid":{"rendered":"https:\/\/alpen-markt.ch\/produkt\/if-you-care-papier-de-cuisson\/"},"modified":"2025-11-25T16:50:27","modified_gmt":"2025-11-25T15:50:27","slug":"if-you-care-papier-de-cuisson","status":"publish","type":"product","link":"https:\/\/alpen-markt.ch\/fr\/produkt\/if-you-care-papier-de-cuisson\/","title":{"rendered":"If you care &#8211; Papier de cuisson"},"content":{"rendered":"<p>Feuilles, 100 % bois ou fibres FSC, compostables<\/p>\n<p>Le papier de cuisson if-you-care est une alternative \u00e9cologique.<\/p>\n<p>Ce papier 100 % non blanchi, sans p\u00e9trole et issu \u00e0 100 % de ressources renouvelables, peut \u00eatre facilement \u00e9limin\u00e9 dans le compost.<\/p>\n<p>24 feuilles<\/p>\n<p>La d\u00e9coupe du papier sulfuris\u00e9 facilite encore davantage la cuisson. Pas besoin de couper ni de d\u00e9chirer, les d\u00e9coupes pratiques facilitent la manipulation. Parfaitement adapt\u00e9 aux g\u00e2teaux, pizzas, biscuits et poissons. Utilisation : r\u00e9sistant au four jusqu&rsquo;\u00e0 220 \u00b0C, adapt\u00e9 au micro-ondes.   <\/p>\n","protected":false},"excerpt":{"rendered":"<p>Feuilles, 100 % bois ou fibres FSC, compostables Le papier de cuisson if-you-care est une alternative \u00e9cologique. Ce papier 100 % non blanchi, sans p\u00e9trole et issu \u00e0 100 % de ressources renouvelables, peut \u00eatre facilement \u00e9limin\u00e9 dans le compost. 24 feuilles La d\u00e9coupe du papier sulfuris\u00e9 facilite encore davantage la cuisson. Pas besoin de [&hellip;]<\/p>\n","protected":false},"featured_media":4608,"template":"","meta":[],"product_brand":[],"product_cat":[84],"product_tag":[],"class_list":{"0":"post-4607","1":"product","2":"type-product","3":"status-publish","4":"has-post-thumbnail","6":"product_cat-blancheur-des-glaciers-nettoyage-menage","8":"first","9":"instock","10":"taxable","11":"shipping-taxable","12":"purchasable","13":"product-type-simple"},"yoast_head":"<!-- This site is optimized with the Yoast SEO plugin v27.4 - https:\/\/yoast.com\/product\/yoast-seo-wordpress\/ -->\n<title>If you care - Papier de cuisson - Alpenmarkt<\/title>\n<meta name=\"robots\" content=\"index, follow, max-snippet:-1, max-image-preview:large, max-video-preview:-1\" \/>\n<link rel=\"canonical\" href=\"https:\/\/alpen-markt.ch\/fr\/produkt\/if-you-care-papier-de-cuisson\/\" \/>\n<meta property=\"og:locale\" content=\"fr_FR\" \/>\n<meta property=\"og:type\" content=\"article\" \/>\n<meta property=\"og:title\" content=\"If you care - Papier de cuisson - Alpenmarkt\" \/>\n<meta property=\"og:description\" content=\"Feuilles, 100 % bois ou fibres FSC, compostables Le papier de cuisson if-you-care est une alternative \u00e9cologique. Ce papier 100 % non blanchi, sans p\u00e9trole et issu \u00e0 100 % de ressources renouvelables, peut \u00eatre facilement \u00e9limin\u00e9 dans le compost. 24 feuilles La d\u00e9coupe du papier sulfuris\u00e9 facilite encore davantage la cuisson. Pas besoin de [&hellip;]\" \/>\n<meta property=\"og:url\" content=\"https:\/\/alpen-markt.ch\/fr\/produkt\/if-you-care-papier-de-cuisson\/\" \/>\n<meta property=\"og:site_name\" content=\"Alpenmarkt\" \/>\n<meta property=\"og:image\" content=\"https:\/\/alpen-markt.ch\/wp-content\/uploads\/2025\/11\/12c8fd3f-26bf-44e3-acc0-206bf6179661.png\" \/>\n\t<meta property=\"og:image:width\" content=\"500\" \/>\n\t<meta property=\"og:image:height\" content=\"500\" \/>\n\t<meta property=\"og:image:type\" content=\"image\/png\" \/>\n<meta name=\"twitter:card\" content=\"summary_large_image\" \/>\n<script type=\"application\/ld+json\" class=\"yoast-schema-graph\">{\"@context\":\"https:\\\/\\\/schema.org\",\"@graph\":[{\"@type\":\"WebPage\",\"@id\":\"https:\\\/\\\/alpen-markt.ch\\\/fr\\\/produkt\\\/if-you-care-papier-de-cuisson\\\/\",\"url\":\"https:\\\/\\\/alpen-markt.ch\\\/fr\\\/produkt\\\/if-you-care-papier-de-cuisson\\\/\",\"name\":\"If you care - Papier de cuisson - Alpenmarkt\",\"isPartOf\":{\"@id\":\"https:\\\/\\\/alpen-markt.ch\\\/fr\\\/#website\"},\"primaryImageOfPage\":{\"@id\":\"https:\\\/\\\/alpen-markt.ch\\\/fr\\\/produkt\\\/if-you-care-papier-de-cuisson\\\/#primaryimage\"},\"image\":{\"@id\":\"https:\\\/\\\/alpen-markt.ch\\\/fr\\\/produkt\\\/if-you-care-papier-de-cuisson\\\/#primaryimage\"},\"thumbnailUrl\":\"https:\\\/\\\/alpen-markt.ch\\\/wp-content\\\/uploads\\\/2025\\\/11\\\/12c8fd3f-26bf-44e3-acc0-206bf6179661.png\",\"datePublished\":\"2025-11-25T15:50:27+00:00\",\"breadcrumb\":{\"@id\":\"https:\\\/\\\/alpen-markt.ch\\\/fr\\\/produkt\\\/if-you-care-papier-de-cuisson\\\/#breadcrumb\"},\"inLanguage\":\"fr-FR\",\"potentialAction\":[{\"@type\":\"ReadAction\",\"target\":[\"https:\\\/\\\/alpen-markt.ch\\\/fr\\\/produkt\\\/if-you-care-papier-de-cuisson\\\/\"]}]},{\"@type\":\"ImageObject\",\"inLanguage\":\"fr-FR\",\"@id\":\"https:\\\/\\\/alpen-markt.ch\\\/fr\\\/produkt\\\/if-you-care-papier-de-cuisson\\\/#primaryimage\",\"url\":\"https:\\\/\\\/alpen-markt.ch\\\/wp-content\\\/uploads\\\/2025\\\/11\\\/12c8fd3f-26bf-44e3-acc0-206bf6179661.png\",\"contentUrl\":\"https:\\\/\\\/alpen-markt.ch\\\/wp-content\\\/uploads\\\/2025\\\/11\\\/12c8fd3f-26bf-44e3-acc0-206bf6179661.png\",\"width\":500,\"height\":500},{\"@type\":\"BreadcrumbList\",\"@id\":\"https:\\\/\\\/alpen-markt.ch\\\/fr\\\/produkt\\\/if-you-care-papier-de-cuisson\\\/#breadcrumb\",\"itemListElement\":[{\"@type\":\"ListItem\",\"position\":1,\"name\":\"Startseite\",\"item\":\"https:\\\/\\\/alpen-markt.ch\\\/fr\\\/home\\\/\"},{\"@type\":\"ListItem\",\"position\":2,\"name\":\"Boutique en ligne\",\"item\":\"https:\\\/\\\/alpen-markt.ch\\\/fr\\\/boutique-en-ligne\\\/\"},{\"@type\":\"ListItem\",\"position\":3,\"name\":\"If you care &#8211; Papier de cuisson\"}]},{\"@type\":\"WebSite\",\"@id\":\"https:\\\/\\\/alpen-markt.ch\\\/fr\\\/#website\",\"url\":\"https:\\\/\\\/alpen-markt.ch\\\/fr\\\/\",\"name\":\"Alpenmarkt\",\"description\":\"\",\"publisher\":{\"@id\":\"https:\\\/\\\/alpen-markt.ch\\\/fr\\\/#organization\"},\"potentialAction\":[{\"@type\":\"SearchAction\",\"target\":{\"@type\":\"EntryPoint\",\"urlTemplate\":\"https:\\\/\\\/alpen-markt.ch\\\/fr\\\/?s={search_term_string}\"},\"query-input\":{\"@type\":\"PropertyValueSpecification\",\"valueRequired\":true,\"valueName\":\"search_term_string\"}}],\"inLanguage\":\"fr-FR\"},{\"@type\":\"Organization\",\"@id\":\"https:\\\/\\\/alpen-markt.ch\\\/fr\\\/#organization\",\"name\":\"Alpenmarkt\",\"url\":\"https:\\\/\\\/alpen-markt.ch\\\/fr\\\/\",\"logo\":{\"@type\":\"ImageObject\",\"inLanguage\":\"fr-FR\",\"@id\":\"https:\\\/\\\/alpen-markt.ch\\\/fr\\\/#\\\/schema\\\/logo\\\/image\\\/\",\"url\":\"https:\\\/\\\/alpen-markt.ch\\\/wp-content\\\/uploads\\\/2025\\\/11\\\/logo-alpenmarkt.png\",\"contentUrl\":\"https:\\\/\\\/alpen-markt.ch\\\/wp-content\\\/uploads\\\/2025\\\/11\\\/logo-alpenmarkt.png\",\"width\":1048,\"height\":452,\"caption\":\"Alpenmarkt\"},\"image\":{\"@id\":\"https:\\\/\\\/alpen-markt.ch\\\/fr\\\/#\\\/schema\\\/logo\\\/image\\\/\"}}]}<\/script>\n<!-- \/ Yoast SEO plugin. -->","yoast_head_json":{"title":"If you care - Papier de cuisson - Alpenmarkt","robots":{"index":"index","follow":"follow","max-snippet":"max-snippet:-1","max-image-preview":"max-image-preview:large","max-video-preview":"max-video-preview:-1"},"canonical":"https:\/\/alpen-markt.ch\/fr\/produkt\/if-you-care-papier-de-cuisson\/","og_locale":"fr_FR","og_type":"article","og_title":"If you care - Papier de cuisson - Alpenmarkt","og_description":"Feuilles, 100 % bois ou fibres FSC, compostables Le papier de cuisson if-you-care est une alternative \u00e9cologique. Ce papier 100 % non blanchi, sans p\u00e9trole et issu \u00e0 100 % de ressources renouvelables, peut \u00eatre facilement \u00e9limin\u00e9 dans le compost. 24 feuilles La d\u00e9coupe du papier sulfuris\u00e9 facilite encore davantage la cuisson. Pas besoin de [&hellip;]","og_url":"https:\/\/alpen-markt.ch\/fr\/produkt\/if-you-care-papier-de-cuisson\/","og_site_name":"Alpenmarkt","og_image":[{"width":500,"height":500,"url":"https:\/\/alpen-markt.ch\/wp-content\/uploads\/2025\/11\/12c8fd3f-26bf-44e3-acc0-206bf6179661.png","type":"image\/png"}],"twitter_card":"summary_large_image","schema":{"@context":"https:\/\/schema.org","@graph":[{"@type":"WebPage","@id":"https:\/\/alpen-markt.ch\/fr\/produkt\/if-you-care-papier-de-cuisson\/","url":"https:\/\/alpen-markt.ch\/fr\/produkt\/if-you-care-papier-de-cuisson\/","name":"If you care - Papier de cuisson - Alpenmarkt","isPartOf":{"@id":"https:\/\/alpen-markt.ch\/fr\/#website"},"primaryImageOfPage":{"@id":"https:\/\/alpen-markt.ch\/fr\/produkt\/if-you-care-papier-de-cuisson\/#primaryimage"},"image":{"@id":"https:\/\/alpen-markt.ch\/fr\/produkt\/if-you-care-papier-de-cuisson\/#primaryimage"},"thumbnailUrl":"https:\/\/alpen-markt.ch\/wp-content\/uploads\/2025\/11\/12c8fd3f-26bf-44e3-acc0-206bf6179661.png","datePublished":"2025-11-25T15:50:27+00:00","breadcrumb":{"@id":"https:\/\/alpen-markt.ch\/fr\/produkt\/if-you-care-papier-de-cuisson\/#breadcrumb"},"inLanguage":"fr-FR","potentialAction":[{"@type":"ReadAction","target":["https:\/\/alpen-markt.ch\/fr\/produkt\/if-you-care-papier-de-cuisson\/"]}]},{"@type":"ImageObject","inLanguage":"fr-FR","@id":"https:\/\/alpen-markt.ch\/fr\/produkt\/if-you-care-papier-de-cuisson\/#primaryimage","url":"https:\/\/alpen-markt.ch\/wp-content\/uploads\/2025\/11\/12c8fd3f-26bf-44e3-acc0-206bf6179661.png","contentUrl":"https:\/\/alpen-markt.ch\/wp-content\/uploads\/2025\/11\/12c8fd3f-26bf-44e3-acc0-206bf6179661.png","width":500,"height":500},{"@type":"BreadcrumbList","@id":"https:\/\/alpen-markt.ch\/fr\/produkt\/if-you-care-papier-de-cuisson\/#breadcrumb","itemListElement":[{"@type":"ListItem","position":1,"name":"Startseite","item":"https:\/\/alpen-markt.ch\/fr\/home\/"},{"@type":"ListItem","position":2,"name":"Boutique en ligne","item":"https:\/\/alpen-markt.ch\/fr\/boutique-en-ligne\/"},{"@type":"ListItem","position":3,"name":"If you care &#8211; Papier de cuisson"}]},{"@type":"WebSite","@id":"https:\/\/alpen-markt.ch\/fr\/#website","url":"https:\/\/alpen-markt.ch\/fr\/","name":"Alpenmarkt","description":"","publisher":{"@id":"https:\/\/alpen-markt.ch\/fr\/#organization"},"potentialAction":[{"@type":"SearchAction","target":{"@type":"EntryPoint","urlTemplate":"https:\/\/alpen-markt.ch\/fr\/?s={search_term_string}"},"query-input":{"@type":"PropertyValueSpecification","valueRequired":true,"valueName":"search_term_string"}}],"inLanguage":"fr-FR"},{"@type":"Organization","@id":"https:\/\/alpen-markt.ch\/fr\/#organization","name":"Alpenmarkt","url":"https:\/\/alpen-markt.ch\/fr\/","logo":{"@type":"ImageObject","inLanguage":"fr-FR","@id":"https:\/\/alpen-markt.ch\/fr\/#\/schema\/logo\/image\/","url":"https:\/\/alpen-markt.ch\/wp-content\/uploads\/2025\/11\/logo-alpenmarkt.png","contentUrl":"https:\/\/alpen-markt.ch\/wp-content\/uploads\/2025\/11\/logo-alpenmarkt.png","width":1048,"height":452,"caption":"Alpenmarkt"},"image":{"@id":"https:\/\/alpen-markt.ch\/fr\/#\/schema\/logo\/image\/"}}]}},"_links":{"self":[{"href":"https:\/\/alpen-markt.ch\/fr\/wp-json\/wp\/v2\/product\/4607","targetHints":{"allow":["GET"]}}],"collection":[{"href":"https:\/\/alpen-markt.ch\/fr\/wp-json\/wp\/v2\/product"}],"about":[{"href":"https:\/\/alpen-markt.ch\/fr\/wp-json\/wp\/v2\/types\/product"}],"wp:featuredmedia":[{"embeddable":true,"href":"https:\/\/alpen-markt.ch\/fr\/wp-json\/wp\/v2\/media\/4608"}],"wp:attachment":[{"href":"https:\/\/alpen-markt.ch\/fr\/wp-json\/wp\/v2\/media?parent=4607"}],"wp:term":[{"taxonomy":"product_brand","embeddable":true,"href":"https:\/\/alpen-markt.ch\/fr\/wp-json\/wp\/v2\/product_brand?post=4607"},{"taxonomy":"product_cat","embeddable":true,"href":"https:\/\/alpen-markt.ch\/fr\/wp-json\/wp\/v2\/product_cat?post=4607"},{"taxonomy":"product_tag","embeddable":true,"href":"https:\/\/alpen-markt.ch\/fr\/wp-json\/wp\/v2\/product_tag?post=4607"}],"curies":[{"name":"wp","href":"https:\/\/api.w.org\/{rel}","templated":true}]}}