{"id":4570,"date":"2025-11-25T16:50:27","date_gmt":"2025-11-25T15:50:27","guid":{"rendered":"https:\/\/alpen-markt.ch\/produkt\/farfalla-spray-dambiance-relaxation\/"},"modified":"2025-11-25T16:50:27","modified_gmt":"2025-11-25T15:50:27","slug":"farfalla-spray-dambiance-relaxation","status":"publish","type":"product","link":"https:\/\/alpen-markt.ch\/fr\/produkt\/farfalla-spray-dambiance-relaxation\/","title":{"rendered":"Farfalla &#8211; Spray d&rsquo;ambiance Relaxation"},"content":{"rendered":"<p>Relaxante et apaisante, l&rsquo;huile essentielle de fleur d&rsquo;oranger apaise les tensions de la journ\u00e9e et aide \u00e0 l\u00e2cher prise. Son parfum frais, acidul\u00e9 et sucr\u00e9, redonne de l&rsquo;\u00e9nergie, r\u00e9jouit le c\u0153ur et chasse les pens\u00e9es sombres. Avec des huiles essentielles 100 % naturelles (fleur d&rsquo;oranger, lavande, petit grain, m\u00e9lisse, orange, etc.)  <\/p>\n<p>vegan<\/p>\n<p>Contient du limon\u00e8ne, du linalol et de l&rsquo;ac\u00e9tate de linalyle.<\/p>\n<p>Peut provoquer des r\u00e9actions allergiques.<\/p>\n<p>Danger. Liquide et vapeurs facilement inflammables. Nocif pour les organismes aquatiques, avec des effets \u00e0 long terme. Consulter un m\u00e9decin si n\u00e9cessaire, conserver l&#8217;emballage ou l&rsquo;\u00e9tiquette d&rsquo;identification \u00e0 disposition. Ne doit pas \u00eatre laiss\u00e9 \u00e0 la port\u00e9e des enfants. Avant utilisation \u00e9tiquette d&rsquo;identification lire. De chaleur, chaudes surfaces, \u00e9tincelles, flammes nues et autres sources d&rsquo;inflammation. Ne pas fumer. EN CAS DE CONTACT AVEC LA PEAU (ou les cheveux) : Tous les v\u00eatements contamin\u00e9s doivent \u00eatre retir\u00e9s imm\u00e9diatement. Se laver la peau \u00e0 l&rsquo;eau . \u00c9liminer le contenu du r\u00e9cipient conform\u00e9ment aux prescriptions locales.          <\/p>\n","protected":false},"excerpt":{"rendered":"<p>Relaxante et apaisante, l&rsquo;huile essentielle de fleur d&rsquo;oranger apaise les tensions de la journ\u00e9e et aide \u00e0 l\u00e2cher prise. Son parfum frais, acidul\u00e9 et sucr\u00e9, redonne de l&rsquo;\u00e9nergie, r\u00e9jouit le c\u0153ur et chasse les pens\u00e9es sombres. Avec des huiles essentielles 100 % naturelles (fleur d&rsquo;oranger, lavande, petit grain, m\u00e9lisse, orange, etc.) vegan Contient du limon\u00e8ne, [&hellip;]<\/p>\n","protected":false},"featured_media":4571,"template":"","meta":[],"product_brand":[],"product_cat":[84],"product_tag":[],"class_list":{"0":"post-4570","1":"product","2":"type-product","3":"status-publish","4":"has-post-thumbnail","6":"product_cat-blancheur-des-glaciers-nettoyage-menage","8":"first","9":"instock","10":"taxable","11":"shipping-taxable","12":"purchasable","13":"product-type-simple"},"yoast_head":"<!-- This site is optimized with the Yoast SEO plugin v27.4 - https:\/\/yoast.com\/product\/yoast-seo-wordpress\/ -->\n<title>Farfalla - Spray d&#039;ambiance Relaxation - Alpenmarkt<\/title>\n<meta name=\"robots\" content=\"index, follow, max-snippet:-1, max-image-preview:large, max-video-preview:-1\" \/>\n<link rel=\"canonical\" href=\"https:\/\/alpen-markt.ch\/fr\/produkt\/farfalla-spray-dambiance-relaxation\/\" \/>\n<meta property=\"og:locale\" content=\"fr_FR\" \/>\n<meta property=\"og:type\" content=\"article\" \/>\n<meta property=\"og:title\" content=\"Farfalla - Spray d&#039;ambiance Relaxation - Alpenmarkt\" \/>\n<meta property=\"og:description\" content=\"Relaxante et apaisante, l&rsquo;huile essentielle de fleur d&rsquo;oranger apaise les tensions de la journ\u00e9e et aide \u00e0 l\u00e2cher prise. Son parfum frais, acidul\u00e9 et sucr\u00e9, redonne de l&rsquo;\u00e9nergie, r\u00e9jouit le c\u0153ur et chasse les pens\u00e9es sombres. Avec des huiles essentielles 100 % naturelles (fleur d&rsquo;oranger, lavande, petit grain, m\u00e9lisse, orange, etc.) vegan Contient du limon\u00e8ne, [&hellip;]\" \/>\n<meta property=\"og:url\" content=\"https:\/\/alpen-markt.ch\/fr\/produkt\/farfalla-spray-dambiance-relaxation\/\" \/>\n<meta property=\"og:site_name\" content=\"Alpenmarkt\" \/>\n<meta property=\"og:image\" content=\"https:\/\/alpen-markt.ch\/wp-content\/uploads\/2025\/11\/c286e9f4-9488-4cfa-989d-3f8e97326af8.png\" \/>\n\t<meta property=\"og:image:width\" content=\"500\" \/>\n\t<meta property=\"og:image:height\" content=\"500\" \/>\n\t<meta property=\"og:image:type\" content=\"image\/png\" \/>\n<meta name=\"twitter:card\" content=\"summary_large_image\" \/>\n<meta name=\"twitter:label1\" content=\"Dur\u00e9e de lecture estim\u00e9e\" \/>\n\t<meta name=\"twitter:data1\" content=\"1 minute\" \/>\n<script type=\"application\/ld+json\" class=\"yoast-schema-graph\">{\"@context\":\"https:\\\/\\\/schema.org\",\"@graph\":[{\"@type\":\"WebPage\",\"@id\":\"https:\\\/\\\/alpen-markt.ch\\\/fr\\\/produkt\\\/farfalla-spray-dambiance-relaxation\\\/\",\"url\":\"https:\\\/\\\/alpen-markt.ch\\\/fr\\\/produkt\\\/farfalla-spray-dambiance-relaxation\\\/\",\"name\":\"Farfalla - Spray d'ambiance Relaxation - Alpenmarkt\",\"isPartOf\":{\"@id\":\"https:\\\/\\\/alpen-markt.ch\\\/fr\\\/#website\"},\"primaryImageOfPage\":{\"@id\":\"https:\\\/\\\/alpen-markt.ch\\\/fr\\\/produkt\\\/farfalla-spray-dambiance-relaxation\\\/#primaryimage\"},\"image\":{\"@id\":\"https:\\\/\\\/alpen-markt.ch\\\/fr\\\/produkt\\\/farfalla-spray-dambiance-relaxation\\\/#primaryimage\"},\"thumbnailUrl\":\"https:\\\/\\\/alpen-markt.ch\\\/wp-content\\\/uploads\\\/2025\\\/11\\\/c286e9f4-9488-4cfa-989d-3f8e97326af8.png\",\"datePublished\":\"2025-11-25T15:50:27+00:00\",\"breadcrumb\":{\"@id\":\"https:\\\/\\\/alpen-markt.ch\\\/fr\\\/produkt\\\/farfalla-spray-dambiance-relaxation\\\/#breadcrumb\"},\"inLanguage\":\"fr-FR\",\"potentialAction\":[{\"@type\":\"ReadAction\",\"target\":[\"https:\\\/\\\/alpen-markt.ch\\\/fr\\\/produkt\\\/farfalla-spray-dambiance-relaxation\\\/\"]}]},{\"@type\":\"ImageObject\",\"inLanguage\":\"fr-FR\",\"@id\":\"https:\\\/\\\/alpen-markt.ch\\\/fr\\\/produkt\\\/farfalla-spray-dambiance-relaxation\\\/#primaryimage\",\"url\":\"https:\\\/\\\/alpen-markt.ch\\\/wp-content\\\/uploads\\\/2025\\\/11\\\/c286e9f4-9488-4cfa-989d-3f8e97326af8.png\",\"contentUrl\":\"https:\\\/\\\/alpen-markt.ch\\\/wp-content\\\/uploads\\\/2025\\\/11\\\/c286e9f4-9488-4cfa-989d-3f8e97326af8.png\",\"width\":500,\"height\":500},{\"@type\":\"BreadcrumbList\",\"@id\":\"https:\\\/\\\/alpen-markt.ch\\\/fr\\\/produkt\\\/farfalla-spray-dambiance-relaxation\\\/#breadcrumb\",\"itemListElement\":[{\"@type\":\"ListItem\",\"position\":1,\"name\":\"Startseite\",\"item\":\"https:\\\/\\\/alpen-markt.ch\\\/fr\\\/home\\\/\"},{\"@type\":\"ListItem\",\"position\":2,\"name\":\"Boutique en ligne\",\"item\":\"https:\\\/\\\/alpen-markt.ch\\\/fr\\\/boutique-en-ligne\\\/\"},{\"@type\":\"ListItem\",\"position\":3,\"name\":\"Farfalla &#8211; Spray d&#8217;ambiance Relaxation\"}]},{\"@type\":\"WebSite\",\"@id\":\"https:\\\/\\\/alpen-markt.ch\\\/fr\\\/#website\",\"url\":\"https:\\\/\\\/alpen-markt.ch\\\/fr\\\/\",\"name\":\"Alpenmarkt\",\"description\":\"\",\"publisher\":{\"@id\":\"https:\\\/\\\/alpen-markt.ch\\\/fr\\\/#organization\"},\"potentialAction\":[{\"@type\":\"SearchAction\",\"target\":{\"@type\":\"EntryPoint\",\"urlTemplate\":\"https:\\\/\\\/alpen-markt.ch\\\/fr\\\/?s={search_term_string}\"},\"query-input\":{\"@type\":\"PropertyValueSpecification\",\"valueRequired\":true,\"valueName\":\"search_term_string\"}}],\"inLanguage\":\"fr-FR\"},{\"@type\":\"Organization\",\"@id\":\"https:\\\/\\\/alpen-markt.ch\\\/fr\\\/#organization\",\"name\":\"Alpenmarkt\",\"url\":\"https:\\\/\\\/alpen-markt.ch\\\/fr\\\/\",\"logo\":{\"@type\":\"ImageObject\",\"inLanguage\":\"fr-FR\",\"@id\":\"https:\\\/\\\/alpen-markt.ch\\\/fr\\\/#\\\/schema\\\/logo\\\/image\\\/\",\"url\":\"https:\\\/\\\/alpen-markt.ch\\\/wp-content\\\/uploads\\\/2025\\\/11\\\/logo-alpenmarkt.png\",\"contentUrl\":\"https:\\\/\\\/alpen-markt.ch\\\/wp-content\\\/uploads\\\/2025\\\/11\\\/logo-alpenmarkt.png\",\"width\":1048,\"height\":452,\"caption\":\"Alpenmarkt\"},\"image\":{\"@id\":\"https:\\\/\\\/alpen-markt.ch\\\/fr\\\/#\\\/schema\\\/logo\\\/image\\\/\"}}]}<\/script>\n<!-- \/ Yoast SEO plugin. -->","yoast_head_json":{"title":"Farfalla - Spray d'ambiance Relaxation - Alpenmarkt","robots":{"index":"index","follow":"follow","max-snippet":"max-snippet:-1","max-image-preview":"max-image-preview:large","max-video-preview":"max-video-preview:-1"},"canonical":"https:\/\/alpen-markt.ch\/fr\/produkt\/farfalla-spray-dambiance-relaxation\/","og_locale":"fr_FR","og_type":"article","og_title":"Farfalla - Spray d'ambiance Relaxation - Alpenmarkt","og_description":"Relaxante et apaisante, l&rsquo;huile essentielle de fleur d&rsquo;oranger apaise les tensions de la journ\u00e9e et aide \u00e0 l\u00e2cher prise. Son parfum frais, acidul\u00e9 et sucr\u00e9, redonne de l&rsquo;\u00e9nergie, r\u00e9jouit le c\u0153ur et chasse les pens\u00e9es sombres. Avec des huiles essentielles 100 % naturelles (fleur d&rsquo;oranger, lavande, petit grain, m\u00e9lisse, orange, etc.) vegan Contient du limon\u00e8ne, [&hellip;]","og_url":"https:\/\/alpen-markt.ch\/fr\/produkt\/farfalla-spray-dambiance-relaxation\/","og_site_name":"Alpenmarkt","og_image":[{"width":500,"height":500,"url":"https:\/\/alpen-markt.ch\/wp-content\/uploads\/2025\/11\/c286e9f4-9488-4cfa-989d-3f8e97326af8.png","type":"image\/png"}],"twitter_card":"summary_large_image","twitter_misc":{"Dur\u00e9e de lecture estim\u00e9e":"1 minute"},"schema":{"@context":"https:\/\/schema.org","@graph":[{"@type":"WebPage","@id":"https:\/\/alpen-markt.ch\/fr\/produkt\/farfalla-spray-dambiance-relaxation\/","url":"https:\/\/alpen-markt.ch\/fr\/produkt\/farfalla-spray-dambiance-relaxation\/","name":"Farfalla - Spray d'ambiance Relaxation - Alpenmarkt","isPartOf":{"@id":"https:\/\/alpen-markt.ch\/fr\/#website"},"primaryImageOfPage":{"@id":"https:\/\/alpen-markt.ch\/fr\/produkt\/farfalla-spray-dambiance-relaxation\/#primaryimage"},"image":{"@id":"https:\/\/alpen-markt.ch\/fr\/produkt\/farfalla-spray-dambiance-relaxation\/#primaryimage"},"thumbnailUrl":"https:\/\/alpen-markt.ch\/wp-content\/uploads\/2025\/11\/c286e9f4-9488-4cfa-989d-3f8e97326af8.png","datePublished":"2025-11-25T15:50:27+00:00","breadcrumb":{"@id":"https:\/\/alpen-markt.ch\/fr\/produkt\/farfalla-spray-dambiance-relaxation\/#breadcrumb"},"inLanguage":"fr-FR","potentialAction":[{"@type":"ReadAction","target":["https:\/\/alpen-markt.ch\/fr\/produkt\/farfalla-spray-dambiance-relaxation\/"]}]},{"@type":"ImageObject","inLanguage":"fr-FR","@id":"https:\/\/alpen-markt.ch\/fr\/produkt\/farfalla-spray-dambiance-relaxation\/#primaryimage","url":"https:\/\/alpen-markt.ch\/wp-content\/uploads\/2025\/11\/c286e9f4-9488-4cfa-989d-3f8e97326af8.png","contentUrl":"https:\/\/alpen-markt.ch\/wp-content\/uploads\/2025\/11\/c286e9f4-9488-4cfa-989d-3f8e97326af8.png","width":500,"height":500},{"@type":"BreadcrumbList","@id":"https:\/\/alpen-markt.ch\/fr\/produkt\/farfalla-spray-dambiance-relaxation\/#breadcrumb","itemListElement":[{"@type":"ListItem","position":1,"name":"Startseite","item":"https:\/\/alpen-markt.ch\/fr\/home\/"},{"@type":"ListItem","position":2,"name":"Boutique en ligne","item":"https:\/\/alpen-markt.ch\/fr\/boutique-en-ligne\/"},{"@type":"ListItem","position":3,"name":"Farfalla &#8211; Spray d&#8217;ambiance Relaxation"}]},{"@type":"WebSite","@id":"https:\/\/alpen-markt.ch\/fr\/#website","url":"https:\/\/alpen-markt.ch\/fr\/","name":"Alpenmarkt","description":"","publisher":{"@id":"https:\/\/alpen-markt.ch\/fr\/#organization"},"potentialAction":[{"@type":"SearchAction","target":{"@type":"EntryPoint","urlTemplate":"https:\/\/alpen-markt.ch\/fr\/?s={search_term_string}"},"query-input":{"@type":"PropertyValueSpecification","valueRequired":true,"valueName":"search_term_string"}}],"inLanguage":"fr-FR"},{"@type":"Organization","@id":"https:\/\/alpen-markt.ch\/fr\/#organization","name":"Alpenmarkt","url":"https:\/\/alpen-markt.ch\/fr\/","logo":{"@type":"ImageObject","inLanguage":"fr-FR","@id":"https:\/\/alpen-markt.ch\/fr\/#\/schema\/logo\/image\/","url":"https:\/\/alpen-markt.ch\/wp-content\/uploads\/2025\/11\/logo-alpenmarkt.png","contentUrl":"https:\/\/alpen-markt.ch\/wp-content\/uploads\/2025\/11\/logo-alpenmarkt.png","width":1048,"height":452,"caption":"Alpenmarkt"},"image":{"@id":"https:\/\/alpen-markt.ch\/fr\/#\/schema\/logo\/image\/"}}]}},"_links":{"self":[{"href":"https:\/\/alpen-markt.ch\/fr\/wp-json\/wp\/v2\/product\/4570","targetHints":{"allow":["GET"]}}],"collection":[{"href":"https:\/\/alpen-markt.ch\/fr\/wp-json\/wp\/v2\/product"}],"about":[{"href":"https:\/\/alpen-markt.ch\/fr\/wp-json\/wp\/v2\/types\/product"}],"wp:featuredmedia":[{"embeddable":true,"href":"https:\/\/alpen-markt.ch\/fr\/wp-json\/wp\/v2\/media\/4571"}],"wp:attachment":[{"href":"https:\/\/alpen-markt.ch\/fr\/wp-json\/wp\/v2\/media?parent=4570"}],"wp:term":[{"taxonomy":"product_brand","embeddable":true,"href":"https:\/\/alpen-markt.ch\/fr\/wp-json\/wp\/v2\/product_brand?post=4570"},{"taxonomy":"product_cat","embeddable":true,"href":"https:\/\/alpen-markt.ch\/fr\/wp-json\/wp\/v2\/product_cat?post=4570"},{"taxonomy":"product_tag","embeddable":true,"href":"https:\/\/alpen-markt.ch\/fr\/wp-json\/wp\/v2\/product_tag?post=4570"}],"curies":[{"name":"wp","href":"https:\/\/api.w.org\/{rel}","templated":true}]}}