{"id":4568,"date":"2025-11-25T16:50:27","date_gmt":"2025-11-25T15:50:27","guid":{"rendered":"https:\/\/alpen-markt.ch\/produkt\/farfalla-spray-dambiance-magie-de-la-foret\/"},"modified":"2025-11-25T16:50:27","modified_gmt":"2025-11-25T15:50:27","slug":"farfalla-spray-dambiance-magie-de-la-foret","status":"publish","type":"product","link":"https:\/\/alpen-markt.ch\/fr\/produkt\/farfalla-spray-dambiance-magie-de-la-foret\/","title":{"rendered":"Farfalla &#8211; Spray d&rsquo;ambiance \u00ab Magie de la for\u00eat \u00bb"},"content":{"rendered":"<p>Plongez dans l&rsquo;air de la for\u00eat et ralentissez le rythme de votre vie. Le pin cembro (arolle) pousse dans les r\u00e9gions alpines les plus \u00e9lev\u00e9es. Tr\u00e8s robuste et r\u00e9sistant, il symbolise le courage et la force int\u00e9rieure. Les huiles essentielles de sapin blanc et d&rsquo;autres conif\u00e8res incitent \u00e0 respirer profond\u00e9ment et procurent au corps et \u00e0 l&rsquo;esprit une force et une d\u00e9tente profondes. Avec des huiles essentielles 100 % naturelles (sapin blanc, pin cembro, aiguilles d&rsquo;\u00e9pic\u00e9a, bois de c\u00e8dre, sapin baumier, etc.)   <\/p>\n<p>vegan<\/p>\n<p>Contient limon\u00e8ne, alpha pin\u00e8ne, b\u00eata pin\u00e8ne, linalyle ac\u00e9tate.<\/p>\n<p>Peut provoquer des r\u00e9actions allergiques .<\/p>\n<p>Danger. Liquide et vapeurs facilement inflammables. Nocif pour les organismes aquatiques, entra\u00eene des effets n\u00e9fastes \u00e0 long terme. En cas de besoin de conseil m\u00e9dical, garder \u00e0 disposition le r\u00e9cipient ou l&rsquo;\u00e9tiquette. Tenir hors de port\u00e9e des enfants. Lire l&rsquo;\u00e9tiquette avant utilisation. Tenir \u00e0 l&rsquo;\u00e9cart de la chaleur, des surfaces chaudes, des \u00e9tincelles, des flammes nues et de toute autre source d&rsquo;inflammation. Ne pas fumer. EN CAS DE CONTACT AVEC LA PEAU (ou les cheveux) : enlever imm\u00e9diatement tous les v\u00eatements contamin\u00e9s. Rincer la peau \u00e0 l&rsquo;eau. \u00c9liminer le contenu du r\u00e9cipient conform\u00e9ment \u00e0 la r\u00e9glementation locale.          <\/p>\n","protected":false},"excerpt":{"rendered":"<p>Plongez dans l&rsquo;air de la for\u00eat et ralentissez le rythme de votre vie. Le pin cembro (arolle) pousse dans les r\u00e9gions alpines les plus \u00e9lev\u00e9es. Tr\u00e8s robuste et r\u00e9sistant, il symbolise le courage et la force int\u00e9rieure. Les huiles essentielles de sapin blanc et d&rsquo;autres conif\u00e8res incitent \u00e0 respirer profond\u00e9ment et procurent au corps et [&hellip;]<\/p>\n","protected":false},"featured_media":4569,"template":"","meta":[],"product_brand":[],"product_cat":[84],"product_tag":[],"class_list":{"0":"post-4568","1":"product","2":"type-product","3":"status-publish","4":"has-post-thumbnail","6":"product_cat-blancheur-des-glaciers-nettoyage-menage","8":"first","9":"instock","10":"taxable","11":"shipping-taxable","12":"purchasable","13":"product-type-simple"},"yoast_head":"<!-- This site is optimized with the Yoast SEO plugin v27.4 - https:\/\/yoast.com\/product\/yoast-seo-wordpress\/ -->\n<title>Farfalla - Spray d&#039;ambiance \u00ab Magie de la for\u00eat \u00bb - Alpenmarkt<\/title>\n<meta name=\"robots\" content=\"index, follow, max-snippet:-1, max-image-preview:large, max-video-preview:-1\" \/>\n<link rel=\"canonical\" href=\"https:\/\/alpen-markt.ch\/fr\/produkt\/farfalla-spray-dambiance-magie-de-la-foret\/\" \/>\n<meta property=\"og:locale\" content=\"fr_FR\" \/>\n<meta property=\"og:type\" content=\"article\" \/>\n<meta property=\"og:title\" content=\"Farfalla - Spray d&#039;ambiance \u00ab Magie de la for\u00eat \u00bb - Alpenmarkt\" \/>\n<meta property=\"og:description\" content=\"Plongez dans l&rsquo;air de la for\u00eat et ralentissez le rythme de votre vie. Le pin cembro (arolle) pousse dans les r\u00e9gions alpines les plus \u00e9lev\u00e9es. Tr\u00e8s robuste et r\u00e9sistant, il symbolise le courage et la force int\u00e9rieure. Les huiles essentielles de sapin blanc et d&rsquo;autres conif\u00e8res incitent \u00e0 respirer profond\u00e9ment et procurent au corps et [&hellip;]\" \/>\n<meta property=\"og:url\" content=\"https:\/\/alpen-markt.ch\/fr\/produkt\/farfalla-spray-dambiance-magie-de-la-foret\/\" \/>\n<meta property=\"og:site_name\" content=\"Alpenmarkt\" \/>\n<meta property=\"og:image\" content=\"https:\/\/alpen-markt.ch\/wp-content\/uploads\/2025\/11\/dd120fc3-c1fd-440d-8ecb-0764fc728878.png\" \/>\n\t<meta property=\"og:image:width\" content=\"500\" \/>\n\t<meta property=\"og:image:height\" content=\"500\" \/>\n\t<meta property=\"og:image:type\" content=\"image\/png\" \/>\n<meta name=\"twitter:card\" content=\"summary_large_image\" \/>\n<meta name=\"twitter:label1\" content=\"Dur\u00e9e de lecture estim\u00e9e\" \/>\n\t<meta name=\"twitter:data1\" content=\"1 minute\" \/>\n<script type=\"application\/ld+json\" class=\"yoast-schema-graph\">{\"@context\":\"https:\\\/\\\/schema.org\",\"@graph\":[{\"@type\":\"WebPage\",\"@id\":\"https:\\\/\\\/alpen-markt.ch\\\/fr\\\/produkt\\\/farfalla-spray-dambiance-magie-de-la-foret\\\/\",\"url\":\"https:\\\/\\\/alpen-markt.ch\\\/fr\\\/produkt\\\/farfalla-spray-dambiance-magie-de-la-foret\\\/\",\"name\":\"Farfalla - Spray d'ambiance \u00ab Magie de la for\u00eat \u00bb - Alpenmarkt\",\"isPartOf\":{\"@id\":\"https:\\\/\\\/alpen-markt.ch\\\/fr\\\/#website\"},\"primaryImageOfPage\":{\"@id\":\"https:\\\/\\\/alpen-markt.ch\\\/fr\\\/produkt\\\/farfalla-spray-dambiance-magie-de-la-foret\\\/#primaryimage\"},\"image\":{\"@id\":\"https:\\\/\\\/alpen-markt.ch\\\/fr\\\/produkt\\\/farfalla-spray-dambiance-magie-de-la-foret\\\/#primaryimage\"},\"thumbnailUrl\":\"https:\\\/\\\/alpen-markt.ch\\\/wp-content\\\/uploads\\\/2025\\\/11\\\/dd120fc3-c1fd-440d-8ecb-0764fc728878.png\",\"datePublished\":\"2025-11-25T15:50:27+00:00\",\"breadcrumb\":{\"@id\":\"https:\\\/\\\/alpen-markt.ch\\\/fr\\\/produkt\\\/farfalla-spray-dambiance-magie-de-la-foret\\\/#breadcrumb\"},\"inLanguage\":\"fr-FR\",\"potentialAction\":[{\"@type\":\"ReadAction\",\"target\":[\"https:\\\/\\\/alpen-markt.ch\\\/fr\\\/produkt\\\/farfalla-spray-dambiance-magie-de-la-foret\\\/\"]}]},{\"@type\":\"ImageObject\",\"inLanguage\":\"fr-FR\",\"@id\":\"https:\\\/\\\/alpen-markt.ch\\\/fr\\\/produkt\\\/farfalla-spray-dambiance-magie-de-la-foret\\\/#primaryimage\",\"url\":\"https:\\\/\\\/alpen-markt.ch\\\/wp-content\\\/uploads\\\/2025\\\/11\\\/dd120fc3-c1fd-440d-8ecb-0764fc728878.png\",\"contentUrl\":\"https:\\\/\\\/alpen-markt.ch\\\/wp-content\\\/uploads\\\/2025\\\/11\\\/dd120fc3-c1fd-440d-8ecb-0764fc728878.png\",\"width\":500,\"height\":500},{\"@type\":\"BreadcrumbList\",\"@id\":\"https:\\\/\\\/alpen-markt.ch\\\/fr\\\/produkt\\\/farfalla-spray-dambiance-magie-de-la-foret\\\/#breadcrumb\",\"itemListElement\":[{\"@type\":\"ListItem\",\"position\":1,\"name\":\"Startseite\",\"item\":\"https:\\\/\\\/alpen-markt.ch\\\/fr\\\/home\\\/\"},{\"@type\":\"ListItem\",\"position\":2,\"name\":\"Boutique en ligne\",\"item\":\"https:\\\/\\\/alpen-markt.ch\\\/fr\\\/boutique-en-ligne\\\/\"},{\"@type\":\"ListItem\",\"position\":3,\"name\":\"Farfalla &#8211; Spray d&#8217;ambiance \u00ab Magie de la for\u00eat \u00bb\"}]},{\"@type\":\"WebSite\",\"@id\":\"https:\\\/\\\/alpen-markt.ch\\\/fr\\\/#website\",\"url\":\"https:\\\/\\\/alpen-markt.ch\\\/fr\\\/\",\"name\":\"Alpenmarkt\",\"description\":\"\",\"publisher\":{\"@id\":\"https:\\\/\\\/alpen-markt.ch\\\/fr\\\/#organization\"},\"potentialAction\":[{\"@type\":\"SearchAction\",\"target\":{\"@type\":\"EntryPoint\",\"urlTemplate\":\"https:\\\/\\\/alpen-markt.ch\\\/fr\\\/?s={search_term_string}\"},\"query-input\":{\"@type\":\"PropertyValueSpecification\",\"valueRequired\":true,\"valueName\":\"search_term_string\"}}],\"inLanguage\":\"fr-FR\"},{\"@type\":\"Organization\",\"@id\":\"https:\\\/\\\/alpen-markt.ch\\\/fr\\\/#organization\",\"name\":\"Alpenmarkt\",\"url\":\"https:\\\/\\\/alpen-markt.ch\\\/fr\\\/\",\"logo\":{\"@type\":\"ImageObject\",\"inLanguage\":\"fr-FR\",\"@id\":\"https:\\\/\\\/alpen-markt.ch\\\/fr\\\/#\\\/schema\\\/logo\\\/image\\\/\",\"url\":\"https:\\\/\\\/alpen-markt.ch\\\/wp-content\\\/uploads\\\/2025\\\/11\\\/logo-alpenmarkt.png\",\"contentUrl\":\"https:\\\/\\\/alpen-markt.ch\\\/wp-content\\\/uploads\\\/2025\\\/11\\\/logo-alpenmarkt.png\",\"width\":1048,\"height\":452,\"caption\":\"Alpenmarkt\"},\"image\":{\"@id\":\"https:\\\/\\\/alpen-markt.ch\\\/fr\\\/#\\\/schema\\\/logo\\\/image\\\/\"}}]}<\/script>\n<!-- \/ Yoast SEO plugin. -->","yoast_head_json":{"title":"Farfalla - Spray d'ambiance \u00ab Magie de la for\u00eat \u00bb - Alpenmarkt","robots":{"index":"index","follow":"follow","max-snippet":"max-snippet:-1","max-image-preview":"max-image-preview:large","max-video-preview":"max-video-preview:-1"},"canonical":"https:\/\/alpen-markt.ch\/fr\/produkt\/farfalla-spray-dambiance-magie-de-la-foret\/","og_locale":"fr_FR","og_type":"article","og_title":"Farfalla - Spray d'ambiance \u00ab Magie de la for\u00eat \u00bb - Alpenmarkt","og_description":"Plongez dans l&rsquo;air de la for\u00eat et ralentissez le rythme de votre vie. Le pin cembro (arolle) pousse dans les r\u00e9gions alpines les plus \u00e9lev\u00e9es. Tr\u00e8s robuste et r\u00e9sistant, il symbolise le courage et la force int\u00e9rieure. Les huiles essentielles de sapin blanc et d&rsquo;autres conif\u00e8res incitent \u00e0 respirer profond\u00e9ment et procurent au corps et [&hellip;]","og_url":"https:\/\/alpen-markt.ch\/fr\/produkt\/farfalla-spray-dambiance-magie-de-la-foret\/","og_site_name":"Alpenmarkt","og_image":[{"width":500,"height":500,"url":"https:\/\/alpen-markt.ch\/wp-content\/uploads\/2025\/11\/dd120fc3-c1fd-440d-8ecb-0764fc728878.png","type":"image\/png"}],"twitter_card":"summary_large_image","twitter_misc":{"Dur\u00e9e de lecture estim\u00e9e":"1 minute"},"schema":{"@context":"https:\/\/schema.org","@graph":[{"@type":"WebPage","@id":"https:\/\/alpen-markt.ch\/fr\/produkt\/farfalla-spray-dambiance-magie-de-la-foret\/","url":"https:\/\/alpen-markt.ch\/fr\/produkt\/farfalla-spray-dambiance-magie-de-la-foret\/","name":"Farfalla - Spray d'ambiance \u00ab Magie de la for\u00eat \u00bb - Alpenmarkt","isPartOf":{"@id":"https:\/\/alpen-markt.ch\/fr\/#website"},"primaryImageOfPage":{"@id":"https:\/\/alpen-markt.ch\/fr\/produkt\/farfalla-spray-dambiance-magie-de-la-foret\/#primaryimage"},"image":{"@id":"https:\/\/alpen-markt.ch\/fr\/produkt\/farfalla-spray-dambiance-magie-de-la-foret\/#primaryimage"},"thumbnailUrl":"https:\/\/alpen-markt.ch\/wp-content\/uploads\/2025\/11\/dd120fc3-c1fd-440d-8ecb-0764fc728878.png","datePublished":"2025-11-25T15:50:27+00:00","breadcrumb":{"@id":"https:\/\/alpen-markt.ch\/fr\/produkt\/farfalla-spray-dambiance-magie-de-la-foret\/#breadcrumb"},"inLanguage":"fr-FR","potentialAction":[{"@type":"ReadAction","target":["https:\/\/alpen-markt.ch\/fr\/produkt\/farfalla-spray-dambiance-magie-de-la-foret\/"]}]},{"@type":"ImageObject","inLanguage":"fr-FR","@id":"https:\/\/alpen-markt.ch\/fr\/produkt\/farfalla-spray-dambiance-magie-de-la-foret\/#primaryimage","url":"https:\/\/alpen-markt.ch\/wp-content\/uploads\/2025\/11\/dd120fc3-c1fd-440d-8ecb-0764fc728878.png","contentUrl":"https:\/\/alpen-markt.ch\/wp-content\/uploads\/2025\/11\/dd120fc3-c1fd-440d-8ecb-0764fc728878.png","width":500,"height":500},{"@type":"BreadcrumbList","@id":"https:\/\/alpen-markt.ch\/fr\/produkt\/farfalla-spray-dambiance-magie-de-la-foret\/#breadcrumb","itemListElement":[{"@type":"ListItem","position":1,"name":"Startseite","item":"https:\/\/alpen-markt.ch\/fr\/home\/"},{"@type":"ListItem","position":2,"name":"Boutique en ligne","item":"https:\/\/alpen-markt.ch\/fr\/boutique-en-ligne\/"},{"@type":"ListItem","position":3,"name":"Farfalla &#8211; Spray d&#8217;ambiance \u00ab Magie de la for\u00eat \u00bb"}]},{"@type":"WebSite","@id":"https:\/\/alpen-markt.ch\/fr\/#website","url":"https:\/\/alpen-markt.ch\/fr\/","name":"Alpenmarkt","description":"","publisher":{"@id":"https:\/\/alpen-markt.ch\/fr\/#organization"},"potentialAction":[{"@type":"SearchAction","target":{"@type":"EntryPoint","urlTemplate":"https:\/\/alpen-markt.ch\/fr\/?s={search_term_string}"},"query-input":{"@type":"PropertyValueSpecification","valueRequired":true,"valueName":"search_term_string"}}],"inLanguage":"fr-FR"},{"@type":"Organization","@id":"https:\/\/alpen-markt.ch\/fr\/#organization","name":"Alpenmarkt","url":"https:\/\/alpen-markt.ch\/fr\/","logo":{"@type":"ImageObject","inLanguage":"fr-FR","@id":"https:\/\/alpen-markt.ch\/fr\/#\/schema\/logo\/image\/","url":"https:\/\/alpen-markt.ch\/wp-content\/uploads\/2025\/11\/logo-alpenmarkt.png","contentUrl":"https:\/\/alpen-markt.ch\/wp-content\/uploads\/2025\/11\/logo-alpenmarkt.png","width":1048,"height":452,"caption":"Alpenmarkt"},"image":{"@id":"https:\/\/alpen-markt.ch\/fr\/#\/schema\/logo\/image\/"}}]}},"_links":{"self":[{"href":"https:\/\/alpen-markt.ch\/fr\/wp-json\/wp\/v2\/product\/4568","targetHints":{"allow":["GET"]}}],"collection":[{"href":"https:\/\/alpen-markt.ch\/fr\/wp-json\/wp\/v2\/product"}],"about":[{"href":"https:\/\/alpen-markt.ch\/fr\/wp-json\/wp\/v2\/types\/product"}],"wp:featuredmedia":[{"embeddable":true,"href":"https:\/\/alpen-markt.ch\/fr\/wp-json\/wp\/v2\/media\/4569"}],"wp:attachment":[{"href":"https:\/\/alpen-markt.ch\/fr\/wp-json\/wp\/v2\/media?parent=4568"}],"wp:term":[{"taxonomy":"product_brand","embeddable":true,"href":"https:\/\/alpen-markt.ch\/fr\/wp-json\/wp\/v2\/product_brand?post=4568"},{"taxonomy":"product_cat","embeddable":true,"href":"https:\/\/alpen-markt.ch\/fr\/wp-json\/wp\/v2\/product_cat?post=4568"},{"taxonomy":"product_tag","embeddable":true,"href":"https:\/\/alpen-markt.ch\/fr\/wp-json\/wp\/v2\/product_tag?post=4568"}],"curies":[{"name":"wp","href":"https:\/\/api.w.org\/{rel}","templated":true}]}}