{"id":4550,"date":"2025-11-25T16:50:27","date_gmt":"2025-11-25T15:50:27","guid":{"rendered":"https:\/\/alpen-markt.ch\/produkt\/la-bugadiere-lessive-pour-linge-delicat-savon-blanc\/"},"modified":"2025-11-25T16:50:27","modified_gmt":"2025-11-25T15:50:27","slug":"la-bugadiere-lessive-pour-linge-delicat-savon-blanc","status":"publish","type":"product","link":"https:\/\/alpen-markt.ch\/fr\/produkt\/la-bugadiere-lessive-pour-linge-delicat-savon-blanc\/","title":{"rendered":"La Bugadi\u00e8re &#8211; Lessive pour linge d\u00e9licat Savon blanc"},"content":{"rendered":"<p>Des produits d&rsquo;entretien biod\u00e9gradables au parfum agr\u00e9able et enti\u00e8rement rechargeables : voil\u00e0 ce qu&rsquo;est \u00ab La Bugadi\u00e8re \u00bb.<\/p>\n<p>L&rsquo;entreprise \u00ab La Bugadi\u00e8re \u00bb, situ\u00e9e \u00e0 Ch\u00e2tel-St-Denis dans le canton de Fribourg, s&rsquo;est fix\u00e9 pour objectif en 2018 de fabriquer des produits d&rsquo;entretien et des lessives biod\u00e9gradables avec une gamme compl\u00e8te de produits et la possibilit\u00e9 de les recharger. Ils sont aujourd&rsquo;hui vendus dans de nombreuses pharmacies de Suisse romande.<\/p>\n<p>Gr\u00e2ce \u00e0 sa formation en pharmacie, le fondateur de \u00ab La Bugadi\u00e8re \u00bb conna\u00eet bien les processus chimiques. Favoriser la biod\u00e9gradabilit\u00e9 des produits \u00e9tait une priorit\u00e9 lors du d\u00e9veloppement de la gamme. \u00ab La Bugadi\u00e8re \u00bb a d\u00e9velopp\u00e9 des produits qui, sous l&rsquo;action de micro-organismes tels que des bact\u00e9ries ou des champignons, peuvent se d\u00e9composer en composants tels que l&rsquo;eau et en composants sans effets nocifs sur l&rsquo;environnement.  <\/p>\n<p>Que signifie \u00ab La Bugadi\u00e8re \u00bb ?<br \/>\nIn S\u00fcdfrankreich, im Languedoc und in der Provence war die Bugadi\u00e8re im Wesentlichen eine Angestellte oder Unternehmerin, die im Auftrag eines b\u00fcrgerlichen Haushalts oder gelegentlicher Kunden die W\u00e4sche wusch. Es war der erste bezahlte Beruf f\u00fcr Frauen.<br \/>\nBugadi\u00e8re kommt aus dem Provenzalischen (\u00ab\u00a0bugadier\u00a0\u00bb, W\u00e4sche) und bezeichnet eine gemauerte, schrank\u00e4hnliche Struktur aus Stein oder Lehm, in der die schmutzige W\u00e4sche und dar\u00fcber die Asche des Herdes aufbewahrt werden sollte. <\/p>\n","protected":false},"excerpt":{"rendered":"<p>Des produits d&rsquo;entretien biod\u00e9gradables au parfum agr\u00e9able et enti\u00e8rement rechargeables : voil\u00e0 ce qu&rsquo;est \u00ab La Bugadi\u00e8re \u00bb. L&rsquo;entreprise \u00ab La Bugadi\u00e8re \u00bb, situ\u00e9e \u00e0 Ch\u00e2tel-St-Denis dans le canton de Fribourg, s&rsquo;est fix\u00e9 pour objectif en 2018 de fabriquer des produits d&rsquo;entretien et des lessives biod\u00e9gradables avec une gamme compl\u00e8te de produits et la possibilit\u00e9 [&hellip;]<\/p>\n","protected":false},"featured_media":4551,"template":"","meta":[],"product_brand":[],"product_cat":[84],"product_tag":[],"class_list":{"0":"post-4550","1":"product","2":"type-product","3":"status-publish","4":"has-post-thumbnail","6":"product_cat-blancheur-des-glaciers-nettoyage-menage","8":"first","9":"instock","10":"taxable","11":"shipping-taxable","12":"purchasable","13":"product-type-simple"},"yoast_head":"<!-- This site is optimized with the Yoast SEO plugin v27.4 - https:\/\/yoast.com\/product\/yoast-seo-wordpress\/ -->\n<title>La Bugadi\u00e8re - Lessive pour linge d\u00e9licat Savon blanc - Alpenmarkt<\/title>\n<meta name=\"robots\" content=\"index, follow, max-snippet:-1, max-image-preview:large, max-video-preview:-1\" \/>\n<link rel=\"canonical\" href=\"https:\/\/alpen-markt.ch\/fr\/produkt\/la-bugadiere-lessive-pour-linge-delicat-savon-blanc\/\" \/>\n<meta property=\"og:locale\" content=\"fr_FR\" \/>\n<meta property=\"og:type\" content=\"article\" \/>\n<meta property=\"og:title\" content=\"La Bugadi\u00e8re - Lessive pour linge d\u00e9licat Savon blanc - Alpenmarkt\" \/>\n<meta property=\"og:description\" content=\"Des produits d&rsquo;entretien biod\u00e9gradables au parfum agr\u00e9able et enti\u00e8rement rechargeables : voil\u00e0 ce qu&rsquo;est \u00ab La Bugadi\u00e8re \u00bb. L&rsquo;entreprise \u00ab La Bugadi\u00e8re \u00bb, situ\u00e9e \u00e0 Ch\u00e2tel-St-Denis dans le canton de Fribourg, s&rsquo;est fix\u00e9 pour objectif en 2018 de fabriquer des produits d&rsquo;entretien et des lessives biod\u00e9gradables avec une gamme compl\u00e8te de produits et la possibilit\u00e9 [&hellip;]\" \/>\n<meta property=\"og:url\" content=\"https:\/\/alpen-markt.ch\/fr\/produkt\/la-bugadiere-lessive-pour-linge-delicat-savon-blanc\/\" \/>\n<meta property=\"og:site_name\" content=\"Alpenmarkt\" \/>\n<meta property=\"og:image\" content=\"https:\/\/alpen-markt.ch\/wp-content\/uploads\/2025\/11\/0d56e5fa-cb59-4f37-98af-57f8e724a267.png\" \/>\n\t<meta property=\"og:image:width\" content=\"500\" \/>\n\t<meta property=\"og:image:height\" content=\"500\" \/>\n\t<meta property=\"og:image:type\" content=\"image\/png\" \/>\n<meta name=\"twitter:card\" content=\"summary_large_image\" \/>\n<meta name=\"twitter:label1\" content=\"Dur\u00e9e de lecture estim\u00e9e\" \/>\n\t<meta name=\"twitter:data1\" content=\"1 minute\" \/>\n<script type=\"application\/ld+json\" class=\"yoast-schema-graph\">{\"@context\":\"https:\\\/\\\/schema.org\",\"@graph\":[{\"@type\":\"WebPage\",\"@id\":\"https:\\\/\\\/alpen-markt.ch\\\/fr\\\/produkt\\\/la-bugadiere-lessive-pour-linge-delicat-savon-blanc\\\/\",\"url\":\"https:\\\/\\\/alpen-markt.ch\\\/fr\\\/produkt\\\/la-bugadiere-lessive-pour-linge-delicat-savon-blanc\\\/\",\"name\":\"La Bugadi\u00e8re - Lessive pour linge d\u00e9licat Savon blanc - Alpenmarkt\",\"isPartOf\":{\"@id\":\"https:\\\/\\\/alpen-markt.ch\\\/fr\\\/#website\"},\"primaryImageOfPage\":{\"@id\":\"https:\\\/\\\/alpen-markt.ch\\\/fr\\\/produkt\\\/la-bugadiere-lessive-pour-linge-delicat-savon-blanc\\\/#primaryimage\"},\"image\":{\"@id\":\"https:\\\/\\\/alpen-markt.ch\\\/fr\\\/produkt\\\/la-bugadiere-lessive-pour-linge-delicat-savon-blanc\\\/#primaryimage\"},\"thumbnailUrl\":\"https:\\\/\\\/alpen-markt.ch\\\/wp-content\\\/uploads\\\/2025\\\/11\\\/0d56e5fa-cb59-4f37-98af-57f8e724a267.png\",\"datePublished\":\"2025-11-25T15:50:27+00:00\",\"breadcrumb\":{\"@id\":\"https:\\\/\\\/alpen-markt.ch\\\/fr\\\/produkt\\\/la-bugadiere-lessive-pour-linge-delicat-savon-blanc\\\/#breadcrumb\"},\"inLanguage\":\"fr-FR\",\"potentialAction\":[{\"@type\":\"ReadAction\",\"target\":[\"https:\\\/\\\/alpen-markt.ch\\\/fr\\\/produkt\\\/la-bugadiere-lessive-pour-linge-delicat-savon-blanc\\\/\"]}]},{\"@type\":\"ImageObject\",\"inLanguage\":\"fr-FR\",\"@id\":\"https:\\\/\\\/alpen-markt.ch\\\/fr\\\/produkt\\\/la-bugadiere-lessive-pour-linge-delicat-savon-blanc\\\/#primaryimage\",\"url\":\"https:\\\/\\\/alpen-markt.ch\\\/wp-content\\\/uploads\\\/2025\\\/11\\\/0d56e5fa-cb59-4f37-98af-57f8e724a267.png\",\"contentUrl\":\"https:\\\/\\\/alpen-markt.ch\\\/wp-content\\\/uploads\\\/2025\\\/11\\\/0d56e5fa-cb59-4f37-98af-57f8e724a267.png\",\"width\":500,\"height\":500},{\"@type\":\"BreadcrumbList\",\"@id\":\"https:\\\/\\\/alpen-markt.ch\\\/fr\\\/produkt\\\/la-bugadiere-lessive-pour-linge-delicat-savon-blanc\\\/#breadcrumb\",\"itemListElement\":[{\"@type\":\"ListItem\",\"position\":1,\"name\":\"Startseite\",\"item\":\"https:\\\/\\\/alpen-markt.ch\\\/fr\\\/home\\\/\"},{\"@type\":\"ListItem\",\"position\":2,\"name\":\"Boutique en ligne\",\"item\":\"https:\\\/\\\/alpen-markt.ch\\\/fr\\\/boutique-en-ligne\\\/\"},{\"@type\":\"ListItem\",\"position\":3,\"name\":\"La Bugadi\u00e8re &#8211; Lessive pour linge d\u00e9licat Savon blanc\"}]},{\"@type\":\"WebSite\",\"@id\":\"https:\\\/\\\/alpen-markt.ch\\\/fr\\\/#website\",\"url\":\"https:\\\/\\\/alpen-markt.ch\\\/fr\\\/\",\"name\":\"Alpenmarkt\",\"description\":\"\",\"publisher\":{\"@id\":\"https:\\\/\\\/alpen-markt.ch\\\/fr\\\/#organization\"},\"potentialAction\":[{\"@type\":\"SearchAction\",\"target\":{\"@type\":\"EntryPoint\",\"urlTemplate\":\"https:\\\/\\\/alpen-markt.ch\\\/fr\\\/?s={search_term_string}\"},\"query-input\":{\"@type\":\"PropertyValueSpecification\",\"valueRequired\":true,\"valueName\":\"search_term_string\"}}],\"inLanguage\":\"fr-FR\"},{\"@type\":\"Organization\",\"@id\":\"https:\\\/\\\/alpen-markt.ch\\\/fr\\\/#organization\",\"name\":\"Alpenmarkt\",\"url\":\"https:\\\/\\\/alpen-markt.ch\\\/fr\\\/\",\"logo\":{\"@type\":\"ImageObject\",\"inLanguage\":\"fr-FR\",\"@id\":\"https:\\\/\\\/alpen-markt.ch\\\/fr\\\/#\\\/schema\\\/logo\\\/image\\\/\",\"url\":\"https:\\\/\\\/alpen-markt.ch\\\/wp-content\\\/uploads\\\/2025\\\/11\\\/logo-alpenmarkt.png\",\"contentUrl\":\"https:\\\/\\\/alpen-markt.ch\\\/wp-content\\\/uploads\\\/2025\\\/11\\\/logo-alpenmarkt.png\",\"width\":1048,\"height\":452,\"caption\":\"Alpenmarkt\"},\"image\":{\"@id\":\"https:\\\/\\\/alpen-markt.ch\\\/fr\\\/#\\\/schema\\\/logo\\\/image\\\/\"}}]}<\/script>\n<!-- \/ Yoast SEO plugin. -->","yoast_head_json":{"title":"La Bugadi\u00e8re - Lessive pour linge d\u00e9licat Savon blanc - Alpenmarkt","robots":{"index":"index","follow":"follow","max-snippet":"max-snippet:-1","max-image-preview":"max-image-preview:large","max-video-preview":"max-video-preview:-1"},"canonical":"https:\/\/alpen-markt.ch\/fr\/produkt\/la-bugadiere-lessive-pour-linge-delicat-savon-blanc\/","og_locale":"fr_FR","og_type":"article","og_title":"La Bugadi\u00e8re - Lessive pour linge d\u00e9licat Savon blanc - Alpenmarkt","og_description":"Des produits d&rsquo;entretien biod\u00e9gradables au parfum agr\u00e9able et enti\u00e8rement rechargeables : voil\u00e0 ce qu&rsquo;est \u00ab La Bugadi\u00e8re \u00bb. L&rsquo;entreprise \u00ab La Bugadi\u00e8re \u00bb, situ\u00e9e \u00e0 Ch\u00e2tel-St-Denis dans le canton de Fribourg, s&rsquo;est fix\u00e9 pour objectif en 2018 de fabriquer des produits d&rsquo;entretien et des lessives biod\u00e9gradables avec une gamme compl\u00e8te de produits et la possibilit\u00e9 [&hellip;]","og_url":"https:\/\/alpen-markt.ch\/fr\/produkt\/la-bugadiere-lessive-pour-linge-delicat-savon-blanc\/","og_site_name":"Alpenmarkt","og_image":[{"width":500,"height":500,"url":"https:\/\/alpen-markt.ch\/wp-content\/uploads\/2025\/11\/0d56e5fa-cb59-4f37-98af-57f8e724a267.png","type":"image\/png"}],"twitter_card":"summary_large_image","twitter_misc":{"Dur\u00e9e de lecture estim\u00e9e":"1 minute"},"schema":{"@context":"https:\/\/schema.org","@graph":[{"@type":"WebPage","@id":"https:\/\/alpen-markt.ch\/fr\/produkt\/la-bugadiere-lessive-pour-linge-delicat-savon-blanc\/","url":"https:\/\/alpen-markt.ch\/fr\/produkt\/la-bugadiere-lessive-pour-linge-delicat-savon-blanc\/","name":"La Bugadi\u00e8re - Lessive pour linge d\u00e9licat Savon blanc - Alpenmarkt","isPartOf":{"@id":"https:\/\/alpen-markt.ch\/fr\/#website"},"primaryImageOfPage":{"@id":"https:\/\/alpen-markt.ch\/fr\/produkt\/la-bugadiere-lessive-pour-linge-delicat-savon-blanc\/#primaryimage"},"image":{"@id":"https:\/\/alpen-markt.ch\/fr\/produkt\/la-bugadiere-lessive-pour-linge-delicat-savon-blanc\/#primaryimage"},"thumbnailUrl":"https:\/\/alpen-markt.ch\/wp-content\/uploads\/2025\/11\/0d56e5fa-cb59-4f37-98af-57f8e724a267.png","datePublished":"2025-11-25T15:50:27+00:00","breadcrumb":{"@id":"https:\/\/alpen-markt.ch\/fr\/produkt\/la-bugadiere-lessive-pour-linge-delicat-savon-blanc\/#breadcrumb"},"inLanguage":"fr-FR","potentialAction":[{"@type":"ReadAction","target":["https:\/\/alpen-markt.ch\/fr\/produkt\/la-bugadiere-lessive-pour-linge-delicat-savon-blanc\/"]}]},{"@type":"ImageObject","inLanguage":"fr-FR","@id":"https:\/\/alpen-markt.ch\/fr\/produkt\/la-bugadiere-lessive-pour-linge-delicat-savon-blanc\/#primaryimage","url":"https:\/\/alpen-markt.ch\/wp-content\/uploads\/2025\/11\/0d56e5fa-cb59-4f37-98af-57f8e724a267.png","contentUrl":"https:\/\/alpen-markt.ch\/wp-content\/uploads\/2025\/11\/0d56e5fa-cb59-4f37-98af-57f8e724a267.png","width":500,"height":500},{"@type":"BreadcrumbList","@id":"https:\/\/alpen-markt.ch\/fr\/produkt\/la-bugadiere-lessive-pour-linge-delicat-savon-blanc\/#breadcrumb","itemListElement":[{"@type":"ListItem","position":1,"name":"Startseite","item":"https:\/\/alpen-markt.ch\/fr\/home\/"},{"@type":"ListItem","position":2,"name":"Boutique en ligne","item":"https:\/\/alpen-markt.ch\/fr\/boutique-en-ligne\/"},{"@type":"ListItem","position":3,"name":"La Bugadi\u00e8re &#8211; Lessive pour linge d\u00e9licat Savon blanc"}]},{"@type":"WebSite","@id":"https:\/\/alpen-markt.ch\/fr\/#website","url":"https:\/\/alpen-markt.ch\/fr\/","name":"Alpenmarkt","description":"","publisher":{"@id":"https:\/\/alpen-markt.ch\/fr\/#organization"},"potentialAction":[{"@type":"SearchAction","target":{"@type":"EntryPoint","urlTemplate":"https:\/\/alpen-markt.ch\/fr\/?s={search_term_string}"},"query-input":{"@type":"PropertyValueSpecification","valueRequired":true,"valueName":"search_term_string"}}],"inLanguage":"fr-FR"},{"@type":"Organization","@id":"https:\/\/alpen-markt.ch\/fr\/#organization","name":"Alpenmarkt","url":"https:\/\/alpen-markt.ch\/fr\/","logo":{"@type":"ImageObject","inLanguage":"fr-FR","@id":"https:\/\/alpen-markt.ch\/fr\/#\/schema\/logo\/image\/","url":"https:\/\/alpen-markt.ch\/wp-content\/uploads\/2025\/11\/logo-alpenmarkt.png","contentUrl":"https:\/\/alpen-markt.ch\/wp-content\/uploads\/2025\/11\/logo-alpenmarkt.png","width":1048,"height":452,"caption":"Alpenmarkt"},"image":{"@id":"https:\/\/alpen-markt.ch\/fr\/#\/schema\/logo\/image\/"}}]}},"_links":{"self":[{"href":"https:\/\/alpen-markt.ch\/fr\/wp-json\/wp\/v2\/product\/4550","targetHints":{"allow":["GET"]}}],"collection":[{"href":"https:\/\/alpen-markt.ch\/fr\/wp-json\/wp\/v2\/product"}],"about":[{"href":"https:\/\/alpen-markt.ch\/fr\/wp-json\/wp\/v2\/types\/product"}],"wp:featuredmedia":[{"embeddable":true,"href":"https:\/\/alpen-markt.ch\/fr\/wp-json\/wp\/v2\/media\/4551"}],"wp:attachment":[{"href":"https:\/\/alpen-markt.ch\/fr\/wp-json\/wp\/v2\/media?parent=4550"}],"wp:term":[{"taxonomy":"product_brand","embeddable":true,"href":"https:\/\/alpen-markt.ch\/fr\/wp-json\/wp\/v2\/product_brand?post=4550"},{"taxonomy":"product_cat","embeddable":true,"href":"https:\/\/alpen-markt.ch\/fr\/wp-json\/wp\/v2\/product_cat?post=4550"},{"taxonomy":"product_tag","embeddable":true,"href":"https:\/\/alpen-markt.ch\/fr\/wp-json\/wp\/v2\/product_tag?post=4550"}],"curies":[{"name":"wp","href":"https:\/\/api.w.org\/{rel}","templated":true}]}}