{"id":4379,"date":"2025-11-25T16:50:30","date_gmt":"2025-11-25T15:50:30","guid":{"rendered":"https:\/\/alpen-markt.ch\/produkt\/ketchup-byodo\/"},"modified":"2025-11-25T16:50:30","modified_gmt":"2025-11-25T15:50:30","slug":"ketchup-byodo","status":"publish","type":"product","link":"https:\/\/alpen-markt.ch\/fr\/produkt\/ketchup-byodo\/","title":{"rendered":"Ketchup (Byodo)"},"content":{"rendered":"<p>L&rsquo;utilisation de tomates m\u00fbries au soleil, fra\u00eechement r\u00e9colt\u00e9es et juteuses, ainsi que la composition d&rsquo;\u00e9pices s\u00e9lectionn\u00e9es sont le secret du d\u00e9licieux ketchup \u00e0 la tomate Byodo. Id\u00e9al pour les grillades, les sauces, les frites et les saucisses. Appr\u00e9ci\u00e9 des petits et des grands. Utilisation Id\u00e9al pour les grillades, les sauces, les frites et les saucisses. Appr\u00e9ci\u00e9 des petits et des grands. Particularit\u00e9s &#8211; 100 % bio \u2013 teneur \u00e9lev\u00e9e en concentr\u00e9 de tomates \u2013 go\u00fbt fruit\u00e9 de tomate \u2013 sans liants, stabilisateurs ni conservateurs \u2013 sans exhausteurs de go\u00fbt ni ar\u00f4mes ajout\u00e9s     <\/p>\n<p>Conserver \u00e0 temp\u00e9rature ambiante .<\/p>\n<p>Ingr\u00e9dients<br \/>\nConcentr\u00e9 de tomates* (simple) 75 %, sucre de canne brut*, vinaigre d&rsquo;alcool*, sel gemme, \u00e9pices*. L\u00e9gende : * Biologique, ** Bourgeon, *** Demeter <\/p>\n<p>aucun allerg\u00e8ne<\/p>\n","protected":false},"excerpt":{"rendered":"<p>L&rsquo;utilisation de tomates m\u00fbries au soleil, fra\u00eechement r\u00e9colt\u00e9es et juteuses, ainsi que la composition d&rsquo;\u00e9pices s\u00e9lectionn\u00e9es sont le secret du d\u00e9licieux ketchup \u00e0 la tomate Byodo. Id\u00e9al pour les grillades, les sauces, les frites et les saucisses. Appr\u00e9ci\u00e9 des petits et des grands. Utilisation Id\u00e9al pour les grillades, les sauces, les frites et les saucisses. [&hellip;]<\/p>\n","protected":false},"featured_media":4380,"template":"","meta":[],"product_brand":[],"product_cat":[86],"product_tag":[],"class_list":{"0":"post-4379","1":"product","2":"type-product","3":"status-publish","4":"has-post-thumbnail","6":"product_cat-grotte-de-la-marmotte-bio-en-vrac","8":"first","9":"instock","10":"taxable","11":"shipping-taxable","12":"purchasable","13":"product-type-simple"},"yoast_head":"<!-- This site is optimized with the Yoast SEO plugin v27.4 - https:\/\/yoast.com\/product\/yoast-seo-wordpress\/ -->\n<title>Ketchup (Byodo) - Alpenmarkt<\/title>\n<meta name=\"robots\" content=\"index, follow, max-snippet:-1, max-image-preview:large, max-video-preview:-1\" \/>\n<link rel=\"canonical\" href=\"https:\/\/alpen-markt.ch\/fr\/produkt\/ketchup-byodo\/\" \/>\n<meta property=\"og:locale\" content=\"fr_FR\" \/>\n<meta property=\"og:type\" content=\"article\" \/>\n<meta property=\"og:title\" content=\"Ketchup (Byodo) - Alpenmarkt\" \/>\n<meta property=\"og:description\" content=\"L&rsquo;utilisation de tomates m\u00fbries au soleil, fra\u00eechement r\u00e9colt\u00e9es et juteuses, ainsi que la composition d&rsquo;\u00e9pices s\u00e9lectionn\u00e9es sont le secret du d\u00e9licieux ketchup \u00e0 la tomate Byodo. Id\u00e9al pour les grillades, les sauces, les frites et les saucisses. Appr\u00e9ci\u00e9 des petits et des grands. Utilisation Id\u00e9al pour les grillades, les sauces, les frites et les saucisses. [&hellip;]\" \/>\n<meta property=\"og:url\" content=\"https:\/\/alpen-markt.ch\/fr\/produkt\/ketchup-byodo\/\" \/>\n<meta property=\"og:site_name\" content=\"Alpenmarkt\" \/>\n<meta property=\"og:image\" content=\"https:\/\/alpen-markt.ch\/wp-content\/uploads\/2025\/11\/fca60cdb-e559-4de9-a9d1-1d3e2dd2e833.png\" \/>\n\t<meta property=\"og:image:width\" content=\"500\" \/>\n\t<meta property=\"og:image:height\" content=\"500\" \/>\n\t<meta property=\"og:image:type\" content=\"image\/png\" \/>\n<meta name=\"twitter:card\" content=\"summary_large_image\" \/>\n<meta name=\"twitter:label1\" content=\"Dur\u00e9e de lecture estim\u00e9e\" \/>\n\t<meta name=\"twitter:data1\" content=\"1 minute\" \/>\n<script type=\"application\/ld+json\" class=\"yoast-schema-graph\">{\"@context\":\"https:\\\/\\\/schema.org\",\"@graph\":[{\"@type\":\"WebPage\",\"@id\":\"https:\\\/\\\/alpen-markt.ch\\\/fr\\\/produkt\\\/ketchup-byodo\\\/\",\"url\":\"https:\\\/\\\/alpen-markt.ch\\\/fr\\\/produkt\\\/ketchup-byodo\\\/\",\"name\":\"Ketchup (Byodo) - Alpenmarkt\",\"isPartOf\":{\"@id\":\"https:\\\/\\\/alpen-markt.ch\\\/fr\\\/#website\"},\"primaryImageOfPage\":{\"@id\":\"https:\\\/\\\/alpen-markt.ch\\\/fr\\\/produkt\\\/ketchup-byodo\\\/#primaryimage\"},\"image\":{\"@id\":\"https:\\\/\\\/alpen-markt.ch\\\/fr\\\/produkt\\\/ketchup-byodo\\\/#primaryimage\"},\"thumbnailUrl\":\"https:\\\/\\\/alpen-markt.ch\\\/wp-content\\\/uploads\\\/2025\\\/11\\\/fca60cdb-e559-4de9-a9d1-1d3e2dd2e833.png\",\"datePublished\":\"2025-11-25T15:50:30+00:00\",\"breadcrumb\":{\"@id\":\"https:\\\/\\\/alpen-markt.ch\\\/fr\\\/produkt\\\/ketchup-byodo\\\/#breadcrumb\"},\"inLanguage\":\"fr-FR\",\"potentialAction\":[{\"@type\":\"ReadAction\",\"target\":[\"https:\\\/\\\/alpen-markt.ch\\\/fr\\\/produkt\\\/ketchup-byodo\\\/\"]}]},{\"@type\":\"ImageObject\",\"inLanguage\":\"fr-FR\",\"@id\":\"https:\\\/\\\/alpen-markt.ch\\\/fr\\\/produkt\\\/ketchup-byodo\\\/#primaryimage\",\"url\":\"https:\\\/\\\/alpen-markt.ch\\\/wp-content\\\/uploads\\\/2025\\\/11\\\/fca60cdb-e559-4de9-a9d1-1d3e2dd2e833.png\",\"contentUrl\":\"https:\\\/\\\/alpen-markt.ch\\\/wp-content\\\/uploads\\\/2025\\\/11\\\/fca60cdb-e559-4de9-a9d1-1d3e2dd2e833.png\",\"width\":500,\"height\":500},{\"@type\":\"BreadcrumbList\",\"@id\":\"https:\\\/\\\/alpen-markt.ch\\\/fr\\\/produkt\\\/ketchup-byodo\\\/#breadcrumb\",\"itemListElement\":[{\"@type\":\"ListItem\",\"position\":1,\"name\":\"Startseite\",\"item\":\"https:\\\/\\\/alpen-markt.ch\\\/fr\\\/home\\\/\"},{\"@type\":\"ListItem\",\"position\":2,\"name\":\"Boutique en ligne\",\"item\":\"https:\\\/\\\/alpen-markt.ch\\\/fr\\\/boutique-en-ligne\\\/\"},{\"@type\":\"ListItem\",\"position\":3,\"name\":\"Ketchup (Byodo)\"}]},{\"@type\":\"WebSite\",\"@id\":\"https:\\\/\\\/alpen-markt.ch\\\/fr\\\/#website\",\"url\":\"https:\\\/\\\/alpen-markt.ch\\\/fr\\\/\",\"name\":\"Alpenmarkt\",\"description\":\"\",\"publisher\":{\"@id\":\"https:\\\/\\\/alpen-markt.ch\\\/fr\\\/#organization\"},\"potentialAction\":[{\"@type\":\"SearchAction\",\"target\":{\"@type\":\"EntryPoint\",\"urlTemplate\":\"https:\\\/\\\/alpen-markt.ch\\\/fr\\\/?s={search_term_string}\"},\"query-input\":{\"@type\":\"PropertyValueSpecification\",\"valueRequired\":true,\"valueName\":\"search_term_string\"}}],\"inLanguage\":\"fr-FR\"},{\"@type\":\"Organization\",\"@id\":\"https:\\\/\\\/alpen-markt.ch\\\/fr\\\/#organization\",\"name\":\"Alpenmarkt\",\"url\":\"https:\\\/\\\/alpen-markt.ch\\\/fr\\\/\",\"logo\":{\"@type\":\"ImageObject\",\"inLanguage\":\"fr-FR\",\"@id\":\"https:\\\/\\\/alpen-markt.ch\\\/fr\\\/#\\\/schema\\\/logo\\\/image\\\/\",\"url\":\"https:\\\/\\\/alpen-markt.ch\\\/wp-content\\\/uploads\\\/2025\\\/11\\\/logo-alpenmarkt.png\",\"contentUrl\":\"https:\\\/\\\/alpen-markt.ch\\\/wp-content\\\/uploads\\\/2025\\\/11\\\/logo-alpenmarkt.png\",\"width\":1048,\"height\":452,\"caption\":\"Alpenmarkt\"},\"image\":{\"@id\":\"https:\\\/\\\/alpen-markt.ch\\\/fr\\\/#\\\/schema\\\/logo\\\/image\\\/\"}}]}<\/script>\n<!-- \/ Yoast SEO plugin. -->","yoast_head_json":{"title":"Ketchup (Byodo) - Alpenmarkt","robots":{"index":"index","follow":"follow","max-snippet":"max-snippet:-1","max-image-preview":"max-image-preview:large","max-video-preview":"max-video-preview:-1"},"canonical":"https:\/\/alpen-markt.ch\/fr\/produkt\/ketchup-byodo\/","og_locale":"fr_FR","og_type":"article","og_title":"Ketchup (Byodo) - Alpenmarkt","og_description":"L&rsquo;utilisation de tomates m\u00fbries au soleil, fra\u00eechement r\u00e9colt\u00e9es et juteuses, ainsi que la composition d&rsquo;\u00e9pices s\u00e9lectionn\u00e9es sont le secret du d\u00e9licieux ketchup \u00e0 la tomate Byodo. Id\u00e9al pour les grillades, les sauces, les frites et les saucisses. Appr\u00e9ci\u00e9 des petits et des grands. Utilisation Id\u00e9al pour les grillades, les sauces, les frites et les saucisses. [&hellip;]","og_url":"https:\/\/alpen-markt.ch\/fr\/produkt\/ketchup-byodo\/","og_site_name":"Alpenmarkt","og_image":[{"width":500,"height":500,"url":"https:\/\/alpen-markt.ch\/wp-content\/uploads\/2025\/11\/fca60cdb-e559-4de9-a9d1-1d3e2dd2e833.png","type":"image\/png"}],"twitter_card":"summary_large_image","twitter_misc":{"Dur\u00e9e de lecture estim\u00e9e":"1 minute"},"schema":{"@context":"https:\/\/schema.org","@graph":[{"@type":"WebPage","@id":"https:\/\/alpen-markt.ch\/fr\/produkt\/ketchup-byodo\/","url":"https:\/\/alpen-markt.ch\/fr\/produkt\/ketchup-byodo\/","name":"Ketchup (Byodo) - Alpenmarkt","isPartOf":{"@id":"https:\/\/alpen-markt.ch\/fr\/#website"},"primaryImageOfPage":{"@id":"https:\/\/alpen-markt.ch\/fr\/produkt\/ketchup-byodo\/#primaryimage"},"image":{"@id":"https:\/\/alpen-markt.ch\/fr\/produkt\/ketchup-byodo\/#primaryimage"},"thumbnailUrl":"https:\/\/alpen-markt.ch\/wp-content\/uploads\/2025\/11\/fca60cdb-e559-4de9-a9d1-1d3e2dd2e833.png","datePublished":"2025-11-25T15:50:30+00:00","breadcrumb":{"@id":"https:\/\/alpen-markt.ch\/fr\/produkt\/ketchup-byodo\/#breadcrumb"},"inLanguage":"fr-FR","potentialAction":[{"@type":"ReadAction","target":["https:\/\/alpen-markt.ch\/fr\/produkt\/ketchup-byodo\/"]}]},{"@type":"ImageObject","inLanguage":"fr-FR","@id":"https:\/\/alpen-markt.ch\/fr\/produkt\/ketchup-byodo\/#primaryimage","url":"https:\/\/alpen-markt.ch\/wp-content\/uploads\/2025\/11\/fca60cdb-e559-4de9-a9d1-1d3e2dd2e833.png","contentUrl":"https:\/\/alpen-markt.ch\/wp-content\/uploads\/2025\/11\/fca60cdb-e559-4de9-a9d1-1d3e2dd2e833.png","width":500,"height":500},{"@type":"BreadcrumbList","@id":"https:\/\/alpen-markt.ch\/fr\/produkt\/ketchup-byodo\/#breadcrumb","itemListElement":[{"@type":"ListItem","position":1,"name":"Startseite","item":"https:\/\/alpen-markt.ch\/fr\/home\/"},{"@type":"ListItem","position":2,"name":"Boutique en ligne","item":"https:\/\/alpen-markt.ch\/fr\/boutique-en-ligne\/"},{"@type":"ListItem","position":3,"name":"Ketchup (Byodo)"}]},{"@type":"WebSite","@id":"https:\/\/alpen-markt.ch\/fr\/#website","url":"https:\/\/alpen-markt.ch\/fr\/","name":"Alpenmarkt","description":"","publisher":{"@id":"https:\/\/alpen-markt.ch\/fr\/#organization"},"potentialAction":[{"@type":"SearchAction","target":{"@type":"EntryPoint","urlTemplate":"https:\/\/alpen-markt.ch\/fr\/?s={search_term_string}"},"query-input":{"@type":"PropertyValueSpecification","valueRequired":true,"valueName":"search_term_string"}}],"inLanguage":"fr-FR"},{"@type":"Organization","@id":"https:\/\/alpen-markt.ch\/fr\/#organization","name":"Alpenmarkt","url":"https:\/\/alpen-markt.ch\/fr\/","logo":{"@type":"ImageObject","inLanguage":"fr-FR","@id":"https:\/\/alpen-markt.ch\/fr\/#\/schema\/logo\/image\/","url":"https:\/\/alpen-markt.ch\/wp-content\/uploads\/2025\/11\/logo-alpenmarkt.png","contentUrl":"https:\/\/alpen-markt.ch\/wp-content\/uploads\/2025\/11\/logo-alpenmarkt.png","width":1048,"height":452,"caption":"Alpenmarkt"},"image":{"@id":"https:\/\/alpen-markt.ch\/fr\/#\/schema\/logo\/image\/"}}]}},"_links":{"self":[{"href":"https:\/\/alpen-markt.ch\/fr\/wp-json\/wp\/v2\/product\/4379","targetHints":{"allow":["GET"]}}],"collection":[{"href":"https:\/\/alpen-markt.ch\/fr\/wp-json\/wp\/v2\/product"}],"about":[{"href":"https:\/\/alpen-markt.ch\/fr\/wp-json\/wp\/v2\/types\/product"}],"wp:featuredmedia":[{"embeddable":true,"href":"https:\/\/alpen-markt.ch\/fr\/wp-json\/wp\/v2\/media\/4380"}],"wp:attachment":[{"href":"https:\/\/alpen-markt.ch\/fr\/wp-json\/wp\/v2\/media?parent=4379"}],"wp:term":[{"taxonomy":"product_brand","embeddable":true,"href":"https:\/\/alpen-markt.ch\/fr\/wp-json\/wp\/v2\/product_brand?post=4379"},{"taxonomy":"product_cat","embeddable":true,"href":"https:\/\/alpen-markt.ch\/fr\/wp-json\/wp\/v2\/product_cat?post=4379"},{"taxonomy":"product_tag","embeddable":true,"href":"https:\/\/alpen-markt.ch\/fr\/wp-json\/wp\/v2\/product_tag?post=4379"}],"curies":[{"name":"wp","href":"https:\/\/api.w.org\/{rel}","templated":true}]}}