{"id":4377,"date":"2025-11-25T16:50:30","date_gmt":"2025-11-25T15:50:30","guid":{"rendered":"https:\/\/alpen-markt.ch\/produkt\/cosses-de-psyllium-govinda\/"},"modified":"2025-11-25T16:50:30","modified_gmt":"2025-11-25T15:50:30","slug":"cosses-de-psyllium-govinda","status":"publish","type":"product","link":"https:\/\/alpen-markt.ch\/fr\/produkt\/cosses-de-psyllium-govinda\/","title":{"rendered":"Cosses de psyllium (Govinda)"},"content":{"rendered":"<p>Le secret des petites graines principalement cultiv\u00e9es en Inde : elles contiennent beaucoup de psyllium. Cette fibre alimentaire est extr\u00eamement gonflante et se caract\u00e9rise par une grande capacit\u00e9 de liaison. <\/p>\n<p>pour enrichir avec des fibres alimentaires, par exemple dans les c\u00e9r\u00e9ales, les smoothies ou le pain<\/p>\n<p>Conserver au frais et au sec .<\/p>\n<p>Ingr\u00e9dients<br \/>\nEnveloppes de psyllium* 100 %. L\u00e9gende : * Biologique, ** Bourgeon, *** Demeter <\/p>\n<p>Informations sur les allergies<br \/>\nPeut contenir des traces de : arachides, soja, lait, fruits \u00e0 coque, s\u00e9same, lupin.<\/p>\n","protected":false},"excerpt":{"rendered":"<p>Le secret des petites graines principalement cultiv\u00e9es en Inde : elles contiennent beaucoup de psyllium. Cette fibre alimentaire est extr\u00eamement gonflante et se caract\u00e9rise par une grande capacit\u00e9 de liaison. pour enrichir avec des fibres alimentaires, par exemple dans les c\u00e9r\u00e9ales, les smoothies ou le pain Conserver au frais et au sec . Ingr\u00e9dients Enveloppes [&hellip;]<\/p>\n","protected":false},"featured_media":4378,"template":"","meta":[],"product_brand":[],"product_cat":[86],"product_tag":[],"class_list":{"0":"post-4377","1":"product","2":"type-product","3":"status-publish","4":"has-post-thumbnail","6":"product_cat-grotte-de-la-marmotte-bio-en-vrac","8":"first","9":"instock","10":"taxable","11":"shipping-taxable","12":"purchasable","13":"product-type-simple"},"yoast_head":"<!-- This site is optimized with the Yoast SEO plugin v27.4 - https:\/\/yoast.com\/product\/yoast-seo-wordpress\/ -->\n<title>Cosses de psyllium (Govinda) - Alpenmarkt<\/title>\n<meta name=\"robots\" content=\"index, follow, max-snippet:-1, max-image-preview:large, max-video-preview:-1\" \/>\n<link rel=\"canonical\" href=\"https:\/\/alpen-markt.ch\/fr\/produkt\/cosses-de-psyllium-govinda\/\" \/>\n<meta property=\"og:locale\" content=\"fr_FR\" \/>\n<meta property=\"og:type\" content=\"article\" \/>\n<meta property=\"og:title\" content=\"Cosses de psyllium (Govinda) - Alpenmarkt\" \/>\n<meta property=\"og:description\" content=\"Le secret des petites graines principalement cultiv\u00e9es en Inde : elles contiennent beaucoup de psyllium. Cette fibre alimentaire est extr\u00eamement gonflante et se caract\u00e9rise par une grande capacit\u00e9 de liaison. pour enrichir avec des fibres alimentaires, par exemple dans les c\u00e9r\u00e9ales, les smoothies ou le pain Conserver au frais et au sec . Ingr\u00e9dients Enveloppes [&hellip;]\" \/>\n<meta property=\"og:url\" content=\"https:\/\/alpen-markt.ch\/fr\/produkt\/cosses-de-psyllium-govinda\/\" \/>\n<meta property=\"og:site_name\" content=\"Alpenmarkt\" \/>\n<meta property=\"og:image\" content=\"https:\/\/alpen-markt.ch\/wp-content\/uploads\/2025\/11\/cb99537e-59d3-4b12-aa4c-ed0a7de2b917.png\" \/>\n\t<meta property=\"og:image:width\" content=\"500\" \/>\n\t<meta property=\"og:image:height\" content=\"500\" \/>\n\t<meta property=\"og:image:type\" content=\"image\/png\" \/>\n<meta name=\"twitter:card\" content=\"summary_large_image\" \/>\n<script type=\"application\/ld+json\" class=\"yoast-schema-graph\">{\"@context\":\"https:\\\/\\\/schema.org\",\"@graph\":[{\"@type\":\"WebPage\",\"@id\":\"https:\\\/\\\/alpen-markt.ch\\\/fr\\\/produkt\\\/cosses-de-psyllium-govinda\\\/\",\"url\":\"https:\\\/\\\/alpen-markt.ch\\\/fr\\\/produkt\\\/cosses-de-psyllium-govinda\\\/\",\"name\":\"Cosses de psyllium (Govinda) - Alpenmarkt\",\"isPartOf\":{\"@id\":\"https:\\\/\\\/alpen-markt.ch\\\/fr\\\/#website\"},\"primaryImageOfPage\":{\"@id\":\"https:\\\/\\\/alpen-markt.ch\\\/fr\\\/produkt\\\/cosses-de-psyllium-govinda\\\/#primaryimage\"},\"image\":{\"@id\":\"https:\\\/\\\/alpen-markt.ch\\\/fr\\\/produkt\\\/cosses-de-psyllium-govinda\\\/#primaryimage\"},\"thumbnailUrl\":\"https:\\\/\\\/alpen-markt.ch\\\/wp-content\\\/uploads\\\/2025\\\/11\\\/cb99537e-59d3-4b12-aa4c-ed0a7de2b917.png\",\"datePublished\":\"2025-11-25T15:50:30+00:00\",\"breadcrumb\":{\"@id\":\"https:\\\/\\\/alpen-markt.ch\\\/fr\\\/produkt\\\/cosses-de-psyllium-govinda\\\/#breadcrumb\"},\"inLanguage\":\"fr-FR\",\"potentialAction\":[{\"@type\":\"ReadAction\",\"target\":[\"https:\\\/\\\/alpen-markt.ch\\\/fr\\\/produkt\\\/cosses-de-psyllium-govinda\\\/\"]}]},{\"@type\":\"ImageObject\",\"inLanguage\":\"fr-FR\",\"@id\":\"https:\\\/\\\/alpen-markt.ch\\\/fr\\\/produkt\\\/cosses-de-psyllium-govinda\\\/#primaryimage\",\"url\":\"https:\\\/\\\/alpen-markt.ch\\\/wp-content\\\/uploads\\\/2025\\\/11\\\/cb99537e-59d3-4b12-aa4c-ed0a7de2b917.png\",\"contentUrl\":\"https:\\\/\\\/alpen-markt.ch\\\/wp-content\\\/uploads\\\/2025\\\/11\\\/cb99537e-59d3-4b12-aa4c-ed0a7de2b917.png\",\"width\":500,\"height\":500},{\"@type\":\"BreadcrumbList\",\"@id\":\"https:\\\/\\\/alpen-markt.ch\\\/fr\\\/produkt\\\/cosses-de-psyllium-govinda\\\/#breadcrumb\",\"itemListElement\":[{\"@type\":\"ListItem\",\"position\":1,\"name\":\"Startseite\",\"item\":\"https:\\\/\\\/alpen-markt.ch\\\/fr\\\/home\\\/\"},{\"@type\":\"ListItem\",\"position\":2,\"name\":\"Boutique en ligne\",\"item\":\"https:\\\/\\\/alpen-markt.ch\\\/fr\\\/boutique-en-ligne\\\/\"},{\"@type\":\"ListItem\",\"position\":3,\"name\":\"Cosses de psyllium (Govinda)\"}]},{\"@type\":\"WebSite\",\"@id\":\"https:\\\/\\\/alpen-markt.ch\\\/fr\\\/#website\",\"url\":\"https:\\\/\\\/alpen-markt.ch\\\/fr\\\/\",\"name\":\"Alpenmarkt\",\"description\":\"\",\"publisher\":{\"@id\":\"https:\\\/\\\/alpen-markt.ch\\\/fr\\\/#organization\"},\"potentialAction\":[{\"@type\":\"SearchAction\",\"target\":{\"@type\":\"EntryPoint\",\"urlTemplate\":\"https:\\\/\\\/alpen-markt.ch\\\/fr\\\/?s={search_term_string}\"},\"query-input\":{\"@type\":\"PropertyValueSpecification\",\"valueRequired\":true,\"valueName\":\"search_term_string\"}}],\"inLanguage\":\"fr-FR\"},{\"@type\":\"Organization\",\"@id\":\"https:\\\/\\\/alpen-markt.ch\\\/fr\\\/#organization\",\"name\":\"Alpenmarkt\",\"url\":\"https:\\\/\\\/alpen-markt.ch\\\/fr\\\/\",\"logo\":{\"@type\":\"ImageObject\",\"inLanguage\":\"fr-FR\",\"@id\":\"https:\\\/\\\/alpen-markt.ch\\\/fr\\\/#\\\/schema\\\/logo\\\/image\\\/\",\"url\":\"https:\\\/\\\/alpen-markt.ch\\\/wp-content\\\/uploads\\\/2025\\\/11\\\/logo-alpenmarkt.png\",\"contentUrl\":\"https:\\\/\\\/alpen-markt.ch\\\/wp-content\\\/uploads\\\/2025\\\/11\\\/logo-alpenmarkt.png\",\"width\":1048,\"height\":452,\"caption\":\"Alpenmarkt\"},\"image\":{\"@id\":\"https:\\\/\\\/alpen-markt.ch\\\/fr\\\/#\\\/schema\\\/logo\\\/image\\\/\"}}]}<\/script>\n<!-- \/ Yoast SEO plugin. -->","yoast_head_json":{"title":"Cosses de psyllium (Govinda) - Alpenmarkt","robots":{"index":"index","follow":"follow","max-snippet":"max-snippet:-1","max-image-preview":"max-image-preview:large","max-video-preview":"max-video-preview:-1"},"canonical":"https:\/\/alpen-markt.ch\/fr\/produkt\/cosses-de-psyllium-govinda\/","og_locale":"fr_FR","og_type":"article","og_title":"Cosses de psyllium (Govinda) - Alpenmarkt","og_description":"Le secret des petites graines principalement cultiv\u00e9es en Inde : elles contiennent beaucoup de psyllium. Cette fibre alimentaire est extr\u00eamement gonflante et se caract\u00e9rise par une grande capacit\u00e9 de liaison. pour enrichir avec des fibres alimentaires, par exemple dans les c\u00e9r\u00e9ales, les smoothies ou le pain Conserver au frais et au sec . Ingr\u00e9dients Enveloppes [&hellip;]","og_url":"https:\/\/alpen-markt.ch\/fr\/produkt\/cosses-de-psyllium-govinda\/","og_site_name":"Alpenmarkt","og_image":[{"width":500,"height":500,"url":"https:\/\/alpen-markt.ch\/wp-content\/uploads\/2025\/11\/cb99537e-59d3-4b12-aa4c-ed0a7de2b917.png","type":"image\/png"}],"twitter_card":"summary_large_image","schema":{"@context":"https:\/\/schema.org","@graph":[{"@type":"WebPage","@id":"https:\/\/alpen-markt.ch\/fr\/produkt\/cosses-de-psyllium-govinda\/","url":"https:\/\/alpen-markt.ch\/fr\/produkt\/cosses-de-psyllium-govinda\/","name":"Cosses de psyllium (Govinda) - Alpenmarkt","isPartOf":{"@id":"https:\/\/alpen-markt.ch\/fr\/#website"},"primaryImageOfPage":{"@id":"https:\/\/alpen-markt.ch\/fr\/produkt\/cosses-de-psyllium-govinda\/#primaryimage"},"image":{"@id":"https:\/\/alpen-markt.ch\/fr\/produkt\/cosses-de-psyllium-govinda\/#primaryimage"},"thumbnailUrl":"https:\/\/alpen-markt.ch\/wp-content\/uploads\/2025\/11\/cb99537e-59d3-4b12-aa4c-ed0a7de2b917.png","datePublished":"2025-11-25T15:50:30+00:00","breadcrumb":{"@id":"https:\/\/alpen-markt.ch\/fr\/produkt\/cosses-de-psyllium-govinda\/#breadcrumb"},"inLanguage":"fr-FR","potentialAction":[{"@type":"ReadAction","target":["https:\/\/alpen-markt.ch\/fr\/produkt\/cosses-de-psyllium-govinda\/"]}]},{"@type":"ImageObject","inLanguage":"fr-FR","@id":"https:\/\/alpen-markt.ch\/fr\/produkt\/cosses-de-psyllium-govinda\/#primaryimage","url":"https:\/\/alpen-markt.ch\/wp-content\/uploads\/2025\/11\/cb99537e-59d3-4b12-aa4c-ed0a7de2b917.png","contentUrl":"https:\/\/alpen-markt.ch\/wp-content\/uploads\/2025\/11\/cb99537e-59d3-4b12-aa4c-ed0a7de2b917.png","width":500,"height":500},{"@type":"BreadcrumbList","@id":"https:\/\/alpen-markt.ch\/fr\/produkt\/cosses-de-psyllium-govinda\/#breadcrumb","itemListElement":[{"@type":"ListItem","position":1,"name":"Startseite","item":"https:\/\/alpen-markt.ch\/fr\/home\/"},{"@type":"ListItem","position":2,"name":"Boutique en ligne","item":"https:\/\/alpen-markt.ch\/fr\/boutique-en-ligne\/"},{"@type":"ListItem","position":3,"name":"Cosses de psyllium (Govinda)"}]},{"@type":"WebSite","@id":"https:\/\/alpen-markt.ch\/fr\/#website","url":"https:\/\/alpen-markt.ch\/fr\/","name":"Alpenmarkt","description":"","publisher":{"@id":"https:\/\/alpen-markt.ch\/fr\/#organization"},"potentialAction":[{"@type":"SearchAction","target":{"@type":"EntryPoint","urlTemplate":"https:\/\/alpen-markt.ch\/fr\/?s={search_term_string}"},"query-input":{"@type":"PropertyValueSpecification","valueRequired":true,"valueName":"search_term_string"}}],"inLanguage":"fr-FR"},{"@type":"Organization","@id":"https:\/\/alpen-markt.ch\/fr\/#organization","name":"Alpenmarkt","url":"https:\/\/alpen-markt.ch\/fr\/","logo":{"@type":"ImageObject","inLanguage":"fr-FR","@id":"https:\/\/alpen-markt.ch\/fr\/#\/schema\/logo\/image\/","url":"https:\/\/alpen-markt.ch\/wp-content\/uploads\/2025\/11\/logo-alpenmarkt.png","contentUrl":"https:\/\/alpen-markt.ch\/wp-content\/uploads\/2025\/11\/logo-alpenmarkt.png","width":1048,"height":452,"caption":"Alpenmarkt"},"image":{"@id":"https:\/\/alpen-markt.ch\/fr\/#\/schema\/logo\/image\/"}}]}},"_links":{"self":[{"href":"https:\/\/alpen-markt.ch\/fr\/wp-json\/wp\/v2\/product\/4377","targetHints":{"allow":["GET"]}}],"collection":[{"href":"https:\/\/alpen-markt.ch\/fr\/wp-json\/wp\/v2\/product"}],"about":[{"href":"https:\/\/alpen-markt.ch\/fr\/wp-json\/wp\/v2\/types\/product"}],"wp:featuredmedia":[{"embeddable":true,"href":"https:\/\/alpen-markt.ch\/fr\/wp-json\/wp\/v2\/media\/4378"}],"wp:attachment":[{"href":"https:\/\/alpen-markt.ch\/fr\/wp-json\/wp\/v2\/media?parent=4377"}],"wp:term":[{"taxonomy":"product_brand","embeddable":true,"href":"https:\/\/alpen-markt.ch\/fr\/wp-json\/wp\/v2\/product_brand?post=4377"},{"taxonomy":"product_cat","embeddable":true,"href":"https:\/\/alpen-markt.ch\/fr\/wp-json\/wp\/v2\/product_cat?post=4377"},{"taxonomy":"product_tag","embeddable":true,"href":"https:\/\/alpen-markt.ch\/fr\/wp-json\/wp\/v2\/product_tag?post=4377"}],"curies":[{"name":"wp","href":"https:\/\/api.w.org\/{rel}","templated":true}]}}