{"id":4319,"date":"2025-11-25T16:50:29","date_gmt":"2025-11-25T15:50:29","guid":{"rendered":"https:\/\/alpen-markt.ch\/produkt\/chocolat-avec-sucre-de-fleur-de-coco-rapunzel\/"},"modified":"2025-11-25T16:50:29","modified_gmt":"2025-11-25T15:50:29","slug":"chocolat-avec-sucre-de-fleur-de-coco-rapunzel","status":"publish","type":"product","link":"https:\/\/alpen-markt.ch\/fr\/produkt\/chocolat-avec-sucre-de-fleur-de-coco-rapunzel\/","title":{"rendered":"Chocolat avec sucre de fleur de coco (Rapunzel)"},"content":{"rendered":"<p>Chocolat noir pur cacao, avec sucre de fleur de coco, teneur en cacao de 90 %, v\u00e9g\u00e9talien, certifi\u00e9 biologique par l&rsquo;UE<\/p>\n<p>90 % de cacao \u00e9quitable de la meilleure qualit\u00e9 font de ce chocolat plein de caract\u00e8re une exp\u00e9rience gustative intense. Le sucre de fleur de coco lui conf\u00e8re une note discr\u00e8te de caramel. Son fondant d\u00e9licat rend son d\u00e9gustation parfaite !  <\/p>\n<p>Conserver au frais et au sec .<\/p>\n<p>Ingr\u00e9dients<br \/>\nP\u00e2te de cacao*, sucre de fleur de coco* 8 %, beurre de cacao*, vanille Bourbon*. L\u00e9gende : * Biologique, ** Bourgeon, *** Demeter <\/p>\n<p>Peut contenir des traces de : soja, lait, lactose, fruits \u00e0 coque.<\/p>\n","protected":false},"excerpt":{"rendered":"<p>Chocolat noir pur cacao, avec sucre de fleur de coco, teneur en cacao de 90 %, v\u00e9g\u00e9talien, certifi\u00e9 biologique par l&rsquo;UE 90 % de cacao \u00e9quitable de la meilleure qualit\u00e9 font de ce chocolat plein de caract\u00e8re une exp\u00e9rience gustative intense. Le sucre de fleur de coco lui conf\u00e8re une note discr\u00e8te de caramel. Son [&hellip;]<\/p>\n","protected":false},"featured_media":4320,"template":"","meta":[],"product_brand":[],"product_cat":[86],"product_tag":[],"class_list":{"0":"post-4319","1":"product","2":"type-product","3":"status-publish","4":"has-post-thumbnail","6":"product_cat-grotte-de-la-marmotte-bio-en-vrac","8":"first","9":"instock","10":"taxable","11":"shipping-taxable","12":"purchasable","13":"product-type-simple"},"yoast_head":"<!-- This site is optimized with the Yoast SEO plugin v27.4 - https:\/\/yoast.com\/product\/yoast-seo-wordpress\/ -->\n<title>Chocolat avec sucre de fleur de coco (Rapunzel) - Alpenmarkt<\/title>\n<meta name=\"robots\" content=\"index, follow, max-snippet:-1, max-image-preview:large, max-video-preview:-1\" \/>\n<link rel=\"canonical\" href=\"https:\/\/alpen-markt.ch\/fr\/produkt\/chocolat-avec-sucre-de-fleur-de-coco-rapunzel\/\" \/>\n<meta property=\"og:locale\" content=\"fr_FR\" \/>\n<meta property=\"og:type\" content=\"article\" \/>\n<meta property=\"og:title\" content=\"Chocolat avec sucre de fleur de coco (Rapunzel) - Alpenmarkt\" \/>\n<meta property=\"og:description\" content=\"Chocolat noir pur cacao, avec sucre de fleur de coco, teneur en cacao de 90 %, v\u00e9g\u00e9talien, certifi\u00e9 biologique par l&rsquo;UE 90 % de cacao \u00e9quitable de la meilleure qualit\u00e9 font de ce chocolat plein de caract\u00e8re une exp\u00e9rience gustative intense. Le sucre de fleur de coco lui conf\u00e8re une note discr\u00e8te de caramel. Son [&hellip;]\" \/>\n<meta property=\"og:url\" content=\"https:\/\/alpen-markt.ch\/fr\/produkt\/chocolat-avec-sucre-de-fleur-de-coco-rapunzel\/\" \/>\n<meta property=\"og:site_name\" content=\"Alpenmarkt\" \/>\n<meta property=\"og:image\" content=\"https:\/\/alpen-markt.ch\/wp-content\/uploads\/2025\/11\/9970f3f6-e71e-4547-9966-7194701c4e83.png\" \/>\n\t<meta property=\"og:image:width\" content=\"500\" \/>\n\t<meta property=\"og:image:height\" content=\"500\" \/>\n\t<meta property=\"og:image:type\" content=\"image\/png\" \/>\n<meta name=\"twitter:card\" content=\"summary_large_image\" \/>\n<meta name=\"twitter:label1\" content=\"Dur\u00e9e de lecture estim\u00e9e\" \/>\n\t<meta name=\"twitter:data1\" content=\"1 minute\" \/>\n<script type=\"application\/ld+json\" class=\"yoast-schema-graph\">{\"@context\":\"https:\\\/\\\/schema.org\",\"@graph\":[{\"@type\":\"WebPage\",\"@id\":\"https:\\\/\\\/alpen-markt.ch\\\/fr\\\/produkt\\\/chocolat-avec-sucre-de-fleur-de-coco-rapunzel\\\/\",\"url\":\"https:\\\/\\\/alpen-markt.ch\\\/fr\\\/produkt\\\/chocolat-avec-sucre-de-fleur-de-coco-rapunzel\\\/\",\"name\":\"Chocolat avec sucre de fleur de coco (Rapunzel) - Alpenmarkt\",\"isPartOf\":{\"@id\":\"https:\\\/\\\/alpen-markt.ch\\\/fr\\\/#website\"},\"primaryImageOfPage\":{\"@id\":\"https:\\\/\\\/alpen-markt.ch\\\/fr\\\/produkt\\\/chocolat-avec-sucre-de-fleur-de-coco-rapunzel\\\/#primaryimage\"},\"image\":{\"@id\":\"https:\\\/\\\/alpen-markt.ch\\\/fr\\\/produkt\\\/chocolat-avec-sucre-de-fleur-de-coco-rapunzel\\\/#primaryimage\"},\"thumbnailUrl\":\"https:\\\/\\\/alpen-markt.ch\\\/wp-content\\\/uploads\\\/2025\\\/11\\\/9970f3f6-e71e-4547-9966-7194701c4e83.png\",\"datePublished\":\"2025-11-25T15:50:29+00:00\",\"breadcrumb\":{\"@id\":\"https:\\\/\\\/alpen-markt.ch\\\/fr\\\/produkt\\\/chocolat-avec-sucre-de-fleur-de-coco-rapunzel\\\/#breadcrumb\"},\"inLanguage\":\"fr-FR\",\"potentialAction\":[{\"@type\":\"ReadAction\",\"target\":[\"https:\\\/\\\/alpen-markt.ch\\\/fr\\\/produkt\\\/chocolat-avec-sucre-de-fleur-de-coco-rapunzel\\\/\"]}]},{\"@type\":\"ImageObject\",\"inLanguage\":\"fr-FR\",\"@id\":\"https:\\\/\\\/alpen-markt.ch\\\/fr\\\/produkt\\\/chocolat-avec-sucre-de-fleur-de-coco-rapunzel\\\/#primaryimage\",\"url\":\"https:\\\/\\\/alpen-markt.ch\\\/wp-content\\\/uploads\\\/2025\\\/11\\\/9970f3f6-e71e-4547-9966-7194701c4e83.png\",\"contentUrl\":\"https:\\\/\\\/alpen-markt.ch\\\/wp-content\\\/uploads\\\/2025\\\/11\\\/9970f3f6-e71e-4547-9966-7194701c4e83.png\",\"width\":500,\"height\":500},{\"@type\":\"BreadcrumbList\",\"@id\":\"https:\\\/\\\/alpen-markt.ch\\\/fr\\\/produkt\\\/chocolat-avec-sucre-de-fleur-de-coco-rapunzel\\\/#breadcrumb\",\"itemListElement\":[{\"@type\":\"ListItem\",\"position\":1,\"name\":\"Startseite\",\"item\":\"https:\\\/\\\/alpen-markt.ch\\\/fr\\\/home\\\/\"},{\"@type\":\"ListItem\",\"position\":2,\"name\":\"Boutique en ligne\",\"item\":\"https:\\\/\\\/alpen-markt.ch\\\/fr\\\/boutique-en-ligne\\\/\"},{\"@type\":\"ListItem\",\"position\":3,\"name\":\"Chocolat avec sucre de fleur de coco (Rapunzel)\"}]},{\"@type\":\"WebSite\",\"@id\":\"https:\\\/\\\/alpen-markt.ch\\\/fr\\\/#website\",\"url\":\"https:\\\/\\\/alpen-markt.ch\\\/fr\\\/\",\"name\":\"Alpenmarkt\",\"description\":\"\",\"publisher\":{\"@id\":\"https:\\\/\\\/alpen-markt.ch\\\/fr\\\/#organization\"},\"potentialAction\":[{\"@type\":\"SearchAction\",\"target\":{\"@type\":\"EntryPoint\",\"urlTemplate\":\"https:\\\/\\\/alpen-markt.ch\\\/fr\\\/?s={search_term_string}\"},\"query-input\":{\"@type\":\"PropertyValueSpecification\",\"valueRequired\":true,\"valueName\":\"search_term_string\"}}],\"inLanguage\":\"fr-FR\"},{\"@type\":\"Organization\",\"@id\":\"https:\\\/\\\/alpen-markt.ch\\\/fr\\\/#organization\",\"name\":\"Alpenmarkt\",\"url\":\"https:\\\/\\\/alpen-markt.ch\\\/fr\\\/\",\"logo\":{\"@type\":\"ImageObject\",\"inLanguage\":\"fr-FR\",\"@id\":\"https:\\\/\\\/alpen-markt.ch\\\/fr\\\/#\\\/schema\\\/logo\\\/image\\\/\",\"url\":\"https:\\\/\\\/alpen-markt.ch\\\/wp-content\\\/uploads\\\/2025\\\/11\\\/logo-alpenmarkt.png\",\"contentUrl\":\"https:\\\/\\\/alpen-markt.ch\\\/wp-content\\\/uploads\\\/2025\\\/11\\\/logo-alpenmarkt.png\",\"width\":1048,\"height\":452,\"caption\":\"Alpenmarkt\"},\"image\":{\"@id\":\"https:\\\/\\\/alpen-markt.ch\\\/fr\\\/#\\\/schema\\\/logo\\\/image\\\/\"}}]}<\/script>\n<!-- \/ Yoast SEO plugin. -->","yoast_head_json":{"title":"Chocolat avec sucre de fleur de coco (Rapunzel) - Alpenmarkt","robots":{"index":"index","follow":"follow","max-snippet":"max-snippet:-1","max-image-preview":"max-image-preview:large","max-video-preview":"max-video-preview:-1"},"canonical":"https:\/\/alpen-markt.ch\/fr\/produkt\/chocolat-avec-sucre-de-fleur-de-coco-rapunzel\/","og_locale":"fr_FR","og_type":"article","og_title":"Chocolat avec sucre de fleur de coco (Rapunzel) - Alpenmarkt","og_description":"Chocolat noir pur cacao, avec sucre de fleur de coco, teneur en cacao de 90 %, v\u00e9g\u00e9talien, certifi\u00e9 biologique par l&rsquo;UE 90 % de cacao \u00e9quitable de la meilleure qualit\u00e9 font de ce chocolat plein de caract\u00e8re une exp\u00e9rience gustative intense. Le sucre de fleur de coco lui conf\u00e8re une note discr\u00e8te de caramel. Son [&hellip;]","og_url":"https:\/\/alpen-markt.ch\/fr\/produkt\/chocolat-avec-sucre-de-fleur-de-coco-rapunzel\/","og_site_name":"Alpenmarkt","og_image":[{"width":500,"height":500,"url":"https:\/\/alpen-markt.ch\/wp-content\/uploads\/2025\/11\/9970f3f6-e71e-4547-9966-7194701c4e83.png","type":"image\/png"}],"twitter_card":"summary_large_image","twitter_misc":{"Dur\u00e9e de lecture estim\u00e9e":"1 minute"},"schema":{"@context":"https:\/\/schema.org","@graph":[{"@type":"WebPage","@id":"https:\/\/alpen-markt.ch\/fr\/produkt\/chocolat-avec-sucre-de-fleur-de-coco-rapunzel\/","url":"https:\/\/alpen-markt.ch\/fr\/produkt\/chocolat-avec-sucre-de-fleur-de-coco-rapunzel\/","name":"Chocolat avec sucre de fleur de coco (Rapunzel) - Alpenmarkt","isPartOf":{"@id":"https:\/\/alpen-markt.ch\/fr\/#website"},"primaryImageOfPage":{"@id":"https:\/\/alpen-markt.ch\/fr\/produkt\/chocolat-avec-sucre-de-fleur-de-coco-rapunzel\/#primaryimage"},"image":{"@id":"https:\/\/alpen-markt.ch\/fr\/produkt\/chocolat-avec-sucre-de-fleur-de-coco-rapunzel\/#primaryimage"},"thumbnailUrl":"https:\/\/alpen-markt.ch\/wp-content\/uploads\/2025\/11\/9970f3f6-e71e-4547-9966-7194701c4e83.png","datePublished":"2025-11-25T15:50:29+00:00","breadcrumb":{"@id":"https:\/\/alpen-markt.ch\/fr\/produkt\/chocolat-avec-sucre-de-fleur-de-coco-rapunzel\/#breadcrumb"},"inLanguage":"fr-FR","potentialAction":[{"@type":"ReadAction","target":["https:\/\/alpen-markt.ch\/fr\/produkt\/chocolat-avec-sucre-de-fleur-de-coco-rapunzel\/"]}]},{"@type":"ImageObject","inLanguage":"fr-FR","@id":"https:\/\/alpen-markt.ch\/fr\/produkt\/chocolat-avec-sucre-de-fleur-de-coco-rapunzel\/#primaryimage","url":"https:\/\/alpen-markt.ch\/wp-content\/uploads\/2025\/11\/9970f3f6-e71e-4547-9966-7194701c4e83.png","contentUrl":"https:\/\/alpen-markt.ch\/wp-content\/uploads\/2025\/11\/9970f3f6-e71e-4547-9966-7194701c4e83.png","width":500,"height":500},{"@type":"BreadcrumbList","@id":"https:\/\/alpen-markt.ch\/fr\/produkt\/chocolat-avec-sucre-de-fleur-de-coco-rapunzel\/#breadcrumb","itemListElement":[{"@type":"ListItem","position":1,"name":"Startseite","item":"https:\/\/alpen-markt.ch\/fr\/home\/"},{"@type":"ListItem","position":2,"name":"Boutique en ligne","item":"https:\/\/alpen-markt.ch\/fr\/boutique-en-ligne\/"},{"@type":"ListItem","position":3,"name":"Chocolat avec sucre de fleur de coco (Rapunzel)"}]},{"@type":"WebSite","@id":"https:\/\/alpen-markt.ch\/fr\/#website","url":"https:\/\/alpen-markt.ch\/fr\/","name":"Alpenmarkt","description":"","publisher":{"@id":"https:\/\/alpen-markt.ch\/fr\/#organization"},"potentialAction":[{"@type":"SearchAction","target":{"@type":"EntryPoint","urlTemplate":"https:\/\/alpen-markt.ch\/fr\/?s={search_term_string}"},"query-input":{"@type":"PropertyValueSpecification","valueRequired":true,"valueName":"search_term_string"}}],"inLanguage":"fr-FR"},{"@type":"Organization","@id":"https:\/\/alpen-markt.ch\/fr\/#organization","name":"Alpenmarkt","url":"https:\/\/alpen-markt.ch\/fr\/","logo":{"@type":"ImageObject","inLanguage":"fr-FR","@id":"https:\/\/alpen-markt.ch\/fr\/#\/schema\/logo\/image\/","url":"https:\/\/alpen-markt.ch\/wp-content\/uploads\/2025\/11\/logo-alpenmarkt.png","contentUrl":"https:\/\/alpen-markt.ch\/wp-content\/uploads\/2025\/11\/logo-alpenmarkt.png","width":1048,"height":452,"caption":"Alpenmarkt"},"image":{"@id":"https:\/\/alpen-markt.ch\/fr\/#\/schema\/logo\/image\/"}}]}},"_links":{"self":[{"href":"https:\/\/alpen-markt.ch\/fr\/wp-json\/wp\/v2\/product\/4319","targetHints":{"allow":["GET"]}}],"collection":[{"href":"https:\/\/alpen-markt.ch\/fr\/wp-json\/wp\/v2\/product"}],"about":[{"href":"https:\/\/alpen-markt.ch\/fr\/wp-json\/wp\/v2\/types\/product"}],"wp:featuredmedia":[{"embeddable":true,"href":"https:\/\/alpen-markt.ch\/fr\/wp-json\/wp\/v2\/media\/4320"}],"wp:attachment":[{"href":"https:\/\/alpen-markt.ch\/fr\/wp-json\/wp\/v2\/media?parent=4319"}],"wp:term":[{"taxonomy":"product_brand","embeddable":true,"href":"https:\/\/alpen-markt.ch\/fr\/wp-json\/wp\/v2\/product_brand?post=4319"},{"taxonomy":"product_cat","embeddable":true,"href":"https:\/\/alpen-markt.ch\/fr\/wp-json\/wp\/v2\/product_cat?post=4319"},{"taxonomy":"product_tag","embeddable":true,"href":"https:\/\/alpen-markt.ch\/fr\/wp-json\/wp\/v2\/product_tag?post=4319"}],"curies":[{"name":"wp","href":"https:\/\/api.w.org\/{rel}","templated":true}]}}