{"id":4313,"date":"2025-11-25T16:50:29","date_gmt":"2025-11-25T15:50:29","guid":{"rendered":"https:\/\/alpen-markt.ch\/produkt\/flocons-de-levure-rapunzel\/"},"modified":"2025-11-25T16:50:29","modified_gmt":"2025-11-25T15:50:29","slug":"flocons-de-levure-rapunzel","status":"publish","type":"product","link":"https:\/\/alpen-markt.ch\/fr\/produkt\/flocons-de-levure-rapunzel\/","title":{"rendered":"Flocons de levure (Rapunzel)"},"content":{"rendered":"<p>Flocons de levure, v\u00e9g\u00e9taliens, pour assaisonner les salades, les plats de l\u00e9gumes, les galettes, les soupes. Pour les plats chauds, ajouter uniquement apr\u00e8s la cuisson. Certifi\u00e9 bio UE.<\/p>\n<p>Les flocons de levure constituent un compl\u00e9ment id\u00e9al \u00e0 l&rsquo;alimentation quotidienne. Ils se caract\u00e9risent par leur go\u00fbt naturel et intens\u00e9ment \u00e9pic\u00e9. <\/p>\n<p>Ingr\u00e9dients<br \/>\nLevure* cultiv\u00e9e \u00e0 base de c\u00e9r\u00e9ales*, farine de BL\u00c9*, sel marin. L\u00e9gende : * Biologique, ** Bourgeon, *** Demeter <\/p>\n<p>Conserver au frais et au sec .<\/p>\n","protected":false},"excerpt":{"rendered":"<p>Flocons de levure, v\u00e9g\u00e9taliens, pour assaisonner les salades, les plats de l\u00e9gumes, les galettes, les soupes. Pour les plats chauds, ajouter uniquement apr\u00e8s la cuisson. Certifi\u00e9 bio UE. Les flocons de levure constituent un compl\u00e9ment id\u00e9al \u00e0 l&rsquo;alimentation quotidienne. Ils se caract\u00e9risent par leur go\u00fbt naturel et intens\u00e9ment \u00e9pic\u00e9. Ingr\u00e9dients Levure* cultiv\u00e9e \u00e0 base de [&hellip;]<\/p>\n","protected":false},"featured_media":4314,"template":"","meta":[],"product_brand":[],"product_cat":[86],"product_tag":[],"class_list":{"0":"post-4313","1":"product","2":"type-product","3":"status-publish","4":"has-post-thumbnail","6":"product_cat-grotte-de-la-marmotte-bio-en-vrac","8":"first","9":"instock","10":"taxable","11":"shipping-taxable","12":"purchasable","13":"product-type-simple"},"yoast_head":"<!-- This site is optimized with the Yoast SEO plugin v27.4 - https:\/\/yoast.com\/product\/yoast-seo-wordpress\/ -->\n<title>Flocons de levure (Rapunzel) - Alpenmarkt<\/title>\n<meta name=\"robots\" content=\"index, follow, max-snippet:-1, max-image-preview:large, max-video-preview:-1\" \/>\n<link rel=\"canonical\" href=\"https:\/\/alpen-markt.ch\/fr\/produkt\/flocons-de-levure-rapunzel\/\" \/>\n<meta property=\"og:locale\" content=\"fr_FR\" \/>\n<meta property=\"og:type\" content=\"article\" \/>\n<meta property=\"og:title\" content=\"Flocons de levure (Rapunzel) - Alpenmarkt\" \/>\n<meta property=\"og:description\" content=\"Flocons de levure, v\u00e9g\u00e9taliens, pour assaisonner les salades, les plats de l\u00e9gumes, les galettes, les soupes. Pour les plats chauds, ajouter uniquement apr\u00e8s la cuisson. Certifi\u00e9 bio UE. Les flocons de levure constituent un compl\u00e9ment id\u00e9al \u00e0 l&rsquo;alimentation quotidienne. Ils se caract\u00e9risent par leur go\u00fbt naturel et intens\u00e9ment \u00e9pic\u00e9. Ingr\u00e9dients Levure* cultiv\u00e9e \u00e0 base de [&hellip;]\" \/>\n<meta property=\"og:url\" content=\"https:\/\/alpen-markt.ch\/fr\/produkt\/flocons-de-levure-rapunzel\/\" \/>\n<meta property=\"og:site_name\" content=\"Alpenmarkt\" \/>\n<meta property=\"og:image\" content=\"https:\/\/alpen-markt.ch\/wp-content\/uploads\/2025\/11\/a3917f08-e508-406b-8147-0f394649b007.png\" \/>\n\t<meta property=\"og:image:width\" content=\"500\" \/>\n\t<meta property=\"og:image:height\" content=\"500\" \/>\n\t<meta property=\"og:image:type\" content=\"image\/png\" \/>\n<meta name=\"twitter:card\" content=\"summary_large_image\" \/>\n<script type=\"application\/ld+json\" class=\"yoast-schema-graph\">{\"@context\":\"https:\\\/\\\/schema.org\",\"@graph\":[{\"@type\":\"WebPage\",\"@id\":\"https:\\\/\\\/alpen-markt.ch\\\/fr\\\/produkt\\\/flocons-de-levure-rapunzel\\\/\",\"url\":\"https:\\\/\\\/alpen-markt.ch\\\/fr\\\/produkt\\\/flocons-de-levure-rapunzel\\\/\",\"name\":\"Flocons de levure (Rapunzel) - Alpenmarkt\",\"isPartOf\":{\"@id\":\"https:\\\/\\\/alpen-markt.ch\\\/fr\\\/#website\"},\"primaryImageOfPage\":{\"@id\":\"https:\\\/\\\/alpen-markt.ch\\\/fr\\\/produkt\\\/flocons-de-levure-rapunzel\\\/#primaryimage\"},\"image\":{\"@id\":\"https:\\\/\\\/alpen-markt.ch\\\/fr\\\/produkt\\\/flocons-de-levure-rapunzel\\\/#primaryimage\"},\"thumbnailUrl\":\"https:\\\/\\\/alpen-markt.ch\\\/wp-content\\\/uploads\\\/2025\\\/11\\\/a3917f08-e508-406b-8147-0f394649b007.png\",\"datePublished\":\"2025-11-25T15:50:29+00:00\",\"breadcrumb\":{\"@id\":\"https:\\\/\\\/alpen-markt.ch\\\/fr\\\/produkt\\\/flocons-de-levure-rapunzel\\\/#breadcrumb\"},\"inLanguage\":\"fr-FR\",\"potentialAction\":[{\"@type\":\"ReadAction\",\"target\":[\"https:\\\/\\\/alpen-markt.ch\\\/fr\\\/produkt\\\/flocons-de-levure-rapunzel\\\/\"]}]},{\"@type\":\"ImageObject\",\"inLanguage\":\"fr-FR\",\"@id\":\"https:\\\/\\\/alpen-markt.ch\\\/fr\\\/produkt\\\/flocons-de-levure-rapunzel\\\/#primaryimage\",\"url\":\"https:\\\/\\\/alpen-markt.ch\\\/wp-content\\\/uploads\\\/2025\\\/11\\\/a3917f08-e508-406b-8147-0f394649b007.png\",\"contentUrl\":\"https:\\\/\\\/alpen-markt.ch\\\/wp-content\\\/uploads\\\/2025\\\/11\\\/a3917f08-e508-406b-8147-0f394649b007.png\",\"width\":500,\"height\":500},{\"@type\":\"BreadcrumbList\",\"@id\":\"https:\\\/\\\/alpen-markt.ch\\\/fr\\\/produkt\\\/flocons-de-levure-rapunzel\\\/#breadcrumb\",\"itemListElement\":[{\"@type\":\"ListItem\",\"position\":1,\"name\":\"Startseite\",\"item\":\"https:\\\/\\\/alpen-markt.ch\\\/fr\\\/home\\\/\"},{\"@type\":\"ListItem\",\"position\":2,\"name\":\"Boutique en ligne\",\"item\":\"https:\\\/\\\/alpen-markt.ch\\\/fr\\\/boutique-en-ligne\\\/\"},{\"@type\":\"ListItem\",\"position\":3,\"name\":\"Flocons de levure (Rapunzel)\"}]},{\"@type\":\"WebSite\",\"@id\":\"https:\\\/\\\/alpen-markt.ch\\\/fr\\\/#website\",\"url\":\"https:\\\/\\\/alpen-markt.ch\\\/fr\\\/\",\"name\":\"Alpenmarkt\",\"description\":\"\",\"publisher\":{\"@id\":\"https:\\\/\\\/alpen-markt.ch\\\/fr\\\/#organization\"},\"potentialAction\":[{\"@type\":\"SearchAction\",\"target\":{\"@type\":\"EntryPoint\",\"urlTemplate\":\"https:\\\/\\\/alpen-markt.ch\\\/fr\\\/?s={search_term_string}\"},\"query-input\":{\"@type\":\"PropertyValueSpecification\",\"valueRequired\":true,\"valueName\":\"search_term_string\"}}],\"inLanguage\":\"fr-FR\"},{\"@type\":\"Organization\",\"@id\":\"https:\\\/\\\/alpen-markt.ch\\\/fr\\\/#organization\",\"name\":\"Alpenmarkt\",\"url\":\"https:\\\/\\\/alpen-markt.ch\\\/fr\\\/\",\"logo\":{\"@type\":\"ImageObject\",\"inLanguage\":\"fr-FR\",\"@id\":\"https:\\\/\\\/alpen-markt.ch\\\/fr\\\/#\\\/schema\\\/logo\\\/image\\\/\",\"url\":\"https:\\\/\\\/alpen-markt.ch\\\/wp-content\\\/uploads\\\/2025\\\/11\\\/logo-alpenmarkt.png\",\"contentUrl\":\"https:\\\/\\\/alpen-markt.ch\\\/wp-content\\\/uploads\\\/2025\\\/11\\\/logo-alpenmarkt.png\",\"width\":1048,\"height\":452,\"caption\":\"Alpenmarkt\"},\"image\":{\"@id\":\"https:\\\/\\\/alpen-markt.ch\\\/fr\\\/#\\\/schema\\\/logo\\\/image\\\/\"}}]}<\/script>\n<!-- \/ Yoast SEO plugin. -->","yoast_head_json":{"title":"Flocons de levure (Rapunzel) - Alpenmarkt","robots":{"index":"index","follow":"follow","max-snippet":"max-snippet:-1","max-image-preview":"max-image-preview:large","max-video-preview":"max-video-preview:-1"},"canonical":"https:\/\/alpen-markt.ch\/fr\/produkt\/flocons-de-levure-rapunzel\/","og_locale":"fr_FR","og_type":"article","og_title":"Flocons de levure (Rapunzel) - Alpenmarkt","og_description":"Flocons de levure, v\u00e9g\u00e9taliens, pour assaisonner les salades, les plats de l\u00e9gumes, les galettes, les soupes. Pour les plats chauds, ajouter uniquement apr\u00e8s la cuisson. Certifi\u00e9 bio UE. Les flocons de levure constituent un compl\u00e9ment id\u00e9al \u00e0 l&rsquo;alimentation quotidienne. Ils se caract\u00e9risent par leur go\u00fbt naturel et intens\u00e9ment \u00e9pic\u00e9. Ingr\u00e9dients Levure* cultiv\u00e9e \u00e0 base de [&hellip;]","og_url":"https:\/\/alpen-markt.ch\/fr\/produkt\/flocons-de-levure-rapunzel\/","og_site_name":"Alpenmarkt","og_image":[{"width":500,"height":500,"url":"https:\/\/alpen-markt.ch\/wp-content\/uploads\/2025\/11\/a3917f08-e508-406b-8147-0f394649b007.png","type":"image\/png"}],"twitter_card":"summary_large_image","schema":{"@context":"https:\/\/schema.org","@graph":[{"@type":"WebPage","@id":"https:\/\/alpen-markt.ch\/fr\/produkt\/flocons-de-levure-rapunzel\/","url":"https:\/\/alpen-markt.ch\/fr\/produkt\/flocons-de-levure-rapunzel\/","name":"Flocons de levure (Rapunzel) - Alpenmarkt","isPartOf":{"@id":"https:\/\/alpen-markt.ch\/fr\/#website"},"primaryImageOfPage":{"@id":"https:\/\/alpen-markt.ch\/fr\/produkt\/flocons-de-levure-rapunzel\/#primaryimage"},"image":{"@id":"https:\/\/alpen-markt.ch\/fr\/produkt\/flocons-de-levure-rapunzel\/#primaryimage"},"thumbnailUrl":"https:\/\/alpen-markt.ch\/wp-content\/uploads\/2025\/11\/a3917f08-e508-406b-8147-0f394649b007.png","datePublished":"2025-11-25T15:50:29+00:00","breadcrumb":{"@id":"https:\/\/alpen-markt.ch\/fr\/produkt\/flocons-de-levure-rapunzel\/#breadcrumb"},"inLanguage":"fr-FR","potentialAction":[{"@type":"ReadAction","target":["https:\/\/alpen-markt.ch\/fr\/produkt\/flocons-de-levure-rapunzel\/"]}]},{"@type":"ImageObject","inLanguage":"fr-FR","@id":"https:\/\/alpen-markt.ch\/fr\/produkt\/flocons-de-levure-rapunzel\/#primaryimage","url":"https:\/\/alpen-markt.ch\/wp-content\/uploads\/2025\/11\/a3917f08-e508-406b-8147-0f394649b007.png","contentUrl":"https:\/\/alpen-markt.ch\/wp-content\/uploads\/2025\/11\/a3917f08-e508-406b-8147-0f394649b007.png","width":500,"height":500},{"@type":"BreadcrumbList","@id":"https:\/\/alpen-markt.ch\/fr\/produkt\/flocons-de-levure-rapunzel\/#breadcrumb","itemListElement":[{"@type":"ListItem","position":1,"name":"Startseite","item":"https:\/\/alpen-markt.ch\/fr\/home\/"},{"@type":"ListItem","position":2,"name":"Boutique en ligne","item":"https:\/\/alpen-markt.ch\/fr\/boutique-en-ligne\/"},{"@type":"ListItem","position":3,"name":"Flocons de levure (Rapunzel)"}]},{"@type":"WebSite","@id":"https:\/\/alpen-markt.ch\/fr\/#website","url":"https:\/\/alpen-markt.ch\/fr\/","name":"Alpenmarkt","description":"","publisher":{"@id":"https:\/\/alpen-markt.ch\/fr\/#organization"},"potentialAction":[{"@type":"SearchAction","target":{"@type":"EntryPoint","urlTemplate":"https:\/\/alpen-markt.ch\/fr\/?s={search_term_string}"},"query-input":{"@type":"PropertyValueSpecification","valueRequired":true,"valueName":"search_term_string"}}],"inLanguage":"fr-FR"},{"@type":"Organization","@id":"https:\/\/alpen-markt.ch\/fr\/#organization","name":"Alpenmarkt","url":"https:\/\/alpen-markt.ch\/fr\/","logo":{"@type":"ImageObject","inLanguage":"fr-FR","@id":"https:\/\/alpen-markt.ch\/fr\/#\/schema\/logo\/image\/","url":"https:\/\/alpen-markt.ch\/wp-content\/uploads\/2025\/11\/logo-alpenmarkt.png","contentUrl":"https:\/\/alpen-markt.ch\/wp-content\/uploads\/2025\/11\/logo-alpenmarkt.png","width":1048,"height":452,"caption":"Alpenmarkt"},"image":{"@id":"https:\/\/alpen-markt.ch\/fr\/#\/schema\/logo\/image\/"}}]}},"_links":{"self":[{"href":"https:\/\/alpen-markt.ch\/fr\/wp-json\/wp\/v2\/product\/4313","targetHints":{"allow":["GET"]}}],"collection":[{"href":"https:\/\/alpen-markt.ch\/fr\/wp-json\/wp\/v2\/product"}],"about":[{"href":"https:\/\/alpen-markt.ch\/fr\/wp-json\/wp\/v2\/types\/product"}],"wp:featuredmedia":[{"embeddable":true,"href":"https:\/\/alpen-markt.ch\/fr\/wp-json\/wp\/v2\/media\/4314"}],"wp:attachment":[{"href":"https:\/\/alpen-markt.ch\/fr\/wp-json\/wp\/v2\/media?parent=4313"}],"wp:term":[{"taxonomy":"product_brand","embeddable":true,"href":"https:\/\/alpen-markt.ch\/fr\/wp-json\/wp\/v2\/product_brand?post=4313"},{"taxonomy":"product_cat","embeddable":true,"href":"https:\/\/alpen-markt.ch\/fr\/wp-json\/wp\/v2\/product_cat?post=4313"},{"taxonomy":"product_tag","embeddable":true,"href":"https:\/\/alpen-markt.ch\/fr\/wp-json\/wp\/v2\/product_tag?post=4313"}],"curies":[{"name":"wp","href":"https:\/\/api.w.org\/{rel}","templated":true}]}}