{"id":4281,"date":"2025-11-25T16:50:29","date_gmt":"2025-11-25T15:50:29","guid":{"rendered":"https:\/\/alpen-markt.ch\/produkt\/pates-a-tartiner-et-mousses-rapunzel\/"},"modified":"2025-11-25T16:50:29","modified_gmt":"2025-11-25T15:50:29","slug":"pates-a-tartiner-et-mousses-rapunzel","status":"publish","type":"product","link":"https:\/\/alpen-markt.ch\/fr\/produkt\/pates-a-tartiner-et-mousses-rapunzel\/","title":{"rendered":"P\u00e2tes \u00e0 tartiner et mousses Rapunzel"},"content":{"rendered":"<p>\u00c0 tartiner, dans les c\u00e9r\u00e9ales, les desserts, les g\u00e2teaux, les p\u00e2tisseries, les sauces, les plats \u00e0 base de l\u00e9gumes et les vinaigrettes, certifi\u00e9 bio UE.<\/p>\n<p>Ingr\u00e9dients des amandes grill\u00e9es :<br \/>\nAMANDES* 81 %, sucre de fleur de coco* 18 %, sel marin, vanille Bourbon*, cannelle*. L\u00e9gende : * biologique, ** bourgeon, *** Demeter <\/p>\n<p>Ingr\u00e9dients Pur\u00e9e d&rsquo;amandes blanches<br \/>\nAMANDES* blanchies. L\u00e9gende : * Biologique, ** Bourgeon, *** Demeter (comme ce produit est compos\u00e9 exclusivement d&rsquo;amandes biologiques et ne contient aucun additif, l&rsquo;huile contenue dans les amandes remonte \u00e0 la surface). <\/p>\n<p>Ingr\u00e9dients Pur\u00e9e d&rsquo;amandes brunes<br \/>\nAMANDES*. L\u00e9gende : * Biologique, ** Bourgeon, *** Demeter (car exclusivement \u00e0 partir d&rsquo;amandes bio et sans additifs, l&rsquo;huile propre \u00e0 la noix se d\u00e9pose \u00e0 la surface) <\/p>\n<p>Ingr\u00e9dients Cacahu\u00e8tes Croquantes<br \/>\nCACAHU\u00c8TES* 99,2 %, sel marin. L\u00e9gende : * Biologique, ** Bourgeon, *** Demeter <\/p>\n<p>Ingr\u00e9dients Tahini (pur\u00e9e de s\u00e9same)<br \/>\nS\u00c9SAME*. L\u00e9gende : * Biologique, ** Bourgeon, *** Demeter <\/p>\n<p>Informations sur les allergies<br \/>\nPeut contenir des traces de : arachides, lait, lactose, s\u00e9same, lupin.<\/p>\n<p>Conserver au frais et au sec .<\/p>\n","protected":false},"excerpt":{"rendered":"<p>\u00c0 tartiner, dans les c\u00e9r\u00e9ales, les desserts, les g\u00e2teaux, les p\u00e2tisseries, les sauces, les plats \u00e0 base de l\u00e9gumes et les vinaigrettes, certifi\u00e9 bio UE. Ingr\u00e9dients des amandes grill\u00e9es : AMANDES* 81 %, sucre de fleur de coco* 18 %, sel marin, vanille Bourbon*, cannelle*. L\u00e9gende : * biologique, ** bourgeon, *** Demeter Ingr\u00e9dients Pur\u00e9e [&hellip;]<\/p>\n","protected":false},"featured_media":4282,"template":"","meta":[],"product_brand":[],"product_cat":[86],"product_tag":[],"class_list":{"0":"post-4281","1":"product","2":"type-product","3":"status-publish","4":"has-post-thumbnail","6":"product_cat-grotte-de-la-marmotte-bio-en-vrac","8":"first","9":"instock","10":"taxable","11":"shipping-taxable","12":"purchasable","13":"product-type-variable"},"yoast_head":"<!-- This site is optimized with the Yoast SEO plugin v27.4 - https:\/\/yoast.com\/product\/yoast-seo-wordpress\/ -->\n<title>P\u00e2tes \u00e0 tartiner et mousses Rapunzel - Alpenmarkt<\/title>\n<meta name=\"robots\" content=\"index, follow, max-snippet:-1, max-image-preview:large, max-video-preview:-1\" \/>\n<link rel=\"canonical\" href=\"https:\/\/alpen-markt.ch\/fr\/produkt\/pates-a-tartiner-et-mousses-rapunzel\/\" \/>\n<meta property=\"og:locale\" content=\"fr_FR\" \/>\n<meta property=\"og:type\" content=\"article\" \/>\n<meta property=\"og:title\" content=\"P\u00e2tes \u00e0 tartiner et mousses Rapunzel - Alpenmarkt\" \/>\n<meta property=\"og:description\" content=\"\u00c0 tartiner, dans les c\u00e9r\u00e9ales, les desserts, les g\u00e2teaux, les p\u00e2tisseries, les sauces, les plats \u00e0 base de l\u00e9gumes et les vinaigrettes, certifi\u00e9 bio UE. Ingr\u00e9dients des amandes grill\u00e9es : AMANDES* 81 %, sucre de fleur de coco* 18 %, sel marin, vanille Bourbon*, cannelle*. L\u00e9gende : * biologique, ** bourgeon, *** Demeter Ingr\u00e9dients Pur\u00e9e [&hellip;]\" \/>\n<meta property=\"og:url\" content=\"https:\/\/alpen-markt.ch\/fr\/produkt\/pates-a-tartiner-et-mousses-rapunzel\/\" \/>\n<meta property=\"og:site_name\" content=\"Alpenmarkt\" \/>\n<meta property=\"og:image\" content=\"https:\/\/alpen-markt.ch\/wp-content\/uploads\/2025\/12\/06800b9b-a035-4318-a9d0-9512a29cb05d.png\" \/>\n\t<meta property=\"og:image:width\" content=\"500\" \/>\n\t<meta property=\"og:image:height\" content=\"500\" \/>\n\t<meta property=\"og:image:type\" content=\"image\/png\" \/>\n<meta name=\"twitter:card\" content=\"summary_large_image\" \/>\n<meta name=\"twitter:label1\" content=\"Dur\u00e9e de lecture estim\u00e9e\" \/>\n\t<meta name=\"twitter:data1\" content=\"1 minute\" \/>\n<script type=\"application\/ld+json\" class=\"yoast-schema-graph\">{\"@context\":\"https:\\\/\\\/schema.org\",\"@graph\":[{\"@type\":\"WebPage\",\"@id\":\"https:\\\/\\\/alpen-markt.ch\\\/fr\\\/produkt\\\/pates-a-tartiner-et-mousses-rapunzel\\\/\",\"url\":\"https:\\\/\\\/alpen-markt.ch\\\/fr\\\/produkt\\\/pates-a-tartiner-et-mousses-rapunzel\\\/\",\"name\":\"P\u00e2tes \u00e0 tartiner et mousses Rapunzel - Alpenmarkt\",\"isPartOf\":{\"@id\":\"https:\\\/\\\/alpen-markt.ch\\\/fr\\\/#website\"},\"primaryImageOfPage\":{\"@id\":\"https:\\\/\\\/alpen-markt.ch\\\/fr\\\/produkt\\\/pates-a-tartiner-et-mousses-rapunzel\\\/#primaryimage\"},\"image\":{\"@id\":\"https:\\\/\\\/alpen-markt.ch\\\/fr\\\/produkt\\\/pates-a-tartiner-et-mousses-rapunzel\\\/#primaryimage\"},\"thumbnailUrl\":\"https:\\\/\\\/alpen-markt.ch\\\/wp-content\\\/uploads\\\/2025\\\/12\\\/06800b9b-a035-4318-a9d0-9512a29cb05d.png\",\"datePublished\":\"2025-11-25T15:50:29+00:00\",\"breadcrumb\":{\"@id\":\"https:\\\/\\\/alpen-markt.ch\\\/fr\\\/produkt\\\/pates-a-tartiner-et-mousses-rapunzel\\\/#breadcrumb\"},\"inLanguage\":\"fr-FR\",\"potentialAction\":[{\"@type\":\"ReadAction\",\"target\":[\"https:\\\/\\\/alpen-markt.ch\\\/fr\\\/produkt\\\/pates-a-tartiner-et-mousses-rapunzel\\\/\"]}]},{\"@type\":\"ImageObject\",\"inLanguage\":\"fr-FR\",\"@id\":\"https:\\\/\\\/alpen-markt.ch\\\/fr\\\/produkt\\\/pates-a-tartiner-et-mousses-rapunzel\\\/#primaryimage\",\"url\":\"https:\\\/\\\/alpen-markt.ch\\\/wp-content\\\/uploads\\\/2025\\\/12\\\/06800b9b-a035-4318-a9d0-9512a29cb05d.png\",\"contentUrl\":\"https:\\\/\\\/alpen-markt.ch\\\/wp-content\\\/uploads\\\/2025\\\/12\\\/06800b9b-a035-4318-a9d0-9512a29cb05d.png\",\"width\":500,\"height\":500},{\"@type\":\"BreadcrumbList\",\"@id\":\"https:\\\/\\\/alpen-markt.ch\\\/fr\\\/produkt\\\/pates-a-tartiner-et-mousses-rapunzel\\\/#breadcrumb\",\"itemListElement\":[{\"@type\":\"ListItem\",\"position\":1,\"name\":\"Startseite\",\"item\":\"https:\\\/\\\/alpen-markt.ch\\\/fr\\\/home\\\/\"},{\"@type\":\"ListItem\",\"position\":2,\"name\":\"Boutique en ligne\",\"item\":\"https:\\\/\\\/alpen-markt.ch\\\/fr\\\/boutique-en-ligne\\\/\"},{\"@type\":\"ListItem\",\"position\":3,\"name\":\"P\u00e2tes \u00e0 tartiner et mousses Rapunzel\"}]},{\"@type\":\"WebSite\",\"@id\":\"https:\\\/\\\/alpen-markt.ch\\\/fr\\\/#website\",\"url\":\"https:\\\/\\\/alpen-markt.ch\\\/fr\\\/\",\"name\":\"Alpenmarkt\",\"description\":\"\",\"publisher\":{\"@id\":\"https:\\\/\\\/alpen-markt.ch\\\/fr\\\/#organization\"},\"potentialAction\":[{\"@type\":\"SearchAction\",\"target\":{\"@type\":\"EntryPoint\",\"urlTemplate\":\"https:\\\/\\\/alpen-markt.ch\\\/fr\\\/?s={search_term_string}\"},\"query-input\":{\"@type\":\"PropertyValueSpecification\",\"valueRequired\":true,\"valueName\":\"search_term_string\"}}],\"inLanguage\":\"fr-FR\"},{\"@type\":\"Organization\",\"@id\":\"https:\\\/\\\/alpen-markt.ch\\\/fr\\\/#organization\",\"name\":\"Alpenmarkt\",\"url\":\"https:\\\/\\\/alpen-markt.ch\\\/fr\\\/\",\"logo\":{\"@type\":\"ImageObject\",\"inLanguage\":\"fr-FR\",\"@id\":\"https:\\\/\\\/alpen-markt.ch\\\/fr\\\/#\\\/schema\\\/logo\\\/image\\\/\",\"url\":\"https:\\\/\\\/alpen-markt.ch\\\/wp-content\\\/uploads\\\/2025\\\/11\\\/logo-alpenmarkt.png\",\"contentUrl\":\"https:\\\/\\\/alpen-markt.ch\\\/wp-content\\\/uploads\\\/2025\\\/11\\\/logo-alpenmarkt.png\",\"width\":1048,\"height\":452,\"caption\":\"Alpenmarkt\"},\"image\":{\"@id\":\"https:\\\/\\\/alpen-markt.ch\\\/fr\\\/#\\\/schema\\\/logo\\\/image\\\/\"}}]}<\/script>\n<!-- \/ Yoast SEO plugin. -->","yoast_head_json":{"title":"P\u00e2tes \u00e0 tartiner et mousses Rapunzel - Alpenmarkt","robots":{"index":"index","follow":"follow","max-snippet":"max-snippet:-1","max-image-preview":"max-image-preview:large","max-video-preview":"max-video-preview:-1"},"canonical":"https:\/\/alpen-markt.ch\/fr\/produkt\/pates-a-tartiner-et-mousses-rapunzel\/","og_locale":"fr_FR","og_type":"article","og_title":"P\u00e2tes \u00e0 tartiner et mousses Rapunzel - Alpenmarkt","og_description":"\u00c0 tartiner, dans les c\u00e9r\u00e9ales, les desserts, les g\u00e2teaux, les p\u00e2tisseries, les sauces, les plats \u00e0 base de l\u00e9gumes et les vinaigrettes, certifi\u00e9 bio UE. Ingr\u00e9dients des amandes grill\u00e9es : AMANDES* 81 %, sucre de fleur de coco* 18 %, sel marin, vanille Bourbon*, cannelle*. L\u00e9gende : * biologique, ** bourgeon, *** Demeter Ingr\u00e9dients Pur\u00e9e [&hellip;]","og_url":"https:\/\/alpen-markt.ch\/fr\/produkt\/pates-a-tartiner-et-mousses-rapunzel\/","og_site_name":"Alpenmarkt","og_image":[{"width":500,"height":500,"url":"https:\/\/alpen-markt.ch\/wp-content\/uploads\/2025\/12\/06800b9b-a035-4318-a9d0-9512a29cb05d.png","type":"image\/png"}],"twitter_card":"summary_large_image","twitter_misc":{"Dur\u00e9e de lecture estim\u00e9e":"1 minute"},"schema":{"@context":"https:\/\/schema.org","@graph":[{"@type":"WebPage","@id":"https:\/\/alpen-markt.ch\/fr\/produkt\/pates-a-tartiner-et-mousses-rapunzel\/","url":"https:\/\/alpen-markt.ch\/fr\/produkt\/pates-a-tartiner-et-mousses-rapunzel\/","name":"P\u00e2tes \u00e0 tartiner et mousses Rapunzel - Alpenmarkt","isPartOf":{"@id":"https:\/\/alpen-markt.ch\/fr\/#website"},"primaryImageOfPage":{"@id":"https:\/\/alpen-markt.ch\/fr\/produkt\/pates-a-tartiner-et-mousses-rapunzel\/#primaryimage"},"image":{"@id":"https:\/\/alpen-markt.ch\/fr\/produkt\/pates-a-tartiner-et-mousses-rapunzel\/#primaryimage"},"thumbnailUrl":"https:\/\/alpen-markt.ch\/wp-content\/uploads\/2025\/12\/06800b9b-a035-4318-a9d0-9512a29cb05d.png","datePublished":"2025-11-25T15:50:29+00:00","breadcrumb":{"@id":"https:\/\/alpen-markt.ch\/fr\/produkt\/pates-a-tartiner-et-mousses-rapunzel\/#breadcrumb"},"inLanguage":"fr-FR","potentialAction":[{"@type":"ReadAction","target":["https:\/\/alpen-markt.ch\/fr\/produkt\/pates-a-tartiner-et-mousses-rapunzel\/"]}]},{"@type":"ImageObject","inLanguage":"fr-FR","@id":"https:\/\/alpen-markt.ch\/fr\/produkt\/pates-a-tartiner-et-mousses-rapunzel\/#primaryimage","url":"https:\/\/alpen-markt.ch\/wp-content\/uploads\/2025\/12\/06800b9b-a035-4318-a9d0-9512a29cb05d.png","contentUrl":"https:\/\/alpen-markt.ch\/wp-content\/uploads\/2025\/12\/06800b9b-a035-4318-a9d0-9512a29cb05d.png","width":500,"height":500},{"@type":"BreadcrumbList","@id":"https:\/\/alpen-markt.ch\/fr\/produkt\/pates-a-tartiner-et-mousses-rapunzel\/#breadcrumb","itemListElement":[{"@type":"ListItem","position":1,"name":"Startseite","item":"https:\/\/alpen-markt.ch\/fr\/home\/"},{"@type":"ListItem","position":2,"name":"Boutique en ligne","item":"https:\/\/alpen-markt.ch\/fr\/boutique-en-ligne\/"},{"@type":"ListItem","position":3,"name":"P\u00e2tes \u00e0 tartiner et mousses Rapunzel"}]},{"@type":"WebSite","@id":"https:\/\/alpen-markt.ch\/fr\/#website","url":"https:\/\/alpen-markt.ch\/fr\/","name":"Alpenmarkt","description":"","publisher":{"@id":"https:\/\/alpen-markt.ch\/fr\/#organization"},"potentialAction":[{"@type":"SearchAction","target":{"@type":"EntryPoint","urlTemplate":"https:\/\/alpen-markt.ch\/fr\/?s={search_term_string}"},"query-input":{"@type":"PropertyValueSpecification","valueRequired":true,"valueName":"search_term_string"}}],"inLanguage":"fr-FR"},{"@type":"Organization","@id":"https:\/\/alpen-markt.ch\/fr\/#organization","name":"Alpenmarkt","url":"https:\/\/alpen-markt.ch\/fr\/","logo":{"@type":"ImageObject","inLanguage":"fr-FR","@id":"https:\/\/alpen-markt.ch\/fr\/#\/schema\/logo\/image\/","url":"https:\/\/alpen-markt.ch\/wp-content\/uploads\/2025\/11\/logo-alpenmarkt.png","contentUrl":"https:\/\/alpen-markt.ch\/wp-content\/uploads\/2025\/11\/logo-alpenmarkt.png","width":1048,"height":452,"caption":"Alpenmarkt"},"image":{"@id":"https:\/\/alpen-markt.ch\/fr\/#\/schema\/logo\/image\/"}}]}},"_links":{"self":[{"href":"https:\/\/alpen-markt.ch\/fr\/wp-json\/wp\/v2\/product\/4281","targetHints":{"allow":["GET"]}}],"collection":[{"href":"https:\/\/alpen-markt.ch\/fr\/wp-json\/wp\/v2\/product"}],"about":[{"href":"https:\/\/alpen-markt.ch\/fr\/wp-json\/wp\/v2\/types\/product"}],"wp:featuredmedia":[{"embeddable":true,"href":"https:\/\/alpen-markt.ch\/fr\/wp-json\/wp\/v2\/media\/4282"}],"wp:attachment":[{"href":"https:\/\/alpen-markt.ch\/fr\/wp-json\/wp\/v2\/media?parent=4281"}],"wp:term":[{"taxonomy":"product_brand","embeddable":true,"href":"https:\/\/alpen-markt.ch\/fr\/wp-json\/wp\/v2\/product_brand?post=4281"},{"taxonomy":"product_cat","embeddable":true,"href":"https:\/\/alpen-markt.ch\/fr\/wp-json\/wp\/v2\/product_cat?post=4281"},{"taxonomy":"product_tag","embeddable":true,"href":"https:\/\/alpen-markt.ch\/fr\/wp-json\/wp\/v2\/product_tag?post=4281"}],"curies":[{"name":"wp","href":"https:\/\/api.w.org\/{rel}","templated":true}]}}