{"id":4264,"date":"2025-11-25T16:50:29","date_gmt":"2025-11-25T15:50:29","guid":{"rendered":"https:\/\/alpen-markt.ch\/produkt\/zwergenwiese-pates-a-tartiner\/"},"modified":"2025-11-25T16:50:29","modified_gmt":"2025-11-25T15:50:29","slug":"zwergenwiese-pates-a-tartiner","status":"publish","type":"product","link":"https:\/\/alpen-markt.ch\/fr\/produkt\/zwergenwiese-pates-a-tartiner\/","title":{"rendered":"Zwergenwiese P\u00e2tes \u00e0 tartiner"},"content":{"rendered":"<p>Ingr\u00e9dients Basitom :<br \/>\nConcentr\u00e9 de tomates*, huile de colza*, graines de tournesol*14 %, tomates* 12 %, eau, jus de citron* issu de concentr\u00e9*, sirop de pomme*, basilic* 3 %, f\u00e9cule de pomme de terre*, sel gemme. L\u00e9gende : * biologique, ** bourgeon, *** Demeter <\/p>\n<p>Ingr\u00e9dients Mepfel : pommes* 22 %, huile de colza*, eau, graines de tournesol* 14 %, raifort* 7 %, jus de citron* issu de concentr\u00e9*, sirop de pomme*, f\u00e9cule de pomme de terre*, sel gemme, huile de tournesol*, vinaigre d&rsquo;alcool*, \u00e9paississant : gomme de guar*. L\u00e9gende : * biologique, ** bourgeon, *** Demeter <\/p>\n<p>Ingr\u00e9dients Papayango :<br \/>\nHuile de colza*, eau, graines de tournesol* 16 %, mangue* 10 %, papaye* 10 %, pommes*, jus de citron* issu de concentr\u00e9*, sirop de pomme*, sucre de canne brut*, vinaigre de cidre*, f\u00e9cule de pomme de terre*, curry* (contient du C\u00c9LERI*), sel gemme, graines de MOUTARDE*, curcuma*. L\u00e9gende : * Biologique, ** Bourgeon, *** Demeter <\/p>\n<p>Ingr\u00e9dients Pappuchini<br \/>\nHuile de colza*, graines de tournesol* 18 %, concentr\u00e9 de tomates* simple, eau, poivrons* 14 %, sirop de pomme*, jus de citron* issu de concentr\u00e9*, courgettes* 4 %, aubergines*, sel gemme, vinaigre de cidre*, f\u00e9cule de pomme de terre*, ail*, basilic*, origan*, romarin*. L\u00e9gende : * Biologique, ** Bourgeon, *** Demeter <\/p>\n<p>pour tous : aucun allerg\u00e8ne<\/p>\n<p>Conserver dans un endroit frais et sec.<\/p>\n","protected":false},"excerpt":{"rendered":"<p>Ingr\u00e9dients Basitom : Concentr\u00e9 de tomates*, huile de colza*, graines de tournesol*14 %, tomates* 12 %, eau, jus de citron* issu de concentr\u00e9*, sirop de pomme*, basilic* 3 %, f\u00e9cule de pomme de terre*, sel gemme. L\u00e9gende : * biologique, ** bourgeon, *** Demeter Ingr\u00e9dients Mepfel : pommes* 22 %, huile de colza*, eau, graines [&hellip;]<\/p>\n","protected":false},"featured_media":4265,"template":"","meta":[],"product_brand":[],"product_cat":[86],"product_tag":[],"class_list":{"0":"post-4264","1":"product","2":"type-product","3":"status-publish","4":"has-post-thumbnail","6":"product_cat-grotte-de-la-marmotte-bio-en-vrac","8":"first","9":"instock","10":"taxable","11":"shipping-taxable","12":"purchasable","13":"product-type-variable"},"yoast_head":"<!-- This site is optimized with the Yoast SEO plugin v27.4 - https:\/\/yoast.com\/product\/yoast-seo-wordpress\/ -->\n<title>Zwergenwiese P\u00e2tes \u00e0 tartiner - Alpenmarkt<\/title>\n<meta name=\"robots\" content=\"index, follow, max-snippet:-1, max-image-preview:large, max-video-preview:-1\" \/>\n<link rel=\"canonical\" href=\"https:\/\/alpen-markt.ch\/fr\/produkt\/zwergenwiese-pates-a-tartiner\/\" \/>\n<meta property=\"og:locale\" content=\"fr_FR\" \/>\n<meta property=\"og:type\" content=\"article\" \/>\n<meta property=\"og:title\" content=\"Zwergenwiese P\u00e2tes \u00e0 tartiner - Alpenmarkt\" \/>\n<meta property=\"og:description\" content=\"Ingr\u00e9dients Basitom : Concentr\u00e9 de tomates*, huile de colza*, graines de tournesol*14 %, tomates* 12 %, eau, jus de citron* issu de concentr\u00e9*, sirop de pomme*, basilic* 3 %, f\u00e9cule de pomme de terre*, sel gemme. L\u00e9gende : * biologique, ** bourgeon, *** Demeter Ingr\u00e9dients Mepfel : pommes* 22 %, huile de colza*, eau, graines [&hellip;]\" \/>\n<meta property=\"og:url\" content=\"https:\/\/alpen-markt.ch\/fr\/produkt\/zwergenwiese-pates-a-tartiner\/\" \/>\n<meta property=\"og:site_name\" content=\"Alpenmarkt\" \/>\n<meta property=\"og:image\" content=\"https:\/\/alpen-markt.ch\/wp-content\/uploads\/2025\/12\/50e63aa4-b5fb-4c2f-8584-d2581af74cad.png\" \/>\n\t<meta property=\"og:image:width\" content=\"500\" \/>\n\t<meta property=\"og:image:height\" content=\"500\" \/>\n\t<meta property=\"og:image:type\" content=\"image\/png\" \/>\n<meta name=\"twitter:card\" content=\"summary_large_image\" \/>\n<meta name=\"twitter:label1\" content=\"Dur\u00e9e de lecture estim\u00e9e\" \/>\n\t<meta name=\"twitter:data1\" content=\"1 minute\" \/>\n<script type=\"application\/ld+json\" class=\"yoast-schema-graph\">{\"@context\":\"https:\\\/\\\/schema.org\",\"@graph\":[{\"@type\":\"WebPage\",\"@id\":\"https:\\\/\\\/alpen-markt.ch\\\/fr\\\/produkt\\\/zwergenwiese-pates-a-tartiner\\\/\",\"url\":\"https:\\\/\\\/alpen-markt.ch\\\/fr\\\/produkt\\\/zwergenwiese-pates-a-tartiner\\\/\",\"name\":\"Zwergenwiese P\u00e2tes \u00e0 tartiner - Alpenmarkt\",\"isPartOf\":{\"@id\":\"https:\\\/\\\/alpen-markt.ch\\\/fr\\\/#website\"},\"primaryImageOfPage\":{\"@id\":\"https:\\\/\\\/alpen-markt.ch\\\/fr\\\/produkt\\\/zwergenwiese-pates-a-tartiner\\\/#primaryimage\"},\"image\":{\"@id\":\"https:\\\/\\\/alpen-markt.ch\\\/fr\\\/produkt\\\/zwergenwiese-pates-a-tartiner\\\/#primaryimage\"},\"thumbnailUrl\":\"https:\\\/\\\/alpen-markt.ch\\\/wp-content\\\/uploads\\\/2025\\\/12\\\/50e63aa4-b5fb-4c2f-8584-d2581af74cad.png\",\"datePublished\":\"2025-11-25T15:50:29+00:00\",\"breadcrumb\":{\"@id\":\"https:\\\/\\\/alpen-markt.ch\\\/fr\\\/produkt\\\/zwergenwiese-pates-a-tartiner\\\/#breadcrumb\"},\"inLanguage\":\"fr-FR\",\"potentialAction\":[{\"@type\":\"ReadAction\",\"target\":[\"https:\\\/\\\/alpen-markt.ch\\\/fr\\\/produkt\\\/zwergenwiese-pates-a-tartiner\\\/\"]}]},{\"@type\":\"ImageObject\",\"inLanguage\":\"fr-FR\",\"@id\":\"https:\\\/\\\/alpen-markt.ch\\\/fr\\\/produkt\\\/zwergenwiese-pates-a-tartiner\\\/#primaryimage\",\"url\":\"https:\\\/\\\/alpen-markt.ch\\\/wp-content\\\/uploads\\\/2025\\\/12\\\/50e63aa4-b5fb-4c2f-8584-d2581af74cad.png\",\"contentUrl\":\"https:\\\/\\\/alpen-markt.ch\\\/wp-content\\\/uploads\\\/2025\\\/12\\\/50e63aa4-b5fb-4c2f-8584-d2581af74cad.png\",\"width\":500,\"height\":500},{\"@type\":\"BreadcrumbList\",\"@id\":\"https:\\\/\\\/alpen-markt.ch\\\/fr\\\/produkt\\\/zwergenwiese-pates-a-tartiner\\\/#breadcrumb\",\"itemListElement\":[{\"@type\":\"ListItem\",\"position\":1,\"name\":\"Startseite\",\"item\":\"https:\\\/\\\/alpen-markt.ch\\\/fr\\\/home\\\/\"},{\"@type\":\"ListItem\",\"position\":2,\"name\":\"Boutique en ligne\",\"item\":\"https:\\\/\\\/alpen-markt.ch\\\/fr\\\/boutique-en-ligne\\\/\"},{\"@type\":\"ListItem\",\"position\":3,\"name\":\"Zwergenwiese P\u00e2tes \u00e0 tartiner\"}]},{\"@type\":\"WebSite\",\"@id\":\"https:\\\/\\\/alpen-markt.ch\\\/fr\\\/#website\",\"url\":\"https:\\\/\\\/alpen-markt.ch\\\/fr\\\/\",\"name\":\"Alpenmarkt\",\"description\":\"\",\"publisher\":{\"@id\":\"https:\\\/\\\/alpen-markt.ch\\\/fr\\\/#organization\"},\"potentialAction\":[{\"@type\":\"SearchAction\",\"target\":{\"@type\":\"EntryPoint\",\"urlTemplate\":\"https:\\\/\\\/alpen-markt.ch\\\/fr\\\/?s={search_term_string}\"},\"query-input\":{\"@type\":\"PropertyValueSpecification\",\"valueRequired\":true,\"valueName\":\"search_term_string\"}}],\"inLanguage\":\"fr-FR\"},{\"@type\":\"Organization\",\"@id\":\"https:\\\/\\\/alpen-markt.ch\\\/fr\\\/#organization\",\"name\":\"Alpenmarkt\",\"url\":\"https:\\\/\\\/alpen-markt.ch\\\/fr\\\/\",\"logo\":{\"@type\":\"ImageObject\",\"inLanguage\":\"fr-FR\",\"@id\":\"https:\\\/\\\/alpen-markt.ch\\\/fr\\\/#\\\/schema\\\/logo\\\/image\\\/\",\"url\":\"https:\\\/\\\/alpen-markt.ch\\\/wp-content\\\/uploads\\\/2025\\\/11\\\/logo-alpenmarkt.png\",\"contentUrl\":\"https:\\\/\\\/alpen-markt.ch\\\/wp-content\\\/uploads\\\/2025\\\/11\\\/logo-alpenmarkt.png\",\"width\":1048,\"height\":452,\"caption\":\"Alpenmarkt\"},\"image\":{\"@id\":\"https:\\\/\\\/alpen-markt.ch\\\/fr\\\/#\\\/schema\\\/logo\\\/image\\\/\"}}]}<\/script>\n<!-- \/ Yoast SEO plugin. -->","yoast_head_json":{"title":"Zwergenwiese P\u00e2tes \u00e0 tartiner - Alpenmarkt","robots":{"index":"index","follow":"follow","max-snippet":"max-snippet:-1","max-image-preview":"max-image-preview:large","max-video-preview":"max-video-preview:-1"},"canonical":"https:\/\/alpen-markt.ch\/fr\/produkt\/zwergenwiese-pates-a-tartiner\/","og_locale":"fr_FR","og_type":"article","og_title":"Zwergenwiese P\u00e2tes \u00e0 tartiner - Alpenmarkt","og_description":"Ingr\u00e9dients Basitom : Concentr\u00e9 de tomates*, huile de colza*, graines de tournesol*14 %, tomates* 12 %, eau, jus de citron* issu de concentr\u00e9*, sirop de pomme*, basilic* 3 %, f\u00e9cule de pomme de terre*, sel gemme. L\u00e9gende : * biologique, ** bourgeon, *** Demeter Ingr\u00e9dients Mepfel : pommes* 22 %, huile de colza*, eau, graines [&hellip;]","og_url":"https:\/\/alpen-markt.ch\/fr\/produkt\/zwergenwiese-pates-a-tartiner\/","og_site_name":"Alpenmarkt","og_image":[{"width":500,"height":500,"url":"https:\/\/alpen-markt.ch\/wp-content\/uploads\/2025\/12\/50e63aa4-b5fb-4c2f-8584-d2581af74cad.png","type":"image\/png"}],"twitter_card":"summary_large_image","twitter_misc":{"Dur\u00e9e de lecture estim\u00e9e":"1 minute"},"schema":{"@context":"https:\/\/schema.org","@graph":[{"@type":"WebPage","@id":"https:\/\/alpen-markt.ch\/fr\/produkt\/zwergenwiese-pates-a-tartiner\/","url":"https:\/\/alpen-markt.ch\/fr\/produkt\/zwergenwiese-pates-a-tartiner\/","name":"Zwergenwiese P\u00e2tes \u00e0 tartiner - Alpenmarkt","isPartOf":{"@id":"https:\/\/alpen-markt.ch\/fr\/#website"},"primaryImageOfPage":{"@id":"https:\/\/alpen-markt.ch\/fr\/produkt\/zwergenwiese-pates-a-tartiner\/#primaryimage"},"image":{"@id":"https:\/\/alpen-markt.ch\/fr\/produkt\/zwergenwiese-pates-a-tartiner\/#primaryimage"},"thumbnailUrl":"https:\/\/alpen-markt.ch\/wp-content\/uploads\/2025\/12\/50e63aa4-b5fb-4c2f-8584-d2581af74cad.png","datePublished":"2025-11-25T15:50:29+00:00","breadcrumb":{"@id":"https:\/\/alpen-markt.ch\/fr\/produkt\/zwergenwiese-pates-a-tartiner\/#breadcrumb"},"inLanguage":"fr-FR","potentialAction":[{"@type":"ReadAction","target":["https:\/\/alpen-markt.ch\/fr\/produkt\/zwergenwiese-pates-a-tartiner\/"]}]},{"@type":"ImageObject","inLanguage":"fr-FR","@id":"https:\/\/alpen-markt.ch\/fr\/produkt\/zwergenwiese-pates-a-tartiner\/#primaryimage","url":"https:\/\/alpen-markt.ch\/wp-content\/uploads\/2025\/12\/50e63aa4-b5fb-4c2f-8584-d2581af74cad.png","contentUrl":"https:\/\/alpen-markt.ch\/wp-content\/uploads\/2025\/12\/50e63aa4-b5fb-4c2f-8584-d2581af74cad.png","width":500,"height":500},{"@type":"BreadcrumbList","@id":"https:\/\/alpen-markt.ch\/fr\/produkt\/zwergenwiese-pates-a-tartiner\/#breadcrumb","itemListElement":[{"@type":"ListItem","position":1,"name":"Startseite","item":"https:\/\/alpen-markt.ch\/fr\/home\/"},{"@type":"ListItem","position":2,"name":"Boutique en ligne","item":"https:\/\/alpen-markt.ch\/fr\/boutique-en-ligne\/"},{"@type":"ListItem","position":3,"name":"Zwergenwiese P\u00e2tes \u00e0 tartiner"}]},{"@type":"WebSite","@id":"https:\/\/alpen-markt.ch\/fr\/#website","url":"https:\/\/alpen-markt.ch\/fr\/","name":"Alpenmarkt","description":"","publisher":{"@id":"https:\/\/alpen-markt.ch\/fr\/#organization"},"potentialAction":[{"@type":"SearchAction","target":{"@type":"EntryPoint","urlTemplate":"https:\/\/alpen-markt.ch\/fr\/?s={search_term_string}"},"query-input":{"@type":"PropertyValueSpecification","valueRequired":true,"valueName":"search_term_string"}}],"inLanguage":"fr-FR"},{"@type":"Organization","@id":"https:\/\/alpen-markt.ch\/fr\/#organization","name":"Alpenmarkt","url":"https:\/\/alpen-markt.ch\/fr\/","logo":{"@type":"ImageObject","inLanguage":"fr-FR","@id":"https:\/\/alpen-markt.ch\/fr\/#\/schema\/logo\/image\/","url":"https:\/\/alpen-markt.ch\/wp-content\/uploads\/2025\/11\/logo-alpenmarkt.png","contentUrl":"https:\/\/alpen-markt.ch\/wp-content\/uploads\/2025\/11\/logo-alpenmarkt.png","width":1048,"height":452,"caption":"Alpenmarkt"},"image":{"@id":"https:\/\/alpen-markt.ch\/fr\/#\/schema\/logo\/image\/"}}]}},"_links":{"self":[{"href":"https:\/\/alpen-markt.ch\/fr\/wp-json\/wp\/v2\/product\/4264","targetHints":{"allow":["GET"]}}],"collection":[{"href":"https:\/\/alpen-markt.ch\/fr\/wp-json\/wp\/v2\/product"}],"about":[{"href":"https:\/\/alpen-markt.ch\/fr\/wp-json\/wp\/v2\/types\/product"}],"wp:featuredmedia":[{"embeddable":true,"href":"https:\/\/alpen-markt.ch\/fr\/wp-json\/wp\/v2\/media\/4265"}],"wp:attachment":[{"href":"https:\/\/alpen-markt.ch\/fr\/wp-json\/wp\/v2\/media?parent=4264"}],"wp:term":[{"taxonomy":"product_brand","embeddable":true,"href":"https:\/\/alpen-markt.ch\/fr\/wp-json\/wp\/v2\/product_brand?post=4264"},{"taxonomy":"product_cat","embeddable":true,"href":"https:\/\/alpen-markt.ch\/fr\/wp-json\/wp\/v2\/product_cat?post=4264"},{"taxonomy":"product_tag","embeddable":true,"href":"https:\/\/alpen-markt.ch\/fr\/wp-json\/wp\/v2\/product_tag?post=4264"}],"curies":[{"name":"wp","href":"https:\/\/api.w.org\/{rel}","templated":true}]}}