{"id":4191,"date":"2025-11-25T16:50:38","date_gmt":"2025-11-25T15:50:38","guid":{"rendered":"https:\/\/alpen-markt.ch\/produkt\/hof-zer-burg-saucisse-seche-dagneau\/"},"modified":"2025-11-25T16:50:38","modified_gmt":"2025-11-25T15:50:38","slug":"hof-zer-burg-saucisse-seche-dagneau","status":"publish","type":"product","link":"https:\/\/alpen-markt.ch\/fr\/produkt\/hof-zer-burg-saucisse-seche-dagneau\/","title":{"rendered":"Hof zer Burg &#8211; Saucisse s\u00e8che d&rsquo;agneau"},"content":{"rendered":"<p>La ferme Hof zer Burg \u00e0 Unterb\u00e4ch \/ Eischoll, situ\u00e9e sur un haut plateau au-dessus de la vall\u00e9e du Rh\u00f4ne, se trouve au c\u0153ur d&rsquo;une r\u00e9gion de randonn\u00e9e sauvage et romantique \u00e0 1200 m\u00e8tres d&rsquo;altitude. Elle exploite environ 22 hectares de p\u00e2turages et de prairies pour ses moutons et ses ch\u00e8vres. Depuis 2014, l&rsquo;exploitation est certifi\u00e9e Bio Knospe.<\/p>\n","protected":false},"excerpt":{"rendered":"<p>La ferme Hof zer Burg \u00e0 Unterb\u00e4ch \/ Eischoll, situ\u00e9e sur un haut plateau au-dessus de la vall\u00e9e du Rh\u00f4ne, se trouve au c\u0153ur d&rsquo;une r\u00e9gion de randonn\u00e9e sauvage et romantique \u00e0 1200 m\u00e8tres d&rsquo;altitude. Elle exploite environ 22 hectares de p\u00e2turages et de prairies pour ses moutons et ses ch\u00e8vres. Depuis 2014, l&rsquo;exploitation est [&hellip;]<\/p>\n","protected":false},"featured_media":4192,"template":"","meta":[],"product_brand":[],"product_cat":[82],"product_tag":[],"class_list":{"0":"post-4191","1":"product","2":"type-product","3":"status-publish","4":"has-post-thumbnail","6":"product_cat-gouter-aliments-de-la-region-alpine","8":"first","9":"outofstock","10":"taxable","11":"shipping-taxable","12":"purchasable","13":"product-type-simple"},"yoast_head":"<!-- This site is optimized with the Yoast SEO plugin v27.4 - https:\/\/yoast.com\/product\/yoast-seo-wordpress\/ -->\n<title>Hof zer Burg - Saucisse s\u00e8che d&#039;agneau - Alpenmarkt<\/title>\n<meta name=\"robots\" content=\"index, follow, max-snippet:-1, max-image-preview:large, max-video-preview:-1\" \/>\n<link rel=\"canonical\" href=\"https:\/\/alpen-markt.ch\/fr\/produkt\/hof-zer-burg-saucisse-seche-dagneau\/\" \/>\n<meta property=\"og:locale\" content=\"fr_FR\" \/>\n<meta property=\"og:type\" content=\"article\" \/>\n<meta property=\"og:title\" content=\"Hof zer Burg - Saucisse s\u00e8che d&#039;agneau - Alpenmarkt\" \/>\n<meta property=\"og:description\" content=\"La ferme Hof zer Burg \u00e0 Unterb\u00e4ch \/ Eischoll, situ\u00e9e sur un haut plateau au-dessus de la vall\u00e9e du Rh\u00f4ne, se trouve au c\u0153ur d&rsquo;une r\u00e9gion de randonn\u00e9e sauvage et romantique \u00e0 1200 m\u00e8tres d&rsquo;altitude. Elle exploite environ 22 hectares de p\u00e2turages et de prairies pour ses moutons et ses ch\u00e8vres. Depuis 2014, l&rsquo;exploitation est [&hellip;]\" \/>\n<meta property=\"og:url\" content=\"https:\/\/alpen-markt.ch\/fr\/produkt\/hof-zer-burg-saucisse-seche-dagneau\/\" \/>\n<meta property=\"og:site_name\" content=\"Alpenmarkt\" \/>\n<meta property=\"og:image\" content=\"https:\/\/alpen-markt.ch\/wp-content\/uploads\/2025\/11\/3cfc7044-9e30-4dea-ab77-2c27d0b6bd62.png\" \/>\n\t<meta property=\"og:image:width\" content=\"500\" \/>\n\t<meta property=\"og:image:height\" content=\"500\" \/>\n\t<meta property=\"og:image:type\" content=\"image\/png\" \/>\n<meta name=\"twitter:card\" content=\"summary_large_image\" \/>\n<script type=\"application\/ld+json\" class=\"yoast-schema-graph\">{\"@context\":\"https:\\\/\\\/schema.org\",\"@graph\":[{\"@type\":\"WebPage\",\"@id\":\"https:\\\/\\\/alpen-markt.ch\\\/fr\\\/produkt\\\/hof-zer-burg-saucisse-seche-dagneau\\\/\",\"url\":\"https:\\\/\\\/alpen-markt.ch\\\/fr\\\/produkt\\\/hof-zer-burg-saucisse-seche-dagneau\\\/\",\"name\":\"Hof zer Burg - Saucisse s\u00e8che d'agneau - Alpenmarkt\",\"isPartOf\":{\"@id\":\"https:\\\/\\\/alpen-markt.ch\\\/fr\\\/#website\"},\"primaryImageOfPage\":{\"@id\":\"https:\\\/\\\/alpen-markt.ch\\\/fr\\\/produkt\\\/hof-zer-burg-saucisse-seche-dagneau\\\/#primaryimage\"},\"image\":{\"@id\":\"https:\\\/\\\/alpen-markt.ch\\\/fr\\\/produkt\\\/hof-zer-burg-saucisse-seche-dagneau\\\/#primaryimage\"},\"thumbnailUrl\":\"https:\\\/\\\/alpen-markt.ch\\\/wp-content\\\/uploads\\\/2025\\\/11\\\/3cfc7044-9e30-4dea-ab77-2c27d0b6bd62.png\",\"datePublished\":\"2025-11-25T15:50:38+00:00\",\"breadcrumb\":{\"@id\":\"https:\\\/\\\/alpen-markt.ch\\\/fr\\\/produkt\\\/hof-zer-burg-saucisse-seche-dagneau\\\/#breadcrumb\"},\"inLanguage\":\"fr-FR\",\"potentialAction\":[{\"@type\":\"ReadAction\",\"target\":[\"https:\\\/\\\/alpen-markt.ch\\\/fr\\\/produkt\\\/hof-zer-burg-saucisse-seche-dagneau\\\/\"]}]},{\"@type\":\"ImageObject\",\"inLanguage\":\"fr-FR\",\"@id\":\"https:\\\/\\\/alpen-markt.ch\\\/fr\\\/produkt\\\/hof-zer-burg-saucisse-seche-dagneau\\\/#primaryimage\",\"url\":\"https:\\\/\\\/alpen-markt.ch\\\/wp-content\\\/uploads\\\/2025\\\/11\\\/3cfc7044-9e30-4dea-ab77-2c27d0b6bd62.png\",\"contentUrl\":\"https:\\\/\\\/alpen-markt.ch\\\/wp-content\\\/uploads\\\/2025\\\/11\\\/3cfc7044-9e30-4dea-ab77-2c27d0b6bd62.png\",\"width\":500,\"height\":500},{\"@type\":\"BreadcrumbList\",\"@id\":\"https:\\\/\\\/alpen-markt.ch\\\/fr\\\/produkt\\\/hof-zer-burg-saucisse-seche-dagneau\\\/#breadcrumb\",\"itemListElement\":[{\"@type\":\"ListItem\",\"position\":1,\"name\":\"Startseite\",\"item\":\"https:\\\/\\\/alpen-markt.ch\\\/fr\\\/home\\\/\"},{\"@type\":\"ListItem\",\"position\":2,\"name\":\"Boutique en ligne\",\"item\":\"https:\\\/\\\/alpen-markt.ch\\\/fr\\\/boutique-en-ligne\\\/\"},{\"@type\":\"ListItem\",\"position\":3,\"name\":\"Hof zer Burg &#8211; Saucisse s\u00e8che d&#8217;agneau\"}]},{\"@type\":\"WebSite\",\"@id\":\"https:\\\/\\\/alpen-markt.ch\\\/fr\\\/#website\",\"url\":\"https:\\\/\\\/alpen-markt.ch\\\/fr\\\/\",\"name\":\"Alpenmarkt\",\"description\":\"\",\"publisher\":{\"@id\":\"https:\\\/\\\/alpen-markt.ch\\\/fr\\\/#organization\"},\"potentialAction\":[{\"@type\":\"SearchAction\",\"target\":{\"@type\":\"EntryPoint\",\"urlTemplate\":\"https:\\\/\\\/alpen-markt.ch\\\/fr\\\/?s={search_term_string}\"},\"query-input\":{\"@type\":\"PropertyValueSpecification\",\"valueRequired\":true,\"valueName\":\"search_term_string\"}}],\"inLanguage\":\"fr-FR\"},{\"@type\":\"Organization\",\"@id\":\"https:\\\/\\\/alpen-markt.ch\\\/fr\\\/#organization\",\"name\":\"Alpenmarkt\",\"url\":\"https:\\\/\\\/alpen-markt.ch\\\/fr\\\/\",\"logo\":{\"@type\":\"ImageObject\",\"inLanguage\":\"fr-FR\",\"@id\":\"https:\\\/\\\/alpen-markt.ch\\\/fr\\\/#\\\/schema\\\/logo\\\/image\\\/\",\"url\":\"https:\\\/\\\/alpen-markt.ch\\\/wp-content\\\/uploads\\\/2025\\\/11\\\/logo-alpenmarkt.png\",\"contentUrl\":\"https:\\\/\\\/alpen-markt.ch\\\/wp-content\\\/uploads\\\/2025\\\/11\\\/logo-alpenmarkt.png\",\"width\":1048,\"height\":452,\"caption\":\"Alpenmarkt\"},\"image\":{\"@id\":\"https:\\\/\\\/alpen-markt.ch\\\/fr\\\/#\\\/schema\\\/logo\\\/image\\\/\"}}]}<\/script>\n<!-- \/ Yoast SEO plugin. -->","yoast_head_json":{"title":"Hof zer Burg - Saucisse s\u00e8che d'agneau - Alpenmarkt","robots":{"index":"index","follow":"follow","max-snippet":"max-snippet:-1","max-image-preview":"max-image-preview:large","max-video-preview":"max-video-preview:-1"},"canonical":"https:\/\/alpen-markt.ch\/fr\/produkt\/hof-zer-burg-saucisse-seche-dagneau\/","og_locale":"fr_FR","og_type":"article","og_title":"Hof zer Burg - Saucisse s\u00e8che d'agneau - Alpenmarkt","og_description":"La ferme Hof zer Burg \u00e0 Unterb\u00e4ch \/ Eischoll, situ\u00e9e sur un haut plateau au-dessus de la vall\u00e9e du Rh\u00f4ne, se trouve au c\u0153ur d&rsquo;une r\u00e9gion de randonn\u00e9e sauvage et romantique \u00e0 1200 m\u00e8tres d&rsquo;altitude. Elle exploite environ 22 hectares de p\u00e2turages et de prairies pour ses moutons et ses ch\u00e8vres. Depuis 2014, l&rsquo;exploitation est [&hellip;]","og_url":"https:\/\/alpen-markt.ch\/fr\/produkt\/hof-zer-burg-saucisse-seche-dagneau\/","og_site_name":"Alpenmarkt","og_image":[{"width":500,"height":500,"url":"https:\/\/alpen-markt.ch\/wp-content\/uploads\/2025\/11\/3cfc7044-9e30-4dea-ab77-2c27d0b6bd62.png","type":"image\/png"}],"twitter_card":"summary_large_image","schema":{"@context":"https:\/\/schema.org","@graph":[{"@type":"WebPage","@id":"https:\/\/alpen-markt.ch\/fr\/produkt\/hof-zer-burg-saucisse-seche-dagneau\/","url":"https:\/\/alpen-markt.ch\/fr\/produkt\/hof-zer-burg-saucisse-seche-dagneau\/","name":"Hof zer Burg - Saucisse s\u00e8che d'agneau - Alpenmarkt","isPartOf":{"@id":"https:\/\/alpen-markt.ch\/fr\/#website"},"primaryImageOfPage":{"@id":"https:\/\/alpen-markt.ch\/fr\/produkt\/hof-zer-burg-saucisse-seche-dagneau\/#primaryimage"},"image":{"@id":"https:\/\/alpen-markt.ch\/fr\/produkt\/hof-zer-burg-saucisse-seche-dagneau\/#primaryimage"},"thumbnailUrl":"https:\/\/alpen-markt.ch\/wp-content\/uploads\/2025\/11\/3cfc7044-9e30-4dea-ab77-2c27d0b6bd62.png","datePublished":"2025-11-25T15:50:38+00:00","breadcrumb":{"@id":"https:\/\/alpen-markt.ch\/fr\/produkt\/hof-zer-burg-saucisse-seche-dagneau\/#breadcrumb"},"inLanguage":"fr-FR","potentialAction":[{"@type":"ReadAction","target":["https:\/\/alpen-markt.ch\/fr\/produkt\/hof-zer-burg-saucisse-seche-dagneau\/"]}]},{"@type":"ImageObject","inLanguage":"fr-FR","@id":"https:\/\/alpen-markt.ch\/fr\/produkt\/hof-zer-burg-saucisse-seche-dagneau\/#primaryimage","url":"https:\/\/alpen-markt.ch\/wp-content\/uploads\/2025\/11\/3cfc7044-9e30-4dea-ab77-2c27d0b6bd62.png","contentUrl":"https:\/\/alpen-markt.ch\/wp-content\/uploads\/2025\/11\/3cfc7044-9e30-4dea-ab77-2c27d0b6bd62.png","width":500,"height":500},{"@type":"BreadcrumbList","@id":"https:\/\/alpen-markt.ch\/fr\/produkt\/hof-zer-burg-saucisse-seche-dagneau\/#breadcrumb","itemListElement":[{"@type":"ListItem","position":1,"name":"Startseite","item":"https:\/\/alpen-markt.ch\/fr\/home\/"},{"@type":"ListItem","position":2,"name":"Boutique en ligne","item":"https:\/\/alpen-markt.ch\/fr\/boutique-en-ligne\/"},{"@type":"ListItem","position":3,"name":"Hof zer Burg &#8211; Saucisse s\u00e8che d&#8217;agneau"}]},{"@type":"WebSite","@id":"https:\/\/alpen-markt.ch\/fr\/#website","url":"https:\/\/alpen-markt.ch\/fr\/","name":"Alpenmarkt","description":"","publisher":{"@id":"https:\/\/alpen-markt.ch\/fr\/#organization"},"potentialAction":[{"@type":"SearchAction","target":{"@type":"EntryPoint","urlTemplate":"https:\/\/alpen-markt.ch\/fr\/?s={search_term_string}"},"query-input":{"@type":"PropertyValueSpecification","valueRequired":true,"valueName":"search_term_string"}}],"inLanguage":"fr-FR"},{"@type":"Organization","@id":"https:\/\/alpen-markt.ch\/fr\/#organization","name":"Alpenmarkt","url":"https:\/\/alpen-markt.ch\/fr\/","logo":{"@type":"ImageObject","inLanguage":"fr-FR","@id":"https:\/\/alpen-markt.ch\/fr\/#\/schema\/logo\/image\/","url":"https:\/\/alpen-markt.ch\/wp-content\/uploads\/2025\/11\/logo-alpenmarkt.png","contentUrl":"https:\/\/alpen-markt.ch\/wp-content\/uploads\/2025\/11\/logo-alpenmarkt.png","width":1048,"height":452,"caption":"Alpenmarkt"},"image":{"@id":"https:\/\/alpen-markt.ch\/fr\/#\/schema\/logo\/image\/"}}]}},"_links":{"self":[{"href":"https:\/\/alpen-markt.ch\/fr\/wp-json\/wp\/v2\/product\/4191","targetHints":{"allow":["GET"]}}],"collection":[{"href":"https:\/\/alpen-markt.ch\/fr\/wp-json\/wp\/v2\/product"}],"about":[{"href":"https:\/\/alpen-markt.ch\/fr\/wp-json\/wp\/v2\/types\/product"}],"wp:featuredmedia":[{"embeddable":true,"href":"https:\/\/alpen-markt.ch\/fr\/wp-json\/wp\/v2\/media\/4192"}],"wp:attachment":[{"href":"https:\/\/alpen-markt.ch\/fr\/wp-json\/wp\/v2\/media?parent=4191"}],"wp:term":[{"taxonomy":"product_brand","embeddable":true,"href":"https:\/\/alpen-markt.ch\/fr\/wp-json\/wp\/v2\/product_brand?post=4191"},{"taxonomy":"product_cat","embeddable":true,"href":"https:\/\/alpen-markt.ch\/fr\/wp-json\/wp\/v2\/product_cat?post=4191"},{"taxonomy":"product_tag","embeddable":true,"href":"https:\/\/alpen-markt.ch\/fr\/wp-json\/wp\/v2\/product_tag?post=4191"}],"curies":[{"name":"wp","href":"https:\/\/api.w.org\/{rel}","templated":true}]}}