{"id":4150,"date":"2025-11-25T16:50:38","date_gmt":"2025-11-25T15:50:38","guid":{"rendered":"https:\/\/alpen-markt.ch\/produkt\/vinaigrette-aux-herbes-sauvages\/"},"modified":"2025-11-25T16:50:38","modified_gmt":"2025-11-25T15:50:38","slug":"vinaigrette-aux-herbes-sauvages","status":"publish","type":"product","link":"https:\/\/alpen-markt.ch\/fr\/produkt\/vinaigrette-aux-herbes-sauvages\/","title":{"rendered":"Vinaigrette aux herbes sauvages"},"content":{"rendered":"<p>D\u00e9lices provenant de l&rsquo; Erner Speisewerk de Klaus Leuenberger dans une bouteille bouchonn\u00e9e<\/p>\n<p>Outre toutes ses cr\u00e9ations originales, Klaus Leuenberger Speisewerk s&rsquo;efforce \u00e9galement d&rsquo;apporter une touche d&rsquo;originalit\u00e9 aux plats quotidiens. C&rsquo;est dans cet esprit qu&rsquo;a \u00e9t\u00e9 d\u00e9velopp\u00e9e une vinaigrette bio riche \u00e0 base de yaourt, d&rsquo;\u0153ufs et de toutes sortes d&rsquo;herbes provenant des bois et des prairies. La note fra\u00eeche du yaourt est compl\u00e9t\u00e9e par le go\u00fbt acidul\u00e9 des herbes. La proportion des diff\u00e9rentes herbes sauvages variant l\u00e9g\u00e8rement en fonction de la saison de r\u00e9colte, le go\u00fbt de la vinaigrette diff\u00e8re l\u00e9g\u00e8rement selon la p\u00e9riode de l&rsquo;ann\u00e9e.   <\/p>\n<p>Ingr\u00e9dients : huile de colza, vinaigre de cidre, yogourt*, \u0153ufs*, oignons*, herbes sauvages du Valais* (ail des ours, orties, bon Henri, serpolet, consoude, plantain lanc\u00e9ol\u00e9, achill\u00e9e millefeuille, sauge des pr\u00e9s), moutarde, \u00e9pices (* ingr\u00e9dients LP Binntal)<\/p>\n","protected":false},"excerpt":{"rendered":"<p>D\u00e9lices provenant de l&rsquo; Erner Speisewerk de Klaus Leuenberger dans une bouteille bouchonn\u00e9e Outre toutes ses cr\u00e9ations originales, Klaus Leuenberger Speisewerk s&rsquo;efforce \u00e9galement d&rsquo;apporter une touche d&rsquo;originalit\u00e9 aux plats quotidiens. C&rsquo;est dans cet esprit qu&rsquo;a \u00e9t\u00e9 d\u00e9velopp\u00e9e une vinaigrette bio riche \u00e0 base de yaourt, d&rsquo;\u0153ufs et de toutes sortes d&rsquo;herbes provenant des bois et [&hellip;]<\/p>\n","protected":false},"featured_media":4151,"template":"","meta":[],"product_brand":[],"product_cat":[82],"product_tag":[],"class_list":{"0":"post-4150","1":"product","2":"type-product","3":"status-publish","4":"has-post-thumbnail","6":"product_cat-gouter-aliments-de-la-region-alpine","8":"first","9":"instock","10":"taxable","11":"shipping-taxable","12":"purchasable","13":"product-type-simple"},"yoast_head":"<!-- This site is optimized with the Yoast SEO plugin v27.4 - https:\/\/yoast.com\/product\/yoast-seo-wordpress\/ -->\n<title>Vinaigrette aux herbes sauvages - Alpenmarkt<\/title>\n<meta name=\"robots\" content=\"index, follow, max-snippet:-1, max-image-preview:large, max-video-preview:-1\" \/>\n<link rel=\"canonical\" href=\"https:\/\/alpen-markt.ch\/fr\/produkt\/vinaigrette-aux-herbes-sauvages\/\" \/>\n<meta property=\"og:locale\" content=\"fr_FR\" \/>\n<meta property=\"og:type\" content=\"article\" \/>\n<meta property=\"og:title\" content=\"Vinaigrette aux herbes sauvages - Alpenmarkt\" \/>\n<meta property=\"og:description\" content=\"D\u00e9lices provenant de l&rsquo; Erner Speisewerk de Klaus Leuenberger dans une bouteille bouchonn\u00e9e Outre toutes ses cr\u00e9ations originales, Klaus Leuenberger Speisewerk s&rsquo;efforce \u00e9galement d&rsquo;apporter une touche d&rsquo;originalit\u00e9 aux plats quotidiens. C&rsquo;est dans cet esprit qu&rsquo;a \u00e9t\u00e9 d\u00e9velopp\u00e9e une vinaigrette bio riche \u00e0 base de yaourt, d&rsquo;\u0153ufs et de toutes sortes d&rsquo;herbes provenant des bois et [&hellip;]\" \/>\n<meta property=\"og:url\" content=\"https:\/\/alpen-markt.ch\/fr\/produkt\/vinaigrette-aux-herbes-sauvages\/\" \/>\n<meta property=\"og:site_name\" content=\"Alpenmarkt\" \/>\n<meta property=\"og:image\" content=\"https:\/\/alpen-markt.ch\/wp-content\/uploads\/2025\/11\/8498ad16-27fa-4d9e-b2be-eb8b0d67510b.png\" \/>\n\t<meta property=\"og:image:width\" content=\"500\" \/>\n\t<meta property=\"og:image:height\" content=\"500\" \/>\n\t<meta property=\"og:image:type\" content=\"image\/png\" \/>\n<meta name=\"twitter:card\" content=\"summary_large_image\" \/>\n<meta name=\"twitter:label1\" content=\"Dur\u00e9e de lecture estim\u00e9e\" \/>\n\t<meta name=\"twitter:data1\" content=\"1 minute\" \/>\n<script type=\"application\/ld+json\" class=\"yoast-schema-graph\">{\"@context\":\"https:\\\/\\\/schema.org\",\"@graph\":[{\"@type\":\"WebPage\",\"@id\":\"https:\\\/\\\/alpen-markt.ch\\\/fr\\\/produkt\\\/vinaigrette-aux-herbes-sauvages\\\/\",\"url\":\"https:\\\/\\\/alpen-markt.ch\\\/fr\\\/produkt\\\/vinaigrette-aux-herbes-sauvages\\\/\",\"name\":\"Vinaigrette aux herbes sauvages - Alpenmarkt\",\"isPartOf\":{\"@id\":\"https:\\\/\\\/alpen-markt.ch\\\/fr\\\/#website\"},\"primaryImageOfPage\":{\"@id\":\"https:\\\/\\\/alpen-markt.ch\\\/fr\\\/produkt\\\/vinaigrette-aux-herbes-sauvages\\\/#primaryimage\"},\"image\":{\"@id\":\"https:\\\/\\\/alpen-markt.ch\\\/fr\\\/produkt\\\/vinaigrette-aux-herbes-sauvages\\\/#primaryimage\"},\"thumbnailUrl\":\"https:\\\/\\\/alpen-markt.ch\\\/wp-content\\\/uploads\\\/2025\\\/11\\\/8498ad16-27fa-4d9e-b2be-eb8b0d67510b.png\",\"datePublished\":\"2025-11-25T15:50:38+00:00\",\"breadcrumb\":{\"@id\":\"https:\\\/\\\/alpen-markt.ch\\\/fr\\\/produkt\\\/vinaigrette-aux-herbes-sauvages\\\/#breadcrumb\"},\"inLanguage\":\"fr-FR\",\"potentialAction\":[{\"@type\":\"ReadAction\",\"target\":[\"https:\\\/\\\/alpen-markt.ch\\\/fr\\\/produkt\\\/vinaigrette-aux-herbes-sauvages\\\/\"]}]},{\"@type\":\"ImageObject\",\"inLanguage\":\"fr-FR\",\"@id\":\"https:\\\/\\\/alpen-markt.ch\\\/fr\\\/produkt\\\/vinaigrette-aux-herbes-sauvages\\\/#primaryimage\",\"url\":\"https:\\\/\\\/alpen-markt.ch\\\/wp-content\\\/uploads\\\/2025\\\/11\\\/8498ad16-27fa-4d9e-b2be-eb8b0d67510b.png\",\"contentUrl\":\"https:\\\/\\\/alpen-markt.ch\\\/wp-content\\\/uploads\\\/2025\\\/11\\\/8498ad16-27fa-4d9e-b2be-eb8b0d67510b.png\",\"width\":500,\"height\":500},{\"@type\":\"BreadcrumbList\",\"@id\":\"https:\\\/\\\/alpen-markt.ch\\\/fr\\\/produkt\\\/vinaigrette-aux-herbes-sauvages\\\/#breadcrumb\",\"itemListElement\":[{\"@type\":\"ListItem\",\"position\":1,\"name\":\"Startseite\",\"item\":\"https:\\\/\\\/alpen-markt.ch\\\/fr\\\/home\\\/\"},{\"@type\":\"ListItem\",\"position\":2,\"name\":\"Boutique en ligne\",\"item\":\"https:\\\/\\\/alpen-markt.ch\\\/fr\\\/boutique-en-ligne\\\/\"},{\"@type\":\"ListItem\",\"position\":3,\"name\":\"Vinaigrette aux herbes sauvages\"}]},{\"@type\":\"WebSite\",\"@id\":\"https:\\\/\\\/alpen-markt.ch\\\/fr\\\/#website\",\"url\":\"https:\\\/\\\/alpen-markt.ch\\\/fr\\\/\",\"name\":\"Alpenmarkt\",\"description\":\"\",\"publisher\":{\"@id\":\"https:\\\/\\\/alpen-markt.ch\\\/fr\\\/#organization\"},\"potentialAction\":[{\"@type\":\"SearchAction\",\"target\":{\"@type\":\"EntryPoint\",\"urlTemplate\":\"https:\\\/\\\/alpen-markt.ch\\\/fr\\\/?s={search_term_string}\"},\"query-input\":{\"@type\":\"PropertyValueSpecification\",\"valueRequired\":true,\"valueName\":\"search_term_string\"}}],\"inLanguage\":\"fr-FR\"},{\"@type\":\"Organization\",\"@id\":\"https:\\\/\\\/alpen-markt.ch\\\/fr\\\/#organization\",\"name\":\"Alpenmarkt\",\"url\":\"https:\\\/\\\/alpen-markt.ch\\\/fr\\\/\",\"logo\":{\"@type\":\"ImageObject\",\"inLanguage\":\"fr-FR\",\"@id\":\"https:\\\/\\\/alpen-markt.ch\\\/fr\\\/#\\\/schema\\\/logo\\\/image\\\/\",\"url\":\"https:\\\/\\\/alpen-markt.ch\\\/wp-content\\\/uploads\\\/2025\\\/11\\\/logo-alpenmarkt.png\",\"contentUrl\":\"https:\\\/\\\/alpen-markt.ch\\\/wp-content\\\/uploads\\\/2025\\\/11\\\/logo-alpenmarkt.png\",\"width\":1048,\"height\":452,\"caption\":\"Alpenmarkt\"},\"image\":{\"@id\":\"https:\\\/\\\/alpen-markt.ch\\\/fr\\\/#\\\/schema\\\/logo\\\/image\\\/\"}}]}<\/script>\n<!-- \/ Yoast SEO plugin. -->","yoast_head_json":{"title":"Vinaigrette aux herbes sauvages - Alpenmarkt","robots":{"index":"index","follow":"follow","max-snippet":"max-snippet:-1","max-image-preview":"max-image-preview:large","max-video-preview":"max-video-preview:-1"},"canonical":"https:\/\/alpen-markt.ch\/fr\/produkt\/vinaigrette-aux-herbes-sauvages\/","og_locale":"fr_FR","og_type":"article","og_title":"Vinaigrette aux herbes sauvages - Alpenmarkt","og_description":"D\u00e9lices provenant de l&rsquo; Erner Speisewerk de Klaus Leuenberger dans une bouteille bouchonn\u00e9e Outre toutes ses cr\u00e9ations originales, Klaus Leuenberger Speisewerk s&rsquo;efforce \u00e9galement d&rsquo;apporter une touche d&rsquo;originalit\u00e9 aux plats quotidiens. C&rsquo;est dans cet esprit qu&rsquo;a \u00e9t\u00e9 d\u00e9velopp\u00e9e une vinaigrette bio riche \u00e0 base de yaourt, d&rsquo;\u0153ufs et de toutes sortes d&rsquo;herbes provenant des bois et [&hellip;]","og_url":"https:\/\/alpen-markt.ch\/fr\/produkt\/vinaigrette-aux-herbes-sauvages\/","og_site_name":"Alpenmarkt","og_image":[{"width":500,"height":500,"url":"https:\/\/alpen-markt.ch\/wp-content\/uploads\/2025\/11\/8498ad16-27fa-4d9e-b2be-eb8b0d67510b.png","type":"image\/png"}],"twitter_card":"summary_large_image","twitter_misc":{"Dur\u00e9e de lecture estim\u00e9e":"1 minute"},"schema":{"@context":"https:\/\/schema.org","@graph":[{"@type":"WebPage","@id":"https:\/\/alpen-markt.ch\/fr\/produkt\/vinaigrette-aux-herbes-sauvages\/","url":"https:\/\/alpen-markt.ch\/fr\/produkt\/vinaigrette-aux-herbes-sauvages\/","name":"Vinaigrette aux herbes sauvages - Alpenmarkt","isPartOf":{"@id":"https:\/\/alpen-markt.ch\/fr\/#website"},"primaryImageOfPage":{"@id":"https:\/\/alpen-markt.ch\/fr\/produkt\/vinaigrette-aux-herbes-sauvages\/#primaryimage"},"image":{"@id":"https:\/\/alpen-markt.ch\/fr\/produkt\/vinaigrette-aux-herbes-sauvages\/#primaryimage"},"thumbnailUrl":"https:\/\/alpen-markt.ch\/wp-content\/uploads\/2025\/11\/8498ad16-27fa-4d9e-b2be-eb8b0d67510b.png","datePublished":"2025-11-25T15:50:38+00:00","breadcrumb":{"@id":"https:\/\/alpen-markt.ch\/fr\/produkt\/vinaigrette-aux-herbes-sauvages\/#breadcrumb"},"inLanguage":"fr-FR","potentialAction":[{"@type":"ReadAction","target":["https:\/\/alpen-markt.ch\/fr\/produkt\/vinaigrette-aux-herbes-sauvages\/"]}]},{"@type":"ImageObject","inLanguage":"fr-FR","@id":"https:\/\/alpen-markt.ch\/fr\/produkt\/vinaigrette-aux-herbes-sauvages\/#primaryimage","url":"https:\/\/alpen-markt.ch\/wp-content\/uploads\/2025\/11\/8498ad16-27fa-4d9e-b2be-eb8b0d67510b.png","contentUrl":"https:\/\/alpen-markt.ch\/wp-content\/uploads\/2025\/11\/8498ad16-27fa-4d9e-b2be-eb8b0d67510b.png","width":500,"height":500},{"@type":"BreadcrumbList","@id":"https:\/\/alpen-markt.ch\/fr\/produkt\/vinaigrette-aux-herbes-sauvages\/#breadcrumb","itemListElement":[{"@type":"ListItem","position":1,"name":"Startseite","item":"https:\/\/alpen-markt.ch\/fr\/home\/"},{"@type":"ListItem","position":2,"name":"Boutique en ligne","item":"https:\/\/alpen-markt.ch\/fr\/boutique-en-ligne\/"},{"@type":"ListItem","position":3,"name":"Vinaigrette aux herbes sauvages"}]},{"@type":"WebSite","@id":"https:\/\/alpen-markt.ch\/fr\/#website","url":"https:\/\/alpen-markt.ch\/fr\/","name":"Alpenmarkt","description":"","publisher":{"@id":"https:\/\/alpen-markt.ch\/fr\/#organization"},"potentialAction":[{"@type":"SearchAction","target":{"@type":"EntryPoint","urlTemplate":"https:\/\/alpen-markt.ch\/fr\/?s={search_term_string}"},"query-input":{"@type":"PropertyValueSpecification","valueRequired":true,"valueName":"search_term_string"}}],"inLanguage":"fr-FR"},{"@type":"Organization","@id":"https:\/\/alpen-markt.ch\/fr\/#organization","name":"Alpenmarkt","url":"https:\/\/alpen-markt.ch\/fr\/","logo":{"@type":"ImageObject","inLanguage":"fr-FR","@id":"https:\/\/alpen-markt.ch\/fr\/#\/schema\/logo\/image\/","url":"https:\/\/alpen-markt.ch\/wp-content\/uploads\/2025\/11\/logo-alpenmarkt.png","contentUrl":"https:\/\/alpen-markt.ch\/wp-content\/uploads\/2025\/11\/logo-alpenmarkt.png","width":1048,"height":452,"caption":"Alpenmarkt"},"image":{"@id":"https:\/\/alpen-markt.ch\/fr\/#\/schema\/logo\/image\/"}}]}},"_links":{"self":[{"href":"https:\/\/alpen-markt.ch\/fr\/wp-json\/wp\/v2\/product\/4150","targetHints":{"allow":["GET"]}}],"collection":[{"href":"https:\/\/alpen-markt.ch\/fr\/wp-json\/wp\/v2\/product"}],"about":[{"href":"https:\/\/alpen-markt.ch\/fr\/wp-json\/wp\/v2\/types\/product"}],"wp:featuredmedia":[{"embeddable":true,"href":"https:\/\/alpen-markt.ch\/fr\/wp-json\/wp\/v2\/media\/4151"}],"wp:attachment":[{"href":"https:\/\/alpen-markt.ch\/fr\/wp-json\/wp\/v2\/media?parent=4150"}],"wp:term":[{"taxonomy":"product_brand","embeddable":true,"href":"https:\/\/alpen-markt.ch\/fr\/wp-json\/wp\/v2\/product_brand?post=4150"},{"taxonomy":"product_cat","embeddable":true,"href":"https:\/\/alpen-markt.ch\/fr\/wp-json\/wp\/v2\/product_cat?post=4150"},{"taxonomy":"product_tag","embeddable":true,"href":"https:\/\/alpen-markt.ch\/fr\/wp-json\/wp\/v2\/product_tag?post=4150"}],"curies":[{"name":"wp","href":"https:\/\/api.w.org\/{rel}","templated":true}]}}