{"id":4142,"date":"2025-11-25T16:50:38","date_gmt":"2025-11-25T15:50:38","guid":{"rendered":"https:\/\/alpen-markt.ch\/produkt\/moutarde-a-lancienne-a-gros-grains-aux-baies-sauvages\/"},"modified":"2025-11-25T16:50:38","modified_gmt":"2025-11-25T15:50:38","slug":"moutarde-a-lancienne-a-gros-grains-aux-baies-sauvages","status":"publish","type":"product","link":"https:\/\/alpen-markt.ch\/fr\/produkt\/moutarde-a-lancienne-a-gros-grains-aux-baies-sauvages\/","title":{"rendered":"Moutarde \u00e0 l&rsquo;ancienne \u00e0 gros grains aux baies sauvages"},"content":{"rendered":"<p>D\u00e9lices de l&rsquo;Erner Speisewerk de Klaus Leuenberger<\/p>\n<p>Les premi\u00e8res recettes pour la pr\u00e9paration de la moutarde de table remontent \u00e0 l&rsquo;\u00e9poque romaine et contiennent, outre des graines de moutarde moulues, des ingr\u00e9dients de base tels que du mo\u00fbt de raisin ou du vinaigre, de l&rsquo;eau et du sel. Pendant des si\u00e8cles, la moutarde est rest\u00e9e, avec le raifort, la seule \u00e9pice forte disponible dans les cuisines europ\u00e9ennes et \u00e9tait donc tr\u00e8s r\u00e9pandue. <\/p>\n<p>Ingr\u00e9dients : jus de pomme (bio Valais), fraises des bois (vall\u00e9e de Binn), poudre de moutarde*, sucre, vinaigre de pomme*, sel marin, \u00e9pine-vinette (Demeter vall\u00e9e de Binn), geni\u00e8vre (* CH Bio Knospe)<\/p>\n","protected":false},"excerpt":{"rendered":"<p>D\u00e9lices de l&rsquo;Erner Speisewerk de Klaus Leuenberger Les premi\u00e8res recettes pour la pr\u00e9paration de la moutarde de table remontent \u00e0 l&rsquo;\u00e9poque romaine et contiennent, outre des graines de moutarde moulues, des ingr\u00e9dients de base tels que du mo\u00fbt de raisin ou du vinaigre, de l&rsquo;eau et du sel. Pendant des si\u00e8cles, la moutarde est rest\u00e9e, [&hellip;]<\/p>\n","protected":false},"featured_media":4143,"template":"","meta":[],"product_brand":[],"product_cat":[82],"product_tag":[],"class_list":{"0":"post-4142","1":"product","2":"type-product","3":"status-publish","4":"has-post-thumbnail","6":"product_cat-gouter-aliments-de-la-region-alpine","8":"first","9":"instock","10":"taxable","11":"shipping-taxable","12":"purchasable","13":"product-type-simple"},"yoast_head":"<!-- This site is optimized with the Yoast SEO plugin v27.3 - https:\/\/yoast.com\/product\/yoast-seo-wordpress\/ -->\n<title>Moutarde \u00e0 l&#039;ancienne \u00e0 gros grains aux baies sauvages - Alpenmarkt<\/title>\n<meta name=\"robots\" content=\"index, follow, max-snippet:-1, max-image-preview:large, max-video-preview:-1\" \/>\n<link rel=\"canonical\" href=\"https:\/\/alpen-markt.ch\/fr\/produkt\/moutarde-a-lancienne-a-gros-grains-aux-baies-sauvages\/\" \/>\n<meta property=\"og:locale\" content=\"fr_FR\" \/>\n<meta property=\"og:type\" content=\"article\" \/>\n<meta property=\"og:title\" content=\"Moutarde \u00e0 l&#039;ancienne \u00e0 gros grains aux baies sauvages - Alpenmarkt\" \/>\n<meta property=\"og:description\" content=\"D\u00e9lices de l&rsquo;Erner Speisewerk de Klaus Leuenberger Les premi\u00e8res recettes pour la pr\u00e9paration de la moutarde de table remontent \u00e0 l&rsquo;\u00e9poque romaine et contiennent, outre des graines de moutarde moulues, des ingr\u00e9dients de base tels que du mo\u00fbt de raisin ou du vinaigre, de l&rsquo;eau et du sel. Pendant des si\u00e8cles, la moutarde est rest\u00e9e, [&hellip;]\" \/>\n<meta property=\"og:url\" content=\"https:\/\/alpen-markt.ch\/fr\/produkt\/moutarde-a-lancienne-a-gros-grains-aux-baies-sauvages\/\" \/>\n<meta property=\"og:site_name\" content=\"Alpenmarkt\" \/>\n<meta property=\"og:image\" content=\"https:\/\/alpen-markt.ch\/wp-content\/uploads\/2025\/11\/281579e9-d3f9-4225-ab93-dcd648a6d7c8.png\" \/>\n\t<meta property=\"og:image:width\" content=\"500\" \/>\n\t<meta property=\"og:image:height\" content=\"500\" \/>\n\t<meta property=\"og:image:type\" content=\"image\/png\" \/>\n<meta name=\"twitter:card\" content=\"summary_large_image\" \/>\n<meta name=\"twitter:label1\" content=\"Dur\u00e9e de lecture estim\u00e9e\" \/>\n\t<meta name=\"twitter:data1\" content=\"1 minute\" \/>\n<script type=\"application\/ld+json\" class=\"yoast-schema-graph\">{\"@context\":\"https:\\\/\\\/schema.org\",\"@graph\":[{\"@type\":\"WebPage\",\"@id\":\"https:\\\/\\\/alpen-markt.ch\\\/fr\\\/produkt\\\/moutarde-a-lancienne-a-gros-grains-aux-baies-sauvages\\\/\",\"url\":\"https:\\\/\\\/alpen-markt.ch\\\/fr\\\/produkt\\\/moutarde-a-lancienne-a-gros-grains-aux-baies-sauvages\\\/\",\"name\":\"Moutarde \u00e0 l'ancienne \u00e0 gros grains aux baies sauvages - Alpenmarkt\",\"isPartOf\":{\"@id\":\"https:\\\/\\\/alpen-markt.ch\\\/fr\\\/#website\"},\"primaryImageOfPage\":{\"@id\":\"https:\\\/\\\/alpen-markt.ch\\\/fr\\\/produkt\\\/moutarde-a-lancienne-a-gros-grains-aux-baies-sauvages\\\/#primaryimage\"},\"image\":{\"@id\":\"https:\\\/\\\/alpen-markt.ch\\\/fr\\\/produkt\\\/moutarde-a-lancienne-a-gros-grains-aux-baies-sauvages\\\/#primaryimage\"},\"thumbnailUrl\":\"https:\\\/\\\/alpen-markt.ch\\\/wp-content\\\/uploads\\\/2025\\\/11\\\/281579e9-d3f9-4225-ab93-dcd648a6d7c8.png\",\"datePublished\":\"2025-11-25T15:50:38+00:00\",\"breadcrumb\":{\"@id\":\"https:\\\/\\\/alpen-markt.ch\\\/fr\\\/produkt\\\/moutarde-a-lancienne-a-gros-grains-aux-baies-sauvages\\\/#breadcrumb\"},\"inLanguage\":\"fr-FR\",\"potentialAction\":[{\"@type\":\"ReadAction\",\"target\":[\"https:\\\/\\\/alpen-markt.ch\\\/fr\\\/produkt\\\/moutarde-a-lancienne-a-gros-grains-aux-baies-sauvages\\\/\"]}]},{\"@type\":\"ImageObject\",\"inLanguage\":\"fr-FR\",\"@id\":\"https:\\\/\\\/alpen-markt.ch\\\/fr\\\/produkt\\\/moutarde-a-lancienne-a-gros-grains-aux-baies-sauvages\\\/#primaryimage\",\"url\":\"https:\\\/\\\/alpen-markt.ch\\\/wp-content\\\/uploads\\\/2025\\\/11\\\/281579e9-d3f9-4225-ab93-dcd648a6d7c8.png\",\"contentUrl\":\"https:\\\/\\\/alpen-markt.ch\\\/wp-content\\\/uploads\\\/2025\\\/11\\\/281579e9-d3f9-4225-ab93-dcd648a6d7c8.png\",\"width\":500,\"height\":500},{\"@type\":\"BreadcrumbList\",\"@id\":\"https:\\\/\\\/alpen-markt.ch\\\/fr\\\/produkt\\\/moutarde-a-lancienne-a-gros-grains-aux-baies-sauvages\\\/#breadcrumb\",\"itemListElement\":[{\"@type\":\"ListItem\",\"position\":1,\"name\":\"Startseite\",\"item\":\"https:\\\/\\\/alpen-markt.ch\\\/fr\\\/home\\\/\"},{\"@type\":\"ListItem\",\"position\":2,\"name\":\"Boutique en ligne\",\"item\":\"https:\\\/\\\/alpen-markt.ch\\\/fr\\\/boutique-en-ligne\\\/\"},{\"@type\":\"ListItem\",\"position\":3,\"name\":\"Moutarde \u00e0 l&#8217;ancienne \u00e0 gros grains aux baies sauvages\"}]},{\"@type\":\"WebSite\",\"@id\":\"https:\\\/\\\/alpen-markt.ch\\\/fr\\\/#website\",\"url\":\"https:\\\/\\\/alpen-markt.ch\\\/fr\\\/\",\"name\":\"Alpenmarkt\",\"description\":\"\",\"publisher\":{\"@id\":\"https:\\\/\\\/alpen-markt.ch\\\/fr\\\/#organization\"},\"potentialAction\":[{\"@type\":\"SearchAction\",\"target\":{\"@type\":\"EntryPoint\",\"urlTemplate\":\"https:\\\/\\\/alpen-markt.ch\\\/fr\\\/?s={search_term_string}\"},\"query-input\":{\"@type\":\"PropertyValueSpecification\",\"valueRequired\":true,\"valueName\":\"search_term_string\"}}],\"inLanguage\":\"fr-FR\"},{\"@type\":\"Organization\",\"@id\":\"https:\\\/\\\/alpen-markt.ch\\\/fr\\\/#organization\",\"name\":\"Alpenmarkt\",\"url\":\"https:\\\/\\\/alpen-markt.ch\\\/fr\\\/\",\"logo\":{\"@type\":\"ImageObject\",\"inLanguage\":\"fr-FR\",\"@id\":\"https:\\\/\\\/alpen-markt.ch\\\/fr\\\/#\\\/schema\\\/logo\\\/image\\\/\",\"url\":\"https:\\\/\\\/alpen-markt.ch\\\/wp-content\\\/uploads\\\/2025\\\/11\\\/logo-alpenmarkt.png\",\"contentUrl\":\"https:\\\/\\\/alpen-markt.ch\\\/wp-content\\\/uploads\\\/2025\\\/11\\\/logo-alpenmarkt.png\",\"width\":1048,\"height\":452,\"caption\":\"Alpenmarkt\"},\"image\":{\"@id\":\"https:\\\/\\\/alpen-markt.ch\\\/fr\\\/#\\\/schema\\\/logo\\\/image\\\/\"}}]}<\/script>\n<!-- \/ Yoast SEO plugin. -->","yoast_head_json":{"title":"Moutarde \u00e0 l'ancienne \u00e0 gros grains aux baies sauvages - Alpenmarkt","robots":{"index":"index","follow":"follow","max-snippet":"max-snippet:-1","max-image-preview":"max-image-preview:large","max-video-preview":"max-video-preview:-1"},"canonical":"https:\/\/alpen-markt.ch\/fr\/produkt\/moutarde-a-lancienne-a-gros-grains-aux-baies-sauvages\/","og_locale":"fr_FR","og_type":"article","og_title":"Moutarde \u00e0 l'ancienne \u00e0 gros grains aux baies sauvages - Alpenmarkt","og_description":"D\u00e9lices de l&rsquo;Erner Speisewerk de Klaus Leuenberger Les premi\u00e8res recettes pour la pr\u00e9paration de la moutarde de table remontent \u00e0 l&rsquo;\u00e9poque romaine et contiennent, outre des graines de moutarde moulues, des ingr\u00e9dients de base tels que du mo\u00fbt de raisin ou du vinaigre, de l&rsquo;eau et du sel. Pendant des si\u00e8cles, la moutarde est rest\u00e9e, [&hellip;]","og_url":"https:\/\/alpen-markt.ch\/fr\/produkt\/moutarde-a-lancienne-a-gros-grains-aux-baies-sauvages\/","og_site_name":"Alpenmarkt","og_image":[{"width":500,"height":500,"url":"https:\/\/alpen-markt.ch\/wp-content\/uploads\/2025\/11\/281579e9-d3f9-4225-ab93-dcd648a6d7c8.png","type":"image\/png"}],"twitter_card":"summary_large_image","twitter_misc":{"Dur\u00e9e de lecture estim\u00e9e":"1 minute"},"schema":{"@context":"https:\/\/schema.org","@graph":[{"@type":"WebPage","@id":"https:\/\/alpen-markt.ch\/fr\/produkt\/moutarde-a-lancienne-a-gros-grains-aux-baies-sauvages\/","url":"https:\/\/alpen-markt.ch\/fr\/produkt\/moutarde-a-lancienne-a-gros-grains-aux-baies-sauvages\/","name":"Moutarde \u00e0 l'ancienne \u00e0 gros grains aux baies sauvages - Alpenmarkt","isPartOf":{"@id":"https:\/\/alpen-markt.ch\/fr\/#website"},"primaryImageOfPage":{"@id":"https:\/\/alpen-markt.ch\/fr\/produkt\/moutarde-a-lancienne-a-gros-grains-aux-baies-sauvages\/#primaryimage"},"image":{"@id":"https:\/\/alpen-markt.ch\/fr\/produkt\/moutarde-a-lancienne-a-gros-grains-aux-baies-sauvages\/#primaryimage"},"thumbnailUrl":"https:\/\/alpen-markt.ch\/wp-content\/uploads\/2025\/11\/281579e9-d3f9-4225-ab93-dcd648a6d7c8.png","datePublished":"2025-11-25T15:50:38+00:00","breadcrumb":{"@id":"https:\/\/alpen-markt.ch\/fr\/produkt\/moutarde-a-lancienne-a-gros-grains-aux-baies-sauvages\/#breadcrumb"},"inLanguage":"fr-FR","potentialAction":[{"@type":"ReadAction","target":["https:\/\/alpen-markt.ch\/fr\/produkt\/moutarde-a-lancienne-a-gros-grains-aux-baies-sauvages\/"]}]},{"@type":"ImageObject","inLanguage":"fr-FR","@id":"https:\/\/alpen-markt.ch\/fr\/produkt\/moutarde-a-lancienne-a-gros-grains-aux-baies-sauvages\/#primaryimage","url":"https:\/\/alpen-markt.ch\/wp-content\/uploads\/2025\/11\/281579e9-d3f9-4225-ab93-dcd648a6d7c8.png","contentUrl":"https:\/\/alpen-markt.ch\/wp-content\/uploads\/2025\/11\/281579e9-d3f9-4225-ab93-dcd648a6d7c8.png","width":500,"height":500},{"@type":"BreadcrumbList","@id":"https:\/\/alpen-markt.ch\/fr\/produkt\/moutarde-a-lancienne-a-gros-grains-aux-baies-sauvages\/#breadcrumb","itemListElement":[{"@type":"ListItem","position":1,"name":"Startseite","item":"https:\/\/alpen-markt.ch\/fr\/home\/"},{"@type":"ListItem","position":2,"name":"Boutique en ligne","item":"https:\/\/alpen-markt.ch\/fr\/boutique-en-ligne\/"},{"@type":"ListItem","position":3,"name":"Moutarde \u00e0 l&#8217;ancienne \u00e0 gros grains aux baies sauvages"}]},{"@type":"WebSite","@id":"https:\/\/alpen-markt.ch\/fr\/#website","url":"https:\/\/alpen-markt.ch\/fr\/","name":"Alpenmarkt","description":"","publisher":{"@id":"https:\/\/alpen-markt.ch\/fr\/#organization"},"potentialAction":[{"@type":"SearchAction","target":{"@type":"EntryPoint","urlTemplate":"https:\/\/alpen-markt.ch\/fr\/?s={search_term_string}"},"query-input":{"@type":"PropertyValueSpecification","valueRequired":true,"valueName":"search_term_string"}}],"inLanguage":"fr-FR"},{"@type":"Organization","@id":"https:\/\/alpen-markt.ch\/fr\/#organization","name":"Alpenmarkt","url":"https:\/\/alpen-markt.ch\/fr\/","logo":{"@type":"ImageObject","inLanguage":"fr-FR","@id":"https:\/\/alpen-markt.ch\/fr\/#\/schema\/logo\/image\/","url":"https:\/\/alpen-markt.ch\/wp-content\/uploads\/2025\/11\/logo-alpenmarkt.png","contentUrl":"https:\/\/alpen-markt.ch\/wp-content\/uploads\/2025\/11\/logo-alpenmarkt.png","width":1048,"height":452,"caption":"Alpenmarkt"},"image":{"@id":"https:\/\/alpen-markt.ch\/fr\/#\/schema\/logo\/image\/"}}]}},"_links":{"self":[{"href":"https:\/\/alpen-markt.ch\/fr\/wp-json\/wp\/v2\/product\/4142","targetHints":{"allow":["GET"]}}],"collection":[{"href":"https:\/\/alpen-markt.ch\/fr\/wp-json\/wp\/v2\/product"}],"about":[{"href":"https:\/\/alpen-markt.ch\/fr\/wp-json\/wp\/v2\/types\/product"}],"wp:featuredmedia":[{"embeddable":true,"href":"https:\/\/alpen-markt.ch\/fr\/wp-json\/wp\/v2\/media\/4143"}],"wp:attachment":[{"href":"https:\/\/alpen-markt.ch\/fr\/wp-json\/wp\/v2\/media?parent=4142"}],"wp:term":[{"taxonomy":"product_brand","embeddable":true,"href":"https:\/\/alpen-markt.ch\/fr\/wp-json\/wp\/v2\/product_brand?post=4142"},{"taxonomy":"product_cat","embeddable":true,"href":"https:\/\/alpen-markt.ch\/fr\/wp-json\/wp\/v2\/product_cat?post=4142"},{"taxonomy":"product_tag","embeddable":true,"href":"https:\/\/alpen-markt.ch\/fr\/wp-json\/wp\/v2\/product_tag?post=4142"}],"curies":[{"name":"wp","href":"https:\/\/api.w.org\/{rel}","templated":true}]}}