{"id":4141,"date":"2025-11-25T16:50:38","date_gmt":"2025-11-25T15:50:38","guid":{"rendered":"https:\/\/alpen-markt.ch\/produkt\/tulipes-de-seigle-sucrees\/"},"modified":"2025-11-25T16:50:38","modified_gmt":"2025-11-25T15:50:38","slug":"tulipes-de-seigle-sucrees","status":"publish","type":"product","link":"https:\/\/alpen-markt.ch\/fr\/produkt\/tulipes-de-seigle-sucrees\/","title":{"rendered":"Tulipes de seigle sucr\u00e9es"},"content":{"rendered":"<p>D\u00e9lices de l&rsquo; Erner Speisewerk de Klaus Leuenberger<\/p>\n<p>La forme d&rsquo;une tulipe a \u00e9t\u00e9 choisie pour le biscuit, car le seigle provient des champs de Chalberweid, au-dessus de Grengiols. Chaque ann\u00e9e, dans la seconde moiti\u00e9 du mois de mai, une tulipe sauvage unique fleurit dans les champs de seigle. La tulipe de Grengiols (en latin Tulipa grengiolensis) porte le nom du village ; la corporation des tulipes de Grengiols s&rsquo;occupe de cette fleur unique. Il est essentiel que les champs soient cultiv\u00e9s de mani\u00e8re traditionnelle, sans produits chimiques. Ils offrent ainsi un habitat \u00e0 une flore agricole riche en esp\u00e8ces. Outre la tulipe, d&rsquo;autres fleurs color\u00e9es fleurissent, comme le m\u00e9lampyre des champs ou l&rsquo;adonis d&rsquo;\u00e9t\u00e9.     <\/p>\n","protected":false},"excerpt":{"rendered":"<p>D\u00e9lices de l&rsquo; Erner Speisewerk de Klaus Leuenberger La forme d&rsquo;une tulipe a \u00e9t\u00e9 choisie pour le biscuit, car le seigle provient des champs de Chalberweid, au-dessus de Grengiols. Chaque ann\u00e9e, dans la seconde moiti\u00e9 du mois de mai, une tulipe sauvage unique fleurit dans les champs de seigle. La tulipe de Grengiols (en latin [&hellip;]<\/p>\n","protected":false},"featured_media":4138,"template":"","meta":[],"product_brand":[],"product_cat":[82],"product_tag":[],"class_list":{"0":"post-4141","1":"product","2":"type-product","3":"status-publish","4":"has-post-thumbnail","6":"product_cat-gouter-aliments-de-la-region-alpine","8":"first","9":"instock","10":"taxable","11":"shipping-taxable","12":"purchasable","13":"product-type-simple"},"yoast_head":"<!-- This site is optimized with the Yoast SEO plugin v27.3 - https:\/\/yoast.com\/product\/yoast-seo-wordpress\/ -->\n<title>Tulipes de seigle sucr\u00e9es - Alpenmarkt<\/title>\n<meta name=\"robots\" content=\"index, follow, max-snippet:-1, max-image-preview:large, max-video-preview:-1\" \/>\n<link rel=\"canonical\" href=\"https:\/\/alpen-markt.ch\/fr\/produkt\/tulipes-de-seigle-sucrees\/\" \/>\n<meta property=\"og:locale\" content=\"fr_FR\" \/>\n<meta property=\"og:type\" content=\"article\" \/>\n<meta property=\"og:title\" content=\"Tulipes de seigle sucr\u00e9es - Alpenmarkt\" \/>\n<meta property=\"og:description\" content=\"D\u00e9lices de l&rsquo; Erner Speisewerk de Klaus Leuenberger La forme d&rsquo;une tulipe a \u00e9t\u00e9 choisie pour le biscuit, car le seigle provient des champs de Chalberweid, au-dessus de Grengiols. Chaque ann\u00e9e, dans la seconde moiti\u00e9 du mois de mai, une tulipe sauvage unique fleurit dans les champs de seigle. La tulipe de Grengiols (en latin [&hellip;]\" \/>\n<meta property=\"og:url\" content=\"https:\/\/alpen-markt.ch\/fr\/produkt\/tulipes-de-seigle-sucrees\/\" \/>\n<meta property=\"og:site_name\" content=\"Alpenmarkt\" \/>\n<meta property=\"og:image\" content=\"https:\/\/alpen-markt.ch\/wp-content\/uploads\/2025\/11\/ce4c41b8-2865-4972-858d-f01b215e3e2c.png\" \/>\n\t<meta property=\"og:image:width\" content=\"500\" \/>\n\t<meta property=\"og:image:height\" content=\"500\" \/>\n\t<meta property=\"og:image:type\" content=\"image\/png\" \/>\n<meta name=\"twitter:card\" content=\"summary_large_image\" \/>\n<meta name=\"twitter:label1\" content=\"Dur\u00e9e de lecture estim\u00e9e\" \/>\n\t<meta name=\"twitter:data1\" content=\"1 minute\" \/>\n<script type=\"application\/ld+json\" class=\"yoast-schema-graph\">{\"@context\":\"https:\\\/\\\/schema.org\",\"@graph\":[{\"@type\":\"WebPage\",\"@id\":\"https:\\\/\\\/alpen-markt.ch\\\/fr\\\/produkt\\\/tulipes-de-seigle-sucrees\\\/\",\"url\":\"https:\\\/\\\/alpen-markt.ch\\\/fr\\\/produkt\\\/tulipes-de-seigle-sucrees\\\/\",\"name\":\"Tulipes de seigle sucr\u00e9es - Alpenmarkt\",\"isPartOf\":{\"@id\":\"https:\\\/\\\/alpen-markt.ch\\\/fr\\\/#website\"},\"primaryImageOfPage\":{\"@id\":\"https:\\\/\\\/alpen-markt.ch\\\/fr\\\/produkt\\\/tulipes-de-seigle-sucrees\\\/#primaryimage\"},\"image\":{\"@id\":\"https:\\\/\\\/alpen-markt.ch\\\/fr\\\/produkt\\\/tulipes-de-seigle-sucrees\\\/#primaryimage\"},\"thumbnailUrl\":\"https:\\\/\\\/alpen-markt.ch\\\/wp-content\\\/uploads\\\/2025\\\/11\\\/ce4c41b8-2865-4972-858d-f01b215e3e2c.png\",\"datePublished\":\"2025-11-25T15:50:38+00:00\",\"breadcrumb\":{\"@id\":\"https:\\\/\\\/alpen-markt.ch\\\/fr\\\/produkt\\\/tulipes-de-seigle-sucrees\\\/#breadcrumb\"},\"inLanguage\":\"fr-FR\",\"potentialAction\":[{\"@type\":\"ReadAction\",\"target\":[\"https:\\\/\\\/alpen-markt.ch\\\/fr\\\/produkt\\\/tulipes-de-seigle-sucrees\\\/\"]}]},{\"@type\":\"ImageObject\",\"inLanguage\":\"fr-FR\",\"@id\":\"https:\\\/\\\/alpen-markt.ch\\\/fr\\\/produkt\\\/tulipes-de-seigle-sucrees\\\/#primaryimage\",\"url\":\"https:\\\/\\\/alpen-markt.ch\\\/wp-content\\\/uploads\\\/2025\\\/11\\\/ce4c41b8-2865-4972-858d-f01b215e3e2c.png\",\"contentUrl\":\"https:\\\/\\\/alpen-markt.ch\\\/wp-content\\\/uploads\\\/2025\\\/11\\\/ce4c41b8-2865-4972-858d-f01b215e3e2c.png\",\"width\":500,\"height\":500},{\"@type\":\"BreadcrumbList\",\"@id\":\"https:\\\/\\\/alpen-markt.ch\\\/fr\\\/produkt\\\/tulipes-de-seigle-sucrees\\\/#breadcrumb\",\"itemListElement\":[{\"@type\":\"ListItem\",\"position\":1,\"name\":\"Startseite\",\"item\":\"https:\\\/\\\/alpen-markt.ch\\\/fr\\\/home\\\/\"},{\"@type\":\"ListItem\",\"position\":2,\"name\":\"Boutique en ligne\",\"item\":\"https:\\\/\\\/alpen-markt.ch\\\/fr\\\/boutique-en-ligne\\\/\"},{\"@type\":\"ListItem\",\"position\":3,\"name\":\"Tulipes de seigle sucr\u00e9es\"}]},{\"@type\":\"WebSite\",\"@id\":\"https:\\\/\\\/alpen-markt.ch\\\/fr\\\/#website\",\"url\":\"https:\\\/\\\/alpen-markt.ch\\\/fr\\\/\",\"name\":\"Alpenmarkt\",\"description\":\"\",\"publisher\":{\"@id\":\"https:\\\/\\\/alpen-markt.ch\\\/fr\\\/#organization\"},\"potentialAction\":[{\"@type\":\"SearchAction\",\"target\":{\"@type\":\"EntryPoint\",\"urlTemplate\":\"https:\\\/\\\/alpen-markt.ch\\\/fr\\\/?s={search_term_string}\"},\"query-input\":{\"@type\":\"PropertyValueSpecification\",\"valueRequired\":true,\"valueName\":\"search_term_string\"}}],\"inLanguage\":\"fr-FR\"},{\"@type\":\"Organization\",\"@id\":\"https:\\\/\\\/alpen-markt.ch\\\/fr\\\/#organization\",\"name\":\"Alpenmarkt\",\"url\":\"https:\\\/\\\/alpen-markt.ch\\\/fr\\\/\",\"logo\":{\"@type\":\"ImageObject\",\"inLanguage\":\"fr-FR\",\"@id\":\"https:\\\/\\\/alpen-markt.ch\\\/fr\\\/#\\\/schema\\\/logo\\\/image\\\/\",\"url\":\"https:\\\/\\\/alpen-markt.ch\\\/wp-content\\\/uploads\\\/2025\\\/11\\\/logo-alpenmarkt.png\",\"contentUrl\":\"https:\\\/\\\/alpen-markt.ch\\\/wp-content\\\/uploads\\\/2025\\\/11\\\/logo-alpenmarkt.png\",\"width\":1048,\"height\":452,\"caption\":\"Alpenmarkt\"},\"image\":{\"@id\":\"https:\\\/\\\/alpen-markt.ch\\\/fr\\\/#\\\/schema\\\/logo\\\/image\\\/\"}}]}<\/script>\n<!-- \/ Yoast SEO plugin. -->","yoast_head_json":{"title":"Tulipes de seigle sucr\u00e9es - Alpenmarkt","robots":{"index":"index","follow":"follow","max-snippet":"max-snippet:-1","max-image-preview":"max-image-preview:large","max-video-preview":"max-video-preview:-1"},"canonical":"https:\/\/alpen-markt.ch\/fr\/produkt\/tulipes-de-seigle-sucrees\/","og_locale":"fr_FR","og_type":"article","og_title":"Tulipes de seigle sucr\u00e9es - Alpenmarkt","og_description":"D\u00e9lices de l&rsquo; Erner Speisewerk de Klaus Leuenberger La forme d&rsquo;une tulipe a \u00e9t\u00e9 choisie pour le biscuit, car le seigle provient des champs de Chalberweid, au-dessus de Grengiols. Chaque ann\u00e9e, dans la seconde moiti\u00e9 du mois de mai, une tulipe sauvage unique fleurit dans les champs de seigle. La tulipe de Grengiols (en latin [&hellip;]","og_url":"https:\/\/alpen-markt.ch\/fr\/produkt\/tulipes-de-seigle-sucrees\/","og_site_name":"Alpenmarkt","og_image":[{"width":500,"height":500,"url":"https:\/\/alpen-markt.ch\/wp-content\/uploads\/2025\/11\/ce4c41b8-2865-4972-858d-f01b215e3e2c.png","type":"image\/png"}],"twitter_card":"summary_large_image","twitter_misc":{"Dur\u00e9e de lecture estim\u00e9e":"1 minute"},"schema":{"@context":"https:\/\/schema.org","@graph":[{"@type":"WebPage","@id":"https:\/\/alpen-markt.ch\/fr\/produkt\/tulipes-de-seigle-sucrees\/","url":"https:\/\/alpen-markt.ch\/fr\/produkt\/tulipes-de-seigle-sucrees\/","name":"Tulipes de seigle sucr\u00e9es - Alpenmarkt","isPartOf":{"@id":"https:\/\/alpen-markt.ch\/fr\/#website"},"primaryImageOfPage":{"@id":"https:\/\/alpen-markt.ch\/fr\/produkt\/tulipes-de-seigle-sucrees\/#primaryimage"},"image":{"@id":"https:\/\/alpen-markt.ch\/fr\/produkt\/tulipes-de-seigle-sucrees\/#primaryimage"},"thumbnailUrl":"https:\/\/alpen-markt.ch\/wp-content\/uploads\/2025\/11\/ce4c41b8-2865-4972-858d-f01b215e3e2c.png","datePublished":"2025-11-25T15:50:38+00:00","breadcrumb":{"@id":"https:\/\/alpen-markt.ch\/fr\/produkt\/tulipes-de-seigle-sucrees\/#breadcrumb"},"inLanguage":"fr-FR","potentialAction":[{"@type":"ReadAction","target":["https:\/\/alpen-markt.ch\/fr\/produkt\/tulipes-de-seigle-sucrees\/"]}]},{"@type":"ImageObject","inLanguage":"fr-FR","@id":"https:\/\/alpen-markt.ch\/fr\/produkt\/tulipes-de-seigle-sucrees\/#primaryimage","url":"https:\/\/alpen-markt.ch\/wp-content\/uploads\/2025\/11\/ce4c41b8-2865-4972-858d-f01b215e3e2c.png","contentUrl":"https:\/\/alpen-markt.ch\/wp-content\/uploads\/2025\/11\/ce4c41b8-2865-4972-858d-f01b215e3e2c.png","width":500,"height":500},{"@type":"BreadcrumbList","@id":"https:\/\/alpen-markt.ch\/fr\/produkt\/tulipes-de-seigle-sucrees\/#breadcrumb","itemListElement":[{"@type":"ListItem","position":1,"name":"Startseite","item":"https:\/\/alpen-markt.ch\/fr\/home\/"},{"@type":"ListItem","position":2,"name":"Boutique en ligne","item":"https:\/\/alpen-markt.ch\/fr\/boutique-en-ligne\/"},{"@type":"ListItem","position":3,"name":"Tulipes de seigle sucr\u00e9es"}]},{"@type":"WebSite","@id":"https:\/\/alpen-markt.ch\/fr\/#website","url":"https:\/\/alpen-markt.ch\/fr\/","name":"Alpenmarkt","description":"","publisher":{"@id":"https:\/\/alpen-markt.ch\/fr\/#organization"},"potentialAction":[{"@type":"SearchAction","target":{"@type":"EntryPoint","urlTemplate":"https:\/\/alpen-markt.ch\/fr\/?s={search_term_string}"},"query-input":{"@type":"PropertyValueSpecification","valueRequired":true,"valueName":"search_term_string"}}],"inLanguage":"fr-FR"},{"@type":"Organization","@id":"https:\/\/alpen-markt.ch\/fr\/#organization","name":"Alpenmarkt","url":"https:\/\/alpen-markt.ch\/fr\/","logo":{"@type":"ImageObject","inLanguage":"fr-FR","@id":"https:\/\/alpen-markt.ch\/fr\/#\/schema\/logo\/image\/","url":"https:\/\/alpen-markt.ch\/wp-content\/uploads\/2025\/11\/logo-alpenmarkt.png","contentUrl":"https:\/\/alpen-markt.ch\/wp-content\/uploads\/2025\/11\/logo-alpenmarkt.png","width":1048,"height":452,"caption":"Alpenmarkt"},"image":{"@id":"https:\/\/alpen-markt.ch\/fr\/#\/schema\/logo\/image\/"}}]}},"_links":{"self":[{"href":"https:\/\/alpen-markt.ch\/fr\/wp-json\/wp\/v2\/product\/4141","targetHints":{"allow":["GET"]}}],"collection":[{"href":"https:\/\/alpen-markt.ch\/fr\/wp-json\/wp\/v2\/product"}],"about":[{"href":"https:\/\/alpen-markt.ch\/fr\/wp-json\/wp\/v2\/types\/product"}],"wp:featuredmedia":[{"embeddable":true,"href":"https:\/\/alpen-markt.ch\/fr\/wp-json\/wp\/v2\/media\/4138"}],"wp:attachment":[{"href":"https:\/\/alpen-markt.ch\/fr\/wp-json\/wp\/v2\/media?parent=4141"}],"wp:term":[{"taxonomy":"product_brand","embeddable":true,"href":"https:\/\/alpen-markt.ch\/fr\/wp-json\/wp\/v2\/product_brand?post=4141"},{"taxonomy":"product_cat","embeddable":true,"href":"https:\/\/alpen-markt.ch\/fr\/wp-json\/wp\/v2\/product_cat?post=4141"},{"taxonomy":"product_tag","embeddable":true,"href":"https:\/\/alpen-markt.ch\/fr\/wp-json\/wp\/v2\/product_tag?post=4141"}],"curies":[{"name":"wp","href":"https:\/\/api.w.org\/{rel}","templated":true}]}}