{"id":4135,"date":"2025-11-25T16:50:38","date_gmt":"2025-11-25T15:50:38","guid":{"rendered":"https:\/\/alpen-markt.ch\/produkt\/gelee-epicee-aux-pointes-de-sapin\/"},"modified":"2025-11-25T16:50:38","modified_gmt":"2025-11-25T15:50:38","slug":"gelee-epicee-aux-pointes-de-sapin","status":"publish","type":"product","link":"https:\/\/alpen-markt.ch\/fr\/produkt\/gelee-epicee-aux-pointes-de-sapin\/","title":{"rendered":"Gel\u00e9e \u00e9pic\u00e9e aux pointes de sapin"},"content":{"rendered":"<p>D\u00e9lices de l&rsquo; Erner Speisewerk de Klaus Leuenberger<\/p>\n<p>Depuis des temps imm\u00e9moriaux, les pointes vert clair des sapins sont r\u00e9colt\u00e9es au printemps et g\u00e9n\u00e9ralement conserv\u00e9es sous forme de sirop. D&rsquo;une part pour leur go\u00fbt incomparable, d&rsquo;autre part pour soulager la toux, d\u00e9gager la gorge et rafra\u00eechir l&rsquo;haleine. <\/p>\n<p>Accords : agneau, chevreau, gibier r\u00f4ti, viande bouillie, plateau de fromages<\/p>\n<p>Ingr\u00e9dients : pomme (hautes tiges LP Binntal), sucre (CH Bio) pousses de sapin (LP Binntal), herbes de montagne (LP Binntal Bio) pectine de pomme, piment<\/p>\n","protected":false},"excerpt":{"rendered":"<p>D\u00e9lices de l&rsquo; Erner Speisewerk de Klaus Leuenberger Depuis des temps imm\u00e9moriaux, les pointes vert clair des sapins sont r\u00e9colt\u00e9es au printemps et g\u00e9n\u00e9ralement conserv\u00e9es sous forme de sirop. D&rsquo;une part pour leur go\u00fbt incomparable, d&rsquo;autre part pour soulager la toux, d\u00e9gager la gorge et rafra\u00eechir l&rsquo;haleine. Accords : agneau, chevreau, gibier r\u00f4ti, viande bouillie, [&hellip;]<\/p>\n","protected":false},"featured_media":4136,"template":"","meta":[],"product_brand":[],"product_cat":[82],"product_tag":[],"class_list":{"0":"post-4135","1":"product","2":"type-product","3":"status-publish","4":"has-post-thumbnail","6":"product_cat-gouter-aliments-de-la-region-alpine","8":"first","9":"instock","10":"taxable","11":"shipping-taxable","12":"purchasable","13":"product-type-simple"},"yoast_head":"<!-- This site is optimized with the Yoast SEO plugin v27.3 - https:\/\/yoast.com\/product\/yoast-seo-wordpress\/ -->\n<title>Gel\u00e9e \u00e9pic\u00e9e aux pointes de sapin - Alpenmarkt<\/title>\n<meta name=\"robots\" content=\"index, follow, max-snippet:-1, max-image-preview:large, max-video-preview:-1\" \/>\n<link rel=\"canonical\" href=\"https:\/\/alpen-markt.ch\/fr\/produkt\/gelee-epicee-aux-pointes-de-sapin\/\" \/>\n<meta property=\"og:locale\" content=\"fr_FR\" \/>\n<meta property=\"og:type\" content=\"article\" \/>\n<meta property=\"og:title\" content=\"Gel\u00e9e \u00e9pic\u00e9e aux pointes de sapin - Alpenmarkt\" \/>\n<meta property=\"og:description\" content=\"D\u00e9lices de l&rsquo; Erner Speisewerk de Klaus Leuenberger Depuis des temps imm\u00e9moriaux, les pointes vert clair des sapins sont r\u00e9colt\u00e9es au printemps et g\u00e9n\u00e9ralement conserv\u00e9es sous forme de sirop. D&rsquo;une part pour leur go\u00fbt incomparable, d&rsquo;autre part pour soulager la toux, d\u00e9gager la gorge et rafra\u00eechir l&rsquo;haleine. Accords : agneau, chevreau, gibier r\u00f4ti, viande bouillie, [&hellip;]\" \/>\n<meta property=\"og:url\" content=\"https:\/\/alpen-markt.ch\/fr\/produkt\/gelee-epicee-aux-pointes-de-sapin\/\" \/>\n<meta property=\"og:site_name\" content=\"Alpenmarkt\" \/>\n<meta property=\"og:image\" content=\"https:\/\/alpen-markt.ch\/wp-content\/uploads\/2025\/11\/09f37f06-0701-4fc9-b2af-ad90d6eb9b4e.png\" \/>\n\t<meta property=\"og:image:width\" content=\"500\" \/>\n\t<meta property=\"og:image:height\" content=\"500\" \/>\n\t<meta property=\"og:image:type\" content=\"image\/png\" \/>\n<meta name=\"twitter:card\" content=\"summary_large_image\" \/>\n<script type=\"application\/ld+json\" class=\"yoast-schema-graph\">{\"@context\":\"https:\\\/\\\/schema.org\",\"@graph\":[{\"@type\":\"WebPage\",\"@id\":\"https:\\\/\\\/alpen-markt.ch\\\/fr\\\/produkt\\\/gelee-epicee-aux-pointes-de-sapin\\\/\",\"url\":\"https:\\\/\\\/alpen-markt.ch\\\/fr\\\/produkt\\\/gelee-epicee-aux-pointes-de-sapin\\\/\",\"name\":\"Gel\u00e9e \u00e9pic\u00e9e aux pointes de sapin - Alpenmarkt\",\"isPartOf\":{\"@id\":\"https:\\\/\\\/alpen-markt.ch\\\/fr\\\/#website\"},\"primaryImageOfPage\":{\"@id\":\"https:\\\/\\\/alpen-markt.ch\\\/fr\\\/produkt\\\/gelee-epicee-aux-pointes-de-sapin\\\/#primaryimage\"},\"image\":{\"@id\":\"https:\\\/\\\/alpen-markt.ch\\\/fr\\\/produkt\\\/gelee-epicee-aux-pointes-de-sapin\\\/#primaryimage\"},\"thumbnailUrl\":\"https:\\\/\\\/alpen-markt.ch\\\/wp-content\\\/uploads\\\/2025\\\/11\\\/09f37f06-0701-4fc9-b2af-ad90d6eb9b4e.png\",\"datePublished\":\"2025-11-25T15:50:38+00:00\",\"breadcrumb\":{\"@id\":\"https:\\\/\\\/alpen-markt.ch\\\/fr\\\/produkt\\\/gelee-epicee-aux-pointes-de-sapin\\\/#breadcrumb\"},\"inLanguage\":\"fr-FR\",\"potentialAction\":[{\"@type\":\"ReadAction\",\"target\":[\"https:\\\/\\\/alpen-markt.ch\\\/fr\\\/produkt\\\/gelee-epicee-aux-pointes-de-sapin\\\/\"]}]},{\"@type\":\"ImageObject\",\"inLanguage\":\"fr-FR\",\"@id\":\"https:\\\/\\\/alpen-markt.ch\\\/fr\\\/produkt\\\/gelee-epicee-aux-pointes-de-sapin\\\/#primaryimage\",\"url\":\"https:\\\/\\\/alpen-markt.ch\\\/wp-content\\\/uploads\\\/2025\\\/11\\\/09f37f06-0701-4fc9-b2af-ad90d6eb9b4e.png\",\"contentUrl\":\"https:\\\/\\\/alpen-markt.ch\\\/wp-content\\\/uploads\\\/2025\\\/11\\\/09f37f06-0701-4fc9-b2af-ad90d6eb9b4e.png\",\"width\":500,\"height\":500},{\"@type\":\"BreadcrumbList\",\"@id\":\"https:\\\/\\\/alpen-markt.ch\\\/fr\\\/produkt\\\/gelee-epicee-aux-pointes-de-sapin\\\/#breadcrumb\",\"itemListElement\":[{\"@type\":\"ListItem\",\"position\":1,\"name\":\"Startseite\",\"item\":\"https:\\\/\\\/alpen-markt.ch\\\/fr\\\/home\\\/\"},{\"@type\":\"ListItem\",\"position\":2,\"name\":\"Boutique en ligne\",\"item\":\"https:\\\/\\\/alpen-markt.ch\\\/fr\\\/boutique-en-ligne\\\/\"},{\"@type\":\"ListItem\",\"position\":3,\"name\":\"Gel\u00e9e \u00e9pic\u00e9e aux pointes de sapin\"}]},{\"@type\":\"WebSite\",\"@id\":\"https:\\\/\\\/alpen-markt.ch\\\/fr\\\/#website\",\"url\":\"https:\\\/\\\/alpen-markt.ch\\\/fr\\\/\",\"name\":\"Alpenmarkt\",\"description\":\"\",\"publisher\":{\"@id\":\"https:\\\/\\\/alpen-markt.ch\\\/fr\\\/#organization\"},\"potentialAction\":[{\"@type\":\"SearchAction\",\"target\":{\"@type\":\"EntryPoint\",\"urlTemplate\":\"https:\\\/\\\/alpen-markt.ch\\\/fr\\\/?s={search_term_string}\"},\"query-input\":{\"@type\":\"PropertyValueSpecification\",\"valueRequired\":true,\"valueName\":\"search_term_string\"}}],\"inLanguage\":\"fr-FR\"},{\"@type\":\"Organization\",\"@id\":\"https:\\\/\\\/alpen-markt.ch\\\/fr\\\/#organization\",\"name\":\"Alpenmarkt\",\"url\":\"https:\\\/\\\/alpen-markt.ch\\\/fr\\\/\",\"logo\":{\"@type\":\"ImageObject\",\"inLanguage\":\"fr-FR\",\"@id\":\"https:\\\/\\\/alpen-markt.ch\\\/fr\\\/#\\\/schema\\\/logo\\\/image\\\/\",\"url\":\"https:\\\/\\\/alpen-markt.ch\\\/wp-content\\\/uploads\\\/2025\\\/11\\\/logo-alpenmarkt.png\",\"contentUrl\":\"https:\\\/\\\/alpen-markt.ch\\\/wp-content\\\/uploads\\\/2025\\\/11\\\/logo-alpenmarkt.png\",\"width\":1048,\"height\":452,\"caption\":\"Alpenmarkt\"},\"image\":{\"@id\":\"https:\\\/\\\/alpen-markt.ch\\\/fr\\\/#\\\/schema\\\/logo\\\/image\\\/\"}}]}<\/script>\n<!-- \/ Yoast SEO plugin. -->","yoast_head_json":{"title":"Gel\u00e9e \u00e9pic\u00e9e aux pointes de sapin - Alpenmarkt","robots":{"index":"index","follow":"follow","max-snippet":"max-snippet:-1","max-image-preview":"max-image-preview:large","max-video-preview":"max-video-preview:-1"},"canonical":"https:\/\/alpen-markt.ch\/fr\/produkt\/gelee-epicee-aux-pointes-de-sapin\/","og_locale":"fr_FR","og_type":"article","og_title":"Gel\u00e9e \u00e9pic\u00e9e aux pointes de sapin - Alpenmarkt","og_description":"D\u00e9lices de l&rsquo; Erner Speisewerk de Klaus Leuenberger Depuis des temps imm\u00e9moriaux, les pointes vert clair des sapins sont r\u00e9colt\u00e9es au printemps et g\u00e9n\u00e9ralement conserv\u00e9es sous forme de sirop. D&rsquo;une part pour leur go\u00fbt incomparable, d&rsquo;autre part pour soulager la toux, d\u00e9gager la gorge et rafra\u00eechir l&rsquo;haleine. Accords : agneau, chevreau, gibier r\u00f4ti, viande bouillie, [&hellip;]","og_url":"https:\/\/alpen-markt.ch\/fr\/produkt\/gelee-epicee-aux-pointes-de-sapin\/","og_site_name":"Alpenmarkt","og_image":[{"width":500,"height":500,"url":"https:\/\/alpen-markt.ch\/wp-content\/uploads\/2025\/11\/09f37f06-0701-4fc9-b2af-ad90d6eb9b4e.png","type":"image\/png"}],"twitter_card":"summary_large_image","schema":{"@context":"https:\/\/schema.org","@graph":[{"@type":"WebPage","@id":"https:\/\/alpen-markt.ch\/fr\/produkt\/gelee-epicee-aux-pointes-de-sapin\/","url":"https:\/\/alpen-markt.ch\/fr\/produkt\/gelee-epicee-aux-pointes-de-sapin\/","name":"Gel\u00e9e \u00e9pic\u00e9e aux pointes de sapin - Alpenmarkt","isPartOf":{"@id":"https:\/\/alpen-markt.ch\/fr\/#website"},"primaryImageOfPage":{"@id":"https:\/\/alpen-markt.ch\/fr\/produkt\/gelee-epicee-aux-pointes-de-sapin\/#primaryimage"},"image":{"@id":"https:\/\/alpen-markt.ch\/fr\/produkt\/gelee-epicee-aux-pointes-de-sapin\/#primaryimage"},"thumbnailUrl":"https:\/\/alpen-markt.ch\/wp-content\/uploads\/2025\/11\/09f37f06-0701-4fc9-b2af-ad90d6eb9b4e.png","datePublished":"2025-11-25T15:50:38+00:00","breadcrumb":{"@id":"https:\/\/alpen-markt.ch\/fr\/produkt\/gelee-epicee-aux-pointes-de-sapin\/#breadcrumb"},"inLanguage":"fr-FR","potentialAction":[{"@type":"ReadAction","target":["https:\/\/alpen-markt.ch\/fr\/produkt\/gelee-epicee-aux-pointes-de-sapin\/"]}]},{"@type":"ImageObject","inLanguage":"fr-FR","@id":"https:\/\/alpen-markt.ch\/fr\/produkt\/gelee-epicee-aux-pointes-de-sapin\/#primaryimage","url":"https:\/\/alpen-markt.ch\/wp-content\/uploads\/2025\/11\/09f37f06-0701-4fc9-b2af-ad90d6eb9b4e.png","contentUrl":"https:\/\/alpen-markt.ch\/wp-content\/uploads\/2025\/11\/09f37f06-0701-4fc9-b2af-ad90d6eb9b4e.png","width":500,"height":500},{"@type":"BreadcrumbList","@id":"https:\/\/alpen-markt.ch\/fr\/produkt\/gelee-epicee-aux-pointes-de-sapin\/#breadcrumb","itemListElement":[{"@type":"ListItem","position":1,"name":"Startseite","item":"https:\/\/alpen-markt.ch\/fr\/home\/"},{"@type":"ListItem","position":2,"name":"Boutique en ligne","item":"https:\/\/alpen-markt.ch\/fr\/boutique-en-ligne\/"},{"@type":"ListItem","position":3,"name":"Gel\u00e9e \u00e9pic\u00e9e aux pointes de sapin"}]},{"@type":"WebSite","@id":"https:\/\/alpen-markt.ch\/fr\/#website","url":"https:\/\/alpen-markt.ch\/fr\/","name":"Alpenmarkt","description":"","publisher":{"@id":"https:\/\/alpen-markt.ch\/fr\/#organization"},"potentialAction":[{"@type":"SearchAction","target":{"@type":"EntryPoint","urlTemplate":"https:\/\/alpen-markt.ch\/fr\/?s={search_term_string}"},"query-input":{"@type":"PropertyValueSpecification","valueRequired":true,"valueName":"search_term_string"}}],"inLanguage":"fr-FR"},{"@type":"Organization","@id":"https:\/\/alpen-markt.ch\/fr\/#organization","name":"Alpenmarkt","url":"https:\/\/alpen-markt.ch\/fr\/","logo":{"@type":"ImageObject","inLanguage":"fr-FR","@id":"https:\/\/alpen-markt.ch\/fr\/#\/schema\/logo\/image\/","url":"https:\/\/alpen-markt.ch\/wp-content\/uploads\/2025\/11\/logo-alpenmarkt.png","contentUrl":"https:\/\/alpen-markt.ch\/wp-content\/uploads\/2025\/11\/logo-alpenmarkt.png","width":1048,"height":452,"caption":"Alpenmarkt"},"image":{"@id":"https:\/\/alpen-markt.ch\/fr\/#\/schema\/logo\/image\/"}}]}},"_links":{"self":[{"href":"https:\/\/alpen-markt.ch\/fr\/wp-json\/wp\/v2\/product\/4135","targetHints":{"allow":["GET"]}}],"collection":[{"href":"https:\/\/alpen-markt.ch\/fr\/wp-json\/wp\/v2\/product"}],"about":[{"href":"https:\/\/alpen-markt.ch\/fr\/wp-json\/wp\/v2\/types\/product"}],"wp:featuredmedia":[{"embeddable":true,"href":"https:\/\/alpen-markt.ch\/fr\/wp-json\/wp\/v2\/media\/4136"}],"wp:attachment":[{"href":"https:\/\/alpen-markt.ch\/fr\/wp-json\/wp\/v2\/media?parent=4135"}],"wp:term":[{"taxonomy":"product_brand","embeddable":true,"href":"https:\/\/alpen-markt.ch\/fr\/wp-json\/wp\/v2\/product_brand?post=4135"},{"taxonomy":"product_cat","embeddable":true,"href":"https:\/\/alpen-markt.ch\/fr\/wp-json\/wp\/v2\/product_cat?post=4135"},{"taxonomy":"product_tag","embeddable":true,"href":"https:\/\/alpen-markt.ch\/fr\/wp-json\/wp\/v2\/product_tag?post=4135"}],"curies":[{"name":"wp","href":"https:\/\/api.w.org\/{rel}","templated":true}]}}