{"id":4084,"date":"2025-11-25T16:50:37","date_gmt":"2025-11-25T15:50:37","guid":{"rendered":"https:\/\/alpen-markt.ch\/produkt\/sirop-au-verjus-de-salquenen\/"},"modified":"2025-11-25T16:50:37","modified_gmt":"2025-11-25T15:50:37","slug":"sirop-au-verjus-de-salquenen","status":"publish","type":"product","link":"https:\/\/alpen-markt.ch\/fr\/produkt\/sirop-au-verjus-de-salquenen\/","title":{"rendered":"Sirop au verjus de Salquenen"},"content":{"rendered":"<p>\u2026 une sp\u00e9cialit\u00e9 m\u00e9di\u00e9vale red\u00e9couverte.<\/p>\n<p>Plus fin que le citron, plus doux que le vinaigre. Le verjus est un subtil apporteur d&rsquo;acidit\u00e9 aux possibilit\u00e9s presque illimit\u00e9es. Le sirop de verjus peut \u00eatre utilis\u00e9 comme ap\u00e9ritif ou dans la pr\u00e9paration de desserts raffin\u00e9s. Partout o\u00f9 une d\u00e9licate note acidul\u00e9e apporte du piquant et de la vari\u00e9t\u00e9.   <\/p>\n<p>En \u00e9t\u00e9, le vigneron coupe une partie des raisins non m\u00fbrs. Press\u00e9, filtr\u00e9 et pasteuris\u00e9, le \u00ab verjus de raisin \u00bb est un d\u00e9licat fournisseur d&rsquo;acidit\u00e9 pour la cuisine raffin\u00e9e. <\/p>\n<p>Notre verjus est 100 % naturel, sans additifs ni conservateurs. Le verjus est fra\u00eechement press\u00e9 et pasteuris\u00e9. Il n&rsquo;a subi aucune fermentation.  <\/p>\n","protected":false},"excerpt":{"rendered":"<p>\u2026 une sp\u00e9cialit\u00e9 m\u00e9di\u00e9vale red\u00e9couverte. Plus fin que le citron, plus doux que le vinaigre. Le verjus est un subtil apporteur d&rsquo;acidit\u00e9 aux possibilit\u00e9s presque illimit\u00e9es. Le sirop de verjus peut \u00eatre utilis\u00e9 comme ap\u00e9ritif ou dans la pr\u00e9paration de desserts raffin\u00e9s. Partout o\u00f9 une d\u00e9licate note acidul\u00e9e apporte du piquant et de la vari\u00e9t\u00e9. [&hellip;]<\/p>\n","protected":false},"featured_media":4085,"template":"","meta":[],"product_brand":[],"product_cat":[82],"product_tag":[],"class_list":{"0":"post-4084","1":"product","2":"type-product","3":"status-publish","4":"has-post-thumbnail","6":"product_cat-gouter-aliments-de-la-region-alpine","8":"first","9":"instock","10":"taxable","11":"shipping-taxable","12":"purchasable","13":"product-type-simple"},"yoast_head":"<!-- This site is optimized with the Yoast SEO plugin v27.4 - https:\/\/yoast.com\/product\/yoast-seo-wordpress\/ -->\n<title>Sirop au verjus de Salquenen - Alpenmarkt<\/title>\n<meta name=\"robots\" content=\"index, follow, max-snippet:-1, max-image-preview:large, max-video-preview:-1\" \/>\n<link rel=\"canonical\" href=\"https:\/\/alpen-markt.ch\/fr\/produkt\/sirop-au-verjus-de-salquenen\/\" \/>\n<meta property=\"og:locale\" content=\"fr_FR\" \/>\n<meta property=\"og:type\" content=\"article\" \/>\n<meta property=\"og:title\" content=\"Sirop au verjus de Salquenen - Alpenmarkt\" \/>\n<meta property=\"og:description\" content=\"\u2026 une sp\u00e9cialit\u00e9 m\u00e9di\u00e9vale red\u00e9couverte. Plus fin que le citron, plus doux que le vinaigre. Le verjus est un subtil apporteur d&rsquo;acidit\u00e9 aux possibilit\u00e9s presque illimit\u00e9es. Le sirop de verjus peut \u00eatre utilis\u00e9 comme ap\u00e9ritif ou dans la pr\u00e9paration de desserts raffin\u00e9s. Partout o\u00f9 une d\u00e9licate note acidul\u00e9e apporte du piquant et de la vari\u00e9t\u00e9. [&hellip;]\" \/>\n<meta property=\"og:url\" content=\"https:\/\/alpen-markt.ch\/fr\/produkt\/sirop-au-verjus-de-salquenen\/\" \/>\n<meta property=\"og:site_name\" content=\"Alpenmarkt\" \/>\n<meta property=\"og:image\" content=\"https:\/\/alpen-markt.ch\/wp-content\/uploads\/2025\/11\/ff5efbed-c0e4-45d6-b2ef-eb1cf029c1a8.png\" \/>\n\t<meta property=\"og:image:width\" content=\"500\" \/>\n\t<meta property=\"og:image:height\" content=\"500\" \/>\n\t<meta property=\"og:image:type\" content=\"image\/png\" \/>\n<meta name=\"twitter:card\" content=\"summary_large_image\" \/>\n<meta name=\"twitter:label1\" content=\"Dur\u00e9e de lecture estim\u00e9e\" \/>\n\t<meta name=\"twitter:data1\" content=\"1 minute\" \/>\n<script type=\"application\/ld+json\" class=\"yoast-schema-graph\">{\"@context\":\"https:\\\/\\\/schema.org\",\"@graph\":[{\"@type\":\"WebPage\",\"@id\":\"https:\\\/\\\/alpen-markt.ch\\\/fr\\\/produkt\\\/sirop-au-verjus-de-salquenen\\\/\",\"url\":\"https:\\\/\\\/alpen-markt.ch\\\/fr\\\/produkt\\\/sirop-au-verjus-de-salquenen\\\/\",\"name\":\"Sirop au verjus de Salquenen - Alpenmarkt\",\"isPartOf\":{\"@id\":\"https:\\\/\\\/alpen-markt.ch\\\/fr\\\/#website\"},\"primaryImageOfPage\":{\"@id\":\"https:\\\/\\\/alpen-markt.ch\\\/fr\\\/produkt\\\/sirop-au-verjus-de-salquenen\\\/#primaryimage\"},\"image\":{\"@id\":\"https:\\\/\\\/alpen-markt.ch\\\/fr\\\/produkt\\\/sirop-au-verjus-de-salquenen\\\/#primaryimage\"},\"thumbnailUrl\":\"https:\\\/\\\/alpen-markt.ch\\\/wp-content\\\/uploads\\\/2025\\\/11\\\/ff5efbed-c0e4-45d6-b2ef-eb1cf029c1a8.png\",\"datePublished\":\"2025-11-25T15:50:37+00:00\",\"breadcrumb\":{\"@id\":\"https:\\\/\\\/alpen-markt.ch\\\/fr\\\/produkt\\\/sirop-au-verjus-de-salquenen\\\/#breadcrumb\"},\"inLanguage\":\"fr-FR\",\"potentialAction\":[{\"@type\":\"ReadAction\",\"target\":[\"https:\\\/\\\/alpen-markt.ch\\\/fr\\\/produkt\\\/sirop-au-verjus-de-salquenen\\\/\"]}]},{\"@type\":\"ImageObject\",\"inLanguage\":\"fr-FR\",\"@id\":\"https:\\\/\\\/alpen-markt.ch\\\/fr\\\/produkt\\\/sirop-au-verjus-de-salquenen\\\/#primaryimage\",\"url\":\"https:\\\/\\\/alpen-markt.ch\\\/wp-content\\\/uploads\\\/2025\\\/11\\\/ff5efbed-c0e4-45d6-b2ef-eb1cf029c1a8.png\",\"contentUrl\":\"https:\\\/\\\/alpen-markt.ch\\\/wp-content\\\/uploads\\\/2025\\\/11\\\/ff5efbed-c0e4-45d6-b2ef-eb1cf029c1a8.png\",\"width\":500,\"height\":500},{\"@type\":\"BreadcrumbList\",\"@id\":\"https:\\\/\\\/alpen-markt.ch\\\/fr\\\/produkt\\\/sirop-au-verjus-de-salquenen\\\/#breadcrumb\",\"itemListElement\":[{\"@type\":\"ListItem\",\"position\":1,\"name\":\"Startseite\",\"item\":\"https:\\\/\\\/alpen-markt.ch\\\/fr\\\/home\\\/\"},{\"@type\":\"ListItem\",\"position\":2,\"name\":\"Boutique en ligne\",\"item\":\"https:\\\/\\\/alpen-markt.ch\\\/fr\\\/boutique-en-ligne\\\/\"},{\"@type\":\"ListItem\",\"position\":3,\"name\":\"Sirop au verjus de Salquenen\"}]},{\"@type\":\"WebSite\",\"@id\":\"https:\\\/\\\/alpen-markt.ch\\\/fr\\\/#website\",\"url\":\"https:\\\/\\\/alpen-markt.ch\\\/fr\\\/\",\"name\":\"Alpenmarkt\",\"description\":\"\",\"publisher\":{\"@id\":\"https:\\\/\\\/alpen-markt.ch\\\/fr\\\/#organization\"},\"potentialAction\":[{\"@type\":\"SearchAction\",\"target\":{\"@type\":\"EntryPoint\",\"urlTemplate\":\"https:\\\/\\\/alpen-markt.ch\\\/fr\\\/?s={search_term_string}\"},\"query-input\":{\"@type\":\"PropertyValueSpecification\",\"valueRequired\":true,\"valueName\":\"search_term_string\"}}],\"inLanguage\":\"fr-FR\"},{\"@type\":\"Organization\",\"@id\":\"https:\\\/\\\/alpen-markt.ch\\\/fr\\\/#organization\",\"name\":\"Alpenmarkt\",\"url\":\"https:\\\/\\\/alpen-markt.ch\\\/fr\\\/\",\"logo\":{\"@type\":\"ImageObject\",\"inLanguage\":\"fr-FR\",\"@id\":\"https:\\\/\\\/alpen-markt.ch\\\/fr\\\/#\\\/schema\\\/logo\\\/image\\\/\",\"url\":\"https:\\\/\\\/alpen-markt.ch\\\/wp-content\\\/uploads\\\/2025\\\/11\\\/logo-alpenmarkt.png\",\"contentUrl\":\"https:\\\/\\\/alpen-markt.ch\\\/wp-content\\\/uploads\\\/2025\\\/11\\\/logo-alpenmarkt.png\",\"width\":1048,\"height\":452,\"caption\":\"Alpenmarkt\"},\"image\":{\"@id\":\"https:\\\/\\\/alpen-markt.ch\\\/fr\\\/#\\\/schema\\\/logo\\\/image\\\/\"}}]}<\/script>\n<!-- \/ Yoast SEO plugin. -->","yoast_head_json":{"title":"Sirop au verjus de Salquenen - Alpenmarkt","robots":{"index":"index","follow":"follow","max-snippet":"max-snippet:-1","max-image-preview":"max-image-preview:large","max-video-preview":"max-video-preview:-1"},"canonical":"https:\/\/alpen-markt.ch\/fr\/produkt\/sirop-au-verjus-de-salquenen\/","og_locale":"fr_FR","og_type":"article","og_title":"Sirop au verjus de Salquenen - Alpenmarkt","og_description":"\u2026 une sp\u00e9cialit\u00e9 m\u00e9di\u00e9vale red\u00e9couverte. Plus fin que le citron, plus doux que le vinaigre. Le verjus est un subtil apporteur d&rsquo;acidit\u00e9 aux possibilit\u00e9s presque illimit\u00e9es. Le sirop de verjus peut \u00eatre utilis\u00e9 comme ap\u00e9ritif ou dans la pr\u00e9paration de desserts raffin\u00e9s. Partout o\u00f9 une d\u00e9licate note acidul\u00e9e apporte du piquant et de la vari\u00e9t\u00e9. [&hellip;]","og_url":"https:\/\/alpen-markt.ch\/fr\/produkt\/sirop-au-verjus-de-salquenen\/","og_site_name":"Alpenmarkt","og_image":[{"width":500,"height":500,"url":"https:\/\/alpen-markt.ch\/wp-content\/uploads\/2025\/11\/ff5efbed-c0e4-45d6-b2ef-eb1cf029c1a8.png","type":"image\/png"}],"twitter_card":"summary_large_image","twitter_misc":{"Dur\u00e9e de lecture estim\u00e9e":"1 minute"},"schema":{"@context":"https:\/\/schema.org","@graph":[{"@type":"WebPage","@id":"https:\/\/alpen-markt.ch\/fr\/produkt\/sirop-au-verjus-de-salquenen\/","url":"https:\/\/alpen-markt.ch\/fr\/produkt\/sirop-au-verjus-de-salquenen\/","name":"Sirop au verjus de Salquenen - Alpenmarkt","isPartOf":{"@id":"https:\/\/alpen-markt.ch\/fr\/#website"},"primaryImageOfPage":{"@id":"https:\/\/alpen-markt.ch\/fr\/produkt\/sirop-au-verjus-de-salquenen\/#primaryimage"},"image":{"@id":"https:\/\/alpen-markt.ch\/fr\/produkt\/sirop-au-verjus-de-salquenen\/#primaryimage"},"thumbnailUrl":"https:\/\/alpen-markt.ch\/wp-content\/uploads\/2025\/11\/ff5efbed-c0e4-45d6-b2ef-eb1cf029c1a8.png","datePublished":"2025-11-25T15:50:37+00:00","breadcrumb":{"@id":"https:\/\/alpen-markt.ch\/fr\/produkt\/sirop-au-verjus-de-salquenen\/#breadcrumb"},"inLanguage":"fr-FR","potentialAction":[{"@type":"ReadAction","target":["https:\/\/alpen-markt.ch\/fr\/produkt\/sirop-au-verjus-de-salquenen\/"]}]},{"@type":"ImageObject","inLanguage":"fr-FR","@id":"https:\/\/alpen-markt.ch\/fr\/produkt\/sirop-au-verjus-de-salquenen\/#primaryimage","url":"https:\/\/alpen-markt.ch\/wp-content\/uploads\/2025\/11\/ff5efbed-c0e4-45d6-b2ef-eb1cf029c1a8.png","contentUrl":"https:\/\/alpen-markt.ch\/wp-content\/uploads\/2025\/11\/ff5efbed-c0e4-45d6-b2ef-eb1cf029c1a8.png","width":500,"height":500},{"@type":"BreadcrumbList","@id":"https:\/\/alpen-markt.ch\/fr\/produkt\/sirop-au-verjus-de-salquenen\/#breadcrumb","itemListElement":[{"@type":"ListItem","position":1,"name":"Startseite","item":"https:\/\/alpen-markt.ch\/fr\/home\/"},{"@type":"ListItem","position":2,"name":"Boutique en ligne","item":"https:\/\/alpen-markt.ch\/fr\/boutique-en-ligne\/"},{"@type":"ListItem","position":3,"name":"Sirop au verjus de Salquenen"}]},{"@type":"WebSite","@id":"https:\/\/alpen-markt.ch\/fr\/#website","url":"https:\/\/alpen-markt.ch\/fr\/","name":"Alpenmarkt","description":"","publisher":{"@id":"https:\/\/alpen-markt.ch\/fr\/#organization"},"potentialAction":[{"@type":"SearchAction","target":{"@type":"EntryPoint","urlTemplate":"https:\/\/alpen-markt.ch\/fr\/?s={search_term_string}"},"query-input":{"@type":"PropertyValueSpecification","valueRequired":true,"valueName":"search_term_string"}}],"inLanguage":"fr-FR"},{"@type":"Organization","@id":"https:\/\/alpen-markt.ch\/fr\/#organization","name":"Alpenmarkt","url":"https:\/\/alpen-markt.ch\/fr\/","logo":{"@type":"ImageObject","inLanguage":"fr-FR","@id":"https:\/\/alpen-markt.ch\/fr\/#\/schema\/logo\/image\/","url":"https:\/\/alpen-markt.ch\/wp-content\/uploads\/2025\/11\/logo-alpenmarkt.png","contentUrl":"https:\/\/alpen-markt.ch\/wp-content\/uploads\/2025\/11\/logo-alpenmarkt.png","width":1048,"height":452,"caption":"Alpenmarkt"},"image":{"@id":"https:\/\/alpen-markt.ch\/fr\/#\/schema\/logo\/image\/"}}]}},"_links":{"self":[{"href":"https:\/\/alpen-markt.ch\/fr\/wp-json\/wp\/v2\/product\/4084","targetHints":{"allow":["GET"]}}],"collection":[{"href":"https:\/\/alpen-markt.ch\/fr\/wp-json\/wp\/v2\/product"}],"about":[{"href":"https:\/\/alpen-markt.ch\/fr\/wp-json\/wp\/v2\/types\/product"}],"wp:featuredmedia":[{"embeddable":true,"href":"https:\/\/alpen-markt.ch\/fr\/wp-json\/wp\/v2\/media\/4085"}],"wp:attachment":[{"href":"https:\/\/alpen-markt.ch\/fr\/wp-json\/wp\/v2\/media?parent=4084"}],"wp:term":[{"taxonomy":"product_brand","embeddable":true,"href":"https:\/\/alpen-markt.ch\/fr\/wp-json\/wp\/v2\/product_brand?post=4084"},{"taxonomy":"product_cat","embeddable":true,"href":"https:\/\/alpen-markt.ch\/fr\/wp-json\/wp\/v2\/product_cat?post=4084"},{"taxonomy":"product_tag","embeddable":true,"href":"https:\/\/alpen-markt.ch\/fr\/wp-json\/wp\/v2\/product_tag?post=4084"}],"curies":[{"name":"wp","href":"https:\/\/api.w.org\/{rel}","templated":true}]}}