{"id":4080,"date":"2025-11-25T16:50:37","date_gmt":"2025-11-25T15:50:37","guid":{"rendered":"https:\/\/alpen-markt.ch\/produkt\/verjus-de-salquenen\/"},"modified":"2025-11-25T16:50:37","modified_gmt":"2025-11-25T15:50:37","slug":"verjus-de-salquenen","status":"publish","type":"product","link":"https:\/\/alpen-markt.ch\/fr\/produkt\/verjus-de-salquenen\/","title":{"rendered":"Verjus de Salquenen"},"content":{"rendered":"<p>\u2026 une sp\u00e9cialit\u00e9 m\u00e9di\u00e9vale red\u00e9couverte.<\/p>\n<p>Plus fin que le citron, plus doux que le vinaigre. Le verjus est un acidifiant subtil aux possibilit\u00e9s presque illimit\u00e9es. Des ap\u00e9ritifs aux desserts raffin\u00e9s en passant par les entr\u00e9es et les plats principaux. Partout o\u00f9 une note acidul\u00e9e apporte du piquant et de la vari\u00e9t\u00e9.   <\/p>\n<p>En \u00e9t\u00e9, le vigneron coupe une partie des raisins non m\u00fbrs. Press\u00e9, filtr\u00e9 et pasteuris\u00e9, le \u00ab verjus de raisin \u00bb est un d\u00e9licat fournisseur d&rsquo;acidit\u00e9 pour la cuisine raffin\u00e9e. <\/p>\n<p>Notre verjus est 100 % naturel, sans additifs ni conservateurs. Le verjus est fra\u00eechement press\u00e9 et pasteuris\u00e9. Il n&rsquo;a subi aucune fermentation.  <\/p>\n<p>Non ouvert, le verjus se conserve pendant deux bonnes ann\u00e9es. Une fois ouvert, placez toujours la bouteille au r\u00e9frig\u00e9rateur et utilisez-la dans les quatre semaines. Conseil : congelez le verjus en petites portions, par exemple dans un bac \u00e0 gla\u00e7ons. <\/p>\n","protected":false},"excerpt":{"rendered":"<p>\u2026 une sp\u00e9cialit\u00e9 m\u00e9di\u00e9vale red\u00e9couverte. Plus fin que le citron, plus doux que le vinaigre. Le verjus est un acidifiant subtil aux possibilit\u00e9s presque illimit\u00e9es. Des ap\u00e9ritifs aux desserts raffin\u00e9s en passant par les entr\u00e9es et les plats principaux. Partout o\u00f9 une note acidul\u00e9e apporte du piquant et de la vari\u00e9t\u00e9. En \u00e9t\u00e9, le vigneron [&hellip;]<\/p>\n","protected":false},"featured_media":4081,"template":"","meta":[],"product_brand":[],"product_cat":[82],"product_tag":[],"class_list":{"0":"post-4080","1":"product","2":"type-product","3":"status-publish","4":"has-post-thumbnail","6":"product_cat-gouter-aliments-de-la-region-alpine","8":"first","9":"instock","10":"taxable","11":"shipping-taxable","12":"purchasable","13":"product-type-simple"},"yoast_head":"<!-- This site is optimized with the Yoast SEO plugin v27.4 - https:\/\/yoast.com\/product\/yoast-seo-wordpress\/ -->\n<title>Verjus de Salquenen - Alpenmarkt<\/title>\n<meta name=\"robots\" content=\"index, follow, max-snippet:-1, max-image-preview:large, max-video-preview:-1\" \/>\n<link rel=\"canonical\" href=\"https:\/\/alpen-markt.ch\/fr\/produkt\/verjus-de-salquenen\/\" \/>\n<meta property=\"og:locale\" content=\"fr_FR\" \/>\n<meta property=\"og:type\" content=\"article\" \/>\n<meta property=\"og:title\" content=\"Verjus de Salquenen - Alpenmarkt\" \/>\n<meta property=\"og:description\" content=\"\u2026 une sp\u00e9cialit\u00e9 m\u00e9di\u00e9vale red\u00e9couverte. Plus fin que le citron, plus doux que le vinaigre. Le verjus est un acidifiant subtil aux possibilit\u00e9s presque illimit\u00e9es. Des ap\u00e9ritifs aux desserts raffin\u00e9s en passant par les entr\u00e9es et les plats principaux. Partout o\u00f9 une note acidul\u00e9e apporte du piquant et de la vari\u00e9t\u00e9. En \u00e9t\u00e9, le vigneron [&hellip;]\" \/>\n<meta property=\"og:url\" content=\"https:\/\/alpen-markt.ch\/fr\/produkt\/verjus-de-salquenen\/\" \/>\n<meta property=\"og:site_name\" content=\"Alpenmarkt\" \/>\n<meta property=\"og:image\" content=\"https:\/\/alpen-markt.ch\/wp-content\/uploads\/2025\/11\/470c9a9a-b63e-495b-bde4-60abe9258fb9.png\" \/>\n\t<meta property=\"og:image:width\" content=\"500\" \/>\n\t<meta property=\"og:image:height\" content=\"500\" \/>\n\t<meta property=\"og:image:type\" content=\"image\/png\" \/>\n<meta name=\"twitter:card\" content=\"summary_large_image\" \/>\n<meta name=\"twitter:label1\" content=\"Dur\u00e9e de lecture estim\u00e9e\" \/>\n\t<meta name=\"twitter:data1\" content=\"1 minute\" \/>\n<script type=\"application\/ld+json\" class=\"yoast-schema-graph\">{\"@context\":\"https:\\\/\\\/schema.org\",\"@graph\":[{\"@type\":\"WebPage\",\"@id\":\"https:\\\/\\\/alpen-markt.ch\\\/fr\\\/produkt\\\/verjus-de-salquenen\\\/\",\"url\":\"https:\\\/\\\/alpen-markt.ch\\\/fr\\\/produkt\\\/verjus-de-salquenen\\\/\",\"name\":\"Verjus de Salquenen - Alpenmarkt\",\"isPartOf\":{\"@id\":\"https:\\\/\\\/alpen-markt.ch\\\/fr\\\/#website\"},\"primaryImageOfPage\":{\"@id\":\"https:\\\/\\\/alpen-markt.ch\\\/fr\\\/produkt\\\/verjus-de-salquenen\\\/#primaryimage\"},\"image\":{\"@id\":\"https:\\\/\\\/alpen-markt.ch\\\/fr\\\/produkt\\\/verjus-de-salquenen\\\/#primaryimage\"},\"thumbnailUrl\":\"https:\\\/\\\/alpen-markt.ch\\\/wp-content\\\/uploads\\\/2025\\\/11\\\/470c9a9a-b63e-495b-bde4-60abe9258fb9.png\",\"datePublished\":\"2025-11-25T15:50:37+00:00\",\"breadcrumb\":{\"@id\":\"https:\\\/\\\/alpen-markt.ch\\\/fr\\\/produkt\\\/verjus-de-salquenen\\\/#breadcrumb\"},\"inLanguage\":\"fr-FR\",\"potentialAction\":[{\"@type\":\"ReadAction\",\"target\":[\"https:\\\/\\\/alpen-markt.ch\\\/fr\\\/produkt\\\/verjus-de-salquenen\\\/\"]}]},{\"@type\":\"ImageObject\",\"inLanguage\":\"fr-FR\",\"@id\":\"https:\\\/\\\/alpen-markt.ch\\\/fr\\\/produkt\\\/verjus-de-salquenen\\\/#primaryimage\",\"url\":\"https:\\\/\\\/alpen-markt.ch\\\/wp-content\\\/uploads\\\/2025\\\/11\\\/470c9a9a-b63e-495b-bde4-60abe9258fb9.png\",\"contentUrl\":\"https:\\\/\\\/alpen-markt.ch\\\/wp-content\\\/uploads\\\/2025\\\/11\\\/470c9a9a-b63e-495b-bde4-60abe9258fb9.png\",\"width\":500,\"height\":500},{\"@type\":\"BreadcrumbList\",\"@id\":\"https:\\\/\\\/alpen-markt.ch\\\/fr\\\/produkt\\\/verjus-de-salquenen\\\/#breadcrumb\",\"itemListElement\":[{\"@type\":\"ListItem\",\"position\":1,\"name\":\"Startseite\",\"item\":\"https:\\\/\\\/alpen-markt.ch\\\/fr\\\/home\\\/\"},{\"@type\":\"ListItem\",\"position\":2,\"name\":\"Boutique en ligne\",\"item\":\"https:\\\/\\\/alpen-markt.ch\\\/fr\\\/boutique-en-ligne\\\/\"},{\"@type\":\"ListItem\",\"position\":3,\"name\":\"Verjus de Salquenen\"}]},{\"@type\":\"WebSite\",\"@id\":\"https:\\\/\\\/alpen-markt.ch\\\/fr\\\/#website\",\"url\":\"https:\\\/\\\/alpen-markt.ch\\\/fr\\\/\",\"name\":\"Alpenmarkt\",\"description\":\"\",\"publisher\":{\"@id\":\"https:\\\/\\\/alpen-markt.ch\\\/fr\\\/#organization\"},\"potentialAction\":[{\"@type\":\"SearchAction\",\"target\":{\"@type\":\"EntryPoint\",\"urlTemplate\":\"https:\\\/\\\/alpen-markt.ch\\\/fr\\\/?s={search_term_string}\"},\"query-input\":{\"@type\":\"PropertyValueSpecification\",\"valueRequired\":true,\"valueName\":\"search_term_string\"}}],\"inLanguage\":\"fr-FR\"},{\"@type\":\"Organization\",\"@id\":\"https:\\\/\\\/alpen-markt.ch\\\/fr\\\/#organization\",\"name\":\"Alpenmarkt\",\"url\":\"https:\\\/\\\/alpen-markt.ch\\\/fr\\\/\",\"logo\":{\"@type\":\"ImageObject\",\"inLanguage\":\"fr-FR\",\"@id\":\"https:\\\/\\\/alpen-markt.ch\\\/fr\\\/#\\\/schema\\\/logo\\\/image\\\/\",\"url\":\"https:\\\/\\\/alpen-markt.ch\\\/wp-content\\\/uploads\\\/2025\\\/11\\\/logo-alpenmarkt.png\",\"contentUrl\":\"https:\\\/\\\/alpen-markt.ch\\\/wp-content\\\/uploads\\\/2025\\\/11\\\/logo-alpenmarkt.png\",\"width\":1048,\"height\":452,\"caption\":\"Alpenmarkt\"},\"image\":{\"@id\":\"https:\\\/\\\/alpen-markt.ch\\\/fr\\\/#\\\/schema\\\/logo\\\/image\\\/\"}}]}<\/script>\n<!-- \/ Yoast SEO plugin. -->","yoast_head_json":{"title":"Verjus de Salquenen - Alpenmarkt","robots":{"index":"index","follow":"follow","max-snippet":"max-snippet:-1","max-image-preview":"max-image-preview:large","max-video-preview":"max-video-preview:-1"},"canonical":"https:\/\/alpen-markt.ch\/fr\/produkt\/verjus-de-salquenen\/","og_locale":"fr_FR","og_type":"article","og_title":"Verjus de Salquenen - Alpenmarkt","og_description":"\u2026 une sp\u00e9cialit\u00e9 m\u00e9di\u00e9vale red\u00e9couverte. Plus fin que le citron, plus doux que le vinaigre. Le verjus est un acidifiant subtil aux possibilit\u00e9s presque illimit\u00e9es. Des ap\u00e9ritifs aux desserts raffin\u00e9s en passant par les entr\u00e9es et les plats principaux. Partout o\u00f9 une note acidul\u00e9e apporte du piquant et de la vari\u00e9t\u00e9. En \u00e9t\u00e9, le vigneron [&hellip;]","og_url":"https:\/\/alpen-markt.ch\/fr\/produkt\/verjus-de-salquenen\/","og_site_name":"Alpenmarkt","og_image":[{"width":500,"height":500,"url":"https:\/\/alpen-markt.ch\/wp-content\/uploads\/2025\/11\/470c9a9a-b63e-495b-bde4-60abe9258fb9.png","type":"image\/png"}],"twitter_card":"summary_large_image","twitter_misc":{"Dur\u00e9e de lecture estim\u00e9e":"1 minute"},"schema":{"@context":"https:\/\/schema.org","@graph":[{"@type":"WebPage","@id":"https:\/\/alpen-markt.ch\/fr\/produkt\/verjus-de-salquenen\/","url":"https:\/\/alpen-markt.ch\/fr\/produkt\/verjus-de-salquenen\/","name":"Verjus de Salquenen - Alpenmarkt","isPartOf":{"@id":"https:\/\/alpen-markt.ch\/fr\/#website"},"primaryImageOfPage":{"@id":"https:\/\/alpen-markt.ch\/fr\/produkt\/verjus-de-salquenen\/#primaryimage"},"image":{"@id":"https:\/\/alpen-markt.ch\/fr\/produkt\/verjus-de-salquenen\/#primaryimage"},"thumbnailUrl":"https:\/\/alpen-markt.ch\/wp-content\/uploads\/2025\/11\/470c9a9a-b63e-495b-bde4-60abe9258fb9.png","datePublished":"2025-11-25T15:50:37+00:00","breadcrumb":{"@id":"https:\/\/alpen-markt.ch\/fr\/produkt\/verjus-de-salquenen\/#breadcrumb"},"inLanguage":"fr-FR","potentialAction":[{"@type":"ReadAction","target":["https:\/\/alpen-markt.ch\/fr\/produkt\/verjus-de-salquenen\/"]}]},{"@type":"ImageObject","inLanguage":"fr-FR","@id":"https:\/\/alpen-markt.ch\/fr\/produkt\/verjus-de-salquenen\/#primaryimage","url":"https:\/\/alpen-markt.ch\/wp-content\/uploads\/2025\/11\/470c9a9a-b63e-495b-bde4-60abe9258fb9.png","contentUrl":"https:\/\/alpen-markt.ch\/wp-content\/uploads\/2025\/11\/470c9a9a-b63e-495b-bde4-60abe9258fb9.png","width":500,"height":500},{"@type":"BreadcrumbList","@id":"https:\/\/alpen-markt.ch\/fr\/produkt\/verjus-de-salquenen\/#breadcrumb","itemListElement":[{"@type":"ListItem","position":1,"name":"Startseite","item":"https:\/\/alpen-markt.ch\/fr\/home\/"},{"@type":"ListItem","position":2,"name":"Boutique en ligne","item":"https:\/\/alpen-markt.ch\/fr\/boutique-en-ligne\/"},{"@type":"ListItem","position":3,"name":"Verjus de Salquenen"}]},{"@type":"WebSite","@id":"https:\/\/alpen-markt.ch\/fr\/#website","url":"https:\/\/alpen-markt.ch\/fr\/","name":"Alpenmarkt","description":"","publisher":{"@id":"https:\/\/alpen-markt.ch\/fr\/#organization"},"potentialAction":[{"@type":"SearchAction","target":{"@type":"EntryPoint","urlTemplate":"https:\/\/alpen-markt.ch\/fr\/?s={search_term_string}"},"query-input":{"@type":"PropertyValueSpecification","valueRequired":true,"valueName":"search_term_string"}}],"inLanguage":"fr-FR"},{"@type":"Organization","@id":"https:\/\/alpen-markt.ch\/fr\/#organization","name":"Alpenmarkt","url":"https:\/\/alpen-markt.ch\/fr\/","logo":{"@type":"ImageObject","inLanguage":"fr-FR","@id":"https:\/\/alpen-markt.ch\/fr\/#\/schema\/logo\/image\/","url":"https:\/\/alpen-markt.ch\/wp-content\/uploads\/2025\/11\/logo-alpenmarkt.png","contentUrl":"https:\/\/alpen-markt.ch\/wp-content\/uploads\/2025\/11\/logo-alpenmarkt.png","width":1048,"height":452,"caption":"Alpenmarkt"},"image":{"@id":"https:\/\/alpen-markt.ch\/fr\/#\/schema\/logo\/image\/"}}]}},"_links":{"self":[{"href":"https:\/\/alpen-markt.ch\/fr\/wp-json\/wp\/v2\/product\/4080","targetHints":{"allow":["GET"]}}],"collection":[{"href":"https:\/\/alpen-markt.ch\/fr\/wp-json\/wp\/v2\/product"}],"about":[{"href":"https:\/\/alpen-markt.ch\/fr\/wp-json\/wp\/v2\/types\/product"}],"wp:featuredmedia":[{"embeddable":true,"href":"https:\/\/alpen-markt.ch\/fr\/wp-json\/wp\/v2\/media\/4081"}],"wp:attachment":[{"href":"https:\/\/alpen-markt.ch\/fr\/wp-json\/wp\/v2\/media?parent=4080"}],"wp:term":[{"taxonomy":"product_brand","embeddable":true,"href":"https:\/\/alpen-markt.ch\/fr\/wp-json\/wp\/v2\/product_brand?post=4080"},{"taxonomy":"product_cat","embeddable":true,"href":"https:\/\/alpen-markt.ch\/fr\/wp-json\/wp\/v2\/product_cat?post=4080"},{"taxonomy":"product_tag","embeddable":true,"href":"https:\/\/alpen-markt.ch\/fr\/wp-json\/wp\/v2\/product_tag?post=4080"}],"curies":[{"name":"wp","href":"https:\/\/api.w.org\/{rel}","templated":true}]}}