{"id":4032,"date":"2025-11-25T16:50:36","date_gmt":"2025-11-25T15:50:36","guid":{"rendered":"https:\/\/alpen-markt.ch\/produkt\/malternative-cracker-romarin-ch\/"},"modified":"2025-11-25T16:50:36","modified_gmt":"2025-11-25T15:50:36","slug":"malternative-cracker-romarin-ch","status":"publish","type":"product","link":"https:\/\/alpen-markt.ch\/fr\/produkt\/malternative-cracker-romarin-ch\/","title":{"rendered":"Malternative &#8211; Cracker Romarin CH"},"content":{"rendered":"<p>Malternative &#8211; la brasserie durable de Martigny<\/p>\n<p>Valais Qualit\u00e9 Excellence<\/p>\n<p>Crackers enrichis au romarin<br \/>\nRiches en fibres alimentaires<br \/>\nFabrication artisanale de crackers qui valorisent les dr\u00eaches ou les bi\u00e8res invendues.<br \/>\nGarantis sans conservateurs, exhausteurs de go\u00fbt ou autres additifs inutiles.<\/p>\n<p>Certifi\u00e9 Bio-Knospe<\/p>\n<p>Au d\u00e9part, les r\u00e9sidus issus du brassage de la bi\u00e8re Malternative \u00e9taient destin\u00e9s \u00e0 l&rsquo;alimentation animale, mais depuis juin 2019, cette mati\u00e8re premi\u00e8re est transform\u00e9e en un aliment riche en fibres et en prot\u00e9ines pour les habitants des zones rurales soucieux de leur alimentation et de l&rsquo;environnement.<\/p>\n<p>La recette peut l\u00e9g\u00e8rement varier en fonction de la farine disponible chez le fournisseur local.<br \/>\nComme il s&rsquo;agit d&rsquo;une production artisanale, il peut y avoir des diff\u00e9rences entre les diff\u00e9rents lots. La cuisson, la farine restante ou le format peuvent l\u00e9g\u00e8rement varier. Il ne s&rsquo;agit pas d&rsquo;un d\u00e9faut, mais d&rsquo;une preuve du travail artisanal.  <\/p>\n","protected":false},"excerpt":{"rendered":"<p>Malternative &#8211; la brasserie durable de Martigny Valais Qualit\u00e9 Excellence Crackers enrichis au romarin Riches en fibres alimentaires Fabrication artisanale de crackers qui valorisent les dr\u00eaches ou les bi\u00e8res invendues. Garantis sans conservateurs, exhausteurs de go\u00fbt ou autres additifs inutiles. Certifi\u00e9 Bio-Knospe Au d\u00e9part, les r\u00e9sidus issus du brassage de la bi\u00e8re Malternative \u00e9taient destin\u00e9s [&hellip;]<\/p>\n","protected":false},"featured_media":4033,"template":"","meta":[],"product_brand":[],"product_cat":[82],"product_tag":[],"class_list":{"0":"post-4032","1":"product","2":"type-product","3":"status-publish","4":"has-post-thumbnail","6":"product_cat-gouter-aliments-de-la-region-alpine","8":"first","9":"instock","10":"taxable","11":"shipping-taxable","12":"purchasable","13":"product-type-simple"},"yoast_head":"<!-- This site is optimized with the Yoast SEO plugin v27.4 - https:\/\/yoast.com\/product\/yoast-seo-wordpress\/ -->\n<title>Malternative - Cracker Romarin CH - Alpenmarkt<\/title>\n<meta name=\"robots\" content=\"index, follow, max-snippet:-1, max-image-preview:large, max-video-preview:-1\" \/>\n<link rel=\"canonical\" href=\"https:\/\/alpen-markt.ch\/fr\/produkt\/malternative-cracker-romarin-ch\/\" \/>\n<meta property=\"og:locale\" content=\"fr_FR\" \/>\n<meta property=\"og:type\" content=\"article\" \/>\n<meta property=\"og:title\" content=\"Malternative - Cracker Romarin CH - Alpenmarkt\" \/>\n<meta property=\"og:description\" content=\"Malternative &#8211; la brasserie durable de Martigny Valais Qualit\u00e9 Excellence Crackers enrichis au romarin Riches en fibres alimentaires Fabrication artisanale de crackers qui valorisent les dr\u00eaches ou les bi\u00e8res invendues. Garantis sans conservateurs, exhausteurs de go\u00fbt ou autres additifs inutiles. Certifi\u00e9 Bio-Knospe Au d\u00e9part, les r\u00e9sidus issus du brassage de la bi\u00e8re Malternative \u00e9taient destin\u00e9s [&hellip;]\" \/>\n<meta property=\"og:url\" content=\"https:\/\/alpen-markt.ch\/fr\/produkt\/malternative-cracker-romarin-ch\/\" \/>\n<meta property=\"og:site_name\" content=\"Alpenmarkt\" \/>\n<meta property=\"og:image\" content=\"https:\/\/alpen-markt.ch\/wp-content\/uploads\/2025\/11\/093ea52a-02d3-4951-b3fa-cf5536c54d5c.png\" \/>\n\t<meta property=\"og:image:width\" content=\"500\" \/>\n\t<meta property=\"og:image:height\" content=\"500\" \/>\n\t<meta property=\"og:image:type\" content=\"image\/png\" \/>\n<meta name=\"twitter:card\" content=\"summary_large_image\" \/>\n<meta name=\"twitter:label1\" content=\"Dur\u00e9e de lecture estim\u00e9e\" \/>\n\t<meta name=\"twitter:data1\" content=\"1 minute\" \/>\n<script type=\"application\/ld+json\" class=\"yoast-schema-graph\">{\"@context\":\"https:\\\/\\\/schema.org\",\"@graph\":[{\"@type\":\"WebPage\",\"@id\":\"https:\\\/\\\/alpen-markt.ch\\\/fr\\\/produkt\\\/malternative-cracker-romarin-ch\\\/\",\"url\":\"https:\\\/\\\/alpen-markt.ch\\\/fr\\\/produkt\\\/malternative-cracker-romarin-ch\\\/\",\"name\":\"Malternative - Cracker Romarin CH - Alpenmarkt\",\"isPartOf\":{\"@id\":\"https:\\\/\\\/alpen-markt.ch\\\/fr\\\/#website\"},\"primaryImageOfPage\":{\"@id\":\"https:\\\/\\\/alpen-markt.ch\\\/fr\\\/produkt\\\/malternative-cracker-romarin-ch\\\/#primaryimage\"},\"image\":{\"@id\":\"https:\\\/\\\/alpen-markt.ch\\\/fr\\\/produkt\\\/malternative-cracker-romarin-ch\\\/#primaryimage\"},\"thumbnailUrl\":\"https:\\\/\\\/alpen-markt.ch\\\/wp-content\\\/uploads\\\/2025\\\/11\\\/093ea52a-02d3-4951-b3fa-cf5536c54d5c.png\",\"datePublished\":\"2025-11-25T15:50:36+00:00\",\"breadcrumb\":{\"@id\":\"https:\\\/\\\/alpen-markt.ch\\\/fr\\\/produkt\\\/malternative-cracker-romarin-ch\\\/#breadcrumb\"},\"inLanguage\":\"fr-FR\",\"potentialAction\":[{\"@type\":\"ReadAction\",\"target\":[\"https:\\\/\\\/alpen-markt.ch\\\/fr\\\/produkt\\\/malternative-cracker-romarin-ch\\\/\"]}]},{\"@type\":\"ImageObject\",\"inLanguage\":\"fr-FR\",\"@id\":\"https:\\\/\\\/alpen-markt.ch\\\/fr\\\/produkt\\\/malternative-cracker-romarin-ch\\\/#primaryimage\",\"url\":\"https:\\\/\\\/alpen-markt.ch\\\/wp-content\\\/uploads\\\/2025\\\/11\\\/093ea52a-02d3-4951-b3fa-cf5536c54d5c.png\",\"contentUrl\":\"https:\\\/\\\/alpen-markt.ch\\\/wp-content\\\/uploads\\\/2025\\\/11\\\/093ea52a-02d3-4951-b3fa-cf5536c54d5c.png\",\"width\":500,\"height\":500},{\"@type\":\"BreadcrumbList\",\"@id\":\"https:\\\/\\\/alpen-markt.ch\\\/fr\\\/produkt\\\/malternative-cracker-romarin-ch\\\/#breadcrumb\",\"itemListElement\":[{\"@type\":\"ListItem\",\"position\":1,\"name\":\"Startseite\",\"item\":\"https:\\\/\\\/alpen-markt.ch\\\/fr\\\/home\\\/\"},{\"@type\":\"ListItem\",\"position\":2,\"name\":\"Boutique en ligne\",\"item\":\"https:\\\/\\\/alpen-markt.ch\\\/fr\\\/boutique-en-ligne\\\/\"},{\"@type\":\"ListItem\",\"position\":3,\"name\":\"Malternative &#8211; Cracker Romarin CH\"}]},{\"@type\":\"WebSite\",\"@id\":\"https:\\\/\\\/alpen-markt.ch\\\/fr\\\/#website\",\"url\":\"https:\\\/\\\/alpen-markt.ch\\\/fr\\\/\",\"name\":\"Alpenmarkt\",\"description\":\"\",\"publisher\":{\"@id\":\"https:\\\/\\\/alpen-markt.ch\\\/fr\\\/#organization\"},\"potentialAction\":[{\"@type\":\"SearchAction\",\"target\":{\"@type\":\"EntryPoint\",\"urlTemplate\":\"https:\\\/\\\/alpen-markt.ch\\\/fr\\\/?s={search_term_string}\"},\"query-input\":{\"@type\":\"PropertyValueSpecification\",\"valueRequired\":true,\"valueName\":\"search_term_string\"}}],\"inLanguage\":\"fr-FR\"},{\"@type\":\"Organization\",\"@id\":\"https:\\\/\\\/alpen-markt.ch\\\/fr\\\/#organization\",\"name\":\"Alpenmarkt\",\"url\":\"https:\\\/\\\/alpen-markt.ch\\\/fr\\\/\",\"logo\":{\"@type\":\"ImageObject\",\"inLanguage\":\"fr-FR\",\"@id\":\"https:\\\/\\\/alpen-markt.ch\\\/fr\\\/#\\\/schema\\\/logo\\\/image\\\/\",\"url\":\"https:\\\/\\\/alpen-markt.ch\\\/wp-content\\\/uploads\\\/2025\\\/11\\\/logo-alpenmarkt.png\",\"contentUrl\":\"https:\\\/\\\/alpen-markt.ch\\\/wp-content\\\/uploads\\\/2025\\\/11\\\/logo-alpenmarkt.png\",\"width\":1048,\"height\":452,\"caption\":\"Alpenmarkt\"},\"image\":{\"@id\":\"https:\\\/\\\/alpen-markt.ch\\\/fr\\\/#\\\/schema\\\/logo\\\/image\\\/\"}}]}<\/script>\n<!-- \/ Yoast SEO plugin. -->","yoast_head_json":{"title":"Malternative - Cracker Romarin CH - Alpenmarkt","robots":{"index":"index","follow":"follow","max-snippet":"max-snippet:-1","max-image-preview":"max-image-preview:large","max-video-preview":"max-video-preview:-1"},"canonical":"https:\/\/alpen-markt.ch\/fr\/produkt\/malternative-cracker-romarin-ch\/","og_locale":"fr_FR","og_type":"article","og_title":"Malternative - Cracker Romarin CH - Alpenmarkt","og_description":"Malternative &#8211; la brasserie durable de Martigny Valais Qualit\u00e9 Excellence Crackers enrichis au romarin Riches en fibres alimentaires Fabrication artisanale de crackers qui valorisent les dr\u00eaches ou les bi\u00e8res invendues. Garantis sans conservateurs, exhausteurs de go\u00fbt ou autres additifs inutiles. Certifi\u00e9 Bio-Knospe Au d\u00e9part, les r\u00e9sidus issus du brassage de la bi\u00e8re Malternative \u00e9taient destin\u00e9s [&hellip;]","og_url":"https:\/\/alpen-markt.ch\/fr\/produkt\/malternative-cracker-romarin-ch\/","og_site_name":"Alpenmarkt","og_image":[{"width":500,"height":500,"url":"https:\/\/alpen-markt.ch\/wp-content\/uploads\/2025\/11\/093ea52a-02d3-4951-b3fa-cf5536c54d5c.png","type":"image\/png"}],"twitter_card":"summary_large_image","twitter_misc":{"Dur\u00e9e de lecture estim\u00e9e":"1 minute"},"schema":{"@context":"https:\/\/schema.org","@graph":[{"@type":"WebPage","@id":"https:\/\/alpen-markt.ch\/fr\/produkt\/malternative-cracker-romarin-ch\/","url":"https:\/\/alpen-markt.ch\/fr\/produkt\/malternative-cracker-romarin-ch\/","name":"Malternative - Cracker Romarin CH - Alpenmarkt","isPartOf":{"@id":"https:\/\/alpen-markt.ch\/fr\/#website"},"primaryImageOfPage":{"@id":"https:\/\/alpen-markt.ch\/fr\/produkt\/malternative-cracker-romarin-ch\/#primaryimage"},"image":{"@id":"https:\/\/alpen-markt.ch\/fr\/produkt\/malternative-cracker-romarin-ch\/#primaryimage"},"thumbnailUrl":"https:\/\/alpen-markt.ch\/wp-content\/uploads\/2025\/11\/093ea52a-02d3-4951-b3fa-cf5536c54d5c.png","datePublished":"2025-11-25T15:50:36+00:00","breadcrumb":{"@id":"https:\/\/alpen-markt.ch\/fr\/produkt\/malternative-cracker-romarin-ch\/#breadcrumb"},"inLanguage":"fr-FR","potentialAction":[{"@type":"ReadAction","target":["https:\/\/alpen-markt.ch\/fr\/produkt\/malternative-cracker-romarin-ch\/"]}]},{"@type":"ImageObject","inLanguage":"fr-FR","@id":"https:\/\/alpen-markt.ch\/fr\/produkt\/malternative-cracker-romarin-ch\/#primaryimage","url":"https:\/\/alpen-markt.ch\/wp-content\/uploads\/2025\/11\/093ea52a-02d3-4951-b3fa-cf5536c54d5c.png","contentUrl":"https:\/\/alpen-markt.ch\/wp-content\/uploads\/2025\/11\/093ea52a-02d3-4951-b3fa-cf5536c54d5c.png","width":500,"height":500},{"@type":"BreadcrumbList","@id":"https:\/\/alpen-markt.ch\/fr\/produkt\/malternative-cracker-romarin-ch\/#breadcrumb","itemListElement":[{"@type":"ListItem","position":1,"name":"Startseite","item":"https:\/\/alpen-markt.ch\/fr\/home\/"},{"@type":"ListItem","position":2,"name":"Boutique en ligne","item":"https:\/\/alpen-markt.ch\/fr\/boutique-en-ligne\/"},{"@type":"ListItem","position":3,"name":"Malternative &#8211; Cracker Romarin CH"}]},{"@type":"WebSite","@id":"https:\/\/alpen-markt.ch\/fr\/#website","url":"https:\/\/alpen-markt.ch\/fr\/","name":"Alpenmarkt","description":"","publisher":{"@id":"https:\/\/alpen-markt.ch\/fr\/#organization"},"potentialAction":[{"@type":"SearchAction","target":{"@type":"EntryPoint","urlTemplate":"https:\/\/alpen-markt.ch\/fr\/?s={search_term_string}"},"query-input":{"@type":"PropertyValueSpecification","valueRequired":true,"valueName":"search_term_string"}}],"inLanguage":"fr-FR"},{"@type":"Organization","@id":"https:\/\/alpen-markt.ch\/fr\/#organization","name":"Alpenmarkt","url":"https:\/\/alpen-markt.ch\/fr\/","logo":{"@type":"ImageObject","inLanguage":"fr-FR","@id":"https:\/\/alpen-markt.ch\/fr\/#\/schema\/logo\/image\/","url":"https:\/\/alpen-markt.ch\/wp-content\/uploads\/2025\/11\/logo-alpenmarkt.png","contentUrl":"https:\/\/alpen-markt.ch\/wp-content\/uploads\/2025\/11\/logo-alpenmarkt.png","width":1048,"height":452,"caption":"Alpenmarkt"},"image":{"@id":"https:\/\/alpen-markt.ch\/fr\/#\/schema\/logo\/image\/"}}]}},"_links":{"self":[{"href":"https:\/\/alpen-markt.ch\/fr\/wp-json\/wp\/v2\/product\/4032","targetHints":{"allow":["GET"]}}],"collection":[{"href":"https:\/\/alpen-markt.ch\/fr\/wp-json\/wp\/v2\/product"}],"about":[{"href":"https:\/\/alpen-markt.ch\/fr\/wp-json\/wp\/v2\/types\/product"}],"wp:featuredmedia":[{"embeddable":true,"href":"https:\/\/alpen-markt.ch\/fr\/wp-json\/wp\/v2\/media\/4033"}],"wp:attachment":[{"href":"https:\/\/alpen-markt.ch\/fr\/wp-json\/wp\/v2\/media?parent=4032"}],"wp:term":[{"taxonomy":"product_brand","embeddable":true,"href":"https:\/\/alpen-markt.ch\/fr\/wp-json\/wp\/v2\/product_brand?post=4032"},{"taxonomy":"product_cat","embeddable":true,"href":"https:\/\/alpen-markt.ch\/fr\/wp-json\/wp\/v2\/product_cat?post=4032"},{"taxonomy":"product_tag","embeddable":true,"href":"https:\/\/alpen-markt.ch\/fr\/wp-json\/wp\/v2\/product_tag?post=4032"}],"curies":[{"name":"wp","href":"https:\/\/api.w.org\/{rel}","templated":true}]}}