{"id":4030,"date":"2025-11-25T16:50:35","date_gmt":"2025-11-25T15:50:35","guid":{"rendered":"https:\/\/alpen-markt.ch\/produkt\/tarte-de-linz-piece-homebaked-with-love\/"},"modified":"2025-11-25T16:50:35","modified_gmt":"2025-11-25T15:50:35","slug":"tarte-de-linz-piece-homebaked-with-love","status":"publish","type":"product","link":"https:\/\/alpen-markt.ch\/fr\/produkt\/tarte-de-linz-piece-homebaked-with-love\/","title":{"rendered":"Tarte de Linz pi\u00e8ce &#8211; Homebaked With Love"},"content":{"rendered":"<p>La Linzertorte est une gourmandise tr\u00e8s appr\u00e9ci\u00e9e. Julia Perren, fille de boulanger \u00e0 Zermatt (Homebaked with love), cr\u00e9e une variante fruit\u00e9e et \u00e9pic\u00e9e \u00e0 la cannelle de cette tarte \u2013 tout simplement d\u00e9licieuse, faite maison avec amour. <\/p>\n<p>Ingr\u00e9dients : farine de BL\u00c9, farine de BL\u00c9 complet, BEURRE, sucre, NOISETTES, chapelure (contient du malt d&rsquo;ORGE), LAIT, \u0152UFS, cannelle, zeste de citron, confiture de framboises et de groseilles.<\/p>\n<p>ALLERG\u00c8NES<\/p>\n","protected":false},"excerpt":{"rendered":"<p>La Linzertorte est une gourmandise tr\u00e8s appr\u00e9ci\u00e9e. Julia Perren, fille de boulanger \u00e0 Zermatt (Homebaked with love), cr\u00e9e une variante fruit\u00e9e et \u00e9pic\u00e9e \u00e0 la cannelle de cette tarte \u2013 tout simplement d\u00e9licieuse, faite maison avec amour. Ingr\u00e9dients : farine de BL\u00c9, farine de BL\u00c9 complet, BEURRE, sucre, NOISETTES, chapelure (contient du malt d&rsquo;ORGE), LAIT, [&hellip;]<\/p>\n","protected":false},"featured_media":4031,"template":"","meta":[],"product_brand":[],"product_cat":[82],"product_tag":[],"class_list":{"0":"post-4030","1":"product","2":"type-product","3":"status-publish","4":"has-post-thumbnail","6":"product_cat-gouter-aliments-de-la-region-alpine","8":"first","9":"instock","10":"taxable","11":"shipping-taxable","12":"purchasable","13":"product-type-simple"},"yoast_head":"<!-- This site is optimized with the Yoast SEO plugin v27.4 - https:\/\/yoast.com\/product\/yoast-seo-wordpress\/ -->\n<title>Tarte de Linz pi\u00e8ce - Homebaked With Love - Alpenmarkt<\/title>\n<meta name=\"robots\" content=\"index, follow, max-snippet:-1, max-image-preview:large, max-video-preview:-1\" \/>\n<link rel=\"canonical\" href=\"https:\/\/alpen-markt.ch\/fr\/produkt\/tarte-de-linz-piece-homebaked-with-love\/\" \/>\n<meta property=\"og:locale\" content=\"fr_FR\" \/>\n<meta property=\"og:type\" content=\"article\" \/>\n<meta property=\"og:title\" content=\"Tarte de Linz pi\u00e8ce - Homebaked With Love - Alpenmarkt\" \/>\n<meta property=\"og:description\" content=\"La Linzertorte est une gourmandise tr\u00e8s appr\u00e9ci\u00e9e. Julia Perren, fille de boulanger \u00e0 Zermatt (Homebaked with love), cr\u00e9e une variante fruit\u00e9e et \u00e9pic\u00e9e \u00e0 la cannelle de cette tarte \u2013 tout simplement d\u00e9licieuse, faite maison avec amour. Ingr\u00e9dients : farine de BL\u00c9, farine de BL\u00c9 complet, BEURRE, sucre, NOISETTES, chapelure (contient du malt d&rsquo;ORGE), LAIT, [&hellip;]\" \/>\n<meta property=\"og:url\" content=\"https:\/\/alpen-markt.ch\/fr\/produkt\/tarte-de-linz-piece-homebaked-with-love\/\" \/>\n<meta property=\"og:site_name\" content=\"Alpenmarkt\" \/>\n<meta property=\"og:image\" content=\"https:\/\/alpen-markt.ch\/wp-content\/uploads\/2025\/11\/77c16845-451d-4183-99e4-e9b27f2f2da7.png\" \/>\n\t<meta property=\"og:image:width\" content=\"500\" \/>\n\t<meta property=\"og:image:height\" content=\"500\" \/>\n\t<meta property=\"og:image:type\" content=\"image\/png\" \/>\n<meta name=\"twitter:card\" content=\"summary_large_image\" \/>\n<script type=\"application\/ld+json\" class=\"yoast-schema-graph\">{\"@context\":\"https:\\\/\\\/schema.org\",\"@graph\":[{\"@type\":\"WebPage\",\"@id\":\"https:\\\/\\\/alpen-markt.ch\\\/fr\\\/produkt\\\/tarte-de-linz-piece-homebaked-with-love\\\/\",\"url\":\"https:\\\/\\\/alpen-markt.ch\\\/fr\\\/produkt\\\/tarte-de-linz-piece-homebaked-with-love\\\/\",\"name\":\"Tarte de Linz pi\u00e8ce - Homebaked With Love - Alpenmarkt\",\"isPartOf\":{\"@id\":\"https:\\\/\\\/alpen-markt.ch\\\/fr\\\/#website\"},\"primaryImageOfPage\":{\"@id\":\"https:\\\/\\\/alpen-markt.ch\\\/fr\\\/produkt\\\/tarte-de-linz-piece-homebaked-with-love\\\/#primaryimage\"},\"image\":{\"@id\":\"https:\\\/\\\/alpen-markt.ch\\\/fr\\\/produkt\\\/tarte-de-linz-piece-homebaked-with-love\\\/#primaryimage\"},\"thumbnailUrl\":\"https:\\\/\\\/alpen-markt.ch\\\/wp-content\\\/uploads\\\/2025\\\/11\\\/77c16845-451d-4183-99e4-e9b27f2f2da7.png\",\"datePublished\":\"2025-11-25T15:50:35+00:00\",\"breadcrumb\":{\"@id\":\"https:\\\/\\\/alpen-markt.ch\\\/fr\\\/produkt\\\/tarte-de-linz-piece-homebaked-with-love\\\/#breadcrumb\"},\"inLanguage\":\"fr-FR\",\"potentialAction\":[{\"@type\":\"ReadAction\",\"target\":[\"https:\\\/\\\/alpen-markt.ch\\\/fr\\\/produkt\\\/tarte-de-linz-piece-homebaked-with-love\\\/\"]}]},{\"@type\":\"ImageObject\",\"inLanguage\":\"fr-FR\",\"@id\":\"https:\\\/\\\/alpen-markt.ch\\\/fr\\\/produkt\\\/tarte-de-linz-piece-homebaked-with-love\\\/#primaryimage\",\"url\":\"https:\\\/\\\/alpen-markt.ch\\\/wp-content\\\/uploads\\\/2025\\\/11\\\/77c16845-451d-4183-99e4-e9b27f2f2da7.png\",\"contentUrl\":\"https:\\\/\\\/alpen-markt.ch\\\/wp-content\\\/uploads\\\/2025\\\/11\\\/77c16845-451d-4183-99e4-e9b27f2f2da7.png\",\"width\":500,\"height\":500},{\"@type\":\"BreadcrumbList\",\"@id\":\"https:\\\/\\\/alpen-markt.ch\\\/fr\\\/produkt\\\/tarte-de-linz-piece-homebaked-with-love\\\/#breadcrumb\",\"itemListElement\":[{\"@type\":\"ListItem\",\"position\":1,\"name\":\"Startseite\",\"item\":\"https:\\\/\\\/alpen-markt.ch\\\/fr\\\/home\\\/\"},{\"@type\":\"ListItem\",\"position\":2,\"name\":\"Boutique en ligne\",\"item\":\"https:\\\/\\\/alpen-markt.ch\\\/fr\\\/boutique-en-ligne\\\/\"},{\"@type\":\"ListItem\",\"position\":3,\"name\":\"Tarte de Linz pi\u00e8ce &#8211; Homebaked With Love\"}]},{\"@type\":\"WebSite\",\"@id\":\"https:\\\/\\\/alpen-markt.ch\\\/fr\\\/#website\",\"url\":\"https:\\\/\\\/alpen-markt.ch\\\/fr\\\/\",\"name\":\"Alpenmarkt\",\"description\":\"\",\"publisher\":{\"@id\":\"https:\\\/\\\/alpen-markt.ch\\\/fr\\\/#organization\"},\"potentialAction\":[{\"@type\":\"SearchAction\",\"target\":{\"@type\":\"EntryPoint\",\"urlTemplate\":\"https:\\\/\\\/alpen-markt.ch\\\/fr\\\/?s={search_term_string}\"},\"query-input\":{\"@type\":\"PropertyValueSpecification\",\"valueRequired\":true,\"valueName\":\"search_term_string\"}}],\"inLanguage\":\"fr-FR\"},{\"@type\":\"Organization\",\"@id\":\"https:\\\/\\\/alpen-markt.ch\\\/fr\\\/#organization\",\"name\":\"Alpenmarkt\",\"url\":\"https:\\\/\\\/alpen-markt.ch\\\/fr\\\/\",\"logo\":{\"@type\":\"ImageObject\",\"inLanguage\":\"fr-FR\",\"@id\":\"https:\\\/\\\/alpen-markt.ch\\\/fr\\\/#\\\/schema\\\/logo\\\/image\\\/\",\"url\":\"https:\\\/\\\/alpen-markt.ch\\\/wp-content\\\/uploads\\\/2025\\\/11\\\/logo-alpenmarkt.png\",\"contentUrl\":\"https:\\\/\\\/alpen-markt.ch\\\/wp-content\\\/uploads\\\/2025\\\/11\\\/logo-alpenmarkt.png\",\"width\":1048,\"height\":452,\"caption\":\"Alpenmarkt\"},\"image\":{\"@id\":\"https:\\\/\\\/alpen-markt.ch\\\/fr\\\/#\\\/schema\\\/logo\\\/image\\\/\"}}]}<\/script>\n<!-- \/ Yoast SEO plugin. -->","yoast_head_json":{"title":"Tarte de Linz pi\u00e8ce - Homebaked With Love - Alpenmarkt","robots":{"index":"index","follow":"follow","max-snippet":"max-snippet:-1","max-image-preview":"max-image-preview:large","max-video-preview":"max-video-preview:-1"},"canonical":"https:\/\/alpen-markt.ch\/fr\/produkt\/tarte-de-linz-piece-homebaked-with-love\/","og_locale":"fr_FR","og_type":"article","og_title":"Tarte de Linz pi\u00e8ce - Homebaked With Love - Alpenmarkt","og_description":"La Linzertorte est une gourmandise tr\u00e8s appr\u00e9ci\u00e9e. Julia Perren, fille de boulanger \u00e0 Zermatt (Homebaked with love), cr\u00e9e une variante fruit\u00e9e et \u00e9pic\u00e9e \u00e0 la cannelle de cette tarte \u2013 tout simplement d\u00e9licieuse, faite maison avec amour. Ingr\u00e9dients : farine de BL\u00c9, farine de BL\u00c9 complet, BEURRE, sucre, NOISETTES, chapelure (contient du malt d&rsquo;ORGE), LAIT, [&hellip;]","og_url":"https:\/\/alpen-markt.ch\/fr\/produkt\/tarte-de-linz-piece-homebaked-with-love\/","og_site_name":"Alpenmarkt","og_image":[{"width":500,"height":500,"url":"https:\/\/alpen-markt.ch\/wp-content\/uploads\/2025\/11\/77c16845-451d-4183-99e4-e9b27f2f2da7.png","type":"image\/png"}],"twitter_card":"summary_large_image","schema":{"@context":"https:\/\/schema.org","@graph":[{"@type":"WebPage","@id":"https:\/\/alpen-markt.ch\/fr\/produkt\/tarte-de-linz-piece-homebaked-with-love\/","url":"https:\/\/alpen-markt.ch\/fr\/produkt\/tarte-de-linz-piece-homebaked-with-love\/","name":"Tarte de Linz pi\u00e8ce - Homebaked With Love - Alpenmarkt","isPartOf":{"@id":"https:\/\/alpen-markt.ch\/fr\/#website"},"primaryImageOfPage":{"@id":"https:\/\/alpen-markt.ch\/fr\/produkt\/tarte-de-linz-piece-homebaked-with-love\/#primaryimage"},"image":{"@id":"https:\/\/alpen-markt.ch\/fr\/produkt\/tarte-de-linz-piece-homebaked-with-love\/#primaryimage"},"thumbnailUrl":"https:\/\/alpen-markt.ch\/wp-content\/uploads\/2025\/11\/77c16845-451d-4183-99e4-e9b27f2f2da7.png","datePublished":"2025-11-25T15:50:35+00:00","breadcrumb":{"@id":"https:\/\/alpen-markt.ch\/fr\/produkt\/tarte-de-linz-piece-homebaked-with-love\/#breadcrumb"},"inLanguage":"fr-FR","potentialAction":[{"@type":"ReadAction","target":["https:\/\/alpen-markt.ch\/fr\/produkt\/tarte-de-linz-piece-homebaked-with-love\/"]}]},{"@type":"ImageObject","inLanguage":"fr-FR","@id":"https:\/\/alpen-markt.ch\/fr\/produkt\/tarte-de-linz-piece-homebaked-with-love\/#primaryimage","url":"https:\/\/alpen-markt.ch\/wp-content\/uploads\/2025\/11\/77c16845-451d-4183-99e4-e9b27f2f2da7.png","contentUrl":"https:\/\/alpen-markt.ch\/wp-content\/uploads\/2025\/11\/77c16845-451d-4183-99e4-e9b27f2f2da7.png","width":500,"height":500},{"@type":"BreadcrumbList","@id":"https:\/\/alpen-markt.ch\/fr\/produkt\/tarte-de-linz-piece-homebaked-with-love\/#breadcrumb","itemListElement":[{"@type":"ListItem","position":1,"name":"Startseite","item":"https:\/\/alpen-markt.ch\/fr\/home\/"},{"@type":"ListItem","position":2,"name":"Boutique en ligne","item":"https:\/\/alpen-markt.ch\/fr\/boutique-en-ligne\/"},{"@type":"ListItem","position":3,"name":"Tarte de Linz pi\u00e8ce &#8211; Homebaked With Love"}]},{"@type":"WebSite","@id":"https:\/\/alpen-markt.ch\/fr\/#website","url":"https:\/\/alpen-markt.ch\/fr\/","name":"Alpenmarkt","description":"","publisher":{"@id":"https:\/\/alpen-markt.ch\/fr\/#organization"},"potentialAction":[{"@type":"SearchAction","target":{"@type":"EntryPoint","urlTemplate":"https:\/\/alpen-markt.ch\/fr\/?s={search_term_string}"},"query-input":{"@type":"PropertyValueSpecification","valueRequired":true,"valueName":"search_term_string"}}],"inLanguage":"fr-FR"},{"@type":"Organization","@id":"https:\/\/alpen-markt.ch\/fr\/#organization","name":"Alpenmarkt","url":"https:\/\/alpen-markt.ch\/fr\/","logo":{"@type":"ImageObject","inLanguage":"fr-FR","@id":"https:\/\/alpen-markt.ch\/fr\/#\/schema\/logo\/image\/","url":"https:\/\/alpen-markt.ch\/wp-content\/uploads\/2025\/11\/logo-alpenmarkt.png","contentUrl":"https:\/\/alpen-markt.ch\/wp-content\/uploads\/2025\/11\/logo-alpenmarkt.png","width":1048,"height":452,"caption":"Alpenmarkt"},"image":{"@id":"https:\/\/alpen-markt.ch\/fr\/#\/schema\/logo\/image\/"}}]}},"_links":{"self":[{"href":"https:\/\/alpen-markt.ch\/fr\/wp-json\/wp\/v2\/product\/4030","targetHints":{"allow":["GET"]}}],"collection":[{"href":"https:\/\/alpen-markt.ch\/fr\/wp-json\/wp\/v2\/product"}],"about":[{"href":"https:\/\/alpen-markt.ch\/fr\/wp-json\/wp\/v2\/types\/product"}],"wp:featuredmedia":[{"embeddable":true,"href":"https:\/\/alpen-markt.ch\/fr\/wp-json\/wp\/v2\/media\/4031"}],"wp:attachment":[{"href":"https:\/\/alpen-markt.ch\/fr\/wp-json\/wp\/v2\/media?parent=4030"}],"wp:term":[{"taxonomy":"product_brand","embeddable":true,"href":"https:\/\/alpen-markt.ch\/fr\/wp-json\/wp\/v2\/product_brand?post=4030"},{"taxonomy":"product_cat","embeddable":true,"href":"https:\/\/alpen-markt.ch\/fr\/wp-json\/wp\/v2\/product_cat?post=4030"},{"taxonomy":"product_tag","embeddable":true,"href":"https:\/\/alpen-markt.ch\/fr\/wp-json\/wp\/v2\/product_tag?post=4030"}],"curies":[{"name":"wp","href":"https:\/\/api.w.org\/{rel}","templated":true}]}}