{"id":4006,"date":"2025-11-25T16:50:35","date_gmt":"2025-11-25T15:50:35","guid":{"rendered":"https:\/\/alpen-markt.ch\/produkt\/cholera-burger\/"},"modified":"2025-11-25T16:50:35","modified_gmt":"2025-11-25T15:50:35","slug":"cholera-burger","status":"publish","type":"product","link":"https:\/\/alpen-markt.ch\/fr\/produkt\/cholera-burger\/","title":{"rendered":"Cholera Burger"},"content":{"rendered":"<p>Nouvelle g\u00e9n\u00e9ration de chol\u00e9ra sous forme de hamburger par MAYAs 5<\/p>\n<p>Fait maison P\u00e2te bris\u00e9e &amp; P\u00e2te \u00e0 g\u00e2teau, Pommes de terre, Oignons, Poireaux, Pomme, Fromage \u00e0 raclette Aletsch, Sel &amp; Poivre. Pr\u00e9cuit. Surgel\u00e9.  <\/p>\n<p>Allerg\u00e8nes : Fromage<\/p>\n<p>Avec livraison : d\u00e9cong\u00e8le pendant le transport, est ensuite \u00e0 conserver au r\u00e9frig\u00e9rateur et \u00e0 consommer dans les 3 jours.<\/p>\n<p>Cuire 20 minutes \u00e0 190 \u00b0C dans un four pr\u00e9chauff\u00e9.<\/p>\n","protected":false},"excerpt":{"rendered":"<p>Nouvelle g\u00e9n\u00e9ration de chol\u00e9ra sous forme de hamburger par MAYAs 5 Fait maison P\u00e2te bris\u00e9e &amp; P\u00e2te \u00e0 g\u00e2teau, Pommes de terre, Oignons, Poireaux, Pomme, Fromage \u00e0 raclette Aletsch, Sel &amp; Poivre. Pr\u00e9cuit. Surgel\u00e9. Allerg\u00e8nes : Fromage Avec livraison : d\u00e9cong\u00e8le pendant le transport, est ensuite \u00e0 conserver au r\u00e9frig\u00e9rateur et \u00e0 consommer dans les [&hellip;]<\/p>\n","protected":false},"featured_media":4007,"template":"","meta":[],"product_brand":[],"product_cat":[82],"product_tag":[],"class_list":{"0":"post-4006","1":"product","2":"type-product","3":"status-publish","4":"has-post-thumbnail","6":"product_cat-gouter-aliments-de-la-region-alpine","8":"first","9":"instock","10":"taxable","11":"shipping-taxable","12":"purchasable","13":"product-type-simple"},"yoast_head":"<!-- This site is optimized with the Yoast SEO plugin v27.4 - https:\/\/yoast.com\/product\/yoast-seo-wordpress\/ -->\n<title>Cholera Burger - Alpenmarkt<\/title>\n<meta name=\"robots\" content=\"index, follow, max-snippet:-1, max-image-preview:large, max-video-preview:-1\" \/>\n<link rel=\"canonical\" href=\"https:\/\/alpen-markt.ch\/fr\/produkt\/cholera-burger\/\" \/>\n<meta property=\"og:locale\" content=\"fr_FR\" \/>\n<meta property=\"og:type\" content=\"article\" \/>\n<meta property=\"og:title\" content=\"Cholera Burger - Alpenmarkt\" \/>\n<meta property=\"og:description\" content=\"Nouvelle g\u00e9n\u00e9ration de chol\u00e9ra sous forme de hamburger par MAYAs 5 Fait maison P\u00e2te bris\u00e9e &amp; P\u00e2te \u00e0 g\u00e2teau, Pommes de terre, Oignons, Poireaux, Pomme, Fromage \u00e0 raclette Aletsch, Sel &amp; Poivre. Pr\u00e9cuit. Surgel\u00e9. Allerg\u00e8nes : Fromage Avec livraison : d\u00e9cong\u00e8le pendant le transport, est ensuite \u00e0 conserver au r\u00e9frig\u00e9rateur et \u00e0 consommer dans les [&hellip;]\" \/>\n<meta property=\"og:url\" content=\"https:\/\/alpen-markt.ch\/fr\/produkt\/cholera-burger\/\" \/>\n<meta property=\"og:site_name\" content=\"Alpenmarkt\" \/>\n<meta property=\"og:image\" content=\"https:\/\/alpen-markt.ch\/wp-content\/uploads\/2025\/11\/9abbb5da-4ad3-424b-b747-47609c951a83.png\" \/>\n\t<meta property=\"og:image:width\" content=\"500\" \/>\n\t<meta property=\"og:image:height\" content=\"500\" \/>\n\t<meta property=\"og:image:type\" content=\"image\/png\" \/>\n<meta name=\"twitter:card\" content=\"summary_large_image\" \/>\n<script type=\"application\/ld+json\" class=\"yoast-schema-graph\">{\"@context\":\"https:\\\/\\\/schema.org\",\"@graph\":[{\"@type\":\"WebPage\",\"@id\":\"https:\\\/\\\/alpen-markt.ch\\\/fr\\\/produkt\\\/cholera-burger\\\/\",\"url\":\"https:\\\/\\\/alpen-markt.ch\\\/fr\\\/produkt\\\/cholera-burger\\\/\",\"name\":\"Cholera Burger - Alpenmarkt\",\"isPartOf\":{\"@id\":\"https:\\\/\\\/alpen-markt.ch\\\/fr\\\/#website\"},\"primaryImageOfPage\":{\"@id\":\"https:\\\/\\\/alpen-markt.ch\\\/fr\\\/produkt\\\/cholera-burger\\\/#primaryimage\"},\"image\":{\"@id\":\"https:\\\/\\\/alpen-markt.ch\\\/fr\\\/produkt\\\/cholera-burger\\\/#primaryimage\"},\"thumbnailUrl\":\"https:\\\/\\\/alpen-markt.ch\\\/wp-content\\\/uploads\\\/2025\\\/11\\\/9abbb5da-4ad3-424b-b747-47609c951a83.png\",\"datePublished\":\"2025-11-25T15:50:35+00:00\",\"breadcrumb\":{\"@id\":\"https:\\\/\\\/alpen-markt.ch\\\/fr\\\/produkt\\\/cholera-burger\\\/#breadcrumb\"},\"inLanguage\":\"fr-FR\",\"potentialAction\":[{\"@type\":\"ReadAction\",\"target\":[\"https:\\\/\\\/alpen-markt.ch\\\/fr\\\/produkt\\\/cholera-burger\\\/\"]}]},{\"@type\":\"ImageObject\",\"inLanguage\":\"fr-FR\",\"@id\":\"https:\\\/\\\/alpen-markt.ch\\\/fr\\\/produkt\\\/cholera-burger\\\/#primaryimage\",\"url\":\"https:\\\/\\\/alpen-markt.ch\\\/wp-content\\\/uploads\\\/2025\\\/11\\\/9abbb5da-4ad3-424b-b747-47609c951a83.png\",\"contentUrl\":\"https:\\\/\\\/alpen-markt.ch\\\/wp-content\\\/uploads\\\/2025\\\/11\\\/9abbb5da-4ad3-424b-b747-47609c951a83.png\",\"width\":500,\"height\":500},{\"@type\":\"BreadcrumbList\",\"@id\":\"https:\\\/\\\/alpen-markt.ch\\\/fr\\\/produkt\\\/cholera-burger\\\/#breadcrumb\",\"itemListElement\":[{\"@type\":\"ListItem\",\"position\":1,\"name\":\"Startseite\",\"item\":\"https:\\\/\\\/alpen-markt.ch\\\/fr\\\/home\\\/\"},{\"@type\":\"ListItem\",\"position\":2,\"name\":\"Boutique en ligne\",\"item\":\"https:\\\/\\\/alpen-markt.ch\\\/fr\\\/boutique-en-ligne\\\/\"},{\"@type\":\"ListItem\",\"position\":3,\"name\":\"Cholera Burger\"}]},{\"@type\":\"WebSite\",\"@id\":\"https:\\\/\\\/alpen-markt.ch\\\/fr\\\/#website\",\"url\":\"https:\\\/\\\/alpen-markt.ch\\\/fr\\\/\",\"name\":\"Alpenmarkt\",\"description\":\"\",\"publisher\":{\"@id\":\"https:\\\/\\\/alpen-markt.ch\\\/fr\\\/#organization\"},\"potentialAction\":[{\"@type\":\"SearchAction\",\"target\":{\"@type\":\"EntryPoint\",\"urlTemplate\":\"https:\\\/\\\/alpen-markt.ch\\\/fr\\\/?s={search_term_string}\"},\"query-input\":{\"@type\":\"PropertyValueSpecification\",\"valueRequired\":true,\"valueName\":\"search_term_string\"}}],\"inLanguage\":\"fr-FR\"},{\"@type\":\"Organization\",\"@id\":\"https:\\\/\\\/alpen-markt.ch\\\/fr\\\/#organization\",\"name\":\"Alpenmarkt\",\"url\":\"https:\\\/\\\/alpen-markt.ch\\\/fr\\\/\",\"logo\":{\"@type\":\"ImageObject\",\"inLanguage\":\"fr-FR\",\"@id\":\"https:\\\/\\\/alpen-markt.ch\\\/fr\\\/#\\\/schema\\\/logo\\\/image\\\/\",\"url\":\"https:\\\/\\\/alpen-markt.ch\\\/wp-content\\\/uploads\\\/2025\\\/11\\\/logo-alpenmarkt.png\",\"contentUrl\":\"https:\\\/\\\/alpen-markt.ch\\\/wp-content\\\/uploads\\\/2025\\\/11\\\/logo-alpenmarkt.png\",\"width\":1048,\"height\":452,\"caption\":\"Alpenmarkt\"},\"image\":{\"@id\":\"https:\\\/\\\/alpen-markt.ch\\\/fr\\\/#\\\/schema\\\/logo\\\/image\\\/\"}}]}<\/script>\n<!-- \/ Yoast SEO plugin. -->","yoast_head_json":{"title":"Cholera Burger - Alpenmarkt","robots":{"index":"index","follow":"follow","max-snippet":"max-snippet:-1","max-image-preview":"max-image-preview:large","max-video-preview":"max-video-preview:-1"},"canonical":"https:\/\/alpen-markt.ch\/fr\/produkt\/cholera-burger\/","og_locale":"fr_FR","og_type":"article","og_title":"Cholera Burger - Alpenmarkt","og_description":"Nouvelle g\u00e9n\u00e9ration de chol\u00e9ra sous forme de hamburger par MAYAs 5 Fait maison P\u00e2te bris\u00e9e &amp; P\u00e2te \u00e0 g\u00e2teau, Pommes de terre, Oignons, Poireaux, Pomme, Fromage \u00e0 raclette Aletsch, Sel &amp; Poivre. Pr\u00e9cuit. Surgel\u00e9. Allerg\u00e8nes : Fromage Avec livraison : d\u00e9cong\u00e8le pendant le transport, est ensuite \u00e0 conserver au r\u00e9frig\u00e9rateur et \u00e0 consommer dans les [&hellip;]","og_url":"https:\/\/alpen-markt.ch\/fr\/produkt\/cholera-burger\/","og_site_name":"Alpenmarkt","og_image":[{"width":500,"height":500,"url":"https:\/\/alpen-markt.ch\/wp-content\/uploads\/2025\/11\/9abbb5da-4ad3-424b-b747-47609c951a83.png","type":"image\/png"}],"twitter_card":"summary_large_image","schema":{"@context":"https:\/\/schema.org","@graph":[{"@type":"WebPage","@id":"https:\/\/alpen-markt.ch\/fr\/produkt\/cholera-burger\/","url":"https:\/\/alpen-markt.ch\/fr\/produkt\/cholera-burger\/","name":"Cholera Burger - Alpenmarkt","isPartOf":{"@id":"https:\/\/alpen-markt.ch\/fr\/#website"},"primaryImageOfPage":{"@id":"https:\/\/alpen-markt.ch\/fr\/produkt\/cholera-burger\/#primaryimage"},"image":{"@id":"https:\/\/alpen-markt.ch\/fr\/produkt\/cholera-burger\/#primaryimage"},"thumbnailUrl":"https:\/\/alpen-markt.ch\/wp-content\/uploads\/2025\/11\/9abbb5da-4ad3-424b-b747-47609c951a83.png","datePublished":"2025-11-25T15:50:35+00:00","breadcrumb":{"@id":"https:\/\/alpen-markt.ch\/fr\/produkt\/cholera-burger\/#breadcrumb"},"inLanguage":"fr-FR","potentialAction":[{"@type":"ReadAction","target":["https:\/\/alpen-markt.ch\/fr\/produkt\/cholera-burger\/"]}]},{"@type":"ImageObject","inLanguage":"fr-FR","@id":"https:\/\/alpen-markt.ch\/fr\/produkt\/cholera-burger\/#primaryimage","url":"https:\/\/alpen-markt.ch\/wp-content\/uploads\/2025\/11\/9abbb5da-4ad3-424b-b747-47609c951a83.png","contentUrl":"https:\/\/alpen-markt.ch\/wp-content\/uploads\/2025\/11\/9abbb5da-4ad3-424b-b747-47609c951a83.png","width":500,"height":500},{"@type":"BreadcrumbList","@id":"https:\/\/alpen-markt.ch\/fr\/produkt\/cholera-burger\/#breadcrumb","itemListElement":[{"@type":"ListItem","position":1,"name":"Startseite","item":"https:\/\/alpen-markt.ch\/fr\/home\/"},{"@type":"ListItem","position":2,"name":"Boutique en ligne","item":"https:\/\/alpen-markt.ch\/fr\/boutique-en-ligne\/"},{"@type":"ListItem","position":3,"name":"Cholera Burger"}]},{"@type":"WebSite","@id":"https:\/\/alpen-markt.ch\/fr\/#website","url":"https:\/\/alpen-markt.ch\/fr\/","name":"Alpenmarkt","description":"","publisher":{"@id":"https:\/\/alpen-markt.ch\/fr\/#organization"},"potentialAction":[{"@type":"SearchAction","target":{"@type":"EntryPoint","urlTemplate":"https:\/\/alpen-markt.ch\/fr\/?s={search_term_string}"},"query-input":{"@type":"PropertyValueSpecification","valueRequired":true,"valueName":"search_term_string"}}],"inLanguage":"fr-FR"},{"@type":"Organization","@id":"https:\/\/alpen-markt.ch\/fr\/#organization","name":"Alpenmarkt","url":"https:\/\/alpen-markt.ch\/fr\/","logo":{"@type":"ImageObject","inLanguage":"fr-FR","@id":"https:\/\/alpen-markt.ch\/fr\/#\/schema\/logo\/image\/","url":"https:\/\/alpen-markt.ch\/wp-content\/uploads\/2025\/11\/logo-alpenmarkt.png","contentUrl":"https:\/\/alpen-markt.ch\/wp-content\/uploads\/2025\/11\/logo-alpenmarkt.png","width":1048,"height":452,"caption":"Alpenmarkt"},"image":{"@id":"https:\/\/alpen-markt.ch\/fr\/#\/schema\/logo\/image\/"}}]}},"_links":{"self":[{"href":"https:\/\/alpen-markt.ch\/fr\/wp-json\/wp\/v2\/product\/4006","targetHints":{"allow":["GET"]}}],"collection":[{"href":"https:\/\/alpen-markt.ch\/fr\/wp-json\/wp\/v2\/product"}],"about":[{"href":"https:\/\/alpen-markt.ch\/fr\/wp-json\/wp\/v2\/types\/product"}],"wp:featuredmedia":[{"embeddable":true,"href":"https:\/\/alpen-markt.ch\/fr\/wp-json\/wp\/v2\/media\/4007"}],"wp:attachment":[{"href":"https:\/\/alpen-markt.ch\/fr\/wp-json\/wp\/v2\/media?parent=4006"}],"wp:term":[{"taxonomy":"product_brand","embeddable":true,"href":"https:\/\/alpen-markt.ch\/fr\/wp-json\/wp\/v2\/product_brand?post=4006"},{"taxonomy":"product_cat","embeddable":true,"href":"https:\/\/alpen-markt.ch\/fr\/wp-json\/wp\/v2\/product_cat?post=4006"},{"taxonomy":"product_tag","embeddable":true,"href":"https:\/\/alpen-markt.ch\/fr\/wp-json\/wp\/v2\/product_tag?post=4006"}],"curies":[{"name":"wp","href":"https:\/\/api.w.org\/{rel}","templated":true}]}}