{"id":4002,"date":"2025-11-25T16:50:35","date_gmt":"2025-11-25T15:50:35","guid":{"rendered":"https:\/\/alpen-markt.ch\/produkt\/novena-pizza-margherita-a-lepeautre-cuite-au-feu-de-bois-bio\/"},"modified":"2025-11-25T16:50:35","modified_gmt":"2025-11-25T15:50:35","slug":"novena-pizza-margherita-a-lepeautre-cuite-au-feu-de-bois-bio","status":"publish","type":"product","link":"https:\/\/alpen-markt.ch\/fr\/produkt\/novena-pizza-margherita-a-lepeautre-cuite-au-feu-de-bois-bio\/","title":{"rendered":"Novena Pizza Margherita \u00e0 l&rsquo;\u00e9peautre cuite au feu de bois, bio"},"content":{"rendered":"<p>Pizza fra\u00eeche de la r\u00e9gion du Nufenen \u2013 un petit bonjour du sud.<\/p>\n<p>Pr\u00e9paration : 7 \u00e0 9 minutes \u00e0 230 \u00b0C. <\/p>\n<p>Allerg\u00e8nes : farine d&rsquo;\u00e9peautre, mozzarella<\/p>\n","protected":false},"excerpt":{"rendered":"<p>Pizza fra\u00eeche de la r\u00e9gion du Nufenen \u2013 un petit bonjour du sud. Pr\u00e9paration : 7 \u00e0 9 minutes \u00e0 230 \u00b0C. Allerg\u00e8nes : farine d&rsquo;\u00e9peautre, mozzarella<\/p>\n","protected":false},"featured_media":4003,"template":"","meta":[],"product_brand":[],"product_cat":[82],"product_tag":[],"class_list":{"0":"post-4002","1":"product","2":"type-product","3":"status-publish","4":"has-post-thumbnail","6":"product_cat-gouter-aliments-de-la-region-alpine","8":"first","9":"instock","10":"taxable","11":"shipping-taxable","12":"purchasable","13":"product-type-simple"},"yoast_head":"<!-- This site is optimized with the Yoast SEO plugin v27.4 - https:\/\/yoast.com\/product\/yoast-seo-wordpress\/ -->\n<title>Novena Pizza Margherita \u00e0 l&#039;\u00e9peautre cuite au feu de bois, bio - Alpenmarkt<\/title>\n<meta name=\"robots\" content=\"index, follow, max-snippet:-1, max-image-preview:large, max-video-preview:-1\" \/>\n<link rel=\"canonical\" href=\"https:\/\/alpen-markt.ch\/fr\/produkt\/novena-pizza-margherita-a-lepeautre-cuite-au-feu-de-bois-bio\/\" \/>\n<meta property=\"og:locale\" content=\"fr_FR\" \/>\n<meta property=\"og:type\" content=\"article\" \/>\n<meta property=\"og:title\" content=\"Novena Pizza Margherita \u00e0 l&#039;\u00e9peautre cuite au feu de bois, bio - Alpenmarkt\" \/>\n<meta property=\"og:description\" content=\"Pizza fra\u00eeche de la r\u00e9gion du Nufenen \u2013 un petit bonjour du sud. Pr\u00e9paration : 7 \u00e0 9 minutes \u00e0 230 \u00b0C. Allerg\u00e8nes : farine d&rsquo;\u00e9peautre, mozzarella\" \/>\n<meta property=\"og:url\" content=\"https:\/\/alpen-markt.ch\/fr\/produkt\/novena-pizza-margherita-a-lepeautre-cuite-au-feu-de-bois-bio\/\" \/>\n<meta property=\"og:site_name\" content=\"Alpenmarkt\" \/>\n<meta property=\"og:image\" content=\"https:\/\/alpen-markt.ch\/wp-content\/uploads\/2025\/11\/4593777a-df56-43f2-bcde-75c8394b68e4.png\" \/>\n\t<meta property=\"og:image:width\" content=\"500\" \/>\n\t<meta property=\"og:image:height\" content=\"500\" \/>\n\t<meta property=\"og:image:type\" content=\"image\/png\" \/>\n<meta name=\"twitter:card\" content=\"summary_large_image\" \/>\n<script type=\"application\/ld+json\" class=\"yoast-schema-graph\">{\"@context\":\"https:\\\/\\\/schema.org\",\"@graph\":[{\"@type\":\"WebPage\",\"@id\":\"https:\\\/\\\/alpen-markt.ch\\\/fr\\\/produkt\\\/novena-pizza-margherita-a-lepeautre-cuite-au-feu-de-bois-bio\\\/\",\"url\":\"https:\\\/\\\/alpen-markt.ch\\\/fr\\\/produkt\\\/novena-pizza-margherita-a-lepeautre-cuite-au-feu-de-bois-bio\\\/\",\"name\":\"Novena Pizza Margherita \u00e0 l'\u00e9peautre cuite au feu de bois, bio - Alpenmarkt\",\"isPartOf\":{\"@id\":\"https:\\\/\\\/alpen-markt.ch\\\/fr\\\/#website\"},\"primaryImageOfPage\":{\"@id\":\"https:\\\/\\\/alpen-markt.ch\\\/fr\\\/produkt\\\/novena-pizza-margherita-a-lepeautre-cuite-au-feu-de-bois-bio\\\/#primaryimage\"},\"image\":{\"@id\":\"https:\\\/\\\/alpen-markt.ch\\\/fr\\\/produkt\\\/novena-pizza-margherita-a-lepeautre-cuite-au-feu-de-bois-bio\\\/#primaryimage\"},\"thumbnailUrl\":\"https:\\\/\\\/alpen-markt.ch\\\/wp-content\\\/uploads\\\/2025\\\/11\\\/4593777a-df56-43f2-bcde-75c8394b68e4.png\",\"datePublished\":\"2025-11-25T15:50:35+00:00\",\"breadcrumb\":{\"@id\":\"https:\\\/\\\/alpen-markt.ch\\\/fr\\\/produkt\\\/novena-pizza-margherita-a-lepeautre-cuite-au-feu-de-bois-bio\\\/#breadcrumb\"},\"inLanguage\":\"fr-FR\",\"potentialAction\":[{\"@type\":\"ReadAction\",\"target\":[\"https:\\\/\\\/alpen-markt.ch\\\/fr\\\/produkt\\\/novena-pizza-margherita-a-lepeautre-cuite-au-feu-de-bois-bio\\\/\"]}]},{\"@type\":\"ImageObject\",\"inLanguage\":\"fr-FR\",\"@id\":\"https:\\\/\\\/alpen-markt.ch\\\/fr\\\/produkt\\\/novena-pizza-margherita-a-lepeautre-cuite-au-feu-de-bois-bio\\\/#primaryimage\",\"url\":\"https:\\\/\\\/alpen-markt.ch\\\/wp-content\\\/uploads\\\/2025\\\/11\\\/4593777a-df56-43f2-bcde-75c8394b68e4.png\",\"contentUrl\":\"https:\\\/\\\/alpen-markt.ch\\\/wp-content\\\/uploads\\\/2025\\\/11\\\/4593777a-df56-43f2-bcde-75c8394b68e4.png\",\"width\":500,\"height\":500},{\"@type\":\"BreadcrumbList\",\"@id\":\"https:\\\/\\\/alpen-markt.ch\\\/fr\\\/produkt\\\/novena-pizza-margherita-a-lepeautre-cuite-au-feu-de-bois-bio\\\/#breadcrumb\",\"itemListElement\":[{\"@type\":\"ListItem\",\"position\":1,\"name\":\"Startseite\",\"item\":\"https:\\\/\\\/alpen-markt.ch\\\/fr\\\/home\\\/\"},{\"@type\":\"ListItem\",\"position\":2,\"name\":\"Boutique en ligne\",\"item\":\"https:\\\/\\\/alpen-markt.ch\\\/fr\\\/boutique-en-ligne\\\/\"},{\"@type\":\"ListItem\",\"position\":3,\"name\":\"Novena Pizza Margherita \u00e0 l&#8217;\u00e9peautre cuite au feu de bois, bio\"}]},{\"@type\":\"WebSite\",\"@id\":\"https:\\\/\\\/alpen-markt.ch\\\/fr\\\/#website\",\"url\":\"https:\\\/\\\/alpen-markt.ch\\\/fr\\\/\",\"name\":\"Alpenmarkt\",\"description\":\"\",\"publisher\":{\"@id\":\"https:\\\/\\\/alpen-markt.ch\\\/fr\\\/#organization\"},\"potentialAction\":[{\"@type\":\"SearchAction\",\"target\":{\"@type\":\"EntryPoint\",\"urlTemplate\":\"https:\\\/\\\/alpen-markt.ch\\\/fr\\\/?s={search_term_string}\"},\"query-input\":{\"@type\":\"PropertyValueSpecification\",\"valueRequired\":true,\"valueName\":\"search_term_string\"}}],\"inLanguage\":\"fr-FR\"},{\"@type\":\"Organization\",\"@id\":\"https:\\\/\\\/alpen-markt.ch\\\/fr\\\/#organization\",\"name\":\"Alpenmarkt\",\"url\":\"https:\\\/\\\/alpen-markt.ch\\\/fr\\\/\",\"logo\":{\"@type\":\"ImageObject\",\"inLanguage\":\"fr-FR\",\"@id\":\"https:\\\/\\\/alpen-markt.ch\\\/fr\\\/#\\\/schema\\\/logo\\\/image\\\/\",\"url\":\"https:\\\/\\\/alpen-markt.ch\\\/wp-content\\\/uploads\\\/2025\\\/11\\\/logo-alpenmarkt.png\",\"contentUrl\":\"https:\\\/\\\/alpen-markt.ch\\\/wp-content\\\/uploads\\\/2025\\\/11\\\/logo-alpenmarkt.png\",\"width\":1048,\"height\":452,\"caption\":\"Alpenmarkt\"},\"image\":{\"@id\":\"https:\\\/\\\/alpen-markt.ch\\\/fr\\\/#\\\/schema\\\/logo\\\/image\\\/\"}}]}<\/script>\n<!-- \/ Yoast SEO plugin. -->","yoast_head_json":{"title":"Novena Pizza Margherita \u00e0 l'\u00e9peautre cuite au feu de bois, bio - Alpenmarkt","robots":{"index":"index","follow":"follow","max-snippet":"max-snippet:-1","max-image-preview":"max-image-preview:large","max-video-preview":"max-video-preview:-1"},"canonical":"https:\/\/alpen-markt.ch\/fr\/produkt\/novena-pizza-margherita-a-lepeautre-cuite-au-feu-de-bois-bio\/","og_locale":"fr_FR","og_type":"article","og_title":"Novena Pizza Margherita \u00e0 l'\u00e9peautre cuite au feu de bois, bio - Alpenmarkt","og_description":"Pizza fra\u00eeche de la r\u00e9gion du Nufenen \u2013 un petit bonjour du sud. Pr\u00e9paration : 7 \u00e0 9 minutes \u00e0 230 \u00b0C. Allerg\u00e8nes : farine d&rsquo;\u00e9peautre, mozzarella","og_url":"https:\/\/alpen-markt.ch\/fr\/produkt\/novena-pizza-margherita-a-lepeautre-cuite-au-feu-de-bois-bio\/","og_site_name":"Alpenmarkt","og_image":[{"width":500,"height":500,"url":"https:\/\/alpen-markt.ch\/wp-content\/uploads\/2025\/11\/4593777a-df56-43f2-bcde-75c8394b68e4.png","type":"image\/png"}],"twitter_card":"summary_large_image","schema":{"@context":"https:\/\/schema.org","@graph":[{"@type":"WebPage","@id":"https:\/\/alpen-markt.ch\/fr\/produkt\/novena-pizza-margherita-a-lepeautre-cuite-au-feu-de-bois-bio\/","url":"https:\/\/alpen-markt.ch\/fr\/produkt\/novena-pizza-margherita-a-lepeautre-cuite-au-feu-de-bois-bio\/","name":"Novena Pizza Margherita \u00e0 l'\u00e9peautre cuite au feu de bois, bio - Alpenmarkt","isPartOf":{"@id":"https:\/\/alpen-markt.ch\/fr\/#website"},"primaryImageOfPage":{"@id":"https:\/\/alpen-markt.ch\/fr\/produkt\/novena-pizza-margherita-a-lepeautre-cuite-au-feu-de-bois-bio\/#primaryimage"},"image":{"@id":"https:\/\/alpen-markt.ch\/fr\/produkt\/novena-pizza-margherita-a-lepeautre-cuite-au-feu-de-bois-bio\/#primaryimage"},"thumbnailUrl":"https:\/\/alpen-markt.ch\/wp-content\/uploads\/2025\/11\/4593777a-df56-43f2-bcde-75c8394b68e4.png","datePublished":"2025-11-25T15:50:35+00:00","breadcrumb":{"@id":"https:\/\/alpen-markt.ch\/fr\/produkt\/novena-pizza-margherita-a-lepeautre-cuite-au-feu-de-bois-bio\/#breadcrumb"},"inLanguage":"fr-FR","potentialAction":[{"@type":"ReadAction","target":["https:\/\/alpen-markt.ch\/fr\/produkt\/novena-pizza-margherita-a-lepeautre-cuite-au-feu-de-bois-bio\/"]}]},{"@type":"ImageObject","inLanguage":"fr-FR","@id":"https:\/\/alpen-markt.ch\/fr\/produkt\/novena-pizza-margherita-a-lepeautre-cuite-au-feu-de-bois-bio\/#primaryimage","url":"https:\/\/alpen-markt.ch\/wp-content\/uploads\/2025\/11\/4593777a-df56-43f2-bcde-75c8394b68e4.png","contentUrl":"https:\/\/alpen-markt.ch\/wp-content\/uploads\/2025\/11\/4593777a-df56-43f2-bcde-75c8394b68e4.png","width":500,"height":500},{"@type":"BreadcrumbList","@id":"https:\/\/alpen-markt.ch\/fr\/produkt\/novena-pizza-margherita-a-lepeautre-cuite-au-feu-de-bois-bio\/#breadcrumb","itemListElement":[{"@type":"ListItem","position":1,"name":"Startseite","item":"https:\/\/alpen-markt.ch\/fr\/home\/"},{"@type":"ListItem","position":2,"name":"Boutique en ligne","item":"https:\/\/alpen-markt.ch\/fr\/boutique-en-ligne\/"},{"@type":"ListItem","position":3,"name":"Novena Pizza Margherita \u00e0 l&#8217;\u00e9peautre cuite au feu de bois, bio"}]},{"@type":"WebSite","@id":"https:\/\/alpen-markt.ch\/fr\/#website","url":"https:\/\/alpen-markt.ch\/fr\/","name":"Alpenmarkt","description":"","publisher":{"@id":"https:\/\/alpen-markt.ch\/fr\/#organization"},"potentialAction":[{"@type":"SearchAction","target":{"@type":"EntryPoint","urlTemplate":"https:\/\/alpen-markt.ch\/fr\/?s={search_term_string}"},"query-input":{"@type":"PropertyValueSpecification","valueRequired":true,"valueName":"search_term_string"}}],"inLanguage":"fr-FR"},{"@type":"Organization","@id":"https:\/\/alpen-markt.ch\/fr\/#organization","name":"Alpenmarkt","url":"https:\/\/alpen-markt.ch\/fr\/","logo":{"@type":"ImageObject","inLanguage":"fr-FR","@id":"https:\/\/alpen-markt.ch\/fr\/#\/schema\/logo\/image\/","url":"https:\/\/alpen-markt.ch\/wp-content\/uploads\/2025\/11\/logo-alpenmarkt.png","contentUrl":"https:\/\/alpen-markt.ch\/wp-content\/uploads\/2025\/11\/logo-alpenmarkt.png","width":1048,"height":452,"caption":"Alpenmarkt"},"image":{"@id":"https:\/\/alpen-markt.ch\/fr\/#\/schema\/logo\/image\/"}}]}},"_links":{"self":[{"href":"https:\/\/alpen-markt.ch\/fr\/wp-json\/wp\/v2\/product\/4002","targetHints":{"allow":["GET"]}}],"collection":[{"href":"https:\/\/alpen-markt.ch\/fr\/wp-json\/wp\/v2\/product"}],"about":[{"href":"https:\/\/alpen-markt.ch\/fr\/wp-json\/wp\/v2\/types\/product"}],"wp:featuredmedia":[{"embeddable":true,"href":"https:\/\/alpen-markt.ch\/fr\/wp-json\/wp\/v2\/media\/4003"}],"wp:attachment":[{"href":"https:\/\/alpen-markt.ch\/fr\/wp-json\/wp\/v2\/media?parent=4002"}],"wp:term":[{"taxonomy":"product_brand","embeddable":true,"href":"https:\/\/alpen-markt.ch\/fr\/wp-json\/wp\/v2\/product_brand?post=4002"},{"taxonomy":"product_cat","embeddable":true,"href":"https:\/\/alpen-markt.ch\/fr\/wp-json\/wp\/v2\/product_cat?post=4002"},{"taxonomy":"product_tag","embeddable":true,"href":"https:\/\/alpen-markt.ch\/fr\/wp-json\/wp\/v2\/product_tag?post=4002"}],"curies":[{"name":"wp","href":"https:\/\/api.w.org\/{rel}","templated":true}]}}