{"id":3958,"date":"2025-11-25T16:50:29","date_gmt":"2025-11-25T15:50:29","guid":{"rendered":"https:\/\/alpen-markt.ch\/produkt\/la-bugadiere-nettoyant-multi-usages-fleurs-de-citronnier\/"},"modified":"2025-11-25T16:50:29","modified_gmt":"2025-11-25T15:50:29","slug":"la-bugadiere-nettoyant-multi-usages-fleurs-de-citronnier","status":"publish","type":"product","link":"https:\/\/alpen-markt.ch\/fr\/produkt\/la-bugadiere-nettoyant-multi-usages-fleurs-de-citronnier\/","title":{"rendered":"La Bugadi\u00e8re &#8211; Nettoyant multi-usages Fleurs de citronnier"},"content":{"rendered":"<p>Des produits d&rsquo;entretien biod\u00e9gradables au parfum agr\u00e9able et enti\u00e8rement rechargeables : voil\u00e0 ce qu&rsquo;est \u00ab La Bugadi\u00e8re \u00bb.<\/p>\n<p>En 2018, l&rsquo;entreprise \u00ab La Bugadi\u00e8re \u00bb, situ\u00e9e \u00e0 Ch\u00e2tel-St-Denis dans le canton de Fribourg, s&rsquo;est fix\u00e9 pour objectif de fabriquer des produits d&rsquo;entretien et des lessives biod\u00e9gradables, avec une gamme compl\u00e8te de produits et la possibilit\u00e9 de les recharger.<br \/>\nIls sont aujourd&rsquo;hui vendus dans de nombreuses pharmacies de Suisse romande.<\/p>\n<p>Gr\u00e2ce \u00e0 sa formation en pharmacie, le fondateur de \u00ab La Bugadi\u00e8re \u00bb conna\u00eet bien les processus chimiques. Favoriser la biod\u00e9gradabilit\u00e9 des produits \u00e9tait une priorit\u00e9 lors du d\u00e9veloppement de la gamme. \u00ab La Bugadi\u00e8re \u00bb a d\u00e9velopp\u00e9 des produits qui, sous l&rsquo;action de micro-organismes tels que des bact\u00e9ries ou des champignons, peuvent se d\u00e9composer en composants tels que l&rsquo;eau et en composants sans effets nocifs sur l&rsquo;environnement.  <\/p>\n<p>Qu&rsquo;est-ce que \u00e7a veut dire \u00ab\u00a0La Bugadi\u00e8re\u00a0\u00bb?<br \/>\nDans le sud de la France, en Languedoc et en Provence, la bugadi\u00e8re \u00e9tait essentiellement une employ\u00e9e ou une entrepreneuse qui lavait le linge pour le compte d&rsquo;un m\u00e9nage bourgeois ou de clients occasionnels. C&rsquo;\u00e9tait le premier m\u00e9tier r\u00e9mun\u00e9r\u00e9 pour les femmes.<br \/>\nLe mot \u00ab bugadi\u00e8re \u00bb vient du proven\u00e7al (\u00ab bugadier \u00bb, linge) et d\u00e9signe une structure en pierre ou en argile, semblable \u00e0 une armoire, dans laquelle on rangeait le linge sale et, au-dessus, les cendres du foyer. <\/p>\n","protected":false},"excerpt":{"rendered":"<p>Des produits d&rsquo;entretien biod\u00e9gradables au parfum agr\u00e9able et enti\u00e8rement rechargeables : voil\u00e0 ce qu&rsquo;est \u00ab La Bugadi\u00e8re \u00bb. En 2018, l&rsquo;entreprise \u00ab La Bugadi\u00e8re \u00bb, situ\u00e9e \u00e0 Ch\u00e2tel-St-Denis dans le canton de Fribourg, s&rsquo;est fix\u00e9 pour objectif de fabriquer des produits d&rsquo;entretien et des lessives biod\u00e9gradables, avec une gamme compl\u00e8te de produits et la possibilit\u00e9 [&hellip;]<\/p>\n","protected":false},"featured_media":3959,"template":"","meta":[],"product_brand":[],"product_cat":[84],"product_tag":[],"class_list":{"0":"post-3958","1":"product","2":"type-product","3":"status-publish","4":"has-post-thumbnail","6":"product_cat-blancheur-des-glaciers-nettoyage-menage","8":"first","9":"instock","10":"taxable","11":"shipping-taxable","12":"purchasable","13":"product-type-simple"},"yoast_head":"<!-- This site is optimized with the Yoast SEO plugin v27.4 - https:\/\/yoast.com\/product\/yoast-seo-wordpress\/ -->\n<title>La Bugadi\u00e8re - Nettoyant multi-usages Fleurs de citronnier - Alpenmarkt<\/title>\n<meta name=\"robots\" content=\"index, follow, max-snippet:-1, max-image-preview:large, max-video-preview:-1\" \/>\n<link rel=\"canonical\" href=\"https:\/\/alpen-markt.ch\/fr\/produkt\/la-bugadiere-nettoyant-multi-usages-fleurs-de-citronnier\/\" \/>\n<meta property=\"og:locale\" content=\"fr_FR\" \/>\n<meta property=\"og:type\" content=\"article\" \/>\n<meta property=\"og:title\" content=\"La Bugadi\u00e8re - Nettoyant multi-usages Fleurs de citronnier - Alpenmarkt\" \/>\n<meta property=\"og:description\" content=\"Des produits d&rsquo;entretien biod\u00e9gradables au parfum agr\u00e9able et enti\u00e8rement rechargeables : voil\u00e0 ce qu&rsquo;est \u00ab La Bugadi\u00e8re \u00bb. En 2018, l&rsquo;entreprise \u00ab La Bugadi\u00e8re \u00bb, situ\u00e9e \u00e0 Ch\u00e2tel-St-Denis dans le canton de Fribourg, s&rsquo;est fix\u00e9 pour objectif de fabriquer des produits d&rsquo;entretien et des lessives biod\u00e9gradables, avec une gamme compl\u00e8te de produits et la possibilit\u00e9 [&hellip;]\" \/>\n<meta property=\"og:url\" content=\"https:\/\/alpen-markt.ch\/fr\/produkt\/la-bugadiere-nettoyant-multi-usages-fleurs-de-citronnier\/\" \/>\n<meta property=\"og:site_name\" content=\"Alpenmarkt\" \/>\n<meta property=\"og:image\" content=\"https:\/\/alpen-markt.ch\/wp-content\/uploads\/2025\/11\/9b20d45e-e51a-4cc7-8609-31bb1d3be69b.png\" \/>\n\t<meta property=\"og:image:width\" content=\"500\" \/>\n\t<meta property=\"og:image:height\" content=\"500\" \/>\n\t<meta property=\"og:image:type\" content=\"image\/png\" \/>\n<meta name=\"twitter:card\" content=\"summary_large_image\" \/>\n<meta name=\"twitter:label1\" content=\"Dur\u00e9e de lecture estim\u00e9e\" \/>\n\t<meta name=\"twitter:data1\" content=\"1 minute\" \/>\n<script type=\"application\/ld+json\" class=\"yoast-schema-graph\">{\"@context\":\"https:\\\/\\\/schema.org\",\"@graph\":[{\"@type\":\"WebPage\",\"@id\":\"https:\\\/\\\/alpen-markt.ch\\\/fr\\\/produkt\\\/la-bugadiere-nettoyant-multi-usages-fleurs-de-citronnier\\\/\",\"url\":\"https:\\\/\\\/alpen-markt.ch\\\/fr\\\/produkt\\\/la-bugadiere-nettoyant-multi-usages-fleurs-de-citronnier\\\/\",\"name\":\"La Bugadi\u00e8re - Nettoyant multi-usages Fleurs de citronnier - Alpenmarkt\",\"isPartOf\":{\"@id\":\"https:\\\/\\\/alpen-markt.ch\\\/fr\\\/#website\"},\"primaryImageOfPage\":{\"@id\":\"https:\\\/\\\/alpen-markt.ch\\\/fr\\\/produkt\\\/la-bugadiere-nettoyant-multi-usages-fleurs-de-citronnier\\\/#primaryimage\"},\"image\":{\"@id\":\"https:\\\/\\\/alpen-markt.ch\\\/fr\\\/produkt\\\/la-bugadiere-nettoyant-multi-usages-fleurs-de-citronnier\\\/#primaryimage\"},\"thumbnailUrl\":\"https:\\\/\\\/alpen-markt.ch\\\/wp-content\\\/uploads\\\/2025\\\/11\\\/9b20d45e-e51a-4cc7-8609-31bb1d3be69b.png\",\"datePublished\":\"2025-11-25T15:50:29+00:00\",\"breadcrumb\":{\"@id\":\"https:\\\/\\\/alpen-markt.ch\\\/fr\\\/produkt\\\/la-bugadiere-nettoyant-multi-usages-fleurs-de-citronnier\\\/#breadcrumb\"},\"inLanguage\":\"fr-FR\",\"potentialAction\":[{\"@type\":\"ReadAction\",\"target\":[\"https:\\\/\\\/alpen-markt.ch\\\/fr\\\/produkt\\\/la-bugadiere-nettoyant-multi-usages-fleurs-de-citronnier\\\/\"]}]},{\"@type\":\"ImageObject\",\"inLanguage\":\"fr-FR\",\"@id\":\"https:\\\/\\\/alpen-markt.ch\\\/fr\\\/produkt\\\/la-bugadiere-nettoyant-multi-usages-fleurs-de-citronnier\\\/#primaryimage\",\"url\":\"https:\\\/\\\/alpen-markt.ch\\\/wp-content\\\/uploads\\\/2025\\\/11\\\/9b20d45e-e51a-4cc7-8609-31bb1d3be69b.png\",\"contentUrl\":\"https:\\\/\\\/alpen-markt.ch\\\/wp-content\\\/uploads\\\/2025\\\/11\\\/9b20d45e-e51a-4cc7-8609-31bb1d3be69b.png\",\"width\":500,\"height\":500},{\"@type\":\"BreadcrumbList\",\"@id\":\"https:\\\/\\\/alpen-markt.ch\\\/fr\\\/produkt\\\/la-bugadiere-nettoyant-multi-usages-fleurs-de-citronnier\\\/#breadcrumb\",\"itemListElement\":[{\"@type\":\"ListItem\",\"position\":1,\"name\":\"Startseite\",\"item\":\"https:\\\/\\\/alpen-markt.ch\\\/fr\\\/home\\\/\"},{\"@type\":\"ListItem\",\"position\":2,\"name\":\"Boutique en ligne\",\"item\":\"https:\\\/\\\/alpen-markt.ch\\\/fr\\\/boutique-en-ligne\\\/\"},{\"@type\":\"ListItem\",\"position\":3,\"name\":\"La Bugadi\u00e8re &#8211; Nettoyant multi-usages Fleurs de citronnier\"}]},{\"@type\":\"WebSite\",\"@id\":\"https:\\\/\\\/alpen-markt.ch\\\/fr\\\/#website\",\"url\":\"https:\\\/\\\/alpen-markt.ch\\\/fr\\\/\",\"name\":\"Alpenmarkt\",\"description\":\"\",\"publisher\":{\"@id\":\"https:\\\/\\\/alpen-markt.ch\\\/fr\\\/#organization\"},\"potentialAction\":[{\"@type\":\"SearchAction\",\"target\":{\"@type\":\"EntryPoint\",\"urlTemplate\":\"https:\\\/\\\/alpen-markt.ch\\\/fr\\\/?s={search_term_string}\"},\"query-input\":{\"@type\":\"PropertyValueSpecification\",\"valueRequired\":true,\"valueName\":\"search_term_string\"}}],\"inLanguage\":\"fr-FR\"},{\"@type\":\"Organization\",\"@id\":\"https:\\\/\\\/alpen-markt.ch\\\/fr\\\/#organization\",\"name\":\"Alpenmarkt\",\"url\":\"https:\\\/\\\/alpen-markt.ch\\\/fr\\\/\",\"logo\":{\"@type\":\"ImageObject\",\"inLanguage\":\"fr-FR\",\"@id\":\"https:\\\/\\\/alpen-markt.ch\\\/fr\\\/#\\\/schema\\\/logo\\\/image\\\/\",\"url\":\"https:\\\/\\\/alpen-markt.ch\\\/wp-content\\\/uploads\\\/2025\\\/11\\\/logo-alpenmarkt.png\",\"contentUrl\":\"https:\\\/\\\/alpen-markt.ch\\\/wp-content\\\/uploads\\\/2025\\\/11\\\/logo-alpenmarkt.png\",\"width\":1048,\"height\":452,\"caption\":\"Alpenmarkt\"},\"image\":{\"@id\":\"https:\\\/\\\/alpen-markt.ch\\\/fr\\\/#\\\/schema\\\/logo\\\/image\\\/\"}}]}<\/script>\n<!-- \/ Yoast SEO plugin. -->","yoast_head_json":{"title":"La Bugadi\u00e8re - Nettoyant multi-usages Fleurs de citronnier - Alpenmarkt","robots":{"index":"index","follow":"follow","max-snippet":"max-snippet:-1","max-image-preview":"max-image-preview:large","max-video-preview":"max-video-preview:-1"},"canonical":"https:\/\/alpen-markt.ch\/fr\/produkt\/la-bugadiere-nettoyant-multi-usages-fleurs-de-citronnier\/","og_locale":"fr_FR","og_type":"article","og_title":"La Bugadi\u00e8re - Nettoyant multi-usages Fleurs de citronnier - Alpenmarkt","og_description":"Des produits d&rsquo;entretien biod\u00e9gradables au parfum agr\u00e9able et enti\u00e8rement rechargeables : voil\u00e0 ce qu&rsquo;est \u00ab La Bugadi\u00e8re \u00bb. En 2018, l&rsquo;entreprise \u00ab La Bugadi\u00e8re \u00bb, situ\u00e9e \u00e0 Ch\u00e2tel-St-Denis dans le canton de Fribourg, s&rsquo;est fix\u00e9 pour objectif de fabriquer des produits d&rsquo;entretien et des lessives biod\u00e9gradables, avec une gamme compl\u00e8te de produits et la possibilit\u00e9 [&hellip;]","og_url":"https:\/\/alpen-markt.ch\/fr\/produkt\/la-bugadiere-nettoyant-multi-usages-fleurs-de-citronnier\/","og_site_name":"Alpenmarkt","og_image":[{"width":500,"height":500,"url":"https:\/\/alpen-markt.ch\/wp-content\/uploads\/2025\/11\/9b20d45e-e51a-4cc7-8609-31bb1d3be69b.png","type":"image\/png"}],"twitter_card":"summary_large_image","twitter_misc":{"Dur\u00e9e de lecture estim\u00e9e":"1 minute"},"schema":{"@context":"https:\/\/schema.org","@graph":[{"@type":"WebPage","@id":"https:\/\/alpen-markt.ch\/fr\/produkt\/la-bugadiere-nettoyant-multi-usages-fleurs-de-citronnier\/","url":"https:\/\/alpen-markt.ch\/fr\/produkt\/la-bugadiere-nettoyant-multi-usages-fleurs-de-citronnier\/","name":"La Bugadi\u00e8re - Nettoyant multi-usages Fleurs de citronnier - Alpenmarkt","isPartOf":{"@id":"https:\/\/alpen-markt.ch\/fr\/#website"},"primaryImageOfPage":{"@id":"https:\/\/alpen-markt.ch\/fr\/produkt\/la-bugadiere-nettoyant-multi-usages-fleurs-de-citronnier\/#primaryimage"},"image":{"@id":"https:\/\/alpen-markt.ch\/fr\/produkt\/la-bugadiere-nettoyant-multi-usages-fleurs-de-citronnier\/#primaryimage"},"thumbnailUrl":"https:\/\/alpen-markt.ch\/wp-content\/uploads\/2025\/11\/9b20d45e-e51a-4cc7-8609-31bb1d3be69b.png","datePublished":"2025-11-25T15:50:29+00:00","breadcrumb":{"@id":"https:\/\/alpen-markt.ch\/fr\/produkt\/la-bugadiere-nettoyant-multi-usages-fleurs-de-citronnier\/#breadcrumb"},"inLanguage":"fr-FR","potentialAction":[{"@type":"ReadAction","target":["https:\/\/alpen-markt.ch\/fr\/produkt\/la-bugadiere-nettoyant-multi-usages-fleurs-de-citronnier\/"]}]},{"@type":"ImageObject","inLanguage":"fr-FR","@id":"https:\/\/alpen-markt.ch\/fr\/produkt\/la-bugadiere-nettoyant-multi-usages-fleurs-de-citronnier\/#primaryimage","url":"https:\/\/alpen-markt.ch\/wp-content\/uploads\/2025\/11\/9b20d45e-e51a-4cc7-8609-31bb1d3be69b.png","contentUrl":"https:\/\/alpen-markt.ch\/wp-content\/uploads\/2025\/11\/9b20d45e-e51a-4cc7-8609-31bb1d3be69b.png","width":500,"height":500},{"@type":"BreadcrumbList","@id":"https:\/\/alpen-markt.ch\/fr\/produkt\/la-bugadiere-nettoyant-multi-usages-fleurs-de-citronnier\/#breadcrumb","itemListElement":[{"@type":"ListItem","position":1,"name":"Startseite","item":"https:\/\/alpen-markt.ch\/fr\/home\/"},{"@type":"ListItem","position":2,"name":"Boutique en ligne","item":"https:\/\/alpen-markt.ch\/fr\/boutique-en-ligne\/"},{"@type":"ListItem","position":3,"name":"La Bugadi\u00e8re &#8211; Nettoyant multi-usages Fleurs de citronnier"}]},{"@type":"WebSite","@id":"https:\/\/alpen-markt.ch\/fr\/#website","url":"https:\/\/alpen-markt.ch\/fr\/","name":"Alpenmarkt","description":"","publisher":{"@id":"https:\/\/alpen-markt.ch\/fr\/#organization"},"potentialAction":[{"@type":"SearchAction","target":{"@type":"EntryPoint","urlTemplate":"https:\/\/alpen-markt.ch\/fr\/?s={search_term_string}"},"query-input":{"@type":"PropertyValueSpecification","valueRequired":true,"valueName":"search_term_string"}}],"inLanguage":"fr-FR"},{"@type":"Organization","@id":"https:\/\/alpen-markt.ch\/fr\/#organization","name":"Alpenmarkt","url":"https:\/\/alpen-markt.ch\/fr\/","logo":{"@type":"ImageObject","inLanguage":"fr-FR","@id":"https:\/\/alpen-markt.ch\/fr\/#\/schema\/logo\/image\/","url":"https:\/\/alpen-markt.ch\/wp-content\/uploads\/2025\/11\/logo-alpenmarkt.png","contentUrl":"https:\/\/alpen-markt.ch\/wp-content\/uploads\/2025\/11\/logo-alpenmarkt.png","width":1048,"height":452,"caption":"Alpenmarkt"},"image":{"@id":"https:\/\/alpen-markt.ch\/fr\/#\/schema\/logo\/image\/"}}]}},"_links":{"self":[{"href":"https:\/\/alpen-markt.ch\/fr\/wp-json\/wp\/v2\/product\/3958","targetHints":{"allow":["GET"]}}],"collection":[{"href":"https:\/\/alpen-markt.ch\/fr\/wp-json\/wp\/v2\/product"}],"about":[{"href":"https:\/\/alpen-markt.ch\/fr\/wp-json\/wp\/v2\/types\/product"}],"wp:featuredmedia":[{"embeddable":true,"href":"https:\/\/alpen-markt.ch\/fr\/wp-json\/wp\/v2\/media\/3959"}],"wp:attachment":[{"href":"https:\/\/alpen-markt.ch\/fr\/wp-json\/wp\/v2\/media?parent=3958"}],"wp:term":[{"taxonomy":"product_brand","embeddable":true,"href":"https:\/\/alpen-markt.ch\/fr\/wp-json\/wp\/v2\/product_brand?post=3958"},{"taxonomy":"product_cat","embeddable":true,"href":"https:\/\/alpen-markt.ch\/fr\/wp-json\/wp\/v2\/product_cat?post=3958"},{"taxonomy":"product_tag","embeddable":true,"href":"https:\/\/alpen-markt.ch\/fr\/wp-json\/wp\/v2\/product_tag?post=3958"}],"curies":[{"name":"wp","href":"https:\/\/api.w.org\/{rel}","templated":true}]}}