{"id":3943,"date":"2025-11-25T16:50:35","date_gmt":"2025-11-25T15:50:35","guid":{"rendered":"https:\/\/alpen-markt.ch\/produkt\/oeufs-de-poules-heureuses-du-valais-60-80-g\/"},"modified":"2025-11-25T16:50:35","modified_gmt":"2025-11-25T15:50:35","slug":"oeufs-de-poules-heureuses-du-valais-60-80-g","status":"publish","type":"product","link":"https:\/\/alpen-markt.ch\/fr\/produkt\/oeufs-de-poules-heureuses-du-valais-60-80-g\/","title":{"rendered":"\u0152ufs de poules heureuses du Valais (~60-80 g)"},"content":{"rendered":"<p>\u0152ufs de poules \u00e9lev\u00e9es en plein air \u00e0 la ferme bio CotCot \u00e0 Sion, label Bio Knospe CH<\/p>\n<p>Sur la deuxi\u00e8me photo, vous pouvez voir les poules en train de picorer parmi les pommiers, d&rsquo;o\u00f9 provient la majeure partie des pommes vendues \u00e0 l&rsquo;Alpenmarkt.<\/p>\n","protected":false},"excerpt":{"rendered":"<p>\u0152ufs de poules \u00e9lev\u00e9es en plein air \u00e0 la ferme bio CotCot \u00e0 Sion, label Bio Knospe CH Sur la deuxi\u00e8me photo, vous pouvez voir les poules en train de picorer parmi les pommiers, d&rsquo;o\u00f9 provient la majeure partie des pommes vendues \u00e0 l&rsquo;Alpenmarkt.<\/p>\n","protected":false},"featured_media":3944,"template":"","meta":[],"product_brand":[],"product_cat":[82],"product_tag":[],"class_list":{"0":"post-3943","1":"product","2":"type-product","3":"status-publish","4":"has-post-thumbnail","6":"product_cat-gouter-aliments-de-la-region-alpine","8":"first","9":"instock","10":"taxable","11":"shipping-taxable","12":"purchasable","13":"product-type-simple"},"yoast_head":"<!-- This site is optimized with the Yoast SEO plugin v27.4 - https:\/\/yoast.com\/product\/yoast-seo-wordpress\/ -->\n<title>\u0152ufs de poules heureuses du Valais (~60-80 g) - Alpenmarkt<\/title>\n<meta name=\"robots\" content=\"index, follow, max-snippet:-1, max-image-preview:large, max-video-preview:-1\" \/>\n<link rel=\"canonical\" href=\"https:\/\/alpen-markt.ch\/fr\/produkt\/oeufs-de-poules-heureuses-du-valais-60-80-g\/\" \/>\n<meta property=\"og:locale\" content=\"fr_FR\" \/>\n<meta property=\"og:type\" content=\"article\" \/>\n<meta property=\"og:title\" content=\"\u0152ufs de poules heureuses du Valais (~60-80 g) - Alpenmarkt\" \/>\n<meta property=\"og:description\" content=\"\u0152ufs de poules \u00e9lev\u00e9es en plein air \u00e0 la ferme bio CotCot \u00e0 Sion, label Bio Knospe CH Sur la deuxi\u00e8me photo, vous pouvez voir les poules en train de picorer parmi les pommiers, d&rsquo;o\u00f9 provient la majeure partie des pommes vendues \u00e0 l&rsquo;Alpenmarkt.\" \/>\n<meta property=\"og:url\" content=\"https:\/\/alpen-markt.ch\/fr\/produkt\/oeufs-de-poules-heureuses-du-valais-60-80-g\/\" \/>\n<meta property=\"og:site_name\" content=\"Alpenmarkt\" \/>\n<meta property=\"og:image\" content=\"https:\/\/alpen-markt.ch\/wp-content\/uploads\/2025\/11\/d73ab8f4-d8b0-4095-8196-b98476972f43.png\" \/>\n\t<meta property=\"og:image:width\" content=\"500\" \/>\n\t<meta property=\"og:image:height\" content=\"500\" \/>\n\t<meta property=\"og:image:type\" content=\"image\/png\" \/>\n<meta name=\"twitter:card\" content=\"summary_large_image\" \/>\n<script type=\"application\/ld+json\" class=\"yoast-schema-graph\">{\"@context\":\"https:\\\/\\\/schema.org\",\"@graph\":[{\"@type\":\"WebPage\",\"@id\":\"https:\\\/\\\/alpen-markt.ch\\\/fr\\\/produkt\\\/oeufs-de-poules-heureuses-du-valais-60-80-g\\\/\",\"url\":\"https:\\\/\\\/alpen-markt.ch\\\/fr\\\/produkt\\\/oeufs-de-poules-heureuses-du-valais-60-80-g\\\/\",\"name\":\"\u0152ufs de poules heureuses du Valais (~60-80 g) - Alpenmarkt\",\"isPartOf\":{\"@id\":\"https:\\\/\\\/alpen-markt.ch\\\/fr\\\/#website\"},\"primaryImageOfPage\":{\"@id\":\"https:\\\/\\\/alpen-markt.ch\\\/fr\\\/produkt\\\/oeufs-de-poules-heureuses-du-valais-60-80-g\\\/#primaryimage\"},\"image\":{\"@id\":\"https:\\\/\\\/alpen-markt.ch\\\/fr\\\/produkt\\\/oeufs-de-poules-heureuses-du-valais-60-80-g\\\/#primaryimage\"},\"thumbnailUrl\":\"https:\\\/\\\/alpen-markt.ch\\\/wp-content\\\/uploads\\\/2025\\\/11\\\/d73ab8f4-d8b0-4095-8196-b98476972f43.png\",\"datePublished\":\"2025-11-25T15:50:35+00:00\",\"breadcrumb\":{\"@id\":\"https:\\\/\\\/alpen-markt.ch\\\/fr\\\/produkt\\\/oeufs-de-poules-heureuses-du-valais-60-80-g\\\/#breadcrumb\"},\"inLanguage\":\"fr-FR\",\"potentialAction\":[{\"@type\":\"ReadAction\",\"target\":[\"https:\\\/\\\/alpen-markt.ch\\\/fr\\\/produkt\\\/oeufs-de-poules-heureuses-du-valais-60-80-g\\\/\"]}]},{\"@type\":\"ImageObject\",\"inLanguage\":\"fr-FR\",\"@id\":\"https:\\\/\\\/alpen-markt.ch\\\/fr\\\/produkt\\\/oeufs-de-poules-heureuses-du-valais-60-80-g\\\/#primaryimage\",\"url\":\"https:\\\/\\\/alpen-markt.ch\\\/wp-content\\\/uploads\\\/2025\\\/11\\\/d73ab8f4-d8b0-4095-8196-b98476972f43.png\",\"contentUrl\":\"https:\\\/\\\/alpen-markt.ch\\\/wp-content\\\/uploads\\\/2025\\\/11\\\/d73ab8f4-d8b0-4095-8196-b98476972f43.png\",\"width\":500,\"height\":500},{\"@type\":\"BreadcrumbList\",\"@id\":\"https:\\\/\\\/alpen-markt.ch\\\/fr\\\/produkt\\\/oeufs-de-poules-heureuses-du-valais-60-80-g\\\/#breadcrumb\",\"itemListElement\":[{\"@type\":\"ListItem\",\"position\":1,\"name\":\"Startseite\",\"item\":\"https:\\\/\\\/alpen-markt.ch\\\/fr\\\/home\\\/\"},{\"@type\":\"ListItem\",\"position\":2,\"name\":\"Boutique en ligne\",\"item\":\"https:\\\/\\\/alpen-markt.ch\\\/fr\\\/boutique-en-ligne\\\/\"},{\"@type\":\"ListItem\",\"position\":3,\"name\":\"\u0152ufs de poules heureuses du Valais (~60-80 g)\"}]},{\"@type\":\"WebSite\",\"@id\":\"https:\\\/\\\/alpen-markt.ch\\\/fr\\\/#website\",\"url\":\"https:\\\/\\\/alpen-markt.ch\\\/fr\\\/\",\"name\":\"Alpenmarkt\",\"description\":\"\",\"publisher\":{\"@id\":\"https:\\\/\\\/alpen-markt.ch\\\/fr\\\/#organization\"},\"potentialAction\":[{\"@type\":\"SearchAction\",\"target\":{\"@type\":\"EntryPoint\",\"urlTemplate\":\"https:\\\/\\\/alpen-markt.ch\\\/fr\\\/?s={search_term_string}\"},\"query-input\":{\"@type\":\"PropertyValueSpecification\",\"valueRequired\":true,\"valueName\":\"search_term_string\"}}],\"inLanguage\":\"fr-FR\"},{\"@type\":\"Organization\",\"@id\":\"https:\\\/\\\/alpen-markt.ch\\\/fr\\\/#organization\",\"name\":\"Alpenmarkt\",\"url\":\"https:\\\/\\\/alpen-markt.ch\\\/fr\\\/\",\"logo\":{\"@type\":\"ImageObject\",\"inLanguage\":\"fr-FR\",\"@id\":\"https:\\\/\\\/alpen-markt.ch\\\/fr\\\/#\\\/schema\\\/logo\\\/image\\\/\",\"url\":\"https:\\\/\\\/alpen-markt.ch\\\/wp-content\\\/uploads\\\/2025\\\/11\\\/logo-alpenmarkt.png\",\"contentUrl\":\"https:\\\/\\\/alpen-markt.ch\\\/wp-content\\\/uploads\\\/2025\\\/11\\\/logo-alpenmarkt.png\",\"width\":1048,\"height\":452,\"caption\":\"Alpenmarkt\"},\"image\":{\"@id\":\"https:\\\/\\\/alpen-markt.ch\\\/fr\\\/#\\\/schema\\\/logo\\\/image\\\/\"}}]}<\/script>\n<!-- \/ Yoast SEO plugin. -->","yoast_head_json":{"title":"\u0152ufs de poules heureuses du Valais (~60-80 g) - Alpenmarkt","robots":{"index":"index","follow":"follow","max-snippet":"max-snippet:-1","max-image-preview":"max-image-preview:large","max-video-preview":"max-video-preview:-1"},"canonical":"https:\/\/alpen-markt.ch\/fr\/produkt\/oeufs-de-poules-heureuses-du-valais-60-80-g\/","og_locale":"fr_FR","og_type":"article","og_title":"\u0152ufs de poules heureuses du Valais (~60-80 g) - Alpenmarkt","og_description":"\u0152ufs de poules \u00e9lev\u00e9es en plein air \u00e0 la ferme bio CotCot \u00e0 Sion, label Bio Knospe CH Sur la deuxi\u00e8me photo, vous pouvez voir les poules en train de picorer parmi les pommiers, d&rsquo;o\u00f9 provient la majeure partie des pommes vendues \u00e0 l&rsquo;Alpenmarkt.","og_url":"https:\/\/alpen-markt.ch\/fr\/produkt\/oeufs-de-poules-heureuses-du-valais-60-80-g\/","og_site_name":"Alpenmarkt","og_image":[{"width":500,"height":500,"url":"https:\/\/alpen-markt.ch\/wp-content\/uploads\/2025\/11\/d73ab8f4-d8b0-4095-8196-b98476972f43.png","type":"image\/png"}],"twitter_card":"summary_large_image","schema":{"@context":"https:\/\/schema.org","@graph":[{"@type":"WebPage","@id":"https:\/\/alpen-markt.ch\/fr\/produkt\/oeufs-de-poules-heureuses-du-valais-60-80-g\/","url":"https:\/\/alpen-markt.ch\/fr\/produkt\/oeufs-de-poules-heureuses-du-valais-60-80-g\/","name":"\u0152ufs de poules heureuses du Valais (~60-80 g) - Alpenmarkt","isPartOf":{"@id":"https:\/\/alpen-markt.ch\/fr\/#website"},"primaryImageOfPage":{"@id":"https:\/\/alpen-markt.ch\/fr\/produkt\/oeufs-de-poules-heureuses-du-valais-60-80-g\/#primaryimage"},"image":{"@id":"https:\/\/alpen-markt.ch\/fr\/produkt\/oeufs-de-poules-heureuses-du-valais-60-80-g\/#primaryimage"},"thumbnailUrl":"https:\/\/alpen-markt.ch\/wp-content\/uploads\/2025\/11\/d73ab8f4-d8b0-4095-8196-b98476972f43.png","datePublished":"2025-11-25T15:50:35+00:00","breadcrumb":{"@id":"https:\/\/alpen-markt.ch\/fr\/produkt\/oeufs-de-poules-heureuses-du-valais-60-80-g\/#breadcrumb"},"inLanguage":"fr-FR","potentialAction":[{"@type":"ReadAction","target":["https:\/\/alpen-markt.ch\/fr\/produkt\/oeufs-de-poules-heureuses-du-valais-60-80-g\/"]}]},{"@type":"ImageObject","inLanguage":"fr-FR","@id":"https:\/\/alpen-markt.ch\/fr\/produkt\/oeufs-de-poules-heureuses-du-valais-60-80-g\/#primaryimage","url":"https:\/\/alpen-markt.ch\/wp-content\/uploads\/2025\/11\/d73ab8f4-d8b0-4095-8196-b98476972f43.png","contentUrl":"https:\/\/alpen-markt.ch\/wp-content\/uploads\/2025\/11\/d73ab8f4-d8b0-4095-8196-b98476972f43.png","width":500,"height":500},{"@type":"BreadcrumbList","@id":"https:\/\/alpen-markt.ch\/fr\/produkt\/oeufs-de-poules-heureuses-du-valais-60-80-g\/#breadcrumb","itemListElement":[{"@type":"ListItem","position":1,"name":"Startseite","item":"https:\/\/alpen-markt.ch\/fr\/home\/"},{"@type":"ListItem","position":2,"name":"Boutique en ligne","item":"https:\/\/alpen-markt.ch\/fr\/boutique-en-ligne\/"},{"@type":"ListItem","position":3,"name":"\u0152ufs de poules heureuses du Valais (~60-80 g)"}]},{"@type":"WebSite","@id":"https:\/\/alpen-markt.ch\/fr\/#website","url":"https:\/\/alpen-markt.ch\/fr\/","name":"Alpenmarkt","description":"","publisher":{"@id":"https:\/\/alpen-markt.ch\/fr\/#organization"},"potentialAction":[{"@type":"SearchAction","target":{"@type":"EntryPoint","urlTemplate":"https:\/\/alpen-markt.ch\/fr\/?s={search_term_string}"},"query-input":{"@type":"PropertyValueSpecification","valueRequired":true,"valueName":"search_term_string"}}],"inLanguage":"fr-FR"},{"@type":"Organization","@id":"https:\/\/alpen-markt.ch\/fr\/#organization","name":"Alpenmarkt","url":"https:\/\/alpen-markt.ch\/fr\/","logo":{"@type":"ImageObject","inLanguage":"fr-FR","@id":"https:\/\/alpen-markt.ch\/fr\/#\/schema\/logo\/image\/","url":"https:\/\/alpen-markt.ch\/wp-content\/uploads\/2025\/11\/logo-alpenmarkt.png","contentUrl":"https:\/\/alpen-markt.ch\/wp-content\/uploads\/2025\/11\/logo-alpenmarkt.png","width":1048,"height":452,"caption":"Alpenmarkt"},"image":{"@id":"https:\/\/alpen-markt.ch\/fr\/#\/schema\/logo\/image\/"}}]}},"_links":{"self":[{"href":"https:\/\/alpen-markt.ch\/fr\/wp-json\/wp\/v2\/product\/3943","targetHints":{"allow":["GET"]}}],"collection":[{"href":"https:\/\/alpen-markt.ch\/fr\/wp-json\/wp\/v2\/product"}],"about":[{"href":"https:\/\/alpen-markt.ch\/fr\/wp-json\/wp\/v2\/types\/product"}],"wp:featuredmedia":[{"embeddable":true,"href":"https:\/\/alpen-markt.ch\/fr\/wp-json\/wp\/v2\/media\/3944"}],"wp:attachment":[{"href":"https:\/\/alpen-markt.ch\/fr\/wp-json\/wp\/v2\/media?parent=3943"}],"wp:term":[{"taxonomy":"product_brand","embeddable":true,"href":"https:\/\/alpen-markt.ch\/fr\/wp-json\/wp\/v2\/product_brand?post=3943"},{"taxonomy":"product_cat","embeddable":true,"href":"https:\/\/alpen-markt.ch\/fr\/wp-json\/wp\/v2\/product_cat?post=3943"},{"taxonomy":"product_tag","embeddable":true,"href":"https:\/\/alpen-markt.ch\/fr\/wp-json\/wp\/v2\/product_tag?post=3943"}],"curies":[{"name":"wp","href":"https:\/\/api.w.org\/{rel}","templated":true}]}}