{"id":3939,"date":"2025-11-25T16:50:35","date_gmt":"2025-11-25T15:50:35","guid":{"rendered":"https:\/\/alpen-markt.ch\/produkt\/boulangerie-arnold-barres-aux-cereales-ch\/"},"modified":"2025-11-25T16:50:35","modified_gmt":"2025-11-25T15:50:35","slug":"boulangerie-arnold-barres-aux-cereales-ch","status":"publish","type":"product","link":"https:\/\/alpen-markt.ch\/fr\/produkt\/boulangerie-arnold-barres-aux-cereales-ch\/","title":{"rendered":"Boulangerie Arnold &#8211; Barres aux c\u00e9r\u00e9ales CH"},"content":{"rendered":"<p>Le best-seller r\u00e9gional chez Alpenmarkt &#8211; chez nous \u00e9galement disponible en vrac !<\/p>\n<p>Barres aux c\u00e9r\u00e9ales maison de la boulangerie Arnold \u00e0 Simplondorf, \u00e0 base de flocons d&rsquo;avoine, de canneberges, de graines de lin et de graines de s\u00e9same. Une source d&rsquo;\u00e9nergie pour les d\u00e9placements, que ce soit en \u00e9t\u00e9 lors de randonn\u00e9es ou en hiver lors de sorties en ski de randonn\u00e9e ou en raquettes. <\/p>\n<p>Ingr\u00e9dients : flocons d&rsquo;avoine, sucre, canneberges, figues, beurre, pistaches, graines de s\u00e9same, graines de lin, sirop de glucose, miel, farine de riz, huile v\u00e9g\u00e9tale (huile de tournesol)<\/p>\n<p>Copyright Foto \u00abB\u00e4ckerei Arnold, Simplon Dorf\u00bb<\/p>\n","protected":false},"excerpt":{"rendered":"<p>Le best-seller r\u00e9gional chez Alpenmarkt &#8211; chez nous \u00e9galement disponible en vrac ! Barres aux c\u00e9r\u00e9ales maison de la boulangerie Arnold \u00e0 Simplondorf, \u00e0 base de flocons d&rsquo;avoine, de canneberges, de graines de lin et de graines de s\u00e9same. Une source d&rsquo;\u00e9nergie pour les d\u00e9placements, que ce soit en \u00e9t\u00e9 lors de randonn\u00e9es ou en [&hellip;]<\/p>\n","protected":false},"featured_media":3940,"template":"","meta":[],"product_brand":[],"product_cat":[82],"product_tag":[],"class_list":{"0":"post-3939","1":"product","2":"type-product","3":"status-publish","4":"has-post-thumbnail","6":"product_cat-gouter-aliments-de-la-region-alpine","8":"first","9":"instock","10":"taxable","11":"shipping-taxable","12":"purchasable","13":"product-type-simple"},"yoast_head":"<!-- This site is optimized with the Yoast SEO plugin v27.5 - https:\/\/yoast.com\/product\/yoast-seo-wordpress\/ -->\n<title>Boulangerie Arnold - Barres aux c\u00e9r\u00e9ales CH - Alpenmarkt<\/title>\n<meta name=\"robots\" content=\"index, follow, max-snippet:-1, max-image-preview:large, max-video-preview:-1\" \/>\n<link rel=\"canonical\" href=\"https:\/\/alpen-markt.ch\/fr\/produkt\/boulangerie-arnold-barres-aux-cereales-ch\/\" \/>\n<meta property=\"og:locale\" content=\"fr_FR\" \/>\n<meta property=\"og:type\" content=\"article\" \/>\n<meta property=\"og:title\" content=\"Boulangerie Arnold - Barres aux c\u00e9r\u00e9ales CH - Alpenmarkt\" \/>\n<meta property=\"og:description\" content=\"Le best-seller r\u00e9gional chez Alpenmarkt &#8211; chez nous \u00e9galement disponible en vrac ! Barres aux c\u00e9r\u00e9ales maison de la boulangerie Arnold \u00e0 Simplondorf, \u00e0 base de flocons d&rsquo;avoine, de canneberges, de graines de lin et de graines de s\u00e9same. Une source d&rsquo;\u00e9nergie pour les d\u00e9placements, que ce soit en \u00e9t\u00e9 lors de randonn\u00e9es ou en [&hellip;]\" \/>\n<meta property=\"og:url\" content=\"https:\/\/alpen-markt.ch\/fr\/produkt\/boulangerie-arnold-barres-aux-cereales-ch\/\" \/>\n<meta property=\"og:site_name\" content=\"Alpenmarkt\" \/>\n<meta property=\"og:image\" content=\"https:\/\/alpen-markt.ch\/wp-content\/uploads\/2025\/11\/3a3fb23f-caef-431e-954e-5f6311449916.png\" \/>\n\t<meta property=\"og:image:width\" content=\"500\" \/>\n\t<meta property=\"og:image:height\" content=\"500\" \/>\n\t<meta property=\"og:image:type\" content=\"image\/png\" \/>\n<meta name=\"twitter:card\" content=\"summary_large_image\" \/>\n<meta name=\"twitter:label1\" content=\"Dur\u00e9e de lecture estim\u00e9e\" \/>\n\t<meta name=\"twitter:data1\" content=\"1 minute\" \/>\n<script type=\"application\/ld+json\" class=\"yoast-schema-graph\">{\"@context\":\"https:\\\/\\\/schema.org\",\"@graph\":[{\"@type\":\"WebPage\",\"@id\":\"https:\\\/\\\/alpen-markt.ch\\\/fr\\\/produkt\\\/boulangerie-arnold-barres-aux-cereales-ch\\\/\",\"url\":\"https:\\\/\\\/alpen-markt.ch\\\/fr\\\/produkt\\\/boulangerie-arnold-barres-aux-cereales-ch\\\/\",\"name\":\"Boulangerie Arnold - Barres aux c\u00e9r\u00e9ales CH - Alpenmarkt\",\"isPartOf\":{\"@id\":\"https:\\\/\\\/alpen-markt.ch\\\/fr\\\/#website\"},\"primaryImageOfPage\":{\"@id\":\"https:\\\/\\\/alpen-markt.ch\\\/fr\\\/produkt\\\/boulangerie-arnold-barres-aux-cereales-ch\\\/#primaryimage\"},\"image\":{\"@id\":\"https:\\\/\\\/alpen-markt.ch\\\/fr\\\/produkt\\\/boulangerie-arnold-barres-aux-cereales-ch\\\/#primaryimage\"},\"thumbnailUrl\":\"https:\\\/\\\/alpen-markt.ch\\\/wp-content\\\/uploads\\\/2025\\\/11\\\/3a3fb23f-caef-431e-954e-5f6311449916.png\",\"datePublished\":\"2025-11-25T15:50:35+00:00\",\"breadcrumb\":{\"@id\":\"https:\\\/\\\/alpen-markt.ch\\\/fr\\\/produkt\\\/boulangerie-arnold-barres-aux-cereales-ch\\\/#breadcrumb\"},\"inLanguage\":\"fr-FR\",\"potentialAction\":[{\"@type\":\"ReadAction\",\"target\":[\"https:\\\/\\\/alpen-markt.ch\\\/fr\\\/produkt\\\/boulangerie-arnold-barres-aux-cereales-ch\\\/\"]}]},{\"@type\":\"ImageObject\",\"inLanguage\":\"fr-FR\",\"@id\":\"https:\\\/\\\/alpen-markt.ch\\\/fr\\\/produkt\\\/boulangerie-arnold-barres-aux-cereales-ch\\\/#primaryimage\",\"url\":\"https:\\\/\\\/alpen-markt.ch\\\/wp-content\\\/uploads\\\/2025\\\/11\\\/3a3fb23f-caef-431e-954e-5f6311449916.png\",\"contentUrl\":\"https:\\\/\\\/alpen-markt.ch\\\/wp-content\\\/uploads\\\/2025\\\/11\\\/3a3fb23f-caef-431e-954e-5f6311449916.png\",\"width\":500,\"height\":500},{\"@type\":\"BreadcrumbList\",\"@id\":\"https:\\\/\\\/alpen-markt.ch\\\/fr\\\/produkt\\\/boulangerie-arnold-barres-aux-cereales-ch\\\/#breadcrumb\",\"itemListElement\":[{\"@type\":\"ListItem\",\"position\":1,\"name\":\"Startseite\",\"item\":\"https:\\\/\\\/alpen-markt.ch\\\/fr\\\/home\\\/\"},{\"@type\":\"ListItem\",\"position\":2,\"name\":\"Boutique en ligne\",\"item\":\"https:\\\/\\\/alpen-markt.ch\\\/fr\\\/boutique-en-ligne\\\/\"},{\"@type\":\"ListItem\",\"position\":3,\"name\":\"Boulangerie Arnold &#8211; Barres aux c\u00e9r\u00e9ales CH\"}]},{\"@type\":\"WebSite\",\"@id\":\"https:\\\/\\\/alpen-markt.ch\\\/fr\\\/#website\",\"url\":\"https:\\\/\\\/alpen-markt.ch\\\/fr\\\/\",\"name\":\"Alpenmarkt\",\"description\":\"\",\"publisher\":{\"@id\":\"https:\\\/\\\/alpen-markt.ch\\\/fr\\\/#organization\"},\"potentialAction\":[{\"@type\":\"SearchAction\",\"target\":{\"@type\":\"EntryPoint\",\"urlTemplate\":\"https:\\\/\\\/alpen-markt.ch\\\/fr\\\/?s={search_term_string}\"},\"query-input\":{\"@type\":\"PropertyValueSpecification\",\"valueRequired\":true,\"valueName\":\"search_term_string\"}}],\"inLanguage\":\"fr-FR\"},{\"@type\":\"Organization\",\"@id\":\"https:\\\/\\\/alpen-markt.ch\\\/fr\\\/#organization\",\"name\":\"Alpenmarkt\",\"url\":\"https:\\\/\\\/alpen-markt.ch\\\/fr\\\/\",\"logo\":{\"@type\":\"ImageObject\",\"inLanguage\":\"fr-FR\",\"@id\":\"https:\\\/\\\/alpen-markt.ch\\\/fr\\\/#\\\/schema\\\/logo\\\/image\\\/\",\"url\":\"https:\\\/\\\/alpen-markt.ch\\\/wp-content\\\/uploads\\\/2025\\\/11\\\/logo-alpenmarkt.png\",\"contentUrl\":\"https:\\\/\\\/alpen-markt.ch\\\/wp-content\\\/uploads\\\/2025\\\/11\\\/logo-alpenmarkt.png\",\"width\":1048,\"height\":452,\"caption\":\"Alpenmarkt\"},\"image\":{\"@id\":\"https:\\\/\\\/alpen-markt.ch\\\/fr\\\/#\\\/schema\\\/logo\\\/image\\\/\"}}]}<\/script>\n<!-- \/ Yoast SEO plugin. -->","yoast_head_json":{"title":"Boulangerie Arnold - Barres aux c\u00e9r\u00e9ales CH - Alpenmarkt","robots":{"index":"index","follow":"follow","max-snippet":"max-snippet:-1","max-image-preview":"max-image-preview:large","max-video-preview":"max-video-preview:-1"},"canonical":"https:\/\/alpen-markt.ch\/fr\/produkt\/boulangerie-arnold-barres-aux-cereales-ch\/","og_locale":"fr_FR","og_type":"article","og_title":"Boulangerie Arnold - Barres aux c\u00e9r\u00e9ales CH - Alpenmarkt","og_description":"Le best-seller r\u00e9gional chez Alpenmarkt &#8211; chez nous \u00e9galement disponible en vrac ! Barres aux c\u00e9r\u00e9ales maison de la boulangerie Arnold \u00e0 Simplondorf, \u00e0 base de flocons d&rsquo;avoine, de canneberges, de graines de lin et de graines de s\u00e9same. Une source d&rsquo;\u00e9nergie pour les d\u00e9placements, que ce soit en \u00e9t\u00e9 lors de randonn\u00e9es ou en [&hellip;]","og_url":"https:\/\/alpen-markt.ch\/fr\/produkt\/boulangerie-arnold-barres-aux-cereales-ch\/","og_site_name":"Alpenmarkt","og_image":[{"width":500,"height":500,"url":"https:\/\/alpen-markt.ch\/wp-content\/uploads\/2025\/11\/3a3fb23f-caef-431e-954e-5f6311449916.png","type":"image\/png"}],"twitter_card":"summary_large_image","twitter_misc":{"Dur\u00e9e de lecture estim\u00e9e":"1 minute"},"schema":{"@context":"https:\/\/schema.org","@graph":[{"@type":"WebPage","@id":"https:\/\/alpen-markt.ch\/fr\/produkt\/boulangerie-arnold-barres-aux-cereales-ch\/","url":"https:\/\/alpen-markt.ch\/fr\/produkt\/boulangerie-arnold-barres-aux-cereales-ch\/","name":"Boulangerie Arnold - Barres aux c\u00e9r\u00e9ales CH - Alpenmarkt","isPartOf":{"@id":"https:\/\/alpen-markt.ch\/fr\/#website"},"primaryImageOfPage":{"@id":"https:\/\/alpen-markt.ch\/fr\/produkt\/boulangerie-arnold-barres-aux-cereales-ch\/#primaryimage"},"image":{"@id":"https:\/\/alpen-markt.ch\/fr\/produkt\/boulangerie-arnold-barres-aux-cereales-ch\/#primaryimage"},"thumbnailUrl":"https:\/\/alpen-markt.ch\/wp-content\/uploads\/2025\/11\/3a3fb23f-caef-431e-954e-5f6311449916.png","datePublished":"2025-11-25T15:50:35+00:00","breadcrumb":{"@id":"https:\/\/alpen-markt.ch\/fr\/produkt\/boulangerie-arnold-barres-aux-cereales-ch\/#breadcrumb"},"inLanguage":"fr-FR","potentialAction":[{"@type":"ReadAction","target":["https:\/\/alpen-markt.ch\/fr\/produkt\/boulangerie-arnold-barres-aux-cereales-ch\/"]}]},{"@type":"ImageObject","inLanguage":"fr-FR","@id":"https:\/\/alpen-markt.ch\/fr\/produkt\/boulangerie-arnold-barres-aux-cereales-ch\/#primaryimage","url":"https:\/\/alpen-markt.ch\/wp-content\/uploads\/2025\/11\/3a3fb23f-caef-431e-954e-5f6311449916.png","contentUrl":"https:\/\/alpen-markt.ch\/wp-content\/uploads\/2025\/11\/3a3fb23f-caef-431e-954e-5f6311449916.png","width":500,"height":500},{"@type":"BreadcrumbList","@id":"https:\/\/alpen-markt.ch\/fr\/produkt\/boulangerie-arnold-barres-aux-cereales-ch\/#breadcrumb","itemListElement":[{"@type":"ListItem","position":1,"name":"Startseite","item":"https:\/\/alpen-markt.ch\/fr\/home\/"},{"@type":"ListItem","position":2,"name":"Boutique en ligne","item":"https:\/\/alpen-markt.ch\/fr\/boutique-en-ligne\/"},{"@type":"ListItem","position":3,"name":"Boulangerie Arnold &#8211; Barres aux c\u00e9r\u00e9ales CH"}]},{"@type":"WebSite","@id":"https:\/\/alpen-markt.ch\/fr\/#website","url":"https:\/\/alpen-markt.ch\/fr\/","name":"Alpenmarkt","description":"","publisher":{"@id":"https:\/\/alpen-markt.ch\/fr\/#organization"},"potentialAction":[{"@type":"SearchAction","target":{"@type":"EntryPoint","urlTemplate":"https:\/\/alpen-markt.ch\/fr\/?s={search_term_string}"},"query-input":{"@type":"PropertyValueSpecification","valueRequired":true,"valueName":"search_term_string"}}],"inLanguage":"fr-FR"},{"@type":"Organization","@id":"https:\/\/alpen-markt.ch\/fr\/#organization","name":"Alpenmarkt","url":"https:\/\/alpen-markt.ch\/fr\/","logo":{"@type":"ImageObject","inLanguage":"fr-FR","@id":"https:\/\/alpen-markt.ch\/fr\/#\/schema\/logo\/image\/","url":"https:\/\/alpen-markt.ch\/wp-content\/uploads\/2025\/11\/logo-alpenmarkt.png","contentUrl":"https:\/\/alpen-markt.ch\/wp-content\/uploads\/2025\/11\/logo-alpenmarkt.png","width":1048,"height":452,"caption":"Alpenmarkt"},"image":{"@id":"https:\/\/alpen-markt.ch\/fr\/#\/schema\/logo\/image\/"}}]}},"_links":{"self":[{"href":"https:\/\/alpen-markt.ch\/fr\/wp-json\/wp\/v2\/product\/3939","targetHints":{"allow":["GET"]}}],"collection":[{"href":"https:\/\/alpen-markt.ch\/fr\/wp-json\/wp\/v2\/product"}],"about":[{"href":"https:\/\/alpen-markt.ch\/fr\/wp-json\/wp\/v2\/types\/product"}],"wp:featuredmedia":[{"embeddable":true,"href":"https:\/\/alpen-markt.ch\/fr\/wp-json\/wp\/v2\/media\/3940"}],"wp:attachment":[{"href":"https:\/\/alpen-markt.ch\/fr\/wp-json\/wp\/v2\/media?parent=3939"}],"wp:term":[{"taxonomy":"product_brand","embeddable":true,"href":"https:\/\/alpen-markt.ch\/fr\/wp-json\/wp\/v2\/product_brand?post=3939"},{"taxonomy":"product_cat","embeddable":true,"href":"https:\/\/alpen-markt.ch\/fr\/wp-json\/wp\/v2\/product_cat?post=3939"},{"taxonomy":"product_tag","embeddable":true,"href":"https:\/\/alpen-markt.ch\/fr\/wp-json\/wp\/v2\/product_tag?post=3939"}],"curies":[{"name":"wp","href":"https:\/\/api.w.org\/{rel}","templated":true}]}}