{"id":3886,"date":"2025-11-25T16:50:34","date_gmt":"2025-11-25T15:50:34","guid":{"rendered":"https:\/\/alpen-markt.ch\/produkt\/chutney-dabricots\/"},"modified":"2025-11-25T16:50:34","modified_gmt":"2025-11-25T15:50:34","slug":"chutney-dabricots","status":"publish","type":"product","link":"https:\/\/alpen-markt.ch\/fr\/produkt\/chutney-dabricots\/","title":{"rendered":"chutney d&rsquo;abricots"},"content":{"rendered":"<p>D\u00e9lices de l&rsquo;Erner Speisewerk de Klaus Leuenberger<\/p>\n<p>Le chutney est une sauce semblable \u00e0 une confiture dont les origines remontent \u00e0 la cuisine indienne du Ve si\u00e8cle avant J.-C. Il est servi en accompagnement de plats \u00e9pic\u00e9s. Il est g\u00e9n\u00e9ralement compos\u00e9 de fruits, de l\u00e9gumes et d&rsquo;\u00e9pices qui lui conf\u00e8rent des saveurs allant du sucr\u00e9-acidul\u00e9 au piquant. Klaus Leuenberger r\u00e9interpr\u00e8te le chutney pour la cuisine locale, en utilisant des ingr\u00e9dients r\u00e9gionaux de saison.  <\/p>\n<p>Conserver dans un endroit frais et sec. Apr\u00e8s l&rsquo;ouverture conserver au r\u00e9frig\u00e9rateur et consommer dans les 6 semaines. <\/p>\n<p>Ingr\u00e9dients : abricots*, oignons*, concombres\u00a0\u00bb, vinaigre de cidre\u00a0\u00bb, sucre, graines de colza, sel*, \u00e9pices<br \/>\n* ingr\u00e9dients provenant du Valais<\/p>\n","protected":false},"excerpt":{"rendered":"<p>D\u00e9lices de l&rsquo;Erner Speisewerk de Klaus Leuenberger Le chutney est une sauce semblable \u00e0 une confiture dont les origines remontent \u00e0 la cuisine indienne du Ve si\u00e8cle avant J.-C. Il est servi en accompagnement de plats \u00e9pic\u00e9s. Il est g\u00e9n\u00e9ralement compos\u00e9 de fruits, de l\u00e9gumes et d&rsquo;\u00e9pices qui lui conf\u00e8rent des saveurs allant du sucr\u00e9-acidul\u00e9 [&hellip;]<\/p>\n","protected":false},"featured_media":3887,"template":"","meta":[],"product_brand":[],"product_cat":[82],"product_tag":[],"class_list":{"0":"post-3886","1":"product","2":"type-product","3":"status-publish","4":"has-post-thumbnail","6":"product_cat-gouter-aliments-de-la-region-alpine","8":"first","9":"instock","10":"taxable","11":"shipping-taxable","12":"purchasable","13":"product-type-simple"},"yoast_head":"<!-- This site is optimized with the Yoast SEO plugin v27.4 - https:\/\/yoast.com\/product\/yoast-seo-wordpress\/ -->\n<title>chutney d&#039;abricots - Alpenmarkt<\/title>\n<meta name=\"robots\" content=\"index, follow, max-snippet:-1, max-image-preview:large, max-video-preview:-1\" \/>\n<link rel=\"canonical\" href=\"https:\/\/alpen-markt.ch\/fr\/produkt\/chutney-dabricots\/\" \/>\n<meta property=\"og:locale\" content=\"fr_FR\" \/>\n<meta property=\"og:type\" content=\"article\" \/>\n<meta property=\"og:title\" content=\"chutney d&#039;abricots - Alpenmarkt\" \/>\n<meta property=\"og:description\" content=\"D\u00e9lices de l&rsquo;Erner Speisewerk de Klaus Leuenberger Le chutney est une sauce semblable \u00e0 une confiture dont les origines remontent \u00e0 la cuisine indienne du Ve si\u00e8cle avant J.-C. Il est servi en accompagnement de plats \u00e9pic\u00e9s. Il est g\u00e9n\u00e9ralement compos\u00e9 de fruits, de l\u00e9gumes et d&rsquo;\u00e9pices qui lui conf\u00e8rent des saveurs allant du sucr\u00e9-acidul\u00e9 [&hellip;]\" \/>\n<meta property=\"og:url\" content=\"https:\/\/alpen-markt.ch\/fr\/produkt\/chutney-dabricots\/\" \/>\n<meta property=\"og:site_name\" content=\"Alpenmarkt\" \/>\n<meta property=\"og:image\" content=\"https:\/\/alpen-markt.ch\/wp-content\/uploads\/2025\/11\/962bdf0a-aa69-4ba6-a576-1e8eff5a6780.png\" \/>\n\t<meta property=\"og:image:width\" content=\"500\" \/>\n\t<meta property=\"og:image:height\" content=\"500\" \/>\n\t<meta property=\"og:image:type\" content=\"image\/png\" \/>\n<meta name=\"twitter:card\" content=\"summary_large_image\" \/>\n<meta name=\"twitter:label1\" content=\"Dur\u00e9e de lecture estim\u00e9e\" \/>\n\t<meta name=\"twitter:data1\" content=\"1 minute\" \/>\n<script type=\"application\/ld+json\" class=\"yoast-schema-graph\">{\"@context\":\"https:\\\/\\\/schema.org\",\"@graph\":[{\"@type\":\"WebPage\",\"@id\":\"https:\\\/\\\/alpen-markt.ch\\\/fr\\\/produkt\\\/chutney-dabricots\\\/\",\"url\":\"https:\\\/\\\/alpen-markt.ch\\\/fr\\\/produkt\\\/chutney-dabricots\\\/\",\"name\":\"chutney d'abricots - Alpenmarkt\",\"isPartOf\":{\"@id\":\"https:\\\/\\\/alpen-markt.ch\\\/fr\\\/#website\"},\"primaryImageOfPage\":{\"@id\":\"https:\\\/\\\/alpen-markt.ch\\\/fr\\\/produkt\\\/chutney-dabricots\\\/#primaryimage\"},\"image\":{\"@id\":\"https:\\\/\\\/alpen-markt.ch\\\/fr\\\/produkt\\\/chutney-dabricots\\\/#primaryimage\"},\"thumbnailUrl\":\"https:\\\/\\\/alpen-markt.ch\\\/wp-content\\\/uploads\\\/2025\\\/11\\\/962bdf0a-aa69-4ba6-a576-1e8eff5a6780.png\",\"datePublished\":\"2025-11-25T15:50:34+00:00\",\"breadcrumb\":{\"@id\":\"https:\\\/\\\/alpen-markt.ch\\\/fr\\\/produkt\\\/chutney-dabricots\\\/#breadcrumb\"},\"inLanguage\":\"fr-FR\",\"potentialAction\":[{\"@type\":\"ReadAction\",\"target\":[\"https:\\\/\\\/alpen-markt.ch\\\/fr\\\/produkt\\\/chutney-dabricots\\\/\"]}]},{\"@type\":\"ImageObject\",\"inLanguage\":\"fr-FR\",\"@id\":\"https:\\\/\\\/alpen-markt.ch\\\/fr\\\/produkt\\\/chutney-dabricots\\\/#primaryimage\",\"url\":\"https:\\\/\\\/alpen-markt.ch\\\/wp-content\\\/uploads\\\/2025\\\/11\\\/962bdf0a-aa69-4ba6-a576-1e8eff5a6780.png\",\"contentUrl\":\"https:\\\/\\\/alpen-markt.ch\\\/wp-content\\\/uploads\\\/2025\\\/11\\\/962bdf0a-aa69-4ba6-a576-1e8eff5a6780.png\",\"width\":500,\"height\":500},{\"@type\":\"BreadcrumbList\",\"@id\":\"https:\\\/\\\/alpen-markt.ch\\\/fr\\\/produkt\\\/chutney-dabricots\\\/#breadcrumb\",\"itemListElement\":[{\"@type\":\"ListItem\",\"position\":1,\"name\":\"Startseite\",\"item\":\"https:\\\/\\\/alpen-markt.ch\\\/fr\\\/home\\\/\"},{\"@type\":\"ListItem\",\"position\":2,\"name\":\"Boutique en ligne\",\"item\":\"https:\\\/\\\/alpen-markt.ch\\\/fr\\\/boutique-en-ligne\\\/\"},{\"@type\":\"ListItem\",\"position\":3,\"name\":\"chutney d&#8217;abricots\"}]},{\"@type\":\"WebSite\",\"@id\":\"https:\\\/\\\/alpen-markt.ch\\\/fr\\\/#website\",\"url\":\"https:\\\/\\\/alpen-markt.ch\\\/fr\\\/\",\"name\":\"Alpenmarkt\",\"description\":\"\",\"publisher\":{\"@id\":\"https:\\\/\\\/alpen-markt.ch\\\/fr\\\/#organization\"},\"potentialAction\":[{\"@type\":\"SearchAction\",\"target\":{\"@type\":\"EntryPoint\",\"urlTemplate\":\"https:\\\/\\\/alpen-markt.ch\\\/fr\\\/?s={search_term_string}\"},\"query-input\":{\"@type\":\"PropertyValueSpecification\",\"valueRequired\":true,\"valueName\":\"search_term_string\"}}],\"inLanguage\":\"fr-FR\"},{\"@type\":\"Organization\",\"@id\":\"https:\\\/\\\/alpen-markt.ch\\\/fr\\\/#organization\",\"name\":\"Alpenmarkt\",\"url\":\"https:\\\/\\\/alpen-markt.ch\\\/fr\\\/\",\"logo\":{\"@type\":\"ImageObject\",\"inLanguage\":\"fr-FR\",\"@id\":\"https:\\\/\\\/alpen-markt.ch\\\/fr\\\/#\\\/schema\\\/logo\\\/image\\\/\",\"url\":\"https:\\\/\\\/alpen-markt.ch\\\/wp-content\\\/uploads\\\/2025\\\/11\\\/logo-alpenmarkt.png\",\"contentUrl\":\"https:\\\/\\\/alpen-markt.ch\\\/wp-content\\\/uploads\\\/2025\\\/11\\\/logo-alpenmarkt.png\",\"width\":1048,\"height\":452,\"caption\":\"Alpenmarkt\"},\"image\":{\"@id\":\"https:\\\/\\\/alpen-markt.ch\\\/fr\\\/#\\\/schema\\\/logo\\\/image\\\/\"}}]}<\/script>\n<!-- \/ Yoast SEO plugin. -->","yoast_head_json":{"title":"chutney d'abricots - Alpenmarkt","robots":{"index":"index","follow":"follow","max-snippet":"max-snippet:-1","max-image-preview":"max-image-preview:large","max-video-preview":"max-video-preview:-1"},"canonical":"https:\/\/alpen-markt.ch\/fr\/produkt\/chutney-dabricots\/","og_locale":"fr_FR","og_type":"article","og_title":"chutney d'abricots - Alpenmarkt","og_description":"D\u00e9lices de l&rsquo;Erner Speisewerk de Klaus Leuenberger Le chutney est une sauce semblable \u00e0 une confiture dont les origines remontent \u00e0 la cuisine indienne du Ve si\u00e8cle avant J.-C. Il est servi en accompagnement de plats \u00e9pic\u00e9s. Il est g\u00e9n\u00e9ralement compos\u00e9 de fruits, de l\u00e9gumes et d&rsquo;\u00e9pices qui lui conf\u00e8rent des saveurs allant du sucr\u00e9-acidul\u00e9 [&hellip;]","og_url":"https:\/\/alpen-markt.ch\/fr\/produkt\/chutney-dabricots\/","og_site_name":"Alpenmarkt","og_image":[{"width":500,"height":500,"url":"https:\/\/alpen-markt.ch\/wp-content\/uploads\/2025\/11\/962bdf0a-aa69-4ba6-a576-1e8eff5a6780.png","type":"image\/png"}],"twitter_card":"summary_large_image","twitter_misc":{"Dur\u00e9e de lecture estim\u00e9e":"1 minute"},"schema":{"@context":"https:\/\/schema.org","@graph":[{"@type":"WebPage","@id":"https:\/\/alpen-markt.ch\/fr\/produkt\/chutney-dabricots\/","url":"https:\/\/alpen-markt.ch\/fr\/produkt\/chutney-dabricots\/","name":"chutney d'abricots - Alpenmarkt","isPartOf":{"@id":"https:\/\/alpen-markt.ch\/fr\/#website"},"primaryImageOfPage":{"@id":"https:\/\/alpen-markt.ch\/fr\/produkt\/chutney-dabricots\/#primaryimage"},"image":{"@id":"https:\/\/alpen-markt.ch\/fr\/produkt\/chutney-dabricots\/#primaryimage"},"thumbnailUrl":"https:\/\/alpen-markt.ch\/wp-content\/uploads\/2025\/11\/962bdf0a-aa69-4ba6-a576-1e8eff5a6780.png","datePublished":"2025-11-25T15:50:34+00:00","breadcrumb":{"@id":"https:\/\/alpen-markt.ch\/fr\/produkt\/chutney-dabricots\/#breadcrumb"},"inLanguage":"fr-FR","potentialAction":[{"@type":"ReadAction","target":["https:\/\/alpen-markt.ch\/fr\/produkt\/chutney-dabricots\/"]}]},{"@type":"ImageObject","inLanguage":"fr-FR","@id":"https:\/\/alpen-markt.ch\/fr\/produkt\/chutney-dabricots\/#primaryimage","url":"https:\/\/alpen-markt.ch\/wp-content\/uploads\/2025\/11\/962bdf0a-aa69-4ba6-a576-1e8eff5a6780.png","contentUrl":"https:\/\/alpen-markt.ch\/wp-content\/uploads\/2025\/11\/962bdf0a-aa69-4ba6-a576-1e8eff5a6780.png","width":500,"height":500},{"@type":"BreadcrumbList","@id":"https:\/\/alpen-markt.ch\/fr\/produkt\/chutney-dabricots\/#breadcrumb","itemListElement":[{"@type":"ListItem","position":1,"name":"Startseite","item":"https:\/\/alpen-markt.ch\/fr\/home\/"},{"@type":"ListItem","position":2,"name":"Boutique en ligne","item":"https:\/\/alpen-markt.ch\/fr\/boutique-en-ligne\/"},{"@type":"ListItem","position":3,"name":"chutney d&#8217;abricots"}]},{"@type":"WebSite","@id":"https:\/\/alpen-markt.ch\/fr\/#website","url":"https:\/\/alpen-markt.ch\/fr\/","name":"Alpenmarkt","description":"","publisher":{"@id":"https:\/\/alpen-markt.ch\/fr\/#organization"},"potentialAction":[{"@type":"SearchAction","target":{"@type":"EntryPoint","urlTemplate":"https:\/\/alpen-markt.ch\/fr\/?s={search_term_string}"},"query-input":{"@type":"PropertyValueSpecification","valueRequired":true,"valueName":"search_term_string"}}],"inLanguage":"fr-FR"},{"@type":"Organization","@id":"https:\/\/alpen-markt.ch\/fr\/#organization","name":"Alpenmarkt","url":"https:\/\/alpen-markt.ch\/fr\/","logo":{"@type":"ImageObject","inLanguage":"fr-FR","@id":"https:\/\/alpen-markt.ch\/fr\/#\/schema\/logo\/image\/","url":"https:\/\/alpen-markt.ch\/wp-content\/uploads\/2025\/11\/logo-alpenmarkt.png","contentUrl":"https:\/\/alpen-markt.ch\/wp-content\/uploads\/2025\/11\/logo-alpenmarkt.png","width":1048,"height":452,"caption":"Alpenmarkt"},"image":{"@id":"https:\/\/alpen-markt.ch\/fr\/#\/schema\/logo\/image\/"}}]}},"_links":{"self":[{"href":"https:\/\/alpen-markt.ch\/fr\/wp-json\/wp\/v2\/product\/3886","targetHints":{"allow":["GET"]}}],"collection":[{"href":"https:\/\/alpen-markt.ch\/fr\/wp-json\/wp\/v2\/product"}],"about":[{"href":"https:\/\/alpen-markt.ch\/fr\/wp-json\/wp\/v2\/types\/product"}],"wp:featuredmedia":[{"embeddable":true,"href":"https:\/\/alpen-markt.ch\/fr\/wp-json\/wp\/v2\/media\/3887"}],"wp:attachment":[{"href":"https:\/\/alpen-markt.ch\/fr\/wp-json\/wp\/v2\/media?parent=3886"}],"wp:term":[{"taxonomy":"product_brand","embeddable":true,"href":"https:\/\/alpen-markt.ch\/fr\/wp-json\/wp\/v2\/product_brand?post=3886"},{"taxonomy":"product_cat","embeddable":true,"href":"https:\/\/alpen-markt.ch\/fr\/wp-json\/wp\/v2\/product_cat?post=3886"},{"taxonomy":"product_tag","embeddable":true,"href":"https:\/\/alpen-markt.ch\/fr\/wp-json\/wp\/v2\/product_tag?post=3886"}],"curies":[{"name":"wp","href":"https:\/\/api.w.org\/{rel}","templated":true}]}}