{"id":3863,"date":"2025-11-25T16:50:45","date_gmt":"2025-11-25T15:50:45","guid":{"rendered":"https:\/\/alpen-markt.ch\/produkt\/heidnisch-bier-choco-porter\/"},"modified":"2025-11-25T16:50:45","modified_gmt":"2025-11-25T15:50:45","slug":"heidnisch-bier-choco-porter","status":"publish","type":"product","link":"https:\/\/alpen-markt.ch\/fr\/produkt\/heidnisch-bier-choco-porter\/","title":{"rendered":"Heidnisch Bier &#8211; Choco Porter"},"content":{"rendered":"<p>Une bi\u00e8re artisanale l\u00e9gendaire du Haut-Valais<\/p>\n<p>Avec un EBC de 92, notre Choco Porter est presque aussi noire que le \u00ab Gaaggu \u00bb qui orne notre logo. Gr\u00e2ce \u00e0 diff\u00e9rents types de malt torr\u00e9fi\u00e9 et sp\u00e9cial, la Choco Porter rappelle le go\u00fbt du chocolat noir, du caramel et du caf\u00e9 noir. Le houblon traditionnel anglais East Kent Goldings \u00e9quilibre la teneur en alcool de 6 % avec un ar\u00f4me discret. La Choco Porter est une bi\u00e8re ronde et facile \u00e0 boire, qui accompagne id\u00e9alement les plats copieux ou les desserts sucr\u00e9s.   <\/p>\n<p>Ingr\u00e9dients : eau, malt d&rsquo;orge, malt de bl\u00e9, houblon, levure<\/p>\n<p>DENSITE 14,1\u00b0P<br \/>\nTENEUR EN ALCOOL 6,0 %<br \/>\nTEMP\u00c9RATURE DE D\u00c9GUSTATION 8-10 \u00b0C<br \/>\nIBU 33<\/p>\n<p>Ce produit est soumis \u00e0 la protection des mineurs, aucune vente aux moins de 16 ans.<br \/>\nRetrait sur place contre pr\u00e9sentation d&rsquo;une pi\u00e8ce d&rsquo;identit\u00e9<br \/>\nExp\u00e9dition uniquement contre appel vid\u00e9o inclus transmis copie d&rsquo;une officielle pi\u00e8ce d&rsquo;identit\u00e9.<\/p>\n","protected":false},"excerpt":{"rendered":"<p>Une bi\u00e8re artisanale l\u00e9gendaire du Haut-Valais Avec un EBC de 92, notre Choco Porter est presque aussi noire que le \u00ab Gaaggu \u00bb qui orne notre logo. Gr\u00e2ce \u00e0 diff\u00e9rents types de malt torr\u00e9fi\u00e9 et sp\u00e9cial, la Choco Porter rappelle le go\u00fbt du chocolat noir, du caramel et du caf\u00e9 noir. Le houblon traditionnel anglais [&hellip;]<\/p>\n","protected":false},"featured_media":3864,"template":"","meta":[],"product_brand":[],"product_cat":[80],"product_tag":[],"class_list":{"0":"post-3863","1":"product","2":"type-product","3":"status-publish","4":"has-post-thumbnail","6":"product_cat-a-votre-sante-boissons-de-la-region-alpine","8":"first","9":"instock","10":"taxable","11":"shipping-taxable","12":"purchasable","13":"product-type-simple"},"yoast_head":"<!-- This site is optimized with the Yoast SEO plugin v27.4 - https:\/\/yoast.com\/product\/yoast-seo-wordpress\/ -->\n<title>Heidnisch Bier - Choco Porter - Alpenmarkt<\/title>\n<meta name=\"robots\" content=\"index, follow, max-snippet:-1, max-image-preview:large, max-video-preview:-1\" \/>\n<link rel=\"canonical\" href=\"https:\/\/alpen-markt.ch\/fr\/produkt\/heidnisch-bier-choco-porter\/\" \/>\n<meta property=\"og:locale\" content=\"fr_FR\" \/>\n<meta property=\"og:type\" content=\"article\" \/>\n<meta property=\"og:title\" content=\"Heidnisch Bier - Choco Porter - Alpenmarkt\" \/>\n<meta property=\"og:description\" content=\"Une bi\u00e8re artisanale l\u00e9gendaire du Haut-Valais Avec un EBC de 92, notre Choco Porter est presque aussi noire que le \u00ab Gaaggu \u00bb qui orne notre logo. Gr\u00e2ce \u00e0 diff\u00e9rents types de malt torr\u00e9fi\u00e9 et sp\u00e9cial, la Choco Porter rappelle le go\u00fbt du chocolat noir, du caramel et du caf\u00e9 noir. Le houblon traditionnel anglais [&hellip;]\" \/>\n<meta property=\"og:url\" content=\"https:\/\/alpen-markt.ch\/fr\/produkt\/heidnisch-bier-choco-porter\/\" \/>\n<meta property=\"og:site_name\" content=\"Alpenmarkt\" \/>\n<meta property=\"og:image\" content=\"https:\/\/alpen-markt.ch\/wp-content\/uploads\/2025\/11\/1e7618c6-b00b-4ca5-8ee1-e25e1c2911e9.png\" \/>\n\t<meta property=\"og:image:width\" content=\"500\" \/>\n\t<meta property=\"og:image:height\" content=\"500\" \/>\n\t<meta property=\"og:image:type\" content=\"image\/png\" \/>\n<meta name=\"twitter:card\" content=\"summary_large_image\" \/>\n<meta name=\"twitter:label1\" content=\"Dur\u00e9e de lecture estim\u00e9e\" \/>\n\t<meta name=\"twitter:data1\" content=\"1 minute\" \/>\n<script type=\"application\/ld+json\" class=\"yoast-schema-graph\">{\"@context\":\"https:\\\/\\\/schema.org\",\"@graph\":[{\"@type\":\"WebPage\",\"@id\":\"https:\\\/\\\/alpen-markt.ch\\\/fr\\\/produkt\\\/heidnisch-bier-choco-porter\\\/\",\"url\":\"https:\\\/\\\/alpen-markt.ch\\\/fr\\\/produkt\\\/heidnisch-bier-choco-porter\\\/\",\"name\":\"Heidnisch Bier - Choco Porter - Alpenmarkt\",\"isPartOf\":{\"@id\":\"https:\\\/\\\/alpen-markt.ch\\\/fr\\\/#website\"},\"primaryImageOfPage\":{\"@id\":\"https:\\\/\\\/alpen-markt.ch\\\/fr\\\/produkt\\\/heidnisch-bier-choco-porter\\\/#primaryimage\"},\"image\":{\"@id\":\"https:\\\/\\\/alpen-markt.ch\\\/fr\\\/produkt\\\/heidnisch-bier-choco-porter\\\/#primaryimage\"},\"thumbnailUrl\":\"https:\\\/\\\/alpen-markt.ch\\\/wp-content\\\/uploads\\\/2025\\\/11\\\/1e7618c6-b00b-4ca5-8ee1-e25e1c2911e9.png\",\"datePublished\":\"2025-11-25T15:50:45+00:00\",\"breadcrumb\":{\"@id\":\"https:\\\/\\\/alpen-markt.ch\\\/fr\\\/produkt\\\/heidnisch-bier-choco-porter\\\/#breadcrumb\"},\"inLanguage\":\"fr-FR\",\"potentialAction\":[{\"@type\":\"ReadAction\",\"target\":[\"https:\\\/\\\/alpen-markt.ch\\\/fr\\\/produkt\\\/heidnisch-bier-choco-porter\\\/\"]}]},{\"@type\":\"ImageObject\",\"inLanguage\":\"fr-FR\",\"@id\":\"https:\\\/\\\/alpen-markt.ch\\\/fr\\\/produkt\\\/heidnisch-bier-choco-porter\\\/#primaryimage\",\"url\":\"https:\\\/\\\/alpen-markt.ch\\\/wp-content\\\/uploads\\\/2025\\\/11\\\/1e7618c6-b00b-4ca5-8ee1-e25e1c2911e9.png\",\"contentUrl\":\"https:\\\/\\\/alpen-markt.ch\\\/wp-content\\\/uploads\\\/2025\\\/11\\\/1e7618c6-b00b-4ca5-8ee1-e25e1c2911e9.png\",\"width\":500,\"height\":500},{\"@type\":\"BreadcrumbList\",\"@id\":\"https:\\\/\\\/alpen-markt.ch\\\/fr\\\/produkt\\\/heidnisch-bier-choco-porter\\\/#breadcrumb\",\"itemListElement\":[{\"@type\":\"ListItem\",\"position\":1,\"name\":\"Startseite\",\"item\":\"https:\\\/\\\/alpen-markt.ch\\\/fr\\\/home\\\/\"},{\"@type\":\"ListItem\",\"position\":2,\"name\":\"Boutique en ligne\",\"item\":\"https:\\\/\\\/alpen-markt.ch\\\/fr\\\/boutique-en-ligne\\\/\"},{\"@type\":\"ListItem\",\"position\":3,\"name\":\"Heidnisch Bier &#8211; Choco Porter\"}]},{\"@type\":\"WebSite\",\"@id\":\"https:\\\/\\\/alpen-markt.ch\\\/fr\\\/#website\",\"url\":\"https:\\\/\\\/alpen-markt.ch\\\/fr\\\/\",\"name\":\"Alpenmarkt\",\"description\":\"\",\"publisher\":{\"@id\":\"https:\\\/\\\/alpen-markt.ch\\\/fr\\\/#organization\"},\"potentialAction\":[{\"@type\":\"SearchAction\",\"target\":{\"@type\":\"EntryPoint\",\"urlTemplate\":\"https:\\\/\\\/alpen-markt.ch\\\/fr\\\/?s={search_term_string}\"},\"query-input\":{\"@type\":\"PropertyValueSpecification\",\"valueRequired\":true,\"valueName\":\"search_term_string\"}}],\"inLanguage\":\"fr-FR\"},{\"@type\":\"Organization\",\"@id\":\"https:\\\/\\\/alpen-markt.ch\\\/fr\\\/#organization\",\"name\":\"Alpenmarkt\",\"url\":\"https:\\\/\\\/alpen-markt.ch\\\/fr\\\/\",\"logo\":{\"@type\":\"ImageObject\",\"inLanguage\":\"fr-FR\",\"@id\":\"https:\\\/\\\/alpen-markt.ch\\\/fr\\\/#\\\/schema\\\/logo\\\/image\\\/\",\"url\":\"https:\\\/\\\/alpen-markt.ch\\\/wp-content\\\/uploads\\\/2025\\\/11\\\/logo-alpenmarkt.png\",\"contentUrl\":\"https:\\\/\\\/alpen-markt.ch\\\/wp-content\\\/uploads\\\/2025\\\/11\\\/logo-alpenmarkt.png\",\"width\":1048,\"height\":452,\"caption\":\"Alpenmarkt\"},\"image\":{\"@id\":\"https:\\\/\\\/alpen-markt.ch\\\/fr\\\/#\\\/schema\\\/logo\\\/image\\\/\"}}]}<\/script>\n<!-- \/ Yoast SEO plugin. -->","yoast_head_json":{"title":"Heidnisch Bier - Choco Porter - Alpenmarkt","robots":{"index":"index","follow":"follow","max-snippet":"max-snippet:-1","max-image-preview":"max-image-preview:large","max-video-preview":"max-video-preview:-1"},"canonical":"https:\/\/alpen-markt.ch\/fr\/produkt\/heidnisch-bier-choco-porter\/","og_locale":"fr_FR","og_type":"article","og_title":"Heidnisch Bier - Choco Porter - Alpenmarkt","og_description":"Une bi\u00e8re artisanale l\u00e9gendaire du Haut-Valais Avec un EBC de 92, notre Choco Porter est presque aussi noire que le \u00ab Gaaggu \u00bb qui orne notre logo. Gr\u00e2ce \u00e0 diff\u00e9rents types de malt torr\u00e9fi\u00e9 et sp\u00e9cial, la Choco Porter rappelle le go\u00fbt du chocolat noir, du caramel et du caf\u00e9 noir. Le houblon traditionnel anglais [&hellip;]","og_url":"https:\/\/alpen-markt.ch\/fr\/produkt\/heidnisch-bier-choco-porter\/","og_site_name":"Alpenmarkt","og_image":[{"width":500,"height":500,"url":"https:\/\/alpen-markt.ch\/wp-content\/uploads\/2025\/11\/1e7618c6-b00b-4ca5-8ee1-e25e1c2911e9.png","type":"image\/png"}],"twitter_card":"summary_large_image","twitter_misc":{"Dur\u00e9e de lecture estim\u00e9e":"1 minute"},"schema":{"@context":"https:\/\/schema.org","@graph":[{"@type":"WebPage","@id":"https:\/\/alpen-markt.ch\/fr\/produkt\/heidnisch-bier-choco-porter\/","url":"https:\/\/alpen-markt.ch\/fr\/produkt\/heidnisch-bier-choco-porter\/","name":"Heidnisch Bier - Choco Porter - Alpenmarkt","isPartOf":{"@id":"https:\/\/alpen-markt.ch\/fr\/#website"},"primaryImageOfPage":{"@id":"https:\/\/alpen-markt.ch\/fr\/produkt\/heidnisch-bier-choco-porter\/#primaryimage"},"image":{"@id":"https:\/\/alpen-markt.ch\/fr\/produkt\/heidnisch-bier-choco-porter\/#primaryimage"},"thumbnailUrl":"https:\/\/alpen-markt.ch\/wp-content\/uploads\/2025\/11\/1e7618c6-b00b-4ca5-8ee1-e25e1c2911e9.png","datePublished":"2025-11-25T15:50:45+00:00","breadcrumb":{"@id":"https:\/\/alpen-markt.ch\/fr\/produkt\/heidnisch-bier-choco-porter\/#breadcrumb"},"inLanguage":"fr-FR","potentialAction":[{"@type":"ReadAction","target":["https:\/\/alpen-markt.ch\/fr\/produkt\/heidnisch-bier-choco-porter\/"]}]},{"@type":"ImageObject","inLanguage":"fr-FR","@id":"https:\/\/alpen-markt.ch\/fr\/produkt\/heidnisch-bier-choco-porter\/#primaryimage","url":"https:\/\/alpen-markt.ch\/wp-content\/uploads\/2025\/11\/1e7618c6-b00b-4ca5-8ee1-e25e1c2911e9.png","contentUrl":"https:\/\/alpen-markt.ch\/wp-content\/uploads\/2025\/11\/1e7618c6-b00b-4ca5-8ee1-e25e1c2911e9.png","width":500,"height":500},{"@type":"BreadcrumbList","@id":"https:\/\/alpen-markt.ch\/fr\/produkt\/heidnisch-bier-choco-porter\/#breadcrumb","itemListElement":[{"@type":"ListItem","position":1,"name":"Startseite","item":"https:\/\/alpen-markt.ch\/fr\/home\/"},{"@type":"ListItem","position":2,"name":"Boutique en ligne","item":"https:\/\/alpen-markt.ch\/fr\/boutique-en-ligne\/"},{"@type":"ListItem","position":3,"name":"Heidnisch Bier &#8211; Choco Porter"}]},{"@type":"WebSite","@id":"https:\/\/alpen-markt.ch\/fr\/#website","url":"https:\/\/alpen-markt.ch\/fr\/","name":"Alpenmarkt","description":"","publisher":{"@id":"https:\/\/alpen-markt.ch\/fr\/#organization"},"potentialAction":[{"@type":"SearchAction","target":{"@type":"EntryPoint","urlTemplate":"https:\/\/alpen-markt.ch\/fr\/?s={search_term_string}"},"query-input":{"@type":"PropertyValueSpecification","valueRequired":true,"valueName":"search_term_string"}}],"inLanguage":"fr-FR"},{"@type":"Organization","@id":"https:\/\/alpen-markt.ch\/fr\/#organization","name":"Alpenmarkt","url":"https:\/\/alpen-markt.ch\/fr\/","logo":{"@type":"ImageObject","inLanguage":"fr-FR","@id":"https:\/\/alpen-markt.ch\/fr\/#\/schema\/logo\/image\/","url":"https:\/\/alpen-markt.ch\/wp-content\/uploads\/2025\/11\/logo-alpenmarkt.png","contentUrl":"https:\/\/alpen-markt.ch\/wp-content\/uploads\/2025\/11\/logo-alpenmarkt.png","width":1048,"height":452,"caption":"Alpenmarkt"},"image":{"@id":"https:\/\/alpen-markt.ch\/fr\/#\/schema\/logo\/image\/"}}]}},"_links":{"self":[{"href":"https:\/\/alpen-markt.ch\/fr\/wp-json\/wp\/v2\/product\/3863","targetHints":{"allow":["GET"]}}],"collection":[{"href":"https:\/\/alpen-markt.ch\/fr\/wp-json\/wp\/v2\/product"}],"about":[{"href":"https:\/\/alpen-markt.ch\/fr\/wp-json\/wp\/v2\/types\/product"}],"wp:featuredmedia":[{"embeddable":true,"href":"https:\/\/alpen-markt.ch\/fr\/wp-json\/wp\/v2\/media\/3864"}],"wp:attachment":[{"href":"https:\/\/alpen-markt.ch\/fr\/wp-json\/wp\/v2\/media?parent=3863"}],"wp:term":[{"taxonomy":"product_brand","embeddable":true,"href":"https:\/\/alpen-markt.ch\/fr\/wp-json\/wp\/v2\/product_brand?post=3863"},{"taxonomy":"product_cat","embeddable":true,"href":"https:\/\/alpen-markt.ch\/fr\/wp-json\/wp\/v2\/product_cat?post=3863"},{"taxonomy":"product_tag","embeddable":true,"href":"https:\/\/alpen-markt.ch\/fr\/wp-json\/wp\/v2\/product_tag?post=3863"}],"curies":[{"name":"wp","href":"https:\/\/api.w.org\/{rel}","templated":true}]}}