{"id":3861,"date":"2025-11-25T16:50:45","date_gmt":"2025-11-25T15:50:45","guid":{"rendered":"https:\/\/alpen-markt.ch\/produkt\/heidnisch-bier-dunkles-weizen\/"},"modified":"2025-11-25T16:50:45","modified_gmt":"2025-11-25T15:50:45","slug":"heidnisch-bier-dunkles-weizen","status":"publish","type":"product","link":"https:\/\/alpen-markt.ch\/fr\/produkt\/heidnisch-bier-dunkles-weizen\/","title":{"rendered":"Heidnisch Bier &#8211; Dunkles Weizen"},"content":{"rendered":"<p>Une bi\u00e8re artisanale l\u00e9gendaire du Haut-Valais<\/p>\n<p>Avec un EBC de 32, la bi\u00e8re blanche brune pr\u00e9sente une couleur ambr\u00e9e intense et ressemble \u00e0 une bi\u00e8re ambr\u00e9e classique. Son go\u00fbt diff\u00e8re l\u00e9g\u00e8rement de celui de la bi\u00e8re blanche blonde. La combinaison de malt d&rsquo;orge, de malt de bl\u00e9 et de flocons d&rsquo;avoine conf\u00e8re \u00e0 la bi\u00e8re une note malt\u00e9e discr\u00e8te et rend l&rsquo;alcool \u00e0 peine perceptible. La levure de bi\u00e8re blanche bavaroise lui donne son go\u00fbt typique de banane et de clou de girofle. La \u00ab Dunkles Weizen \u00bb de Heidnisch Bier est parfaite pour la saison froide.    <\/p>\n<p>DENSITE 13,7\u00b0P<br \/>\nTENEUR EN ALCOOL 5,7 %<br \/>\nTEMP\u00c9RATURE DE D\u00c9GUSTATION 7 \u00b0C<br \/>\nIBU 28<\/p>\n<p>Ce produit est soumis \u00e0 la protection des mineurs, il ne peut \u00eatre vendu aux moins de 16 ans.<br \/>\nRetrait sur place sur pr\u00e9sentation d&rsquo;une pi\u00e8ce d&rsquo;identit\u00e9<br \/>\nExp\u00e9dition uniquement apr\u00e8s appel vid\u00e9o et transmission d&rsquo;une copie d&rsquo;une pi\u00e8ce d&rsquo;identit\u00e9 officielle.<\/p>\n","protected":false},"excerpt":{"rendered":"<p>Une bi\u00e8re artisanale l\u00e9gendaire du Haut-Valais Avec un EBC de 32, la bi\u00e8re blanche brune pr\u00e9sente une couleur ambr\u00e9e intense et ressemble \u00e0 une bi\u00e8re ambr\u00e9e classique. Son go\u00fbt diff\u00e8re l\u00e9g\u00e8rement de celui de la bi\u00e8re blanche blonde. La combinaison de malt d&rsquo;orge, de malt de bl\u00e9 et de flocons d&rsquo;avoine conf\u00e8re \u00e0 la bi\u00e8re [&hellip;]<\/p>\n","protected":false},"featured_media":3862,"template":"","meta":[],"product_brand":[],"product_cat":[80],"product_tag":[],"class_list":{"0":"post-3861","1":"product","2":"type-product","3":"status-publish","4":"has-post-thumbnail","6":"product_cat-a-votre-sante-boissons-de-la-region-alpine","8":"first","9":"outofstock","10":"taxable","11":"shipping-taxable","12":"purchasable","13":"product-type-simple"},"yoast_head":"<!-- This site is optimized with the Yoast SEO plugin v27.4 - https:\/\/yoast.com\/product\/yoast-seo-wordpress\/ -->\n<title>Heidnisch Bier - Dunkles Weizen - Alpenmarkt<\/title>\n<meta name=\"robots\" content=\"index, follow, max-snippet:-1, max-image-preview:large, max-video-preview:-1\" \/>\n<link rel=\"canonical\" href=\"https:\/\/alpen-markt.ch\/fr\/produkt\/heidnisch-bier-dunkles-weizen\/\" \/>\n<meta property=\"og:locale\" content=\"fr_FR\" \/>\n<meta property=\"og:type\" content=\"article\" \/>\n<meta property=\"og:title\" content=\"Heidnisch Bier - Dunkles Weizen - Alpenmarkt\" \/>\n<meta property=\"og:description\" content=\"Une bi\u00e8re artisanale l\u00e9gendaire du Haut-Valais Avec un EBC de 32, la bi\u00e8re blanche brune pr\u00e9sente une couleur ambr\u00e9e intense et ressemble \u00e0 une bi\u00e8re ambr\u00e9e classique. Son go\u00fbt diff\u00e8re l\u00e9g\u00e8rement de celui de la bi\u00e8re blanche blonde. La combinaison de malt d&rsquo;orge, de malt de bl\u00e9 et de flocons d&rsquo;avoine conf\u00e8re \u00e0 la bi\u00e8re [&hellip;]\" \/>\n<meta property=\"og:url\" content=\"https:\/\/alpen-markt.ch\/fr\/produkt\/heidnisch-bier-dunkles-weizen\/\" \/>\n<meta property=\"og:site_name\" content=\"Alpenmarkt\" \/>\n<meta property=\"og:image\" content=\"https:\/\/alpen-markt.ch\/wp-content\/uploads\/2025\/11\/1cb77d91-4cbd-4e82-966b-a8b241971e4c.png\" \/>\n\t<meta property=\"og:image:width\" content=\"500\" \/>\n\t<meta property=\"og:image:height\" content=\"500\" \/>\n\t<meta property=\"og:image:type\" content=\"image\/png\" \/>\n<meta name=\"twitter:card\" content=\"summary_large_image\" \/>\n<meta name=\"twitter:label1\" content=\"Dur\u00e9e de lecture estim\u00e9e\" \/>\n\t<meta name=\"twitter:data1\" content=\"1 minute\" \/>\n<script type=\"application\/ld+json\" class=\"yoast-schema-graph\">{\"@context\":\"https:\\\/\\\/schema.org\",\"@graph\":[{\"@type\":\"WebPage\",\"@id\":\"https:\\\/\\\/alpen-markt.ch\\\/fr\\\/produkt\\\/heidnisch-bier-dunkles-weizen\\\/\",\"url\":\"https:\\\/\\\/alpen-markt.ch\\\/fr\\\/produkt\\\/heidnisch-bier-dunkles-weizen\\\/\",\"name\":\"Heidnisch Bier - Dunkles Weizen - Alpenmarkt\",\"isPartOf\":{\"@id\":\"https:\\\/\\\/alpen-markt.ch\\\/fr\\\/#website\"},\"primaryImageOfPage\":{\"@id\":\"https:\\\/\\\/alpen-markt.ch\\\/fr\\\/produkt\\\/heidnisch-bier-dunkles-weizen\\\/#primaryimage\"},\"image\":{\"@id\":\"https:\\\/\\\/alpen-markt.ch\\\/fr\\\/produkt\\\/heidnisch-bier-dunkles-weizen\\\/#primaryimage\"},\"thumbnailUrl\":\"https:\\\/\\\/alpen-markt.ch\\\/wp-content\\\/uploads\\\/2025\\\/11\\\/1cb77d91-4cbd-4e82-966b-a8b241971e4c.png\",\"datePublished\":\"2025-11-25T15:50:45+00:00\",\"breadcrumb\":{\"@id\":\"https:\\\/\\\/alpen-markt.ch\\\/fr\\\/produkt\\\/heidnisch-bier-dunkles-weizen\\\/#breadcrumb\"},\"inLanguage\":\"fr-FR\",\"potentialAction\":[{\"@type\":\"ReadAction\",\"target\":[\"https:\\\/\\\/alpen-markt.ch\\\/fr\\\/produkt\\\/heidnisch-bier-dunkles-weizen\\\/\"]}]},{\"@type\":\"ImageObject\",\"inLanguage\":\"fr-FR\",\"@id\":\"https:\\\/\\\/alpen-markt.ch\\\/fr\\\/produkt\\\/heidnisch-bier-dunkles-weizen\\\/#primaryimage\",\"url\":\"https:\\\/\\\/alpen-markt.ch\\\/wp-content\\\/uploads\\\/2025\\\/11\\\/1cb77d91-4cbd-4e82-966b-a8b241971e4c.png\",\"contentUrl\":\"https:\\\/\\\/alpen-markt.ch\\\/wp-content\\\/uploads\\\/2025\\\/11\\\/1cb77d91-4cbd-4e82-966b-a8b241971e4c.png\",\"width\":500,\"height\":500},{\"@type\":\"BreadcrumbList\",\"@id\":\"https:\\\/\\\/alpen-markt.ch\\\/fr\\\/produkt\\\/heidnisch-bier-dunkles-weizen\\\/#breadcrumb\",\"itemListElement\":[{\"@type\":\"ListItem\",\"position\":1,\"name\":\"Startseite\",\"item\":\"https:\\\/\\\/alpen-markt.ch\\\/fr\\\/home\\\/\"},{\"@type\":\"ListItem\",\"position\":2,\"name\":\"Boutique en ligne\",\"item\":\"https:\\\/\\\/alpen-markt.ch\\\/fr\\\/boutique-en-ligne\\\/\"},{\"@type\":\"ListItem\",\"position\":3,\"name\":\"Heidnisch Bier &#8211; Dunkles Weizen\"}]},{\"@type\":\"WebSite\",\"@id\":\"https:\\\/\\\/alpen-markt.ch\\\/fr\\\/#website\",\"url\":\"https:\\\/\\\/alpen-markt.ch\\\/fr\\\/\",\"name\":\"Alpenmarkt\",\"description\":\"\",\"publisher\":{\"@id\":\"https:\\\/\\\/alpen-markt.ch\\\/fr\\\/#organization\"},\"potentialAction\":[{\"@type\":\"SearchAction\",\"target\":{\"@type\":\"EntryPoint\",\"urlTemplate\":\"https:\\\/\\\/alpen-markt.ch\\\/fr\\\/?s={search_term_string}\"},\"query-input\":{\"@type\":\"PropertyValueSpecification\",\"valueRequired\":true,\"valueName\":\"search_term_string\"}}],\"inLanguage\":\"fr-FR\"},{\"@type\":\"Organization\",\"@id\":\"https:\\\/\\\/alpen-markt.ch\\\/fr\\\/#organization\",\"name\":\"Alpenmarkt\",\"url\":\"https:\\\/\\\/alpen-markt.ch\\\/fr\\\/\",\"logo\":{\"@type\":\"ImageObject\",\"inLanguage\":\"fr-FR\",\"@id\":\"https:\\\/\\\/alpen-markt.ch\\\/fr\\\/#\\\/schema\\\/logo\\\/image\\\/\",\"url\":\"https:\\\/\\\/alpen-markt.ch\\\/wp-content\\\/uploads\\\/2025\\\/11\\\/logo-alpenmarkt.png\",\"contentUrl\":\"https:\\\/\\\/alpen-markt.ch\\\/wp-content\\\/uploads\\\/2025\\\/11\\\/logo-alpenmarkt.png\",\"width\":1048,\"height\":452,\"caption\":\"Alpenmarkt\"},\"image\":{\"@id\":\"https:\\\/\\\/alpen-markt.ch\\\/fr\\\/#\\\/schema\\\/logo\\\/image\\\/\"}}]}<\/script>\n<!-- \/ Yoast SEO plugin. -->","yoast_head_json":{"title":"Heidnisch Bier - Dunkles Weizen - Alpenmarkt","robots":{"index":"index","follow":"follow","max-snippet":"max-snippet:-1","max-image-preview":"max-image-preview:large","max-video-preview":"max-video-preview:-1"},"canonical":"https:\/\/alpen-markt.ch\/fr\/produkt\/heidnisch-bier-dunkles-weizen\/","og_locale":"fr_FR","og_type":"article","og_title":"Heidnisch Bier - Dunkles Weizen - Alpenmarkt","og_description":"Une bi\u00e8re artisanale l\u00e9gendaire du Haut-Valais Avec un EBC de 32, la bi\u00e8re blanche brune pr\u00e9sente une couleur ambr\u00e9e intense et ressemble \u00e0 une bi\u00e8re ambr\u00e9e classique. Son go\u00fbt diff\u00e8re l\u00e9g\u00e8rement de celui de la bi\u00e8re blanche blonde. La combinaison de malt d&rsquo;orge, de malt de bl\u00e9 et de flocons d&rsquo;avoine conf\u00e8re \u00e0 la bi\u00e8re [&hellip;]","og_url":"https:\/\/alpen-markt.ch\/fr\/produkt\/heidnisch-bier-dunkles-weizen\/","og_site_name":"Alpenmarkt","og_image":[{"width":500,"height":500,"url":"https:\/\/alpen-markt.ch\/wp-content\/uploads\/2025\/11\/1cb77d91-4cbd-4e82-966b-a8b241971e4c.png","type":"image\/png"}],"twitter_card":"summary_large_image","twitter_misc":{"Dur\u00e9e de lecture estim\u00e9e":"1 minute"},"schema":{"@context":"https:\/\/schema.org","@graph":[{"@type":"WebPage","@id":"https:\/\/alpen-markt.ch\/fr\/produkt\/heidnisch-bier-dunkles-weizen\/","url":"https:\/\/alpen-markt.ch\/fr\/produkt\/heidnisch-bier-dunkles-weizen\/","name":"Heidnisch Bier - Dunkles Weizen - Alpenmarkt","isPartOf":{"@id":"https:\/\/alpen-markt.ch\/fr\/#website"},"primaryImageOfPage":{"@id":"https:\/\/alpen-markt.ch\/fr\/produkt\/heidnisch-bier-dunkles-weizen\/#primaryimage"},"image":{"@id":"https:\/\/alpen-markt.ch\/fr\/produkt\/heidnisch-bier-dunkles-weizen\/#primaryimage"},"thumbnailUrl":"https:\/\/alpen-markt.ch\/wp-content\/uploads\/2025\/11\/1cb77d91-4cbd-4e82-966b-a8b241971e4c.png","datePublished":"2025-11-25T15:50:45+00:00","breadcrumb":{"@id":"https:\/\/alpen-markt.ch\/fr\/produkt\/heidnisch-bier-dunkles-weizen\/#breadcrumb"},"inLanguage":"fr-FR","potentialAction":[{"@type":"ReadAction","target":["https:\/\/alpen-markt.ch\/fr\/produkt\/heidnisch-bier-dunkles-weizen\/"]}]},{"@type":"ImageObject","inLanguage":"fr-FR","@id":"https:\/\/alpen-markt.ch\/fr\/produkt\/heidnisch-bier-dunkles-weizen\/#primaryimage","url":"https:\/\/alpen-markt.ch\/wp-content\/uploads\/2025\/11\/1cb77d91-4cbd-4e82-966b-a8b241971e4c.png","contentUrl":"https:\/\/alpen-markt.ch\/wp-content\/uploads\/2025\/11\/1cb77d91-4cbd-4e82-966b-a8b241971e4c.png","width":500,"height":500},{"@type":"BreadcrumbList","@id":"https:\/\/alpen-markt.ch\/fr\/produkt\/heidnisch-bier-dunkles-weizen\/#breadcrumb","itemListElement":[{"@type":"ListItem","position":1,"name":"Startseite","item":"https:\/\/alpen-markt.ch\/fr\/home\/"},{"@type":"ListItem","position":2,"name":"Boutique en ligne","item":"https:\/\/alpen-markt.ch\/fr\/boutique-en-ligne\/"},{"@type":"ListItem","position":3,"name":"Heidnisch Bier &#8211; Dunkles Weizen"}]},{"@type":"WebSite","@id":"https:\/\/alpen-markt.ch\/fr\/#website","url":"https:\/\/alpen-markt.ch\/fr\/","name":"Alpenmarkt","description":"","publisher":{"@id":"https:\/\/alpen-markt.ch\/fr\/#organization"},"potentialAction":[{"@type":"SearchAction","target":{"@type":"EntryPoint","urlTemplate":"https:\/\/alpen-markt.ch\/fr\/?s={search_term_string}"},"query-input":{"@type":"PropertyValueSpecification","valueRequired":true,"valueName":"search_term_string"}}],"inLanguage":"fr-FR"},{"@type":"Organization","@id":"https:\/\/alpen-markt.ch\/fr\/#organization","name":"Alpenmarkt","url":"https:\/\/alpen-markt.ch\/fr\/","logo":{"@type":"ImageObject","inLanguage":"fr-FR","@id":"https:\/\/alpen-markt.ch\/fr\/#\/schema\/logo\/image\/","url":"https:\/\/alpen-markt.ch\/wp-content\/uploads\/2025\/11\/logo-alpenmarkt.png","contentUrl":"https:\/\/alpen-markt.ch\/wp-content\/uploads\/2025\/11\/logo-alpenmarkt.png","width":1048,"height":452,"caption":"Alpenmarkt"},"image":{"@id":"https:\/\/alpen-markt.ch\/fr\/#\/schema\/logo\/image\/"}}]}},"_links":{"self":[{"href":"https:\/\/alpen-markt.ch\/fr\/wp-json\/wp\/v2\/product\/3861","targetHints":{"allow":["GET"]}}],"collection":[{"href":"https:\/\/alpen-markt.ch\/fr\/wp-json\/wp\/v2\/product"}],"about":[{"href":"https:\/\/alpen-markt.ch\/fr\/wp-json\/wp\/v2\/types\/product"}],"wp:featuredmedia":[{"embeddable":true,"href":"https:\/\/alpen-markt.ch\/fr\/wp-json\/wp\/v2\/media\/3862"}],"wp:attachment":[{"href":"https:\/\/alpen-markt.ch\/fr\/wp-json\/wp\/v2\/media?parent=3861"}],"wp:term":[{"taxonomy":"product_brand","embeddable":true,"href":"https:\/\/alpen-markt.ch\/fr\/wp-json\/wp\/v2\/product_brand?post=3861"},{"taxonomy":"product_cat","embeddable":true,"href":"https:\/\/alpen-markt.ch\/fr\/wp-json\/wp\/v2\/product_cat?post=3861"},{"taxonomy":"product_tag","embeddable":true,"href":"https:\/\/alpen-markt.ch\/fr\/wp-json\/wp\/v2\/product_tag?post=3861"}],"curies":[{"name":"wp","href":"https:\/\/api.w.org\/{rel}","templated":true}]}}