{"id":3853,"date":"2025-11-25T16:50:44","date_gmt":"2025-11-25T15:50:44","guid":{"rendered":"https:\/\/alpen-markt.ch\/produkt\/malternative-la-rouquine\/"},"modified":"2025-11-25T16:50:44","modified_gmt":"2025-11-25T15:50:44","slug":"malternative-la-rouquine","status":"publish","type":"product","link":"https:\/\/alpen-markt.ch\/fr\/produkt\/malternative-la-rouquine\/","title":{"rendered":"Malternative &#8211; La Rouquine"},"content":{"rendered":"<p>Malternative \u2013 la brasserie durable de Martigny<\/p>\n<p>Valais Qualit\u00e9 Excellence<\/p>\n<p>Bi\u00e8re ambr\u00e9e d&rsquo;inspiration anglaise, peu gazeuse et facile \u00e0 boire.<br \/>\nNaturellement non filtr\u00e9e et referment\u00e9e en bouteille. <\/p>\n<p>Certifi\u00e9e Bio Bourgeon<\/p>\n<p>Ce produit est soumis \u00e0 la protection des mineurs, pas de vente aux moins de 16 ans.<br \/>\nRetrait sur place sur pr\u00e9sentation d&rsquo;une pi\u00e8ce d&rsquo;identit\u00e9<br \/>\nExp\u00e9dition uniquement apr\u00e8s appel vid\u00e9o et transmission d&rsquo;une copie d&rsquo;une pi\u00e8ce d&rsquo;identit\u00e9 officielle.<\/p>\n","protected":false},"excerpt":{"rendered":"<p>Malternative \u2013 la brasserie durable de Martigny Valais Qualit\u00e9 Excellence Bi\u00e8re ambr\u00e9e d&rsquo;inspiration anglaise, peu gazeuse et facile \u00e0 boire. Naturellement non filtr\u00e9e et referment\u00e9e en bouteille. Certifi\u00e9e Bio Bourgeon Ce produit est soumis \u00e0 la protection des mineurs, pas de vente aux moins de 16 ans. Retrait sur place sur pr\u00e9sentation d&rsquo;une pi\u00e8ce d&rsquo;identit\u00e9 [&hellip;]<\/p>\n","protected":false},"featured_media":3854,"template":"","meta":[],"product_brand":[],"product_cat":[80],"product_tag":[],"class_list":{"0":"post-3853","1":"product","2":"type-product","3":"status-publish","4":"has-post-thumbnail","6":"product_cat-a-votre-sante-boissons-de-la-region-alpine","8":"first","9":"outofstock","10":"taxable","11":"shipping-taxable","12":"purchasable","13":"product-type-simple"},"yoast_head":"<!-- This site is optimized with the Yoast SEO plugin v27.4 - https:\/\/yoast.com\/product\/yoast-seo-wordpress\/ -->\n<title>Malternative - La Rouquine - Alpenmarkt<\/title>\n<meta name=\"robots\" content=\"index, follow, max-snippet:-1, max-image-preview:large, max-video-preview:-1\" \/>\n<link rel=\"canonical\" href=\"https:\/\/alpen-markt.ch\/fr\/produkt\/malternative-la-rouquine\/\" \/>\n<meta property=\"og:locale\" content=\"fr_FR\" \/>\n<meta property=\"og:type\" content=\"article\" \/>\n<meta property=\"og:title\" content=\"Malternative - La Rouquine - Alpenmarkt\" \/>\n<meta property=\"og:description\" content=\"Malternative \u2013 la brasserie durable de Martigny Valais Qualit\u00e9 Excellence Bi\u00e8re ambr\u00e9e d&rsquo;inspiration anglaise, peu gazeuse et facile \u00e0 boire. Naturellement non filtr\u00e9e et referment\u00e9e en bouteille. Certifi\u00e9e Bio Bourgeon Ce produit est soumis \u00e0 la protection des mineurs, pas de vente aux moins de 16 ans. Retrait sur place sur pr\u00e9sentation d&rsquo;une pi\u00e8ce d&rsquo;identit\u00e9 [&hellip;]\" \/>\n<meta property=\"og:url\" content=\"https:\/\/alpen-markt.ch\/fr\/produkt\/malternative-la-rouquine\/\" \/>\n<meta property=\"og:site_name\" content=\"Alpenmarkt\" \/>\n<meta property=\"og:image\" content=\"https:\/\/alpen-markt.ch\/wp-content\/uploads\/2025\/11\/d6c8c47c-2b21-4667-885d-551770aafd36.png\" \/>\n\t<meta property=\"og:image:width\" content=\"500\" \/>\n\t<meta property=\"og:image:height\" content=\"500\" \/>\n\t<meta property=\"og:image:type\" content=\"image\/png\" \/>\n<meta name=\"twitter:card\" content=\"summary_large_image\" \/>\n<script type=\"application\/ld+json\" class=\"yoast-schema-graph\">{\"@context\":\"https:\\\/\\\/schema.org\",\"@graph\":[{\"@type\":\"WebPage\",\"@id\":\"https:\\\/\\\/alpen-markt.ch\\\/fr\\\/produkt\\\/malternative-la-rouquine\\\/\",\"url\":\"https:\\\/\\\/alpen-markt.ch\\\/fr\\\/produkt\\\/malternative-la-rouquine\\\/\",\"name\":\"Malternative - La Rouquine - Alpenmarkt\",\"isPartOf\":{\"@id\":\"https:\\\/\\\/alpen-markt.ch\\\/fr\\\/#website\"},\"primaryImageOfPage\":{\"@id\":\"https:\\\/\\\/alpen-markt.ch\\\/fr\\\/produkt\\\/malternative-la-rouquine\\\/#primaryimage\"},\"image\":{\"@id\":\"https:\\\/\\\/alpen-markt.ch\\\/fr\\\/produkt\\\/malternative-la-rouquine\\\/#primaryimage\"},\"thumbnailUrl\":\"https:\\\/\\\/alpen-markt.ch\\\/wp-content\\\/uploads\\\/2025\\\/11\\\/d6c8c47c-2b21-4667-885d-551770aafd36.png\",\"datePublished\":\"2025-11-25T15:50:44+00:00\",\"breadcrumb\":{\"@id\":\"https:\\\/\\\/alpen-markt.ch\\\/fr\\\/produkt\\\/malternative-la-rouquine\\\/#breadcrumb\"},\"inLanguage\":\"fr-FR\",\"potentialAction\":[{\"@type\":\"ReadAction\",\"target\":[\"https:\\\/\\\/alpen-markt.ch\\\/fr\\\/produkt\\\/malternative-la-rouquine\\\/\"]}]},{\"@type\":\"ImageObject\",\"inLanguage\":\"fr-FR\",\"@id\":\"https:\\\/\\\/alpen-markt.ch\\\/fr\\\/produkt\\\/malternative-la-rouquine\\\/#primaryimage\",\"url\":\"https:\\\/\\\/alpen-markt.ch\\\/wp-content\\\/uploads\\\/2025\\\/11\\\/d6c8c47c-2b21-4667-885d-551770aafd36.png\",\"contentUrl\":\"https:\\\/\\\/alpen-markt.ch\\\/wp-content\\\/uploads\\\/2025\\\/11\\\/d6c8c47c-2b21-4667-885d-551770aafd36.png\",\"width\":500,\"height\":500},{\"@type\":\"BreadcrumbList\",\"@id\":\"https:\\\/\\\/alpen-markt.ch\\\/fr\\\/produkt\\\/malternative-la-rouquine\\\/#breadcrumb\",\"itemListElement\":[{\"@type\":\"ListItem\",\"position\":1,\"name\":\"Startseite\",\"item\":\"https:\\\/\\\/alpen-markt.ch\\\/fr\\\/home\\\/\"},{\"@type\":\"ListItem\",\"position\":2,\"name\":\"Boutique en ligne\",\"item\":\"https:\\\/\\\/alpen-markt.ch\\\/fr\\\/boutique-en-ligne\\\/\"},{\"@type\":\"ListItem\",\"position\":3,\"name\":\"Malternative &#8211; La Rouquine\"}]},{\"@type\":\"WebSite\",\"@id\":\"https:\\\/\\\/alpen-markt.ch\\\/fr\\\/#website\",\"url\":\"https:\\\/\\\/alpen-markt.ch\\\/fr\\\/\",\"name\":\"Alpenmarkt\",\"description\":\"\",\"publisher\":{\"@id\":\"https:\\\/\\\/alpen-markt.ch\\\/fr\\\/#organization\"},\"potentialAction\":[{\"@type\":\"SearchAction\",\"target\":{\"@type\":\"EntryPoint\",\"urlTemplate\":\"https:\\\/\\\/alpen-markt.ch\\\/fr\\\/?s={search_term_string}\"},\"query-input\":{\"@type\":\"PropertyValueSpecification\",\"valueRequired\":true,\"valueName\":\"search_term_string\"}}],\"inLanguage\":\"fr-FR\"},{\"@type\":\"Organization\",\"@id\":\"https:\\\/\\\/alpen-markt.ch\\\/fr\\\/#organization\",\"name\":\"Alpenmarkt\",\"url\":\"https:\\\/\\\/alpen-markt.ch\\\/fr\\\/\",\"logo\":{\"@type\":\"ImageObject\",\"inLanguage\":\"fr-FR\",\"@id\":\"https:\\\/\\\/alpen-markt.ch\\\/fr\\\/#\\\/schema\\\/logo\\\/image\\\/\",\"url\":\"https:\\\/\\\/alpen-markt.ch\\\/wp-content\\\/uploads\\\/2025\\\/11\\\/logo-alpenmarkt.png\",\"contentUrl\":\"https:\\\/\\\/alpen-markt.ch\\\/wp-content\\\/uploads\\\/2025\\\/11\\\/logo-alpenmarkt.png\",\"width\":1048,\"height\":452,\"caption\":\"Alpenmarkt\"},\"image\":{\"@id\":\"https:\\\/\\\/alpen-markt.ch\\\/fr\\\/#\\\/schema\\\/logo\\\/image\\\/\"}}]}<\/script>\n<!-- \/ Yoast SEO plugin. -->","yoast_head_json":{"title":"Malternative - La Rouquine - Alpenmarkt","robots":{"index":"index","follow":"follow","max-snippet":"max-snippet:-1","max-image-preview":"max-image-preview:large","max-video-preview":"max-video-preview:-1"},"canonical":"https:\/\/alpen-markt.ch\/fr\/produkt\/malternative-la-rouquine\/","og_locale":"fr_FR","og_type":"article","og_title":"Malternative - La Rouquine - Alpenmarkt","og_description":"Malternative \u2013 la brasserie durable de Martigny Valais Qualit\u00e9 Excellence Bi\u00e8re ambr\u00e9e d&rsquo;inspiration anglaise, peu gazeuse et facile \u00e0 boire. Naturellement non filtr\u00e9e et referment\u00e9e en bouteille. Certifi\u00e9e Bio Bourgeon Ce produit est soumis \u00e0 la protection des mineurs, pas de vente aux moins de 16 ans. Retrait sur place sur pr\u00e9sentation d&rsquo;une pi\u00e8ce d&rsquo;identit\u00e9 [&hellip;]","og_url":"https:\/\/alpen-markt.ch\/fr\/produkt\/malternative-la-rouquine\/","og_site_name":"Alpenmarkt","og_image":[{"width":500,"height":500,"url":"https:\/\/alpen-markt.ch\/wp-content\/uploads\/2025\/11\/d6c8c47c-2b21-4667-885d-551770aafd36.png","type":"image\/png"}],"twitter_card":"summary_large_image","schema":{"@context":"https:\/\/schema.org","@graph":[{"@type":"WebPage","@id":"https:\/\/alpen-markt.ch\/fr\/produkt\/malternative-la-rouquine\/","url":"https:\/\/alpen-markt.ch\/fr\/produkt\/malternative-la-rouquine\/","name":"Malternative - La Rouquine - Alpenmarkt","isPartOf":{"@id":"https:\/\/alpen-markt.ch\/fr\/#website"},"primaryImageOfPage":{"@id":"https:\/\/alpen-markt.ch\/fr\/produkt\/malternative-la-rouquine\/#primaryimage"},"image":{"@id":"https:\/\/alpen-markt.ch\/fr\/produkt\/malternative-la-rouquine\/#primaryimage"},"thumbnailUrl":"https:\/\/alpen-markt.ch\/wp-content\/uploads\/2025\/11\/d6c8c47c-2b21-4667-885d-551770aafd36.png","datePublished":"2025-11-25T15:50:44+00:00","breadcrumb":{"@id":"https:\/\/alpen-markt.ch\/fr\/produkt\/malternative-la-rouquine\/#breadcrumb"},"inLanguage":"fr-FR","potentialAction":[{"@type":"ReadAction","target":["https:\/\/alpen-markt.ch\/fr\/produkt\/malternative-la-rouquine\/"]}]},{"@type":"ImageObject","inLanguage":"fr-FR","@id":"https:\/\/alpen-markt.ch\/fr\/produkt\/malternative-la-rouquine\/#primaryimage","url":"https:\/\/alpen-markt.ch\/wp-content\/uploads\/2025\/11\/d6c8c47c-2b21-4667-885d-551770aafd36.png","contentUrl":"https:\/\/alpen-markt.ch\/wp-content\/uploads\/2025\/11\/d6c8c47c-2b21-4667-885d-551770aafd36.png","width":500,"height":500},{"@type":"BreadcrumbList","@id":"https:\/\/alpen-markt.ch\/fr\/produkt\/malternative-la-rouquine\/#breadcrumb","itemListElement":[{"@type":"ListItem","position":1,"name":"Startseite","item":"https:\/\/alpen-markt.ch\/fr\/home\/"},{"@type":"ListItem","position":2,"name":"Boutique en ligne","item":"https:\/\/alpen-markt.ch\/fr\/boutique-en-ligne\/"},{"@type":"ListItem","position":3,"name":"Malternative &#8211; La Rouquine"}]},{"@type":"WebSite","@id":"https:\/\/alpen-markt.ch\/fr\/#website","url":"https:\/\/alpen-markt.ch\/fr\/","name":"Alpenmarkt","description":"","publisher":{"@id":"https:\/\/alpen-markt.ch\/fr\/#organization"},"potentialAction":[{"@type":"SearchAction","target":{"@type":"EntryPoint","urlTemplate":"https:\/\/alpen-markt.ch\/fr\/?s={search_term_string}"},"query-input":{"@type":"PropertyValueSpecification","valueRequired":true,"valueName":"search_term_string"}}],"inLanguage":"fr-FR"},{"@type":"Organization","@id":"https:\/\/alpen-markt.ch\/fr\/#organization","name":"Alpenmarkt","url":"https:\/\/alpen-markt.ch\/fr\/","logo":{"@type":"ImageObject","inLanguage":"fr-FR","@id":"https:\/\/alpen-markt.ch\/fr\/#\/schema\/logo\/image\/","url":"https:\/\/alpen-markt.ch\/wp-content\/uploads\/2025\/11\/logo-alpenmarkt.png","contentUrl":"https:\/\/alpen-markt.ch\/wp-content\/uploads\/2025\/11\/logo-alpenmarkt.png","width":1048,"height":452,"caption":"Alpenmarkt"},"image":{"@id":"https:\/\/alpen-markt.ch\/fr\/#\/schema\/logo\/image\/"}}]}},"_links":{"self":[{"href":"https:\/\/alpen-markt.ch\/fr\/wp-json\/wp\/v2\/product\/3853","targetHints":{"allow":["GET"]}}],"collection":[{"href":"https:\/\/alpen-markt.ch\/fr\/wp-json\/wp\/v2\/product"}],"about":[{"href":"https:\/\/alpen-markt.ch\/fr\/wp-json\/wp\/v2\/types\/product"}],"wp:featuredmedia":[{"embeddable":true,"href":"https:\/\/alpen-markt.ch\/fr\/wp-json\/wp\/v2\/media\/3854"}],"wp:attachment":[{"href":"https:\/\/alpen-markt.ch\/fr\/wp-json\/wp\/v2\/media?parent=3853"}],"wp:term":[{"taxonomy":"product_brand","embeddable":true,"href":"https:\/\/alpen-markt.ch\/fr\/wp-json\/wp\/v2\/product_brand?post=3853"},{"taxonomy":"product_cat","embeddable":true,"href":"https:\/\/alpen-markt.ch\/fr\/wp-json\/wp\/v2\/product_cat?post=3853"},{"taxonomy":"product_tag","embeddable":true,"href":"https:\/\/alpen-markt.ch\/fr\/wp-json\/wp\/v2\/product_tag?post=3853"}],"curies":[{"name":"wp","href":"https:\/\/api.w.org\/{rel}","templated":true}]}}