{"id":3825,"date":"2025-11-25T16:50:44","date_gmt":"2025-11-25T15:50:44","guid":{"rendered":"https:\/\/alpen-markt.ch\/produkt\/johanneli-fi-walerhone-assemblage-aoc-vs\/"},"modified":"2025-11-25T16:50:44","modified_gmt":"2025-11-25T15:50:44","slug":"johanneli-fi-walerhone-assemblage-aoc-vs","status":"publish","type":"product","link":"https:\/\/alpen-markt.ch\/fr\/produkt\/johanneli-fi-walerhone-assemblage-aoc-vs\/","title":{"rendered":"Johanneli Fi &#8211; Walerhone Assemblage AOC VS"},"content":{"rendered":"<p>JOHANNELI FI &#8211; LES \u00ab L\u00c9GENDAIRES \u00bb VINS DE VISP<\/p>\n<p>17,5\/20 Points Bona Aestimare<\/p>\n<p>C\u00e9pages : assemblage, entre autres des nobles, en partie s\u00e9ch\u00e9s raisins de Pinot Noir<\/p>\n<p>Type de vin : les notes de raisins secs se retrouvent dans le produit final. Il en r\u00e9sulte un vin fruit\u00e9 et tr\u00e8s doux. \u00c0 cela s&rsquo;ajoute une palette aromatique incroyablement vari\u00e9e : baies, prunes, tabac, clous de girofle, cannelle, cerises et chocolat ne sont que quelques-uns des ar\u00f4mes souvent cit\u00e9s lors des d\u00e9gustations. Les tanins contrebalanc\u00e9s \u00e9quilibrent les ar\u00f4mes fruit\u00e9s.   <\/p>\n<p>Maturit\u00e9 optimale : 3 \u00e0 5 ans<\/p>\n<p>Temp\u00e9rature de service : 15-16 \u00b0C<br \/>\nAccords : r\u00f4tis, fromages cors\u00e9s, polenta et plats mijot\u00e9s.<\/p>\n<p>Ce produit est soumis \u00e0 la protection des mineurs, il ne peut \u00eatre vendu aux moins de 16 ans.<br \/>\nRetrait sur place sur pr\u00e9sentation d&rsquo;une pi\u00e8ce d&rsquo;identit\u00e9<br \/>\nExp\u00e9dition uniquement apr\u00e8s appel vid\u00e9o et transmission d&rsquo;une copie d&rsquo;une pi\u00e8ce d&rsquo;identit\u00e9 officielle.<\/p>\n<p>La l\u00e9gende du vin :<br \/>\nDeux vignerons valaisans affirmaient chacun poss\u00e9der le meilleur vin rouge de la vall\u00e9e du Rh\u00f4ne. Ils vantaient leur propre c\u00e9page et leurs comp\u00e9tences artisanales in\u00e9galables, et ne manquaient aucune occasion de d\u00e9nigrer le vin de l&rsquo;autre. Au fil des ans, cela d\u00e9g\u00e9n\u00e9ra en une querelle acharn\u00e9e qui divisa terriblement les deux familles.  <\/p>\n<p>Deux jeunes gens souffraient particuli\u00e8rement de cette querelle : la fille de l&rsquo;un avait en effet perdu son c\u0153ur pour le fils de l&rsquo;autre vigneron, et les deux amoureux avaient le d\u00e9sir profond de se marier. Mais leurs deux p\u00e8res refusaient de donner leur b\u00e9n\u00e9diction. Le couple malheureux, d\u00e9sesp\u00e9r\u00e9, ne savait plus quoi faire et d\u00e9cida de se confier au cur\u00e9 du village et de lui demander conseil. Celui-ci convoqua sans h\u00e9siter les deux vignerons en conflit et leur fit la le\u00e7on.   <\/p>\n<p>Mais les deux vieux rivaux rest\u00e8rent irr\u00e9conciliables et ne firent preuve d&rsquo;aucune compr\u00e9hension, si bien que les deux amoureux quitt\u00e8rent secr\u00e8tement leur village pour tenter leur chance ailleurs. Ils ne revinrent qu&rsquo;apr\u00e8s la mort de leurs p\u00e8res, emport\u00e9s par le chagrin et leur querelle acharn\u00e9e. En signe de r\u00e9conciliation entre les deux familles, le jeune couple vendangea d\u00e9sormais ensemble les raisins de ces deux c\u00e9pages, donnant naissance \u00e0 un vin qui combine le meilleur des deux.  <\/p>\n","protected":false},"excerpt":{"rendered":"<p>JOHANNELI FI &#8211; LES \u00ab L\u00c9GENDAIRES \u00bb VINS DE VISP 17,5\/20 Points Bona Aestimare C\u00e9pages : assemblage, entre autres des nobles, en partie s\u00e9ch\u00e9s raisins de Pinot Noir Type de vin : les notes de raisins secs se retrouvent dans le produit final. Il en r\u00e9sulte un vin fruit\u00e9 et tr\u00e8s doux. \u00c0 cela s&rsquo;ajoute [&hellip;]<\/p>\n","protected":false},"featured_media":3826,"template":"","meta":[],"product_brand":[],"product_cat":[80],"product_tag":[],"class_list":{"0":"post-3825","1":"product","2":"type-product","3":"status-publish","4":"has-post-thumbnail","6":"product_cat-a-votre-sante-boissons-de-la-region-alpine","8":"first","9":"outofstock","10":"taxable","11":"shipping-taxable","12":"purchasable","13":"product-type-simple"},"yoast_head":"<!-- This site is optimized with the Yoast SEO plugin v27.4 - https:\/\/yoast.com\/product\/yoast-seo-wordpress\/ -->\n<title>Johanneli Fi - Walerhone Assemblage AOC VS - Alpenmarkt<\/title>\n<meta name=\"robots\" content=\"index, follow, max-snippet:-1, max-image-preview:large, max-video-preview:-1\" \/>\n<link rel=\"canonical\" href=\"https:\/\/alpen-markt.ch\/fr\/produkt\/johanneli-fi-walerhone-assemblage-aoc-vs\/\" \/>\n<meta property=\"og:locale\" content=\"fr_FR\" \/>\n<meta property=\"og:type\" content=\"article\" \/>\n<meta property=\"og:title\" content=\"Johanneli Fi - Walerhone Assemblage AOC VS - Alpenmarkt\" \/>\n<meta property=\"og:description\" content=\"JOHANNELI FI &#8211; LES \u00ab L\u00c9GENDAIRES \u00bb VINS DE VISP 17,5\/20 Points Bona Aestimare C\u00e9pages : assemblage, entre autres des nobles, en partie s\u00e9ch\u00e9s raisins de Pinot Noir Type de vin : les notes de raisins secs se retrouvent dans le produit final. Il en r\u00e9sulte un vin fruit\u00e9 et tr\u00e8s doux. \u00c0 cela s&rsquo;ajoute [&hellip;]\" \/>\n<meta property=\"og:url\" content=\"https:\/\/alpen-markt.ch\/fr\/produkt\/johanneli-fi-walerhone-assemblage-aoc-vs\/\" \/>\n<meta property=\"og:site_name\" content=\"Alpenmarkt\" \/>\n<meta property=\"og:image\" content=\"https:\/\/alpen-markt.ch\/wp-content\/uploads\/2025\/11\/a96dd4df-e7fb-4520-bcbb-8eb41d930bd1.png\" \/>\n\t<meta property=\"og:image:width\" content=\"500\" \/>\n\t<meta property=\"og:image:height\" content=\"500\" \/>\n\t<meta property=\"og:image:type\" content=\"image\/png\" \/>\n<meta name=\"twitter:card\" content=\"summary_large_image\" \/>\n<meta name=\"twitter:label1\" content=\"Dur\u00e9e de lecture estim\u00e9e\" \/>\n\t<meta name=\"twitter:data1\" content=\"2 minutes\" \/>\n<script type=\"application\/ld+json\" class=\"yoast-schema-graph\">{\"@context\":\"https:\\\/\\\/schema.org\",\"@graph\":[{\"@type\":\"WebPage\",\"@id\":\"https:\\\/\\\/alpen-markt.ch\\\/fr\\\/produkt\\\/johanneli-fi-walerhone-assemblage-aoc-vs\\\/\",\"url\":\"https:\\\/\\\/alpen-markt.ch\\\/fr\\\/produkt\\\/johanneli-fi-walerhone-assemblage-aoc-vs\\\/\",\"name\":\"Johanneli Fi - Walerhone Assemblage AOC VS - Alpenmarkt\",\"isPartOf\":{\"@id\":\"https:\\\/\\\/alpen-markt.ch\\\/fr\\\/#website\"},\"primaryImageOfPage\":{\"@id\":\"https:\\\/\\\/alpen-markt.ch\\\/fr\\\/produkt\\\/johanneli-fi-walerhone-assemblage-aoc-vs\\\/#primaryimage\"},\"image\":{\"@id\":\"https:\\\/\\\/alpen-markt.ch\\\/fr\\\/produkt\\\/johanneli-fi-walerhone-assemblage-aoc-vs\\\/#primaryimage\"},\"thumbnailUrl\":\"https:\\\/\\\/alpen-markt.ch\\\/wp-content\\\/uploads\\\/2025\\\/11\\\/a96dd4df-e7fb-4520-bcbb-8eb41d930bd1.png\",\"datePublished\":\"2025-11-25T15:50:44+00:00\",\"breadcrumb\":{\"@id\":\"https:\\\/\\\/alpen-markt.ch\\\/fr\\\/produkt\\\/johanneli-fi-walerhone-assemblage-aoc-vs\\\/#breadcrumb\"},\"inLanguage\":\"fr-FR\",\"potentialAction\":[{\"@type\":\"ReadAction\",\"target\":[\"https:\\\/\\\/alpen-markt.ch\\\/fr\\\/produkt\\\/johanneli-fi-walerhone-assemblage-aoc-vs\\\/\"]}]},{\"@type\":\"ImageObject\",\"inLanguage\":\"fr-FR\",\"@id\":\"https:\\\/\\\/alpen-markt.ch\\\/fr\\\/produkt\\\/johanneli-fi-walerhone-assemblage-aoc-vs\\\/#primaryimage\",\"url\":\"https:\\\/\\\/alpen-markt.ch\\\/wp-content\\\/uploads\\\/2025\\\/11\\\/a96dd4df-e7fb-4520-bcbb-8eb41d930bd1.png\",\"contentUrl\":\"https:\\\/\\\/alpen-markt.ch\\\/wp-content\\\/uploads\\\/2025\\\/11\\\/a96dd4df-e7fb-4520-bcbb-8eb41d930bd1.png\",\"width\":500,\"height\":500},{\"@type\":\"BreadcrumbList\",\"@id\":\"https:\\\/\\\/alpen-markt.ch\\\/fr\\\/produkt\\\/johanneli-fi-walerhone-assemblage-aoc-vs\\\/#breadcrumb\",\"itemListElement\":[{\"@type\":\"ListItem\",\"position\":1,\"name\":\"Startseite\",\"item\":\"https:\\\/\\\/alpen-markt.ch\\\/fr\\\/home\\\/\"},{\"@type\":\"ListItem\",\"position\":2,\"name\":\"Boutique en ligne\",\"item\":\"https:\\\/\\\/alpen-markt.ch\\\/fr\\\/boutique-en-ligne\\\/\"},{\"@type\":\"ListItem\",\"position\":3,\"name\":\"Johanneli Fi &#8211; Walerhone Assemblage AOC VS\"}]},{\"@type\":\"WebSite\",\"@id\":\"https:\\\/\\\/alpen-markt.ch\\\/fr\\\/#website\",\"url\":\"https:\\\/\\\/alpen-markt.ch\\\/fr\\\/\",\"name\":\"Alpenmarkt\",\"description\":\"\",\"publisher\":{\"@id\":\"https:\\\/\\\/alpen-markt.ch\\\/fr\\\/#organization\"},\"potentialAction\":[{\"@type\":\"SearchAction\",\"target\":{\"@type\":\"EntryPoint\",\"urlTemplate\":\"https:\\\/\\\/alpen-markt.ch\\\/fr\\\/?s={search_term_string}\"},\"query-input\":{\"@type\":\"PropertyValueSpecification\",\"valueRequired\":true,\"valueName\":\"search_term_string\"}}],\"inLanguage\":\"fr-FR\"},{\"@type\":\"Organization\",\"@id\":\"https:\\\/\\\/alpen-markt.ch\\\/fr\\\/#organization\",\"name\":\"Alpenmarkt\",\"url\":\"https:\\\/\\\/alpen-markt.ch\\\/fr\\\/\",\"logo\":{\"@type\":\"ImageObject\",\"inLanguage\":\"fr-FR\",\"@id\":\"https:\\\/\\\/alpen-markt.ch\\\/fr\\\/#\\\/schema\\\/logo\\\/image\\\/\",\"url\":\"https:\\\/\\\/alpen-markt.ch\\\/wp-content\\\/uploads\\\/2025\\\/11\\\/logo-alpenmarkt.png\",\"contentUrl\":\"https:\\\/\\\/alpen-markt.ch\\\/wp-content\\\/uploads\\\/2025\\\/11\\\/logo-alpenmarkt.png\",\"width\":1048,\"height\":452,\"caption\":\"Alpenmarkt\"},\"image\":{\"@id\":\"https:\\\/\\\/alpen-markt.ch\\\/fr\\\/#\\\/schema\\\/logo\\\/image\\\/\"}}]}<\/script>\n<!-- \/ Yoast SEO plugin. -->","yoast_head_json":{"title":"Johanneli Fi - Walerhone Assemblage AOC VS - Alpenmarkt","robots":{"index":"index","follow":"follow","max-snippet":"max-snippet:-1","max-image-preview":"max-image-preview:large","max-video-preview":"max-video-preview:-1"},"canonical":"https:\/\/alpen-markt.ch\/fr\/produkt\/johanneli-fi-walerhone-assemblage-aoc-vs\/","og_locale":"fr_FR","og_type":"article","og_title":"Johanneli Fi - Walerhone Assemblage AOC VS - Alpenmarkt","og_description":"JOHANNELI FI &#8211; LES \u00ab L\u00c9GENDAIRES \u00bb VINS DE VISP 17,5\/20 Points Bona Aestimare C\u00e9pages : assemblage, entre autres des nobles, en partie s\u00e9ch\u00e9s raisins de Pinot Noir Type de vin : les notes de raisins secs se retrouvent dans le produit final. Il en r\u00e9sulte un vin fruit\u00e9 et tr\u00e8s doux. \u00c0 cela s&rsquo;ajoute [&hellip;]","og_url":"https:\/\/alpen-markt.ch\/fr\/produkt\/johanneli-fi-walerhone-assemblage-aoc-vs\/","og_site_name":"Alpenmarkt","og_image":[{"width":500,"height":500,"url":"https:\/\/alpen-markt.ch\/wp-content\/uploads\/2025\/11\/a96dd4df-e7fb-4520-bcbb-8eb41d930bd1.png","type":"image\/png"}],"twitter_card":"summary_large_image","twitter_misc":{"Dur\u00e9e de lecture estim\u00e9e":"2 minutes"},"schema":{"@context":"https:\/\/schema.org","@graph":[{"@type":"WebPage","@id":"https:\/\/alpen-markt.ch\/fr\/produkt\/johanneli-fi-walerhone-assemblage-aoc-vs\/","url":"https:\/\/alpen-markt.ch\/fr\/produkt\/johanneli-fi-walerhone-assemblage-aoc-vs\/","name":"Johanneli Fi - Walerhone Assemblage AOC VS - Alpenmarkt","isPartOf":{"@id":"https:\/\/alpen-markt.ch\/fr\/#website"},"primaryImageOfPage":{"@id":"https:\/\/alpen-markt.ch\/fr\/produkt\/johanneli-fi-walerhone-assemblage-aoc-vs\/#primaryimage"},"image":{"@id":"https:\/\/alpen-markt.ch\/fr\/produkt\/johanneli-fi-walerhone-assemblage-aoc-vs\/#primaryimage"},"thumbnailUrl":"https:\/\/alpen-markt.ch\/wp-content\/uploads\/2025\/11\/a96dd4df-e7fb-4520-bcbb-8eb41d930bd1.png","datePublished":"2025-11-25T15:50:44+00:00","breadcrumb":{"@id":"https:\/\/alpen-markt.ch\/fr\/produkt\/johanneli-fi-walerhone-assemblage-aoc-vs\/#breadcrumb"},"inLanguage":"fr-FR","potentialAction":[{"@type":"ReadAction","target":["https:\/\/alpen-markt.ch\/fr\/produkt\/johanneli-fi-walerhone-assemblage-aoc-vs\/"]}]},{"@type":"ImageObject","inLanguage":"fr-FR","@id":"https:\/\/alpen-markt.ch\/fr\/produkt\/johanneli-fi-walerhone-assemblage-aoc-vs\/#primaryimage","url":"https:\/\/alpen-markt.ch\/wp-content\/uploads\/2025\/11\/a96dd4df-e7fb-4520-bcbb-8eb41d930bd1.png","contentUrl":"https:\/\/alpen-markt.ch\/wp-content\/uploads\/2025\/11\/a96dd4df-e7fb-4520-bcbb-8eb41d930bd1.png","width":500,"height":500},{"@type":"BreadcrumbList","@id":"https:\/\/alpen-markt.ch\/fr\/produkt\/johanneli-fi-walerhone-assemblage-aoc-vs\/#breadcrumb","itemListElement":[{"@type":"ListItem","position":1,"name":"Startseite","item":"https:\/\/alpen-markt.ch\/fr\/home\/"},{"@type":"ListItem","position":2,"name":"Boutique en ligne","item":"https:\/\/alpen-markt.ch\/fr\/boutique-en-ligne\/"},{"@type":"ListItem","position":3,"name":"Johanneli Fi &#8211; Walerhone Assemblage AOC VS"}]},{"@type":"WebSite","@id":"https:\/\/alpen-markt.ch\/fr\/#website","url":"https:\/\/alpen-markt.ch\/fr\/","name":"Alpenmarkt","description":"","publisher":{"@id":"https:\/\/alpen-markt.ch\/fr\/#organization"},"potentialAction":[{"@type":"SearchAction","target":{"@type":"EntryPoint","urlTemplate":"https:\/\/alpen-markt.ch\/fr\/?s={search_term_string}"},"query-input":{"@type":"PropertyValueSpecification","valueRequired":true,"valueName":"search_term_string"}}],"inLanguage":"fr-FR"},{"@type":"Organization","@id":"https:\/\/alpen-markt.ch\/fr\/#organization","name":"Alpenmarkt","url":"https:\/\/alpen-markt.ch\/fr\/","logo":{"@type":"ImageObject","inLanguage":"fr-FR","@id":"https:\/\/alpen-markt.ch\/fr\/#\/schema\/logo\/image\/","url":"https:\/\/alpen-markt.ch\/wp-content\/uploads\/2025\/11\/logo-alpenmarkt.png","contentUrl":"https:\/\/alpen-markt.ch\/wp-content\/uploads\/2025\/11\/logo-alpenmarkt.png","width":1048,"height":452,"caption":"Alpenmarkt"},"image":{"@id":"https:\/\/alpen-markt.ch\/fr\/#\/schema\/logo\/image\/"}}]}},"_links":{"self":[{"href":"https:\/\/alpen-markt.ch\/fr\/wp-json\/wp\/v2\/product\/3825","targetHints":{"allow":["GET"]}}],"collection":[{"href":"https:\/\/alpen-markt.ch\/fr\/wp-json\/wp\/v2\/product"}],"about":[{"href":"https:\/\/alpen-markt.ch\/fr\/wp-json\/wp\/v2\/types\/product"}],"wp:featuredmedia":[{"embeddable":true,"href":"https:\/\/alpen-markt.ch\/fr\/wp-json\/wp\/v2\/media\/3826"}],"wp:attachment":[{"href":"https:\/\/alpen-markt.ch\/fr\/wp-json\/wp\/v2\/media?parent=3825"}],"wp:term":[{"taxonomy":"product_brand","embeddable":true,"href":"https:\/\/alpen-markt.ch\/fr\/wp-json\/wp\/v2\/product_brand?post=3825"},{"taxonomy":"product_cat","embeddable":true,"href":"https:\/\/alpen-markt.ch\/fr\/wp-json\/wp\/v2\/product_cat?post=3825"},{"taxonomy":"product_tag","embeddable":true,"href":"https:\/\/alpen-markt.ch\/fr\/wp-json\/wp\/v2\/product_tag?post=3825"}],"curies":[{"name":"wp","href":"https:\/\/api.w.org\/{rel}","templated":true}]}}