{"id":3821,"date":"2025-11-25T16:50:44","date_gmt":"2025-11-25T15:50:44","guid":{"rendered":"https:\/\/alpen-markt.ch\/produkt\/johanneli-fi-goldtropfu-johannisberg-aoc-vs\/"},"modified":"2025-11-25T16:50:44","modified_gmt":"2025-11-25T15:50:44","slug":"johanneli-fi-goldtropfu-johannisberg-aoc-vs","status":"publish","type":"product","link":"https:\/\/alpen-markt.ch\/fr\/produkt\/johanneli-fi-goldtropfu-johannisberg-aoc-vs\/","title":{"rendered":"Johanneli Fi &#8211; Goldtropfu Johannisberg AOC VS"},"content":{"rendered":"<p>JOHANNELI FI &#8211; LES \u00ab L\u00c9GENDAIRES \u00bb VINS DE VISP<\/p>\n<p>C\u00e9page : Johannisberg<br \/>\nType de vin : fruit\u00e9 et harmonieux, ar\u00f4mes d&rsquo;amande, acidit\u00e9 agr\u00e9able, doux en bouche. Un vin blanc \u00e9l\u00e9gant avec un fruit\u00e9 muscl\u00e9, une touche d&rsquo;amande et de subtils ar\u00f4mes de noix<br \/>\nTemp\u00e9rature de service : 8 \u2013 12 \u00b0C<br \/>\nMaturit\u00e9 de consommation : 1 \u2013 2 ans<br \/>\nAccords : ap\u00e9ritif ou avec du poisson, des crustac\u00e9s, des asperges, des entr\u00e9es, des plats au safran et du fromage <\/p>\n<p>Ce produit est soumis \u00e0 la protection des mineurs, il ne peut \u00eatre vendu aux moins de 16 ans.<br \/>\nRetrait sur place sur pr\u00e9sentation d&rsquo;une pi\u00e8ce d&rsquo;identit\u00e9<br \/>\nExp\u00e9dition uniquement apr\u00e8s appel vid\u00e9o et transmission d&rsquo;une copie d&rsquo;une pi\u00e8ce d&rsquo;identit\u00e9 officielle.<\/p>\n<p>La l\u00e9gende du vin :<br \/>\nUn chasseur du Valais rencontra un jour un esprit des montagnes. Celui-ci lui montra une fissure dans un rocher o\u00f9 coulait de l&rsquo;or. Le chasseur avait le droit d&rsquo;y placer chaque printemps une petite cruche qui, \u00e0 l&rsquo;automne, \u00e9tait toujours pleine. Le chasseur en fut tr\u00e8s heureux et investit ses terres dans l&rsquo;or. Mais son avidit\u00e9 pour l&rsquo;or ne cessait de cro\u00eetre, si bien qu&rsquo;il se rendit au rocher d\u00e8s l&rsquo;\u00e9t\u00e9 pour voir combien d&rsquo;or s&rsquo;\u00e9tait d\u00e9j\u00e0 accumul\u00e9. Mais sa d\u00e9ception fut grande lorsqu&rsquo;il ne trouva ni le rocher ni la fissure ce jour-l\u00e0. Le chasseur est mort il y a longtemps. Mais on a entendu dire par la vieille berg\u00e8re que quelques visiteurs \u00e9trangers auraient revu la goutte d&rsquo;or. Seuls ceux qui ont de la chance peuvent profiter de cette goutte rare.        <\/p>\n","protected":false},"excerpt":{"rendered":"<p>JOHANNELI FI &#8211; LES \u00ab L\u00c9GENDAIRES \u00bb VINS DE VISP C\u00e9page : Johannisberg Type de vin : fruit\u00e9 et harmonieux, ar\u00f4mes d&rsquo;amande, acidit\u00e9 agr\u00e9able, doux en bouche. Un vin blanc \u00e9l\u00e9gant avec un fruit\u00e9 muscl\u00e9, une touche d&rsquo;amande et de subtils ar\u00f4mes de noix Temp\u00e9rature de service : 8 \u2013 12 \u00b0C Maturit\u00e9 de consommation [&hellip;]<\/p>\n","protected":false},"featured_media":3822,"template":"","meta":[],"product_brand":[],"product_cat":[80],"product_tag":[],"class_list":{"0":"post-3821","1":"product","2":"type-product","3":"status-publish","4":"has-post-thumbnail","6":"product_cat-a-votre-sante-boissons-de-la-region-alpine","8":"first","9":"outofstock","10":"taxable","11":"shipping-taxable","12":"purchasable","13":"product-type-simple"},"yoast_head":"<!-- This site is optimized with the Yoast SEO plugin v27.4 - https:\/\/yoast.com\/product\/yoast-seo-wordpress\/ -->\n<title>Johanneli Fi - Goldtropfu Johannisberg AOC VS - Alpenmarkt<\/title>\n<meta name=\"robots\" content=\"index, follow, max-snippet:-1, max-image-preview:large, max-video-preview:-1\" \/>\n<link rel=\"canonical\" href=\"https:\/\/alpen-markt.ch\/fr\/produkt\/johanneli-fi-goldtropfu-johannisberg-aoc-vs\/\" \/>\n<meta property=\"og:locale\" content=\"fr_FR\" \/>\n<meta property=\"og:type\" content=\"article\" \/>\n<meta property=\"og:title\" content=\"Johanneli Fi - Goldtropfu Johannisberg AOC VS - Alpenmarkt\" \/>\n<meta property=\"og:description\" content=\"JOHANNELI FI &#8211; LES \u00ab L\u00c9GENDAIRES \u00bb VINS DE VISP C\u00e9page : Johannisberg Type de vin : fruit\u00e9 et harmonieux, ar\u00f4mes d&rsquo;amande, acidit\u00e9 agr\u00e9able, doux en bouche. Un vin blanc \u00e9l\u00e9gant avec un fruit\u00e9 muscl\u00e9, une touche d&rsquo;amande et de subtils ar\u00f4mes de noix Temp\u00e9rature de service : 8 \u2013 12 \u00b0C Maturit\u00e9 de consommation [&hellip;]\" \/>\n<meta property=\"og:url\" content=\"https:\/\/alpen-markt.ch\/fr\/produkt\/johanneli-fi-goldtropfu-johannisberg-aoc-vs\/\" \/>\n<meta property=\"og:site_name\" content=\"Alpenmarkt\" \/>\n<meta property=\"og:image\" content=\"https:\/\/alpen-markt.ch\/wp-content\/uploads\/2025\/11\/4053f063-06ac-433c-9f8c-ca157b694da3.png\" \/>\n\t<meta property=\"og:image:width\" content=\"500\" \/>\n\t<meta property=\"og:image:height\" content=\"500\" \/>\n\t<meta property=\"og:image:type\" content=\"image\/png\" \/>\n<meta name=\"twitter:card\" content=\"summary_large_image\" \/>\n<meta name=\"twitter:label1\" content=\"Dur\u00e9e de lecture estim\u00e9e\" \/>\n\t<meta name=\"twitter:data1\" content=\"1 minute\" \/>\n<script type=\"application\/ld+json\" class=\"yoast-schema-graph\">{\"@context\":\"https:\\\/\\\/schema.org\",\"@graph\":[{\"@type\":\"WebPage\",\"@id\":\"https:\\\/\\\/alpen-markt.ch\\\/fr\\\/produkt\\\/johanneli-fi-goldtropfu-johannisberg-aoc-vs\\\/\",\"url\":\"https:\\\/\\\/alpen-markt.ch\\\/fr\\\/produkt\\\/johanneli-fi-goldtropfu-johannisberg-aoc-vs\\\/\",\"name\":\"Johanneli Fi - Goldtropfu Johannisberg AOC VS - Alpenmarkt\",\"isPartOf\":{\"@id\":\"https:\\\/\\\/alpen-markt.ch\\\/fr\\\/#website\"},\"primaryImageOfPage\":{\"@id\":\"https:\\\/\\\/alpen-markt.ch\\\/fr\\\/produkt\\\/johanneli-fi-goldtropfu-johannisberg-aoc-vs\\\/#primaryimage\"},\"image\":{\"@id\":\"https:\\\/\\\/alpen-markt.ch\\\/fr\\\/produkt\\\/johanneli-fi-goldtropfu-johannisberg-aoc-vs\\\/#primaryimage\"},\"thumbnailUrl\":\"https:\\\/\\\/alpen-markt.ch\\\/wp-content\\\/uploads\\\/2025\\\/11\\\/4053f063-06ac-433c-9f8c-ca157b694da3.png\",\"datePublished\":\"2025-11-25T15:50:44+00:00\",\"breadcrumb\":{\"@id\":\"https:\\\/\\\/alpen-markt.ch\\\/fr\\\/produkt\\\/johanneli-fi-goldtropfu-johannisberg-aoc-vs\\\/#breadcrumb\"},\"inLanguage\":\"fr-FR\",\"potentialAction\":[{\"@type\":\"ReadAction\",\"target\":[\"https:\\\/\\\/alpen-markt.ch\\\/fr\\\/produkt\\\/johanneli-fi-goldtropfu-johannisberg-aoc-vs\\\/\"]}]},{\"@type\":\"ImageObject\",\"inLanguage\":\"fr-FR\",\"@id\":\"https:\\\/\\\/alpen-markt.ch\\\/fr\\\/produkt\\\/johanneli-fi-goldtropfu-johannisberg-aoc-vs\\\/#primaryimage\",\"url\":\"https:\\\/\\\/alpen-markt.ch\\\/wp-content\\\/uploads\\\/2025\\\/11\\\/4053f063-06ac-433c-9f8c-ca157b694da3.png\",\"contentUrl\":\"https:\\\/\\\/alpen-markt.ch\\\/wp-content\\\/uploads\\\/2025\\\/11\\\/4053f063-06ac-433c-9f8c-ca157b694da3.png\",\"width\":500,\"height\":500},{\"@type\":\"BreadcrumbList\",\"@id\":\"https:\\\/\\\/alpen-markt.ch\\\/fr\\\/produkt\\\/johanneli-fi-goldtropfu-johannisberg-aoc-vs\\\/#breadcrumb\",\"itemListElement\":[{\"@type\":\"ListItem\",\"position\":1,\"name\":\"Startseite\",\"item\":\"https:\\\/\\\/alpen-markt.ch\\\/fr\\\/home\\\/\"},{\"@type\":\"ListItem\",\"position\":2,\"name\":\"Boutique en ligne\",\"item\":\"https:\\\/\\\/alpen-markt.ch\\\/fr\\\/boutique-en-ligne\\\/\"},{\"@type\":\"ListItem\",\"position\":3,\"name\":\"Johanneli Fi &#8211; Goldtropfu Johannisberg AOC VS\"}]},{\"@type\":\"WebSite\",\"@id\":\"https:\\\/\\\/alpen-markt.ch\\\/fr\\\/#website\",\"url\":\"https:\\\/\\\/alpen-markt.ch\\\/fr\\\/\",\"name\":\"Alpenmarkt\",\"description\":\"\",\"publisher\":{\"@id\":\"https:\\\/\\\/alpen-markt.ch\\\/fr\\\/#organization\"},\"potentialAction\":[{\"@type\":\"SearchAction\",\"target\":{\"@type\":\"EntryPoint\",\"urlTemplate\":\"https:\\\/\\\/alpen-markt.ch\\\/fr\\\/?s={search_term_string}\"},\"query-input\":{\"@type\":\"PropertyValueSpecification\",\"valueRequired\":true,\"valueName\":\"search_term_string\"}}],\"inLanguage\":\"fr-FR\"},{\"@type\":\"Organization\",\"@id\":\"https:\\\/\\\/alpen-markt.ch\\\/fr\\\/#organization\",\"name\":\"Alpenmarkt\",\"url\":\"https:\\\/\\\/alpen-markt.ch\\\/fr\\\/\",\"logo\":{\"@type\":\"ImageObject\",\"inLanguage\":\"fr-FR\",\"@id\":\"https:\\\/\\\/alpen-markt.ch\\\/fr\\\/#\\\/schema\\\/logo\\\/image\\\/\",\"url\":\"https:\\\/\\\/alpen-markt.ch\\\/wp-content\\\/uploads\\\/2025\\\/11\\\/logo-alpenmarkt.png\",\"contentUrl\":\"https:\\\/\\\/alpen-markt.ch\\\/wp-content\\\/uploads\\\/2025\\\/11\\\/logo-alpenmarkt.png\",\"width\":1048,\"height\":452,\"caption\":\"Alpenmarkt\"},\"image\":{\"@id\":\"https:\\\/\\\/alpen-markt.ch\\\/fr\\\/#\\\/schema\\\/logo\\\/image\\\/\"}}]}<\/script>\n<!-- \/ Yoast SEO plugin. -->","yoast_head_json":{"title":"Johanneli Fi - Goldtropfu Johannisberg AOC VS - Alpenmarkt","robots":{"index":"index","follow":"follow","max-snippet":"max-snippet:-1","max-image-preview":"max-image-preview:large","max-video-preview":"max-video-preview:-1"},"canonical":"https:\/\/alpen-markt.ch\/fr\/produkt\/johanneli-fi-goldtropfu-johannisberg-aoc-vs\/","og_locale":"fr_FR","og_type":"article","og_title":"Johanneli Fi - Goldtropfu Johannisberg AOC VS - Alpenmarkt","og_description":"JOHANNELI FI &#8211; LES \u00ab L\u00c9GENDAIRES \u00bb VINS DE VISP C\u00e9page : Johannisberg Type de vin : fruit\u00e9 et harmonieux, ar\u00f4mes d&rsquo;amande, acidit\u00e9 agr\u00e9able, doux en bouche. Un vin blanc \u00e9l\u00e9gant avec un fruit\u00e9 muscl\u00e9, une touche d&rsquo;amande et de subtils ar\u00f4mes de noix Temp\u00e9rature de service : 8 \u2013 12 \u00b0C Maturit\u00e9 de consommation [&hellip;]","og_url":"https:\/\/alpen-markt.ch\/fr\/produkt\/johanneli-fi-goldtropfu-johannisberg-aoc-vs\/","og_site_name":"Alpenmarkt","og_image":[{"width":500,"height":500,"url":"https:\/\/alpen-markt.ch\/wp-content\/uploads\/2025\/11\/4053f063-06ac-433c-9f8c-ca157b694da3.png","type":"image\/png"}],"twitter_card":"summary_large_image","twitter_misc":{"Dur\u00e9e de lecture estim\u00e9e":"1 minute"},"schema":{"@context":"https:\/\/schema.org","@graph":[{"@type":"WebPage","@id":"https:\/\/alpen-markt.ch\/fr\/produkt\/johanneli-fi-goldtropfu-johannisberg-aoc-vs\/","url":"https:\/\/alpen-markt.ch\/fr\/produkt\/johanneli-fi-goldtropfu-johannisberg-aoc-vs\/","name":"Johanneli Fi - Goldtropfu Johannisberg AOC VS - Alpenmarkt","isPartOf":{"@id":"https:\/\/alpen-markt.ch\/fr\/#website"},"primaryImageOfPage":{"@id":"https:\/\/alpen-markt.ch\/fr\/produkt\/johanneli-fi-goldtropfu-johannisberg-aoc-vs\/#primaryimage"},"image":{"@id":"https:\/\/alpen-markt.ch\/fr\/produkt\/johanneli-fi-goldtropfu-johannisberg-aoc-vs\/#primaryimage"},"thumbnailUrl":"https:\/\/alpen-markt.ch\/wp-content\/uploads\/2025\/11\/4053f063-06ac-433c-9f8c-ca157b694da3.png","datePublished":"2025-11-25T15:50:44+00:00","breadcrumb":{"@id":"https:\/\/alpen-markt.ch\/fr\/produkt\/johanneli-fi-goldtropfu-johannisberg-aoc-vs\/#breadcrumb"},"inLanguage":"fr-FR","potentialAction":[{"@type":"ReadAction","target":["https:\/\/alpen-markt.ch\/fr\/produkt\/johanneli-fi-goldtropfu-johannisberg-aoc-vs\/"]}]},{"@type":"ImageObject","inLanguage":"fr-FR","@id":"https:\/\/alpen-markt.ch\/fr\/produkt\/johanneli-fi-goldtropfu-johannisberg-aoc-vs\/#primaryimage","url":"https:\/\/alpen-markt.ch\/wp-content\/uploads\/2025\/11\/4053f063-06ac-433c-9f8c-ca157b694da3.png","contentUrl":"https:\/\/alpen-markt.ch\/wp-content\/uploads\/2025\/11\/4053f063-06ac-433c-9f8c-ca157b694da3.png","width":500,"height":500},{"@type":"BreadcrumbList","@id":"https:\/\/alpen-markt.ch\/fr\/produkt\/johanneli-fi-goldtropfu-johannisberg-aoc-vs\/#breadcrumb","itemListElement":[{"@type":"ListItem","position":1,"name":"Startseite","item":"https:\/\/alpen-markt.ch\/fr\/home\/"},{"@type":"ListItem","position":2,"name":"Boutique en ligne","item":"https:\/\/alpen-markt.ch\/fr\/boutique-en-ligne\/"},{"@type":"ListItem","position":3,"name":"Johanneli Fi &#8211; Goldtropfu Johannisberg AOC VS"}]},{"@type":"WebSite","@id":"https:\/\/alpen-markt.ch\/fr\/#website","url":"https:\/\/alpen-markt.ch\/fr\/","name":"Alpenmarkt","description":"","publisher":{"@id":"https:\/\/alpen-markt.ch\/fr\/#organization"},"potentialAction":[{"@type":"SearchAction","target":{"@type":"EntryPoint","urlTemplate":"https:\/\/alpen-markt.ch\/fr\/?s={search_term_string}"},"query-input":{"@type":"PropertyValueSpecification","valueRequired":true,"valueName":"search_term_string"}}],"inLanguage":"fr-FR"},{"@type":"Organization","@id":"https:\/\/alpen-markt.ch\/fr\/#organization","name":"Alpenmarkt","url":"https:\/\/alpen-markt.ch\/fr\/","logo":{"@type":"ImageObject","inLanguage":"fr-FR","@id":"https:\/\/alpen-markt.ch\/fr\/#\/schema\/logo\/image\/","url":"https:\/\/alpen-markt.ch\/wp-content\/uploads\/2025\/11\/logo-alpenmarkt.png","contentUrl":"https:\/\/alpen-markt.ch\/wp-content\/uploads\/2025\/11\/logo-alpenmarkt.png","width":1048,"height":452,"caption":"Alpenmarkt"},"image":{"@id":"https:\/\/alpen-markt.ch\/fr\/#\/schema\/logo\/image\/"}}]}},"_links":{"self":[{"href":"https:\/\/alpen-markt.ch\/fr\/wp-json\/wp\/v2\/product\/3821","targetHints":{"allow":["GET"]}}],"collection":[{"href":"https:\/\/alpen-markt.ch\/fr\/wp-json\/wp\/v2\/product"}],"about":[{"href":"https:\/\/alpen-markt.ch\/fr\/wp-json\/wp\/v2\/types\/product"}],"wp:featuredmedia":[{"embeddable":true,"href":"https:\/\/alpen-markt.ch\/fr\/wp-json\/wp\/v2\/media\/3822"}],"wp:attachment":[{"href":"https:\/\/alpen-markt.ch\/fr\/wp-json\/wp\/v2\/media?parent=3821"}],"wp:term":[{"taxonomy":"product_brand","embeddable":true,"href":"https:\/\/alpen-markt.ch\/fr\/wp-json\/wp\/v2\/product_brand?post=3821"},{"taxonomy":"product_cat","embeddable":true,"href":"https:\/\/alpen-markt.ch\/fr\/wp-json\/wp\/v2\/product_cat?post=3821"},{"taxonomy":"product_tag","embeddable":true,"href":"https:\/\/alpen-markt.ch\/fr\/wp-json\/wp\/v2\/product_tag?post=3821"}],"curies":[{"name":"wp","href":"https:\/\/api.w.org\/{rel}","templated":true}]}}