{"id":3819,"date":"2025-11-25T16:50:44","date_gmt":"2025-11-25T15:50:44","guid":{"rendered":"https:\/\/alpen-markt.ch\/produkt\/johanneli-fi-donno-zen-dorren-assemblage-aoc-vs\/"},"modified":"2025-11-25T16:50:44","modified_gmt":"2025-11-25T15:50:44","slug":"johanneli-fi-donno-zen-dorren-assemblage-aoc-vs","status":"publish","type":"product","link":"https:\/\/alpen-markt.ch\/fr\/produkt\/johanneli-fi-donno-zen-dorren-assemblage-aoc-vs\/","title":{"rendered":"Johanneli Fi &#8211; Donno zen Dorren Assemblage AOC VS"},"content":{"rendered":"<p>JOHANNELI FI &#8211; LES \u00ab L\u00c9GENDAIRES \u00bb VINS DE VISP<\/p>\n<p>C\u00e9pages : Syrah et Pinot Noir<\/p>\n<p>Type de vin : rouge fonc\u00e9 et intense, couleur velout\u00e9e avec des reflets violets. Au nez, des ar\u00f4mes de poivre noir et de baies noires se d\u00e9gagent, faisant de ce vin une v\u00e9ritable exp\u00e9rience gustative. <\/p>\n<p>Maturit\u00e9 optimale : 3 \u00e0 5 ans<\/p>\n<p>Temp\u00e9rature de service : 16 \u00b0C.<br \/>\nAccords : viandes grill\u00e9es, en particulier le gibier<\/p>\n<p>Ce produit est soumis \u00e0 la protection des mineurs, il ne peut \u00eatre vendu aux moins de 16 ans.<br \/>\nRetrait sur place sur pr\u00e9sentation d&rsquo;une pi\u00e8ce d&rsquo;identit\u00e9<br \/>\nExp\u00e9dition uniquement apr\u00e8s appel vid\u00e9o et transmission d&rsquo;une copie d&rsquo;une pi\u00e8ce d&rsquo;identit\u00e9 officielle.<\/p>\n<p>La l\u00e9gende du vin :<br \/>\nDonno zen Dorren \u00e9tait consid\u00e9r\u00e9 comme l&rsquo;homme le plus fort de cette partie du Simplon. On disait qu&rsquo;il pouvait soulever une table \u00e0 lui seul avec ses dents. Lorsque les Sarrasins tent\u00e8rent d&rsquo;occuper le col du Simplon au Xe si\u00e8cle, Donno fut envoy\u00e9 pour mettre un terme aux envahisseurs. Il impressionna les Sarrasins rien qu&rsquo;avec ses cris, entendus de loin.   <\/p>\n<p>Il s&rsquo;av\u00e9ra qu&rsquo;ils n&rsquo;avaient pas l&rsquo;intention de prendre le col. Ils \u00e9taient simplement de passage. En signe de paix, ils autoris\u00e8rent Donno \u00e0 emporter les tonneaux de vin italien de la douane. Il en prit un sous chaque bras. Il en saisit un autre avec quatre doigts. Puis il repartit vers Brigue.     <\/p>\n<p>L\u00e0-bas, on croyait que Donno avait vaincu les Sarrasins au combat. Le vin \u00e9tait c\u00e9l\u00e9br\u00e9 comme la boisson de la victoire. Zen Dorren s&rsquo;est alors lanc\u00e9 dans la viticulture et a d\u00e9velopp\u00e9 son propre vin, le \u00ab Donno Zen Dorren \u00bb, auquel on attribue encore aujourd&rsquo;hui des pouvoirs sp\u00e9ciaux.  <\/p>\n","protected":false},"excerpt":{"rendered":"<p>JOHANNELI FI &#8211; LES \u00ab L\u00c9GENDAIRES \u00bb VINS DE VISP C\u00e9pages : Syrah et Pinot Noir Type de vin : rouge fonc\u00e9 et intense, couleur velout\u00e9e avec des reflets violets. Au nez, des ar\u00f4mes de poivre noir et de baies noires se d\u00e9gagent, faisant de ce vin une v\u00e9ritable exp\u00e9rience gustative. Maturit\u00e9 optimale : 3 [&hellip;]<\/p>\n","protected":false},"featured_media":3820,"template":"","meta":[],"product_brand":[],"product_cat":[80],"product_tag":[],"class_list":{"0":"post-3819","1":"product","2":"type-product","3":"status-publish","4":"has-post-thumbnail","6":"product_cat-a-votre-sante-boissons-de-la-region-alpine","8":"first","9":"outofstock","10":"taxable","11":"shipping-taxable","12":"purchasable","13":"product-type-simple"},"yoast_head":"<!-- This site is optimized with the Yoast SEO plugin v27.4 - https:\/\/yoast.com\/product\/yoast-seo-wordpress\/ -->\n<title>Johanneli Fi - Donno zen Dorren Assemblage AOC VS - Alpenmarkt<\/title>\n<meta name=\"robots\" content=\"index, follow, max-snippet:-1, max-image-preview:large, max-video-preview:-1\" \/>\n<link rel=\"canonical\" href=\"https:\/\/alpen-markt.ch\/fr\/produkt\/johanneli-fi-donno-zen-dorren-assemblage-aoc-vs\/\" \/>\n<meta property=\"og:locale\" content=\"fr_FR\" \/>\n<meta property=\"og:type\" content=\"article\" \/>\n<meta property=\"og:title\" content=\"Johanneli Fi - Donno zen Dorren Assemblage AOC VS - Alpenmarkt\" \/>\n<meta property=\"og:description\" content=\"JOHANNELI FI &#8211; LES \u00ab L\u00c9GENDAIRES \u00bb VINS DE VISP C\u00e9pages : Syrah et Pinot Noir Type de vin : rouge fonc\u00e9 et intense, couleur velout\u00e9e avec des reflets violets. Au nez, des ar\u00f4mes de poivre noir et de baies noires se d\u00e9gagent, faisant de ce vin une v\u00e9ritable exp\u00e9rience gustative. Maturit\u00e9 optimale : 3 [&hellip;]\" \/>\n<meta property=\"og:url\" content=\"https:\/\/alpen-markt.ch\/fr\/produkt\/johanneli-fi-donno-zen-dorren-assemblage-aoc-vs\/\" \/>\n<meta property=\"og:site_name\" content=\"Alpenmarkt\" \/>\n<meta property=\"og:image\" content=\"https:\/\/alpen-markt.ch\/wp-content\/uploads\/2025\/11\/67432265-d925-41a3-bd30-656abbb2fbd9.png\" \/>\n\t<meta property=\"og:image:width\" content=\"500\" \/>\n\t<meta property=\"og:image:height\" content=\"500\" \/>\n\t<meta property=\"og:image:type\" content=\"image\/png\" \/>\n<meta name=\"twitter:card\" content=\"summary_large_image\" \/>\n<meta name=\"twitter:label1\" content=\"Dur\u00e9e de lecture estim\u00e9e\" \/>\n\t<meta name=\"twitter:data1\" content=\"1 minute\" \/>\n<script type=\"application\/ld+json\" class=\"yoast-schema-graph\">{\"@context\":\"https:\\\/\\\/schema.org\",\"@graph\":[{\"@type\":\"WebPage\",\"@id\":\"https:\\\/\\\/alpen-markt.ch\\\/fr\\\/produkt\\\/johanneli-fi-donno-zen-dorren-assemblage-aoc-vs\\\/\",\"url\":\"https:\\\/\\\/alpen-markt.ch\\\/fr\\\/produkt\\\/johanneli-fi-donno-zen-dorren-assemblage-aoc-vs\\\/\",\"name\":\"Johanneli Fi - Donno zen Dorren Assemblage AOC VS - Alpenmarkt\",\"isPartOf\":{\"@id\":\"https:\\\/\\\/alpen-markt.ch\\\/fr\\\/#website\"},\"primaryImageOfPage\":{\"@id\":\"https:\\\/\\\/alpen-markt.ch\\\/fr\\\/produkt\\\/johanneli-fi-donno-zen-dorren-assemblage-aoc-vs\\\/#primaryimage\"},\"image\":{\"@id\":\"https:\\\/\\\/alpen-markt.ch\\\/fr\\\/produkt\\\/johanneli-fi-donno-zen-dorren-assemblage-aoc-vs\\\/#primaryimage\"},\"thumbnailUrl\":\"https:\\\/\\\/alpen-markt.ch\\\/wp-content\\\/uploads\\\/2025\\\/11\\\/67432265-d925-41a3-bd30-656abbb2fbd9.png\",\"datePublished\":\"2025-11-25T15:50:44+00:00\",\"breadcrumb\":{\"@id\":\"https:\\\/\\\/alpen-markt.ch\\\/fr\\\/produkt\\\/johanneli-fi-donno-zen-dorren-assemblage-aoc-vs\\\/#breadcrumb\"},\"inLanguage\":\"fr-FR\",\"potentialAction\":[{\"@type\":\"ReadAction\",\"target\":[\"https:\\\/\\\/alpen-markt.ch\\\/fr\\\/produkt\\\/johanneli-fi-donno-zen-dorren-assemblage-aoc-vs\\\/\"]}]},{\"@type\":\"ImageObject\",\"inLanguage\":\"fr-FR\",\"@id\":\"https:\\\/\\\/alpen-markt.ch\\\/fr\\\/produkt\\\/johanneli-fi-donno-zen-dorren-assemblage-aoc-vs\\\/#primaryimage\",\"url\":\"https:\\\/\\\/alpen-markt.ch\\\/wp-content\\\/uploads\\\/2025\\\/11\\\/67432265-d925-41a3-bd30-656abbb2fbd9.png\",\"contentUrl\":\"https:\\\/\\\/alpen-markt.ch\\\/wp-content\\\/uploads\\\/2025\\\/11\\\/67432265-d925-41a3-bd30-656abbb2fbd9.png\",\"width\":500,\"height\":500},{\"@type\":\"BreadcrumbList\",\"@id\":\"https:\\\/\\\/alpen-markt.ch\\\/fr\\\/produkt\\\/johanneli-fi-donno-zen-dorren-assemblage-aoc-vs\\\/#breadcrumb\",\"itemListElement\":[{\"@type\":\"ListItem\",\"position\":1,\"name\":\"Startseite\",\"item\":\"https:\\\/\\\/alpen-markt.ch\\\/fr\\\/home\\\/\"},{\"@type\":\"ListItem\",\"position\":2,\"name\":\"Boutique en ligne\",\"item\":\"https:\\\/\\\/alpen-markt.ch\\\/fr\\\/boutique-en-ligne\\\/\"},{\"@type\":\"ListItem\",\"position\":3,\"name\":\"Johanneli Fi &#8211; Donno zen Dorren Assemblage AOC VS\"}]},{\"@type\":\"WebSite\",\"@id\":\"https:\\\/\\\/alpen-markt.ch\\\/fr\\\/#website\",\"url\":\"https:\\\/\\\/alpen-markt.ch\\\/fr\\\/\",\"name\":\"Alpenmarkt\",\"description\":\"\",\"publisher\":{\"@id\":\"https:\\\/\\\/alpen-markt.ch\\\/fr\\\/#organization\"},\"potentialAction\":[{\"@type\":\"SearchAction\",\"target\":{\"@type\":\"EntryPoint\",\"urlTemplate\":\"https:\\\/\\\/alpen-markt.ch\\\/fr\\\/?s={search_term_string}\"},\"query-input\":{\"@type\":\"PropertyValueSpecification\",\"valueRequired\":true,\"valueName\":\"search_term_string\"}}],\"inLanguage\":\"fr-FR\"},{\"@type\":\"Organization\",\"@id\":\"https:\\\/\\\/alpen-markt.ch\\\/fr\\\/#organization\",\"name\":\"Alpenmarkt\",\"url\":\"https:\\\/\\\/alpen-markt.ch\\\/fr\\\/\",\"logo\":{\"@type\":\"ImageObject\",\"inLanguage\":\"fr-FR\",\"@id\":\"https:\\\/\\\/alpen-markt.ch\\\/fr\\\/#\\\/schema\\\/logo\\\/image\\\/\",\"url\":\"https:\\\/\\\/alpen-markt.ch\\\/wp-content\\\/uploads\\\/2025\\\/11\\\/logo-alpenmarkt.png\",\"contentUrl\":\"https:\\\/\\\/alpen-markt.ch\\\/wp-content\\\/uploads\\\/2025\\\/11\\\/logo-alpenmarkt.png\",\"width\":1048,\"height\":452,\"caption\":\"Alpenmarkt\"},\"image\":{\"@id\":\"https:\\\/\\\/alpen-markt.ch\\\/fr\\\/#\\\/schema\\\/logo\\\/image\\\/\"}}]}<\/script>\n<!-- \/ Yoast SEO plugin. -->","yoast_head_json":{"title":"Johanneli Fi - Donno zen Dorren Assemblage AOC VS - Alpenmarkt","robots":{"index":"index","follow":"follow","max-snippet":"max-snippet:-1","max-image-preview":"max-image-preview:large","max-video-preview":"max-video-preview:-1"},"canonical":"https:\/\/alpen-markt.ch\/fr\/produkt\/johanneli-fi-donno-zen-dorren-assemblage-aoc-vs\/","og_locale":"fr_FR","og_type":"article","og_title":"Johanneli Fi - Donno zen Dorren Assemblage AOC VS - Alpenmarkt","og_description":"JOHANNELI FI &#8211; LES \u00ab L\u00c9GENDAIRES \u00bb VINS DE VISP C\u00e9pages : Syrah et Pinot Noir Type de vin : rouge fonc\u00e9 et intense, couleur velout\u00e9e avec des reflets violets. Au nez, des ar\u00f4mes de poivre noir et de baies noires se d\u00e9gagent, faisant de ce vin une v\u00e9ritable exp\u00e9rience gustative. Maturit\u00e9 optimale : 3 [&hellip;]","og_url":"https:\/\/alpen-markt.ch\/fr\/produkt\/johanneli-fi-donno-zen-dorren-assemblage-aoc-vs\/","og_site_name":"Alpenmarkt","og_image":[{"width":500,"height":500,"url":"https:\/\/alpen-markt.ch\/wp-content\/uploads\/2025\/11\/67432265-d925-41a3-bd30-656abbb2fbd9.png","type":"image\/png"}],"twitter_card":"summary_large_image","twitter_misc":{"Dur\u00e9e de lecture estim\u00e9e":"1 minute"},"schema":{"@context":"https:\/\/schema.org","@graph":[{"@type":"WebPage","@id":"https:\/\/alpen-markt.ch\/fr\/produkt\/johanneli-fi-donno-zen-dorren-assemblage-aoc-vs\/","url":"https:\/\/alpen-markt.ch\/fr\/produkt\/johanneli-fi-donno-zen-dorren-assemblage-aoc-vs\/","name":"Johanneli Fi - Donno zen Dorren Assemblage AOC VS - Alpenmarkt","isPartOf":{"@id":"https:\/\/alpen-markt.ch\/fr\/#website"},"primaryImageOfPage":{"@id":"https:\/\/alpen-markt.ch\/fr\/produkt\/johanneli-fi-donno-zen-dorren-assemblage-aoc-vs\/#primaryimage"},"image":{"@id":"https:\/\/alpen-markt.ch\/fr\/produkt\/johanneli-fi-donno-zen-dorren-assemblage-aoc-vs\/#primaryimage"},"thumbnailUrl":"https:\/\/alpen-markt.ch\/wp-content\/uploads\/2025\/11\/67432265-d925-41a3-bd30-656abbb2fbd9.png","datePublished":"2025-11-25T15:50:44+00:00","breadcrumb":{"@id":"https:\/\/alpen-markt.ch\/fr\/produkt\/johanneli-fi-donno-zen-dorren-assemblage-aoc-vs\/#breadcrumb"},"inLanguage":"fr-FR","potentialAction":[{"@type":"ReadAction","target":["https:\/\/alpen-markt.ch\/fr\/produkt\/johanneli-fi-donno-zen-dorren-assemblage-aoc-vs\/"]}]},{"@type":"ImageObject","inLanguage":"fr-FR","@id":"https:\/\/alpen-markt.ch\/fr\/produkt\/johanneli-fi-donno-zen-dorren-assemblage-aoc-vs\/#primaryimage","url":"https:\/\/alpen-markt.ch\/wp-content\/uploads\/2025\/11\/67432265-d925-41a3-bd30-656abbb2fbd9.png","contentUrl":"https:\/\/alpen-markt.ch\/wp-content\/uploads\/2025\/11\/67432265-d925-41a3-bd30-656abbb2fbd9.png","width":500,"height":500},{"@type":"BreadcrumbList","@id":"https:\/\/alpen-markt.ch\/fr\/produkt\/johanneli-fi-donno-zen-dorren-assemblage-aoc-vs\/#breadcrumb","itemListElement":[{"@type":"ListItem","position":1,"name":"Startseite","item":"https:\/\/alpen-markt.ch\/fr\/home\/"},{"@type":"ListItem","position":2,"name":"Boutique en ligne","item":"https:\/\/alpen-markt.ch\/fr\/boutique-en-ligne\/"},{"@type":"ListItem","position":3,"name":"Johanneli Fi &#8211; Donno zen Dorren Assemblage AOC VS"}]},{"@type":"WebSite","@id":"https:\/\/alpen-markt.ch\/fr\/#website","url":"https:\/\/alpen-markt.ch\/fr\/","name":"Alpenmarkt","description":"","publisher":{"@id":"https:\/\/alpen-markt.ch\/fr\/#organization"},"potentialAction":[{"@type":"SearchAction","target":{"@type":"EntryPoint","urlTemplate":"https:\/\/alpen-markt.ch\/fr\/?s={search_term_string}"},"query-input":{"@type":"PropertyValueSpecification","valueRequired":true,"valueName":"search_term_string"}}],"inLanguage":"fr-FR"},{"@type":"Organization","@id":"https:\/\/alpen-markt.ch\/fr\/#organization","name":"Alpenmarkt","url":"https:\/\/alpen-markt.ch\/fr\/","logo":{"@type":"ImageObject","inLanguage":"fr-FR","@id":"https:\/\/alpen-markt.ch\/fr\/#\/schema\/logo\/image\/","url":"https:\/\/alpen-markt.ch\/wp-content\/uploads\/2025\/11\/logo-alpenmarkt.png","contentUrl":"https:\/\/alpen-markt.ch\/wp-content\/uploads\/2025\/11\/logo-alpenmarkt.png","width":1048,"height":452,"caption":"Alpenmarkt"},"image":{"@id":"https:\/\/alpen-markt.ch\/fr\/#\/schema\/logo\/image\/"}}]}},"_links":{"self":[{"href":"https:\/\/alpen-markt.ch\/fr\/wp-json\/wp\/v2\/product\/3819","targetHints":{"allow":["GET"]}}],"collection":[{"href":"https:\/\/alpen-markt.ch\/fr\/wp-json\/wp\/v2\/product"}],"about":[{"href":"https:\/\/alpen-markt.ch\/fr\/wp-json\/wp\/v2\/types\/product"}],"wp:featuredmedia":[{"embeddable":true,"href":"https:\/\/alpen-markt.ch\/fr\/wp-json\/wp\/v2\/media\/3820"}],"wp:attachment":[{"href":"https:\/\/alpen-markt.ch\/fr\/wp-json\/wp\/v2\/media?parent=3819"}],"wp:term":[{"taxonomy":"product_brand","embeddable":true,"href":"https:\/\/alpen-markt.ch\/fr\/wp-json\/wp\/v2\/product_brand?post=3819"},{"taxonomy":"product_cat","embeddable":true,"href":"https:\/\/alpen-markt.ch\/fr\/wp-json\/wp\/v2\/product_cat?post=3819"},{"taxonomy":"product_tag","embeddable":true,"href":"https:\/\/alpen-markt.ch\/fr\/wp-json\/wp\/v2\/product_tag?post=3819"}],"curies":[{"name":"wp","href":"https:\/\/api.w.org\/{rel}","templated":true}]}}