{"id":3815,"date":"2025-11-25T16:50:44","date_gmt":"2025-11-25T15:50:44","guid":{"rendered":"https:\/\/alpen-markt.ch\/produkt\/johanneli-fi-heida-paradis-aoc-vs\/"},"modified":"2025-11-25T16:50:44","modified_gmt":"2025-11-25T15:50:44","slug":"johanneli-fi-heida-paradis-aoc-vs","status":"publish","type":"product","link":"https:\/\/alpen-markt.ch\/fr\/produkt\/johanneli-fi-heida-paradis-aoc-vs\/","title":{"rendered":"Johanneli Fi &#8211; Heida Paradis AOC VS"},"content":{"rendered":"<p>JOHANNELI FI &#8211; LES VINS \u00ab L\u00c9GENDAIRES \u00bb DE VISP<\/p>\n<p>18,5\/20 points Bona Aestimare<br \/>\nC\u00e9page : Heida<br \/>\nType de vin : les raisins passerill\u00e9s pr\u00e9sentent une grande douceur r\u00e9siduelle et beaucoup d&rsquo;extrait total. Le vin de paille ainsi vinifi\u00e9 d\u00e9veloppe des ar\u00f4mes qui rappellent le miel et les fruits secs. Malgr\u00e9 sa teneur \u00e9lev\u00e9e en sucre r\u00e9siduel, le Paradis pr\u00e9sente un \u00e9quilibre agr\u00e9able et tr\u00e8s int\u00e9ressant entre douceur et acidit\u00e9, ce qui le rend tr\u00e8s digeste.<br \/>\nTemp\u00e9rature de service : 7 \u2013 10 \u00b0C<br \/>\nMaturit\u00e9 : 1 \u2013 3 ans<br \/>\nAccords : ce vin est recommand\u00e9 pour accompagner les desserts et pour terminer la soir\u00e9e.  <\/p>\n<p>Ce produit est soumis \u00e0 la protection des mineurs, aucune vente aux moins de 16 ans.<br \/>\nRetrait sur place contre pr\u00e9sentation d&rsquo;une pi\u00e8ce d&rsquo;identit\u00e9<br \/>\nExp\u00e9dition uniquement contre appel vid\u00e9o inclus transmis copie d&rsquo;une officielle pi\u00e8ce d&rsquo;identit\u00e9.<\/p>\n<p>La l\u00e9gende du vin :<br \/>\nAu XVIIe si\u00e8cle, Z&rsquo; Johanneli aurait \u00e9t\u00e9 la premi\u00e8re aubergiste du Brigerberg. Apr\u00e8s la fermeture de son \u00e9tablissement, elle diluait toujours en secret le vin du tonneau avec de l&rsquo;eau. Un soir, un client surprit Johanneli en flagrant d\u00e9lit et elle fut chass\u00e9e du village. Personne ne la revit jamais. \u00c0 l&rsquo;\u00e9poque, on disait qu&rsquo;elle devait rester \u00e9ternellement dans les eaux du glacier comme une \u00e2me perdue pour expier son grave p\u00e9ch\u00e9. Mais depuis que le glacier d&rsquo;Aletsch a commenc\u00e9 \u00e0 fondre, on dit que Johanneli aurait retrouv\u00e9 sa libert\u00e9. C&rsquo;est probablement pour cela que le vin est de nouveau disponible, mais cette fois-ci, il serait purifi\u00e9 de sa faute.      <\/p>\n","protected":false},"excerpt":{"rendered":"<p>JOHANNELI FI &#8211; LES VINS \u00ab L\u00c9GENDAIRES \u00bb DE VISP 18,5\/20 points Bona Aestimare C\u00e9page : Heida Type de vin : les raisins passerill\u00e9s pr\u00e9sentent une grande douceur r\u00e9siduelle et beaucoup d&rsquo;extrait total. Le vin de paille ainsi vinifi\u00e9 d\u00e9veloppe des ar\u00f4mes qui rappellent le miel et les fruits secs. Malgr\u00e9 sa teneur \u00e9lev\u00e9e en [&hellip;]<\/p>\n","protected":false},"featured_media":3816,"template":"","meta":[],"product_brand":[],"product_cat":[80],"product_tag":[],"class_list":{"0":"post-3815","1":"product","2":"type-product","3":"status-publish","4":"has-post-thumbnail","6":"product_cat-a-votre-sante-boissons-de-la-region-alpine","8":"first","9":"outofstock","10":"taxable","11":"shipping-taxable","12":"purchasable","13":"product-type-simple"},"yoast_head":"<!-- This site is optimized with the Yoast SEO plugin v27.4 - https:\/\/yoast.com\/product\/yoast-seo-wordpress\/ -->\n<title>Johanneli Fi - Heida Paradis AOC VS - Alpenmarkt<\/title>\n<meta name=\"robots\" content=\"index, follow, max-snippet:-1, max-image-preview:large, max-video-preview:-1\" \/>\n<link rel=\"canonical\" href=\"https:\/\/alpen-markt.ch\/fr\/produkt\/johanneli-fi-heida-paradis-aoc-vs\/\" \/>\n<meta property=\"og:locale\" content=\"fr_FR\" \/>\n<meta property=\"og:type\" content=\"article\" \/>\n<meta property=\"og:title\" content=\"Johanneli Fi - Heida Paradis AOC VS - Alpenmarkt\" \/>\n<meta property=\"og:description\" content=\"JOHANNELI FI &#8211; LES VINS \u00ab L\u00c9GENDAIRES \u00bb DE VISP 18,5\/20 points Bona Aestimare C\u00e9page : Heida Type de vin : les raisins passerill\u00e9s pr\u00e9sentent une grande douceur r\u00e9siduelle et beaucoup d&rsquo;extrait total. Le vin de paille ainsi vinifi\u00e9 d\u00e9veloppe des ar\u00f4mes qui rappellent le miel et les fruits secs. Malgr\u00e9 sa teneur \u00e9lev\u00e9e en [&hellip;]\" \/>\n<meta property=\"og:url\" content=\"https:\/\/alpen-markt.ch\/fr\/produkt\/johanneli-fi-heida-paradis-aoc-vs\/\" \/>\n<meta property=\"og:site_name\" content=\"Alpenmarkt\" \/>\n<meta property=\"og:image\" content=\"https:\/\/alpen-markt.ch\/wp-content\/uploads\/2025\/11\/e01500c7-76ef-4225-844c-6c93920e025c.png\" \/>\n\t<meta property=\"og:image:width\" content=\"500\" \/>\n\t<meta property=\"og:image:height\" content=\"500\" \/>\n\t<meta property=\"og:image:type\" content=\"image\/png\" \/>\n<meta name=\"twitter:card\" content=\"summary_large_image\" \/>\n<meta name=\"twitter:label1\" content=\"Dur\u00e9e de lecture estim\u00e9e\" \/>\n\t<meta name=\"twitter:data1\" content=\"1 minute\" \/>\n<script type=\"application\/ld+json\" class=\"yoast-schema-graph\">{\"@context\":\"https:\\\/\\\/schema.org\",\"@graph\":[{\"@type\":\"WebPage\",\"@id\":\"https:\\\/\\\/alpen-markt.ch\\\/fr\\\/produkt\\\/johanneli-fi-heida-paradis-aoc-vs\\\/\",\"url\":\"https:\\\/\\\/alpen-markt.ch\\\/fr\\\/produkt\\\/johanneli-fi-heida-paradis-aoc-vs\\\/\",\"name\":\"Johanneli Fi - Heida Paradis AOC VS - Alpenmarkt\",\"isPartOf\":{\"@id\":\"https:\\\/\\\/alpen-markt.ch\\\/fr\\\/#website\"},\"primaryImageOfPage\":{\"@id\":\"https:\\\/\\\/alpen-markt.ch\\\/fr\\\/produkt\\\/johanneli-fi-heida-paradis-aoc-vs\\\/#primaryimage\"},\"image\":{\"@id\":\"https:\\\/\\\/alpen-markt.ch\\\/fr\\\/produkt\\\/johanneli-fi-heida-paradis-aoc-vs\\\/#primaryimage\"},\"thumbnailUrl\":\"https:\\\/\\\/alpen-markt.ch\\\/wp-content\\\/uploads\\\/2025\\\/11\\\/e01500c7-76ef-4225-844c-6c93920e025c.png\",\"datePublished\":\"2025-11-25T15:50:44+00:00\",\"breadcrumb\":{\"@id\":\"https:\\\/\\\/alpen-markt.ch\\\/fr\\\/produkt\\\/johanneli-fi-heida-paradis-aoc-vs\\\/#breadcrumb\"},\"inLanguage\":\"fr-FR\",\"potentialAction\":[{\"@type\":\"ReadAction\",\"target\":[\"https:\\\/\\\/alpen-markt.ch\\\/fr\\\/produkt\\\/johanneli-fi-heida-paradis-aoc-vs\\\/\"]}]},{\"@type\":\"ImageObject\",\"inLanguage\":\"fr-FR\",\"@id\":\"https:\\\/\\\/alpen-markt.ch\\\/fr\\\/produkt\\\/johanneli-fi-heida-paradis-aoc-vs\\\/#primaryimage\",\"url\":\"https:\\\/\\\/alpen-markt.ch\\\/wp-content\\\/uploads\\\/2025\\\/11\\\/e01500c7-76ef-4225-844c-6c93920e025c.png\",\"contentUrl\":\"https:\\\/\\\/alpen-markt.ch\\\/wp-content\\\/uploads\\\/2025\\\/11\\\/e01500c7-76ef-4225-844c-6c93920e025c.png\",\"width\":500,\"height\":500},{\"@type\":\"BreadcrumbList\",\"@id\":\"https:\\\/\\\/alpen-markt.ch\\\/fr\\\/produkt\\\/johanneli-fi-heida-paradis-aoc-vs\\\/#breadcrumb\",\"itemListElement\":[{\"@type\":\"ListItem\",\"position\":1,\"name\":\"Startseite\",\"item\":\"https:\\\/\\\/alpen-markt.ch\\\/fr\\\/home\\\/\"},{\"@type\":\"ListItem\",\"position\":2,\"name\":\"Boutique en ligne\",\"item\":\"https:\\\/\\\/alpen-markt.ch\\\/fr\\\/boutique-en-ligne\\\/\"},{\"@type\":\"ListItem\",\"position\":3,\"name\":\"Johanneli Fi &#8211; Heida Paradis AOC VS\"}]},{\"@type\":\"WebSite\",\"@id\":\"https:\\\/\\\/alpen-markt.ch\\\/fr\\\/#website\",\"url\":\"https:\\\/\\\/alpen-markt.ch\\\/fr\\\/\",\"name\":\"Alpenmarkt\",\"description\":\"\",\"publisher\":{\"@id\":\"https:\\\/\\\/alpen-markt.ch\\\/fr\\\/#organization\"},\"potentialAction\":[{\"@type\":\"SearchAction\",\"target\":{\"@type\":\"EntryPoint\",\"urlTemplate\":\"https:\\\/\\\/alpen-markt.ch\\\/fr\\\/?s={search_term_string}\"},\"query-input\":{\"@type\":\"PropertyValueSpecification\",\"valueRequired\":true,\"valueName\":\"search_term_string\"}}],\"inLanguage\":\"fr-FR\"},{\"@type\":\"Organization\",\"@id\":\"https:\\\/\\\/alpen-markt.ch\\\/fr\\\/#organization\",\"name\":\"Alpenmarkt\",\"url\":\"https:\\\/\\\/alpen-markt.ch\\\/fr\\\/\",\"logo\":{\"@type\":\"ImageObject\",\"inLanguage\":\"fr-FR\",\"@id\":\"https:\\\/\\\/alpen-markt.ch\\\/fr\\\/#\\\/schema\\\/logo\\\/image\\\/\",\"url\":\"https:\\\/\\\/alpen-markt.ch\\\/wp-content\\\/uploads\\\/2025\\\/11\\\/logo-alpenmarkt.png\",\"contentUrl\":\"https:\\\/\\\/alpen-markt.ch\\\/wp-content\\\/uploads\\\/2025\\\/11\\\/logo-alpenmarkt.png\",\"width\":1048,\"height\":452,\"caption\":\"Alpenmarkt\"},\"image\":{\"@id\":\"https:\\\/\\\/alpen-markt.ch\\\/fr\\\/#\\\/schema\\\/logo\\\/image\\\/\"}}]}<\/script>\n<!-- \/ Yoast SEO plugin. -->","yoast_head_json":{"title":"Johanneli Fi - Heida Paradis AOC VS - Alpenmarkt","robots":{"index":"index","follow":"follow","max-snippet":"max-snippet:-1","max-image-preview":"max-image-preview:large","max-video-preview":"max-video-preview:-1"},"canonical":"https:\/\/alpen-markt.ch\/fr\/produkt\/johanneli-fi-heida-paradis-aoc-vs\/","og_locale":"fr_FR","og_type":"article","og_title":"Johanneli Fi - Heida Paradis AOC VS - Alpenmarkt","og_description":"JOHANNELI FI &#8211; LES VINS \u00ab L\u00c9GENDAIRES \u00bb DE VISP 18,5\/20 points Bona Aestimare C\u00e9page : Heida Type de vin : les raisins passerill\u00e9s pr\u00e9sentent une grande douceur r\u00e9siduelle et beaucoup d&rsquo;extrait total. Le vin de paille ainsi vinifi\u00e9 d\u00e9veloppe des ar\u00f4mes qui rappellent le miel et les fruits secs. Malgr\u00e9 sa teneur \u00e9lev\u00e9e en [&hellip;]","og_url":"https:\/\/alpen-markt.ch\/fr\/produkt\/johanneli-fi-heida-paradis-aoc-vs\/","og_site_name":"Alpenmarkt","og_image":[{"width":500,"height":500,"url":"https:\/\/alpen-markt.ch\/wp-content\/uploads\/2025\/11\/e01500c7-76ef-4225-844c-6c93920e025c.png","type":"image\/png"}],"twitter_card":"summary_large_image","twitter_misc":{"Dur\u00e9e de lecture estim\u00e9e":"1 minute"},"schema":{"@context":"https:\/\/schema.org","@graph":[{"@type":"WebPage","@id":"https:\/\/alpen-markt.ch\/fr\/produkt\/johanneli-fi-heida-paradis-aoc-vs\/","url":"https:\/\/alpen-markt.ch\/fr\/produkt\/johanneli-fi-heida-paradis-aoc-vs\/","name":"Johanneli Fi - Heida Paradis AOC VS - Alpenmarkt","isPartOf":{"@id":"https:\/\/alpen-markt.ch\/fr\/#website"},"primaryImageOfPage":{"@id":"https:\/\/alpen-markt.ch\/fr\/produkt\/johanneli-fi-heida-paradis-aoc-vs\/#primaryimage"},"image":{"@id":"https:\/\/alpen-markt.ch\/fr\/produkt\/johanneli-fi-heida-paradis-aoc-vs\/#primaryimage"},"thumbnailUrl":"https:\/\/alpen-markt.ch\/wp-content\/uploads\/2025\/11\/e01500c7-76ef-4225-844c-6c93920e025c.png","datePublished":"2025-11-25T15:50:44+00:00","breadcrumb":{"@id":"https:\/\/alpen-markt.ch\/fr\/produkt\/johanneli-fi-heida-paradis-aoc-vs\/#breadcrumb"},"inLanguage":"fr-FR","potentialAction":[{"@type":"ReadAction","target":["https:\/\/alpen-markt.ch\/fr\/produkt\/johanneli-fi-heida-paradis-aoc-vs\/"]}]},{"@type":"ImageObject","inLanguage":"fr-FR","@id":"https:\/\/alpen-markt.ch\/fr\/produkt\/johanneli-fi-heida-paradis-aoc-vs\/#primaryimage","url":"https:\/\/alpen-markt.ch\/wp-content\/uploads\/2025\/11\/e01500c7-76ef-4225-844c-6c93920e025c.png","contentUrl":"https:\/\/alpen-markt.ch\/wp-content\/uploads\/2025\/11\/e01500c7-76ef-4225-844c-6c93920e025c.png","width":500,"height":500},{"@type":"BreadcrumbList","@id":"https:\/\/alpen-markt.ch\/fr\/produkt\/johanneli-fi-heida-paradis-aoc-vs\/#breadcrumb","itemListElement":[{"@type":"ListItem","position":1,"name":"Startseite","item":"https:\/\/alpen-markt.ch\/fr\/home\/"},{"@type":"ListItem","position":2,"name":"Boutique en ligne","item":"https:\/\/alpen-markt.ch\/fr\/boutique-en-ligne\/"},{"@type":"ListItem","position":3,"name":"Johanneli Fi &#8211; Heida Paradis AOC VS"}]},{"@type":"WebSite","@id":"https:\/\/alpen-markt.ch\/fr\/#website","url":"https:\/\/alpen-markt.ch\/fr\/","name":"Alpenmarkt","description":"","publisher":{"@id":"https:\/\/alpen-markt.ch\/fr\/#organization"},"potentialAction":[{"@type":"SearchAction","target":{"@type":"EntryPoint","urlTemplate":"https:\/\/alpen-markt.ch\/fr\/?s={search_term_string}"},"query-input":{"@type":"PropertyValueSpecification","valueRequired":true,"valueName":"search_term_string"}}],"inLanguage":"fr-FR"},{"@type":"Organization","@id":"https:\/\/alpen-markt.ch\/fr\/#organization","name":"Alpenmarkt","url":"https:\/\/alpen-markt.ch\/fr\/","logo":{"@type":"ImageObject","inLanguage":"fr-FR","@id":"https:\/\/alpen-markt.ch\/fr\/#\/schema\/logo\/image\/","url":"https:\/\/alpen-markt.ch\/wp-content\/uploads\/2025\/11\/logo-alpenmarkt.png","contentUrl":"https:\/\/alpen-markt.ch\/wp-content\/uploads\/2025\/11\/logo-alpenmarkt.png","width":1048,"height":452,"caption":"Alpenmarkt"},"image":{"@id":"https:\/\/alpen-markt.ch\/fr\/#\/schema\/logo\/image\/"}}]}},"_links":{"self":[{"href":"https:\/\/alpen-markt.ch\/fr\/wp-json\/wp\/v2\/product\/3815","targetHints":{"allow":["GET"]}}],"collection":[{"href":"https:\/\/alpen-markt.ch\/fr\/wp-json\/wp\/v2\/product"}],"about":[{"href":"https:\/\/alpen-markt.ch\/fr\/wp-json\/wp\/v2\/types\/product"}],"wp:featuredmedia":[{"embeddable":true,"href":"https:\/\/alpen-markt.ch\/fr\/wp-json\/wp\/v2\/media\/3816"}],"wp:attachment":[{"href":"https:\/\/alpen-markt.ch\/fr\/wp-json\/wp\/v2\/media?parent=3815"}],"wp:term":[{"taxonomy":"product_brand","embeddable":true,"href":"https:\/\/alpen-markt.ch\/fr\/wp-json\/wp\/v2\/product_brand?post=3815"},{"taxonomy":"product_cat","embeddable":true,"href":"https:\/\/alpen-markt.ch\/fr\/wp-json\/wp\/v2\/product_cat?post=3815"},{"taxonomy":"product_tag","embeddable":true,"href":"https:\/\/alpen-markt.ch\/fr\/wp-json\/wp\/v2\/product_tag?post=3815"}],"curies":[{"name":"wp","href":"https:\/\/api.w.org\/{rel}","templated":true}]}}