{"id":3754,"date":"2025-11-25T16:50:43","date_gmt":"2025-11-25T15:50:43","guid":{"rendered":"https:\/\/alpen-markt.ch\/produkt\/chevalier-bayard-pinot-noir-selection\/"},"modified":"2025-11-25T16:50:43","modified_gmt":"2025-11-25T15:50:43","slug":"chevalier-bayard-pinot-noir-selection","status":"publish","type":"product","link":"https:\/\/alpen-markt.ch\/fr\/produkt\/chevalier-bayard-pinot-noir-selection\/","title":{"rendered":"Chevalier Bayard &#8211; Pinot Noir S\u00e9lection"},"content":{"rendered":"<p>Ce Pinot Noir provient d&rsquo;une parcelle \u00e2g\u00e9e de 30 ans, cultiv\u00e9e en agriculture biologique depuis 2014. Le vin pr\u00e9sente un nez fruit\u00e9 (fraises) avec beaucoup de finesse. En bouche, il est frais, l\u00e9ger et pr\u00e9sente un bel \u00e9quilibre. Id\u00e9al \u00e0 l&rsquo;ap\u00e9ritif, avec un repas v\u00e9g\u00e9tarien ou pour accompagner de la volaille (m\u00e9daille d&rsquo;argent, mill\u00e9sime 2016, Mondial des Pinots. Class\u00e9 parmi les meilleurs vins bio de Suisse par \u00ab Vinum \u00bb, mill\u00e9simes 2018 et 2020).   <\/p>\n<p>Certifi\u00e9 BIO<\/p>\n<p>AOC Valais<\/p>\n<p>13.5% Vol.<\/p>\n<p>Contient des sulfites<\/p>\n<p>Ce produit est soumis \u00e0 la protection des mineurs, aucune vente aux moins de 16 ans.<br \/>\nRetrait sur place contre pr\u00e9sentation d&rsquo;une pi\u00e8ce d&rsquo;identit\u00e9<br \/>\nExp\u00e9dition uniquement contre appel vid\u00e9o inclus transmis copie d&rsquo;une officielle pi\u00e8ce d&rsquo;identit\u00e9.<\/p>\n","protected":false},"excerpt":{"rendered":"<p>Ce Pinot Noir provient d&rsquo;une parcelle \u00e2g\u00e9e de 30 ans, cultiv\u00e9e en agriculture biologique depuis 2014. Le vin pr\u00e9sente un nez fruit\u00e9 (fraises) avec beaucoup de finesse. En bouche, il est frais, l\u00e9ger et pr\u00e9sente un bel \u00e9quilibre. Id\u00e9al \u00e0 l&rsquo;ap\u00e9ritif, avec un repas v\u00e9g\u00e9tarien ou pour accompagner de la volaille (m\u00e9daille d&rsquo;argent, mill\u00e9sime 2016, [&hellip;]<\/p>\n","protected":false},"featured_media":3755,"template":"","meta":[],"product_brand":[],"product_cat":[80],"product_tag":[],"class_list":{"0":"post-3754","1":"product","2":"type-product","3":"status-publish","4":"has-post-thumbnail","6":"product_cat-a-votre-sante-boissons-de-la-region-alpine","8":"first","9":"instock","10":"taxable","11":"shipping-taxable","12":"purchasable","13":"product-type-simple"},"yoast_head":"<!-- This site is optimized with the Yoast SEO plugin v27.4 - https:\/\/yoast.com\/product\/yoast-seo-wordpress\/ -->\n<title>Chevalier Bayard - Pinot Noir S\u00e9lection - Alpenmarkt<\/title>\n<meta name=\"robots\" content=\"index, follow, max-snippet:-1, max-image-preview:large, max-video-preview:-1\" \/>\n<link rel=\"canonical\" href=\"https:\/\/alpen-markt.ch\/fr\/produkt\/chevalier-bayard-pinot-noir-selection\/\" \/>\n<meta property=\"og:locale\" content=\"fr_FR\" \/>\n<meta property=\"og:type\" content=\"article\" \/>\n<meta property=\"og:title\" content=\"Chevalier Bayard - Pinot Noir S\u00e9lection - Alpenmarkt\" \/>\n<meta property=\"og:description\" content=\"Ce Pinot Noir provient d&rsquo;une parcelle \u00e2g\u00e9e de 30 ans, cultiv\u00e9e en agriculture biologique depuis 2014. Le vin pr\u00e9sente un nez fruit\u00e9 (fraises) avec beaucoup de finesse. En bouche, il est frais, l\u00e9ger et pr\u00e9sente un bel \u00e9quilibre. Id\u00e9al \u00e0 l&rsquo;ap\u00e9ritif, avec un repas v\u00e9g\u00e9tarien ou pour accompagner de la volaille (m\u00e9daille d&rsquo;argent, mill\u00e9sime 2016, [&hellip;]\" \/>\n<meta property=\"og:url\" content=\"https:\/\/alpen-markt.ch\/fr\/produkt\/chevalier-bayard-pinot-noir-selection\/\" \/>\n<meta property=\"og:site_name\" content=\"Alpenmarkt\" \/>\n<meta property=\"og:image\" content=\"https:\/\/alpen-markt.ch\/wp-content\/uploads\/2025\/11\/6a162e6c-507f-46e4-bc3b-cd5d5033e069.png\" \/>\n\t<meta property=\"og:image:width\" content=\"500\" \/>\n\t<meta property=\"og:image:height\" content=\"500\" \/>\n\t<meta property=\"og:image:type\" content=\"image\/png\" \/>\n<meta name=\"twitter:card\" content=\"summary_large_image\" \/>\n<meta name=\"twitter:label1\" content=\"Dur\u00e9e de lecture estim\u00e9e\" \/>\n\t<meta name=\"twitter:data1\" content=\"1 minute\" \/>\n<script type=\"application\/ld+json\" class=\"yoast-schema-graph\">{\"@context\":\"https:\\\/\\\/schema.org\",\"@graph\":[{\"@type\":\"WebPage\",\"@id\":\"https:\\\/\\\/alpen-markt.ch\\\/fr\\\/produkt\\\/chevalier-bayard-pinot-noir-selection\\\/\",\"url\":\"https:\\\/\\\/alpen-markt.ch\\\/fr\\\/produkt\\\/chevalier-bayard-pinot-noir-selection\\\/\",\"name\":\"Chevalier Bayard - Pinot Noir S\u00e9lection - Alpenmarkt\",\"isPartOf\":{\"@id\":\"https:\\\/\\\/alpen-markt.ch\\\/fr\\\/#website\"},\"primaryImageOfPage\":{\"@id\":\"https:\\\/\\\/alpen-markt.ch\\\/fr\\\/produkt\\\/chevalier-bayard-pinot-noir-selection\\\/#primaryimage\"},\"image\":{\"@id\":\"https:\\\/\\\/alpen-markt.ch\\\/fr\\\/produkt\\\/chevalier-bayard-pinot-noir-selection\\\/#primaryimage\"},\"thumbnailUrl\":\"https:\\\/\\\/alpen-markt.ch\\\/wp-content\\\/uploads\\\/2025\\\/11\\\/6a162e6c-507f-46e4-bc3b-cd5d5033e069.png\",\"datePublished\":\"2025-11-25T15:50:43+00:00\",\"breadcrumb\":{\"@id\":\"https:\\\/\\\/alpen-markt.ch\\\/fr\\\/produkt\\\/chevalier-bayard-pinot-noir-selection\\\/#breadcrumb\"},\"inLanguage\":\"fr-FR\",\"potentialAction\":[{\"@type\":\"ReadAction\",\"target\":[\"https:\\\/\\\/alpen-markt.ch\\\/fr\\\/produkt\\\/chevalier-bayard-pinot-noir-selection\\\/\"]}]},{\"@type\":\"ImageObject\",\"inLanguage\":\"fr-FR\",\"@id\":\"https:\\\/\\\/alpen-markt.ch\\\/fr\\\/produkt\\\/chevalier-bayard-pinot-noir-selection\\\/#primaryimage\",\"url\":\"https:\\\/\\\/alpen-markt.ch\\\/wp-content\\\/uploads\\\/2025\\\/11\\\/6a162e6c-507f-46e4-bc3b-cd5d5033e069.png\",\"contentUrl\":\"https:\\\/\\\/alpen-markt.ch\\\/wp-content\\\/uploads\\\/2025\\\/11\\\/6a162e6c-507f-46e4-bc3b-cd5d5033e069.png\",\"width\":500,\"height\":500},{\"@type\":\"BreadcrumbList\",\"@id\":\"https:\\\/\\\/alpen-markt.ch\\\/fr\\\/produkt\\\/chevalier-bayard-pinot-noir-selection\\\/#breadcrumb\",\"itemListElement\":[{\"@type\":\"ListItem\",\"position\":1,\"name\":\"Startseite\",\"item\":\"https:\\\/\\\/alpen-markt.ch\\\/fr\\\/home\\\/\"},{\"@type\":\"ListItem\",\"position\":2,\"name\":\"Boutique en ligne\",\"item\":\"https:\\\/\\\/alpen-markt.ch\\\/fr\\\/boutique-en-ligne\\\/\"},{\"@type\":\"ListItem\",\"position\":3,\"name\":\"Chevalier Bayard &#8211; Pinot Noir S\u00e9lection\"}]},{\"@type\":\"WebSite\",\"@id\":\"https:\\\/\\\/alpen-markt.ch\\\/fr\\\/#website\",\"url\":\"https:\\\/\\\/alpen-markt.ch\\\/fr\\\/\",\"name\":\"Alpenmarkt\",\"description\":\"\",\"publisher\":{\"@id\":\"https:\\\/\\\/alpen-markt.ch\\\/fr\\\/#organization\"},\"potentialAction\":[{\"@type\":\"SearchAction\",\"target\":{\"@type\":\"EntryPoint\",\"urlTemplate\":\"https:\\\/\\\/alpen-markt.ch\\\/fr\\\/?s={search_term_string}\"},\"query-input\":{\"@type\":\"PropertyValueSpecification\",\"valueRequired\":true,\"valueName\":\"search_term_string\"}}],\"inLanguage\":\"fr-FR\"},{\"@type\":\"Organization\",\"@id\":\"https:\\\/\\\/alpen-markt.ch\\\/fr\\\/#organization\",\"name\":\"Alpenmarkt\",\"url\":\"https:\\\/\\\/alpen-markt.ch\\\/fr\\\/\",\"logo\":{\"@type\":\"ImageObject\",\"inLanguage\":\"fr-FR\",\"@id\":\"https:\\\/\\\/alpen-markt.ch\\\/fr\\\/#\\\/schema\\\/logo\\\/image\\\/\",\"url\":\"https:\\\/\\\/alpen-markt.ch\\\/wp-content\\\/uploads\\\/2025\\\/11\\\/logo-alpenmarkt.png\",\"contentUrl\":\"https:\\\/\\\/alpen-markt.ch\\\/wp-content\\\/uploads\\\/2025\\\/11\\\/logo-alpenmarkt.png\",\"width\":1048,\"height\":452,\"caption\":\"Alpenmarkt\"},\"image\":{\"@id\":\"https:\\\/\\\/alpen-markt.ch\\\/fr\\\/#\\\/schema\\\/logo\\\/image\\\/\"}}]}<\/script>\n<!-- \/ Yoast SEO plugin. -->","yoast_head_json":{"title":"Chevalier Bayard - Pinot Noir S\u00e9lection - Alpenmarkt","robots":{"index":"index","follow":"follow","max-snippet":"max-snippet:-1","max-image-preview":"max-image-preview:large","max-video-preview":"max-video-preview:-1"},"canonical":"https:\/\/alpen-markt.ch\/fr\/produkt\/chevalier-bayard-pinot-noir-selection\/","og_locale":"fr_FR","og_type":"article","og_title":"Chevalier Bayard - Pinot Noir S\u00e9lection - Alpenmarkt","og_description":"Ce Pinot Noir provient d&rsquo;une parcelle \u00e2g\u00e9e de 30 ans, cultiv\u00e9e en agriculture biologique depuis 2014. Le vin pr\u00e9sente un nez fruit\u00e9 (fraises) avec beaucoup de finesse. En bouche, il est frais, l\u00e9ger et pr\u00e9sente un bel \u00e9quilibre. Id\u00e9al \u00e0 l&rsquo;ap\u00e9ritif, avec un repas v\u00e9g\u00e9tarien ou pour accompagner de la volaille (m\u00e9daille d&rsquo;argent, mill\u00e9sime 2016, [&hellip;]","og_url":"https:\/\/alpen-markt.ch\/fr\/produkt\/chevalier-bayard-pinot-noir-selection\/","og_site_name":"Alpenmarkt","og_image":[{"width":500,"height":500,"url":"https:\/\/alpen-markt.ch\/wp-content\/uploads\/2025\/11\/6a162e6c-507f-46e4-bc3b-cd5d5033e069.png","type":"image\/png"}],"twitter_card":"summary_large_image","twitter_misc":{"Dur\u00e9e de lecture estim\u00e9e":"1 minute"},"schema":{"@context":"https:\/\/schema.org","@graph":[{"@type":"WebPage","@id":"https:\/\/alpen-markt.ch\/fr\/produkt\/chevalier-bayard-pinot-noir-selection\/","url":"https:\/\/alpen-markt.ch\/fr\/produkt\/chevalier-bayard-pinot-noir-selection\/","name":"Chevalier Bayard - Pinot Noir S\u00e9lection - Alpenmarkt","isPartOf":{"@id":"https:\/\/alpen-markt.ch\/fr\/#website"},"primaryImageOfPage":{"@id":"https:\/\/alpen-markt.ch\/fr\/produkt\/chevalier-bayard-pinot-noir-selection\/#primaryimage"},"image":{"@id":"https:\/\/alpen-markt.ch\/fr\/produkt\/chevalier-bayard-pinot-noir-selection\/#primaryimage"},"thumbnailUrl":"https:\/\/alpen-markt.ch\/wp-content\/uploads\/2025\/11\/6a162e6c-507f-46e4-bc3b-cd5d5033e069.png","datePublished":"2025-11-25T15:50:43+00:00","breadcrumb":{"@id":"https:\/\/alpen-markt.ch\/fr\/produkt\/chevalier-bayard-pinot-noir-selection\/#breadcrumb"},"inLanguage":"fr-FR","potentialAction":[{"@type":"ReadAction","target":["https:\/\/alpen-markt.ch\/fr\/produkt\/chevalier-bayard-pinot-noir-selection\/"]}]},{"@type":"ImageObject","inLanguage":"fr-FR","@id":"https:\/\/alpen-markt.ch\/fr\/produkt\/chevalier-bayard-pinot-noir-selection\/#primaryimage","url":"https:\/\/alpen-markt.ch\/wp-content\/uploads\/2025\/11\/6a162e6c-507f-46e4-bc3b-cd5d5033e069.png","contentUrl":"https:\/\/alpen-markt.ch\/wp-content\/uploads\/2025\/11\/6a162e6c-507f-46e4-bc3b-cd5d5033e069.png","width":500,"height":500},{"@type":"BreadcrumbList","@id":"https:\/\/alpen-markt.ch\/fr\/produkt\/chevalier-bayard-pinot-noir-selection\/#breadcrumb","itemListElement":[{"@type":"ListItem","position":1,"name":"Startseite","item":"https:\/\/alpen-markt.ch\/fr\/home\/"},{"@type":"ListItem","position":2,"name":"Boutique en ligne","item":"https:\/\/alpen-markt.ch\/fr\/boutique-en-ligne\/"},{"@type":"ListItem","position":3,"name":"Chevalier Bayard &#8211; Pinot Noir S\u00e9lection"}]},{"@type":"WebSite","@id":"https:\/\/alpen-markt.ch\/fr\/#website","url":"https:\/\/alpen-markt.ch\/fr\/","name":"Alpenmarkt","description":"","publisher":{"@id":"https:\/\/alpen-markt.ch\/fr\/#organization"},"potentialAction":[{"@type":"SearchAction","target":{"@type":"EntryPoint","urlTemplate":"https:\/\/alpen-markt.ch\/fr\/?s={search_term_string}"},"query-input":{"@type":"PropertyValueSpecification","valueRequired":true,"valueName":"search_term_string"}}],"inLanguage":"fr-FR"},{"@type":"Organization","@id":"https:\/\/alpen-markt.ch\/fr\/#organization","name":"Alpenmarkt","url":"https:\/\/alpen-markt.ch\/fr\/","logo":{"@type":"ImageObject","inLanguage":"fr-FR","@id":"https:\/\/alpen-markt.ch\/fr\/#\/schema\/logo\/image\/","url":"https:\/\/alpen-markt.ch\/wp-content\/uploads\/2025\/11\/logo-alpenmarkt.png","contentUrl":"https:\/\/alpen-markt.ch\/wp-content\/uploads\/2025\/11\/logo-alpenmarkt.png","width":1048,"height":452,"caption":"Alpenmarkt"},"image":{"@id":"https:\/\/alpen-markt.ch\/fr\/#\/schema\/logo\/image\/"}}]}},"_links":{"self":[{"href":"https:\/\/alpen-markt.ch\/fr\/wp-json\/wp\/v2\/product\/3754","targetHints":{"allow":["GET"]}}],"collection":[{"href":"https:\/\/alpen-markt.ch\/fr\/wp-json\/wp\/v2\/product"}],"about":[{"href":"https:\/\/alpen-markt.ch\/fr\/wp-json\/wp\/v2\/types\/product"}],"wp:featuredmedia":[{"embeddable":true,"href":"https:\/\/alpen-markt.ch\/fr\/wp-json\/wp\/v2\/media\/3755"}],"wp:attachment":[{"href":"https:\/\/alpen-markt.ch\/fr\/wp-json\/wp\/v2\/media?parent=3754"}],"wp:term":[{"taxonomy":"product_brand","embeddable":true,"href":"https:\/\/alpen-markt.ch\/fr\/wp-json\/wp\/v2\/product_brand?post=3754"},{"taxonomy":"product_cat","embeddable":true,"href":"https:\/\/alpen-markt.ch\/fr\/wp-json\/wp\/v2\/product_cat?post=3754"},{"taxonomy":"product_tag","embeddable":true,"href":"https:\/\/alpen-markt.ch\/fr\/wp-json\/wp\/v2\/product_tag?post=3754"}],"curies":[{"name":"wp","href":"https:\/\/api.w.org\/{rel}","templated":true}]}}