{"id":3752,"date":"2025-11-25T16:50:43","date_gmt":"2025-11-25T15:50:43","guid":{"rendered":"https:\/\/alpen-markt.ch\/produkt\/chevalier-bayard-humagne-blanc-selection\/"},"modified":"2025-11-25T16:50:43","modified_gmt":"2025-11-25T15:50:43","slug":"chevalier-bayard-humagne-blanc-selection","status":"publish","type":"product","link":"https:\/\/alpen-markt.ch\/fr\/produkt\/chevalier-bayard-humagne-blanc-selection\/","title":{"rendered":"Chevalier Bayard &#8211; Humagne Blanc S\u00e9lection"},"content":{"rendered":"<p>L&rsquo;Humagne Blanc (ou vin des accouch\u00e9es) est un c\u00e9page indig\u00e8ne d\u00e9licat qui demande beaucoup d&rsquo;attention. Cet Humagne provient d&rsquo;une parcelle \u00e2g\u00e9e de 30 ans situ\u00e9e au-dessus de la for\u00eat de Finges. Ces vignobles ont \u00e9t\u00e9 convertis \u00e0 l&rsquo;agriculture biologique en 2014 et se sont depuis adapt\u00e9s aux nouvelles exigences. Le vin est subtil et plein de caract\u00e8re. Au nez, les ar\u00f4mes typiques de fleurs de tilleul pr\u00e9dominent dans un premier temps, puis laissent rapidement place \u00e0 la poire Williams. En bouche, on retrouve beaucoup de fra\u00eecheur avec une min\u00e9ralit\u00e9 pr\u00e9sente et bien int\u00e9gr\u00e9e, puis des notes de citron en finale.     <\/p>\n<p>Certifi\u00e9 BIO Suisse<\/p>\n<p>AOC Wallis<\/p>\n<p>12.3% vol.<\/p>\n<p>Contient des sulfites<\/p>\n<p>Ce produit est soumis \u00e0 la protection des mineurs, il ne peut \u00eatre vendu aux moins de 16 ans.<br \/>\nRetrait sur place sur pr\u00e9sentation d&rsquo;une pi\u00e8ce d&rsquo;identit\u00e9<br \/>\nExp\u00e9dition uniquement apr\u00e8s appel vid\u00e9o et transmission d&rsquo;une copie d&rsquo;une pi\u00e8ce d&rsquo;identit\u00e9 officielle.<\/p>\n","protected":false},"excerpt":{"rendered":"<p>L&rsquo;Humagne Blanc (ou vin des accouch\u00e9es) est un c\u00e9page indig\u00e8ne d\u00e9licat qui demande beaucoup d&rsquo;attention. Cet Humagne provient d&rsquo;une parcelle \u00e2g\u00e9e de 30 ans situ\u00e9e au-dessus de la for\u00eat de Finges. Ces vignobles ont \u00e9t\u00e9 convertis \u00e0 l&rsquo;agriculture biologique en 2014 et se sont depuis adapt\u00e9s aux nouvelles exigences. Le vin est subtil et plein [&hellip;]<\/p>\n","protected":false},"featured_media":3753,"template":"","meta":[],"product_brand":[],"product_cat":[80],"product_tag":[],"class_list":{"0":"post-3752","1":"product","2":"type-product","3":"status-publish","4":"has-post-thumbnail","6":"product_cat-a-votre-sante-boissons-de-la-region-alpine","8":"first","9":"instock","10":"taxable","11":"shipping-taxable","12":"purchasable","13":"product-type-simple"},"yoast_head":"<!-- This site is optimized with the Yoast SEO plugin v27.4 - https:\/\/yoast.com\/product\/yoast-seo-wordpress\/ -->\n<title>Chevalier Bayard - Humagne Blanc S\u00e9lection - Alpenmarkt<\/title>\n<meta name=\"robots\" content=\"index, follow, max-snippet:-1, max-image-preview:large, max-video-preview:-1\" \/>\n<link rel=\"canonical\" href=\"https:\/\/alpen-markt.ch\/fr\/produkt\/chevalier-bayard-humagne-blanc-selection\/\" \/>\n<meta property=\"og:locale\" content=\"fr_FR\" \/>\n<meta property=\"og:type\" content=\"article\" \/>\n<meta property=\"og:title\" content=\"Chevalier Bayard - Humagne Blanc S\u00e9lection - Alpenmarkt\" \/>\n<meta property=\"og:description\" content=\"L&rsquo;Humagne Blanc (ou vin des accouch\u00e9es) est un c\u00e9page indig\u00e8ne d\u00e9licat qui demande beaucoup d&rsquo;attention. Cet Humagne provient d&rsquo;une parcelle \u00e2g\u00e9e de 30 ans situ\u00e9e au-dessus de la for\u00eat de Finges. Ces vignobles ont \u00e9t\u00e9 convertis \u00e0 l&rsquo;agriculture biologique en 2014 et se sont depuis adapt\u00e9s aux nouvelles exigences. Le vin est subtil et plein [&hellip;]\" \/>\n<meta property=\"og:url\" content=\"https:\/\/alpen-markt.ch\/fr\/produkt\/chevalier-bayard-humagne-blanc-selection\/\" \/>\n<meta property=\"og:site_name\" content=\"Alpenmarkt\" \/>\n<meta property=\"og:image\" content=\"https:\/\/alpen-markt.ch\/wp-content\/uploads\/2025\/11\/d48ccdff-4b22-44cf-a7c3-a6848c295b3d.png\" \/>\n\t<meta property=\"og:image:width\" content=\"500\" \/>\n\t<meta property=\"og:image:height\" content=\"500\" \/>\n\t<meta property=\"og:image:type\" content=\"image\/png\" \/>\n<meta name=\"twitter:card\" content=\"summary_large_image\" \/>\n<meta name=\"twitter:label1\" content=\"Dur\u00e9e de lecture estim\u00e9e\" \/>\n\t<meta name=\"twitter:data1\" content=\"1 minute\" \/>\n<script type=\"application\/ld+json\" class=\"yoast-schema-graph\">{\"@context\":\"https:\\\/\\\/schema.org\",\"@graph\":[{\"@type\":\"WebPage\",\"@id\":\"https:\\\/\\\/alpen-markt.ch\\\/fr\\\/produkt\\\/chevalier-bayard-humagne-blanc-selection\\\/\",\"url\":\"https:\\\/\\\/alpen-markt.ch\\\/fr\\\/produkt\\\/chevalier-bayard-humagne-blanc-selection\\\/\",\"name\":\"Chevalier Bayard - Humagne Blanc S\u00e9lection - Alpenmarkt\",\"isPartOf\":{\"@id\":\"https:\\\/\\\/alpen-markt.ch\\\/fr\\\/#website\"},\"primaryImageOfPage\":{\"@id\":\"https:\\\/\\\/alpen-markt.ch\\\/fr\\\/produkt\\\/chevalier-bayard-humagne-blanc-selection\\\/#primaryimage\"},\"image\":{\"@id\":\"https:\\\/\\\/alpen-markt.ch\\\/fr\\\/produkt\\\/chevalier-bayard-humagne-blanc-selection\\\/#primaryimage\"},\"thumbnailUrl\":\"https:\\\/\\\/alpen-markt.ch\\\/wp-content\\\/uploads\\\/2025\\\/11\\\/d48ccdff-4b22-44cf-a7c3-a6848c295b3d.png\",\"datePublished\":\"2025-11-25T15:50:43+00:00\",\"breadcrumb\":{\"@id\":\"https:\\\/\\\/alpen-markt.ch\\\/fr\\\/produkt\\\/chevalier-bayard-humagne-blanc-selection\\\/#breadcrumb\"},\"inLanguage\":\"fr-FR\",\"potentialAction\":[{\"@type\":\"ReadAction\",\"target\":[\"https:\\\/\\\/alpen-markt.ch\\\/fr\\\/produkt\\\/chevalier-bayard-humagne-blanc-selection\\\/\"]}]},{\"@type\":\"ImageObject\",\"inLanguage\":\"fr-FR\",\"@id\":\"https:\\\/\\\/alpen-markt.ch\\\/fr\\\/produkt\\\/chevalier-bayard-humagne-blanc-selection\\\/#primaryimage\",\"url\":\"https:\\\/\\\/alpen-markt.ch\\\/wp-content\\\/uploads\\\/2025\\\/11\\\/d48ccdff-4b22-44cf-a7c3-a6848c295b3d.png\",\"contentUrl\":\"https:\\\/\\\/alpen-markt.ch\\\/wp-content\\\/uploads\\\/2025\\\/11\\\/d48ccdff-4b22-44cf-a7c3-a6848c295b3d.png\",\"width\":500,\"height\":500},{\"@type\":\"BreadcrumbList\",\"@id\":\"https:\\\/\\\/alpen-markt.ch\\\/fr\\\/produkt\\\/chevalier-bayard-humagne-blanc-selection\\\/#breadcrumb\",\"itemListElement\":[{\"@type\":\"ListItem\",\"position\":1,\"name\":\"Startseite\",\"item\":\"https:\\\/\\\/alpen-markt.ch\\\/fr\\\/home\\\/\"},{\"@type\":\"ListItem\",\"position\":2,\"name\":\"Boutique en ligne\",\"item\":\"https:\\\/\\\/alpen-markt.ch\\\/fr\\\/boutique-en-ligne\\\/\"},{\"@type\":\"ListItem\",\"position\":3,\"name\":\"Chevalier Bayard &#8211; Humagne Blanc S\u00e9lection\"}]},{\"@type\":\"WebSite\",\"@id\":\"https:\\\/\\\/alpen-markt.ch\\\/fr\\\/#website\",\"url\":\"https:\\\/\\\/alpen-markt.ch\\\/fr\\\/\",\"name\":\"Alpenmarkt\",\"description\":\"\",\"publisher\":{\"@id\":\"https:\\\/\\\/alpen-markt.ch\\\/fr\\\/#organization\"},\"potentialAction\":[{\"@type\":\"SearchAction\",\"target\":{\"@type\":\"EntryPoint\",\"urlTemplate\":\"https:\\\/\\\/alpen-markt.ch\\\/fr\\\/?s={search_term_string}\"},\"query-input\":{\"@type\":\"PropertyValueSpecification\",\"valueRequired\":true,\"valueName\":\"search_term_string\"}}],\"inLanguage\":\"fr-FR\"},{\"@type\":\"Organization\",\"@id\":\"https:\\\/\\\/alpen-markt.ch\\\/fr\\\/#organization\",\"name\":\"Alpenmarkt\",\"url\":\"https:\\\/\\\/alpen-markt.ch\\\/fr\\\/\",\"logo\":{\"@type\":\"ImageObject\",\"inLanguage\":\"fr-FR\",\"@id\":\"https:\\\/\\\/alpen-markt.ch\\\/fr\\\/#\\\/schema\\\/logo\\\/image\\\/\",\"url\":\"https:\\\/\\\/alpen-markt.ch\\\/wp-content\\\/uploads\\\/2025\\\/11\\\/logo-alpenmarkt.png\",\"contentUrl\":\"https:\\\/\\\/alpen-markt.ch\\\/wp-content\\\/uploads\\\/2025\\\/11\\\/logo-alpenmarkt.png\",\"width\":1048,\"height\":452,\"caption\":\"Alpenmarkt\"},\"image\":{\"@id\":\"https:\\\/\\\/alpen-markt.ch\\\/fr\\\/#\\\/schema\\\/logo\\\/image\\\/\"}}]}<\/script>\n<!-- \/ Yoast SEO plugin. -->","yoast_head_json":{"title":"Chevalier Bayard - Humagne Blanc S\u00e9lection - Alpenmarkt","robots":{"index":"index","follow":"follow","max-snippet":"max-snippet:-1","max-image-preview":"max-image-preview:large","max-video-preview":"max-video-preview:-1"},"canonical":"https:\/\/alpen-markt.ch\/fr\/produkt\/chevalier-bayard-humagne-blanc-selection\/","og_locale":"fr_FR","og_type":"article","og_title":"Chevalier Bayard - Humagne Blanc S\u00e9lection - Alpenmarkt","og_description":"L&rsquo;Humagne Blanc (ou vin des accouch\u00e9es) est un c\u00e9page indig\u00e8ne d\u00e9licat qui demande beaucoup d&rsquo;attention. Cet Humagne provient d&rsquo;une parcelle \u00e2g\u00e9e de 30 ans situ\u00e9e au-dessus de la for\u00eat de Finges. Ces vignobles ont \u00e9t\u00e9 convertis \u00e0 l&rsquo;agriculture biologique en 2014 et se sont depuis adapt\u00e9s aux nouvelles exigences. Le vin est subtil et plein [&hellip;]","og_url":"https:\/\/alpen-markt.ch\/fr\/produkt\/chevalier-bayard-humagne-blanc-selection\/","og_site_name":"Alpenmarkt","og_image":[{"width":500,"height":500,"url":"https:\/\/alpen-markt.ch\/wp-content\/uploads\/2025\/11\/d48ccdff-4b22-44cf-a7c3-a6848c295b3d.png","type":"image\/png"}],"twitter_card":"summary_large_image","twitter_misc":{"Dur\u00e9e de lecture estim\u00e9e":"1 minute"},"schema":{"@context":"https:\/\/schema.org","@graph":[{"@type":"WebPage","@id":"https:\/\/alpen-markt.ch\/fr\/produkt\/chevalier-bayard-humagne-blanc-selection\/","url":"https:\/\/alpen-markt.ch\/fr\/produkt\/chevalier-bayard-humagne-blanc-selection\/","name":"Chevalier Bayard - Humagne Blanc S\u00e9lection - Alpenmarkt","isPartOf":{"@id":"https:\/\/alpen-markt.ch\/fr\/#website"},"primaryImageOfPage":{"@id":"https:\/\/alpen-markt.ch\/fr\/produkt\/chevalier-bayard-humagne-blanc-selection\/#primaryimage"},"image":{"@id":"https:\/\/alpen-markt.ch\/fr\/produkt\/chevalier-bayard-humagne-blanc-selection\/#primaryimage"},"thumbnailUrl":"https:\/\/alpen-markt.ch\/wp-content\/uploads\/2025\/11\/d48ccdff-4b22-44cf-a7c3-a6848c295b3d.png","datePublished":"2025-11-25T15:50:43+00:00","breadcrumb":{"@id":"https:\/\/alpen-markt.ch\/fr\/produkt\/chevalier-bayard-humagne-blanc-selection\/#breadcrumb"},"inLanguage":"fr-FR","potentialAction":[{"@type":"ReadAction","target":["https:\/\/alpen-markt.ch\/fr\/produkt\/chevalier-bayard-humagne-blanc-selection\/"]}]},{"@type":"ImageObject","inLanguage":"fr-FR","@id":"https:\/\/alpen-markt.ch\/fr\/produkt\/chevalier-bayard-humagne-blanc-selection\/#primaryimage","url":"https:\/\/alpen-markt.ch\/wp-content\/uploads\/2025\/11\/d48ccdff-4b22-44cf-a7c3-a6848c295b3d.png","contentUrl":"https:\/\/alpen-markt.ch\/wp-content\/uploads\/2025\/11\/d48ccdff-4b22-44cf-a7c3-a6848c295b3d.png","width":500,"height":500},{"@type":"BreadcrumbList","@id":"https:\/\/alpen-markt.ch\/fr\/produkt\/chevalier-bayard-humagne-blanc-selection\/#breadcrumb","itemListElement":[{"@type":"ListItem","position":1,"name":"Startseite","item":"https:\/\/alpen-markt.ch\/fr\/home\/"},{"@type":"ListItem","position":2,"name":"Boutique en ligne","item":"https:\/\/alpen-markt.ch\/fr\/boutique-en-ligne\/"},{"@type":"ListItem","position":3,"name":"Chevalier Bayard &#8211; Humagne Blanc S\u00e9lection"}]},{"@type":"WebSite","@id":"https:\/\/alpen-markt.ch\/fr\/#website","url":"https:\/\/alpen-markt.ch\/fr\/","name":"Alpenmarkt","description":"","publisher":{"@id":"https:\/\/alpen-markt.ch\/fr\/#organization"},"potentialAction":[{"@type":"SearchAction","target":{"@type":"EntryPoint","urlTemplate":"https:\/\/alpen-markt.ch\/fr\/?s={search_term_string}"},"query-input":{"@type":"PropertyValueSpecification","valueRequired":true,"valueName":"search_term_string"}}],"inLanguage":"fr-FR"},{"@type":"Organization","@id":"https:\/\/alpen-markt.ch\/fr\/#organization","name":"Alpenmarkt","url":"https:\/\/alpen-markt.ch\/fr\/","logo":{"@type":"ImageObject","inLanguage":"fr-FR","@id":"https:\/\/alpen-markt.ch\/fr\/#\/schema\/logo\/image\/","url":"https:\/\/alpen-markt.ch\/wp-content\/uploads\/2025\/11\/logo-alpenmarkt.png","contentUrl":"https:\/\/alpen-markt.ch\/wp-content\/uploads\/2025\/11\/logo-alpenmarkt.png","width":1048,"height":452,"caption":"Alpenmarkt"},"image":{"@id":"https:\/\/alpen-markt.ch\/fr\/#\/schema\/logo\/image\/"}}]}},"_links":{"self":[{"href":"https:\/\/alpen-markt.ch\/fr\/wp-json\/wp\/v2\/product\/3752","targetHints":{"allow":["GET"]}}],"collection":[{"href":"https:\/\/alpen-markt.ch\/fr\/wp-json\/wp\/v2\/product"}],"about":[{"href":"https:\/\/alpen-markt.ch\/fr\/wp-json\/wp\/v2\/types\/product"}],"wp:featuredmedia":[{"embeddable":true,"href":"https:\/\/alpen-markt.ch\/fr\/wp-json\/wp\/v2\/media\/3753"}],"wp:attachment":[{"href":"https:\/\/alpen-markt.ch\/fr\/wp-json\/wp\/v2\/media?parent=3752"}],"wp:term":[{"taxonomy":"product_brand","embeddable":true,"href":"https:\/\/alpen-markt.ch\/fr\/wp-json\/wp\/v2\/product_brand?post=3752"},{"taxonomy":"product_cat","embeddable":true,"href":"https:\/\/alpen-markt.ch\/fr\/wp-json\/wp\/v2\/product_cat?post=3752"},{"taxonomy":"product_tag","embeddable":true,"href":"https:\/\/alpen-markt.ch\/fr\/wp-json\/wp\/v2\/product_tag?post=3752"}],"curies":[{"name":"wp","href":"https:\/\/api.w.org\/{rel}","templated":true}]}}