{"id":3659,"date":"2025-11-25T16:50:41","date_gmt":"2025-11-25T15:50:41","guid":{"rendered":"https:\/\/alpen-markt.ch\/produkt\/la-marmotte-la-coquine-biere-a-la-menthe-et-a-la-melisse\/"},"modified":"2025-11-25T16:50:41","modified_gmt":"2025-11-25T15:50:41","slug":"la-marmotte-la-coquine-biere-a-la-menthe-et-a-la-melisse","status":"publish","type":"product","link":"https:\/\/alpen-markt.ch\/fr\/produkt\/la-marmotte-la-coquine-biere-a-la-menthe-et-a-la-melisse\/","title":{"rendered":"La Marmotte &#8211; la Coquine (bi\u00e8re \u00e0 la menthe et \u00e0 la m\u00e9lisse)"},"content":{"rendered":"<p>La Coquine est une bi\u00e8re douce \u00e0 base de blonde, \u00e0 laquelle on ajoute de la menthe fra\u00eeche et de la m\u00e9lisse pendant la fermentation. Ces ar\u00f4mes frais sont perceptibles au nez et en bouche.<br \/>\nHoublons : PERLE, TETTNANGER <\/p>\n<p>Contenu<br \/>\n33 cl<\/p>\n<p>Teneur en alcool<br \/>\n5,9 % vol.<\/p>\n<p>Densit\u00e9<br \/>\n15.0\u00b0 Plato<\/p>\n<p>Unit\u00e9s d&rsquo;amertume<br \/>\n35 IBU<\/p>\n<p>Ce produit est soumis \u00e0 la protection des mineurs, il ne peut \u00eatre vendu aux moins de 16 ans.<br \/>\nRetrait sur place sur pr\u00e9sentation d&rsquo;une pi\u00e8ce d&rsquo;identit\u00e9<br \/>\nExp\u00e9dition uniquement apr\u00e8s appel vid\u00e9o et transmission d&rsquo;une copie d&rsquo;une pi\u00e8ce d&rsquo;identit\u00e9 officielle.<\/p>\n","protected":false},"excerpt":{"rendered":"<p>La Coquine est une bi\u00e8re douce \u00e0 base de blonde, \u00e0 laquelle on ajoute de la menthe fra\u00eeche et de la m\u00e9lisse pendant la fermentation. Ces ar\u00f4mes frais sont perceptibles au nez et en bouche. Houblons : PERLE, TETTNANGER Contenu 33 cl Teneur en alcool 5,9 % vol. Densit\u00e9 15.0\u00b0 Plato Unit\u00e9s d&rsquo;amertume 35 IBU [&hellip;]<\/p>\n","protected":false},"featured_media":3660,"template":"","meta":[],"product_brand":[],"product_cat":[80],"product_tag":[],"class_list":{"0":"post-3659","1":"product","2":"type-product","3":"status-publish","4":"has-post-thumbnail","6":"product_cat-a-votre-sante-boissons-de-la-region-alpine","8":"first","9":"instock","10":"taxable","11":"shipping-taxable","12":"purchasable","13":"product-type-simple"},"yoast_head":"<!-- This site is optimized with the Yoast SEO plugin v27.4 - https:\/\/yoast.com\/product\/yoast-seo-wordpress\/ -->\n<title>La Marmotte - la Coquine (bi\u00e8re \u00e0 la menthe et \u00e0 la m\u00e9lisse) - Alpenmarkt<\/title>\n<meta name=\"robots\" content=\"index, follow, max-snippet:-1, max-image-preview:large, max-video-preview:-1\" \/>\n<link rel=\"canonical\" href=\"https:\/\/alpen-markt.ch\/fr\/produkt\/la-marmotte-la-coquine-biere-a-la-menthe-et-a-la-melisse\/\" \/>\n<meta property=\"og:locale\" content=\"fr_FR\" \/>\n<meta property=\"og:type\" content=\"article\" \/>\n<meta property=\"og:title\" content=\"La Marmotte - la Coquine (bi\u00e8re \u00e0 la menthe et \u00e0 la m\u00e9lisse) - Alpenmarkt\" \/>\n<meta property=\"og:description\" content=\"La Coquine est une bi\u00e8re douce \u00e0 base de blonde, \u00e0 laquelle on ajoute de la menthe fra\u00eeche et de la m\u00e9lisse pendant la fermentation. Ces ar\u00f4mes frais sont perceptibles au nez et en bouche. Houblons : PERLE, TETTNANGER Contenu 33 cl Teneur en alcool 5,9 % vol. Densit\u00e9 15.0\u00b0 Plato Unit\u00e9s d&rsquo;amertume 35 IBU [&hellip;]\" \/>\n<meta property=\"og:url\" content=\"https:\/\/alpen-markt.ch\/fr\/produkt\/la-marmotte-la-coquine-biere-a-la-menthe-et-a-la-melisse\/\" \/>\n<meta property=\"og:site_name\" content=\"Alpenmarkt\" \/>\n<meta property=\"og:image\" content=\"https:\/\/alpen-markt.ch\/wp-content\/uploads\/2025\/11\/67b31fb0-0f14-4f0b-bc0b-77530ebcffa8.png\" \/>\n\t<meta property=\"og:image:width\" content=\"500\" \/>\n\t<meta property=\"og:image:height\" content=\"500\" \/>\n\t<meta property=\"og:image:type\" content=\"image\/png\" \/>\n<meta name=\"twitter:card\" content=\"summary_large_image\" \/>\n<script type=\"application\/ld+json\" class=\"yoast-schema-graph\">{\"@context\":\"https:\\\/\\\/schema.org\",\"@graph\":[{\"@type\":\"WebPage\",\"@id\":\"https:\\\/\\\/alpen-markt.ch\\\/fr\\\/produkt\\\/la-marmotte-la-coquine-biere-a-la-menthe-et-a-la-melisse\\\/\",\"url\":\"https:\\\/\\\/alpen-markt.ch\\\/fr\\\/produkt\\\/la-marmotte-la-coquine-biere-a-la-menthe-et-a-la-melisse\\\/\",\"name\":\"La Marmotte - la Coquine (bi\u00e8re \u00e0 la menthe et \u00e0 la m\u00e9lisse) - Alpenmarkt\",\"isPartOf\":{\"@id\":\"https:\\\/\\\/alpen-markt.ch\\\/fr\\\/#website\"},\"primaryImageOfPage\":{\"@id\":\"https:\\\/\\\/alpen-markt.ch\\\/fr\\\/produkt\\\/la-marmotte-la-coquine-biere-a-la-menthe-et-a-la-melisse\\\/#primaryimage\"},\"image\":{\"@id\":\"https:\\\/\\\/alpen-markt.ch\\\/fr\\\/produkt\\\/la-marmotte-la-coquine-biere-a-la-menthe-et-a-la-melisse\\\/#primaryimage\"},\"thumbnailUrl\":\"https:\\\/\\\/alpen-markt.ch\\\/wp-content\\\/uploads\\\/2025\\\/11\\\/67b31fb0-0f14-4f0b-bc0b-77530ebcffa8.png\",\"datePublished\":\"2025-11-25T15:50:41+00:00\",\"breadcrumb\":{\"@id\":\"https:\\\/\\\/alpen-markt.ch\\\/fr\\\/produkt\\\/la-marmotte-la-coquine-biere-a-la-menthe-et-a-la-melisse\\\/#breadcrumb\"},\"inLanguage\":\"fr-FR\",\"potentialAction\":[{\"@type\":\"ReadAction\",\"target\":[\"https:\\\/\\\/alpen-markt.ch\\\/fr\\\/produkt\\\/la-marmotte-la-coquine-biere-a-la-menthe-et-a-la-melisse\\\/\"]}]},{\"@type\":\"ImageObject\",\"inLanguage\":\"fr-FR\",\"@id\":\"https:\\\/\\\/alpen-markt.ch\\\/fr\\\/produkt\\\/la-marmotte-la-coquine-biere-a-la-menthe-et-a-la-melisse\\\/#primaryimage\",\"url\":\"https:\\\/\\\/alpen-markt.ch\\\/wp-content\\\/uploads\\\/2025\\\/11\\\/67b31fb0-0f14-4f0b-bc0b-77530ebcffa8.png\",\"contentUrl\":\"https:\\\/\\\/alpen-markt.ch\\\/wp-content\\\/uploads\\\/2025\\\/11\\\/67b31fb0-0f14-4f0b-bc0b-77530ebcffa8.png\",\"width\":500,\"height\":500},{\"@type\":\"BreadcrumbList\",\"@id\":\"https:\\\/\\\/alpen-markt.ch\\\/fr\\\/produkt\\\/la-marmotte-la-coquine-biere-a-la-menthe-et-a-la-melisse\\\/#breadcrumb\",\"itemListElement\":[{\"@type\":\"ListItem\",\"position\":1,\"name\":\"Startseite\",\"item\":\"https:\\\/\\\/alpen-markt.ch\\\/fr\\\/home\\\/\"},{\"@type\":\"ListItem\",\"position\":2,\"name\":\"Boutique en ligne\",\"item\":\"https:\\\/\\\/alpen-markt.ch\\\/fr\\\/boutique-en-ligne\\\/\"},{\"@type\":\"ListItem\",\"position\":3,\"name\":\"La Marmotte &#8211; la Coquine (bi\u00e8re \u00e0 la menthe et \u00e0 la m\u00e9lisse)\"}]},{\"@type\":\"WebSite\",\"@id\":\"https:\\\/\\\/alpen-markt.ch\\\/fr\\\/#website\",\"url\":\"https:\\\/\\\/alpen-markt.ch\\\/fr\\\/\",\"name\":\"Alpenmarkt\",\"description\":\"\",\"publisher\":{\"@id\":\"https:\\\/\\\/alpen-markt.ch\\\/fr\\\/#organization\"},\"potentialAction\":[{\"@type\":\"SearchAction\",\"target\":{\"@type\":\"EntryPoint\",\"urlTemplate\":\"https:\\\/\\\/alpen-markt.ch\\\/fr\\\/?s={search_term_string}\"},\"query-input\":{\"@type\":\"PropertyValueSpecification\",\"valueRequired\":true,\"valueName\":\"search_term_string\"}}],\"inLanguage\":\"fr-FR\"},{\"@type\":\"Organization\",\"@id\":\"https:\\\/\\\/alpen-markt.ch\\\/fr\\\/#organization\",\"name\":\"Alpenmarkt\",\"url\":\"https:\\\/\\\/alpen-markt.ch\\\/fr\\\/\",\"logo\":{\"@type\":\"ImageObject\",\"inLanguage\":\"fr-FR\",\"@id\":\"https:\\\/\\\/alpen-markt.ch\\\/fr\\\/#\\\/schema\\\/logo\\\/image\\\/\",\"url\":\"https:\\\/\\\/alpen-markt.ch\\\/wp-content\\\/uploads\\\/2025\\\/11\\\/logo-alpenmarkt.png\",\"contentUrl\":\"https:\\\/\\\/alpen-markt.ch\\\/wp-content\\\/uploads\\\/2025\\\/11\\\/logo-alpenmarkt.png\",\"width\":1048,\"height\":452,\"caption\":\"Alpenmarkt\"},\"image\":{\"@id\":\"https:\\\/\\\/alpen-markt.ch\\\/fr\\\/#\\\/schema\\\/logo\\\/image\\\/\"}}]}<\/script>\n<!-- \/ Yoast SEO plugin. -->","yoast_head_json":{"title":"La Marmotte - la Coquine (bi\u00e8re \u00e0 la menthe et \u00e0 la m\u00e9lisse) - Alpenmarkt","robots":{"index":"index","follow":"follow","max-snippet":"max-snippet:-1","max-image-preview":"max-image-preview:large","max-video-preview":"max-video-preview:-1"},"canonical":"https:\/\/alpen-markt.ch\/fr\/produkt\/la-marmotte-la-coquine-biere-a-la-menthe-et-a-la-melisse\/","og_locale":"fr_FR","og_type":"article","og_title":"La Marmotte - la Coquine (bi\u00e8re \u00e0 la menthe et \u00e0 la m\u00e9lisse) - Alpenmarkt","og_description":"La Coquine est une bi\u00e8re douce \u00e0 base de blonde, \u00e0 laquelle on ajoute de la menthe fra\u00eeche et de la m\u00e9lisse pendant la fermentation. Ces ar\u00f4mes frais sont perceptibles au nez et en bouche. Houblons : PERLE, TETTNANGER Contenu 33 cl Teneur en alcool 5,9 % vol. Densit\u00e9 15.0\u00b0 Plato Unit\u00e9s d&rsquo;amertume 35 IBU [&hellip;]","og_url":"https:\/\/alpen-markt.ch\/fr\/produkt\/la-marmotte-la-coquine-biere-a-la-menthe-et-a-la-melisse\/","og_site_name":"Alpenmarkt","og_image":[{"width":500,"height":500,"url":"https:\/\/alpen-markt.ch\/wp-content\/uploads\/2025\/11\/67b31fb0-0f14-4f0b-bc0b-77530ebcffa8.png","type":"image\/png"}],"twitter_card":"summary_large_image","schema":{"@context":"https:\/\/schema.org","@graph":[{"@type":"WebPage","@id":"https:\/\/alpen-markt.ch\/fr\/produkt\/la-marmotte-la-coquine-biere-a-la-menthe-et-a-la-melisse\/","url":"https:\/\/alpen-markt.ch\/fr\/produkt\/la-marmotte-la-coquine-biere-a-la-menthe-et-a-la-melisse\/","name":"La Marmotte - la Coquine (bi\u00e8re \u00e0 la menthe et \u00e0 la m\u00e9lisse) - Alpenmarkt","isPartOf":{"@id":"https:\/\/alpen-markt.ch\/fr\/#website"},"primaryImageOfPage":{"@id":"https:\/\/alpen-markt.ch\/fr\/produkt\/la-marmotte-la-coquine-biere-a-la-menthe-et-a-la-melisse\/#primaryimage"},"image":{"@id":"https:\/\/alpen-markt.ch\/fr\/produkt\/la-marmotte-la-coquine-biere-a-la-menthe-et-a-la-melisse\/#primaryimage"},"thumbnailUrl":"https:\/\/alpen-markt.ch\/wp-content\/uploads\/2025\/11\/67b31fb0-0f14-4f0b-bc0b-77530ebcffa8.png","datePublished":"2025-11-25T15:50:41+00:00","breadcrumb":{"@id":"https:\/\/alpen-markt.ch\/fr\/produkt\/la-marmotte-la-coquine-biere-a-la-menthe-et-a-la-melisse\/#breadcrumb"},"inLanguage":"fr-FR","potentialAction":[{"@type":"ReadAction","target":["https:\/\/alpen-markt.ch\/fr\/produkt\/la-marmotte-la-coquine-biere-a-la-menthe-et-a-la-melisse\/"]}]},{"@type":"ImageObject","inLanguage":"fr-FR","@id":"https:\/\/alpen-markt.ch\/fr\/produkt\/la-marmotte-la-coquine-biere-a-la-menthe-et-a-la-melisse\/#primaryimage","url":"https:\/\/alpen-markt.ch\/wp-content\/uploads\/2025\/11\/67b31fb0-0f14-4f0b-bc0b-77530ebcffa8.png","contentUrl":"https:\/\/alpen-markt.ch\/wp-content\/uploads\/2025\/11\/67b31fb0-0f14-4f0b-bc0b-77530ebcffa8.png","width":500,"height":500},{"@type":"BreadcrumbList","@id":"https:\/\/alpen-markt.ch\/fr\/produkt\/la-marmotte-la-coquine-biere-a-la-menthe-et-a-la-melisse\/#breadcrumb","itemListElement":[{"@type":"ListItem","position":1,"name":"Startseite","item":"https:\/\/alpen-markt.ch\/fr\/home\/"},{"@type":"ListItem","position":2,"name":"Boutique en ligne","item":"https:\/\/alpen-markt.ch\/fr\/boutique-en-ligne\/"},{"@type":"ListItem","position":3,"name":"La Marmotte &#8211; la Coquine (bi\u00e8re \u00e0 la menthe et \u00e0 la m\u00e9lisse)"}]},{"@type":"WebSite","@id":"https:\/\/alpen-markt.ch\/fr\/#website","url":"https:\/\/alpen-markt.ch\/fr\/","name":"Alpenmarkt","description":"","publisher":{"@id":"https:\/\/alpen-markt.ch\/fr\/#organization"},"potentialAction":[{"@type":"SearchAction","target":{"@type":"EntryPoint","urlTemplate":"https:\/\/alpen-markt.ch\/fr\/?s={search_term_string}"},"query-input":{"@type":"PropertyValueSpecification","valueRequired":true,"valueName":"search_term_string"}}],"inLanguage":"fr-FR"},{"@type":"Organization","@id":"https:\/\/alpen-markt.ch\/fr\/#organization","name":"Alpenmarkt","url":"https:\/\/alpen-markt.ch\/fr\/","logo":{"@type":"ImageObject","inLanguage":"fr-FR","@id":"https:\/\/alpen-markt.ch\/fr\/#\/schema\/logo\/image\/","url":"https:\/\/alpen-markt.ch\/wp-content\/uploads\/2025\/11\/logo-alpenmarkt.png","contentUrl":"https:\/\/alpen-markt.ch\/wp-content\/uploads\/2025\/11\/logo-alpenmarkt.png","width":1048,"height":452,"caption":"Alpenmarkt"},"image":{"@id":"https:\/\/alpen-markt.ch\/fr\/#\/schema\/logo\/image\/"}}]}},"_links":{"self":[{"href":"https:\/\/alpen-markt.ch\/fr\/wp-json\/wp\/v2\/product\/3659","targetHints":{"allow":["GET"]}}],"collection":[{"href":"https:\/\/alpen-markt.ch\/fr\/wp-json\/wp\/v2\/product"}],"about":[{"href":"https:\/\/alpen-markt.ch\/fr\/wp-json\/wp\/v2\/types\/product"}],"wp:featuredmedia":[{"embeddable":true,"href":"https:\/\/alpen-markt.ch\/fr\/wp-json\/wp\/v2\/media\/3660"}],"wp:attachment":[{"href":"https:\/\/alpen-markt.ch\/fr\/wp-json\/wp\/v2\/media?parent=3659"}],"wp:term":[{"taxonomy":"product_brand","embeddable":true,"href":"https:\/\/alpen-markt.ch\/fr\/wp-json\/wp\/v2\/product_brand?post=3659"},{"taxonomy":"product_cat","embeddable":true,"href":"https:\/\/alpen-markt.ch\/fr\/wp-json\/wp\/v2\/product_cat?post=3659"},{"taxonomy":"product_tag","embeddable":true,"href":"https:\/\/alpen-markt.ch\/fr\/wp-json\/wp\/v2\/product_tag?post=3659"}],"curies":[{"name":"wp","href":"https:\/\/api.w.org\/{rel}","templated":true}]}}