{"id":3626,"date":"2025-11-25T16:50:40","date_gmt":"2025-11-25T15:50:40","guid":{"rendered":"https:\/\/alpen-markt.ch\/produkt\/heidelbeeri-liqueur\/"},"modified":"2025-11-25T16:50:40","modified_gmt":"2025-11-25T15:50:40","slug":"heidelbeeri-liqueur","status":"publish","type":"product","link":"https:\/\/alpen-markt.ch\/fr\/produkt\/heidelbeeri-liqueur\/","title":{"rendered":"Heidelbeeri &#8211; Liqueur"},"content":{"rendered":"<p>D\u00e9couvrez la pure essence des myrtilles valaisannes dans l&rsquo;exquise liqueur Heidelbeeri-L!k\u00f6r.<\/p>\n<p>Chaque bouteille renferme toute l&rsquo;intensit\u00e9 et la fra\u00eecheur des myrtilles valaisannes. Sa couleur rouge capture l&rsquo;essence m\u00eame de la nature et conf\u00e8re \u00e0 cette liqueur une pr\u00e9sence incomparable. D\u00e9gust\u00e9e pure ou en Spritz aux myrtilles, cette liqueur apporte une touche particuli\u00e8re \u00e0 chaque occasion. <\/p>\n<p>Les myrtilles proviennent de cultures valaisannes et sont transform\u00e9es avec le plus grand soin. <\/p>\n<p>Ingr\u00e9dients : Myrtilles du Valais, sucre candi, alcool<\/p>\n<p>Ce produit est soumis \u00e0 la protection des mineurs, il n&rsquo;est pas vendu aux moins de 18 ans.<br \/>\nRetrait sur place sur pr\u00e9sentation d&rsquo;une pi\u00e8ce d&rsquo;identit\u00e9<br \/>\nExp\u00e9dition uniquement apr\u00e8s appel vid\u00e9o et transmission d&rsquo;une copie d&rsquo;une pi\u00e8ce d&rsquo;identit\u00e9 officielle.<\/p>\n","protected":false},"excerpt":{"rendered":"<p>D\u00e9couvrez la pure essence des myrtilles valaisannes dans l&rsquo;exquise liqueur Heidelbeeri-L!k\u00f6r. Chaque bouteille renferme toute l&rsquo;intensit\u00e9 et la fra\u00eecheur des myrtilles valaisannes. Sa couleur rouge capture l&rsquo;essence m\u00eame de la nature et conf\u00e8re \u00e0 cette liqueur une pr\u00e9sence incomparable. D\u00e9gust\u00e9e pure ou en Spritz aux myrtilles, cette liqueur apporte une touche particuli\u00e8re \u00e0 chaque occasion. [&hellip;]<\/p>\n","protected":false},"featured_media":3627,"template":"","meta":[],"product_brand":[],"product_cat":[80],"product_tag":[],"class_list":{"0":"post-3626","1":"product","2":"type-product","3":"status-publish","4":"has-post-thumbnail","6":"product_cat-a-votre-sante-boissons-de-la-region-alpine","8":"first","9":"instock","10":"taxable","11":"shipping-taxable","12":"purchasable","13":"product-type-simple"},"yoast_head":"<!-- This site is optimized with the Yoast SEO plugin v27.5 - https:\/\/yoast.com\/product\/yoast-seo-wordpress\/ -->\n<title>Heidelbeeri - Liqueur - Alpenmarkt<\/title>\n<meta name=\"robots\" content=\"index, follow, max-snippet:-1, max-image-preview:large, max-video-preview:-1\" \/>\n<link rel=\"canonical\" href=\"https:\/\/alpen-markt.ch\/fr\/produkt\/heidelbeeri-liqueur\/\" \/>\n<meta property=\"og:locale\" content=\"fr_FR\" \/>\n<meta property=\"og:type\" content=\"article\" \/>\n<meta property=\"og:title\" content=\"Heidelbeeri - Liqueur - Alpenmarkt\" \/>\n<meta property=\"og:description\" content=\"D\u00e9couvrez la pure essence des myrtilles valaisannes dans l&rsquo;exquise liqueur Heidelbeeri-L!k\u00f6r. Chaque bouteille renferme toute l&rsquo;intensit\u00e9 et la fra\u00eecheur des myrtilles valaisannes. Sa couleur rouge capture l&rsquo;essence m\u00eame de la nature et conf\u00e8re \u00e0 cette liqueur une pr\u00e9sence incomparable. D\u00e9gust\u00e9e pure ou en Spritz aux myrtilles, cette liqueur apporte une touche particuli\u00e8re \u00e0 chaque occasion. [&hellip;]\" \/>\n<meta property=\"og:url\" content=\"https:\/\/alpen-markt.ch\/fr\/produkt\/heidelbeeri-liqueur\/\" \/>\n<meta property=\"og:site_name\" content=\"Alpenmarkt\" \/>\n<meta property=\"og:image\" content=\"https:\/\/alpen-markt.ch\/wp-content\/uploads\/2025\/11\/566f0754-e1cf-4de4-91df-06dc821c03ec.png\" \/>\n\t<meta property=\"og:image:width\" content=\"500\" \/>\n\t<meta property=\"og:image:height\" content=\"500\" \/>\n\t<meta property=\"og:image:type\" content=\"image\/png\" \/>\n<meta name=\"twitter:card\" content=\"summary_large_image\" \/>\n<meta name=\"twitter:label1\" content=\"Dur\u00e9e de lecture estim\u00e9e\" \/>\n\t<meta name=\"twitter:data1\" content=\"1 minute\" \/>\n<script type=\"application\/ld+json\" class=\"yoast-schema-graph\">{\"@context\":\"https:\\\/\\\/schema.org\",\"@graph\":[{\"@type\":\"WebPage\",\"@id\":\"https:\\\/\\\/alpen-markt.ch\\\/fr\\\/produkt\\\/heidelbeeri-liqueur\\\/\",\"url\":\"https:\\\/\\\/alpen-markt.ch\\\/fr\\\/produkt\\\/heidelbeeri-liqueur\\\/\",\"name\":\"Heidelbeeri - Liqueur - Alpenmarkt\",\"isPartOf\":{\"@id\":\"https:\\\/\\\/alpen-markt.ch\\\/fr\\\/#website\"},\"primaryImageOfPage\":{\"@id\":\"https:\\\/\\\/alpen-markt.ch\\\/fr\\\/produkt\\\/heidelbeeri-liqueur\\\/#primaryimage\"},\"image\":{\"@id\":\"https:\\\/\\\/alpen-markt.ch\\\/fr\\\/produkt\\\/heidelbeeri-liqueur\\\/#primaryimage\"},\"thumbnailUrl\":\"https:\\\/\\\/alpen-markt.ch\\\/wp-content\\\/uploads\\\/2025\\\/11\\\/566f0754-e1cf-4de4-91df-06dc821c03ec.png\",\"datePublished\":\"2025-11-25T15:50:40+00:00\",\"breadcrumb\":{\"@id\":\"https:\\\/\\\/alpen-markt.ch\\\/fr\\\/produkt\\\/heidelbeeri-liqueur\\\/#breadcrumb\"},\"inLanguage\":\"fr-FR\",\"potentialAction\":[{\"@type\":\"ReadAction\",\"target\":[\"https:\\\/\\\/alpen-markt.ch\\\/fr\\\/produkt\\\/heidelbeeri-liqueur\\\/\"]}]},{\"@type\":\"ImageObject\",\"inLanguage\":\"fr-FR\",\"@id\":\"https:\\\/\\\/alpen-markt.ch\\\/fr\\\/produkt\\\/heidelbeeri-liqueur\\\/#primaryimage\",\"url\":\"https:\\\/\\\/alpen-markt.ch\\\/wp-content\\\/uploads\\\/2025\\\/11\\\/566f0754-e1cf-4de4-91df-06dc821c03ec.png\",\"contentUrl\":\"https:\\\/\\\/alpen-markt.ch\\\/wp-content\\\/uploads\\\/2025\\\/11\\\/566f0754-e1cf-4de4-91df-06dc821c03ec.png\",\"width\":500,\"height\":500},{\"@type\":\"BreadcrumbList\",\"@id\":\"https:\\\/\\\/alpen-markt.ch\\\/fr\\\/produkt\\\/heidelbeeri-liqueur\\\/#breadcrumb\",\"itemListElement\":[{\"@type\":\"ListItem\",\"position\":1,\"name\":\"Startseite\",\"item\":\"https:\\\/\\\/alpen-markt.ch\\\/fr\\\/home\\\/\"},{\"@type\":\"ListItem\",\"position\":2,\"name\":\"Boutique en ligne\",\"item\":\"https:\\\/\\\/alpen-markt.ch\\\/fr\\\/boutique-en-ligne\\\/\"},{\"@type\":\"ListItem\",\"position\":3,\"name\":\"Heidelbeeri &#8211; Liqueur\"}]},{\"@type\":\"WebSite\",\"@id\":\"https:\\\/\\\/alpen-markt.ch\\\/fr\\\/#website\",\"url\":\"https:\\\/\\\/alpen-markt.ch\\\/fr\\\/\",\"name\":\"Alpenmarkt\",\"description\":\"\",\"publisher\":{\"@id\":\"https:\\\/\\\/alpen-markt.ch\\\/fr\\\/#organization\"},\"potentialAction\":[{\"@type\":\"SearchAction\",\"target\":{\"@type\":\"EntryPoint\",\"urlTemplate\":\"https:\\\/\\\/alpen-markt.ch\\\/fr\\\/?s={search_term_string}\"},\"query-input\":{\"@type\":\"PropertyValueSpecification\",\"valueRequired\":true,\"valueName\":\"search_term_string\"}}],\"inLanguage\":\"fr-FR\"},{\"@type\":\"Organization\",\"@id\":\"https:\\\/\\\/alpen-markt.ch\\\/fr\\\/#organization\",\"name\":\"Alpenmarkt\",\"url\":\"https:\\\/\\\/alpen-markt.ch\\\/fr\\\/\",\"logo\":{\"@type\":\"ImageObject\",\"inLanguage\":\"fr-FR\",\"@id\":\"https:\\\/\\\/alpen-markt.ch\\\/fr\\\/#\\\/schema\\\/logo\\\/image\\\/\",\"url\":\"https:\\\/\\\/alpen-markt.ch\\\/wp-content\\\/uploads\\\/2025\\\/11\\\/logo-alpenmarkt.png\",\"contentUrl\":\"https:\\\/\\\/alpen-markt.ch\\\/wp-content\\\/uploads\\\/2025\\\/11\\\/logo-alpenmarkt.png\",\"width\":1048,\"height\":452,\"caption\":\"Alpenmarkt\"},\"image\":{\"@id\":\"https:\\\/\\\/alpen-markt.ch\\\/fr\\\/#\\\/schema\\\/logo\\\/image\\\/\"}}]}<\/script>\n<!-- \/ Yoast SEO plugin. -->","yoast_head_json":{"title":"Heidelbeeri - Liqueur - Alpenmarkt","robots":{"index":"index","follow":"follow","max-snippet":"max-snippet:-1","max-image-preview":"max-image-preview:large","max-video-preview":"max-video-preview:-1"},"canonical":"https:\/\/alpen-markt.ch\/fr\/produkt\/heidelbeeri-liqueur\/","og_locale":"fr_FR","og_type":"article","og_title":"Heidelbeeri - Liqueur - Alpenmarkt","og_description":"D\u00e9couvrez la pure essence des myrtilles valaisannes dans l&rsquo;exquise liqueur Heidelbeeri-L!k\u00f6r. Chaque bouteille renferme toute l&rsquo;intensit\u00e9 et la fra\u00eecheur des myrtilles valaisannes. Sa couleur rouge capture l&rsquo;essence m\u00eame de la nature et conf\u00e8re \u00e0 cette liqueur une pr\u00e9sence incomparable. D\u00e9gust\u00e9e pure ou en Spritz aux myrtilles, cette liqueur apporte une touche particuli\u00e8re \u00e0 chaque occasion. [&hellip;]","og_url":"https:\/\/alpen-markt.ch\/fr\/produkt\/heidelbeeri-liqueur\/","og_site_name":"Alpenmarkt","og_image":[{"width":500,"height":500,"url":"https:\/\/alpen-markt.ch\/wp-content\/uploads\/2025\/11\/566f0754-e1cf-4de4-91df-06dc821c03ec.png","type":"image\/png"}],"twitter_card":"summary_large_image","twitter_misc":{"Dur\u00e9e de lecture estim\u00e9e":"1 minute"},"schema":{"@context":"https:\/\/schema.org","@graph":[{"@type":"WebPage","@id":"https:\/\/alpen-markt.ch\/fr\/produkt\/heidelbeeri-liqueur\/","url":"https:\/\/alpen-markt.ch\/fr\/produkt\/heidelbeeri-liqueur\/","name":"Heidelbeeri - Liqueur - Alpenmarkt","isPartOf":{"@id":"https:\/\/alpen-markt.ch\/fr\/#website"},"primaryImageOfPage":{"@id":"https:\/\/alpen-markt.ch\/fr\/produkt\/heidelbeeri-liqueur\/#primaryimage"},"image":{"@id":"https:\/\/alpen-markt.ch\/fr\/produkt\/heidelbeeri-liqueur\/#primaryimage"},"thumbnailUrl":"https:\/\/alpen-markt.ch\/wp-content\/uploads\/2025\/11\/566f0754-e1cf-4de4-91df-06dc821c03ec.png","datePublished":"2025-11-25T15:50:40+00:00","breadcrumb":{"@id":"https:\/\/alpen-markt.ch\/fr\/produkt\/heidelbeeri-liqueur\/#breadcrumb"},"inLanguage":"fr-FR","potentialAction":[{"@type":"ReadAction","target":["https:\/\/alpen-markt.ch\/fr\/produkt\/heidelbeeri-liqueur\/"]}]},{"@type":"ImageObject","inLanguage":"fr-FR","@id":"https:\/\/alpen-markt.ch\/fr\/produkt\/heidelbeeri-liqueur\/#primaryimage","url":"https:\/\/alpen-markt.ch\/wp-content\/uploads\/2025\/11\/566f0754-e1cf-4de4-91df-06dc821c03ec.png","contentUrl":"https:\/\/alpen-markt.ch\/wp-content\/uploads\/2025\/11\/566f0754-e1cf-4de4-91df-06dc821c03ec.png","width":500,"height":500},{"@type":"BreadcrumbList","@id":"https:\/\/alpen-markt.ch\/fr\/produkt\/heidelbeeri-liqueur\/#breadcrumb","itemListElement":[{"@type":"ListItem","position":1,"name":"Startseite","item":"https:\/\/alpen-markt.ch\/fr\/home\/"},{"@type":"ListItem","position":2,"name":"Boutique en ligne","item":"https:\/\/alpen-markt.ch\/fr\/boutique-en-ligne\/"},{"@type":"ListItem","position":3,"name":"Heidelbeeri &#8211; Liqueur"}]},{"@type":"WebSite","@id":"https:\/\/alpen-markt.ch\/fr\/#website","url":"https:\/\/alpen-markt.ch\/fr\/","name":"Alpenmarkt","description":"","publisher":{"@id":"https:\/\/alpen-markt.ch\/fr\/#organization"},"potentialAction":[{"@type":"SearchAction","target":{"@type":"EntryPoint","urlTemplate":"https:\/\/alpen-markt.ch\/fr\/?s={search_term_string}"},"query-input":{"@type":"PropertyValueSpecification","valueRequired":true,"valueName":"search_term_string"}}],"inLanguage":"fr-FR"},{"@type":"Organization","@id":"https:\/\/alpen-markt.ch\/fr\/#organization","name":"Alpenmarkt","url":"https:\/\/alpen-markt.ch\/fr\/","logo":{"@type":"ImageObject","inLanguage":"fr-FR","@id":"https:\/\/alpen-markt.ch\/fr\/#\/schema\/logo\/image\/","url":"https:\/\/alpen-markt.ch\/wp-content\/uploads\/2025\/11\/logo-alpenmarkt.png","contentUrl":"https:\/\/alpen-markt.ch\/wp-content\/uploads\/2025\/11\/logo-alpenmarkt.png","width":1048,"height":452,"caption":"Alpenmarkt"},"image":{"@id":"https:\/\/alpen-markt.ch\/fr\/#\/schema\/logo\/image\/"}}]}},"_links":{"self":[{"href":"https:\/\/alpen-markt.ch\/fr\/wp-json\/wp\/v2\/product\/3626","targetHints":{"allow":["GET"]}}],"collection":[{"href":"https:\/\/alpen-markt.ch\/fr\/wp-json\/wp\/v2\/product"}],"about":[{"href":"https:\/\/alpen-markt.ch\/fr\/wp-json\/wp\/v2\/types\/product"}],"wp:featuredmedia":[{"embeddable":true,"href":"https:\/\/alpen-markt.ch\/fr\/wp-json\/wp\/v2\/media\/3627"}],"wp:attachment":[{"href":"https:\/\/alpen-markt.ch\/fr\/wp-json\/wp\/v2\/media?parent=3626"}],"wp:term":[{"taxonomy":"product_brand","embeddable":true,"href":"https:\/\/alpen-markt.ch\/fr\/wp-json\/wp\/v2\/product_brand?post=3626"},{"taxonomy":"product_cat","embeddable":true,"href":"https:\/\/alpen-markt.ch\/fr\/wp-json\/wp\/v2\/product_cat?post=3626"},{"taxonomy":"product_tag","embeddable":true,"href":"https:\/\/alpen-markt.ch\/fr\/wp-json\/wp\/v2\/product_tag?post=3626"}],"curies":[{"name":"wp","href":"https:\/\/api.w.org\/{rel}","templated":true}]}}