{"id":3523,"date":"2025-11-25T16:50:26","date_gmt":"2025-11-25T15:50:26","guid":{"rendered":"https:\/\/alpen-markt.ch\/produkt\/skali-de-khatone-savon-creme-idunn-au-lait-danesse\/"},"modified":"2025-11-25T16:50:26","modified_gmt":"2025-11-25T15:50:26","slug":"skali-de-khatone-savon-creme-idunn-au-lait-danesse","status":"publish","type":"product","link":"https:\/\/alpen-markt.ch\/fr\/produkt\/skali-de-khatone-savon-creme-idunn-au-lait-danesse\/","title":{"rendered":"Skali de Khatone &#8211; Savon cr\u00e8me Idunn au lait d&rsquo;\u00e2nesse"},"content":{"rendered":"<p>Idunn &#8211; Savon cr\u00e8me solide artisanal au lait d&rsquo;\u00e2nesse et \u00e0 l&rsquo;aloe vera<br \/>\nOffrez \u00e0 votre peau un nettoyage d&rsquo;une douceur incomparable gr\u00e2ce \u00e0 notre savon cr\u00e8me au lait d&rsquo;\u00e2nesse et \u00e0 l&rsquo;aloe vera, sp\u00e9cialement con\u00e7u pour le visage. Notre savon artisanal saponifi\u00e9 \u00e0 froid est surgraiss\u00e9 \u00e0 10 % pour nettoyer votre visage en douceur tout en pr\u00e9servant son hydratation naturelle. Enrichi en lait d&rsquo;\u00e2nesse bio et en gel d&rsquo;aloe vera bio frais, notre savon cr\u00e9meux apporte \u00e0 votre peau une douceur incomparable.  <\/p>\n<p>Notre savon cr\u00e9meux est fabriqu\u00e9 \u00e0 la main dans notre atelier en Suisse et est doux pour votre peau et pour l&rsquo;environnement. Sa formule \u00e0 base d&rsquo;huiles v\u00e9g\u00e9tales biologiques, de lait d&rsquo;\u00e2nesse biologique et de gel d&rsquo;aloe vera biologique ne contient aucun produit chimique agressif pour votre peau. De plus, notre emballage est compos\u00e9 de fibres de ma\u00efs compostables afin de laisser une empreinte \u00e9cologique minimale.  <\/p>\n<p>Points cl\u00e9s :<\/p>\n<p>\ud83c\udde8\ud83c\udded Fabriqu\u00e9 \u00e0 la main en Suisse selon une technique de saponification \u00e0 froid afin de pr\u00e9server les propri\u00e9t\u00e9s naturelles des huiles v\u00e9g\u00e9tales biologiques qui le composent.<br \/>\n\ud83c\udf3f \u00c0 base d&rsquo;huiles v\u00e9g\u00e9tales biologiques, de lait d&rsquo;\u00e2nesse biologique et de gel d&rsquo;aloe vera biologique pour une formule naturelle et douce pour la peau.<br \/>\n\u267b\ufe0f Emballage compostable en fibres de ma\u00efs pour une empreinte \u00e9cologique minimale.<br \/>\n\ud83d\udc3b Non test\u00e9 sur les animaux.<br \/>\nOffrez \u00e0 votre visage une douceur incomparable gr\u00e2ce \u00e0 notre savon cr\u00e9meux au lait d&rsquo;\u00e2nesse et \u00e0 l&rsquo;aloe vera du Sk\u00e1li de Khatone, qui hydrate votre peau et respecte l&rsquo;environnement.<\/p>\n<p>Ce produit a \u00e9t\u00e9 \u00e9valu\u00e9 par un toxicologue ( Ph.D. Toxicological and safety assessor for cosmetics and vaccines in Europe since 2000) contr\u00f4l\u00e9 et certifi\u00e9, conform\u00e9ment au r\u00e8glement 817.023.31 du d\u00e9cembre 2017, r\u00e8glement CE 1223-2009.<\/p>\n<p>Composition :<\/p>\n<p>SODIUM OLIVATE (huile d&rsquo;olive*), SODIUM COCOATE (huile de coco*), AQUA (eau), SODIUM RAPESEEDATE (huile de colza*), GLYC\u00c9RINE (naturellement pr\u00e9sente dans le savon), SODIUM SHEA BUTTERATE (beurre de karit\u00e9*), PARFUM, EXTRAIT DE FEUILLE D&rsquo;ALOE BARBADENSIS (gel d&rsquo;aloe vera*), CARBOMER***, PH\u00c9NOXY\u00c9THANOL***, \u00c9THYLHEXYLGLYC\u00c9RINE***, DISODIUM EDTA***, SODIUM HYDROXIDE***), DONKEY MILK (lait d&rsquo;\u00e2nesse*), BENZYL BENZOATE**, BENZYL SALICYLATE**, HYDROXYCITRONELLAL**, LINALOOL**.<\/p>\n<p>* Issu de l&rsquo;agriculture biologique contr\u00f4l\u00e9e, ** Parfums potentiellement allerg\u00e8nes dans le parfum, *** Conservateurs dans le gel d&rsquo;aloe vera<\/p>\n<p>Pr\u00e9cautions \u00e0 prendre lors de l&rsquo;utilisation :<\/p>\n<p>Si vous \u00eates allergique \u00e0 l&rsquo;un de ces composants vous devez vous ne devez pas utiliser ce savon .<\/p>\n<p>Poids : 95 g avant s\u00e9chage, emballage 100 % biod\u00e9gradable.<\/p>\n","protected":false},"excerpt":{"rendered":"<p>Idunn &#8211; Savon cr\u00e8me solide artisanal au lait d&rsquo;\u00e2nesse et \u00e0 l&rsquo;aloe vera Offrez \u00e0 votre peau un nettoyage d&rsquo;une douceur incomparable gr\u00e2ce \u00e0 notre savon cr\u00e8me au lait d&rsquo;\u00e2nesse et \u00e0 l&rsquo;aloe vera, sp\u00e9cialement con\u00e7u pour le visage. Notre savon artisanal saponifi\u00e9 \u00e0 froid est surgraiss\u00e9 \u00e0 10 % pour nettoyer votre visage en [&hellip;]<\/p>\n","protected":false},"featured_media":3524,"template":"","meta":[],"product_brand":[],"product_cat":[78],"product_tag":[],"class_list":{"0":"post-3523","1":"product","2":"type-product","3":"status-publish","4":"has-post-thumbnail","6":"product_cat-fraicheur-des-montagnes-cosmetiques-alpines","8":"first","9":"instock","10":"taxable","11":"shipping-taxable","12":"purchasable","13":"product-type-simple"},"yoast_head":"<!-- This site is optimized with the Yoast SEO plugin v27.4 - https:\/\/yoast.com\/product\/yoast-seo-wordpress\/ -->\n<title>Skali de Khatone - Savon cr\u00e8me Idunn au lait d&#039;\u00e2nesse - Alpenmarkt<\/title>\n<meta name=\"robots\" content=\"index, follow, max-snippet:-1, max-image-preview:large, max-video-preview:-1\" \/>\n<link rel=\"canonical\" href=\"https:\/\/alpen-markt.ch\/fr\/produkt\/skali-de-khatone-savon-creme-idunn-au-lait-danesse\/\" \/>\n<meta property=\"og:locale\" content=\"fr_FR\" \/>\n<meta property=\"og:type\" content=\"article\" \/>\n<meta property=\"og:title\" content=\"Skali de Khatone - Savon cr\u00e8me Idunn au lait d&#039;\u00e2nesse - Alpenmarkt\" \/>\n<meta property=\"og:description\" content=\"Idunn &#8211; Savon cr\u00e8me solide artisanal au lait d&rsquo;\u00e2nesse et \u00e0 l&rsquo;aloe vera Offrez \u00e0 votre peau un nettoyage d&rsquo;une douceur incomparable gr\u00e2ce \u00e0 notre savon cr\u00e8me au lait d&rsquo;\u00e2nesse et \u00e0 l&rsquo;aloe vera, sp\u00e9cialement con\u00e7u pour le visage. Notre savon artisanal saponifi\u00e9 \u00e0 froid est surgraiss\u00e9 \u00e0 10 % pour nettoyer votre visage en [&hellip;]\" \/>\n<meta property=\"og:url\" content=\"https:\/\/alpen-markt.ch\/fr\/produkt\/skali-de-khatone-savon-creme-idunn-au-lait-danesse\/\" \/>\n<meta property=\"og:site_name\" content=\"Alpenmarkt\" \/>\n<meta property=\"og:image\" content=\"https:\/\/alpen-markt.ch\/wp-content\/uploads\/2025\/11\/ffdd40e9-2731-4a6c-af21-afda344c38d3.png\" \/>\n\t<meta property=\"og:image:width\" content=\"500\" \/>\n\t<meta property=\"og:image:height\" content=\"500\" \/>\n\t<meta property=\"og:image:type\" content=\"image\/png\" \/>\n<meta name=\"twitter:card\" content=\"summary_large_image\" \/>\n<meta name=\"twitter:label1\" content=\"Dur\u00e9e de lecture estim\u00e9e\" \/>\n\t<meta name=\"twitter:data1\" content=\"2 minutes\" \/>\n<script type=\"application\/ld+json\" class=\"yoast-schema-graph\">{\"@context\":\"https:\\\/\\\/schema.org\",\"@graph\":[{\"@type\":\"WebPage\",\"@id\":\"https:\\\/\\\/alpen-markt.ch\\\/fr\\\/produkt\\\/skali-de-khatone-savon-creme-idunn-au-lait-danesse\\\/\",\"url\":\"https:\\\/\\\/alpen-markt.ch\\\/fr\\\/produkt\\\/skali-de-khatone-savon-creme-idunn-au-lait-danesse\\\/\",\"name\":\"Skali de Khatone - Savon cr\u00e8me Idunn au lait d'\u00e2nesse - Alpenmarkt\",\"isPartOf\":{\"@id\":\"https:\\\/\\\/alpen-markt.ch\\\/fr\\\/#website\"},\"primaryImageOfPage\":{\"@id\":\"https:\\\/\\\/alpen-markt.ch\\\/fr\\\/produkt\\\/skali-de-khatone-savon-creme-idunn-au-lait-danesse\\\/#primaryimage\"},\"image\":{\"@id\":\"https:\\\/\\\/alpen-markt.ch\\\/fr\\\/produkt\\\/skali-de-khatone-savon-creme-idunn-au-lait-danesse\\\/#primaryimage\"},\"thumbnailUrl\":\"https:\\\/\\\/alpen-markt.ch\\\/wp-content\\\/uploads\\\/2025\\\/11\\\/ffdd40e9-2731-4a6c-af21-afda344c38d3.png\",\"datePublished\":\"2025-11-25T15:50:26+00:00\",\"breadcrumb\":{\"@id\":\"https:\\\/\\\/alpen-markt.ch\\\/fr\\\/produkt\\\/skali-de-khatone-savon-creme-idunn-au-lait-danesse\\\/#breadcrumb\"},\"inLanguage\":\"fr-FR\",\"potentialAction\":[{\"@type\":\"ReadAction\",\"target\":[\"https:\\\/\\\/alpen-markt.ch\\\/fr\\\/produkt\\\/skali-de-khatone-savon-creme-idunn-au-lait-danesse\\\/\"]}]},{\"@type\":\"ImageObject\",\"inLanguage\":\"fr-FR\",\"@id\":\"https:\\\/\\\/alpen-markt.ch\\\/fr\\\/produkt\\\/skali-de-khatone-savon-creme-idunn-au-lait-danesse\\\/#primaryimage\",\"url\":\"https:\\\/\\\/alpen-markt.ch\\\/wp-content\\\/uploads\\\/2025\\\/11\\\/ffdd40e9-2731-4a6c-af21-afda344c38d3.png\",\"contentUrl\":\"https:\\\/\\\/alpen-markt.ch\\\/wp-content\\\/uploads\\\/2025\\\/11\\\/ffdd40e9-2731-4a6c-af21-afda344c38d3.png\",\"width\":500,\"height\":500},{\"@type\":\"BreadcrumbList\",\"@id\":\"https:\\\/\\\/alpen-markt.ch\\\/fr\\\/produkt\\\/skali-de-khatone-savon-creme-idunn-au-lait-danesse\\\/#breadcrumb\",\"itemListElement\":[{\"@type\":\"ListItem\",\"position\":1,\"name\":\"Startseite\",\"item\":\"https:\\\/\\\/alpen-markt.ch\\\/fr\\\/home\\\/\"},{\"@type\":\"ListItem\",\"position\":2,\"name\":\"Boutique en ligne\",\"item\":\"https:\\\/\\\/alpen-markt.ch\\\/fr\\\/boutique-en-ligne\\\/\"},{\"@type\":\"ListItem\",\"position\":3,\"name\":\"Skali de Khatone &#8211; Savon cr\u00e8me Idunn au lait d&#8217;\u00e2nesse\"}]},{\"@type\":\"WebSite\",\"@id\":\"https:\\\/\\\/alpen-markt.ch\\\/fr\\\/#website\",\"url\":\"https:\\\/\\\/alpen-markt.ch\\\/fr\\\/\",\"name\":\"Alpenmarkt\",\"description\":\"\",\"publisher\":{\"@id\":\"https:\\\/\\\/alpen-markt.ch\\\/fr\\\/#organization\"},\"potentialAction\":[{\"@type\":\"SearchAction\",\"target\":{\"@type\":\"EntryPoint\",\"urlTemplate\":\"https:\\\/\\\/alpen-markt.ch\\\/fr\\\/?s={search_term_string}\"},\"query-input\":{\"@type\":\"PropertyValueSpecification\",\"valueRequired\":true,\"valueName\":\"search_term_string\"}}],\"inLanguage\":\"fr-FR\"},{\"@type\":\"Organization\",\"@id\":\"https:\\\/\\\/alpen-markt.ch\\\/fr\\\/#organization\",\"name\":\"Alpenmarkt\",\"url\":\"https:\\\/\\\/alpen-markt.ch\\\/fr\\\/\",\"logo\":{\"@type\":\"ImageObject\",\"inLanguage\":\"fr-FR\",\"@id\":\"https:\\\/\\\/alpen-markt.ch\\\/fr\\\/#\\\/schema\\\/logo\\\/image\\\/\",\"url\":\"https:\\\/\\\/alpen-markt.ch\\\/wp-content\\\/uploads\\\/2025\\\/11\\\/logo-alpenmarkt.png\",\"contentUrl\":\"https:\\\/\\\/alpen-markt.ch\\\/wp-content\\\/uploads\\\/2025\\\/11\\\/logo-alpenmarkt.png\",\"width\":1048,\"height\":452,\"caption\":\"Alpenmarkt\"},\"image\":{\"@id\":\"https:\\\/\\\/alpen-markt.ch\\\/fr\\\/#\\\/schema\\\/logo\\\/image\\\/\"}}]}<\/script>\n<!-- \/ Yoast SEO plugin. -->","yoast_head_json":{"title":"Skali de Khatone - Savon cr\u00e8me Idunn au lait d'\u00e2nesse - Alpenmarkt","robots":{"index":"index","follow":"follow","max-snippet":"max-snippet:-1","max-image-preview":"max-image-preview:large","max-video-preview":"max-video-preview:-1"},"canonical":"https:\/\/alpen-markt.ch\/fr\/produkt\/skali-de-khatone-savon-creme-idunn-au-lait-danesse\/","og_locale":"fr_FR","og_type":"article","og_title":"Skali de Khatone - Savon cr\u00e8me Idunn au lait d'\u00e2nesse - Alpenmarkt","og_description":"Idunn &#8211; Savon cr\u00e8me solide artisanal au lait d&rsquo;\u00e2nesse et \u00e0 l&rsquo;aloe vera Offrez \u00e0 votre peau un nettoyage d&rsquo;une douceur incomparable gr\u00e2ce \u00e0 notre savon cr\u00e8me au lait d&rsquo;\u00e2nesse et \u00e0 l&rsquo;aloe vera, sp\u00e9cialement con\u00e7u pour le visage. Notre savon artisanal saponifi\u00e9 \u00e0 froid est surgraiss\u00e9 \u00e0 10 % pour nettoyer votre visage en [&hellip;]","og_url":"https:\/\/alpen-markt.ch\/fr\/produkt\/skali-de-khatone-savon-creme-idunn-au-lait-danesse\/","og_site_name":"Alpenmarkt","og_image":[{"width":500,"height":500,"url":"https:\/\/alpen-markt.ch\/wp-content\/uploads\/2025\/11\/ffdd40e9-2731-4a6c-af21-afda344c38d3.png","type":"image\/png"}],"twitter_card":"summary_large_image","twitter_misc":{"Dur\u00e9e de lecture estim\u00e9e":"2 minutes"},"schema":{"@context":"https:\/\/schema.org","@graph":[{"@type":"WebPage","@id":"https:\/\/alpen-markt.ch\/fr\/produkt\/skali-de-khatone-savon-creme-idunn-au-lait-danesse\/","url":"https:\/\/alpen-markt.ch\/fr\/produkt\/skali-de-khatone-savon-creme-idunn-au-lait-danesse\/","name":"Skali de Khatone - Savon cr\u00e8me Idunn au lait d'\u00e2nesse - Alpenmarkt","isPartOf":{"@id":"https:\/\/alpen-markt.ch\/fr\/#website"},"primaryImageOfPage":{"@id":"https:\/\/alpen-markt.ch\/fr\/produkt\/skali-de-khatone-savon-creme-idunn-au-lait-danesse\/#primaryimage"},"image":{"@id":"https:\/\/alpen-markt.ch\/fr\/produkt\/skali-de-khatone-savon-creme-idunn-au-lait-danesse\/#primaryimage"},"thumbnailUrl":"https:\/\/alpen-markt.ch\/wp-content\/uploads\/2025\/11\/ffdd40e9-2731-4a6c-af21-afda344c38d3.png","datePublished":"2025-11-25T15:50:26+00:00","breadcrumb":{"@id":"https:\/\/alpen-markt.ch\/fr\/produkt\/skali-de-khatone-savon-creme-idunn-au-lait-danesse\/#breadcrumb"},"inLanguage":"fr-FR","potentialAction":[{"@type":"ReadAction","target":["https:\/\/alpen-markt.ch\/fr\/produkt\/skali-de-khatone-savon-creme-idunn-au-lait-danesse\/"]}]},{"@type":"ImageObject","inLanguage":"fr-FR","@id":"https:\/\/alpen-markt.ch\/fr\/produkt\/skali-de-khatone-savon-creme-idunn-au-lait-danesse\/#primaryimage","url":"https:\/\/alpen-markt.ch\/wp-content\/uploads\/2025\/11\/ffdd40e9-2731-4a6c-af21-afda344c38d3.png","contentUrl":"https:\/\/alpen-markt.ch\/wp-content\/uploads\/2025\/11\/ffdd40e9-2731-4a6c-af21-afda344c38d3.png","width":500,"height":500},{"@type":"BreadcrumbList","@id":"https:\/\/alpen-markt.ch\/fr\/produkt\/skali-de-khatone-savon-creme-idunn-au-lait-danesse\/#breadcrumb","itemListElement":[{"@type":"ListItem","position":1,"name":"Startseite","item":"https:\/\/alpen-markt.ch\/fr\/home\/"},{"@type":"ListItem","position":2,"name":"Boutique en ligne","item":"https:\/\/alpen-markt.ch\/fr\/boutique-en-ligne\/"},{"@type":"ListItem","position":3,"name":"Skali de Khatone &#8211; Savon cr\u00e8me Idunn au lait d&#8217;\u00e2nesse"}]},{"@type":"WebSite","@id":"https:\/\/alpen-markt.ch\/fr\/#website","url":"https:\/\/alpen-markt.ch\/fr\/","name":"Alpenmarkt","description":"","publisher":{"@id":"https:\/\/alpen-markt.ch\/fr\/#organization"},"potentialAction":[{"@type":"SearchAction","target":{"@type":"EntryPoint","urlTemplate":"https:\/\/alpen-markt.ch\/fr\/?s={search_term_string}"},"query-input":{"@type":"PropertyValueSpecification","valueRequired":true,"valueName":"search_term_string"}}],"inLanguage":"fr-FR"},{"@type":"Organization","@id":"https:\/\/alpen-markt.ch\/fr\/#organization","name":"Alpenmarkt","url":"https:\/\/alpen-markt.ch\/fr\/","logo":{"@type":"ImageObject","inLanguage":"fr-FR","@id":"https:\/\/alpen-markt.ch\/fr\/#\/schema\/logo\/image\/","url":"https:\/\/alpen-markt.ch\/wp-content\/uploads\/2025\/11\/logo-alpenmarkt.png","contentUrl":"https:\/\/alpen-markt.ch\/wp-content\/uploads\/2025\/11\/logo-alpenmarkt.png","width":1048,"height":452,"caption":"Alpenmarkt"},"image":{"@id":"https:\/\/alpen-markt.ch\/fr\/#\/schema\/logo\/image\/"}}]}},"_links":{"self":[{"href":"https:\/\/alpen-markt.ch\/fr\/wp-json\/wp\/v2\/product\/3523","targetHints":{"allow":["GET"]}}],"collection":[{"href":"https:\/\/alpen-markt.ch\/fr\/wp-json\/wp\/v2\/product"}],"about":[{"href":"https:\/\/alpen-markt.ch\/fr\/wp-json\/wp\/v2\/types\/product"}],"wp:featuredmedia":[{"embeddable":true,"href":"https:\/\/alpen-markt.ch\/fr\/wp-json\/wp\/v2\/media\/3524"}],"wp:attachment":[{"href":"https:\/\/alpen-markt.ch\/fr\/wp-json\/wp\/v2\/media?parent=3523"}],"wp:term":[{"taxonomy":"product_brand","embeddable":true,"href":"https:\/\/alpen-markt.ch\/fr\/wp-json\/wp\/v2\/product_brand?post=3523"},{"taxonomy":"product_cat","embeddable":true,"href":"https:\/\/alpen-markt.ch\/fr\/wp-json\/wp\/v2\/product_cat?post=3523"},{"taxonomy":"product_tag","embeddable":true,"href":"https:\/\/alpen-markt.ch\/fr\/wp-json\/wp\/v2\/product_tag?post=3523"}],"curies":[{"name":"wp","href":"https:\/\/api.w.org\/{rel}","templated":true}]}}