{"id":3516,"date":"2025-11-25T16:50:26","date_gmt":"2025-11-25T15:50:26","guid":{"rendered":"https:\/\/alpen-markt.ch\/produkt\/la-haut-baume-a-levres-abricot\/"},"modified":"2025-11-25T16:50:26","modified_gmt":"2025-11-25T15:50:26","slug":"la-haut-baume-a-levres-abricot","status":"publish","type":"product","link":"https:\/\/alpen-markt.ch\/fr\/produkt\/la-haut-baume-a-levres-abricot\/","title":{"rendered":"L\u00e0-Haut &#8211; Baume \u00e0 l\u00e8vres Abricot"},"content":{"rendered":"<p>Ce baume \u00e0 l\u00e8vres est riche en huile de noyau d&rsquo;abricot, en beurre de karit\u00e9 et en cacao. Il hydrate, nourrit, apaise et prot\u00e8ge les l\u00e8vres. Le stick est compos\u00e9 \u00e0 100 % de carton compostable et biod\u00e9gradable ! <\/p>\n<p>L&rsquo;huile d&rsquo;abricot est connue depuis longtemps pour ses propri\u00e9t\u00e9s b\u00e9n\u00e9fiques en cosm\u00e9tique. C&rsquo;est une huile tr\u00e8s riche en vitamine A et en acide linol\u00e9ique. C&rsquo;est l&rsquo;huile qui contient le plus d&rsquo;acides polyinsatur\u00e9s et qui est donc une alli\u00e9e pour les peaux fatigu\u00e9es, fan\u00e9es, d\u00e9vitalis\u00e9es et ternes. Elle redonne \u00e0 la peau tonicit\u00e9 et \u00e9clat, am\u00e9liore le teint et retarde les effets du vieillissement cutan\u00e9. Elle est \u00e9galement connue pour ses propri\u00e9t\u00e9s apaisantes et calmantes sur les peaux sensibles.<br \/>\nL&rsquo;huile de ricin, riche en acides ricinoliques, soulage les affections cutan\u00e9es et apaise les inflammations gr\u00e2ce \u00e0 son action \u00e9molliente et cicatrisante.<br \/>\nLe beurre de karit\u00e9 est connu pour ses propri\u00e9t\u00e9s apaisantes, adoucissantes, assouplissantes, \u00e9mollientes, protectrices et r\u00e9g\u00e9n\u00e9rantes. Le beurre de karit\u00e9 a un effet r\u00e9parateur ind\u00e9niable sur les peaux ab\u00eem\u00e9es.<br \/>\nLe beurre de cacao est connu pour ses propri\u00e9t\u00e9s assouplissantes, hydratantes et nourrissantes. Il redonne de la fermet\u00e9 \u00e0 la peau et restaure son \u00e9lasticit\u00e9. Il a un effet r\u00e9g\u00e9n\u00e9rant et r\u00e9parateur et favorise la reconstruction des peaux affaiblies et ab\u00eem\u00e9es. Il est riche en antioxydants et aide \u00e0 lutter contre les effets du vieillissement cutan\u00e9.<br \/>La cire d&rsquo;abeille poss\u00e8de des propri\u00e9t\u00e9s protectrices, cicatrisantes, apaisantes, hydratantes et nourrissantes. Elle forme \u00e9galement un film protecteur et imperm\u00e9able sur la peau et la prot\u00e8ge du dess\u00e8chement.<br \/>\nLa vitamine E est un puissant antioxydant. Gr\u00e2ce \u00e0 ses propri\u00e9t\u00e9s, elle bloque l&rsquo;action des radicaux libres et constitue ainsi un anti-\u00e2ge efficace tr\u00e8s appr\u00e9ci\u00e9 en cosm\u00e9tique. Elle aide \u00e0 pr\u00e9server l&rsquo;\u00e9lasticit\u00e9 et l&rsquo;hydratation de la peau.          <\/p>\n<p>Utilisation : appliquer deux fois par jour sur les l\u00e8vres si n\u00e9cessaire.<br \/>\nAppuyer doucement avec le doigt sur le fond du tube pour faire sortir le baume.<br \/>\nDur\u00e9e de conservation : 18 mois apr\u00e8s ouverture du tube. Conserver dans un endroit sec et frais, \u00e0 l&rsquo;abri de la lumi\u00e8re et de la chaleur.<br \/>\n* test\u00e9 sous contr\u00f4le dermatologique *<\/p>\n<p>Ingr\u00e9dients INCI : Ricinus Communis (ricin) graine huile*, Cera Alba (cire d&rsquo;abeille), Butyrospermum Parkii (karit\u00e9) beurre*, Theobroma Cacao (Cacao) Graine Beurre*, Prunus Armeniaca (Abricot) Noyau Huile, Parfum (Fragrance), Helianthus Annuus (tournesol) graine huile, tocoph\u00e9rol, b\u00eata-sitost\u00e9rol, squal\u00e8ne.<br \/>\n* Ingr\u00e9dients issus de l&rsquo;agriculture biologique .<br \/>\nIngr\u00e9dients locaux : Avec huile d&rsquo;abricot Luizet provenant du Valais<br \/>\nIngr\u00e9dients provenant \u00e9cologique : 97 % du beurre et des huiles v\u00e9g\u00e9tales Huiles<br \/>\nIngr\u00e9dients naturels : min 98 % des ingr\u00e9dients sont naturels<\/p>\n","protected":false},"excerpt":{"rendered":"<p>Ce baume \u00e0 l\u00e8vres est riche en huile de noyau d&rsquo;abricot, en beurre de karit\u00e9 et en cacao. Il hydrate, nourrit, apaise et prot\u00e8ge les l\u00e8vres. Le stick est compos\u00e9 \u00e0 100 % de carton compostable et biod\u00e9gradable ! L&rsquo;huile d&rsquo;abricot est connue depuis longtemps pour ses propri\u00e9t\u00e9s b\u00e9n\u00e9fiques en cosm\u00e9tique. C&rsquo;est une huile tr\u00e8s [&hellip;]<\/p>\n","protected":false},"featured_media":3517,"template":"","meta":[],"product_brand":[],"product_cat":[78],"product_tag":[],"class_list":{"0":"post-3516","1":"product","2":"type-product","3":"status-publish","4":"has-post-thumbnail","6":"product_cat-fraicheur-des-montagnes-cosmetiques-alpines","8":"first","9":"instock","10":"taxable","11":"shipping-taxable","12":"purchasable","13":"product-type-simple"},"yoast_head":"<!-- This site is optimized with the Yoast SEO plugin v27.4 - https:\/\/yoast.com\/product\/yoast-seo-wordpress\/ -->\n<title>L\u00e0-Haut - Baume \u00e0 l\u00e8vres Abricot - Alpenmarkt<\/title>\n<meta name=\"robots\" content=\"index, follow, max-snippet:-1, max-image-preview:large, max-video-preview:-1\" \/>\n<link rel=\"canonical\" href=\"https:\/\/alpen-markt.ch\/fr\/produkt\/la-haut-baume-a-levres-abricot\/\" \/>\n<meta property=\"og:locale\" content=\"fr_FR\" \/>\n<meta property=\"og:type\" content=\"article\" \/>\n<meta property=\"og:title\" content=\"L\u00e0-Haut - Baume \u00e0 l\u00e8vres Abricot - Alpenmarkt\" \/>\n<meta property=\"og:description\" content=\"Ce baume \u00e0 l\u00e8vres est riche en huile de noyau d&rsquo;abricot, en beurre de karit\u00e9 et en cacao. Il hydrate, nourrit, apaise et prot\u00e8ge les l\u00e8vres. Le stick est compos\u00e9 \u00e0 100 % de carton compostable et biod\u00e9gradable ! L&rsquo;huile d&rsquo;abricot est connue depuis longtemps pour ses propri\u00e9t\u00e9s b\u00e9n\u00e9fiques en cosm\u00e9tique. C&rsquo;est une huile tr\u00e8s [&hellip;]\" \/>\n<meta property=\"og:url\" content=\"https:\/\/alpen-markt.ch\/fr\/produkt\/la-haut-baume-a-levres-abricot\/\" \/>\n<meta property=\"og:site_name\" content=\"Alpenmarkt\" \/>\n<meta property=\"og:image\" content=\"https:\/\/alpen-markt.ch\/wp-content\/uploads\/2025\/11\/123d59fc-f2a6-4461-a77b-70344d556511.png\" \/>\n\t<meta property=\"og:image:width\" content=\"500\" \/>\n\t<meta property=\"og:image:height\" content=\"500\" \/>\n\t<meta property=\"og:image:type\" content=\"image\/png\" \/>\n<meta name=\"twitter:card\" content=\"summary_large_image\" \/>\n<meta name=\"twitter:label1\" content=\"Dur\u00e9e de lecture estim\u00e9e\" \/>\n\t<meta name=\"twitter:data1\" content=\"2 minutes\" \/>\n<script type=\"application\/ld+json\" class=\"yoast-schema-graph\">{\"@context\":\"https:\\\/\\\/schema.org\",\"@graph\":[{\"@type\":\"WebPage\",\"@id\":\"https:\\\/\\\/alpen-markt.ch\\\/fr\\\/produkt\\\/la-haut-baume-a-levres-abricot\\\/\",\"url\":\"https:\\\/\\\/alpen-markt.ch\\\/fr\\\/produkt\\\/la-haut-baume-a-levres-abricot\\\/\",\"name\":\"L\u00e0-Haut - Baume \u00e0 l\u00e8vres Abricot - Alpenmarkt\",\"isPartOf\":{\"@id\":\"https:\\\/\\\/alpen-markt.ch\\\/fr\\\/#website\"},\"primaryImageOfPage\":{\"@id\":\"https:\\\/\\\/alpen-markt.ch\\\/fr\\\/produkt\\\/la-haut-baume-a-levres-abricot\\\/#primaryimage\"},\"image\":{\"@id\":\"https:\\\/\\\/alpen-markt.ch\\\/fr\\\/produkt\\\/la-haut-baume-a-levres-abricot\\\/#primaryimage\"},\"thumbnailUrl\":\"https:\\\/\\\/alpen-markt.ch\\\/wp-content\\\/uploads\\\/2025\\\/11\\\/123d59fc-f2a6-4461-a77b-70344d556511.png\",\"datePublished\":\"2025-11-25T15:50:26+00:00\",\"breadcrumb\":{\"@id\":\"https:\\\/\\\/alpen-markt.ch\\\/fr\\\/produkt\\\/la-haut-baume-a-levres-abricot\\\/#breadcrumb\"},\"inLanguage\":\"fr-FR\",\"potentialAction\":[{\"@type\":\"ReadAction\",\"target\":[\"https:\\\/\\\/alpen-markt.ch\\\/fr\\\/produkt\\\/la-haut-baume-a-levres-abricot\\\/\"]}]},{\"@type\":\"ImageObject\",\"inLanguage\":\"fr-FR\",\"@id\":\"https:\\\/\\\/alpen-markt.ch\\\/fr\\\/produkt\\\/la-haut-baume-a-levres-abricot\\\/#primaryimage\",\"url\":\"https:\\\/\\\/alpen-markt.ch\\\/wp-content\\\/uploads\\\/2025\\\/11\\\/123d59fc-f2a6-4461-a77b-70344d556511.png\",\"contentUrl\":\"https:\\\/\\\/alpen-markt.ch\\\/wp-content\\\/uploads\\\/2025\\\/11\\\/123d59fc-f2a6-4461-a77b-70344d556511.png\",\"width\":500,\"height\":500},{\"@type\":\"BreadcrumbList\",\"@id\":\"https:\\\/\\\/alpen-markt.ch\\\/fr\\\/produkt\\\/la-haut-baume-a-levres-abricot\\\/#breadcrumb\",\"itemListElement\":[{\"@type\":\"ListItem\",\"position\":1,\"name\":\"Startseite\",\"item\":\"https:\\\/\\\/alpen-markt.ch\\\/fr\\\/home\\\/\"},{\"@type\":\"ListItem\",\"position\":2,\"name\":\"Boutique en ligne\",\"item\":\"https:\\\/\\\/alpen-markt.ch\\\/fr\\\/boutique-en-ligne\\\/\"},{\"@type\":\"ListItem\",\"position\":3,\"name\":\"L\u00e0-Haut &#8211; Baume \u00e0 l\u00e8vres Abricot\"}]},{\"@type\":\"WebSite\",\"@id\":\"https:\\\/\\\/alpen-markt.ch\\\/fr\\\/#website\",\"url\":\"https:\\\/\\\/alpen-markt.ch\\\/fr\\\/\",\"name\":\"Alpenmarkt\",\"description\":\"\",\"publisher\":{\"@id\":\"https:\\\/\\\/alpen-markt.ch\\\/fr\\\/#organization\"},\"potentialAction\":[{\"@type\":\"SearchAction\",\"target\":{\"@type\":\"EntryPoint\",\"urlTemplate\":\"https:\\\/\\\/alpen-markt.ch\\\/fr\\\/?s={search_term_string}\"},\"query-input\":{\"@type\":\"PropertyValueSpecification\",\"valueRequired\":true,\"valueName\":\"search_term_string\"}}],\"inLanguage\":\"fr-FR\"},{\"@type\":\"Organization\",\"@id\":\"https:\\\/\\\/alpen-markt.ch\\\/fr\\\/#organization\",\"name\":\"Alpenmarkt\",\"url\":\"https:\\\/\\\/alpen-markt.ch\\\/fr\\\/\",\"logo\":{\"@type\":\"ImageObject\",\"inLanguage\":\"fr-FR\",\"@id\":\"https:\\\/\\\/alpen-markt.ch\\\/fr\\\/#\\\/schema\\\/logo\\\/image\\\/\",\"url\":\"https:\\\/\\\/alpen-markt.ch\\\/wp-content\\\/uploads\\\/2025\\\/11\\\/logo-alpenmarkt.png\",\"contentUrl\":\"https:\\\/\\\/alpen-markt.ch\\\/wp-content\\\/uploads\\\/2025\\\/11\\\/logo-alpenmarkt.png\",\"width\":1048,\"height\":452,\"caption\":\"Alpenmarkt\"},\"image\":{\"@id\":\"https:\\\/\\\/alpen-markt.ch\\\/fr\\\/#\\\/schema\\\/logo\\\/image\\\/\"}}]}<\/script>\n<!-- \/ Yoast SEO plugin. -->","yoast_head_json":{"title":"L\u00e0-Haut - Baume \u00e0 l\u00e8vres Abricot - Alpenmarkt","robots":{"index":"index","follow":"follow","max-snippet":"max-snippet:-1","max-image-preview":"max-image-preview:large","max-video-preview":"max-video-preview:-1"},"canonical":"https:\/\/alpen-markt.ch\/fr\/produkt\/la-haut-baume-a-levres-abricot\/","og_locale":"fr_FR","og_type":"article","og_title":"L\u00e0-Haut - Baume \u00e0 l\u00e8vres Abricot - Alpenmarkt","og_description":"Ce baume \u00e0 l\u00e8vres est riche en huile de noyau d&rsquo;abricot, en beurre de karit\u00e9 et en cacao. Il hydrate, nourrit, apaise et prot\u00e8ge les l\u00e8vres. Le stick est compos\u00e9 \u00e0 100 % de carton compostable et biod\u00e9gradable ! L&rsquo;huile d&rsquo;abricot est connue depuis longtemps pour ses propri\u00e9t\u00e9s b\u00e9n\u00e9fiques en cosm\u00e9tique. C&rsquo;est une huile tr\u00e8s [&hellip;]","og_url":"https:\/\/alpen-markt.ch\/fr\/produkt\/la-haut-baume-a-levres-abricot\/","og_site_name":"Alpenmarkt","og_image":[{"width":500,"height":500,"url":"https:\/\/alpen-markt.ch\/wp-content\/uploads\/2025\/11\/123d59fc-f2a6-4461-a77b-70344d556511.png","type":"image\/png"}],"twitter_card":"summary_large_image","twitter_misc":{"Dur\u00e9e de lecture estim\u00e9e":"2 minutes"},"schema":{"@context":"https:\/\/schema.org","@graph":[{"@type":"WebPage","@id":"https:\/\/alpen-markt.ch\/fr\/produkt\/la-haut-baume-a-levres-abricot\/","url":"https:\/\/alpen-markt.ch\/fr\/produkt\/la-haut-baume-a-levres-abricot\/","name":"L\u00e0-Haut - Baume \u00e0 l\u00e8vres Abricot - Alpenmarkt","isPartOf":{"@id":"https:\/\/alpen-markt.ch\/fr\/#website"},"primaryImageOfPage":{"@id":"https:\/\/alpen-markt.ch\/fr\/produkt\/la-haut-baume-a-levres-abricot\/#primaryimage"},"image":{"@id":"https:\/\/alpen-markt.ch\/fr\/produkt\/la-haut-baume-a-levres-abricot\/#primaryimage"},"thumbnailUrl":"https:\/\/alpen-markt.ch\/wp-content\/uploads\/2025\/11\/123d59fc-f2a6-4461-a77b-70344d556511.png","datePublished":"2025-11-25T15:50:26+00:00","breadcrumb":{"@id":"https:\/\/alpen-markt.ch\/fr\/produkt\/la-haut-baume-a-levres-abricot\/#breadcrumb"},"inLanguage":"fr-FR","potentialAction":[{"@type":"ReadAction","target":["https:\/\/alpen-markt.ch\/fr\/produkt\/la-haut-baume-a-levres-abricot\/"]}]},{"@type":"ImageObject","inLanguage":"fr-FR","@id":"https:\/\/alpen-markt.ch\/fr\/produkt\/la-haut-baume-a-levres-abricot\/#primaryimage","url":"https:\/\/alpen-markt.ch\/wp-content\/uploads\/2025\/11\/123d59fc-f2a6-4461-a77b-70344d556511.png","contentUrl":"https:\/\/alpen-markt.ch\/wp-content\/uploads\/2025\/11\/123d59fc-f2a6-4461-a77b-70344d556511.png","width":500,"height":500},{"@type":"BreadcrumbList","@id":"https:\/\/alpen-markt.ch\/fr\/produkt\/la-haut-baume-a-levres-abricot\/#breadcrumb","itemListElement":[{"@type":"ListItem","position":1,"name":"Startseite","item":"https:\/\/alpen-markt.ch\/fr\/home\/"},{"@type":"ListItem","position":2,"name":"Boutique en ligne","item":"https:\/\/alpen-markt.ch\/fr\/boutique-en-ligne\/"},{"@type":"ListItem","position":3,"name":"L\u00e0-Haut &#8211; Baume \u00e0 l\u00e8vres Abricot"}]},{"@type":"WebSite","@id":"https:\/\/alpen-markt.ch\/fr\/#website","url":"https:\/\/alpen-markt.ch\/fr\/","name":"Alpenmarkt","description":"","publisher":{"@id":"https:\/\/alpen-markt.ch\/fr\/#organization"},"potentialAction":[{"@type":"SearchAction","target":{"@type":"EntryPoint","urlTemplate":"https:\/\/alpen-markt.ch\/fr\/?s={search_term_string}"},"query-input":{"@type":"PropertyValueSpecification","valueRequired":true,"valueName":"search_term_string"}}],"inLanguage":"fr-FR"},{"@type":"Organization","@id":"https:\/\/alpen-markt.ch\/fr\/#organization","name":"Alpenmarkt","url":"https:\/\/alpen-markt.ch\/fr\/","logo":{"@type":"ImageObject","inLanguage":"fr-FR","@id":"https:\/\/alpen-markt.ch\/fr\/#\/schema\/logo\/image\/","url":"https:\/\/alpen-markt.ch\/wp-content\/uploads\/2025\/11\/logo-alpenmarkt.png","contentUrl":"https:\/\/alpen-markt.ch\/wp-content\/uploads\/2025\/11\/logo-alpenmarkt.png","width":1048,"height":452,"caption":"Alpenmarkt"},"image":{"@id":"https:\/\/alpen-markt.ch\/fr\/#\/schema\/logo\/image\/"}}]}},"_links":{"self":[{"href":"https:\/\/alpen-markt.ch\/fr\/wp-json\/wp\/v2\/product\/3516","targetHints":{"allow":["GET"]}}],"collection":[{"href":"https:\/\/alpen-markt.ch\/fr\/wp-json\/wp\/v2\/product"}],"about":[{"href":"https:\/\/alpen-markt.ch\/fr\/wp-json\/wp\/v2\/types\/product"}],"wp:featuredmedia":[{"embeddable":true,"href":"https:\/\/alpen-markt.ch\/fr\/wp-json\/wp\/v2\/media\/3517"}],"wp:attachment":[{"href":"https:\/\/alpen-markt.ch\/fr\/wp-json\/wp\/v2\/media?parent=3516"}],"wp:term":[{"taxonomy":"product_brand","embeddable":true,"href":"https:\/\/alpen-markt.ch\/fr\/wp-json\/wp\/v2\/product_brand?post=3516"},{"taxonomy":"product_cat","embeddable":true,"href":"https:\/\/alpen-markt.ch\/fr\/wp-json\/wp\/v2\/product_cat?post=3516"},{"taxonomy":"product_tag","embeddable":true,"href":"https:\/\/alpen-markt.ch\/fr\/wp-json\/wp\/v2\/product_tag?post=3516"}],"curies":[{"name":"wp","href":"https:\/\/api.w.org\/{rel}","templated":true}]}}