{"id":3514,"date":"2025-11-25T16:50:26","date_gmt":"2025-11-25T15:50:26","guid":{"rendered":"https:\/\/alpen-markt.ch\/produkt\/la-haut-ortie-et-biere-shampoo\/"},"modified":"2025-11-25T16:50:26","modified_gmt":"2025-11-25T15:50:26","slug":"la-haut-ortie-et-biere-shampoo","status":"publish","type":"product","link":"https:\/\/alpen-markt.ch\/fr\/produkt\/la-haut-ortie-et-biere-shampoo\/","title":{"rendered":"L\u00e0-Haut &#8211; \u00ab\u00a0Ortie et bi\u00e8re\u00a0\u00bb Shampoo"},"content":{"rendered":"<p>Le shampooing \u00e0 l&rsquo;ortie et \u00e0 la bi\u00e8re valaisanne nettoie les cheveux en douceur et offre une mousse onctueuse, exactement comme on aime un shampooing. Shampooing enrichi en mac\u00e9rat d&rsquo;ortie piquante du Valais et en bi\u00e8re valaisanne.<\/p>\n<p>L&rsquo;ortie piquante est connue pour renforcer et r\u00e9guler les cheveux sensibles. Elle aide \u00e9galement \u00e0 fortifier les cheveux et \u00e0 les rendre moins cassants. La bi\u00e8re, quant \u00e0 elle, est connue pour apporter brillance et volume aux cheveux.  <\/p>\n<p>Pour chaque savon achet\u00e9 , 0,50 CHF seront revers\u00e9s \u00e0 la Summit Foundation !<\/p>\n<p>Fabriqu\u00e9 selon la m\u00e9thode traditionnelle de saponification \u00e0 froid. Cette m\u00e9thode permet la fabrication de savons qui sont naturellement riches en glyc\u00e9rine (substance hydratante) sont, mais aussi la part * insaponifiable * des huiles v\u00e9g\u00e9tales et du beurre conservent les pr\u00e9cieuses propri\u00e9t\u00e9s pour la peau qu&rsquo;ils contiennent (nourrissantes, adoucissantes, assouplissantes et protectrices). Ce processus de fabrication donne des savons tr\u00e8s hydratants.  <\/p>\n<p>Application : mouiller les cheveux.<br \/>\nM\u00e9thode 1 : rincer le shampooing sous l&rsquo;eau, puis l&rsquo;appliquer directement sur les cheveux et les laver comme d&rsquo;habitude.<br \/>\nM\u00e9thode 2 : tenir le shampooing sous l&rsquo;eau, le faire mousser entre les mains, l&rsquo;appliquer sur les cheveux et les laver.<br \/>\nRemarque : il faut parfois plusieurs mois pour que les cheveux s&rsquo;habituent au shampooing.<br \/>\nDur\u00e9e de conservation : 18 mois. Conserver dans un endroit sec et frais, \u00e0 l&rsquo;abri de la lumi\u00e8re et de la chaleur. Placer le savon sur un porte-savon afin qu&rsquo;il puisse bien s\u00e9cher entre deux utilisations.  <\/p>\n<p>Ingr\u00e9dients INCI : Sodium Cocoate (noix de coco)*, Aqua, Glyc\u00e9rine, Sodium Palmate (palme), Sodium Hydroxyde, Sodium Olivate (olive)*, Sodium Castorate (ricin)*, Sodium Sunflower seedate (tournesol), Sodium Sweet Almondate (amande douce), Parfum (parfum), huile de coco_coco nucifera (noix de coco)*, huile d&rsquo;eleais guineensis (palme), huile de fruit d&rsquo;olea europaea (olive)*, huile de graine de ricinus communis (ricin)*, huile de graine d&rsquo;Helianthus Annuus (tournesol)*, Huile de Prunus amygdalus dulcis *, extrait de feuille d&rsquo;Urtica Dioica (ortie piquante), bi\u00e8re (eau, malt, houblon, levure), CI77288<br \/>\n*Ingr\u00e9dients issus de l&rsquo;agriculture biologique.<br \/>\nPalme : label RSPO, garantie sans d\u00e9forestation.<br \/>\nBiod\u00e9gradable<\/p>\n<p>Ingr\u00e9dients locaux : orties r\u00e9colt\u00e9es en Valais et mac\u00e9r\u00e9es au soleil en Valais. La bi\u00e8re est fabriqu\u00e9e \u00e0 Saxon, en Valais.<br \/>\nIngr\u00e9dients issus de l&rsquo;agriculture biologique : min. 70 % du beurre et des huiles v\u00e9g\u00e9tales.<br \/>\nIngr\u00e9dients naturels : au moins 96 % des ingr\u00e9dients sont naturels.   <\/p>\n","protected":false},"excerpt":{"rendered":"<p>Le shampooing \u00e0 l&rsquo;ortie et \u00e0 la bi\u00e8re valaisanne nettoie les cheveux en douceur et offre une mousse onctueuse, exactement comme on aime un shampooing. Shampooing enrichi en mac\u00e9rat d&rsquo;ortie piquante du Valais et en bi\u00e8re valaisanne. L&rsquo;ortie piquante est connue pour renforcer et r\u00e9guler les cheveux sensibles. Elle aide \u00e9galement \u00e0 fortifier les cheveux [&hellip;]<\/p>\n","protected":false},"featured_media":3515,"template":"","meta":[],"product_brand":[],"product_cat":[78],"product_tag":[],"class_list":{"0":"post-3514","1":"product","2":"type-product","3":"status-publish","4":"has-post-thumbnail","6":"product_cat-fraicheur-des-montagnes-cosmetiques-alpines","8":"first","9":"instock","10":"taxable","11":"shipping-taxable","12":"purchasable","13":"product-type-simple"},"yoast_head":"<!-- This site is optimized with the Yoast SEO plugin v27.4 - https:\/\/yoast.com\/product\/yoast-seo-wordpress\/ -->\n<title>L\u00e0-Haut - &quot;Ortie et bi\u00e8re&quot; Shampoo - Alpenmarkt<\/title>\n<meta name=\"robots\" content=\"index, follow, max-snippet:-1, max-image-preview:large, max-video-preview:-1\" \/>\n<link rel=\"canonical\" href=\"https:\/\/alpen-markt.ch\/fr\/produkt\/la-haut-ortie-et-biere-shampoo\/\" \/>\n<meta property=\"og:locale\" content=\"fr_FR\" \/>\n<meta property=\"og:type\" content=\"article\" \/>\n<meta property=\"og:title\" content=\"L\u00e0-Haut - &quot;Ortie et bi\u00e8re&quot; Shampoo - Alpenmarkt\" \/>\n<meta property=\"og:description\" content=\"Le shampooing \u00e0 l&rsquo;ortie et \u00e0 la bi\u00e8re valaisanne nettoie les cheveux en douceur et offre une mousse onctueuse, exactement comme on aime un shampooing. Shampooing enrichi en mac\u00e9rat d&rsquo;ortie piquante du Valais et en bi\u00e8re valaisanne. L&rsquo;ortie piquante est connue pour renforcer et r\u00e9guler les cheveux sensibles. Elle aide \u00e9galement \u00e0 fortifier les cheveux [&hellip;]\" \/>\n<meta property=\"og:url\" content=\"https:\/\/alpen-markt.ch\/fr\/produkt\/la-haut-ortie-et-biere-shampoo\/\" \/>\n<meta property=\"og:site_name\" content=\"Alpenmarkt\" \/>\n<meta property=\"og:image\" content=\"https:\/\/alpen-markt.ch\/wp-content\/uploads\/2025\/11\/be3a0080-9e17-4c1e-865f-174025f2520e.png\" \/>\n\t<meta property=\"og:image:width\" content=\"500\" \/>\n\t<meta property=\"og:image:height\" content=\"500\" \/>\n\t<meta property=\"og:image:type\" content=\"image\/png\" \/>\n<meta name=\"twitter:card\" content=\"summary_large_image\" \/>\n<meta name=\"twitter:label1\" content=\"Dur\u00e9e de lecture estim\u00e9e\" \/>\n\t<meta name=\"twitter:data1\" content=\"2 minutes\" \/>\n<script type=\"application\/ld+json\" class=\"yoast-schema-graph\">{\"@context\":\"https:\\\/\\\/schema.org\",\"@graph\":[{\"@type\":\"WebPage\",\"@id\":\"https:\\\/\\\/alpen-markt.ch\\\/fr\\\/produkt\\\/la-haut-ortie-et-biere-shampoo\\\/\",\"url\":\"https:\\\/\\\/alpen-markt.ch\\\/fr\\\/produkt\\\/la-haut-ortie-et-biere-shampoo\\\/\",\"name\":\"L\u00e0-Haut - \\\"Ortie et bi\u00e8re\\\" Shampoo - Alpenmarkt\",\"isPartOf\":{\"@id\":\"https:\\\/\\\/alpen-markt.ch\\\/fr\\\/#website\"},\"primaryImageOfPage\":{\"@id\":\"https:\\\/\\\/alpen-markt.ch\\\/fr\\\/produkt\\\/la-haut-ortie-et-biere-shampoo\\\/#primaryimage\"},\"image\":{\"@id\":\"https:\\\/\\\/alpen-markt.ch\\\/fr\\\/produkt\\\/la-haut-ortie-et-biere-shampoo\\\/#primaryimage\"},\"thumbnailUrl\":\"https:\\\/\\\/alpen-markt.ch\\\/wp-content\\\/uploads\\\/2025\\\/11\\\/be3a0080-9e17-4c1e-865f-174025f2520e.png\",\"datePublished\":\"2025-11-25T15:50:26+00:00\",\"breadcrumb\":{\"@id\":\"https:\\\/\\\/alpen-markt.ch\\\/fr\\\/produkt\\\/la-haut-ortie-et-biere-shampoo\\\/#breadcrumb\"},\"inLanguage\":\"fr-FR\",\"potentialAction\":[{\"@type\":\"ReadAction\",\"target\":[\"https:\\\/\\\/alpen-markt.ch\\\/fr\\\/produkt\\\/la-haut-ortie-et-biere-shampoo\\\/\"]}]},{\"@type\":\"ImageObject\",\"inLanguage\":\"fr-FR\",\"@id\":\"https:\\\/\\\/alpen-markt.ch\\\/fr\\\/produkt\\\/la-haut-ortie-et-biere-shampoo\\\/#primaryimage\",\"url\":\"https:\\\/\\\/alpen-markt.ch\\\/wp-content\\\/uploads\\\/2025\\\/11\\\/be3a0080-9e17-4c1e-865f-174025f2520e.png\",\"contentUrl\":\"https:\\\/\\\/alpen-markt.ch\\\/wp-content\\\/uploads\\\/2025\\\/11\\\/be3a0080-9e17-4c1e-865f-174025f2520e.png\",\"width\":500,\"height\":500},{\"@type\":\"BreadcrumbList\",\"@id\":\"https:\\\/\\\/alpen-markt.ch\\\/fr\\\/produkt\\\/la-haut-ortie-et-biere-shampoo\\\/#breadcrumb\",\"itemListElement\":[{\"@type\":\"ListItem\",\"position\":1,\"name\":\"Startseite\",\"item\":\"https:\\\/\\\/alpen-markt.ch\\\/fr\\\/home\\\/\"},{\"@type\":\"ListItem\",\"position\":2,\"name\":\"Boutique en ligne\",\"item\":\"https:\\\/\\\/alpen-markt.ch\\\/fr\\\/boutique-en-ligne\\\/\"},{\"@type\":\"ListItem\",\"position\":3,\"name\":\"L\u00e0-Haut &#8211; &#8222;Ortie et bi\u00e8re&#8220; Shampoo\"}]},{\"@type\":\"WebSite\",\"@id\":\"https:\\\/\\\/alpen-markt.ch\\\/fr\\\/#website\",\"url\":\"https:\\\/\\\/alpen-markt.ch\\\/fr\\\/\",\"name\":\"Alpenmarkt\",\"description\":\"\",\"publisher\":{\"@id\":\"https:\\\/\\\/alpen-markt.ch\\\/fr\\\/#organization\"},\"potentialAction\":[{\"@type\":\"SearchAction\",\"target\":{\"@type\":\"EntryPoint\",\"urlTemplate\":\"https:\\\/\\\/alpen-markt.ch\\\/fr\\\/?s={search_term_string}\"},\"query-input\":{\"@type\":\"PropertyValueSpecification\",\"valueRequired\":true,\"valueName\":\"search_term_string\"}}],\"inLanguage\":\"fr-FR\"},{\"@type\":\"Organization\",\"@id\":\"https:\\\/\\\/alpen-markt.ch\\\/fr\\\/#organization\",\"name\":\"Alpenmarkt\",\"url\":\"https:\\\/\\\/alpen-markt.ch\\\/fr\\\/\",\"logo\":{\"@type\":\"ImageObject\",\"inLanguage\":\"fr-FR\",\"@id\":\"https:\\\/\\\/alpen-markt.ch\\\/fr\\\/#\\\/schema\\\/logo\\\/image\\\/\",\"url\":\"https:\\\/\\\/alpen-markt.ch\\\/wp-content\\\/uploads\\\/2025\\\/11\\\/logo-alpenmarkt.png\",\"contentUrl\":\"https:\\\/\\\/alpen-markt.ch\\\/wp-content\\\/uploads\\\/2025\\\/11\\\/logo-alpenmarkt.png\",\"width\":1048,\"height\":452,\"caption\":\"Alpenmarkt\"},\"image\":{\"@id\":\"https:\\\/\\\/alpen-markt.ch\\\/fr\\\/#\\\/schema\\\/logo\\\/image\\\/\"}}]}<\/script>\n<!-- \/ Yoast SEO plugin. -->","yoast_head_json":{"title":"L\u00e0-Haut - \"Ortie et bi\u00e8re\" Shampoo - Alpenmarkt","robots":{"index":"index","follow":"follow","max-snippet":"max-snippet:-1","max-image-preview":"max-image-preview:large","max-video-preview":"max-video-preview:-1"},"canonical":"https:\/\/alpen-markt.ch\/fr\/produkt\/la-haut-ortie-et-biere-shampoo\/","og_locale":"fr_FR","og_type":"article","og_title":"L\u00e0-Haut - \"Ortie et bi\u00e8re\" Shampoo - Alpenmarkt","og_description":"Le shampooing \u00e0 l&rsquo;ortie et \u00e0 la bi\u00e8re valaisanne nettoie les cheveux en douceur et offre une mousse onctueuse, exactement comme on aime un shampooing. Shampooing enrichi en mac\u00e9rat d&rsquo;ortie piquante du Valais et en bi\u00e8re valaisanne. L&rsquo;ortie piquante est connue pour renforcer et r\u00e9guler les cheveux sensibles. Elle aide \u00e9galement \u00e0 fortifier les cheveux [&hellip;]","og_url":"https:\/\/alpen-markt.ch\/fr\/produkt\/la-haut-ortie-et-biere-shampoo\/","og_site_name":"Alpenmarkt","og_image":[{"width":500,"height":500,"url":"https:\/\/alpen-markt.ch\/wp-content\/uploads\/2025\/11\/be3a0080-9e17-4c1e-865f-174025f2520e.png","type":"image\/png"}],"twitter_card":"summary_large_image","twitter_misc":{"Dur\u00e9e de lecture estim\u00e9e":"2 minutes"},"schema":{"@context":"https:\/\/schema.org","@graph":[{"@type":"WebPage","@id":"https:\/\/alpen-markt.ch\/fr\/produkt\/la-haut-ortie-et-biere-shampoo\/","url":"https:\/\/alpen-markt.ch\/fr\/produkt\/la-haut-ortie-et-biere-shampoo\/","name":"L\u00e0-Haut - \"Ortie et bi\u00e8re\" Shampoo - Alpenmarkt","isPartOf":{"@id":"https:\/\/alpen-markt.ch\/fr\/#website"},"primaryImageOfPage":{"@id":"https:\/\/alpen-markt.ch\/fr\/produkt\/la-haut-ortie-et-biere-shampoo\/#primaryimage"},"image":{"@id":"https:\/\/alpen-markt.ch\/fr\/produkt\/la-haut-ortie-et-biere-shampoo\/#primaryimage"},"thumbnailUrl":"https:\/\/alpen-markt.ch\/wp-content\/uploads\/2025\/11\/be3a0080-9e17-4c1e-865f-174025f2520e.png","datePublished":"2025-11-25T15:50:26+00:00","breadcrumb":{"@id":"https:\/\/alpen-markt.ch\/fr\/produkt\/la-haut-ortie-et-biere-shampoo\/#breadcrumb"},"inLanguage":"fr-FR","potentialAction":[{"@type":"ReadAction","target":["https:\/\/alpen-markt.ch\/fr\/produkt\/la-haut-ortie-et-biere-shampoo\/"]}]},{"@type":"ImageObject","inLanguage":"fr-FR","@id":"https:\/\/alpen-markt.ch\/fr\/produkt\/la-haut-ortie-et-biere-shampoo\/#primaryimage","url":"https:\/\/alpen-markt.ch\/wp-content\/uploads\/2025\/11\/be3a0080-9e17-4c1e-865f-174025f2520e.png","contentUrl":"https:\/\/alpen-markt.ch\/wp-content\/uploads\/2025\/11\/be3a0080-9e17-4c1e-865f-174025f2520e.png","width":500,"height":500},{"@type":"BreadcrumbList","@id":"https:\/\/alpen-markt.ch\/fr\/produkt\/la-haut-ortie-et-biere-shampoo\/#breadcrumb","itemListElement":[{"@type":"ListItem","position":1,"name":"Startseite","item":"https:\/\/alpen-markt.ch\/fr\/home\/"},{"@type":"ListItem","position":2,"name":"Boutique en ligne","item":"https:\/\/alpen-markt.ch\/fr\/boutique-en-ligne\/"},{"@type":"ListItem","position":3,"name":"L\u00e0-Haut &#8211; &#8222;Ortie et bi\u00e8re&#8220; Shampoo"}]},{"@type":"WebSite","@id":"https:\/\/alpen-markt.ch\/fr\/#website","url":"https:\/\/alpen-markt.ch\/fr\/","name":"Alpenmarkt","description":"","publisher":{"@id":"https:\/\/alpen-markt.ch\/fr\/#organization"},"potentialAction":[{"@type":"SearchAction","target":{"@type":"EntryPoint","urlTemplate":"https:\/\/alpen-markt.ch\/fr\/?s={search_term_string}"},"query-input":{"@type":"PropertyValueSpecification","valueRequired":true,"valueName":"search_term_string"}}],"inLanguage":"fr-FR"},{"@type":"Organization","@id":"https:\/\/alpen-markt.ch\/fr\/#organization","name":"Alpenmarkt","url":"https:\/\/alpen-markt.ch\/fr\/","logo":{"@type":"ImageObject","inLanguage":"fr-FR","@id":"https:\/\/alpen-markt.ch\/fr\/#\/schema\/logo\/image\/","url":"https:\/\/alpen-markt.ch\/wp-content\/uploads\/2025\/11\/logo-alpenmarkt.png","contentUrl":"https:\/\/alpen-markt.ch\/wp-content\/uploads\/2025\/11\/logo-alpenmarkt.png","width":1048,"height":452,"caption":"Alpenmarkt"},"image":{"@id":"https:\/\/alpen-markt.ch\/fr\/#\/schema\/logo\/image\/"}}]}},"_links":{"self":[{"href":"https:\/\/alpen-markt.ch\/fr\/wp-json\/wp\/v2\/product\/3514","targetHints":{"allow":["GET"]}}],"collection":[{"href":"https:\/\/alpen-markt.ch\/fr\/wp-json\/wp\/v2\/product"}],"about":[{"href":"https:\/\/alpen-markt.ch\/fr\/wp-json\/wp\/v2\/types\/product"}],"wp:featuredmedia":[{"embeddable":true,"href":"https:\/\/alpen-markt.ch\/fr\/wp-json\/wp\/v2\/media\/3515"}],"wp:attachment":[{"href":"https:\/\/alpen-markt.ch\/fr\/wp-json\/wp\/v2\/media?parent=3514"}],"wp:term":[{"taxonomy":"product_brand","embeddable":true,"href":"https:\/\/alpen-markt.ch\/fr\/wp-json\/wp\/v2\/product_brand?post=3514"},{"taxonomy":"product_cat","embeddable":true,"href":"https:\/\/alpen-markt.ch\/fr\/wp-json\/wp\/v2\/product_cat?post=3514"},{"taxonomy":"product_tag","embeddable":true,"href":"https:\/\/alpen-markt.ch\/fr\/wp-json\/wp\/v2\/product_tag?post=3514"}],"curies":[{"name":"wp","href":"https:\/\/api.w.org\/{rel}","templated":true}]}}