{"id":3510,"date":"2025-11-25T16:50:26","date_gmt":"2025-11-25T15:50:26","guid":{"rendered":"https:\/\/alpen-markt.ch\/produkt\/la-haut-fleurs-des-alpes-savon-pour-le-visage-et-pour-le-corps\/"},"modified":"2025-11-25T16:50:26","modified_gmt":"2025-11-25T15:50:26","slug":"la-haut-fleurs-des-alpes-savon-pour-le-visage-et-pour-le-corps","status":"publish","type":"product","link":"https:\/\/alpen-markt.ch\/fr\/produkt\/la-haut-fleurs-des-alpes-savon-pour-le-visage-et-pour-le-corps\/","title":{"rendered":"L\u00e0-Haut &#8211; \u00ab Fleurs des Alpes \u00bb Savon pour le visage et pour le corps"},"content":{"rendered":"<p>Le savon \u00ab Fleur des Alpes \u00bb est surgras et riche en glyc\u00e9rine naturelle gr\u00e2ce au proc\u00e9d\u00e9 de saponification \u00e0 froid. Il nettoie la peau en douceur et offre une mousse onctueuse.<br \/>\nEnrichi en mac\u00e9rat de calendula bio et en fleurs de calendula bio du Valais.<br \/>\nSans parfum ! Parfum caract\u00e9ristique, doux et agr\u00e9able. Convient au corps et au visage (\u00e9viter le contour des yeux).  <\/p>\n<p>Savon issu d&rsquo;une collaboration entre Belle Luce et L\u00e0-Haut Cosm&rsquo;\u00e9thiques Naturels, o\u00f9 deux artisanes ont mis en commun leur savoir-faire et leurs ingr\u00e9dients.<\/p>\n<p>Pour chaque savon achet\u00e9 , 0,50 CHF seront revers\u00e9s \u00e0 la Summit Foundation !<\/p>\n<p>Fabriqu\u00e9 selon la m\u00e9thode traditionnelle de saponification \u00e0 froid. Cette m\u00e9thode permet d&rsquo;obtenir des savons naturellement riches en glyc\u00e9rine (substance hydratante), mais aussi de conserver la partie * insaponifiable * des huiles et beurres v\u00e9g\u00e9taux, qui contiennent des propri\u00e9t\u00e9s pr\u00e9cieuses pour la peau (nourrissantes, adoucissantes, assouplissantes, protectrices). Ce processus de fabrication donne des savons tr\u00e8s hydratants.  <\/p>\n<p>Conservation : 18 mois. Sec, frais, \u00e0 l&rsquo;abri de la lumi\u00e8re et de la chaleur conserver dans un endroit. Placez le savon sur un porte-savon afin qu&rsquo; il puisse bien s\u00e9cher entre deux utilisations.  <\/p>\n<p>Ingr\u00e9dients INCI : Sodium Cocoate (Kokos)*, Aqua, Sodium Olivate (Olive)*, Glycerin, Sodium Sunflowerseedate (Sonnenblume)*, Sodium Shea Butterate (Shea)*, Sodium Castorate (ricin)*, Sodium Cocoa Butterate (cacao)*, huile de coco (Coco nucifera)*, huile d&rsquo;olive (Olea europea)*, huile de tournesol (Helianthus Annuus)*, beurre de karit\u00e9 (Butyrespermum parkii)*, huile de ricin (Ricinus communis)*, th\u00e9obroma cacao (cacao)*, extrait de fleur de calendula officinalis (calendula)*, p\u00e9tales de calendula officinalis*, tocoph\u00e9rol<br \/>\n*Ingr\u00e9dients issus de l&rsquo;agriculture biologique.<br \/>\nBiod\u00e9gradable<\/p>\n<p>Ingr\u00e9dients locaux : calendula et fleurs de calendula provenant du Val de Bagnes en Valais.<br \/>\nIngr\u00e9dients issus de l&rsquo;agriculture biologique : min. 95 % des huiles et graisses v\u00e9g\u00e9tales<br \/>\nIngr\u00e9dients naturels : min. 100 % des ingr\u00e9dients sont naturels  <\/p>\n","protected":false},"excerpt":{"rendered":"<p>Le savon \u00ab Fleur des Alpes \u00bb est surgras et riche en glyc\u00e9rine naturelle gr\u00e2ce au proc\u00e9d\u00e9 de saponification \u00e0 froid. Il nettoie la peau en douceur et offre une mousse onctueuse. Enrichi en mac\u00e9rat de calendula bio et en fleurs de calendula bio du Valais. Sans parfum ! Parfum caract\u00e9ristique, doux et agr\u00e9able. Convient [&hellip;]<\/p>\n","protected":false},"featured_media":3511,"template":"","meta":[],"product_brand":[],"product_cat":[78],"product_tag":[],"class_list":{"0":"post-3510","1":"product","2":"type-product","3":"status-publish","4":"has-post-thumbnail","6":"product_cat-fraicheur-des-montagnes-cosmetiques-alpines","8":"first","9":"instock","10":"taxable","11":"shipping-taxable","12":"purchasable","13":"product-type-simple"},"yoast_head":"<!-- This site is optimized with the Yoast SEO plugin v27.4 - https:\/\/yoast.com\/product\/yoast-seo-wordpress\/ -->\n<title>L\u00e0-Haut - \u00ab Fleurs des Alpes \u00bb Savon pour le visage et pour le corps - Alpenmarkt<\/title>\n<meta name=\"robots\" content=\"index, follow, max-snippet:-1, max-image-preview:large, max-video-preview:-1\" \/>\n<link rel=\"canonical\" href=\"https:\/\/alpen-markt.ch\/fr\/produkt\/la-haut-fleurs-des-alpes-savon-pour-le-visage-et-pour-le-corps\/\" \/>\n<meta property=\"og:locale\" content=\"fr_FR\" \/>\n<meta property=\"og:type\" content=\"article\" \/>\n<meta property=\"og:title\" content=\"L\u00e0-Haut - \u00ab Fleurs des Alpes \u00bb Savon pour le visage et pour le corps - Alpenmarkt\" \/>\n<meta property=\"og:description\" content=\"Le savon \u00ab Fleur des Alpes \u00bb est surgras et riche en glyc\u00e9rine naturelle gr\u00e2ce au proc\u00e9d\u00e9 de saponification \u00e0 froid. Il nettoie la peau en douceur et offre une mousse onctueuse. Enrichi en mac\u00e9rat de calendula bio et en fleurs de calendula bio du Valais. Sans parfum ! Parfum caract\u00e9ristique, doux et agr\u00e9able. Convient [&hellip;]\" \/>\n<meta property=\"og:url\" content=\"https:\/\/alpen-markt.ch\/fr\/produkt\/la-haut-fleurs-des-alpes-savon-pour-le-visage-et-pour-le-corps\/\" \/>\n<meta property=\"og:site_name\" content=\"Alpenmarkt\" \/>\n<meta property=\"og:image\" content=\"https:\/\/alpen-markt.ch\/wp-content\/uploads\/2025\/11\/77d0a8d7-bf99-4a44-8091-a2c8e1dff674.png\" \/>\n\t<meta property=\"og:image:width\" content=\"500\" \/>\n\t<meta property=\"og:image:height\" content=\"500\" \/>\n\t<meta property=\"og:image:type\" content=\"image\/png\" \/>\n<meta name=\"twitter:card\" content=\"summary_large_image\" \/>\n<meta name=\"twitter:label1\" content=\"Dur\u00e9e de lecture estim\u00e9e\" \/>\n\t<meta name=\"twitter:data1\" content=\"2 minutes\" \/>\n<script type=\"application\/ld+json\" class=\"yoast-schema-graph\">{\"@context\":\"https:\\\/\\\/schema.org\",\"@graph\":[{\"@type\":\"WebPage\",\"@id\":\"https:\\\/\\\/alpen-markt.ch\\\/fr\\\/produkt\\\/la-haut-fleurs-des-alpes-savon-pour-le-visage-et-pour-le-corps\\\/\",\"url\":\"https:\\\/\\\/alpen-markt.ch\\\/fr\\\/produkt\\\/la-haut-fleurs-des-alpes-savon-pour-le-visage-et-pour-le-corps\\\/\",\"name\":\"L\u00e0-Haut - \u00ab Fleurs des Alpes \u00bb Savon pour le visage et pour le corps - Alpenmarkt\",\"isPartOf\":{\"@id\":\"https:\\\/\\\/alpen-markt.ch\\\/fr\\\/#website\"},\"primaryImageOfPage\":{\"@id\":\"https:\\\/\\\/alpen-markt.ch\\\/fr\\\/produkt\\\/la-haut-fleurs-des-alpes-savon-pour-le-visage-et-pour-le-corps\\\/#primaryimage\"},\"image\":{\"@id\":\"https:\\\/\\\/alpen-markt.ch\\\/fr\\\/produkt\\\/la-haut-fleurs-des-alpes-savon-pour-le-visage-et-pour-le-corps\\\/#primaryimage\"},\"thumbnailUrl\":\"https:\\\/\\\/alpen-markt.ch\\\/wp-content\\\/uploads\\\/2025\\\/11\\\/77d0a8d7-bf99-4a44-8091-a2c8e1dff674.png\",\"datePublished\":\"2025-11-25T15:50:26+00:00\",\"breadcrumb\":{\"@id\":\"https:\\\/\\\/alpen-markt.ch\\\/fr\\\/produkt\\\/la-haut-fleurs-des-alpes-savon-pour-le-visage-et-pour-le-corps\\\/#breadcrumb\"},\"inLanguage\":\"fr-FR\",\"potentialAction\":[{\"@type\":\"ReadAction\",\"target\":[\"https:\\\/\\\/alpen-markt.ch\\\/fr\\\/produkt\\\/la-haut-fleurs-des-alpes-savon-pour-le-visage-et-pour-le-corps\\\/\"]}]},{\"@type\":\"ImageObject\",\"inLanguage\":\"fr-FR\",\"@id\":\"https:\\\/\\\/alpen-markt.ch\\\/fr\\\/produkt\\\/la-haut-fleurs-des-alpes-savon-pour-le-visage-et-pour-le-corps\\\/#primaryimage\",\"url\":\"https:\\\/\\\/alpen-markt.ch\\\/wp-content\\\/uploads\\\/2025\\\/11\\\/77d0a8d7-bf99-4a44-8091-a2c8e1dff674.png\",\"contentUrl\":\"https:\\\/\\\/alpen-markt.ch\\\/wp-content\\\/uploads\\\/2025\\\/11\\\/77d0a8d7-bf99-4a44-8091-a2c8e1dff674.png\",\"width\":500,\"height\":500},{\"@type\":\"BreadcrumbList\",\"@id\":\"https:\\\/\\\/alpen-markt.ch\\\/fr\\\/produkt\\\/la-haut-fleurs-des-alpes-savon-pour-le-visage-et-pour-le-corps\\\/#breadcrumb\",\"itemListElement\":[{\"@type\":\"ListItem\",\"position\":1,\"name\":\"Startseite\",\"item\":\"https:\\\/\\\/alpen-markt.ch\\\/fr\\\/home\\\/\"},{\"@type\":\"ListItem\",\"position\":2,\"name\":\"Boutique en ligne\",\"item\":\"https:\\\/\\\/alpen-markt.ch\\\/fr\\\/boutique-en-ligne\\\/\"},{\"@type\":\"ListItem\",\"position\":3,\"name\":\"L\u00e0-Haut &#8211; \u00ab Fleurs des Alpes \u00bb Savon pour le visage et pour le corps\"}]},{\"@type\":\"WebSite\",\"@id\":\"https:\\\/\\\/alpen-markt.ch\\\/fr\\\/#website\",\"url\":\"https:\\\/\\\/alpen-markt.ch\\\/fr\\\/\",\"name\":\"Alpenmarkt\",\"description\":\"\",\"publisher\":{\"@id\":\"https:\\\/\\\/alpen-markt.ch\\\/fr\\\/#organization\"},\"potentialAction\":[{\"@type\":\"SearchAction\",\"target\":{\"@type\":\"EntryPoint\",\"urlTemplate\":\"https:\\\/\\\/alpen-markt.ch\\\/fr\\\/?s={search_term_string}\"},\"query-input\":{\"@type\":\"PropertyValueSpecification\",\"valueRequired\":true,\"valueName\":\"search_term_string\"}}],\"inLanguage\":\"fr-FR\"},{\"@type\":\"Organization\",\"@id\":\"https:\\\/\\\/alpen-markt.ch\\\/fr\\\/#organization\",\"name\":\"Alpenmarkt\",\"url\":\"https:\\\/\\\/alpen-markt.ch\\\/fr\\\/\",\"logo\":{\"@type\":\"ImageObject\",\"inLanguage\":\"fr-FR\",\"@id\":\"https:\\\/\\\/alpen-markt.ch\\\/fr\\\/#\\\/schema\\\/logo\\\/image\\\/\",\"url\":\"https:\\\/\\\/alpen-markt.ch\\\/wp-content\\\/uploads\\\/2025\\\/11\\\/logo-alpenmarkt.png\",\"contentUrl\":\"https:\\\/\\\/alpen-markt.ch\\\/wp-content\\\/uploads\\\/2025\\\/11\\\/logo-alpenmarkt.png\",\"width\":1048,\"height\":452,\"caption\":\"Alpenmarkt\"},\"image\":{\"@id\":\"https:\\\/\\\/alpen-markt.ch\\\/fr\\\/#\\\/schema\\\/logo\\\/image\\\/\"}}]}<\/script>\n<!-- \/ Yoast SEO plugin. -->","yoast_head_json":{"title":"L\u00e0-Haut - \u00ab Fleurs des Alpes \u00bb Savon pour le visage et pour le corps - Alpenmarkt","robots":{"index":"index","follow":"follow","max-snippet":"max-snippet:-1","max-image-preview":"max-image-preview:large","max-video-preview":"max-video-preview:-1"},"canonical":"https:\/\/alpen-markt.ch\/fr\/produkt\/la-haut-fleurs-des-alpes-savon-pour-le-visage-et-pour-le-corps\/","og_locale":"fr_FR","og_type":"article","og_title":"L\u00e0-Haut - \u00ab Fleurs des Alpes \u00bb Savon pour le visage et pour le corps - Alpenmarkt","og_description":"Le savon \u00ab Fleur des Alpes \u00bb est surgras et riche en glyc\u00e9rine naturelle gr\u00e2ce au proc\u00e9d\u00e9 de saponification \u00e0 froid. Il nettoie la peau en douceur et offre une mousse onctueuse. Enrichi en mac\u00e9rat de calendula bio et en fleurs de calendula bio du Valais. Sans parfum ! Parfum caract\u00e9ristique, doux et agr\u00e9able. Convient [&hellip;]","og_url":"https:\/\/alpen-markt.ch\/fr\/produkt\/la-haut-fleurs-des-alpes-savon-pour-le-visage-et-pour-le-corps\/","og_site_name":"Alpenmarkt","og_image":[{"width":500,"height":500,"url":"https:\/\/alpen-markt.ch\/wp-content\/uploads\/2025\/11\/77d0a8d7-bf99-4a44-8091-a2c8e1dff674.png","type":"image\/png"}],"twitter_card":"summary_large_image","twitter_misc":{"Dur\u00e9e de lecture estim\u00e9e":"2 minutes"},"schema":{"@context":"https:\/\/schema.org","@graph":[{"@type":"WebPage","@id":"https:\/\/alpen-markt.ch\/fr\/produkt\/la-haut-fleurs-des-alpes-savon-pour-le-visage-et-pour-le-corps\/","url":"https:\/\/alpen-markt.ch\/fr\/produkt\/la-haut-fleurs-des-alpes-savon-pour-le-visage-et-pour-le-corps\/","name":"L\u00e0-Haut - \u00ab Fleurs des Alpes \u00bb Savon pour le visage et pour le corps - Alpenmarkt","isPartOf":{"@id":"https:\/\/alpen-markt.ch\/fr\/#website"},"primaryImageOfPage":{"@id":"https:\/\/alpen-markt.ch\/fr\/produkt\/la-haut-fleurs-des-alpes-savon-pour-le-visage-et-pour-le-corps\/#primaryimage"},"image":{"@id":"https:\/\/alpen-markt.ch\/fr\/produkt\/la-haut-fleurs-des-alpes-savon-pour-le-visage-et-pour-le-corps\/#primaryimage"},"thumbnailUrl":"https:\/\/alpen-markt.ch\/wp-content\/uploads\/2025\/11\/77d0a8d7-bf99-4a44-8091-a2c8e1dff674.png","datePublished":"2025-11-25T15:50:26+00:00","breadcrumb":{"@id":"https:\/\/alpen-markt.ch\/fr\/produkt\/la-haut-fleurs-des-alpes-savon-pour-le-visage-et-pour-le-corps\/#breadcrumb"},"inLanguage":"fr-FR","potentialAction":[{"@type":"ReadAction","target":["https:\/\/alpen-markt.ch\/fr\/produkt\/la-haut-fleurs-des-alpes-savon-pour-le-visage-et-pour-le-corps\/"]}]},{"@type":"ImageObject","inLanguage":"fr-FR","@id":"https:\/\/alpen-markt.ch\/fr\/produkt\/la-haut-fleurs-des-alpes-savon-pour-le-visage-et-pour-le-corps\/#primaryimage","url":"https:\/\/alpen-markt.ch\/wp-content\/uploads\/2025\/11\/77d0a8d7-bf99-4a44-8091-a2c8e1dff674.png","contentUrl":"https:\/\/alpen-markt.ch\/wp-content\/uploads\/2025\/11\/77d0a8d7-bf99-4a44-8091-a2c8e1dff674.png","width":500,"height":500},{"@type":"BreadcrumbList","@id":"https:\/\/alpen-markt.ch\/fr\/produkt\/la-haut-fleurs-des-alpes-savon-pour-le-visage-et-pour-le-corps\/#breadcrumb","itemListElement":[{"@type":"ListItem","position":1,"name":"Startseite","item":"https:\/\/alpen-markt.ch\/fr\/home\/"},{"@type":"ListItem","position":2,"name":"Boutique en ligne","item":"https:\/\/alpen-markt.ch\/fr\/boutique-en-ligne\/"},{"@type":"ListItem","position":3,"name":"L\u00e0-Haut &#8211; \u00ab Fleurs des Alpes \u00bb Savon pour le visage et pour le corps"}]},{"@type":"WebSite","@id":"https:\/\/alpen-markt.ch\/fr\/#website","url":"https:\/\/alpen-markt.ch\/fr\/","name":"Alpenmarkt","description":"","publisher":{"@id":"https:\/\/alpen-markt.ch\/fr\/#organization"},"potentialAction":[{"@type":"SearchAction","target":{"@type":"EntryPoint","urlTemplate":"https:\/\/alpen-markt.ch\/fr\/?s={search_term_string}"},"query-input":{"@type":"PropertyValueSpecification","valueRequired":true,"valueName":"search_term_string"}}],"inLanguage":"fr-FR"},{"@type":"Organization","@id":"https:\/\/alpen-markt.ch\/fr\/#organization","name":"Alpenmarkt","url":"https:\/\/alpen-markt.ch\/fr\/","logo":{"@type":"ImageObject","inLanguage":"fr-FR","@id":"https:\/\/alpen-markt.ch\/fr\/#\/schema\/logo\/image\/","url":"https:\/\/alpen-markt.ch\/wp-content\/uploads\/2025\/11\/logo-alpenmarkt.png","contentUrl":"https:\/\/alpen-markt.ch\/wp-content\/uploads\/2025\/11\/logo-alpenmarkt.png","width":1048,"height":452,"caption":"Alpenmarkt"},"image":{"@id":"https:\/\/alpen-markt.ch\/fr\/#\/schema\/logo\/image\/"}}]}},"_links":{"self":[{"href":"https:\/\/alpen-markt.ch\/fr\/wp-json\/wp\/v2\/product\/3510","targetHints":{"allow":["GET"]}}],"collection":[{"href":"https:\/\/alpen-markt.ch\/fr\/wp-json\/wp\/v2\/product"}],"about":[{"href":"https:\/\/alpen-markt.ch\/fr\/wp-json\/wp\/v2\/types\/product"}],"wp:featuredmedia":[{"embeddable":true,"href":"https:\/\/alpen-markt.ch\/fr\/wp-json\/wp\/v2\/media\/3511"}],"wp:attachment":[{"href":"https:\/\/alpen-markt.ch\/fr\/wp-json\/wp\/v2\/media?parent=3510"}],"wp:term":[{"taxonomy":"product_brand","embeddable":true,"href":"https:\/\/alpen-markt.ch\/fr\/wp-json\/wp\/v2\/product_brand?post=3510"},{"taxonomy":"product_cat","embeddable":true,"href":"https:\/\/alpen-markt.ch\/fr\/wp-json\/wp\/v2\/product_cat?post=3510"},{"taxonomy":"product_tag","embeddable":true,"href":"https:\/\/alpen-markt.ch\/fr\/wp-json\/wp\/v2\/product_tag?post=3510"}],"curies":[{"name":"wp","href":"https:\/\/api.w.org\/{rel}","templated":true}]}}