{"id":3498,"date":"2025-11-25T16:50:26","date_gmt":"2025-11-25T15:50:26","guid":{"rendered":"https:\/\/alpen-markt.ch\/produkt\/aura-fiesch-gartenliebe-savon-pour-les-mains-et-savon-pour-le-corps\/"},"modified":"2025-11-25T16:50:26","modified_gmt":"2025-11-25T15:50:26","slug":"aura-fiesch-gartenliebe-savon-pour-les-mains-et-savon-pour-le-corps","status":"publish","type":"product","link":"https:\/\/alpen-markt.ch\/fr\/produkt\/aura-fiesch-gartenliebe-savon-pour-les-mains-et-savon-pour-le-corps\/","title":{"rendered":"Aura Fiesch &#8211; \u00ab Gartenliebe \u00bb Savon pour les mains et savon pour le corps"},"content":{"rendered":"<p>On les sent : les herbes, fleurs et plantes s\u00e9lectionn\u00e9es et transform\u00e9es \u00e0 la main dans les cosm\u00e9tiques fabriqu\u00e9s avec amour par Aura Fiesch.<\/p>\n<p>Les savons naturels d&rsquo;Aura-Fiesch sont tous purement artisanaux, la fabricante, Barbora Truffer, cultive les herbes elle-m\u00eame et fabrique \u00e0 partir de celles-ci des extraits huileux \/ mac\u00e9rats de grande qualit\u00e9 qu&rsquo;elle qu&rsquo;elle ensuite transforme en savons naturels verarbeitet.<\/p>\n<p>Gr\u00e2ce \u00e0 ses huiles essentielles de haute qualit\u00e9, le savon Gartenliebe d\u00e9gage un parfum d\u00e9licieux de thym, de m\u00e9lisse et de lavande. Il nettoie les mains et le corps en douceur et convient \u00e0 tous les types de peau. Il ne contient ni sulfates, ni huile de palme, ni glycols, ni conservateurs. Seuls des ingr\u00e9dients v\u00e9g\u00e9taux de haute qualit\u00e9 sont utilis\u00e9s et le savon est biod\u00e9gradable.   <\/p>\n<p>Ingr\u00e9dients : huile de fruit Olea Europaea, huile Cocos Nucifera, huile Prunus Amygdalus Dulcis, Cera Alba, hydroxyde de sodium, beurre de graines Theobroma Cacao, huile de graines Ricinus Communis, Aqua, pigment colorant, parfum, diverses huiles essentielles.<\/p>\n","protected":false},"excerpt":{"rendered":"<p>On les sent : les herbes, fleurs et plantes s\u00e9lectionn\u00e9es et transform\u00e9es \u00e0 la main dans les cosm\u00e9tiques fabriqu\u00e9s avec amour par Aura Fiesch. Les savons naturels d&rsquo;Aura-Fiesch sont tous purement artisanaux, la fabricante, Barbora Truffer, cultive les herbes elle-m\u00eame et fabrique \u00e0 partir de celles-ci des extraits huileux \/ mac\u00e9rats de grande qualit\u00e9 qu&rsquo;elle [&hellip;]<\/p>\n","protected":false},"featured_media":3499,"template":"","meta":[],"product_brand":[],"product_cat":[78],"product_tag":[],"class_list":{"0":"post-3498","1":"product","2":"type-product","3":"status-publish","4":"has-post-thumbnail","6":"product_cat-fraicheur-des-montagnes-cosmetiques-alpines","8":"first","9":"instock","10":"taxable","11":"shipping-taxable","12":"purchasable","13":"product-type-simple"},"yoast_head":"<!-- This site is optimized with the Yoast SEO plugin v27.4 - https:\/\/yoast.com\/product\/yoast-seo-wordpress\/ -->\n<title>Aura Fiesch - \u00ab Gartenliebe \u00bb Savon pour les mains et savon pour le corps - Alpenmarkt<\/title>\n<meta name=\"robots\" content=\"index, follow, max-snippet:-1, max-image-preview:large, max-video-preview:-1\" \/>\n<link rel=\"canonical\" href=\"https:\/\/alpen-markt.ch\/fr\/produkt\/aura-fiesch-gartenliebe-savon-pour-les-mains-et-savon-pour-le-corps\/\" \/>\n<meta property=\"og:locale\" content=\"fr_FR\" \/>\n<meta property=\"og:type\" content=\"article\" \/>\n<meta property=\"og:title\" content=\"Aura Fiesch - \u00ab Gartenliebe \u00bb Savon pour les mains et savon pour le corps - Alpenmarkt\" \/>\n<meta property=\"og:description\" content=\"On les sent : les herbes, fleurs et plantes s\u00e9lectionn\u00e9es et transform\u00e9es \u00e0 la main dans les cosm\u00e9tiques fabriqu\u00e9s avec amour par Aura Fiesch. Les savons naturels d&rsquo;Aura-Fiesch sont tous purement artisanaux, la fabricante, Barbora Truffer, cultive les herbes elle-m\u00eame et fabrique \u00e0 partir de celles-ci des extraits huileux \/ mac\u00e9rats de grande qualit\u00e9 qu&rsquo;elle [&hellip;]\" \/>\n<meta property=\"og:url\" content=\"https:\/\/alpen-markt.ch\/fr\/produkt\/aura-fiesch-gartenliebe-savon-pour-les-mains-et-savon-pour-le-corps\/\" \/>\n<meta property=\"og:site_name\" content=\"Alpenmarkt\" \/>\n<meta property=\"og:image\" content=\"https:\/\/alpen-markt.ch\/wp-content\/uploads\/2025\/11\/26d73e47-4b79-4649-a2eb-3d9c5b46da84.png\" \/>\n\t<meta property=\"og:image:width\" content=\"500\" \/>\n\t<meta property=\"og:image:height\" content=\"500\" \/>\n\t<meta property=\"og:image:type\" content=\"image\/png\" \/>\n<meta name=\"twitter:card\" content=\"summary_large_image\" \/>\n<meta name=\"twitter:label1\" content=\"Dur\u00e9e de lecture estim\u00e9e\" \/>\n\t<meta name=\"twitter:data1\" content=\"1 minute\" \/>\n<script type=\"application\/ld+json\" class=\"yoast-schema-graph\">{\"@context\":\"https:\\\/\\\/schema.org\",\"@graph\":[{\"@type\":\"WebPage\",\"@id\":\"https:\\\/\\\/alpen-markt.ch\\\/fr\\\/produkt\\\/aura-fiesch-gartenliebe-savon-pour-les-mains-et-savon-pour-le-corps\\\/\",\"url\":\"https:\\\/\\\/alpen-markt.ch\\\/fr\\\/produkt\\\/aura-fiesch-gartenliebe-savon-pour-les-mains-et-savon-pour-le-corps\\\/\",\"name\":\"Aura Fiesch - \u00ab Gartenliebe \u00bb Savon pour les mains et savon pour le corps - Alpenmarkt\",\"isPartOf\":{\"@id\":\"https:\\\/\\\/alpen-markt.ch\\\/fr\\\/#website\"},\"primaryImageOfPage\":{\"@id\":\"https:\\\/\\\/alpen-markt.ch\\\/fr\\\/produkt\\\/aura-fiesch-gartenliebe-savon-pour-les-mains-et-savon-pour-le-corps\\\/#primaryimage\"},\"image\":{\"@id\":\"https:\\\/\\\/alpen-markt.ch\\\/fr\\\/produkt\\\/aura-fiesch-gartenliebe-savon-pour-les-mains-et-savon-pour-le-corps\\\/#primaryimage\"},\"thumbnailUrl\":\"https:\\\/\\\/alpen-markt.ch\\\/wp-content\\\/uploads\\\/2025\\\/11\\\/26d73e47-4b79-4649-a2eb-3d9c5b46da84.png\",\"datePublished\":\"2025-11-25T15:50:26+00:00\",\"breadcrumb\":{\"@id\":\"https:\\\/\\\/alpen-markt.ch\\\/fr\\\/produkt\\\/aura-fiesch-gartenliebe-savon-pour-les-mains-et-savon-pour-le-corps\\\/#breadcrumb\"},\"inLanguage\":\"fr-FR\",\"potentialAction\":[{\"@type\":\"ReadAction\",\"target\":[\"https:\\\/\\\/alpen-markt.ch\\\/fr\\\/produkt\\\/aura-fiesch-gartenliebe-savon-pour-les-mains-et-savon-pour-le-corps\\\/\"]}]},{\"@type\":\"ImageObject\",\"inLanguage\":\"fr-FR\",\"@id\":\"https:\\\/\\\/alpen-markt.ch\\\/fr\\\/produkt\\\/aura-fiesch-gartenliebe-savon-pour-les-mains-et-savon-pour-le-corps\\\/#primaryimage\",\"url\":\"https:\\\/\\\/alpen-markt.ch\\\/wp-content\\\/uploads\\\/2025\\\/11\\\/26d73e47-4b79-4649-a2eb-3d9c5b46da84.png\",\"contentUrl\":\"https:\\\/\\\/alpen-markt.ch\\\/wp-content\\\/uploads\\\/2025\\\/11\\\/26d73e47-4b79-4649-a2eb-3d9c5b46da84.png\",\"width\":500,\"height\":500},{\"@type\":\"BreadcrumbList\",\"@id\":\"https:\\\/\\\/alpen-markt.ch\\\/fr\\\/produkt\\\/aura-fiesch-gartenliebe-savon-pour-les-mains-et-savon-pour-le-corps\\\/#breadcrumb\",\"itemListElement\":[{\"@type\":\"ListItem\",\"position\":1,\"name\":\"Startseite\",\"item\":\"https:\\\/\\\/alpen-markt.ch\\\/fr\\\/home\\\/\"},{\"@type\":\"ListItem\",\"position\":2,\"name\":\"Boutique en ligne\",\"item\":\"https:\\\/\\\/alpen-markt.ch\\\/fr\\\/boutique-en-ligne\\\/\"},{\"@type\":\"ListItem\",\"position\":3,\"name\":\"Aura Fiesch &#8211; \u00ab Gartenliebe \u00bb Savon pour les mains et savon pour le corps\"}]},{\"@type\":\"WebSite\",\"@id\":\"https:\\\/\\\/alpen-markt.ch\\\/fr\\\/#website\",\"url\":\"https:\\\/\\\/alpen-markt.ch\\\/fr\\\/\",\"name\":\"Alpenmarkt\",\"description\":\"\",\"publisher\":{\"@id\":\"https:\\\/\\\/alpen-markt.ch\\\/fr\\\/#organization\"},\"potentialAction\":[{\"@type\":\"SearchAction\",\"target\":{\"@type\":\"EntryPoint\",\"urlTemplate\":\"https:\\\/\\\/alpen-markt.ch\\\/fr\\\/?s={search_term_string}\"},\"query-input\":{\"@type\":\"PropertyValueSpecification\",\"valueRequired\":true,\"valueName\":\"search_term_string\"}}],\"inLanguage\":\"fr-FR\"},{\"@type\":\"Organization\",\"@id\":\"https:\\\/\\\/alpen-markt.ch\\\/fr\\\/#organization\",\"name\":\"Alpenmarkt\",\"url\":\"https:\\\/\\\/alpen-markt.ch\\\/fr\\\/\",\"logo\":{\"@type\":\"ImageObject\",\"inLanguage\":\"fr-FR\",\"@id\":\"https:\\\/\\\/alpen-markt.ch\\\/fr\\\/#\\\/schema\\\/logo\\\/image\\\/\",\"url\":\"https:\\\/\\\/alpen-markt.ch\\\/wp-content\\\/uploads\\\/2025\\\/11\\\/logo-alpenmarkt.png\",\"contentUrl\":\"https:\\\/\\\/alpen-markt.ch\\\/wp-content\\\/uploads\\\/2025\\\/11\\\/logo-alpenmarkt.png\",\"width\":1048,\"height\":452,\"caption\":\"Alpenmarkt\"},\"image\":{\"@id\":\"https:\\\/\\\/alpen-markt.ch\\\/fr\\\/#\\\/schema\\\/logo\\\/image\\\/\"}}]}<\/script>\n<!-- \/ Yoast SEO plugin. -->","yoast_head_json":{"title":"Aura Fiesch - \u00ab Gartenliebe \u00bb Savon pour les mains et savon pour le corps - Alpenmarkt","robots":{"index":"index","follow":"follow","max-snippet":"max-snippet:-1","max-image-preview":"max-image-preview:large","max-video-preview":"max-video-preview:-1"},"canonical":"https:\/\/alpen-markt.ch\/fr\/produkt\/aura-fiesch-gartenliebe-savon-pour-les-mains-et-savon-pour-le-corps\/","og_locale":"fr_FR","og_type":"article","og_title":"Aura Fiesch - \u00ab Gartenliebe \u00bb Savon pour les mains et savon pour le corps - Alpenmarkt","og_description":"On les sent : les herbes, fleurs et plantes s\u00e9lectionn\u00e9es et transform\u00e9es \u00e0 la main dans les cosm\u00e9tiques fabriqu\u00e9s avec amour par Aura Fiesch. Les savons naturels d&rsquo;Aura-Fiesch sont tous purement artisanaux, la fabricante, Barbora Truffer, cultive les herbes elle-m\u00eame et fabrique \u00e0 partir de celles-ci des extraits huileux \/ mac\u00e9rats de grande qualit\u00e9 qu&rsquo;elle [&hellip;]","og_url":"https:\/\/alpen-markt.ch\/fr\/produkt\/aura-fiesch-gartenliebe-savon-pour-les-mains-et-savon-pour-le-corps\/","og_site_name":"Alpenmarkt","og_image":[{"width":500,"height":500,"url":"https:\/\/alpen-markt.ch\/wp-content\/uploads\/2025\/11\/26d73e47-4b79-4649-a2eb-3d9c5b46da84.png","type":"image\/png"}],"twitter_card":"summary_large_image","twitter_misc":{"Dur\u00e9e de lecture estim\u00e9e":"1 minute"},"schema":{"@context":"https:\/\/schema.org","@graph":[{"@type":"WebPage","@id":"https:\/\/alpen-markt.ch\/fr\/produkt\/aura-fiesch-gartenliebe-savon-pour-les-mains-et-savon-pour-le-corps\/","url":"https:\/\/alpen-markt.ch\/fr\/produkt\/aura-fiesch-gartenliebe-savon-pour-les-mains-et-savon-pour-le-corps\/","name":"Aura Fiesch - \u00ab Gartenliebe \u00bb Savon pour les mains et savon pour le corps - Alpenmarkt","isPartOf":{"@id":"https:\/\/alpen-markt.ch\/fr\/#website"},"primaryImageOfPage":{"@id":"https:\/\/alpen-markt.ch\/fr\/produkt\/aura-fiesch-gartenliebe-savon-pour-les-mains-et-savon-pour-le-corps\/#primaryimage"},"image":{"@id":"https:\/\/alpen-markt.ch\/fr\/produkt\/aura-fiesch-gartenliebe-savon-pour-les-mains-et-savon-pour-le-corps\/#primaryimage"},"thumbnailUrl":"https:\/\/alpen-markt.ch\/wp-content\/uploads\/2025\/11\/26d73e47-4b79-4649-a2eb-3d9c5b46da84.png","datePublished":"2025-11-25T15:50:26+00:00","breadcrumb":{"@id":"https:\/\/alpen-markt.ch\/fr\/produkt\/aura-fiesch-gartenliebe-savon-pour-les-mains-et-savon-pour-le-corps\/#breadcrumb"},"inLanguage":"fr-FR","potentialAction":[{"@type":"ReadAction","target":["https:\/\/alpen-markt.ch\/fr\/produkt\/aura-fiesch-gartenliebe-savon-pour-les-mains-et-savon-pour-le-corps\/"]}]},{"@type":"ImageObject","inLanguage":"fr-FR","@id":"https:\/\/alpen-markt.ch\/fr\/produkt\/aura-fiesch-gartenliebe-savon-pour-les-mains-et-savon-pour-le-corps\/#primaryimage","url":"https:\/\/alpen-markt.ch\/wp-content\/uploads\/2025\/11\/26d73e47-4b79-4649-a2eb-3d9c5b46da84.png","contentUrl":"https:\/\/alpen-markt.ch\/wp-content\/uploads\/2025\/11\/26d73e47-4b79-4649-a2eb-3d9c5b46da84.png","width":500,"height":500},{"@type":"BreadcrumbList","@id":"https:\/\/alpen-markt.ch\/fr\/produkt\/aura-fiesch-gartenliebe-savon-pour-les-mains-et-savon-pour-le-corps\/#breadcrumb","itemListElement":[{"@type":"ListItem","position":1,"name":"Startseite","item":"https:\/\/alpen-markt.ch\/fr\/home\/"},{"@type":"ListItem","position":2,"name":"Boutique en ligne","item":"https:\/\/alpen-markt.ch\/fr\/boutique-en-ligne\/"},{"@type":"ListItem","position":3,"name":"Aura Fiesch &#8211; \u00ab Gartenliebe \u00bb Savon pour les mains et savon pour le corps"}]},{"@type":"WebSite","@id":"https:\/\/alpen-markt.ch\/fr\/#website","url":"https:\/\/alpen-markt.ch\/fr\/","name":"Alpenmarkt","description":"","publisher":{"@id":"https:\/\/alpen-markt.ch\/fr\/#organization"},"potentialAction":[{"@type":"SearchAction","target":{"@type":"EntryPoint","urlTemplate":"https:\/\/alpen-markt.ch\/fr\/?s={search_term_string}"},"query-input":{"@type":"PropertyValueSpecification","valueRequired":true,"valueName":"search_term_string"}}],"inLanguage":"fr-FR"},{"@type":"Organization","@id":"https:\/\/alpen-markt.ch\/fr\/#organization","name":"Alpenmarkt","url":"https:\/\/alpen-markt.ch\/fr\/","logo":{"@type":"ImageObject","inLanguage":"fr-FR","@id":"https:\/\/alpen-markt.ch\/fr\/#\/schema\/logo\/image\/","url":"https:\/\/alpen-markt.ch\/wp-content\/uploads\/2025\/11\/logo-alpenmarkt.png","contentUrl":"https:\/\/alpen-markt.ch\/wp-content\/uploads\/2025\/11\/logo-alpenmarkt.png","width":1048,"height":452,"caption":"Alpenmarkt"},"image":{"@id":"https:\/\/alpen-markt.ch\/fr\/#\/schema\/logo\/image\/"}}]}},"_links":{"self":[{"href":"https:\/\/alpen-markt.ch\/fr\/wp-json\/wp\/v2\/product\/3498","targetHints":{"allow":["GET"]}}],"collection":[{"href":"https:\/\/alpen-markt.ch\/fr\/wp-json\/wp\/v2\/product"}],"about":[{"href":"https:\/\/alpen-markt.ch\/fr\/wp-json\/wp\/v2\/types\/product"}],"wp:featuredmedia":[{"embeddable":true,"href":"https:\/\/alpen-markt.ch\/fr\/wp-json\/wp\/v2\/media\/3499"}],"wp:attachment":[{"href":"https:\/\/alpen-markt.ch\/fr\/wp-json\/wp\/v2\/media?parent=3498"}],"wp:term":[{"taxonomy":"product_brand","embeddable":true,"href":"https:\/\/alpen-markt.ch\/fr\/wp-json\/wp\/v2\/product_brand?post=3498"},{"taxonomy":"product_cat","embeddable":true,"href":"https:\/\/alpen-markt.ch\/fr\/wp-json\/wp\/v2\/product_cat?post=3498"},{"taxonomy":"product_tag","embeddable":true,"href":"https:\/\/alpen-markt.ch\/fr\/wp-json\/wp\/v2\/product_tag?post=3498"}],"curies":[{"name":"wp","href":"https:\/\/api.w.org\/{rel}","templated":true}]}}