{"id":3492,"date":"2025-11-25T16:50:26","date_gmt":"2025-11-25T15:50:26","guid":{"rendered":"https:\/\/alpen-markt.ch\/produkt\/aura-fiesch-creme-pour-les-mains-et-les-pieds-bergsommer\/"},"modified":"2025-11-25T16:50:26","modified_gmt":"2025-11-25T15:50:26","slug":"aura-fiesch-creme-pour-les-mains-et-les-pieds-bergsommer","status":"publish","type":"product","link":"https:\/\/alpen-markt.ch\/fr\/produkt\/aura-fiesch-creme-pour-les-mains-et-les-pieds-bergsommer\/","title":{"rendered":"Aura Fiesch &#8211; Cr\u00e8me pour les mains et les pieds \u00ab Bergsommer \u00bb"},"content":{"rendered":"<p>On les sent : les herbes, fleurs et plantes cueillies et transform\u00e9es \u00e0 la main dans les cosm\u00e9tiques fabriqu\u00e9s avec amour par Aura Fiesch. <\/p>\n<p>La cr\u00e8me pour les mains et les pieds \u00ab Bergsommer \u00bb s\u00e9duit par son effet hydratant et nourrissant riche et durable sur les mains et les pieds, m\u00eame en tr\u00e8s petite quantit\u00e9, et par son parfum reconnaissable de l&rsquo;\u00e9t\u00e9 dans les montagnes valaisannes.<\/p>\n","protected":false},"excerpt":{"rendered":"<p>On les sent : les herbes, fleurs et plantes cueillies et transform\u00e9es \u00e0 la main dans les cosm\u00e9tiques fabriqu\u00e9s avec amour par Aura Fiesch. La cr\u00e8me pour les mains et les pieds \u00ab Bergsommer \u00bb s\u00e9duit par son effet hydratant et nourrissant riche et durable sur les mains et les pieds, m\u00eame en tr\u00e8s petite [&hellip;]<\/p>\n","protected":false},"featured_media":3493,"template":"","meta":[],"product_brand":[],"product_cat":[78],"product_tag":[],"class_list":{"0":"post-3492","1":"product","2":"type-product","3":"status-publish","4":"has-post-thumbnail","6":"product_cat-fraicheur-des-montagnes-cosmetiques-alpines","8":"first","9":"outofstock","10":"taxable","11":"shipping-taxable","12":"purchasable","13":"product-type-simple"},"yoast_head":"<!-- This site is optimized with the Yoast SEO plugin v27.4 - https:\/\/yoast.com\/product\/yoast-seo-wordpress\/ -->\n<title>Aura Fiesch - Cr\u00e8me pour les mains et les pieds \u00ab Bergsommer \u00bb - Alpenmarkt<\/title>\n<meta name=\"robots\" content=\"index, follow, max-snippet:-1, max-image-preview:large, max-video-preview:-1\" \/>\n<link rel=\"canonical\" href=\"https:\/\/alpen-markt.ch\/fr\/produkt\/aura-fiesch-creme-pour-les-mains-et-les-pieds-bergsommer\/\" \/>\n<meta property=\"og:locale\" content=\"fr_FR\" \/>\n<meta property=\"og:type\" content=\"article\" \/>\n<meta property=\"og:title\" content=\"Aura Fiesch - Cr\u00e8me pour les mains et les pieds \u00ab Bergsommer \u00bb - Alpenmarkt\" \/>\n<meta property=\"og:description\" content=\"On les sent : les herbes, fleurs et plantes cueillies et transform\u00e9es \u00e0 la main dans les cosm\u00e9tiques fabriqu\u00e9s avec amour par Aura Fiesch. La cr\u00e8me pour les mains et les pieds \u00ab Bergsommer \u00bb s\u00e9duit par son effet hydratant et nourrissant riche et durable sur les mains et les pieds, m\u00eame en tr\u00e8s petite [&hellip;]\" \/>\n<meta property=\"og:url\" content=\"https:\/\/alpen-markt.ch\/fr\/produkt\/aura-fiesch-creme-pour-les-mains-et-les-pieds-bergsommer\/\" \/>\n<meta property=\"og:site_name\" content=\"Alpenmarkt\" \/>\n<meta property=\"og:image\" content=\"https:\/\/alpen-markt.ch\/wp-content\/uploads\/2025\/11\/ee101f00-8930-483c-821f-966e88979e18.png\" \/>\n\t<meta property=\"og:image:width\" content=\"500\" \/>\n\t<meta property=\"og:image:height\" content=\"500\" \/>\n\t<meta property=\"og:image:type\" content=\"image\/png\" \/>\n<meta name=\"twitter:card\" content=\"summary_large_image\" \/>\n<script type=\"application\/ld+json\" class=\"yoast-schema-graph\">{\"@context\":\"https:\\\/\\\/schema.org\",\"@graph\":[{\"@type\":\"WebPage\",\"@id\":\"https:\\\/\\\/alpen-markt.ch\\\/fr\\\/produkt\\\/aura-fiesch-creme-pour-les-mains-et-les-pieds-bergsommer\\\/\",\"url\":\"https:\\\/\\\/alpen-markt.ch\\\/fr\\\/produkt\\\/aura-fiesch-creme-pour-les-mains-et-les-pieds-bergsommer\\\/\",\"name\":\"Aura Fiesch - Cr\u00e8me pour les mains et les pieds \u00ab Bergsommer \u00bb - Alpenmarkt\",\"isPartOf\":{\"@id\":\"https:\\\/\\\/alpen-markt.ch\\\/fr\\\/#website\"},\"primaryImageOfPage\":{\"@id\":\"https:\\\/\\\/alpen-markt.ch\\\/fr\\\/produkt\\\/aura-fiesch-creme-pour-les-mains-et-les-pieds-bergsommer\\\/#primaryimage\"},\"image\":{\"@id\":\"https:\\\/\\\/alpen-markt.ch\\\/fr\\\/produkt\\\/aura-fiesch-creme-pour-les-mains-et-les-pieds-bergsommer\\\/#primaryimage\"},\"thumbnailUrl\":\"https:\\\/\\\/alpen-markt.ch\\\/wp-content\\\/uploads\\\/2025\\\/11\\\/ee101f00-8930-483c-821f-966e88979e18.png\",\"datePublished\":\"2025-11-25T15:50:26+00:00\",\"breadcrumb\":{\"@id\":\"https:\\\/\\\/alpen-markt.ch\\\/fr\\\/produkt\\\/aura-fiesch-creme-pour-les-mains-et-les-pieds-bergsommer\\\/#breadcrumb\"},\"inLanguage\":\"fr-FR\",\"potentialAction\":[{\"@type\":\"ReadAction\",\"target\":[\"https:\\\/\\\/alpen-markt.ch\\\/fr\\\/produkt\\\/aura-fiesch-creme-pour-les-mains-et-les-pieds-bergsommer\\\/\"]}]},{\"@type\":\"ImageObject\",\"inLanguage\":\"fr-FR\",\"@id\":\"https:\\\/\\\/alpen-markt.ch\\\/fr\\\/produkt\\\/aura-fiesch-creme-pour-les-mains-et-les-pieds-bergsommer\\\/#primaryimage\",\"url\":\"https:\\\/\\\/alpen-markt.ch\\\/wp-content\\\/uploads\\\/2025\\\/11\\\/ee101f00-8930-483c-821f-966e88979e18.png\",\"contentUrl\":\"https:\\\/\\\/alpen-markt.ch\\\/wp-content\\\/uploads\\\/2025\\\/11\\\/ee101f00-8930-483c-821f-966e88979e18.png\",\"width\":500,\"height\":500},{\"@type\":\"BreadcrumbList\",\"@id\":\"https:\\\/\\\/alpen-markt.ch\\\/fr\\\/produkt\\\/aura-fiesch-creme-pour-les-mains-et-les-pieds-bergsommer\\\/#breadcrumb\",\"itemListElement\":[{\"@type\":\"ListItem\",\"position\":1,\"name\":\"Startseite\",\"item\":\"https:\\\/\\\/alpen-markt.ch\\\/fr\\\/home\\\/\"},{\"@type\":\"ListItem\",\"position\":2,\"name\":\"Boutique en ligne\",\"item\":\"https:\\\/\\\/alpen-markt.ch\\\/fr\\\/boutique-en-ligne\\\/\"},{\"@type\":\"ListItem\",\"position\":3,\"name\":\"Aura Fiesch &#8211; Cr\u00e8me pour les mains et les pieds \u00ab Bergsommer \u00bb\"}]},{\"@type\":\"WebSite\",\"@id\":\"https:\\\/\\\/alpen-markt.ch\\\/fr\\\/#website\",\"url\":\"https:\\\/\\\/alpen-markt.ch\\\/fr\\\/\",\"name\":\"Alpenmarkt\",\"description\":\"\",\"publisher\":{\"@id\":\"https:\\\/\\\/alpen-markt.ch\\\/fr\\\/#organization\"},\"potentialAction\":[{\"@type\":\"SearchAction\",\"target\":{\"@type\":\"EntryPoint\",\"urlTemplate\":\"https:\\\/\\\/alpen-markt.ch\\\/fr\\\/?s={search_term_string}\"},\"query-input\":{\"@type\":\"PropertyValueSpecification\",\"valueRequired\":true,\"valueName\":\"search_term_string\"}}],\"inLanguage\":\"fr-FR\"},{\"@type\":\"Organization\",\"@id\":\"https:\\\/\\\/alpen-markt.ch\\\/fr\\\/#organization\",\"name\":\"Alpenmarkt\",\"url\":\"https:\\\/\\\/alpen-markt.ch\\\/fr\\\/\",\"logo\":{\"@type\":\"ImageObject\",\"inLanguage\":\"fr-FR\",\"@id\":\"https:\\\/\\\/alpen-markt.ch\\\/fr\\\/#\\\/schema\\\/logo\\\/image\\\/\",\"url\":\"https:\\\/\\\/alpen-markt.ch\\\/wp-content\\\/uploads\\\/2025\\\/11\\\/logo-alpenmarkt.png\",\"contentUrl\":\"https:\\\/\\\/alpen-markt.ch\\\/wp-content\\\/uploads\\\/2025\\\/11\\\/logo-alpenmarkt.png\",\"width\":1048,\"height\":452,\"caption\":\"Alpenmarkt\"},\"image\":{\"@id\":\"https:\\\/\\\/alpen-markt.ch\\\/fr\\\/#\\\/schema\\\/logo\\\/image\\\/\"}}]}<\/script>\n<!-- \/ Yoast SEO plugin. -->","yoast_head_json":{"title":"Aura Fiesch - Cr\u00e8me pour les mains et les pieds \u00ab Bergsommer \u00bb - Alpenmarkt","robots":{"index":"index","follow":"follow","max-snippet":"max-snippet:-1","max-image-preview":"max-image-preview:large","max-video-preview":"max-video-preview:-1"},"canonical":"https:\/\/alpen-markt.ch\/fr\/produkt\/aura-fiesch-creme-pour-les-mains-et-les-pieds-bergsommer\/","og_locale":"fr_FR","og_type":"article","og_title":"Aura Fiesch - Cr\u00e8me pour les mains et les pieds \u00ab Bergsommer \u00bb - Alpenmarkt","og_description":"On les sent : les herbes, fleurs et plantes cueillies et transform\u00e9es \u00e0 la main dans les cosm\u00e9tiques fabriqu\u00e9s avec amour par Aura Fiesch. La cr\u00e8me pour les mains et les pieds \u00ab Bergsommer \u00bb s\u00e9duit par son effet hydratant et nourrissant riche et durable sur les mains et les pieds, m\u00eame en tr\u00e8s petite [&hellip;]","og_url":"https:\/\/alpen-markt.ch\/fr\/produkt\/aura-fiesch-creme-pour-les-mains-et-les-pieds-bergsommer\/","og_site_name":"Alpenmarkt","og_image":[{"width":500,"height":500,"url":"https:\/\/alpen-markt.ch\/wp-content\/uploads\/2025\/11\/ee101f00-8930-483c-821f-966e88979e18.png","type":"image\/png"}],"twitter_card":"summary_large_image","schema":{"@context":"https:\/\/schema.org","@graph":[{"@type":"WebPage","@id":"https:\/\/alpen-markt.ch\/fr\/produkt\/aura-fiesch-creme-pour-les-mains-et-les-pieds-bergsommer\/","url":"https:\/\/alpen-markt.ch\/fr\/produkt\/aura-fiesch-creme-pour-les-mains-et-les-pieds-bergsommer\/","name":"Aura Fiesch - Cr\u00e8me pour les mains et les pieds \u00ab Bergsommer \u00bb - Alpenmarkt","isPartOf":{"@id":"https:\/\/alpen-markt.ch\/fr\/#website"},"primaryImageOfPage":{"@id":"https:\/\/alpen-markt.ch\/fr\/produkt\/aura-fiesch-creme-pour-les-mains-et-les-pieds-bergsommer\/#primaryimage"},"image":{"@id":"https:\/\/alpen-markt.ch\/fr\/produkt\/aura-fiesch-creme-pour-les-mains-et-les-pieds-bergsommer\/#primaryimage"},"thumbnailUrl":"https:\/\/alpen-markt.ch\/wp-content\/uploads\/2025\/11\/ee101f00-8930-483c-821f-966e88979e18.png","datePublished":"2025-11-25T15:50:26+00:00","breadcrumb":{"@id":"https:\/\/alpen-markt.ch\/fr\/produkt\/aura-fiesch-creme-pour-les-mains-et-les-pieds-bergsommer\/#breadcrumb"},"inLanguage":"fr-FR","potentialAction":[{"@type":"ReadAction","target":["https:\/\/alpen-markt.ch\/fr\/produkt\/aura-fiesch-creme-pour-les-mains-et-les-pieds-bergsommer\/"]}]},{"@type":"ImageObject","inLanguage":"fr-FR","@id":"https:\/\/alpen-markt.ch\/fr\/produkt\/aura-fiesch-creme-pour-les-mains-et-les-pieds-bergsommer\/#primaryimage","url":"https:\/\/alpen-markt.ch\/wp-content\/uploads\/2025\/11\/ee101f00-8930-483c-821f-966e88979e18.png","contentUrl":"https:\/\/alpen-markt.ch\/wp-content\/uploads\/2025\/11\/ee101f00-8930-483c-821f-966e88979e18.png","width":500,"height":500},{"@type":"BreadcrumbList","@id":"https:\/\/alpen-markt.ch\/fr\/produkt\/aura-fiesch-creme-pour-les-mains-et-les-pieds-bergsommer\/#breadcrumb","itemListElement":[{"@type":"ListItem","position":1,"name":"Startseite","item":"https:\/\/alpen-markt.ch\/fr\/home\/"},{"@type":"ListItem","position":2,"name":"Boutique en ligne","item":"https:\/\/alpen-markt.ch\/fr\/boutique-en-ligne\/"},{"@type":"ListItem","position":3,"name":"Aura Fiesch &#8211; Cr\u00e8me pour les mains et les pieds \u00ab Bergsommer \u00bb"}]},{"@type":"WebSite","@id":"https:\/\/alpen-markt.ch\/fr\/#website","url":"https:\/\/alpen-markt.ch\/fr\/","name":"Alpenmarkt","description":"","publisher":{"@id":"https:\/\/alpen-markt.ch\/fr\/#organization"},"potentialAction":[{"@type":"SearchAction","target":{"@type":"EntryPoint","urlTemplate":"https:\/\/alpen-markt.ch\/fr\/?s={search_term_string}"},"query-input":{"@type":"PropertyValueSpecification","valueRequired":true,"valueName":"search_term_string"}}],"inLanguage":"fr-FR"},{"@type":"Organization","@id":"https:\/\/alpen-markt.ch\/fr\/#organization","name":"Alpenmarkt","url":"https:\/\/alpen-markt.ch\/fr\/","logo":{"@type":"ImageObject","inLanguage":"fr-FR","@id":"https:\/\/alpen-markt.ch\/fr\/#\/schema\/logo\/image\/","url":"https:\/\/alpen-markt.ch\/wp-content\/uploads\/2025\/11\/logo-alpenmarkt.png","contentUrl":"https:\/\/alpen-markt.ch\/wp-content\/uploads\/2025\/11\/logo-alpenmarkt.png","width":1048,"height":452,"caption":"Alpenmarkt"},"image":{"@id":"https:\/\/alpen-markt.ch\/fr\/#\/schema\/logo\/image\/"}}]}},"_links":{"self":[{"href":"https:\/\/alpen-markt.ch\/fr\/wp-json\/wp\/v2\/product\/3492","targetHints":{"allow":["GET"]}}],"collection":[{"href":"https:\/\/alpen-markt.ch\/fr\/wp-json\/wp\/v2\/product"}],"about":[{"href":"https:\/\/alpen-markt.ch\/fr\/wp-json\/wp\/v2\/types\/product"}],"wp:featuredmedia":[{"embeddable":true,"href":"https:\/\/alpen-markt.ch\/fr\/wp-json\/wp\/v2\/media\/3493"}],"wp:attachment":[{"href":"https:\/\/alpen-markt.ch\/fr\/wp-json\/wp\/v2\/media?parent=3492"}],"wp:term":[{"taxonomy":"product_brand","embeddable":true,"href":"https:\/\/alpen-markt.ch\/fr\/wp-json\/wp\/v2\/product_brand?post=3492"},{"taxonomy":"product_cat","embeddable":true,"href":"https:\/\/alpen-markt.ch\/fr\/wp-json\/wp\/v2\/product_cat?post=3492"},{"taxonomy":"product_tag","embeddable":true,"href":"https:\/\/alpen-markt.ch\/fr\/wp-json\/wp\/v2\/product_tag?post=3492"}],"curies":[{"name":"wp","href":"https:\/\/api.w.org\/{rel}","templated":true}]}}