{"id":3460,"date":"2025-11-25T16:50:24","date_gmt":"2025-11-25T15:50:24","guid":{"rendered":"https:\/\/alpen-markt.ch\/produkt\/soglio-soins-des-pieds\/"},"modified":"2025-11-25T16:50:24","modified_gmt":"2025-11-25T15:50:24","slug":"soglio-soins-des-pieds","status":"publish","type":"product","link":"https:\/\/alpen-markt.ch\/fr\/produkt\/soglio-soins-des-pieds\/","title":{"rendered":"SOGLIO &#8211; Soins des pieds"},"content":{"rendered":"<p>Soin rafra\u00eechissant pour les pieds fatigu\u00e9s et sollicit\u00e9s<br \/>\ncontient de la pr\u00e9cieuse huile de beurre de ch\u00e8vre<\/p>\n<p>Ce baume riche assouplit et adoucit les peaux s\u00e8ches (y compris les callosit\u00e9s). Des huiles essentielles s\u00e9lectionn\u00e9es de gen\u00e9vrier, thym, lavande et romarin ainsi que de l&rsquo;huile de beurre de ch\u00e8vre procurent une agr\u00e9able sensation de fra\u00eecheur. Ce baume pour le soin intensif des pieds et des mollets convient \u00e9galement parfaitement aux massages des pieds et aux soins quotidiens des pieds. Il nourrit sans humidifier ni graisser entre les orteils.   <\/p>\n<p>Informations pour les personnes allergiques :<br \/>\nIngr\u00e9dients (INCI) :<br \/>\nAqua ; \u00e9thylhexanoate de c\u00e9t\u00e9aryle ; diisost\u00e9arate de polyglyc\u00e9ryle-3 ; sorbitol ; Caprae Butyrum ; Cera Alba ; Cera Microcristallina ; Alcool de lanoline ; Huile de graines de Simmondsia Chinensis ; St\u00e9arate de zinc ; Ol\u00e9ate de glyc\u00e9ryle ; Huile de feuilles de Rosmarinus Officinalis ; Huile de Thymus Zygis ; Huile d&rsquo;aiguilles de Juniperus Communis ; Huile de Lavandula Angustifolia ; Huile de fruits de Juniperus Communis ; Sulfate de magn\u00e9sium heptahydrat\u00e9 ; Linalool ; Limon\u00e8ne ; G\u00e9raniol ; Citral ; Coumarine<\/p>\n","protected":false},"excerpt":{"rendered":"<p>Soin rafra\u00eechissant pour les pieds fatigu\u00e9s et sollicit\u00e9s contient de la pr\u00e9cieuse huile de beurre de ch\u00e8vre Ce baume riche assouplit et adoucit les peaux s\u00e8ches (y compris les callosit\u00e9s). Des huiles essentielles s\u00e9lectionn\u00e9es de gen\u00e9vrier, thym, lavande et romarin ainsi que de l&rsquo;huile de beurre de ch\u00e8vre procurent une agr\u00e9able sensation de fra\u00eecheur. Ce [&hellip;]<\/p>\n","protected":false},"featured_media":3461,"template":"","meta":[],"product_brand":[],"product_cat":[78],"product_tag":[],"class_list":{"0":"post-3460","1":"product","2":"type-product","3":"status-publish","4":"has-post-thumbnail","6":"product_cat-fraicheur-des-montagnes-cosmetiques-alpines","8":"first","9":"instock","10":"taxable","11":"shipping-taxable","12":"purchasable","13":"product-type-variable"},"yoast_head":"<!-- This site is optimized with the Yoast SEO plugin v27.4 - https:\/\/yoast.com\/product\/yoast-seo-wordpress\/ -->\n<title>SOGLIO - Soins des pieds - Alpenmarkt<\/title>\n<meta name=\"robots\" content=\"index, follow, max-snippet:-1, max-image-preview:large, max-video-preview:-1\" \/>\n<link rel=\"canonical\" href=\"https:\/\/alpen-markt.ch\/fr\/produkt\/soglio-soins-des-pieds\/\" \/>\n<meta property=\"og:locale\" content=\"fr_FR\" \/>\n<meta property=\"og:type\" content=\"article\" \/>\n<meta property=\"og:title\" content=\"SOGLIO - Soins des pieds - Alpenmarkt\" \/>\n<meta property=\"og:description\" content=\"Soin rafra\u00eechissant pour les pieds fatigu\u00e9s et sollicit\u00e9s contient de la pr\u00e9cieuse huile de beurre de ch\u00e8vre Ce baume riche assouplit et adoucit les peaux s\u00e8ches (y compris les callosit\u00e9s). Des huiles essentielles s\u00e9lectionn\u00e9es de gen\u00e9vrier, thym, lavande et romarin ainsi que de l&rsquo;huile de beurre de ch\u00e8vre procurent une agr\u00e9able sensation de fra\u00eecheur. Ce [&hellip;]\" \/>\n<meta property=\"og:url\" content=\"https:\/\/alpen-markt.ch\/fr\/produkt\/soglio-soins-des-pieds\/\" \/>\n<meta property=\"og:site_name\" content=\"Alpenmarkt\" \/>\n<meta property=\"og:image\" content=\"https:\/\/alpen-markt.ch\/wp-content\/uploads\/2025\/11\/e0f043c1-05e3-43ea-95fe-c9bec86df777.png\" \/>\n\t<meta property=\"og:image:width\" content=\"500\" \/>\n\t<meta property=\"og:image:height\" content=\"500\" \/>\n\t<meta property=\"og:image:type\" content=\"image\/png\" \/>\n<meta name=\"twitter:card\" content=\"summary_large_image\" \/>\n<meta name=\"twitter:label1\" content=\"Dur\u00e9e de lecture estim\u00e9e\" \/>\n\t<meta name=\"twitter:data1\" content=\"1 minute\" \/>\n<script type=\"application\/ld+json\" class=\"yoast-schema-graph\">{\"@context\":\"https:\\\/\\\/schema.org\",\"@graph\":[{\"@type\":\"WebPage\",\"@id\":\"https:\\\/\\\/alpen-markt.ch\\\/fr\\\/produkt\\\/soglio-soins-des-pieds\\\/\",\"url\":\"https:\\\/\\\/alpen-markt.ch\\\/fr\\\/produkt\\\/soglio-soins-des-pieds\\\/\",\"name\":\"SOGLIO - Soins des pieds - Alpenmarkt\",\"isPartOf\":{\"@id\":\"https:\\\/\\\/alpen-markt.ch\\\/fr\\\/#website\"},\"primaryImageOfPage\":{\"@id\":\"https:\\\/\\\/alpen-markt.ch\\\/fr\\\/produkt\\\/soglio-soins-des-pieds\\\/#primaryimage\"},\"image\":{\"@id\":\"https:\\\/\\\/alpen-markt.ch\\\/fr\\\/produkt\\\/soglio-soins-des-pieds\\\/#primaryimage\"},\"thumbnailUrl\":\"https:\\\/\\\/alpen-markt.ch\\\/wp-content\\\/uploads\\\/2025\\\/11\\\/e0f043c1-05e3-43ea-95fe-c9bec86df777.png\",\"datePublished\":\"2025-11-25T15:50:24+00:00\",\"breadcrumb\":{\"@id\":\"https:\\\/\\\/alpen-markt.ch\\\/fr\\\/produkt\\\/soglio-soins-des-pieds\\\/#breadcrumb\"},\"inLanguage\":\"fr-FR\",\"potentialAction\":[{\"@type\":\"ReadAction\",\"target\":[\"https:\\\/\\\/alpen-markt.ch\\\/fr\\\/produkt\\\/soglio-soins-des-pieds\\\/\"]}]},{\"@type\":\"ImageObject\",\"inLanguage\":\"fr-FR\",\"@id\":\"https:\\\/\\\/alpen-markt.ch\\\/fr\\\/produkt\\\/soglio-soins-des-pieds\\\/#primaryimage\",\"url\":\"https:\\\/\\\/alpen-markt.ch\\\/wp-content\\\/uploads\\\/2025\\\/11\\\/e0f043c1-05e3-43ea-95fe-c9bec86df777.png\",\"contentUrl\":\"https:\\\/\\\/alpen-markt.ch\\\/wp-content\\\/uploads\\\/2025\\\/11\\\/e0f043c1-05e3-43ea-95fe-c9bec86df777.png\",\"width\":500,\"height\":500},{\"@type\":\"BreadcrumbList\",\"@id\":\"https:\\\/\\\/alpen-markt.ch\\\/fr\\\/produkt\\\/soglio-soins-des-pieds\\\/#breadcrumb\",\"itemListElement\":[{\"@type\":\"ListItem\",\"position\":1,\"name\":\"Startseite\",\"item\":\"https:\\\/\\\/alpen-markt.ch\\\/fr\\\/home\\\/\"},{\"@type\":\"ListItem\",\"position\":2,\"name\":\"Boutique en ligne\",\"item\":\"https:\\\/\\\/alpen-markt.ch\\\/fr\\\/boutique-en-ligne\\\/\"},{\"@type\":\"ListItem\",\"position\":3,\"name\":\"SOGLIO &#8211; Soins des pieds\"}]},{\"@type\":\"WebSite\",\"@id\":\"https:\\\/\\\/alpen-markt.ch\\\/fr\\\/#website\",\"url\":\"https:\\\/\\\/alpen-markt.ch\\\/fr\\\/\",\"name\":\"Alpenmarkt\",\"description\":\"\",\"publisher\":{\"@id\":\"https:\\\/\\\/alpen-markt.ch\\\/fr\\\/#organization\"},\"potentialAction\":[{\"@type\":\"SearchAction\",\"target\":{\"@type\":\"EntryPoint\",\"urlTemplate\":\"https:\\\/\\\/alpen-markt.ch\\\/fr\\\/?s={search_term_string}\"},\"query-input\":{\"@type\":\"PropertyValueSpecification\",\"valueRequired\":true,\"valueName\":\"search_term_string\"}}],\"inLanguage\":\"fr-FR\"},{\"@type\":\"Organization\",\"@id\":\"https:\\\/\\\/alpen-markt.ch\\\/fr\\\/#organization\",\"name\":\"Alpenmarkt\",\"url\":\"https:\\\/\\\/alpen-markt.ch\\\/fr\\\/\",\"logo\":{\"@type\":\"ImageObject\",\"inLanguage\":\"fr-FR\",\"@id\":\"https:\\\/\\\/alpen-markt.ch\\\/fr\\\/#\\\/schema\\\/logo\\\/image\\\/\",\"url\":\"https:\\\/\\\/alpen-markt.ch\\\/wp-content\\\/uploads\\\/2025\\\/11\\\/logo-alpenmarkt.png\",\"contentUrl\":\"https:\\\/\\\/alpen-markt.ch\\\/wp-content\\\/uploads\\\/2025\\\/11\\\/logo-alpenmarkt.png\",\"width\":1048,\"height\":452,\"caption\":\"Alpenmarkt\"},\"image\":{\"@id\":\"https:\\\/\\\/alpen-markt.ch\\\/fr\\\/#\\\/schema\\\/logo\\\/image\\\/\"}}]}<\/script>\n<!-- \/ Yoast SEO plugin. -->","yoast_head_json":{"title":"SOGLIO - Soins des pieds - Alpenmarkt","robots":{"index":"index","follow":"follow","max-snippet":"max-snippet:-1","max-image-preview":"max-image-preview:large","max-video-preview":"max-video-preview:-1"},"canonical":"https:\/\/alpen-markt.ch\/fr\/produkt\/soglio-soins-des-pieds\/","og_locale":"fr_FR","og_type":"article","og_title":"SOGLIO - Soins des pieds - Alpenmarkt","og_description":"Soin rafra\u00eechissant pour les pieds fatigu\u00e9s et sollicit\u00e9s contient de la pr\u00e9cieuse huile de beurre de ch\u00e8vre Ce baume riche assouplit et adoucit les peaux s\u00e8ches (y compris les callosit\u00e9s). Des huiles essentielles s\u00e9lectionn\u00e9es de gen\u00e9vrier, thym, lavande et romarin ainsi que de l&rsquo;huile de beurre de ch\u00e8vre procurent une agr\u00e9able sensation de fra\u00eecheur. Ce [&hellip;]","og_url":"https:\/\/alpen-markt.ch\/fr\/produkt\/soglio-soins-des-pieds\/","og_site_name":"Alpenmarkt","og_image":[{"width":500,"height":500,"url":"https:\/\/alpen-markt.ch\/wp-content\/uploads\/2025\/11\/e0f043c1-05e3-43ea-95fe-c9bec86df777.png","type":"image\/png"}],"twitter_card":"summary_large_image","twitter_misc":{"Dur\u00e9e de lecture estim\u00e9e":"1 minute"},"schema":{"@context":"https:\/\/schema.org","@graph":[{"@type":"WebPage","@id":"https:\/\/alpen-markt.ch\/fr\/produkt\/soglio-soins-des-pieds\/","url":"https:\/\/alpen-markt.ch\/fr\/produkt\/soglio-soins-des-pieds\/","name":"SOGLIO - Soins des pieds - Alpenmarkt","isPartOf":{"@id":"https:\/\/alpen-markt.ch\/fr\/#website"},"primaryImageOfPage":{"@id":"https:\/\/alpen-markt.ch\/fr\/produkt\/soglio-soins-des-pieds\/#primaryimage"},"image":{"@id":"https:\/\/alpen-markt.ch\/fr\/produkt\/soglio-soins-des-pieds\/#primaryimage"},"thumbnailUrl":"https:\/\/alpen-markt.ch\/wp-content\/uploads\/2025\/11\/e0f043c1-05e3-43ea-95fe-c9bec86df777.png","datePublished":"2025-11-25T15:50:24+00:00","breadcrumb":{"@id":"https:\/\/alpen-markt.ch\/fr\/produkt\/soglio-soins-des-pieds\/#breadcrumb"},"inLanguage":"fr-FR","potentialAction":[{"@type":"ReadAction","target":["https:\/\/alpen-markt.ch\/fr\/produkt\/soglio-soins-des-pieds\/"]}]},{"@type":"ImageObject","inLanguage":"fr-FR","@id":"https:\/\/alpen-markt.ch\/fr\/produkt\/soglio-soins-des-pieds\/#primaryimage","url":"https:\/\/alpen-markt.ch\/wp-content\/uploads\/2025\/11\/e0f043c1-05e3-43ea-95fe-c9bec86df777.png","contentUrl":"https:\/\/alpen-markt.ch\/wp-content\/uploads\/2025\/11\/e0f043c1-05e3-43ea-95fe-c9bec86df777.png","width":500,"height":500},{"@type":"BreadcrumbList","@id":"https:\/\/alpen-markt.ch\/fr\/produkt\/soglio-soins-des-pieds\/#breadcrumb","itemListElement":[{"@type":"ListItem","position":1,"name":"Startseite","item":"https:\/\/alpen-markt.ch\/fr\/home\/"},{"@type":"ListItem","position":2,"name":"Boutique en ligne","item":"https:\/\/alpen-markt.ch\/fr\/boutique-en-ligne\/"},{"@type":"ListItem","position":3,"name":"SOGLIO &#8211; Soins des pieds"}]},{"@type":"WebSite","@id":"https:\/\/alpen-markt.ch\/fr\/#website","url":"https:\/\/alpen-markt.ch\/fr\/","name":"Alpenmarkt","description":"","publisher":{"@id":"https:\/\/alpen-markt.ch\/fr\/#organization"},"potentialAction":[{"@type":"SearchAction","target":{"@type":"EntryPoint","urlTemplate":"https:\/\/alpen-markt.ch\/fr\/?s={search_term_string}"},"query-input":{"@type":"PropertyValueSpecification","valueRequired":true,"valueName":"search_term_string"}}],"inLanguage":"fr-FR"},{"@type":"Organization","@id":"https:\/\/alpen-markt.ch\/fr\/#organization","name":"Alpenmarkt","url":"https:\/\/alpen-markt.ch\/fr\/","logo":{"@type":"ImageObject","inLanguage":"fr-FR","@id":"https:\/\/alpen-markt.ch\/fr\/#\/schema\/logo\/image\/","url":"https:\/\/alpen-markt.ch\/wp-content\/uploads\/2025\/11\/logo-alpenmarkt.png","contentUrl":"https:\/\/alpen-markt.ch\/wp-content\/uploads\/2025\/11\/logo-alpenmarkt.png","width":1048,"height":452,"caption":"Alpenmarkt"},"image":{"@id":"https:\/\/alpen-markt.ch\/fr\/#\/schema\/logo\/image\/"}}]}},"_links":{"self":[{"href":"https:\/\/alpen-markt.ch\/fr\/wp-json\/wp\/v2\/product\/3460","targetHints":{"allow":["GET"]}}],"collection":[{"href":"https:\/\/alpen-markt.ch\/fr\/wp-json\/wp\/v2\/product"}],"about":[{"href":"https:\/\/alpen-markt.ch\/fr\/wp-json\/wp\/v2\/types\/product"}],"wp:featuredmedia":[{"embeddable":true,"href":"https:\/\/alpen-markt.ch\/fr\/wp-json\/wp\/v2\/media\/3461"}],"wp:attachment":[{"href":"https:\/\/alpen-markt.ch\/fr\/wp-json\/wp\/v2\/media?parent=3460"}],"wp:term":[{"taxonomy":"product_brand","embeddable":true,"href":"https:\/\/alpen-markt.ch\/fr\/wp-json\/wp\/v2\/product_brand?post=3460"},{"taxonomy":"product_cat","embeddable":true,"href":"https:\/\/alpen-markt.ch\/fr\/wp-json\/wp\/v2\/product_cat?post=3460"},{"taxonomy":"product_tag","embeddable":true,"href":"https:\/\/alpen-markt.ch\/fr\/wp-json\/wp\/v2\/product_tag?post=3460"}],"curies":[{"name":"wp","href":"https:\/\/api.w.org\/{rel}","templated":true}]}}