{"id":3432,"date":"2025-11-25T16:50:24","date_gmt":"2025-11-25T15:50:24","guid":{"rendered":"https:\/\/alpen-markt.ch\/produkt\/groenlabo-gel-douche-2-en-1-mangue-panthenol\/"},"modified":"2025-11-25T16:50:24","modified_gmt":"2025-11-25T15:50:24","slug":"groenlabo-gel-douche-2-en-1-mangue-panthenol","status":"publish","type":"product","link":"https:\/\/alpen-markt.ch\/fr\/produkt\/groenlabo-gel-douche-2-en-1-mangue-panthenol\/","title":{"rendered":"GroenLabo &#8211; Gel douche 2 en 1 Mangue-Panth\u00e9nol"},"content":{"rendered":"<p>Nos best-sellers :<br \/>\nLes blocs de douche nourissants 2 en 1 de GroenLabo &#8211; un indispensable dans chaque salle de bain !<\/p>\n<p>Un pain de douche nourrissant et adoucissant gr\u00e2ce au beurre de mangue, qui apporte brillance aux cheveux et hydrate la peau. Le panth\u00e9nol, mieux connu sous le nom de provitamine B5, participe \u00e0 la construction et \u00e0 la r\u00e9g\u00e9n\u00e9ration de la peau et des cheveux. <\/p>\n<p>Ce pain de douche pour le corps et les cheveux convient aux cheveux secs et normaux ayant tendance \u00e0 la s\u00e9cheresse.<\/p>\n<p>Utilisation : faites mousser le savon entre vos mains ou directement sur la zone \u00e0 laver. En cas de contact direct avec les yeux, rincez abondamment \u00e0 l&rsquo;eau claire. <\/p>\n<p>Le produit est homologu\u00e9 et marqu\u00e9 conform\u00e9ment aux normes europ\u00e9ennes en vigueur.<\/p>\n<p>L\u00e9ger, mobile alli\u00e9 \u00e0 transporter dans une petite bo\u00eete herm\u00e9tique pour le sport et les d\u00e9placements. L&rsquo;alternative naturelle et pratique aux agressifs et encombrants gels douche et shampoings. <\/p>\n<p>Pensez si possible \u00e0 laisser s\u00e9cher le bloc de douche apr\u00e8s son utilisation \u00e0 l&rsquo;air libre (par exemple pendant la nuit).<\/p>\n<p>Ingr\u00e9dients format\u00e9s INCI : Sodium Coco Sulfate, Sodium Cocoyl Isethionate, Aqua, Beurre de Mangifera Indica Graines *, Panthenol, Parfum, CI 77492.<br \/>\n* Ingr\u00e9dients issus de l&rsquo;agriculture biologique contr\u00f4l\u00e9e<br \/>Aucun ingr\u00e9dient d&rsquo;origine animale ou d\u00e9riv\u00e9<\/p>\n<p>Ingr\u00e9dients en toute transparence :<\/p>\n<p>Cocoyl is\u00e9thionate de sodium (d\u00e9riv\u00e9 est\u00e9rifi\u00e9 des acides gras de l&rsquo;huile de coco), utilis\u00e9 comme tensioactif moussant.<br \/>\nSulfate de sodium de coco (d\u00e9riv\u00e9 est\u00e9rifi\u00e9 des acides gras de l&rsquo;huile de coco) utilis\u00e9 comme tensioactif moussant.<br \/>\nBeurre v\u00e9g\u00e9tal de mangue<br \/>\nColorant min\u00e9ral<br \/>\nPanthenol<br \/>\nParfum<\/p>\n","protected":false},"excerpt":{"rendered":"<p>Nos best-sellers : Les blocs de douche nourissants 2 en 1 de GroenLabo &#8211; un indispensable dans chaque salle de bain ! Un pain de douche nourrissant et adoucissant gr\u00e2ce au beurre de mangue, qui apporte brillance aux cheveux et hydrate la peau. Le panth\u00e9nol, mieux connu sous le nom de provitamine B5, participe \u00e0 [&hellip;]<\/p>\n","protected":false},"featured_media":3433,"template":"","meta":[],"product_brand":[],"product_cat":[78],"product_tag":[],"class_list":{"0":"post-3432","1":"product","2":"type-product","3":"status-publish","4":"has-post-thumbnail","6":"product_cat-fraicheur-des-montagnes-cosmetiques-alpines","8":"first","9":"instock","10":"taxable","11":"shipping-taxable","12":"purchasable","13":"product-type-simple"},"yoast_head":"<!-- This site is optimized with the Yoast SEO plugin v27.4 - https:\/\/yoast.com\/product\/yoast-seo-wordpress\/ -->\n<title>GroenLabo - Gel douche 2 en 1 Mangue-Panth\u00e9nol - Alpenmarkt<\/title>\n<meta name=\"robots\" content=\"index, follow, max-snippet:-1, max-image-preview:large, max-video-preview:-1\" \/>\n<link rel=\"canonical\" href=\"https:\/\/alpen-markt.ch\/fr\/produkt\/groenlabo-gel-douche-2-en-1-mangue-panthenol\/\" \/>\n<meta property=\"og:locale\" content=\"fr_FR\" \/>\n<meta property=\"og:type\" content=\"article\" \/>\n<meta property=\"og:title\" content=\"GroenLabo - Gel douche 2 en 1 Mangue-Panth\u00e9nol - Alpenmarkt\" \/>\n<meta property=\"og:description\" content=\"Nos best-sellers : Les blocs de douche nourissants 2 en 1 de GroenLabo &#8211; un indispensable dans chaque salle de bain ! Un pain de douche nourrissant et adoucissant gr\u00e2ce au beurre de mangue, qui apporte brillance aux cheveux et hydrate la peau. Le panth\u00e9nol, mieux connu sous le nom de provitamine B5, participe \u00e0 [&hellip;]\" \/>\n<meta property=\"og:url\" content=\"https:\/\/alpen-markt.ch\/fr\/produkt\/groenlabo-gel-douche-2-en-1-mangue-panthenol\/\" \/>\n<meta property=\"og:site_name\" content=\"Alpenmarkt\" \/>\n<meta property=\"og:image\" content=\"https:\/\/alpen-markt.ch\/wp-content\/uploads\/2025\/11\/a76d3457-6da4-485b-abaf-128e66988a79.png\" \/>\n\t<meta property=\"og:image:width\" content=\"500\" \/>\n\t<meta property=\"og:image:height\" content=\"500\" \/>\n\t<meta property=\"og:image:type\" content=\"image\/png\" \/>\n<meta name=\"twitter:card\" content=\"summary_large_image\" \/>\n<meta name=\"twitter:label1\" content=\"Dur\u00e9e de lecture estim\u00e9e\" \/>\n\t<meta name=\"twitter:data1\" content=\"1 minute\" \/>\n<script type=\"application\/ld+json\" class=\"yoast-schema-graph\">{\"@context\":\"https:\\\/\\\/schema.org\",\"@graph\":[{\"@type\":\"WebPage\",\"@id\":\"https:\\\/\\\/alpen-markt.ch\\\/fr\\\/produkt\\\/groenlabo-gel-douche-2-en-1-mangue-panthenol\\\/\",\"url\":\"https:\\\/\\\/alpen-markt.ch\\\/fr\\\/produkt\\\/groenlabo-gel-douche-2-en-1-mangue-panthenol\\\/\",\"name\":\"GroenLabo - Gel douche 2 en 1 Mangue-Panth\u00e9nol - Alpenmarkt\",\"isPartOf\":{\"@id\":\"https:\\\/\\\/alpen-markt.ch\\\/fr\\\/#website\"},\"primaryImageOfPage\":{\"@id\":\"https:\\\/\\\/alpen-markt.ch\\\/fr\\\/produkt\\\/groenlabo-gel-douche-2-en-1-mangue-panthenol\\\/#primaryimage\"},\"image\":{\"@id\":\"https:\\\/\\\/alpen-markt.ch\\\/fr\\\/produkt\\\/groenlabo-gel-douche-2-en-1-mangue-panthenol\\\/#primaryimage\"},\"thumbnailUrl\":\"https:\\\/\\\/alpen-markt.ch\\\/wp-content\\\/uploads\\\/2025\\\/11\\\/a76d3457-6da4-485b-abaf-128e66988a79.png\",\"datePublished\":\"2025-11-25T15:50:24+00:00\",\"breadcrumb\":{\"@id\":\"https:\\\/\\\/alpen-markt.ch\\\/fr\\\/produkt\\\/groenlabo-gel-douche-2-en-1-mangue-panthenol\\\/#breadcrumb\"},\"inLanguage\":\"fr-FR\",\"potentialAction\":[{\"@type\":\"ReadAction\",\"target\":[\"https:\\\/\\\/alpen-markt.ch\\\/fr\\\/produkt\\\/groenlabo-gel-douche-2-en-1-mangue-panthenol\\\/\"]}]},{\"@type\":\"ImageObject\",\"inLanguage\":\"fr-FR\",\"@id\":\"https:\\\/\\\/alpen-markt.ch\\\/fr\\\/produkt\\\/groenlabo-gel-douche-2-en-1-mangue-panthenol\\\/#primaryimage\",\"url\":\"https:\\\/\\\/alpen-markt.ch\\\/wp-content\\\/uploads\\\/2025\\\/11\\\/a76d3457-6da4-485b-abaf-128e66988a79.png\",\"contentUrl\":\"https:\\\/\\\/alpen-markt.ch\\\/wp-content\\\/uploads\\\/2025\\\/11\\\/a76d3457-6da4-485b-abaf-128e66988a79.png\",\"width\":500,\"height\":500},{\"@type\":\"BreadcrumbList\",\"@id\":\"https:\\\/\\\/alpen-markt.ch\\\/fr\\\/produkt\\\/groenlabo-gel-douche-2-en-1-mangue-panthenol\\\/#breadcrumb\",\"itemListElement\":[{\"@type\":\"ListItem\",\"position\":1,\"name\":\"Startseite\",\"item\":\"https:\\\/\\\/alpen-markt.ch\\\/fr\\\/home\\\/\"},{\"@type\":\"ListItem\",\"position\":2,\"name\":\"Boutique en ligne\",\"item\":\"https:\\\/\\\/alpen-markt.ch\\\/fr\\\/boutique-en-ligne\\\/\"},{\"@type\":\"ListItem\",\"position\":3,\"name\":\"GroenLabo &#8211; Gel douche 2 en 1 Mangue-Panth\u00e9nol\"}]},{\"@type\":\"WebSite\",\"@id\":\"https:\\\/\\\/alpen-markt.ch\\\/fr\\\/#website\",\"url\":\"https:\\\/\\\/alpen-markt.ch\\\/fr\\\/\",\"name\":\"Alpenmarkt\",\"description\":\"\",\"publisher\":{\"@id\":\"https:\\\/\\\/alpen-markt.ch\\\/fr\\\/#organization\"},\"potentialAction\":[{\"@type\":\"SearchAction\",\"target\":{\"@type\":\"EntryPoint\",\"urlTemplate\":\"https:\\\/\\\/alpen-markt.ch\\\/fr\\\/?s={search_term_string}\"},\"query-input\":{\"@type\":\"PropertyValueSpecification\",\"valueRequired\":true,\"valueName\":\"search_term_string\"}}],\"inLanguage\":\"fr-FR\"},{\"@type\":\"Organization\",\"@id\":\"https:\\\/\\\/alpen-markt.ch\\\/fr\\\/#organization\",\"name\":\"Alpenmarkt\",\"url\":\"https:\\\/\\\/alpen-markt.ch\\\/fr\\\/\",\"logo\":{\"@type\":\"ImageObject\",\"inLanguage\":\"fr-FR\",\"@id\":\"https:\\\/\\\/alpen-markt.ch\\\/fr\\\/#\\\/schema\\\/logo\\\/image\\\/\",\"url\":\"https:\\\/\\\/alpen-markt.ch\\\/wp-content\\\/uploads\\\/2025\\\/11\\\/logo-alpenmarkt.png\",\"contentUrl\":\"https:\\\/\\\/alpen-markt.ch\\\/wp-content\\\/uploads\\\/2025\\\/11\\\/logo-alpenmarkt.png\",\"width\":1048,\"height\":452,\"caption\":\"Alpenmarkt\"},\"image\":{\"@id\":\"https:\\\/\\\/alpen-markt.ch\\\/fr\\\/#\\\/schema\\\/logo\\\/image\\\/\"}}]}<\/script>\n<!-- \/ Yoast SEO plugin. -->","yoast_head_json":{"title":"GroenLabo - Gel douche 2 en 1 Mangue-Panth\u00e9nol - Alpenmarkt","robots":{"index":"index","follow":"follow","max-snippet":"max-snippet:-1","max-image-preview":"max-image-preview:large","max-video-preview":"max-video-preview:-1"},"canonical":"https:\/\/alpen-markt.ch\/fr\/produkt\/groenlabo-gel-douche-2-en-1-mangue-panthenol\/","og_locale":"fr_FR","og_type":"article","og_title":"GroenLabo - Gel douche 2 en 1 Mangue-Panth\u00e9nol - Alpenmarkt","og_description":"Nos best-sellers : Les blocs de douche nourissants 2 en 1 de GroenLabo &#8211; un indispensable dans chaque salle de bain ! Un pain de douche nourrissant et adoucissant gr\u00e2ce au beurre de mangue, qui apporte brillance aux cheveux et hydrate la peau. Le panth\u00e9nol, mieux connu sous le nom de provitamine B5, participe \u00e0 [&hellip;]","og_url":"https:\/\/alpen-markt.ch\/fr\/produkt\/groenlabo-gel-douche-2-en-1-mangue-panthenol\/","og_site_name":"Alpenmarkt","og_image":[{"width":500,"height":500,"url":"https:\/\/alpen-markt.ch\/wp-content\/uploads\/2025\/11\/a76d3457-6da4-485b-abaf-128e66988a79.png","type":"image\/png"}],"twitter_card":"summary_large_image","twitter_misc":{"Dur\u00e9e de lecture estim\u00e9e":"1 minute"},"schema":{"@context":"https:\/\/schema.org","@graph":[{"@type":"WebPage","@id":"https:\/\/alpen-markt.ch\/fr\/produkt\/groenlabo-gel-douche-2-en-1-mangue-panthenol\/","url":"https:\/\/alpen-markt.ch\/fr\/produkt\/groenlabo-gel-douche-2-en-1-mangue-panthenol\/","name":"GroenLabo - Gel douche 2 en 1 Mangue-Panth\u00e9nol - Alpenmarkt","isPartOf":{"@id":"https:\/\/alpen-markt.ch\/fr\/#website"},"primaryImageOfPage":{"@id":"https:\/\/alpen-markt.ch\/fr\/produkt\/groenlabo-gel-douche-2-en-1-mangue-panthenol\/#primaryimage"},"image":{"@id":"https:\/\/alpen-markt.ch\/fr\/produkt\/groenlabo-gel-douche-2-en-1-mangue-panthenol\/#primaryimage"},"thumbnailUrl":"https:\/\/alpen-markt.ch\/wp-content\/uploads\/2025\/11\/a76d3457-6da4-485b-abaf-128e66988a79.png","datePublished":"2025-11-25T15:50:24+00:00","breadcrumb":{"@id":"https:\/\/alpen-markt.ch\/fr\/produkt\/groenlabo-gel-douche-2-en-1-mangue-panthenol\/#breadcrumb"},"inLanguage":"fr-FR","potentialAction":[{"@type":"ReadAction","target":["https:\/\/alpen-markt.ch\/fr\/produkt\/groenlabo-gel-douche-2-en-1-mangue-panthenol\/"]}]},{"@type":"ImageObject","inLanguage":"fr-FR","@id":"https:\/\/alpen-markt.ch\/fr\/produkt\/groenlabo-gel-douche-2-en-1-mangue-panthenol\/#primaryimage","url":"https:\/\/alpen-markt.ch\/wp-content\/uploads\/2025\/11\/a76d3457-6da4-485b-abaf-128e66988a79.png","contentUrl":"https:\/\/alpen-markt.ch\/wp-content\/uploads\/2025\/11\/a76d3457-6da4-485b-abaf-128e66988a79.png","width":500,"height":500},{"@type":"BreadcrumbList","@id":"https:\/\/alpen-markt.ch\/fr\/produkt\/groenlabo-gel-douche-2-en-1-mangue-panthenol\/#breadcrumb","itemListElement":[{"@type":"ListItem","position":1,"name":"Startseite","item":"https:\/\/alpen-markt.ch\/fr\/home\/"},{"@type":"ListItem","position":2,"name":"Boutique en ligne","item":"https:\/\/alpen-markt.ch\/fr\/boutique-en-ligne\/"},{"@type":"ListItem","position":3,"name":"GroenLabo &#8211; Gel douche 2 en 1 Mangue-Panth\u00e9nol"}]},{"@type":"WebSite","@id":"https:\/\/alpen-markt.ch\/fr\/#website","url":"https:\/\/alpen-markt.ch\/fr\/","name":"Alpenmarkt","description":"","publisher":{"@id":"https:\/\/alpen-markt.ch\/fr\/#organization"},"potentialAction":[{"@type":"SearchAction","target":{"@type":"EntryPoint","urlTemplate":"https:\/\/alpen-markt.ch\/fr\/?s={search_term_string}"},"query-input":{"@type":"PropertyValueSpecification","valueRequired":true,"valueName":"search_term_string"}}],"inLanguage":"fr-FR"},{"@type":"Organization","@id":"https:\/\/alpen-markt.ch\/fr\/#organization","name":"Alpenmarkt","url":"https:\/\/alpen-markt.ch\/fr\/","logo":{"@type":"ImageObject","inLanguage":"fr-FR","@id":"https:\/\/alpen-markt.ch\/fr\/#\/schema\/logo\/image\/","url":"https:\/\/alpen-markt.ch\/wp-content\/uploads\/2025\/11\/logo-alpenmarkt.png","contentUrl":"https:\/\/alpen-markt.ch\/wp-content\/uploads\/2025\/11\/logo-alpenmarkt.png","width":1048,"height":452,"caption":"Alpenmarkt"},"image":{"@id":"https:\/\/alpen-markt.ch\/fr\/#\/schema\/logo\/image\/"}}]}},"_links":{"self":[{"href":"https:\/\/alpen-markt.ch\/fr\/wp-json\/wp\/v2\/product\/3432","targetHints":{"allow":["GET"]}}],"collection":[{"href":"https:\/\/alpen-markt.ch\/fr\/wp-json\/wp\/v2\/product"}],"about":[{"href":"https:\/\/alpen-markt.ch\/fr\/wp-json\/wp\/v2\/types\/product"}],"wp:featuredmedia":[{"embeddable":true,"href":"https:\/\/alpen-markt.ch\/fr\/wp-json\/wp\/v2\/media\/3433"}],"wp:attachment":[{"href":"https:\/\/alpen-markt.ch\/fr\/wp-json\/wp\/v2\/media?parent=3432"}],"wp:term":[{"taxonomy":"product_brand","embeddable":true,"href":"https:\/\/alpen-markt.ch\/fr\/wp-json\/wp\/v2\/product_brand?post=3432"},{"taxonomy":"product_cat","embeddable":true,"href":"https:\/\/alpen-markt.ch\/fr\/wp-json\/wp\/v2\/product_cat?post=3432"},{"taxonomy":"product_tag","embeddable":true,"href":"https:\/\/alpen-markt.ch\/fr\/wp-json\/wp\/v2\/product_tag?post=3432"}],"curies":[{"name":"wp","href":"https:\/\/api.w.org\/{rel}","templated":true}]}}