{"id":3422,"date":"2025-11-25T16:50:24","date_gmt":"2025-11-25T15:50:24","guid":{"rendered":"https:\/\/alpen-markt.ch\/produkt\/groenlabo-pain-de-douche-2-en-1-a-lhuile-dabricot-et-a-la-vanille\/"},"modified":"2025-11-25T16:50:24","modified_gmt":"2025-11-25T15:50:24","slug":"groenlabo-pain-de-douche-2-en-1-a-lhuile-dabricot-et-a-la-vanille","status":"publish","type":"product","link":"https:\/\/alpen-markt.ch\/fr\/produkt\/groenlabo-pain-de-douche-2-en-1-a-lhuile-dabricot-et-a-la-vanille\/","title":{"rendered":"GroenLabo &#8211; Pain de douche 2 en 1 \u00e0 l&rsquo;huile d&rsquo;abricot et \u00e0 la vanille"},"content":{"rendered":"<p>Nos best-sellers :<br \/>\nLes blocs de douche nourissant 2 en 1 de GroenLabo &#8211; un indispensable dans chaque salle de bain !<\/p>\n<p>Ce pain de douche contient de la vanille bourbon naturellement parfum\u00e9e, mac\u00e9r\u00e9e dans de l&rsquo;huile de s\u00e9same biologique, ainsi que de l&rsquo;huile de noyaux d&rsquo;abricot press\u00e9e \u00e0 froid. Il a un effet nourrissant et protecteur et est id\u00e9al pour les peaux d\u00e9licates et les cheveux d\u00e9shydrat\u00e9s. <\/p>\n<p>Sans huiles essentielles l Sans ajout de parfums<\/p>\n<p>Utilisation : faites mousser le savon entre vos mains ou directement sur la zone \u00e0 laver. En cas de contact direct avec les yeux, rincez abondamment \u00e0 l&rsquo;eau claire. <\/p>\n<p>Le produit est conforme aux normes europ\u00e9ennes actuelles, homologu\u00e9 et marqu\u00e9.<\/p>\n<p>Alli\u00e9 l\u00e9ger et mobile, transport\u00e9 dans une petite bo\u00eete herm\u00e9tique, pour le sport et les d\u00e9placements. L&rsquo;alternative naturelle et pratique aux gels douche et shampoings agressifs et encombrants. <\/p>\n<p>Pensez si possible \u00e0 laisser le bloc de douche apr\u00e8s son utilisation s\u00e9cher \u00e0 l&rsquo;air libre (par exemple pendant la nuit).<\/p>\n<p>Ingr\u00e9dients Format INCI : Sodium cocosulfate, Sodium cocoyl isethionate, Aqua, Huile de noyau de Prunus armeniaca *, huile de graines de Sesamum indicum *, fruit de vanille planifolia *.<br \/>\n* Ingr\u00e9dients issus de cultures biologiques contr\u00f4l\u00e9es.<br \/>\nAucun ingr\u00e9dient d&rsquo;origine animale ou d\u00e9riv\u00e9.<\/p>\n<p>Composant en toute transparence :<\/p>\n<p>Cocoyl is\u00e9thionate de sodium (d\u00e9riv\u00e9 est\u00e9rifi\u00e9 des acides gras de l&rsquo;huile de coco), utilis\u00e9 comme tensioactif moussant.<br \/>\nSulfate de sodium de coco (d\u00e9riv\u00e9 est\u00e9rifi\u00e9 des acides gras de l&rsquo;huile de coco) utilis\u00e9 comme tensioactif moussant.<br \/>\nHuile de noyau d&rsquo;abricot<br \/>\nHuile de s\u00e9same<br \/>\nExtrait naturel de vanille<\/p>\n","protected":false},"excerpt":{"rendered":"<p>Nos best-sellers : Les blocs de douche nourissant 2 en 1 de GroenLabo &#8211; un indispensable dans chaque salle de bain ! Ce pain de douche contient de la vanille bourbon naturellement parfum\u00e9e, mac\u00e9r\u00e9e dans de l&rsquo;huile de s\u00e9same biologique, ainsi que de l&rsquo;huile de noyaux d&rsquo;abricot press\u00e9e \u00e0 froid. Il a un effet nourrissant [&hellip;]<\/p>\n","protected":false},"featured_media":3423,"template":"","meta":[],"product_brand":[],"product_cat":[78],"product_tag":[],"class_list":{"0":"post-3422","1":"product","2":"type-product","3":"status-publish","4":"has-post-thumbnail","6":"product_cat-fraicheur-des-montagnes-cosmetiques-alpines","8":"first","9":"instock","10":"taxable","11":"shipping-taxable","12":"purchasable","13":"product-type-simple"},"yoast_head":"<!-- This site is optimized with the Yoast SEO plugin v27.4 - https:\/\/yoast.com\/product\/yoast-seo-wordpress\/ -->\n<title>GroenLabo - Pain de douche 2 en 1 \u00e0 l&#039;huile d&#039;abricot et \u00e0 la vanille - Alpenmarkt<\/title>\n<meta name=\"robots\" content=\"index, follow, max-snippet:-1, max-image-preview:large, max-video-preview:-1\" \/>\n<link rel=\"canonical\" href=\"https:\/\/alpen-markt.ch\/fr\/produkt\/groenlabo-pain-de-douche-2-en-1-a-lhuile-dabricot-et-a-la-vanille\/\" \/>\n<meta property=\"og:locale\" content=\"fr_FR\" \/>\n<meta property=\"og:type\" content=\"article\" \/>\n<meta property=\"og:title\" content=\"GroenLabo - Pain de douche 2 en 1 \u00e0 l&#039;huile d&#039;abricot et \u00e0 la vanille - Alpenmarkt\" \/>\n<meta property=\"og:description\" content=\"Nos best-sellers : Les blocs de douche nourissant 2 en 1 de GroenLabo &#8211; un indispensable dans chaque salle de bain ! Ce pain de douche contient de la vanille bourbon naturellement parfum\u00e9e, mac\u00e9r\u00e9e dans de l&rsquo;huile de s\u00e9same biologique, ainsi que de l&rsquo;huile de noyaux d&rsquo;abricot press\u00e9e \u00e0 froid. Il a un effet nourrissant [&hellip;]\" \/>\n<meta property=\"og:url\" content=\"https:\/\/alpen-markt.ch\/fr\/produkt\/groenlabo-pain-de-douche-2-en-1-a-lhuile-dabricot-et-a-la-vanille\/\" \/>\n<meta property=\"og:site_name\" content=\"Alpenmarkt\" \/>\n<meta property=\"og:image\" content=\"https:\/\/alpen-markt.ch\/wp-content\/uploads\/2025\/11\/065b3278-1f5a-40fa-bf14-12a2c8c69327.png\" \/>\n\t<meta property=\"og:image:width\" content=\"500\" \/>\n\t<meta property=\"og:image:height\" content=\"500\" \/>\n\t<meta property=\"og:image:type\" content=\"image\/png\" \/>\n<meta name=\"twitter:card\" content=\"summary_large_image\" \/>\n<meta name=\"twitter:label1\" content=\"Dur\u00e9e de lecture estim\u00e9e\" \/>\n\t<meta name=\"twitter:data1\" content=\"1 minute\" \/>\n<script type=\"application\/ld+json\" class=\"yoast-schema-graph\">{\"@context\":\"https:\\\/\\\/schema.org\",\"@graph\":[{\"@type\":\"WebPage\",\"@id\":\"https:\\\/\\\/alpen-markt.ch\\\/fr\\\/produkt\\\/groenlabo-pain-de-douche-2-en-1-a-lhuile-dabricot-et-a-la-vanille\\\/\",\"url\":\"https:\\\/\\\/alpen-markt.ch\\\/fr\\\/produkt\\\/groenlabo-pain-de-douche-2-en-1-a-lhuile-dabricot-et-a-la-vanille\\\/\",\"name\":\"GroenLabo - Pain de douche 2 en 1 \u00e0 l'huile d'abricot et \u00e0 la vanille - Alpenmarkt\",\"isPartOf\":{\"@id\":\"https:\\\/\\\/alpen-markt.ch\\\/fr\\\/#website\"},\"primaryImageOfPage\":{\"@id\":\"https:\\\/\\\/alpen-markt.ch\\\/fr\\\/produkt\\\/groenlabo-pain-de-douche-2-en-1-a-lhuile-dabricot-et-a-la-vanille\\\/#primaryimage\"},\"image\":{\"@id\":\"https:\\\/\\\/alpen-markt.ch\\\/fr\\\/produkt\\\/groenlabo-pain-de-douche-2-en-1-a-lhuile-dabricot-et-a-la-vanille\\\/#primaryimage\"},\"thumbnailUrl\":\"https:\\\/\\\/alpen-markt.ch\\\/wp-content\\\/uploads\\\/2025\\\/11\\\/065b3278-1f5a-40fa-bf14-12a2c8c69327.png\",\"datePublished\":\"2025-11-25T15:50:24+00:00\",\"breadcrumb\":{\"@id\":\"https:\\\/\\\/alpen-markt.ch\\\/fr\\\/produkt\\\/groenlabo-pain-de-douche-2-en-1-a-lhuile-dabricot-et-a-la-vanille\\\/#breadcrumb\"},\"inLanguage\":\"fr-FR\",\"potentialAction\":[{\"@type\":\"ReadAction\",\"target\":[\"https:\\\/\\\/alpen-markt.ch\\\/fr\\\/produkt\\\/groenlabo-pain-de-douche-2-en-1-a-lhuile-dabricot-et-a-la-vanille\\\/\"]}]},{\"@type\":\"ImageObject\",\"inLanguage\":\"fr-FR\",\"@id\":\"https:\\\/\\\/alpen-markt.ch\\\/fr\\\/produkt\\\/groenlabo-pain-de-douche-2-en-1-a-lhuile-dabricot-et-a-la-vanille\\\/#primaryimage\",\"url\":\"https:\\\/\\\/alpen-markt.ch\\\/wp-content\\\/uploads\\\/2025\\\/11\\\/065b3278-1f5a-40fa-bf14-12a2c8c69327.png\",\"contentUrl\":\"https:\\\/\\\/alpen-markt.ch\\\/wp-content\\\/uploads\\\/2025\\\/11\\\/065b3278-1f5a-40fa-bf14-12a2c8c69327.png\",\"width\":500,\"height\":500},{\"@type\":\"BreadcrumbList\",\"@id\":\"https:\\\/\\\/alpen-markt.ch\\\/fr\\\/produkt\\\/groenlabo-pain-de-douche-2-en-1-a-lhuile-dabricot-et-a-la-vanille\\\/#breadcrumb\",\"itemListElement\":[{\"@type\":\"ListItem\",\"position\":1,\"name\":\"Startseite\",\"item\":\"https:\\\/\\\/alpen-markt.ch\\\/fr\\\/home\\\/\"},{\"@type\":\"ListItem\",\"position\":2,\"name\":\"Boutique en ligne\",\"item\":\"https:\\\/\\\/alpen-markt.ch\\\/fr\\\/boutique-en-ligne\\\/\"},{\"@type\":\"ListItem\",\"position\":3,\"name\":\"GroenLabo &#8211; Pain de douche 2 en 1 \u00e0 l&#8217;huile d&#8217;abricot et \u00e0 la vanille\"}]},{\"@type\":\"WebSite\",\"@id\":\"https:\\\/\\\/alpen-markt.ch\\\/fr\\\/#website\",\"url\":\"https:\\\/\\\/alpen-markt.ch\\\/fr\\\/\",\"name\":\"Alpenmarkt\",\"description\":\"\",\"publisher\":{\"@id\":\"https:\\\/\\\/alpen-markt.ch\\\/fr\\\/#organization\"},\"potentialAction\":[{\"@type\":\"SearchAction\",\"target\":{\"@type\":\"EntryPoint\",\"urlTemplate\":\"https:\\\/\\\/alpen-markt.ch\\\/fr\\\/?s={search_term_string}\"},\"query-input\":{\"@type\":\"PropertyValueSpecification\",\"valueRequired\":true,\"valueName\":\"search_term_string\"}}],\"inLanguage\":\"fr-FR\"},{\"@type\":\"Organization\",\"@id\":\"https:\\\/\\\/alpen-markt.ch\\\/fr\\\/#organization\",\"name\":\"Alpenmarkt\",\"url\":\"https:\\\/\\\/alpen-markt.ch\\\/fr\\\/\",\"logo\":{\"@type\":\"ImageObject\",\"inLanguage\":\"fr-FR\",\"@id\":\"https:\\\/\\\/alpen-markt.ch\\\/fr\\\/#\\\/schema\\\/logo\\\/image\\\/\",\"url\":\"https:\\\/\\\/alpen-markt.ch\\\/wp-content\\\/uploads\\\/2025\\\/11\\\/logo-alpenmarkt.png\",\"contentUrl\":\"https:\\\/\\\/alpen-markt.ch\\\/wp-content\\\/uploads\\\/2025\\\/11\\\/logo-alpenmarkt.png\",\"width\":1048,\"height\":452,\"caption\":\"Alpenmarkt\"},\"image\":{\"@id\":\"https:\\\/\\\/alpen-markt.ch\\\/fr\\\/#\\\/schema\\\/logo\\\/image\\\/\"}}]}<\/script>\n<!-- \/ Yoast SEO plugin. -->","yoast_head_json":{"title":"GroenLabo - Pain de douche 2 en 1 \u00e0 l'huile d'abricot et \u00e0 la vanille - Alpenmarkt","robots":{"index":"index","follow":"follow","max-snippet":"max-snippet:-1","max-image-preview":"max-image-preview:large","max-video-preview":"max-video-preview:-1"},"canonical":"https:\/\/alpen-markt.ch\/fr\/produkt\/groenlabo-pain-de-douche-2-en-1-a-lhuile-dabricot-et-a-la-vanille\/","og_locale":"fr_FR","og_type":"article","og_title":"GroenLabo - Pain de douche 2 en 1 \u00e0 l'huile d'abricot et \u00e0 la vanille - Alpenmarkt","og_description":"Nos best-sellers : Les blocs de douche nourissant 2 en 1 de GroenLabo &#8211; un indispensable dans chaque salle de bain ! Ce pain de douche contient de la vanille bourbon naturellement parfum\u00e9e, mac\u00e9r\u00e9e dans de l&rsquo;huile de s\u00e9same biologique, ainsi que de l&rsquo;huile de noyaux d&rsquo;abricot press\u00e9e \u00e0 froid. Il a un effet nourrissant [&hellip;]","og_url":"https:\/\/alpen-markt.ch\/fr\/produkt\/groenlabo-pain-de-douche-2-en-1-a-lhuile-dabricot-et-a-la-vanille\/","og_site_name":"Alpenmarkt","og_image":[{"width":500,"height":500,"url":"https:\/\/alpen-markt.ch\/wp-content\/uploads\/2025\/11\/065b3278-1f5a-40fa-bf14-12a2c8c69327.png","type":"image\/png"}],"twitter_card":"summary_large_image","twitter_misc":{"Dur\u00e9e de lecture estim\u00e9e":"1 minute"},"schema":{"@context":"https:\/\/schema.org","@graph":[{"@type":"WebPage","@id":"https:\/\/alpen-markt.ch\/fr\/produkt\/groenlabo-pain-de-douche-2-en-1-a-lhuile-dabricot-et-a-la-vanille\/","url":"https:\/\/alpen-markt.ch\/fr\/produkt\/groenlabo-pain-de-douche-2-en-1-a-lhuile-dabricot-et-a-la-vanille\/","name":"GroenLabo - Pain de douche 2 en 1 \u00e0 l'huile d'abricot et \u00e0 la vanille - Alpenmarkt","isPartOf":{"@id":"https:\/\/alpen-markt.ch\/fr\/#website"},"primaryImageOfPage":{"@id":"https:\/\/alpen-markt.ch\/fr\/produkt\/groenlabo-pain-de-douche-2-en-1-a-lhuile-dabricot-et-a-la-vanille\/#primaryimage"},"image":{"@id":"https:\/\/alpen-markt.ch\/fr\/produkt\/groenlabo-pain-de-douche-2-en-1-a-lhuile-dabricot-et-a-la-vanille\/#primaryimage"},"thumbnailUrl":"https:\/\/alpen-markt.ch\/wp-content\/uploads\/2025\/11\/065b3278-1f5a-40fa-bf14-12a2c8c69327.png","datePublished":"2025-11-25T15:50:24+00:00","breadcrumb":{"@id":"https:\/\/alpen-markt.ch\/fr\/produkt\/groenlabo-pain-de-douche-2-en-1-a-lhuile-dabricot-et-a-la-vanille\/#breadcrumb"},"inLanguage":"fr-FR","potentialAction":[{"@type":"ReadAction","target":["https:\/\/alpen-markt.ch\/fr\/produkt\/groenlabo-pain-de-douche-2-en-1-a-lhuile-dabricot-et-a-la-vanille\/"]}]},{"@type":"ImageObject","inLanguage":"fr-FR","@id":"https:\/\/alpen-markt.ch\/fr\/produkt\/groenlabo-pain-de-douche-2-en-1-a-lhuile-dabricot-et-a-la-vanille\/#primaryimage","url":"https:\/\/alpen-markt.ch\/wp-content\/uploads\/2025\/11\/065b3278-1f5a-40fa-bf14-12a2c8c69327.png","contentUrl":"https:\/\/alpen-markt.ch\/wp-content\/uploads\/2025\/11\/065b3278-1f5a-40fa-bf14-12a2c8c69327.png","width":500,"height":500},{"@type":"BreadcrumbList","@id":"https:\/\/alpen-markt.ch\/fr\/produkt\/groenlabo-pain-de-douche-2-en-1-a-lhuile-dabricot-et-a-la-vanille\/#breadcrumb","itemListElement":[{"@type":"ListItem","position":1,"name":"Startseite","item":"https:\/\/alpen-markt.ch\/fr\/home\/"},{"@type":"ListItem","position":2,"name":"Boutique en ligne","item":"https:\/\/alpen-markt.ch\/fr\/boutique-en-ligne\/"},{"@type":"ListItem","position":3,"name":"GroenLabo &#8211; Pain de douche 2 en 1 \u00e0 l&#8217;huile d&#8217;abricot et \u00e0 la vanille"}]},{"@type":"WebSite","@id":"https:\/\/alpen-markt.ch\/fr\/#website","url":"https:\/\/alpen-markt.ch\/fr\/","name":"Alpenmarkt","description":"","publisher":{"@id":"https:\/\/alpen-markt.ch\/fr\/#organization"},"potentialAction":[{"@type":"SearchAction","target":{"@type":"EntryPoint","urlTemplate":"https:\/\/alpen-markt.ch\/fr\/?s={search_term_string}"},"query-input":{"@type":"PropertyValueSpecification","valueRequired":true,"valueName":"search_term_string"}}],"inLanguage":"fr-FR"},{"@type":"Organization","@id":"https:\/\/alpen-markt.ch\/fr\/#organization","name":"Alpenmarkt","url":"https:\/\/alpen-markt.ch\/fr\/","logo":{"@type":"ImageObject","inLanguage":"fr-FR","@id":"https:\/\/alpen-markt.ch\/fr\/#\/schema\/logo\/image\/","url":"https:\/\/alpen-markt.ch\/wp-content\/uploads\/2025\/11\/logo-alpenmarkt.png","contentUrl":"https:\/\/alpen-markt.ch\/wp-content\/uploads\/2025\/11\/logo-alpenmarkt.png","width":1048,"height":452,"caption":"Alpenmarkt"},"image":{"@id":"https:\/\/alpen-markt.ch\/fr\/#\/schema\/logo\/image\/"}}]}},"_links":{"self":[{"href":"https:\/\/alpen-markt.ch\/fr\/wp-json\/wp\/v2\/product\/3422","targetHints":{"allow":["GET"]}}],"collection":[{"href":"https:\/\/alpen-markt.ch\/fr\/wp-json\/wp\/v2\/product"}],"about":[{"href":"https:\/\/alpen-markt.ch\/fr\/wp-json\/wp\/v2\/types\/product"}],"wp:featuredmedia":[{"embeddable":true,"href":"https:\/\/alpen-markt.ch\/fr\/wp-json\/wp\/v2\/media\/3423"}],"wp:attachment":[{"href":"https:\/\/alpen-markt.ch\/fr\/wp-json\/wp\/v2\/media?parent=3422"}],"wp:term":[{"taxonomy":"product_brand","embeddable":true,"href":"https:\/\/alpen-markt.ch\/fr\/wp-json\/wp\/v2\/product_brand?post=3422"},{"taxonomy":"product_cat","embeddable":true,"href":"https:\/\/alpen-markt.ch\/fr\/wp-json\/wp\/v2\/product_cat?post=3422"},{"taxonomy":"product_tag","embeddable":true,"href":"https:\/\/alpen-markt.ch\/fr\/wp-json\/wp\/v2\/product_tag?post=3422"}],"curies":[{"name":"wp","href":"https:\/\/api.w.org\/{rel}","templated":true}]}}