{"id":3420,"date":"2025-11-25T16:50:24","date_gmt":"2025-11-25T15:50:24","guid":{"rendered":"https:\/\/alpen-markt.ch\/produkt\/groenlabo-duschblock-2-en-1-huile-dolive-rhassoul\/"},"modified":"2025-11-25T16:50:24","modified_gmt":"2025-11-25T15:50:24","slug":"groenlabo-duschblock-2-en-1-huile-dolive-rhassoul","status":"publish","type":"product","link":"https:\/\/alpen-markt.ch\/fr\/produkt\/groenlabo-duschblock-2-en-1-huile-dolive-rhassoul\/","title":{"rendered":"GroenLabo &#8211; Duschblock 2 en 1 huile d&rsquo;olive-rhassoul"},"content":{"rendered":"<p>Nos best-sellers :<br \/>\nLes pains de douche 2 en 1 nourrissants de GroenLabo &#8211; un indispensable dans chaque salle de bain !<\/p>\n<p>Utilis\u00e9 depuis des mill\u00e9naires, le rhassoul est une terre volcanique r\u00e9colt\u00e9e dans la r\u00e9gion de l&rsquo;Atlas au Maroc qui, gr\u00e2ce \u00e0 son fort pouvoir absorbant, permet de laver naturellement les graisses. Gr\u00e2ce \u00e0 sa forte teneur en min\u00e9raux associ\u00e9e \u00e0 de l&rsquo;huile d&rsquo;olive biologique, ce savon est un excellent soin pour la peau et les cheveux. <\/p>\n<p>Ce pain de douche pour le corps et les cheveux convient aux cheveux normaux \u00e0 gras.<\/p>\n<p>Utilisation : faites mousser le savon entre vos mains ou directement sur la zone \u00e0 laver. En cas de contact direct avec les yeux, rincez abondamment \u00e0 l&rsquo;eau claire. <\/p>\n<p>Le produit est conforme aux normes europ\u00e9ennes actuelles, homologu\u00e9 et marqu\u00e9.<\/p>\n<p>Alli\u00e9 l\u00e9ger et mobile, transport\u00e9 dans une petite bo\u00eete herm\u00e9tique, pour le sport et les d\u00e9placements. L&rsquo;alternative naturelle et pratique aux gels douche et shampoings agressifs et encombrants. <\/p>\n<p>Pensez si possible \u00e0 laisser s\u00e9cher le bloc apr\u00e8s son utilisation \u00e0 l&rsquo;air libre (par exemple pendant toute la nuit).<\/p>\n<p>ingr\u00e9dients INCI-Format: Natriumkokossulfat, Natriumcocoylisethionat, Aqua, Frucht\u00f6l Olea europaea *, marokkanische Lavaerde, Parfum.<br \/>\nIngr\u00e9dients * issus de contr\u00f4l\u00e9e biologique culture<br \/>\nPas d&rsquo; ingr\u00e9dients d&rsquo;origine animale ou de d\u00e9riv\u00e9s<\/p>\n<p>Ingr\u00e9dients en toute transparence :<\/p>\n<p>Cocoyl is\u00e9thionate de sodium (d\u00e9riv\u00e9 est\u00e9rifi\u00e9 des acides gras de l&rsquo;huile de coco), utilis\u00e9 comme tensioactif moussant.<br \/>\nSulfate de sodium de coco (d\u00e9riv\u00e9 est\u00e9rifi\u00e9 des acides gras de l&rsquo;huile de coco) utilis\u00e9 comme tensioactif moussant.<br \/>\nHuile d&rsquo;olive<br \/>\nArgile rhassoul<br \/>\nParfum<\/p>\n","protected":false},"excerpt":{"rendered":"<p>Nos best-sellers : Les pains de douche 2 en 1 nourrissants de GroenLabo &#8211; un indispensable dans chaque salle de bain ! Utilis\u00e9 depuis des mill\u00e9naires, le rhassoul est une terre volcanique r\u00e9colt\u00e9e dans la r\u00e9gion de l&rsquo;Atlas au Maroc qui, gr\u00e2ce \u00e0 son fort pouvoir absorbant, permet de laver naturellement les graisses. Gr\u00e2ce \u00e0 [&hellip;]<\/p>\n","protected":false},"featured_media":3421,"template":"","meta":[],"product_brand":[],"product_cat":[78],"product_tag":[],"class_list":{"0":"post-3420","1":"product","2":"type-product","3":"status-publish","4":"has-post-thumbnail","6":"product_cat-fraicheur-des-montagnes-cosmetiques-alpines","8":"first","9":"instock","10":"taxable","11":"shipping-taxable","12":"purchasable","13":"product-type-simple"},"yoast_head":"<!-- This site is optimized with the Yoast SEO plugin v27.4 - https:\/\/yoast.com\/product\/yoast-seo-wordpress\/ -->\n<title>GroenLabo - Duschblock 2 en 1 huile d&#039;olive-rhassoul - Alpenmarkt<\/title>\n<meta name=\"robots\" content=\"index, follow, max-snippet:-1, max-image-preview:large, max-video-preview:-1\" \/>\n<link rel=\"canonical\" href=\"https:\/\/alpen-markt.ch\/fr\/produkt\/groenlabo-duschblock-2-en-1-huile-dolive-rhassoul\/\" \/>\n<meta property=\"og:locale\" content=\"fr_FR\" \/>\n<meta property=\"og:type\" content=\"article\" \/>\n<meta property=\"og:title\" content=\"GroenLabo - Duschblock 2 en 1 huile d&#039;olive-rhassoul - Alpenmarkt\" \/>\n<meta property=\"og:description\" content=\"Nos best-sellers : Les pains de douche 2 en 1 nourrissants de GroenLabo &#8211; un indispensable dans chaque salle de bain ! Utilis\u00e9 depuis des mill\u00e9naires, le rhassoul est une terre volcanique r\u00e9colt\u00e9e dans la r\u00e9gion de l&rsquo;Atlas au Maroc qui, gr\u00e2ce \u00e0 son fort pouvoir absorbant, permet de laver naturellement les graisses. Gr\u00e2ce \u00e0 [&hellip;]\" \/>\n<meta property=\"og:url\" content=\"https:\/\/alpen-markt.ch\/fr\/produkt\/groenlabo-duschblock-2-en-1-huile-dolive-rhassoul\/\" \/>\n<meta property=\"og:site_name\" content=\"Alpenmarkt\" \/>\n<meta property=\"og:image\" content=\"https:\/\/alpen-markt.ch\/wp-content\/uploads\/2025\/11\/56495b54-4f26-4899-bd0d-1a25e29c5fbd.png\" \/>\n\t<meta property=\"og:image:width\" content=\"500\" \/>\n\t<meta property=\"og:image:height\" content=\"500\" \/>\n\t<meta property=\"og:image:type\" content=\"image\/png\" \/>\n<meta name=\"twitter:card\" content=\"summary_large_image\" \/>\n<meta name=\"twitter:label1\" content=\"Dur\u00e9e de lecture estim\u00e9e\" \/>\n\t<meta name=\"twitter:data1\" content=\"1 minute\" \/>\n<script type=\"application\/ld+json\" class=\"yoast-schema-graph\">{\"@context\":\"https:\\\/\\\/schema.org\",\"@graph\":[{\"@type\":\"WebPage\",\"@id\":\"https:\\\/\\\/alpen-markt.ch\\\/fr\\\/produkt\\\/groenlabo-duschblock-2-en-1-huile-dolive-rhassoul\\\/\",\"url\":\"https:\\\/\\\/alpen-markt.ch\\\/fr\\\/produkt\\\/groenlabo-duschblock-2-en-1-huile-dolive-rhassoul\\\/\",\"name\":\"GroenLabo - Duschblock 2 en 1 huile d'olive-rhassoul - Alpenmarkt\",\"isPartOf\":{\"@id\":\"https:\\\/\\\/alpen-markt.ch\\\/fr\\\/#website\"},\"primaryImageOfPage\":{\"@id\":\"https:\\\/\\\/alpen-markt.ch\\\/fr\\\/produkt\\\/groenlabo-duschblock-2-en-1-huile-dolive-rhassoul\\\/#primaryimage\"},\"image\":{\"@id\":\"https:\\\/\\\/alpen-markt.ch\\\/fr\\\/produkt\\\/groenlabo-duschblock-2-en-1-huile-dolive-rhassoul\\\/#primaryimage\"},\"thumbnailUrl\":\"https:\\\/\\\/alpen-markt.ch\\\/wp-content\\\/uploads\\\/2025\\\/11\\\/56495b54-4f26-4899-bd0d-1a25e29c5fbd.png\",\"datePublished\":\"2025-11-25T15:50:24+00:00\",\"breadcrumb\":{\"@id\":\"https:\\\/\\\/alpen-markt.ch\\\/fr\\\/produkt\\\/groenlabo-duschblock-2-en-1-huile-dolive-rhassoul\\\/#breadcrumb\"},\"inLanguage\":\"fr-FR\",\"potentialAction\":[{\"@type\":\"ReadAction\",\"target\":[\"https:\\\/\\\/alpen-markt.ch\\\/fr\\\/produkt\\\/groenlabo-duschblock-2-en-1-huile-dolive-rhassoul\\\/\"]}]},{\"@type\":\"ImageObject\",\"inLanguage\":\"fr-FR\",\"@id\":\"https:\\\/\\\/alpen-markt.ch\\\/fr\\\/produkt\\\/groenlabo-duschblock-2-en-1-huile-dolive-rhassoul\\\/#primaryimage\",\"url\":\"https:\\\/\\\/alpen-markt.ch\\\/wp-content\\\/uploads\\\/2025\\\/11\\\/56495b54-4f26-4899-bd0d-1a25e29c5fbd.png\",\"contentUrl\":\"https:\\\/\\\/alpen-markt.ch\\\/wp-content\\\/uploads\\\/2025\\\/11\\\/56495b54-4f26-4899-bd0d-1a25e29c5fbd.png\",\"width\":500,\"height\":500},{\"@type\":\"BreadcrumbList\",\"@id\":\"https:\\\/\\\/alpen-markt.ch\\\/fr\\\/produkt\\\/groenlabo-duschblock-2-en-1-huile-dolive-rhassoul\\\/#breadcrumb\",\"itemListElement\":[{\"@type\":\"ListItem\",\"position\":1,\"name\":\"Startseite\",\"item\":\"https:\\\/\\\/alpen-markt.ch\\\/fr\\\/home\\\/\"},{\"@type\":\"ListItem\",\"position\":2,\"name\":\"Boutique en ligne\",\"item\":\"https:\\\/\\\/alpen-markt.ch\\\/fr\\\/boutique-en-ligne\\\/\"},{\"@type\":\"ListItem\",\"position\":3,\"name\":\"GroenLabo &#8211; Duschblock 2 en 1 huile d&#8217;olive-rhassoul\"}]},{\"@type\":\"WebSite\",\"@id\":\"https:\\\/\\\/alpen-markt.ch\\\/fr\\\/#website\",\"url\":\"https:\\\/\\\/alpen-markt.ch\\\/fr\\\/\",\"name\":\"Alpenmarkt\",\"description\":\"\",\"publisher\":{\"@id\":\"https:\\\/\\\/alpen-markt.ch\\\/fr\\\/#organization\"},\"potentialAction\":[{\"@type\":\"SearchAction\",\"target\":{\"@type\":\"EntryPoint\",\"urlTemplate\":\"https:\\\/\\\/alpen-markt.ch\\\/fr\\\/?s={search_term_string}\"},\"query-input\":{\"@type\":\"PropertyValueSpecification\",\"valueRequired\":true,\"valueName\":\"search_term_string\"}}],\"inLanguage\":\"fr-FR\"},{\"@type\":\"Organization\",\"@id\":\"https:\\\/\\\/alpen-markt.ch\\\/fr\\\/#organization\",\"name\":\"Alpenmarkt\",\"url\":\"https:\\\/\\\/alpen-markt.ch\\\/fr\\\/\",\"logo\":{\"@type\":\"ImageObject\",\"inLanguage\":\"fr-FR\",\"@id\":\"https:\\\/\\\/alpen-markt.ch\\\/fr\\\/#\\\/schema\\\/logo\\\/image\\\/\",\"url\":\"https:\\\/\\\/alpen-markt.ch\\\/wp-content\\\/uploads\\\/2025\\\/11\\\/logo-alpenmarkt.png\",\"contentUrl\":\"https:\\\/\\\/alpen-markt.ch\\\/wp-content\\\/uploads\\\/2025\\\/11\\\/logo-alpenmarkt.png\",\"width\":1048,\"height\":452,\"caption\":\"Alpenmarkt\"},\"image\":{\"@id\":\"https:\\\/\\\/alpen-markt.ch\\\/fr\\\/#\\\/schema\\\/logo\\\/image\\\/\"}}]}<\/script>\n<!-- \/ Yoast SEO plugin. -->","yoast_head_json":{"title":"GroenLabo - Duschblock 2 en 1 huile d'olive-rhassoul - Alpenmarkt","robots":{"index":"index","follow":"follow","max-snippet":"max-snippet:-1","max-image-preview":"max-image-preview:large","max-video-preview":"max-video-preview:-1"},"canonical":"https:\/\/alpen-markt.ch\/fr\/produkt\/groenlabo-duschblock-2-en-1-huile-dolive-rhassoul\/","og_locale":"fr_FR","og_type":"article","og_title":"GroenLabo - Duschblock 2 en 1 huile d'olive-rhassoul - Alpenmarkt","og_description":"Nos best-sellers : Les pains de douche 2 en 1 nourrissants de GroenLabo &#8211; un indispensable dans chaque salle de bain ! Utilis\u00e9 depuis des mill\u00e9naires, le rhassoul est une terre volcanique r\u00e9colt\u00e9e dans la r\u00e9gion de l&rsquo;Atlas au Maroc qui, gr\u00e2ce \u00e0 son fort pouvoir absorbant, permet de laver naturellement les graisses. Gr\u00e2ce \u00e0 [&hellip;]","og_url":"https:\/\/alpen-markt.ch\/fr\/produkt\/groenlabo-duschblock-2-en-1-huile-dolive-rhassoul\/","og_site_name":"Alpenmarkt","og_image":[{"width":500,"height":500,"url":"https:\/\/alpen-markt.ch\/wp-content\/uploads\/2025\/11\/56495b54-4f26-4899-bd0d-1a25e29c5fbd.png","type":"image\/png"}],"twitter_card":"summary_large_image","twitter_misc":{"Dur\u00e9e de lecture estim\u00e9e":"1 minute"},"schema":{"@context":"https:\/\/schema.org","@graph":[{"@type":"WebPage","@id":"https:\/\/alpen-markt.ch\/fr\/produkt\/groenlabo-duschblock-2-en-1-huile-dolive-rhassoul\/","url":"https:\/\/alpen-markt.ch\/fr\/produkt\/groenlabo-duschblock-2-en-1-huile-dolive-rhassoul\/","name":"GroenLabo - Duschblock 2 en 1 huile d'olive-rhassoul - Alpenmarkt","isPartOf":{"@id":"https:\/\/alpen-markt.ch\/fr\/#website"},"primaryImageOfPage":{"@id":"https:\/\/alpen-markt.ch\/fr\/produkt\/groenlabo-duschblock-2-en-1-huile-dolive-rhassoul\/#primaryimage"},"image":{"@id":"https:\/\/alpen-markt.ch\/fr\/produkt\/groenlabo-duschblock-2-en-1-huile-dolive-rhassoul\/#primaryimage"},"thumbnailUrl":"https:\/\/alpen-markt.ch\/wp-content\/uploads\/2025\/11\/56495b54-4f26-4899-bd0d-1a25e29c5fbd.png","datePublished":"2025-11-25T15:50:24+00:00","breadcrumb":{"@id":"https:\/\/alpen-markt.ch\/fr\/produkt\/groenlabo-duschblock-2-en-1-huile-dolive-rhassoul\/#breadcrumb"},"inLanguage":"fr-FR","potentialAction":[{"@type":"ReadAction","target":["https:\/\/alpen-markt.ch\/fr\/produkt\/groenlabo-duschblock-2-en-1-huile-dolive-rhassoul\/"]}]},{"@type":"ImageObject","inLanguage":"fr-FR","@id":"https:\/\/alpen-markt.ch\/fr\/produkt\/groenlabo-duschblock-2-en-1-huile-dolive-rhassoul\/#primaryimage","url":"https:\/\/alpen-markt.ch\/wp-content\/uploads\/2025\/11\/56495b54-4f26-4899-bd0d-1a25e29c5fbd.png","contentUrl":"https:\/\/alpen-markt.ch\/wp-content\/uploads\/2025\/11\/56495b54-4f26-4899-bd0d-1a25e29c5fbd.png","width":500,"height":500},{"@type":"BreadcrumbList","@id":"https:\/\/alpen-markt.ch\/fr\/produkt\/groenlabo-duschblock-2-en-1-huile-dolive-rhassoul\/#breadcrumb","itemListElement":[{"@type":"ListItem","position":1,"name":"Startseite","item":"https:\/\/alpen-markt.ch\/fr\/home\/"},{"@type":"ListItem","position":2,"name":"Boutique en ligne","item":"https:\/\/alpen-markt.ch\/fr\/boutique-en-ligne\/"},{"@type":"ListItem","position":3,"name":"GroenLabo &#8211; Duschblock 2 en 1 huile d&#8217;olive-rhassoul"}]},{"@type":"WebSite","@id":"https:\/\/alpen-markt.ch\/fr\/#website","url":"https:\/\/alpen-markt.ch\/fr\/","name":"Alpenmarkt","description":"","publisher":{"@id":"https:\/\/alpen-markt.ch\/fr\/#organization"},"potentialAction":[{"@type":"SearchAction","target":{"@type":"EntryPoint","urlTemplate":"https:\/\/alpen-markt.ch\/fr\/?s={search_term_string}"},"query-input":{"@type":"PropertyValueSpecification","valueRequired":true,"valueName":"search_term_string"}}],"inLanguage":"fr-FR"},{"@type":"Organization","@id":"https:\/\/alpen-markt.ch\/fr\/#organization","name":"Alpenmarkt","url":"https:\/\/alpen-markt.ch\/fr\/","logo":{"@type":"ImageObject","inLanguage":"fr-FR","@id":"https:\/\/alpen-markt.ch\/fr\/#\/schema\/logo\/image\/","url":"https:\/\/alpen-markt.ch\/wp-content\/uploads\/2025\/11\/logo-alpenmarkt.png","contentUrl":"https:\/\/alpen-markt.ch\/wp-content\/uploads\/2025\/11\/logo-alpenmarkt.png","width":1048,"height":452,"caption":"Alpenmarkt"},"image":{"@id":"https:\/\/alpen-markt.ch\/fr\/#\/schema\/logo\/image\/"}}]}},"_links":{"self":[{"href":"https:\/\/alpen-markt.ch\/fr\/wp-json\/wp\/v2\/product\/3420","targetHints":{"allow":["GET"]}}],"collection":[{"href":"https:\/\/alpen-markt.ch\/fr\/wp-json\/wp\/v2\/product"}],"about":[{"href":"https:\/\/alpen-markt.ch\/fr\/wp-json\/wp\/v2\/types\/product"}],"wp:featuredmedia":[{"embeddable":true,"href":"https:\/\/alpen-markt.ch\/fr\/wp-json\/wp\/v2\/media\/3421"}],"wp:attachment":[{"href":"https:\/\/alpen-markt.ch\/fr\/wp-json\/wp\/v2\/media?parent=3420"}],"wp:term":[{"taxonomy":"product_brand","embeddable":true,"href":"https:\/\/alpen-markt.ch\/fr\/wp-json\/wp\/v2\/product_brand?post=3420"},{"taxonomy":"product_cat","embeddable":true,"href":"https:\/\/alpen-markt.ch\/fr\/wp-json\/wp\/v2\/product_cat?post=3420"},{"taxonomy":"product_tag","embeddable":true,"href":"https:\/\/alpen-markt.ch\/fr\/wp-json\/wp\/v2\/product_tag?post=3420"}],"curies":[{"name":"wp","href":"https:\/\/api.w.org\/{rel}","templated":true}]}}