{"id":3393,"date":"2025-11-25T16:50:24","date_gmt":"2025-11-25T15:50:24","guid":{"rendered":"https:\/\/alpen-markt.ch\/produkt\/naturmel-creme-deodorante-fleuri\/"},"modified":"2025-11-25T16:50:24","modified_gmt":"2025-11-25T15:50:24","slug":"naturmel-creme-deodorante-fleuri","status":"publish","type":"product","link":"https:\/\/alpen-markt.ch\/fr\/produkt\/naturmel-creme-deodorante-fleuri\/","title":{"rendered":"NaturMel &#8211; Cr\u00e8me d\u00e9odorante Fleuri"},"content":{"rendered":"<p>Les avantages des d\u00e9odorants solides :<br \/>\nLes d\u00e9odorants solides de NaturMel ne contiennent aucun sel d&rsquo;aluminium ni alcool. Ils sont conditionn\u00e9s dans des r\u00e9cipients en verre r\u00e9utilisables.<\/p>\n<p>Conseils pour l&rsquo;utilisation :<br \/>\nR\u00e9partissez avec les doigts mouill\u00e9s une petite quantit\u00e9 de d\u00e9odorant directement sur les aisselles. Une fine couche est plus efficace qu&rsquo;une couche \u00e9paisse.<\/p>\n<p>Pr\u00e9c\u00e9dent Recommandations :<br \/>\nCertaines personnes peuvent pr\u00e9senter une intol\u00e9rance au bicarbonate de soude. En cas d&rsquo;irritation, cessez d&rsquo;utiliser le produit et optez pour la gamme \u00ab sans bicarbonate de soude \u00bb. En cas d&rsquo;intol\u00e9rance, les produits ne peuvent \u00eatre ni repris ni \u00e9chang\u00e9s. <\/p>\n<p>Malgr\u00e9 les contr\u00f4les rigoureux auxquels sont soumis nos produits, une r\u00e9action ind\u00e9sirable \u00e0 certains ingr\u00e9dients est toujours possible.<\/p>\n<p>Il est donc recommand\u00e9 d&rsquo;effectuer un test de tol\u00e9rance cutan\u00e9e. Si dans un d\u00e9lai de 24 heures aucune r\u00e9action (irritations, d\u00e9mangeaisons, pustules ou autres sympt\u00f4mes similaires) apparaissent, le produit peut \u00eatre utilis\u00e9 sans h\u00e9sitation.  <\/p>\n<p>Composition :<br \/>\nhuile de coco, bicarbonate de soude, amidon de ma\u00efs, Cire d&rsquo;abeille, huiles essentielles de lavandin, g\u00e9ranium et palmarosa, huile de tournesol.<\/p>\n<p>INCI:<br \/>\nCocos nucifera oil*, Sodium bicarbonate, Zea mays starch*, Cera alba*, Lavandula hybrida grosso herb oil*, Cymbopogon martini oil*, Pelargonium graveolens stem leaf oil*, Tocopherol*, Helianthus annuus seed oil*, Citral**, Citronellol**, Coumarin**, Farnesol**, Geraniol**, Limonene**, Linalool**. *Ingredients issus de l&rsquo;agriculture biologique<br \/>\n*Ingr\u00e9dients issus de l&rsquo;agriculture biologique . **Allerg\u00e8nes pr\u00e9sents naturellement dans les huiles essentielles.<br \/>\n(liste non exhaustive, voir l&#8217;emballage pour la liste officielle des ingr\u00e9dients).<\/p>\n<p>Les ingr\u00e9dients :<br \/>\nLe bicarbonate de soude combat les bact\u00e9ries responsables du d\u00e9veloppement des odeurs.<br \/>\nL&rsquo;amidon de ma\u00efs absorbe non seulement la transpiration, mais emp\u00eache \u00e9galement l&rsquo;effet \u00ab gras \u00bb caus\u00e9 par les huiles v\u00e9g\u00e9tales.<br \/>\nL&rsquo;huile v\u00e9g\u00e9tale de coco est riche en acide laurique, connu pour son affinit\u00e9 particuli\u00e8re avec la peau, mais aussi pour ses propri\u00e9t\u00e9s antimicrobiennes.<br \/>\nAssoci\u00e9e \u00e0 la cire d&rsquo;abeille, elle garantit un produit \u00e0 la texture parfaite, qui reste stable pendant longtemps.<br \/>\nLa synergie d&rsquo;huiles essentielles contenue dans la formulation conf\u00e8re au produit les propri\u00e9t\u00e9s parfaites pour un d\u00e9odorant et un parfum floral.<\/p>\n<p>Fabriqu\u00e9 \u00e0 la main en Suisse, chaque pi\u00e8ce est une pi\u00e8ce unique !<\/p>\n","protected":false},"excerpt":{"rendered":"<p>Les avantages des d\u00e9odorants solides : Les d\u00e9odorants solides de NaturMel ne contiennent aucun sel d&rsquo;aluminium ni alcool. Ils sont conditionn\u00e9s dans des r\u00e9cipients en verre r\u00e9utilisables. Conseils pour l&rsquo;utilisation : R\u00e9partissez avec les doigts mouill\u00e9s une petite quantit\u00e9 de d\u00e9odorant directement sur les aisselles. Une fine couche est plus efficace qu&rsquo;une couche \u00e9paisse. Pr\u00e9c\u00e9dent [&hellip;]<\/p>\n","protected":false},"featured_media":3394,"template":"","meta":[],"product_brand":[],"product_cat":[78],"product_tag":[],"class_list":{"0":"post-3393","1":"product","2":"type-product","3":"status-publish","4":"has-post-thumbnail","6":"product_cat-fraicheur-des-montagnes-cosmetiques-alpines","8":"first","9":"instock","10":"taxable","11":"shipping-taxable","12":"purchasable","13":"product-type-simple"},"yoast_head":"<!-- This site is optimized with the Yoast SEO plugin v27.5 - https:\/\/yoast.com\/product\/yoast-seo-wordpress\/ -->\n<title>NaturMel - Cr\u00e8me d\u00e9odorante Fleuri - Alpenmarkt<\/title>\n<meta name=\"robots\" content=\"index, follow, max-snippet:-1, max-image-preview:large, max-video-preview:-1\" \/>\n<link rel=\"canonical\" href=\"https:\/\/alpen-markt.ch\/fr\/produkt\/naturmel-creme-deodorante-fleuri\/\" \/>\n<meta property=\"og:locale\" content=\"fr_FR\" \/>\n<meta property=\"og:type\" content=\"article\" \/>\n<meta property=\"og:title\" content=\"NaturMel - Cr\u00e8me d\u00e9odorante Fleuri - Alpenmarkt\" \/>\n<meta property=\"og:description\" content=\"Les avantages des d\u00e9odorants solides : Les d\u00e9odorants solides de NaturMel ne contiennent aucun sel d&rsquo;aluminium ni alcool. Ils sont conditionn\u00e9s dans des r\u00e9cipients en verre r\u00e9utilisables. Conseils pour l&rsquo;utilisation : R\u00e9partissez avec les doigts mouill\u00e9s une petite quantit\u00e9 de d\u00e9odorant directement sur les aisselles. Une fine couche est plus efficace qu&rsquo;une couche \u00e9paisse. Pr\u00e9c\u00e9dent [&hellip;]\" \/>\n<meta property=\"og:url\" content=\"https:\/\/alpen-markt.ch\/fr\/produkt\/naturmel-creme-deodorante-fleuri\/\" \/>\n<meta property=\"og:site_name\" content=\"Alpenmarkt\" \/>\n<meta property=\"og:image\" content=\"https:\/\/alpen-markt.ch\/wp-content\/uploads\/2025\/11\/e29f0315-3927-47d5-98c9-376916140b6b.png\" \/>\n\t<meta property=\"og:image:width\" content=\"500\" \/>\n\t<meta property=\"og:image:height\" content=\"500\" \/>\n\t<meta property=\"og:image:type\" content=\"image\/png\" \/>\n<meta name=\"twitter:card\" content=\"summary_large_image\" \/>\n<meta name=\"twitter:label1\" content=\"Dur\u00e9e de lecture estim\u00e9e\" \/>\n\t<meta name=\"twitter:data1\" content=\"2 minutes\" \/>\n<script type=\"application\/ld+json\" class=\"yoast-schema-graph\">{\"@context\":\"https:\\\/\\\/schema.org\",\"@graph\":[{\"@type\":\"WebPage\",\"@id\":\"https:\\\/\\\/alpen-markt.ch\\\/fr\\\/produkt\\\/naturmel-creme-deodorante-fleuri\\\/\",\"url\":\"https:\\\/\\\/alpen-markt.ch\\\/fr\\\/produkt\\\/naturmel-creme-deodorante-fleuri\\\/\",\"name\":\"NaturMel - Cr\u00e8me d\u00e9odorante Fleuri - Alpenmarkt\",\"isPartOf\":{\"@id\":\"https:\\\/\\\/alpen-markt.ch\\\/fr\\\/#website\"},\"primaryImageOfPage\":{\"@id\":\"https:\\\/\\\/alpen-markt.ch\\\/fr\\\/produkt\\\/naturmel-creme-deodorante-fleuri\\\/#primaryimage\"},\"image\":{\"@id\":\"https:\\\/\\\/alpen-markt.ch\\\/fr\\\/produkt\\\/naturmel-creme-deodorante-fleuri\\\/#primaryimage\"},\"thumbnailUrl\":\"https:\\\/\\\/alpen-markt.ch\\\/wp-content\\\/uploads\\\/2025\\\/11\\\/e29f0315-3927-47d5-98c9-376916140b6b.png\",\"datePublished\":\"2025-11-25T15:50:24+00:00\",\"breadcrumb\":{\"@id\":\"https:\\\/\\\/alpen-markt.ch\\\/fr\\\/produkt\\\/naturmel-creme-deodorante-fleuri\\\/#breadcrumb\"},\"inLanguage\":\"fr-FR\",\"potentialAction\":[{\"@type\":\"ReadAction\",\"target\":[\"https:\\\/\\\/alpen-markt.ch\\\/fr\\\/produkt\\\/naturmel-creme-deodorante-fleuri\\\/\"]}]},{\"@type\":\"ImageObject\",\"inLanguage\":\"fr-FR\",\"@id\":\"https:\\\/\\\/alpen-markt.ch\\\/fr\\\/produkt\\\/naturmel-creme-deodorante-fleuri\\\/#primaryimage\",\"url\":\"https:\\\/\\\/alpen-markt.ch\\\/wp-content\\\/uploads\\\/2025\\\/11\\\/e29f0315-3927-47d5-98c9-376916140b6b.png\",\"contentUrl\":\"https:\\\/\\\/alpen-markt.ch\\\/wp-content\\\/uploads\\\/2025\\\/11\\\/e29f0315-3927-47d5-98c9-376916140b6b.png\",\"width\":500,\"height\":500},{\"@type\":\"BreadcrumbList\",\"@id\":\"https:\\\/\\\/alpen-markt.ch\\\/fr\\\/produkt\\\/naturmel-creme-deodorante-fleuri\\\/#breadcrumb\",\"itemListElement\":[{\"@type\":\"ListItem\",\"position\":1,\"name\":\"Startseite\",\"item\":\"https:\\\/\\\/alpen-markt.ch\\\/fr\\\/home\\\/\"},{\"@type\":\"ListItem\",\"position\":2,\"name\":\"Boutique en ligne\",\"item\":\"https:\\\/\\\/alpen-markt.ch\\\/fr\\\/boutique-en-ligne\\\/\"},{\"@type\":\"ListItem\",\"position\":3,\"name\":\"NaturMel &#8211; Cr\u00e8me d\u00e9odorante Fleuri\"}]},{\"@type\":\"WebSite\",\"@id\":\"https:\\\/\\\/alpen-markt.ch\\\/fr\\\/#website\",\"url\":\"https:\\\/\\\/alpen-markt.ch\\\/fr\\\/\",\"name\":\"Alpenmarkt\",\"description\":\"\",\"publisher\":{\"@id\":\"https:\\\/\\\/alpen-markt.ch\\\/fr\\\/#organization\"},\"potentialAction\":[{\"@type\":\"SearchAction\",\"target\":{\"@type\":\"EntryPoint\",\"urlTemplate\":\"https:\\\/\\\/alpen-markt.ch\\\/fr\\\/?s={search_term_string}\"},\"query-input\":{\"@type\":\"PropertyValueSpecification\",\"valueRequired\":true,\"valueName\":\"search_term_string\"}}],\"inLanguage\":\"fr-FR\"},{\"@type\":\"Organization\",\"@id\":\"https:\\\/\\\/alpen-markt.ch\\\/fr\\\/#organization\",\"name\":\"Alpenmarkt\",\"url\":\"https:\\\/\\\/alpen-markt.ch\\\/fr\\\/\",\"logo\":{\"@type\":\"ImageObject\",\"inLanguage\":\"fr-FR\",\"@id\":\"https:\\\/\\\/alpen-markt.ch\\\/fr\\\/#\\\/schema\\\/logo\\\/image\\\/\",\"url\":\"https:\\\/\\\/alpen-markt.ch\\\/wp-content\\\/uploads\\\/2025\\\/11\\\/logo-alpenmarkt.png\",\"contentUrl\":\"https:\\\/\\\/alpen-markt.ch\\\/wp-content\\\/uploads\\\/2025\\\/11\\\/logo-alpenmarkt.png\",\"width\":1048,\"height\":452,\"caption\":\"Alpenmarkt\"},\"image\":{\"@id\":\"https:\\\/\\\/alpen-markt.ch\\\/fr\\\/#\\\/schema\\\/logo\\\/image\\\/\"}}]}<\/script>\n<!-- \/ Yoast SEO plugin. -->","yoast_head_json":{"title":"NaturMel - Cr\u00e8me d\u00e9odorante Fleuri - Alpenmarkt","robots":{"index":"index","follow":"follow","max-snippet":"max-snippet:-1","max-image-preview":"max-image-preview:large","max-video-preview":"max-video-preview:-1"},"canonical":"https:\/\/alpen-markt.ch\/fr\/produkt\/naturmel-creme-deodorante-fleuri\/","og_locale":"fr_FR","og_type":"article","og_title":"NaturMel - Cr\u00e8me d\u00e9odorante Fleuri - Alpenmarkt","og_description":"Les avantages des d\u00e9odorants solides : Les d\u00e9odorants solides de NaturMel ne contiennent aucun sel d&rsquo;aluminium ni alcool. Ils sont conditionn\u00e9s dans des r\u00e9cipients en verre r\u00e9utilisables. Conseils pour l&rsquo;utilisation : R\u00e9partissez avec les doigts mouill\u00e9s une petite quantit\u00e9 de d\u00e9odorant directement sur les aisselles. Une fine couche est plus efficace qu&rsquo;une couche \u00e9paisse. Pr\u00e9c\u00e9dent [&hellip;]","og_url":"https:\/\/alpen-markt.ch\/fr\/produkt\/naturmel-creme-deodorante-fleuri\/","og_site_name":"Alpenmarkt","og_image":[{"width":500,"height":500,"url":"https:\/\/alpen-markt.ch\/wp-content\/uploads\/2025\/11\/e29f0315-3927-47d5-98c9-376916140b6b.png","type":"image\/png"}],"twitter_card":"summary_large_image","twitter_misc":{"Dur\u00e9e de lecture estim\u00e9e":"2 minutes"},"schema":{"@context":"https:\/\/schema.org","@graph":[{"@type":"WebPage","@id":"https:\/\/alpen-markt.ch\/fr\/produkt\/naturmel-creme-deodorante-fleuri\/","url":"https:\/\/alpen-markt.ch\/fr\/produkt\/naturmel-creme-deodorante-fleuri\/","name":"NaturMel - Cr\u00e8me d\u00e9odorante Fleuri - Alpenmarkt","isPartOf":{"@id":"https:\/\/alpen-markt.ch\/fr\/#website"},"primaryImageOfPage":{"@id":"https:\/\/alpen-markt.ch\/fr\/produkt\/naturmel-creme-deodorante-fleuri\/#primaryimage"},"image":{"@id":"https:\/\/alpen-markt.ch\/fr\/produkt\/naturmel-creme-deodorante-fleuri\/#primaryimage"},"thumbnailUrl":"https:\/\/alpen-markt.ch\/wp-content\/uploads\/2025\/11\/e29f0315-3927-47d5-98c9-376916140b6b.png","datePublished":"2025-11-25T15:50:24+00:00","breadcrumb":{"@id":"https:\/\/alpen-markt.ch\/fr\/produkt\/naturmel-creme-deodorante-fleuri\/#breadcrumb"},"inLanguage":"fr-FR","potentialAction":[{"@type":"ReadAction","target":["https:\/\/alpen-markt.ch\/fr\/produkt\/naturmel-creme-deodorante-fleuri\/"]}]},{"@type":"ImageObject","inLanguage":"fr-FR","@id":"https:\/\/alpen-markt.ch\/fr\/produkt\/naturmel-creme-deodorante-fleuri\/#primaryimage","url":"https:\/\/alpen-markt.ch\/wp-content\/uploads\/2025\/11\/e29f0315-3927-47d5-98c9-376916140b6b.png","contentUrl":"https:\/\/alpen-markt.ch\/wp-content\/uploads\/2025\/11\/e29f0315-3927-47d5-98c9-376916140b6b.png","width":500,"height":500},{"@type":"BreadcrumbList","@id":"https:\/\/alpen-markt.ch\/fr\/produkt\/naturmel-creme-deodorante-fleuri\/#breadcrumb","itemListElement":[{"@type":"ListItem","position":1,"name":"Startseite","item":"https:\/\/alpen-markt.ch\/fr\/home\/"},{"@type":"ListItem","position":2,"name":"Boutique en ligne","item":"https:\/\/alpen-markt.ch\/fr\/boutique-en-ligne\/"},{"@type":"ListItem","position":3,"name":"NaturMel &#8211; Cr\u00e8me d\u00e9odorante Fleuri"}]},{"@type":"WebSite","@id":"https:\/\/alpen-markt.ch\/fr\/#website","url":"https:\/\/alpen-markt.ch\/fr\/","name":"Alpenmarkt","description":"","publisher":{"@id":"https:\/\/alpen-markt.ch\/fr\/#organization"},"potentialAction":[{"@type":"SearchAction","target":{"@type":"EntryPoint","urlTemplate":"https:\/\/alpen-markt.ch\/fr\/?s={search_term_string}"},"query-input":{"@type":"PropertyValueSpecification","valueRequired":true,"valueName":"search_term_string"}}],"inLanguage":"fr-FR"},{"@type":"Organization","@id":"https:\/\/alpen-markt.ch\/fr\/#organization","name":"Alpenmarkt","url":"https:\/\/alpen-markt.ch\/fr\/","logo":{"@type":"ImageObject","inLanguage":"fr-FR","@id":"https:\/\/alpen-markt.ch\/fr\/#\/schema\/logo\/image\/","url":"https:\/\/alpen-markt.ch\/wp-content\/uploads\/2025\/11\/logo-alpenmarkt.png","contentUrl":"https:\/\/alpen-markt.ch\/wp-content\/uploads\/2025\/11\/logo-alpenmarkt.png","width":1048,"height":452,"caption":"Alpenmarkt"},"image":{"@id":"https:\/\/alpen-markt.ch\/fr\/#\/schema\/logo\/image\/"}}]}},"_links":{"self":[{"href":"https:\/\/alpen-markt.ch\/fr\/wp-json\/wp\/v2\/product\/3393","targetHints":{"allow":["GET"]}}],"collection":[{"href":"https:\/\/alpen-markt.ch\/fr\/wp-json\/wp\/v2\/product"}],"about":[{"href":"https:\/\/alpen-markt.ch\/fr\/wp-json\/wp\/v2\/types\/product"}],"wp:featuredmedia":[{"embeddable":true,"href":"https:\/\/alpen-markt.ch\/fr\/wp-json\/wp\/v2\/media\/3394"}],"wp:attachment":[{"href":"https:\/\/alpen-markt.ch\/fr\/wp-json\/wp\/v2\/media?parent=3393"}],"wp:term":[{"taxonomy":"product_brand","embeddable":true,"href":"https:\/\/alpen-markt.ch\/fr\/wp-json\/wp\/v2\/product_brand?post=3393"},{"taxonomy":"product_cat","embeddable":true,"href":"https:\/\/alpen-markt.ch\/fr\/wp-json\/wp\/v2\/product_cat?post=3393"},{"taxonomy":"product_tag","embeddable":true,"href":"https:\/\/alpen-markt.ch\/fr\/wp-json\/wp\/v2\/product_tag?post=3393"}],"curies":[{"name":"wp","href":"https:\/\/api.w.org\/{rel}","templated":true}]}}