{"id":3380,"date":"2025-11-25T16:50:24","date_gmt":"2025-11-25T15:50:24","guid":{"rendered":"https:\/\/alpen-markt.ch\/produkt\/naturmel-creme-deodorante-neutre-noix-de-coco\/"},"modified":"2025-11-25T16:50:24","modified_gmt":"2025-11-25T15:50:24","slug":"naturmel-creme-deodorante-neutre-noix-de-coco","status":"publish","type":"product","link":"https:\/\/alpen-markt.ch\/fr\/produkt\/naturmel-creme-deodorante-neutre-noix-de-coco\/","title":{"rendered":"NaturMel &#8211; Cr\u00e8me d\u00e9odorante neutre (noix de coco)"},"content":{"rendered":"<p>Les avantages des d\u00e9odorants solides :<br \/>\nLes d\u00e9odorants solides NaturMel ne contiennent ni sels d&rsquo;aluminium ni alcool. Ils sont conditionn\u00e9s dans des r\u00e9cipients en verre r\u00e9utilisables. <\/p>\n<p>Conseils d&rsquo;utilisation :<br \/>\nAvec les doigts mouill\u00e9s, appliquez une petite quantit\u00e9 de d\u00e9odorant directement sur les aisselles. Une fine couche est plus efficace qu&rsquo;une couche \u00e9paisse. <\/p>\n<p>Recommandations pr\u00e9alables :<br \/>\nCertaines personnes peuvent pr\u00e9senter une intol\u00e9rance au bicarbonate de soude. En cas d&rsquo;irritation, cessez l&rsquo;utilisation du produit et optez pour la gamme \u00ab sans bicarbonate de soude \u00bb. En cas d&rsquo;intol\u00e9rance, les produits ne peuvent \u00eatre ni repris ni \u00e9chang\u00e9s.  <\/p>\n<p>Malgr\u00e9 les stricts contr\u00f4les de nos produits il existe une r\u00e9action ind\u00e9sirable \u00e0 certains ingr\u00e9dients toujours possible.<\/p>\n<p>Il est donc recommand\u00e9 d&rsquo;effectuer un test de tol\u00e9rance cutan\u00e9e. Appliquez une petite quantit\u00e9 du produit \u00e0 l&rsquo;int\u00e9rieur du coude. Si aucune r\u00e9action (irritation, d\u00e9mangeaison, pustules ou autres) n&rsquo;appara\u00eet dans les 24 heures, le produit peut \u00eatre utilis\u00e9 sans crainte.  <\/p>\n<p>Composition :<br \/>\nHuile v\u00e9g\u00e9tale de coco, bicarbonate de soude, amidon de ma\u00efs, cire d&rsquo;abeille, vitamine E, huile de tournesol.<\/p>\n<p>INCI :<br \/>\nHuile de Cocos nucifera*, bicarbonate de sodium, amidon de Zea mays*, Cera alba*, tocoph\u00e9rol*, huile de graines d&rsquo;Helianthus annuus*.<br \/>\n*Ingr\u00e9dients issus de l&rsquo;agriculture biologique.<br \/>\n(Liste non exhaustive, la liste officielle des ingr\u00e9dients se trouve sur l&#8217;emballage).<\/p>\n<p>Les ingr\u00e9dients :<br \/>\nLe bicarbonate de soude combat les bact\u00e9ries responsables du d\u00e9veloppement des odeurs.<br \/>\nL&rsquo;amidon de ma\u00efs absorbe non seulement la transpiration, mais emp\u00eache \u00e9galement l&rsquo;effet \u00ab gras \u00bb d\u00fb aux huiles v\u00e9g\u00e9tales.<br \/>\nL&rsquo;huile v\u00e9g\u00e9tale de coco est riche en acide laurique, connu pour son affinit\u00e9 particuli\u00e8re avec la peau, mais aussi pour ses propri\u00e9t\u00e9s antimicrobiennes.<br \/>\nAssoci\u00e9e \u00e0 la cire d&rsquo;abeille, elle vous garantit un produit \u00e0 la texture parfaite, qui reste stable pendant longtemps.<\/p>\n<p>Fabriqu\u00e9 \u00e0 la main en Suisse, chaque pi\u00e8ce est unique !<\/p>\n","protected":false},"excerpt":{"rendered":"<p>Les avantages des d\u00e9odorants solides : Les d\u00e9odorants solides NaturMel ne contiennent ni sels d&rsquo;aluminium ni alcool. Ils sont conditionn\u00e9s dans des r\u00e9cipients en verre r\u00e9utilisables. Conseils d&rsquo;utilisation : Avec les doigts mouill\u00e9s, appliquez une petite quantit\u00e9 de d\u00e9odorant directement sur les aisselles. Une fine couche est plus efficace qu&rsquo;une couche \u00e9paisse. Recommandations pr\u00e9alables : [&hellip;]<\/p>\n","protected":false},"featured_media":3381,"template":"","meta":[],"product_brand":[],"product_cat":[78],"product_tag":[],"class_list":{"0":"post-3380","1":"product","2":"type-product","3":"status-publish","4":"has-post-thumbnail","6":"product_cat-fraicheur-des-montagnes-cosmetiques-alpines","8":"first","9":"instock","10":"taxable","11":"shipping-taxable","12":"purchasable","13":"product-type-simple"},"yoast_head":"<!-- This site is optimized with the Yoast SEO plugin v27.4 - https:\/\/yoast.com\/product\/yoast-seo-wordpress\/ -->\n<title>NaturMel - Cr\u00e8me d\u00e9odorante neutre (noix de coco) - Alpenmarkt<\/title>\n<meta name=\"robots\" content=\"index, follow, max-snippet:-1, max-image-preview:large, max-video-preview:-1\" \/>\n<link rel=\"canonical\" href=\"https:\/\/alpen-markt.ch\/fr\/produkt\/naturmel-creme-deodorante-neutre-noix-de-coco\/\" \/>\n<meta property=\"og:locale\" content=\"fr_FR\" \/>\n<meta property=\"og:type\" content=\"article\" \/>\n<meta property=\"og:title\" content=\"NaturMel - Cr\u00e8me d\u00e9odorante neutre (noix de coco) - Alpenmarkt\" \/>\n<meta property=\"og:description\" content=\"Les avantages des d\u00e9odorants solides : Les d\u00e9odorants solides NaturMel ne contiennent ni sels d&rsquo;aluminium ni alcool. Ils sont conditionn\u00e9s dans des r\u00e9cipients en verre r\u00e9utilisables. Conseils d&rsquo;utilisation : Avec les doigts mouill\u00e9s, appliquez une petite quantit\u00e9 de d\u00e9odorant directement sur les aisselles. Une fine couche est plus efficace qu&rsquo;une couche \u00e9paisse. Recommandations pr\u00e9alables : [&hellip;]\" \/>\n<meta property=\"og:url\" content=\"https:\/\/alpen-markt.ch\/fr\/produkt\/naturmel-creme-deodorante-neutre-noix-de-coco\/\" \/>\n<meta property=\"og:site_name\" content=\"Alpenmarkt\" \/>\n<meta property=\"og:image\" content=\"https:\/\/alpen-markt.ch\/wp-content\/uploads\/2025\/11\/ecd622f6-002f-4153-b8c8-ef177cc39495.png\" \/>\n\t<meta property=\"og:image:width\" content=\"500\" \/>\n\t<meta property=\"og:image:height\" content=\"500\" \/>\n\t<meta property=\"og:image:type\" content=\"image\/png\" \/>\n<meta name=\"twitter:card\" content=\"summary_large_image\" \/>\n<meta name=\"twitter:label1\" content=\"Dur\u00e9e de lecture estim\u00e9e\" \/>\n\t<meta name=\"twitter:data1\" content=\"2 minutes\" \/>\n<script type=\"application\/ld+json\" class=\"yoast-schema-graph\">{\"@context\":\"https:\\\/\\\/schema.org\",\"@graph\":[{\"@type\":\"WebPage\",\"@id\":\"https:\\\/\\\/alpen-markt.ch\\\/fr\\\/produkt\\\/naturmel-creme-deodorante-neutre-noix-de-coco\\\/\",\"url\":\"https:\\\/\\\/alpen-markt.ch\\\/fr\\\/produkt\\\/naturmel-creme-deodorante-neutre-noix-de-coco\\\/\",\"name\":\"NaturMel - Cr\u00e8me d\u00e9odorante neutre (noix de coco) - Alpenmarkt\",\"isPartOf\":{\"@id\":\"https:\\\/\\\/alpen-markt.ch\\\/fr\\\/#website\"},\"primaryImageOfPage\":{\"@id\":\"https:\\\/\\\/alpen-markt.ch\\\/fr\\\/produkt\\\/naturmel-creme-deodorante-neutre-noix-de-coco\\\/#primaryimage\"},\"image\":{\"@id\":\"https:\\\/\\\/alpen-markt.ch\\\/fr\\\/produkt\\\/naturmel-creme-deodorante-neutre-noix-de-coco\\\/#primaryimage\"},\"thumbnailUrl\":\"https:\\\/\\\/alpen-markt.ch\\\/wp-content\\\/uploads\\\/2025\\\/11\\\/ecd622f6-002f-4153-b8c8-ef177cc39495.png\",\"datePublished\":\"2025-11-25T15:50:24+00:00\",\"breadcrumb\":{\"@id\":\"https:\\\/\\\/alpen-markt.ch\\\/fr\\\/produkt\\\/naturmel-creme-deodorante-neutre-noix-de-coco\\\/#breadcrumb\"},\"inLanguage\":\"fr-FR\",\"potentialAction\":[{\"@type\":\"ReadAction\",\"target\":[\"https:\\\/\\\/alpen-markt.ch\\\/fr\\\/produkt\\\/naturmel-creme-deodorante-neutre-noix-de-coco\\\/\"]}]},{\"@type\":\"ImageObject\",\"inLanguage\":\"fr-FR\",\"@id\":\"https:\\\/\\\/alpen-markt.ch\\\/fr\\\/produkt\\\/naturmel-creme-deodorante-neutre-noix-de-coco\\\/#primaryimage\",\"url\":\"https:\\\/\\\/alpen-markt.ch\\\/wp-content\\\/uploads\\\/2025\\\/11\\\/ecd622f6-002f-4153-b8c8-ef177cc39495.png\",\"contentUrl\":\"https:\\\/\\\/alpen-markt.ch\\\/wp-content\\\/uploads\\\/2025\\\/11\\\/ecd622f6-002f-4153-b8c8-ef177cc39495.png\",\"width\":500,\"height\":500},{\"@type\":\"BreadcrumbList\",\"@id\":\"https:\\\/\\\/alpen-markt.ch\\\/fr\\\/produkt\\\/naturmel-creme-deodorante-neutre-noix-de-coco\\\/#breadcrumb\",\"itemListElement\":[{\"@type\":\"ListItem\",\"position\":1,\"name\":\"Startseite\",\"item\":\"https:\\\/\\\/alpen-markt.ch\\\/fr\\\/home\\\/\"},{\"@type\":\"ListItem\",\"position\":2,\"name\":\"Boutique en ligne\",\"item\":\"https:\\\/\\\/alpen-markt.ch\\\/fr\\\/boutique-en-ligne\\\/\"},{\"@type\":\"ListItem\",\"position\":3,\"name\":\"NaturMel &#8211; Cr\u00e8me d\u00e9odorante neutre (noix de coco)\"}]},{\"@type\":\"WebSite\",\"@id\":\"https:\\\/\\\/alpen-markt.ch\\\/fr\\\/#website\",\"url\":\"https:\\\/\\\/alpen-markt.ch\\\/fr\\\/\",\"name\":\"Alpenmarkt\",\"description\":\"\",\"publisher\":{\"@id\":\"https:\\\/\\\/alpen-markt.ch\\\/fr\\\/#organization\"},\"potentialAction\":[{\"@type\":\"SearchAction\",\"target\":{\"@type\":\"EntryPoint\",\"urlTemplate\":\"https:\\\/\\\/alpen-markt.ch\\\/fr\\\/?s={search_term_string}\"},\"query-input\":{\"@type\":\"PropertyValueSpecification\",\"valueRequired\":true,\"valueName\":\"search_term_string\"}}],\"inLanguage\":\"fr-FR\"},{\"@type\":\"Organization\",\"@id\":\"https:\\\/\\\/alpen-markt.ch\\\/fr\\\/#organization\",\"name\":\"Alpenmarkt\",\"url\":\"https:\\\/\\\/alpen-markt.ch\\\/fr\\\/\",\"logo\":{\"@type\":\"ImageObject\",\"inLanguage\":\"fr-FR\",\"@id\":\"https:\\\/\\\/alpen-markt.ch\\\/fr\\\/#\\\/schema\\\/logo\\\/image\\\/\",\"url\":\"https:\\\/\\\/alpen-markt.ch\\\/wp-content\\\/uploads\\\/2025\\\/11\\\/logo-alpenmarkt.png\",\"contentUrl\":\"https:\\\/\\\/alpen-markt.ch\\\/wp-content\\\/uploads\\\/2025\\\/11\\\/logo-alpenmarkt.png\",\"width\":1048,\"height\":452,\"caption\":\"Alpenmarkt\"},\"image\":{\"@id\":\"https:\\\/\\\/alpen-markt.ch\\\/fr\\\/#\\\/schema\\\/logo\\\/image\\\/\"}}]}<\/script>\n<!-- \/ Yoast SEO plugin. -->","yoast_head_json":{"title":"NaturMel - Cr\u00e8me d\u00e9odorante neutre (noix de coco) - Alpenmarkt","robots":{"index":"index","follow":"follow","max-snippet":"max-snippet:-1","max-image-preview":"max-image-preview:large","max-video-preview":"max-video-preview:-1"},"canonical":"https:\/\/alpen-markt.ch\/fr\/produkt\/naturmel-creme-deodorante-neutre-noix-de-coco\/","og_locale":"fr_FR","og_type":"article","og_title":"NaturMel - Cr\u00e8me d\u00e9odorante neutre (noix de coco) - Alpenmarkt","og_description":"Les avantages des d\u00e9odorants solides : Les d\u00e9odorants solides NaturMel ne contiennent ni sels d&rsquo;aluminium ni alcool. Ils sont conditionn\u00e9s dans des r\u00e9cipients en verre r\u00e9utilisables. Conseils d&rsquo;utilisation : Avec les doigts mouill\u00e9s, appliquez une petite quantit\u00e9 de d\u00e9odorant directement sur les aisselles. Une fine couche est plus efficace qu&rsquo;une couche \u00e9paisse. Recommandations pr\u00e9alables : [&hellip;]","og_url":"https:\/\/alpen-markt.ch\/fr\/produkt\/naturmel-creme-deodorante-neutre-noix-de-coco\/","og_site_name":"Alpenmarkt","og_image":[{"width":500,"height":500,"url":"https:\/\/alpen-markt.ch\/wp-content\/uploads\/2025\/11\/ecd622f6-002f-4153-b8c8-ef177cc39495.png","type":"image\/png"}],"twitter_card":"summary_large_image","twitter_misc":{"Dur\u00e9e de lecture estim\u00e9e":"2 minutes"},"schema":{"@context":"https:\/\/schema.org","@graph":[{"@type":"WebPage","@id":"https:\/\/alpen-markt.ch\/fr\/produkt\/naturmel-creme-deodorante-neutre-noix-de-coco\/","url":"https:\/\/alpen-markt.ch\/fr\/produkt\/naturmel-creme-deodorante-neutre-noix-de-coco\/","name":"NaturMel - Cr\u00e8me d\u00e9odorante neutre (noix de coco) - Alpenmarkt","isPartOf":{"@id":"https:\/\/alpen-markt.ch\/fr\/#website"},"primaryImageOfPage":{"@id":"https:\/\/alpen-markt.ch\/fr\/produkt\/naturmel-creme-deodorante-neutre-noix-de-coco\/#primaryimage"},"image":{"@id":"https:\/\/alpen-markt.ch\/fr\/produkt\/naturmel-creme-deodorante-neutre-noix-de-coco\/#primaryimage"},"thumbnailUrl":"https:\/\/alpen-markt.ch\/wp-content\/uploads\/2025\/11\/ecd622f6-002f-4153-b8c8-ef177cc39495.png","datePublished":"2025-11-25T15:50:24+00:00","breadcrumb":{"@id":"https:\/\/alpen-markt.ch\/fr\/produkt\/naturmel-creme-deodorante-neutre-noix-de-coco\/#breadcrumb"},"inLanguage":"fr-FR","potentialAction":[{"@type":"ReadAction","target":["https:\/\/alpen-markt.ch\/fr\/produkt\/naturmel-creme-deodorante-neutre-noix-de-coco\/"]}]},{"@type":"ImageObject","inLanguage":"fr-FR","@id":"https:\/\/alpen-markt.ch\/fr\/produkt\/naturmel-creme-deodorante-neutre-noix-de-coco\/#primaryimage","url":"https:\/\/alpen-markt.ch\/wp-content\/uploads\/2025\/11\/ecd622f6-002f-4153-b8c8-ef177cc39495.png","contentUrl":"https:\/\/alpen-markt.ch\/wp-content\/uploads\/2025\/11\/ecd622f6-002f-4153-b8c8-ef177cc39495.png","width":500,"height":500},{"@type":"BreadcrumbList","@id":"https:\/\/alpen-markt.ch\/fr\/produkt\/naturmel-creme-deodorante-neutre-noix-de-coco\/#breadcrumb","itemListElement":[{"@type":"ListItem","position":1,"name":"Startseite","item":"https:\/\/alpen-markt.ch\/fr\/home\/"},{"@type":"ListItem","position":2,"name":"Boutique en ligne","item":"https:\/\/alpen-markt.ch\/fr\/boutique-en-ligne\/"},{"@type":"ListItem","position":3,"name":"NaturMel &#8211; Cr\u00e8me d\u00e9odorante neutre (noix de coco)"}]},{"@type":"WebSite","@id":"https:\/\/alpen-markt.ch\/fr\/#website","url":"https:\/\/alpen-markt.ch\/fr\/","name":"Alpenmarkt","description":"","publisher":{"@id":"https:\/\/alpen-markt.ch\/fr\/#organization"},"potentialAction":[{"@type":"SearchAction","target":{"@type":"EntryPoint","urlTemplate":"https:\/\/alpen-markt.ch\/fr\/?s={search_term_string}"},"query-input":{"@type":"PropertyValueSpecification","valueRequired":true,"valueName":"search_term_string"}}],"inLanguage":"fr-FR"},{"@type":"Organization","@id":"https:\/\/alpen-markt.ch\/fr\/#organization","name":"Alpenmarkt","url":"https:\/\/alpen-markt.ch\/fr\/","logo":{"@type":"ImageObject","inLanguage":"fr-FR","@id":"https:\/\/alpen-markt.ch\/fr\/#\/schema\/logo\/image\/","url":"https:\/\/alpen-markt.ch\/wp-content\/uploads\/2025\/11\/logo-alpenmarkt.png","contentUrl":"https:\/\/alpen-markt.ch\/wp-content\/uploads\/2025\/11\/logo-alpenmarkt.png","width":1048,"height":452,"caption":"Alpenmarkt"},"image":{"@id":"https:\/\/alpen-markt.ch\/fr\/#\/schema\/logo\/image\/"}}]}},"_links":{"self":[{"href":"https:\/\/alpen-markt.ch\/fr\/wp-json\/wp\/v2\/product\/3380","targetHints":{"allow":["GET"]}}],"collection":[{"href":"https:\/\/alpen-markt.ch\/fr\/wp-json\/wp\/v2\/product"}],"about":[{"href":"https:\/\/alpen-markt.ch\/fr\/wp-json\/wp\/v2\/types\/product"}],"wp:featuredmedia":[{"embeddable":true,"href":"https:\/\/alpen-markt.ch\/fr\/wp-json\/wp\/v2\/media\/3381"}],"wp:attachment":[{"href":"https:\/\/alpen-markt.ch\/fr\/wp-json\/wp\/v2\/media?parent=3380"}],"wp:term":[{"taxonomy":"product_brand","embeddable":true,"href":"https:\/\/alpen-markt.ch\/fr\/wp-json\/wp\/v2\/product_brand?post=3380"},{"taxonomy":"product_cat","embeddable":true,"href":"https:\/\/alpen-markt.ch\/fr\/wp-json\/wp\/v2\/product_cat?post=3380"},{"taxonomy":"product_tag","embeddable":true,"href":"https:\/\/alpen-markt.ch\/fr\/wp-json\/wp\/v2\/product_tag?post=3380"}],"curies":[{"name":"wp","href":"https:\/\/api.w.org\/{rel}","templated":true}]}}