{"id":3363,"date":"2025-11-25T16:50:24","date_gmt":"2025-11-25T15:50:24","guid":{"rendered":"https:\/\/alpen-markt.ch\/produkt\/skali-de-khatone-kjdir-savon-au-thym-et-au-miel\/"},"modified":"2025-11-25T16:50:24","modified_gmt":"2025-11-25T15:50:24","slug":"skali-de-khatone-kjdir-savon-au-thym-et-au-miel","status":"publish","type":"product","link":"https:\/\/alpen-markt.ch\/fr\/produkt\/skali-de-khatone-kjdir-savon-au-thym-et-au-miel\/","title":{"rendered":"Skali de Khatone &#8211; Kjdir Savon au thym et au miel"},"content":{"rendered":"<p>Kjdir &#8211; Savon nettoyant solide artisanal au thym et au miel<br \/>\nOffrez \u00e0 votre peau un nettoyage en douceur avec notre savon Kjdir au thym et au miel. Notre savon Kjdir est le compagnon id\u00e9al pour un nettoyage en profondeur et en douceur de votre peau. Sa formule \u00e0 base d&rsquo;huiles v\u00e9g\u00e9tales et d&rsquo;huiles essentielles bio de thym et de miel offre un effet nettoyant naturel pour votre peau sans l&rsquo;agresser.  <\/p>\n<p>Notre savon Kjdir est fabriqu\u00e9 \u00e0 la main dans notre atelier en Suisse et est surgraiss\u00e9 \u00e0 10 % afin de nettoyer votre peau en douceur tout en pr\u00e9servant son hydratation naturelle. La fabrication artisanale par saponification \u00e0 froid pr\u00e9serve les propri\u00e9t\u00e9s naturelles des huiles v\u00e9g\u00e9tales biologiques et des huiles essentielles qui le composent. <\/p>\n<p>Notre savon Kjdir est doux pour votre peau et pour l&rsquo;environnement. Il ne contient aucun produit chimique agressif qui pourrait irriter votre peau et son emballage est compos\u00e9 de fibres de ma\u00efs compostables afin de r\u00e9duire au maximum son empreinte \u00e9cologique. <\/p>\n<p>Points cl\u00e9s :<\/p>\n<p>\ud83c\udde8\ud83c\udded Fabriqu\u00e9 \u00e0 la main en Valais\/Suisse selon une technique de saponification \u00e0 froid afin de pr\u00e9server les propri\u00e9t\u00e9s naturelles des huiles v\u00e9g\u00e9tales biologiques et des huiles essentielles qu&rsquo;il contient.<br \/>\n\ud83c\udf6f \u00c0 base d&rsquo;huiles v\u00e9g\u00e9tales biologiques et d&rsquo;huiles essentielles biologiques de thym et de miel pour un effet nettoyant naturel.<br \/>\n\u267b\ufe0f Emballage compostable en fibres de ma\u00efs pour une empreinte \u00e9cologique minimale.<br \/>\n\ud83d\udc3b Non test\u00e9 sur les animaux.<br \/>\nOffrez \u00e0 votre peau un nettoyage en douceur avec notre savon Khatone Kjdir du Sk\u00e1li. Il assure un nettoyage en profondeur qui prend soin de votre peau et de l&rsquo;environnement. <\/p>\n<p>Ce produit a \u00e9t\u00e9 test\u00e9 et certifi\u00e9 par un toxicologue (titulaire d&rsquo;un doctorat en toxicologie et \u00e9valuateur de la s\u00e9curit\u00e9 des cosm\u00e9tiques et des vaccins en Europe depuis 2000), conform\u00e9ment au r\u00e8glement 817.023.31 de d\u00e9cembre 2017, r\u00e8glement CE 1223-2009.<\/p>\n<p>Composition :<\/p>\n<p>SODIUM OLIVATE (huile d&rsquo;olive*), SODIUM COCOATE (huile de coco*), AQUA (eau), SODIUM RAPESEEDATE (huile de colza*), GLYC\u00c9RINE (naturellement pr\u00e9sente dans le savon), SODIUM SHEA BUTTERATE (beurre de karit\u00e9*), PARFUM, HUILE DE FLEUR DE THYM ZYGIS (huile de thym*), MEL (miel*), MICA (CI 77491, CI 77742, CI 77499, CI 77007, CI 77861) BENZYL BENZOATE**, BENZYL SALICYLATE**, CINNAMAL**, CITRONELLOL**, COUMARINE**, EUG\u00c9NOL**, LIMON\u00c8NE**, LINALOOL**.<\/p>\n<p>*issus de cultures biologiques contr\u00f4l\u00e9es, **parfums et potentiellement allerg\u00e8nes substances , qui se trouvent dans huiles essentielles huiles \u00e0 leur \u00e9tat naturel .<\/p>\n<p>Pr\u00e9cautions \u00e0 prendre lors de l&rsquo;utilisation :<\/p>\n<p>Si vous \u00eates allergique \u00e0 l&rsquo;un de ces composants, vous ne devez pas utiliser ce savon.<\/p>\n<p>Ne convient pas aux femmes enceintes et aux enfants de moins de 6 ans, contient des huiles essentielles.<\/p>\n<p>Poids : 95 g avant s\u00e9chage, emballage 100 % biod\u00e9gradable.<\/p>\n","protected":false},"excerpt":{"rendered":"<p>Kjdir &#8211; Savon nettoyant solide artisanal au thym et au miel Offrez \u00e0 votre peau un nettoyage en douceur avec notre savon Kjdir au thym et au miel. Notre savon Kjdir est le compagnon id\u00e9al pour un nettoyage en profondeur et en douceur de votre peau. Sa formule \u00e0 base d&rsquo;huiles v\u00e9g\u00e9tales et d&rsquo;huiles essentielles [&hellip;]<\/p>\n","protected":false},"featured_media":3364,"template":"","meta":[],"product_brand":[],"product_cat":[78],"product_tag":[],"class_list":{"0":"post-3363","1":"product","2":"type-product","3":"status-publish","4":"has-post-thumbnail","6":"product_cat-fraicheur-des-montagnes-cosmetiques-alpines","8":"first","9":"instock","10":"taxable","11":"shipping-taxable","12":"purchasable","13":"product-type-simple"},"yoast_head":"<!-- This site is optimized with the Yoast SEO plugin v27.4 - https:\/\/yoast.com\/product\/yoast-seo-wordpress\/ -->\n<title>Skali de Khatone - Kjdir Savon au thym et au miel - Alpenmarkt<\/title>\n<meta name=\"robots\" content=\"index, follow, max-snippet:-1, max-image-preview:large, max-video-preview:-1\" \/>\n<link rel=\"canonical\" href=\"https:\/\/alpen-markt.ch\/fr\/produkt\/skali-de-khatone-kjdir-savon-au-thym-et-au-miel\/\" \/>\n<meta property=\"og:locale\" content=\"fr_FR\" \/>\n<meta property=\"og:type\" content=\"article\" \/>\n<meta property=\"og:title\" content=\"Skali de Khatone - Kjdir Savon au thym et au miel - Alpenmarkt\" \/>\n<meta property=\"og:description\" content=\"Kjdir &#8211; Savon nettoyant solide artisanal au thym et au miel Offrez \u00e0 votre peau un nettoyage en douceur avec notre savon Kjdir au thym et au miel. Notre savon Kjdir est le compagnon id\u00e9al pour un nettoyage en profondeur et en douceur de votre peau. Sa formule \u00e0 base d&rsquo;huiles v\u00e9g\u00e9tales et d&rsquo;huiles essentielles [&hellip;]\" \/>\n<meta property=\"og:url\" content=\"https:\/\/alpen-markt.ch\/fr\/produkt\/skali-de-khatone-kjdir-savon-au-thym-et-au-miel\/\" \/>\n<meta property=\"og:site_name\" content=\"Alpenmarkt\" \/>\n<meta property=\"og:image\" content=\"https:\/\/alpen-markt.ch\/wp-content\/uploads\/2025\/11\/b468b2fc-1ffa-432a-9cbc-4990e3e530ed.png\" \/>\n\t<meta property=\"og:image:width\" content=\"500\" \/>\n\t<meta property=\"og:image:height\" content=\"500\" \/>\n\t<meta property=\"og:image:type\" content=\"image\/png\" \/>\n<meta name=\"twitter:card\" content=\"summary_large_image\" \/>\n<meta name=\"twitter:label1\" content=\"Dur\u00e9e de lecture estim\u00e9e\" \/>\n\t<meta name=\"twitter:data1\" content=\"2 minutes\" \/>\n<script type=\"application\/ld+json\" class=\"yoast-schema-graph\">{\"@context\":\"https:\\\/\\\/schema.org\",\"@graph\":[{\"@type\":\"WebPage\",\"@id\":\"https:\\\/\\\/alpen-markt.ch\\\/fr\\\/produkt\\\/skali-de-khatone-kjdir-savon-au-thym-et-au-miel\\\/\",\"url\":\"https:\\\/\\\/alpen-markt.ch\\\/fr\\\/produkt\\\/skali-de-khatone-kjdir-savon-au-thym-et-au-miel\\\/\",\"name\":\"Skali de Khatone - Kjdir Savon au thym et au miel - Alpenmarkt\",\"isPartOf\":{\"@id\":\"https:\\\/\\\/alpen-markt.ch\\\/fr\\\/#website\"},\"primaryImageOfPage\":{\"@id\":\"https:\\\/\\\/alpen-markt.ch\\\/fr\\\/produkt\\\/skali-de-khatone-kjdir-savon-au-thym-et-au-miel\\\/#primaryimage\"},\"image\":{\"@id\":\"https:\\\/\\\/alpen-markt.ch\\\/fr\\\/produkt\\\/skali-de-khatone-kjdir-savon-au-thym-et-au-miel\\\/#primaryimage\"},\"thumbnailUrl\":\"https:\\\/\\\/alpen-markt.ch\\\/wp-content\\\/uploads\\\/2025\\\/11\\\/b468b2fc-1ffa-432a-9cbc-4990e3e530ed.png\",\"datePublished\":\"2025-11-25T15:50:24+00:00\",\"breadcrumb\":{\"@id\":\"https:\\\/\\\/alpen-markt.ch\\\/fr\\\/produkt\\\/skali-de-khatone-kjdir-savon-au-thym-et-au-miel\\\/#breadcrumb\"},\"inLanguage\":\"fr-FR\",\"potentialAction\":[{\"@type\":\"ReadAction\",\"target\":[\"https:\\\/\\\/alpen-markt.ch\\\/fr\\\/produkt\\\/skali-de-khatone-kjdir-savon-au-thym-et-au-miel\\\/\"]}]},{\"@type\":\"ImageObject\",\"inLanguage\":\"fr-FR\",\"@id\":\"https:\\\/\\\/alpen-markt.ch\\\/fr\\\/produkt\\\/skali-de-khatone-kjdir-savon-au-thym-et-au-miel\\\/#primaryimage\",\"url\":\"https:\\\/\\\/alpen-markt.ch\\\/wp-content\\\/uploads\\\/2025\\\/11\\\/b468b2fc-1ffa-432a-9cbc-4990e3e530ed.png\",\"contentUrl\":\"https:\\\/\\\/alpen-markt.ch\\\/wp-content\\\/uploads\\\/2025\\\/11\\\/b468b2fc-1ffa-432a-9cbc-4990e3e530ed.png\",\"width\":500,\"height\":500},{\"@type\":\"BreadcrumbList\",\"@id\":\"https:\\\/\\\/alpen-markt.ch\\\/fr\\\/produkt\\\/skali-de-khatone-kjdir-savon-au-thym-et-au-miel\\\/#breadcrumb\",\"itemListElement\":[{\"@type\":\"ListItem\",\"position\":1,\"name\":\"Startseite\",\"item\":\"https:\\\/\\\/alpen-markt.ch\\\/fr\\\/home\\\/\"},{\"@type\":\"ListItem\",\"position\":2,\"name\":\"Boutique en ligne\",\"item\":\"https:\\\/\\\/alpen-markt.ch\\\/fr\\\/boutique-en-ligne\\\/\"},{\"@type\":\"ListItem\",\"position\":3,\"name\":\"Skali de Khatone &#8211; Kjdir Savon au thym et au miel\"}]},{\"@type\":\"WebSite\",\"@id\":\"https:\\\/\\\/alpen-markt.ch\\\/fr\\\/#website\",\"url\":\"https:\\\/\\\/alpen-markt.ch\\\/fr\\\/\",\"name\":\"Alpenmarkt\",\"description\":\"\",\"publisher\":{\"@id\":\"https:\\\/\\\/alpen-markt.ch\\\/fr\\\/#organization\"},\"potentialAction\":[{\"@type\":\"SearchAction\",\"target\":{\"@type\":\"EntryPoint\",\"urlTemplate\":\"https:\\\/\\\/alpen-markt.ch\\\/fr\\\/?s={search_term_string}\"},\"query-input\":{\"@type\":\"PropertyValueSpecification\",\"valueRequired\":true,\"valueName\":\"search_term_string\"}}],\"inLanguage\":\"fr-FR\"},{\"@type\":\"Organization\",\"@id\":\"https:\\\/\\\/alpen-markt.ch\\\/fr\\\/#organization\",\"name\":\"Alpenmarkt\",\"url\":\"https:\\\/\\\/alpen-markt.ch\\\/fr\\\/\",\"logo\":{\"@type\":\"ImageObject\",\"inLanguage\":\"fr-FR\",\"@id\":\"https:\\\/\\\/alpen-markt.ch\\\/fr\\\/#\\\/schema\\\/logo\\\/image\\\/\",\"url\":\"https:\\\/\\\/alpen-markt.ch\\\/wp-content\\\/uploads\\\/2025\\\/11\\\/logo-alpenmarkt.png\",\"contentUrl\":\"https:\\\/\\\/alpen-markt.ch\\\/wp-content\\\/uploads\\\/2025\\\/11\\\/logo-alpenmarkt.png\",\"width\":1048,\"height\":452,\"caption\":\"Alpenmarkt\"},\"image\":{\"@id\":\"https:\\\/\\\/alpen-markt.ch\\\/fr\\\/#\\\/schema\\\/logo\\\/image\\\/\"}}]}<\/script>\n<!-- \/ Yoast SEO plugin. -->","yoast_head_json":{"title":"Skali de Khatone - Kjdir Savon au thym et au miel - Alpenmarkt","robots":{"index":"index","follow":"follow","max-snippet":"max-snippet:-1","max-image-preview":"max-image-preview:large","max-video-preview":"max-video-preview:-1"},"canonical":"https:\/\/alpen-markt.ch\/fr\/produkt\/skali-de-khatone-kjdir-savon-au-thym-et-au-miel\/","og_locale":"fr_FR","og_type":"article","og_title":"Skali de Khatone - Kjdir Savon au thym et au miel - Alpenmarkt","og_description":"Kjdir &#8211; Savon nettoyant solide artisanal au thym et au miel Offrez \u00e0 votre peau un nettoyage en douceur avec notre savon Kjdir au thym et au miel. Notre savon Kjdir est le compagnon id\u00e9al pour un nettoyage en profondeur et en douceur de votre peau. Sa formule \u00e0 base d&rsquo;huiles v\u00e9g\u00e9tales et d&rsquo;huiles essentielles [&hellip;]","og_url":"https:\/\/alpen-markt.ch\/fr\/produkt\/skali-de-khatone-kjdir-savon-au-thym-et-au-miel\/","og_site_name":"Alpenmarkt","og_image":[{"width":500,"height":500,"url":"https:\/\/alpen-markt.ch\/wp-content\/uploads\/2025\/11\/b468b2fc-1ffa-432a-9cbc-4990e3e530ed.png","type":"image\/png"}],"twitter_card":"summary_large_image","twitter_misc":{"Dur\u00e9e de lecture estim\u00e9e":"2 minutes"},"schema":{"@context":"https:\/\/schema.org","@graph":[{"@type":"WebPage","@id":"https:\/\/alpen-markt.ch\/fr\/produkt\/skali-de-khatone-kjdir-savon-au-thym-et-au-miel\/","url":"https:\/\/alpen-markt.ch\/fr\/produkt\/skali-de-khatone-kjdir-savon-au-thym-et-au-miel\/","name":"Skali de Khatone - Kjdir Savon au thym et au miel - Alpenmarkt","isPartOf":{"@id":"https:\/\/alpen-markt.ch\/fr\/#website"},"primaryImageOfPage":{"@id":"https:\/\/alpen-markt.ch\/fr\/produkt\/skali-de-khatone-kjdir-savon-au-thym-et-au-miel\/#primaryimage"},"image":{"@id":"https:\/\/alpen-markt.ch\/fr\/produkt\/skali-de-khatone-kjdir-savon-au-thym-et-au-miel\/#primaryimage"},"thumbnailUrl":"https:\/\/alpen-markt.ch\/wp-content\/uploads\/2025\/11\/b468b2fc-1ffa-432a-9cbc-4990e3e530ed.png","datePublished":"2025-11-25T15:50:24+00:00","breadcrumb":{"@id":"https:\/\/alpen-markt.ch\/fr\/produkt\/skali-de-khatone-kjdir-savon-au-thym-et-au-miel\/#breadcrumb"},"inLanguage":"fr-FR","potentialAction":[{"@type":"ReadAction","target":["https:\/\/alpen-markt.ch\/fr\/produkt\/skali-de-khatone-kjdir-savon-au-thym-et-au-miel\/"]}]},{"@type":"ImageObject","inLanguage":"fr-FR","@id":"https:\/\/alpen-markt.ch\/fr\/produkt\/skali-de-khatone-kjdir-savon-au-thym-et-au-miel\/#primaryimage","url":"https:\/\/alpen-markt.ch\/wp-content\/uploads\/2025\/11\/b468b2fc-1ffa-432a-9cbc-4990e3e530ed.png","contentUrl":"https:\/\/alpen-markt.ch\/wp-content\/uploads\/2025\/11\/b468b2fc-1ffa-432a-9cbc-4990e3e530ed.png","width":500,"height":500},{"@type":"BreadcrumbList","@id":"https:\/\/alpen-markt.ch\/fr\/produkt\/skali-de-khatone-kjdir-savon-au-thym-et-au-miel\/#breadcrumb","itemListElement":[{"@type":"ListItem","position":1,"name":"Startseite","item":"https:\/\/alpen-markt.ch\/fr\/home\/"},{"@type":"ListItem","position":2,"name":"Boutique en ligne","item":"https:\/\/alpen-markt.ch\/fr\/boutique-en-ligne\/"},{"@type":"ListItem","position":3,"name":"Skali de Khatone &#8211; Kjdir Savon au thym et au miel"}]},{"@type":"WebSite","@id":"https:\/\/alpen-markt.ch\/fr\/#website","url":"https:\/\/alpen-markt.ch\/fr\/","name":"Alpenmarkt","description":"","publisher":{"@id":"https:\/\/alpen-markt.ch\/fr\/#organization"},"potentialAction":[{"@type":"SearchAction","target":{"@type":"EntryPoint","urlTemplate":"https:\/\/alpen-markt.ch\/fr\/?s={search_term_string}"},"query-input":{"@type":"PropertyValueSpecification","valueRequired":true,"valueName":"search_term_string"}}],"inLanguage":"fr-FR"},{"@type":"Organization","@id":"https:\/\/alpen-markt.ch\/fr\/#organization","name":"Alpenmarkt","url":"https:\/\/alpen-markt.ch\/fr\/","logo":{"@type":"ImageObject","inLanguage":"fr-FR","@id":"https:\/\/alpen-markt.ch\/fr\/#\/schema\/logo\/image\/","url":"https:\/\/alpen-markt.ch\/wp-content\/uploads\/2025\/11\/logo-alpenmarkt.png","contentUrl":"https:\/\/alpen-markt.ch\/wp-content\/uploads\/2025\/11\/logo-alpenmarkt.png","width":1048,"height":452,"caption":"Alpenmarkt"},"image":{"@id":"https:\/\/alpen-markt.ch\/fr\/#\/schema\/logo\/image\/"}}]}},"_links":{"self":[{"href":"https:\/\/alpen-markt.ch\/fr\/wp-json\/wp\/v2\/product\/3363","targetHints":{"allow":["GET"]}}],"collection":[{"href":"https:\/\/alpen-markt.ch\/fr\/wp-json\/wp\/v2\/product"}],"about":[{"href":"https:\/\/alpen-markt.ch\/fr\/wp-json\/wp\/v2\/types\/product"}],"wp:featuredmedia":[{"embeddable":true,"href":"https:\/\/alpen-markt.ch\/fr\/wp-json\/wp\/v2\/media\/3364"}],"wp:attachment":[{"href":"https:\/\/alpen-markt.ch\/fr\/wp-json\/wp\/v2\/media?parent=3363"}],"wp:term":[{"taxonomy":"product_brand","embeddable":true,"href":"https:\/\/alpen-markt.ch\/fr\/wp-json\/wp\/v2\/product_brand?post=3363"},{"taxonomy":"product_cat","embeddable":true,"href":"https:\/\/alpen-markt.ch\/fr\/wp-json\/wp\/v2\/product_cat?post=3363"},{"taxonomy":"product_tag","embeddable":true,"href":"https:\/\/alpen-markt.ch\/fr\/wp-json\/wp\/v2\/product_tag?post=3363"}],"curies":[{"name":"wp","href":"https:\/\/api.w.org\/{rel}","templated":true}]}}