{"id":3356,"date":"2025-11-25T16:50:24","date_gmt":"2025-11-25T15:50:24","guid":{"rendered":"https:\/\/alpen-markt.ch\/produkt\/skali-de-khatone-savon-au-lait-de-chevre-yggdrasil\/"},"modified":"2025-11-25T16:50:24","modified_gmt":"2025-11-25T15:50:24","slug":"skali-de-khatone-savon-au-lait-de-chevre-yggdrasil","status":"publish","type":"product","link":"https:\/\/alpen-markt.ch\/fr\/produkt\/skali-de-khatone-savon-au-lait-de-chevre-yggdrasil\/","title":{"rendered":"Skali de Khatone &#8211; Savon au lait de ch\u00e8vre Yggdrasil"},"content":{"rendered":"<p>Yggdrasil &#8211; Savon solide artisanal au lait de ch\u00e8vre et \u00e0 l&rsquo;huile essentielle de pin<br \/>\nInspir\u00e9 d&rsquo;un arbre symbolique de la mythologie nordique, notre savon solide Yggdrasil au lait de ch\u00e8vre et \u00e0 l&rsquo;huile essentielle de pin offre une exp\u00e9rience rafra\u00eechissante et nourrissante pour le visage et le corps. Fabriqu\u00e9 \u00e0 la main et surgraiss\u00e9 \u00e0 10 %, ce savon est produit en Suisse par saponification \u00e0 froid \u00e0 partir d&rsquo;huiles v\u00e9g\u00e9tales et d&rsquo;huiles essentielles issues de l&rsquo;agriculture biologique. Il garantit une peau saine et respectueuse de l&rsquo;environnement. <\/p>\n<p>Plongez dans une exp\u00e9rience nordique qui laissera votre peau fra\u00eeche et soign\u00e9e gr\u00e2ce \u00e0 notre savon solide Yggdrasil \u00e0 base de lait de ch\u00e8vre et d&rsquo;huile essentielle de pin.<\/p>\n<p>\ud83c\udf32 Parfum rafra\u00eechissant et revitalisant de pin<br \/>\n\ud83e\udd5b Lait de ch\u00e8vre nourrissant pour une peau douce et hydrat\u00e9e.<br \/>\n\ud83e\uddd6 Utilisation pour le visage et le corps<br \/>\n\ud83d\udc50 Savon artisanal et 10 % de surgraissage<br \/>\n\u267b\ufe0f Emballage compostable en fibres de ma\u00efs pour une empreinte \u00e9cologique minimale<br \/>\n\ud83c\udde8\ud83c\udded Fabrication artisanale dans le Valais\/Suisse<br \/>\n\ud83c\udf31 \u00c0 base d&rsquo;huiles v\u00e9g\u00e9tales et d&rsquo;huiles essentielles biologiques.<br \/>\n\ud83d\udc3b Non test\u00e9 sur les animaux<br \/>\nOffrez \u00e0 votre peau une exp\u00e9rience de soin revigorante et \u00e9nergisante avec notre savon solide artisanal Yggdrasil \u00e0 base de lait de ch\u00e8vre et d&rsquo;huile essentielle de pin, inspir\u00e9 de la mythologie nordique.<\/p>\n<p>&nbsp;<\/p>\n<p>Ce produit a \u00e9t\u00e9 test\u00e9 et certifi\u00e9 par un toxicologue (titulaire d&rsquo;un doctorat en toxicologie et \u00e9valuateur de la s\u00e9curit\u00e9 des cosm\u00e9tiques et des vaccins en Europe depuis 2000), conform\u00e9ment au r\u00e8glement 817.023.31 de d\u00e9cembre 2017, r\u00e8glement CE 1223-2009.<\/p>\n<p>Composition :<\/p>\n<p>Sodium Olivate (huile d&rsquo;olive*), Sodium Cocoate (huile de coco*), Aqua (eau), sodium rapeseedate (huile de colza*), glyc\u00e9rine (d&rsquo;origine naturelle), lait de ch\u00e8vre, sodium shea butterate (beurre de karit\u00e9*), huile de pin sylvestre , mica (CI77007), limon\u00e8ne**.<\/p>\n<p>*Issu de l&rsquo;agriculture biologique contr\u00f4l\u00e9e, **Naturellement pr\u00e9sent dans les huiles essentielles et potentiellement allerg\u00e8ne.<\/p>\n<p>Pr\u00e9cautions \u00e0 prendre lors de l&rsquo;utilisation :<\/p>\n<p>Si vous \u00eates allergique \u00e0 l&rsquo;un de ces composants, vous ne devez pas utiliser ce savon.<\/p>\n<p>Ne convient pas aux femmes enceintes et aux enfants de moins de 6 ans, contient des huiles essentielles.<\/p>\n<p>Poids : 95 g avant s\u00e9chage, emballage 100 % biod\u00e9gradable.<\/p>\n","protected":false},"excerpt":{"rendered":"<p>Yggdrasil &#8211; Savon solide artisanal au lait de ch\u00e8vre et \u00e0 l&rsquo;huile essentielle de pin Inspir\u00e9 d&rsquo;un arbre symbolique de la mythologie nordique, notre savon solide Yggdrasil au lait de ch\u00e8vre et \u00e0 l&rsquo;huile essentielle de pin offre une exp\u00e9rience rafra\u00eechissante et nourrissante pour le visage et le corps. Fabriqu\u00e9 \u00e0 la main et surgraiss\u00e9 [&hellip;]<\/p>\n","protected":false},"featured_media":3357,"template":"","meta":[],"product_brand":[],"product_cat":[78],"product_tag":[],"class_list":{"0":"post-3356","1":"product","2":"type-product","3":"status-publish","4":"has-post-thumbnail","6":"product_cat-fraicheur-des-montagnes-cosmetiques-alpines","8":"first","9":"instock","10":"taxable","11":"shipping-taxable","12":"purchasable","13":"product-type-simple"},"yoast_head":"<!-- This site is optimized with the Yoast SEO plugin v27.4 - https:\/\/yoast.com\/product\/yoast-seo-wordpress\/ -->\n<title>Skali de Khatone - Savon au lait de ch\u00e8vre Yggdrasil - Alpenmarkt<\/title>\n<meta name=\"robots\" content=\"index, follow, max-snippet:-1, max-image-preview:large, max-video-preview:-1\" \/>\n<link rel=\"canonical\" href=\"https:\/\/alpen-markt.ch\/fr\/produkt\/skali-de-khatone-savon-au-lait-de-chevre-yggdrasil\/\" \/>\n<meta property=\"og:locale\" content=\"fr_FR\" \/>\n<meta property=\"og:type\" content=\"article\" \/>\n<meta property=\"og:title\" content=\"Skali de Khatone - Savon au lait de ch\u00e8vre Yggdrasil - Alpenmarkt\" \/>\n<meta property=\"og:description\" content=\"Yggdrasil &#8211; Savon solide artisanal au lait de ch\u00e8vre et \u00e0 l&rsquo;huile essentielle de pin Inspir\u00e9 d&rsquo;un arbre symbolique de la mythologie nordique, notre savon solide Yggdrasil au lait de ch\u00e8vre et \u00e0 l&rsquo;huile essentielle de pin offre une exp\u00e9rience rafra\u00eechissante et nourrissante pour le visage et le corps. Fabriqu\u00e9 \u00e0 la main et surgraiss\u00e9 [&hellip;]\" \/>\n<meta property=\"og:url\" content=\"https:\/\/alpen-markt.ch\/fr\/produkt\/skali-de-khatone-savon-au-lait-de-chevre-yggdrasil\/\" \/>\n<meta property=\"og:site_name\" content=\"Alpenmarkt\" \/>\n<meta property=\"og:image\" content=\"https:\/\/alpen-markt.ch\/wp-content\/uploads\/2025\/11\/d095f9d6-10fc-41eb-a435-90f9563f8267.png\" \/>\n\t<meta property=\"og:image:width\" content=\"500\" \/>\n\t<meta property=\"og:image:height\" content=\"500\" \/>\n\t<meta property=\"og:image:type\" content=\"image\/png\" \/>\n<meta name=\"twitter:card\" content=\"summary_large_image\" \/>\n<meta name=\"twitter:label1\" content=\"Dur\u00e9e de lecture estim\u00e9e\" \/>\n\t<meta name=\"twitter:data1\" content=\"2 minutes\" \/>\n<script type=\"application\/ld+json\" class=\"yoast-schema-graph\">{\"@context\":\"https:\\\/\\\/schema.org\",\"@graph\":[{\"@type\":\"WebPage\",\"@id\":\"https:\\\/\\\/alpen-markt.ch\\\/fr\\\/produkt\\\/skali-de-khatone-savon-au-lait-de-chevre-yggdrasil\\\/\",\"url\":\"https:\\\/\\\/alpen-markt.ch\\\/fr\\\/produkt\\\/skali-de-khatone-savon-au-lait-de-chevre-yggdrasil\\\/\",\"name\":\"Skali de Khatone - Savon au lait de ch\u00e8vre Yggdrasil - Alpenmarkt\",\"isPartOf\":{\"@id\":\"https:\\\/\\\/alpen-markt.ch\\\/fr\\\/#website\"},\"primaryImageOfPage\":{\"@id\":\"https:\\\/\\\/alpen-markt.ch\\\/fr\\\/produkt\\\/skali-de-khatone-savon-au-lait-de-chevre-yggdrasil\\\/#primaryimage\"},\"image\":{\"@id\":\"https:\\\/\\\/alpen-markt.ch\\\/fr\\\/produkt\\\/skali-de-khatone-savon-au-lait-de-chevre-yggdrasil\\\/#primaryimage\"},\"thumbnailUrl\":\"https:\\\/\\\/alpen-markt.ch\\\/wp-content\\\/uploads\\\/2025\\\/11\\\/d095f9d6-10fc-41eb-a435-90f9563f8267.png\",\"datePublished\":\"2025-11-25T15:50:24+00:00\",\"breadcrumb\":{\"@id\":\"https:\\\/\\\/alpen-markt.ch\\\/fr\\\/produkt\\\/skali-de-khatone-savon-au-lait-de-chevre-yggdrasil\\\/#breadcrumb\"},\"inLanguage\":\"fr-FR\",\"potentialAction\":[{\"@type\":\"ReadAction\",\"target\":[\"https:\\\/\\\/alpen-markt.ch\\\/fr\\\/produkt\\\/skali-de-khatone-savon-au-lait-de-chevre-yggdrasil\\\/\"]}]},{\"@type\":\"ImageObject\",\"inLanguage\":\"fr-FR\",\"@id\":\"https:\\\/\\\/alpen-markt.ch\\\/fr\\\/produkt\\\/skali-de-khatone-savon-au-lait-de-chevre-yggdrasil\\\/#primaryimage\",\"url\":\"https:\\\/\\\/alpen-markt.ch\\\/wp-content\\\/uploads\\\/2025\\\/11\\\/d095f9d6-10fc-41eb-a435-90f9563f8267.png\",\"contentUrl\":\"https:\\\/\\\/alpen-markt.ch\\\/wp-content\\\/uploads\\\/2025\\\/11\\\/d095f9d6-10fc-41eb-a435-90f9563f8267.png\",\"width\":500,\"height\":500},{\"@type\":\"BreadcrumbList\",\"@id\":\"https:\\\/\\\/alpen-markt.ch\\\/fr\\\/produkt\\\/skali-de-khatone-savon-au-lait-de-chevre-yggdrasil\\\/#breadcrumb\",\"itemListElement\":[{\"@type\":\"ListItem\",\"position\":1,\"name\":\"Startseite\",\"item\":\"https:\\\/\\\/alpen-markt.ch\\\/fr\\\/home\\\/\"},{\"@type\":\"ListItem\",\"position\":2,\"name\":\"Boutique en ligne\",\"item\":\"https:\\\/\\\/alpen-markt.ch\\\/fr\\\/boutique-en-ligne\\\/\"},{\"@type\":\"ListItem\",\"position\":3,\"name\":\"Skali de Khatone &#8211; Savon au lait de ch\u00e8vre Yggdrasil\"}]},{\"@type\":\"WebSite\",\"@id\":\"https:\\\/\\\/alpen-markt.ch\\\/fr\\\/#website\",\"url\":\"https:\\\/\\\/alpen-markt.ch\\\/fr\\\/\",\"name\":\"Alpenmarkt\",\"description\":\"\",\"publisher\":{\"@id\":\"https:\\\/\\\/alpen-markt.ch\\\/fr\\\/#organization\"},\"potentialAction\":[{\"@type\":\"SearchAction\",\"target\":{\"@type\":\"EntryPoint\",\"urlTemplate\":\"https:\\\/\\\/alpen-markt.ch\\\/fr\\\/?s={search_term_string}\"},\"query-input\":{\"@type\":\"PropertyValueSpecification\",\"valueRequired\":true,\"valueName\":\"search_term_string\"}}],\"inLanguage\":\"fr-FR\"},{\"@type\":\"Organization\",\"@id\":\"https:\\\/\\\/alpen-markt.ch\\\/fr\\\/#organization\",\"name\":\"Alpenmarkt\",\"url\":\"https:\\\/\\\/alpen-markt.ch\\\/fr\\\/\",\"logo\":{\"@type\":\"ImageObject\",\"inLanguage\":\"fr-FR\",\"@id\":\"https:\\\/\\\/alpen-markt.ch\\\/fr\\\/#\\\/schema\\\/logo\\\/image\\\/\",\"url\":\"https:\\\/\\\/alpen-markt.ch\\\/wp-content\\\/uploads\\\/2025\\\/11\\\/logo-alpenmarkt.png\",\"contentUrl\":\"https:\\\/\\\/alpen-markt.ch\\\/wp-content\\\/uploads\\\/2025\\\/11\\\/logo-alpenmarkt.png\",\"width\":1048,\"height\":452,\"caption\":\"Alpenmarkt\"},\"image\":{\"@id\":\"https:\\\/\\\/alpen-markt.ch\\\/fr\\\/#\\\/schema\\\/logo\\\/image\\\/\"}}]}<\/script>\n<!-- \/ Yoast SEO plugin. -->","yoast_head_json":{"title":"Skali de Khatone - Savon au lait de ch\u00e8vre Yggdrasil - Alpenmarkt","robots":{"index":"index","follow":"follow","max-snippet":"max-snippet:-1","max-image-preview":"max-image-preview:large","max-video-preview":"max-video-preview:-1"},"canonical":"https:\/\/alpen-markt.ch\/fr\/produkt\/skali-de-khatone-savon-au-lait-de-chevre-yggdrasil\/","og_locale":"fr_FR","og_type":"article","og_title":"Skali de Khatone - Savon au lait de ch\u00e8vre Yggdrasil - Alpenmarkt","og_description":"Yggdrasil &#8211; Savon solide artisanal au lait de ch\u00e8vre et \u00e0 l&rsquo;huile essentielle de pin Inspir\u00e9 d&rsquo;un arbre symbolique de la mythologie nordique, notre savon solide Yggdrasil au lait de ch\u00e8vre et \u00e0 l&rsquo;huile essentielle de pin offre une exp\u00e9rience rafra\u00eechissante et nourrissante pour le visage et le corps. Fabriqu\u00e9 \u00e0 la main et surgraiss\u00e9 [&hellip;]","og_url":"https:\/\/alpen-markt.ch\/fr\/produkt\/skali-de-khatone-savon-au-lait-de-chevre-yggdrasil\/","og_site_name":"Alpenmarkt","og_image":[{"width":500,"height":500,"url":"https:\/\/alpen-markt.ch\/wp-content\/uploads\/2025\/11\/d095f9d6-10fc-41eb-a435-90f9563f8267.png","type":"image\/png"}],"twitter_card":"summary_large_image","twitter_misc":{"Dur\u00e9e de lecture estim\u00e9e":"2 minutes"},"schema":{"@context":"https:\/\/schema.org","@graph":[{"@type":"WebPage","@id":"https:\/\/alpen-markt.ch\/fr\/produkt\/skali-de-khatone-savon-au-lait-de-chevre-yggdrasil\/","url":"https:\/\/alpen-markt.ch\/fr\/produkt\/skali-de-khatone-savon-au-lait-de-chevre-yggdrasil\/","name":"Skali de Khatone - Savon au lait de ch\u00e8vre Yggdrasil - Alpenmarkt","isPartOf":{"@id":"https:\/\/alpen-markt.ch\/fr\/#website"},"primaryImageOfPage":{"@id":"https:\/\/alpen-markt.ch\/fr\/produkt\/skali-de-khatone-savon-au-lait-de-chevre-yggdrasil\/#primaryimage"},"image":{"@id":"https:\/\/alpen-markt.ch\/fr\/produkt\/skali-de-khatone-savon-au-lait-de-chevre-yggdrasil\/#primaryimage"},"thumbnailUrl":"https:\/\/alpen-markt.ch\/wp-content\/uploads\/2025\/11\/d095f9d6-10fc-41eb-a435-90f9563f8267.png","datePublished":"2025-11-25T15:50:24+00:00","breadcrumb":{"@id":"https:\/\/alpen-markt.ch\/fr\/produkt\/skali-de-khatone-savon-au-lait-de-chevre-yggdrasil\/#breadcrumb"},"inLanguage":"fr-FR","potentialAction":[{"@type":"ReadAction","target":["https:\/\/alpen-markt.ch\/fr\/produkt\/skali-de-khatone-savon-au-lait-de-chevre-yggdrasil\/"]}]},{"@type":"ImageObject","inLanguage":"fr-FR","@id":"https:\/\/alpen-markt.ch\/fr\/produkt\/skali-de-khatone-savon-au-lait-de-chevre-yggdrasil\/#primaryimage","url":"https:\/\/alpen-markt.ch\/wp-content\/uploads\/2025\/11\/d095f9d6-10fc-41eb-a435-90f9563f8267.png","contentUrl":"https:\/\/alpen-markt.ch\/wp-content\/uploads\/2025\/11\/d095f9d6-10fc-41eb-a435-90f9563f8267.png","width":500,"height":500},{"@type":"BreadcrumbList","@id":"https:\/\/alpen-markt.ch\/fr\/produkt\/skali-de-khatone-savon-au-lait-de-chevre-yggdrasil\/#breadcrumb","itemListElement":[{"@type":"ListItem","position":1,"name":"Startseite","item":"https:\/\/alpen-markt.ch\/fr\/home\/"},{"@type":"ListItem","position":2,"name":"Boutique en ligne","item":"https:\/\/alpen-markt.ch\/fr\/boutique-en-ligne\/"},{"@type":"ListItem","position":3,"name":"Skali de Khatone &#8211; Savon au lait de ch\u00e8vre Yggdrasil"}]},{"@type":"WebSite","@id":"https:\/\/alpen-markt.ch\/fr\/#website","url":"https:\/\/alpen-markt.ch\/fr\/","name":"Alpenmarkt","description":"","publisher":{"@id":"https:\/\/alpen-markt.ch\/fr\/#organization"},"potentialAction":[{"@type":"SearchAction","target":{"@type":"EntryPoint","urlTemplate":"https:\/\/alpen-markt.ch\/fr\/?s={search_term_string}"},"query-input":{"@type":"PropertyValueSpecification","valueRequired":true,"valueName":"search_term_string"}}],"inLanguage":"fr-FR"},{"@type":"Organization","@id":"https:\/\/alpen-markt.ch\/fr\/#organization","name":"Alpenmarkt","url":"https:\/\/alpen-markt.ch\/fr\/","logo":{"@type":"ImageObject","inLanguage":"fr-FR","@id":"https:\/\/alpen-markt.ch\/fr\/#\/schema\/logo\/image\/","url":"https:\/\/alpen-markt.ch\/wp-content\/uploads\/2025\/11\/logo-alpenmarkt.png","contentUrl":"https:\/\/alpen-markt.ch\/wp-content\/uploads\/2025\/11\/logo-alpenmarkt.png","width":1048,"height":452,"caption":"Alpenmarkt"},"image":{"@id":"https:\/\/alpen-markt.ch\/fr\/#\/schema\/logo\/image\/"}}]}},"_links":{"self":[{"href":"https:\/\/alpen-markt.ch\/fr\/wp-json\/wp\/v2\/product\/3356","targetHints":{"allow":["GET"]}}],"collection":[{"href":"https:\/\/alpen-markt.ch\/fr\/wp-json\/wp\/v2\/product"}],"about":[{"href":"https:\/\/alpen-markt.ch\/fr\/wp-json\/wp\/v2\/types\/product"}],"wp:featuredmedia":[{"embeddable":true,"href":"https:\/\/alpen-markt.ch\/fr\/wp-json\/wp\/v2\/media\/3357"}],"wp:attachment":[{"href":"https:\/\/alpen-markt.ch\/fr\/wp-json\/wp\/v2\/media?parent=3356"}],"wp:term":[{"taxonomy":"product_brand","embeddable":true,"href":"https:\/\/alpen-markt.ch\/fr\/wp-json\/wp\/v2\/product_brand?post=3356"},{"taxonomy":"product_cat","embeddable":true,"href":"https:\/\/alpen-markt.ch\/fr\/wp-json\/wp\/v2\/product_cat?post=3356"},{"taxonomy":"product_tag","embeddable":true,"href":"https:\/\/alpen-markt.ch\/fr\/wp-json\/wp\/v2\/product_tag?post=3356"}],"curies":[{"name":"wp","href":"https:\/\/api.w.org\/{rel}","templated":true}]}}